{"id":10954,"date":"2022-06-05T19:26:15","date_gmt":"2022-06-05T19:26:15","guid":{"rendered":"https:\/\/www.anmeksan.com\/?page_id=10954"},"modified":"2022-06-05T19:31:33","modified_gmt":"2022-06-05T19:31:33","slug":"biyolojik-aritma-tesisi-teklif-formu","status":"publish","type":"page","link":"https:\/\/www.anmeksan.com\/ar\/biyolojik-aritma-tesisi-teklif-formu\/","title":{"rendered":"Biyolojik Ar\u0131tma Tesisi Teklif Formu"},"content":{"rendered":"<section class=\"l-section wpb_row height_small with_img\"><div class=\"l-section-img\" style=\"background-image: url(https:\/\/www.anmeksan.com\/wp-content\/uploads\/2022\/05\/anmeksan-paket-aritma-10.png);\" data-img-width=\"888\" data-img-height=\"500\"><\/div><div class=\"l-section-overlay\" style=\"background:rgba(0,47,102,0.80)\"><\/div><div class=\"l-section-h i-cf\"><div class=\"g-cols vc_row via_grid cols_2-1 laptops-cols_inherit tablets-cols_inherit mobiles-cols_1 valign_top type_default stacking_default\"><div class=\"wpb_column vc_column_container\"><div class=\"vc_column-inner\"><h2 class=\"w-post-elm post_title us_custom_ed05b3dd has_text_color align_left entry-title color_link_inherit\">Biyolojik Ar\u0131tma Tesisi Teklif Formu<\/h2><div class=\"w-html us_custom_6df4bc3a has_text_color\"><span><span><a href=\"https:\/\/www.anmeksan.com\/ar\/\">\u0627\u0644\u0635\u0641\u062d\u0629 \u0627\u0644\u0631\u0626\u064a\u0633\u064a\u0629<\/a><\/span><\/div><\/div><\/div><div class=\"wpb_column vc_column_container\"><div class=\"vc_column-inner\"><div class=\"w-image align_none\"><div class=\"w-image-h\"><img width=\"150\" height=\"50\" src=\"https:\/\/www.anmeksan.com\/wp-content\/uploads\/2022\/04\/anmeksan-kalite-iso.png\" class=\"attachment-full size-full\" alt=\"Anmeksan Kalite\" decoding=\"async\" \/><\/div><\/div><div class=\"w-separator size_custom\" style=\"height:3px\"><\/div><div class=\"w-image align_none\"><div class=\"w-image-h\"><img width=\"871\" height=\"160\" src=\"https:\/\/www.anmeksan.com\/wp-content\/uploads\/2014\/09\/turkey-anmeksan.png\" class=\"attachment-full size-full\" alt=\"Turkey Anmeksan\" decoding=\"async\" srcset=\"https:\/\/www.anmeksan.com\/wp-content\/uploads\/2014\/09\/turkey-anmeksan.png 871w, https:\/\/www.anmeksan.com\/wp-content\/uploads\/2014\/09\/turkey-anmeksan-300x55.png 300w, https:\/\/www.anmeksan.com\/wp-content\/uploads\/2014\/09\/turkey-anmeksan-200x37.png 200w\" sizes=\"(max-width: 871px) 100vw, 871px\" \/><\/div><\/div><\/div><\/div><\/div><\/div><\/section><section class=\"l-section wpb_row height_small\"><div class=\"l-section-h i-cf\"><div class=\"g-cols vc_row via_grid cols_1-3 laptops-cols_inherit tablets-cols_inherit mobiles-cols_1 valign_top type_default stacking_default\"><div class=\"wpb_column vc_column_container\"><div class=\"vc_column-inner\"><div class=\"w-menu layout_ver style_blocks us_menu_1\" style=\"--main-gap:5px;--main-ver-indent:0.8em;--main-hor-indent:0.8em;\"><ul id=\"menu-sol-ana-menu\" class=\"menu\"><li id=\"menu-item-8332\" class=\"menu-item menu-item-type-post_type menu-item-object-page menu-item-home menu-item-8332\"><a href=\"https:\/\/www.anmeksan.com\/ar\/\"><i class=\"_mi _before dashicons dashicons-arrow-right-alt2\" aria-hidden=\"true\"><\/i><span>\u0627\u0644\u0635\u0641\u062d\u0629 \u0627\u0644\u0631\u0626\u064a\u0633\u064a\u0629<\/span><\/a><\/li><li id=\"menu-item-8557\" class=\"menu-item menu-item-type-post_type menu-item-object-page menu-item-8557\"><a href=\"https:\/\/www.anmeksan.com\/ar\/services-ar\/\"><i class=\"_mi _before dashicons dashicons-arrow-right-alt2\" aria-hidden=\"true\"><\/i><span>\u062e\u062f\u0645\u0627\u062a\u0646\u0627<\/span><\/a><\/li><li id=\"menu-item-8333\" class=\"menu-item menu-item-type-post_type menu-item-object-page menu-item-8333\"><a href=\"https:\/\/www.anmeksan.com\/ar\/projeler\/\"><i class=\"_mi _before dashicons dashicons-arrow-right-alt2\" aria-hidden=\"true\"><\/i><span>\u0627\u0644\u0645\u0634\u0627\u0631\u064a\u0639<\/span><\/a><\/li><li id=\"menu-item-8911\" class=\"menu-item menu-item-type-taxonomy menu-item-object-category menu-item-8911\"><a href=\"https:\/\/www.anmeksan.com\/ar\/category\/haberler\/\"><i class=\"_mi _before dashicons dashicons-arrow-right-alt2\" aria-hidden=\"true\"><\/i><span>\u0623\u062e\u0628\u0627\u0631<\/span><\/a><\/li><li id=\"menu-item-8912\" class=\"menu-item menu-item-type-post_type menu-item-object-page menu-item-8912\"><a href=\"https:\/\/www.anmeksan.com\/ar\/blog\/\"><i class=\"_mi _before dashicons dashicons-arrow-right-alt2\" aria-hidden=\"true\"><\/i><span>\u0645\u0642\u0627\u0644\u0627\u062a<\/span><\/a><\/li><li id=\"menu-item-8338\" class=\"menu-item menu-item-type-post_type menu-item-object-page menu-item-8338\"><a href=\"https:\/\/www.anmeksan.com\/ar\/iletisim\/\"><i class=\"_mi _before dashicons dashicons-arrow-right-alt2\" aria-hidden=\"true\"><\/i><span>\u0627\u062a\u0635\u0627\u0644<\/span><\/a><\/li><\/ul><style>.us_menu_1 .menu>li>a{background:#e8e8e8}.us_menu_1 .menu>li>a{color:#002f66}.us_menu_1 .menu>.menu-item:not(.current-menu-item)>a:hover{background:#002f66}.us_menu_1 .menu>.menu-item:not(.current-menu-item)>a:hover{color:#ffffff}.us_menu_1 .menu>.current-menu-item>a{background:#00b032}.us_menu_1 .menu>.current-menu-item>a{color:#ffffff}@media ( max-width:600px ){.us_menu_1 .menu{display:block!important}.us_menu_1 .menu>li{margin:0 0 var(--main-gap,5px)!important}}<\/style><\/div><div class=\"w-separator size_custom\" style=\"height:10px\"><\/div><h3 style=\"text-align: left;font-family:Roboto;font-weight:500;font-style:normal\" class=\"vc_custom_heading us_custom_16c70a5a\" >ANMEKSAN IN THE WORLD !<\/h3><div class=\"w-separator size_custom\" style=\"height:10px\"><\/div><\/div><\/div><div class=\"wpb_column vc_column_container\"><div class=\"vc_column-inner\"><h1 style=\"text-align: left;font-family:Roboto;font-weight:500;font-style:normal\" class=\"vc_custom_heading us_custom_16c70a5a\" >B\u0130YOLOJ\u0130K ATIKSU ARITMA TES\u0130S\u0130 TEKL\u0130F FORMU<\/h1><div class=\"wpb_text_column\"><div class=\"wpb_wrapper\"><p>Online Teklif formunu kullan\u0131n, H\u0131zl\u0131 geri bildirim al\u0131n &#8230;<\/p>\n<\/div><\/div><form class=\"w-form  layout_ver for_cform us_form_1\" autocomplete=\"off\" action=\"https:\/\/www.anmeksan.com\/ar\/wp-json\/wp\/v2\/pages\/10954\" method=\"post\" data-trp-original-action=\"https:\/\/www.anmeksan.com\/ar\/wp-json\/wp\/v2\/pages\/10954\"><div class=\"w-form-h\"><div class=\"w-form-row for_text required\">\n\t\t<div class=\"w-form-row-field\">\n\t\t\t\t\t\t<input aria-label=\"\u0627\u0633\u0645 \u0648\u0644\u0642\u0628\" type=\"text\" name=\"us_form_1_text_1\" value placeholder=\"\u0627\u0633\u0645 \u0648\u0644\u0642\u0628 *\" data-required=\"true\" aria-required=\"true\"\/>\n\t\t\t<\/div>\n\t\t<div class=\"w-form-row-state\">Fill out this field<\/div>\n<\/div>\n<div class=\"w-form-row for_text required\">\n\t\t<div class=\"w-form-row-field\">\n\t\t\t\t\t\t<input aria-label=\"\u015eirketiniz\" type=\"text\" name=\"us_form_1_text_2\" value placeholder=\"\u015eirketiniz *\" data-required=\"true\" aria-required=\"true\"\/>\n\t\t\t<\/div>\n\t\t<div class=\"w-form-row-state\">Fill out this field<\/div>\n<\/div>\n<div class=\"w-form-row for_email required\">\n\t\t<div class=\"w-form-row-field\">\n\t\t\t\t\t\t<input aria-label=\"E-posta - \u015eirket Uzant\u0131l\u0131 Mail Adresi Yaz\u0131n\u0131z - \u00d6zel \/ \u015eahsi Mail Adresine Teklif \u0130letilmez !\" type=\"email\" name=\"us_form_1_email_1\" value placeholder=\"E-posta - \u015eirket Uzant\u0131l\u0131 Mail Adresi Yaz\u0131n\u0131z - \u00d6zel \/ \u015eahsi Mail Adresine Teklif \u0130letilmez ! *\" data-required=\"true\" aria-required=\"true\"\/>\n\t\t\t<\/div>\n\t\t<div class=\"w-form-row-state\">\u0627\u0644\u0631\u062c\u0627\u0621 \u0625\u062f\u062e\u0627\u0644 \u0639\u0646\u0648\u0627\u0646 \u0628\u0631\u064a\u062f \u0625\u0644\u0643\u062a\u0631\u0648\u0646\u064a \u0635\u0627\u0644\u062d.<\/div>\n<\/div>\n<div class=\"w-form-row for_text required\">\n\t\t<div class=\"w-form-row-field\">\n\t\t\t\t\t\t<input aria-label=\"\u0631\u0642\u0645 \u0627\u0644\u0647\u0627\u062a\u0641\" type=\"text\" name=\"us_form_1_text_3\" value placeholder=\"Telefon Numaras\u0131 *\" data-required=\"true\" aria-required=\"true\"\/>\n\t\t\t<\/div>\n\t\t<div class=\"w-form-row-state\">Fill out this field<\/div>\n<\/div>\n<div class=\"w-form-row for_select has_label cols_2\">\n\t\t\t<div class=\"w-form-row-label\">\n\t\t\t<span>\u0642\u0637\u0627\u0639<\/span>\n\t\t<\/div>\n\t\t<div class=\"w-form-row-field\">\n\t\t\t\t\t\t<select aria-label=\"\u0642\u0637\u0627\u0639\" name=\"us_form_1_select_1\">\n\t\t\t<option value=\"Evsel Biyolojik At\u0131ksu Ar\u0131tma Tesisi\">Evsel Biyolojik At\u0131ksu Ar\u0131tma Tesisi<\/option><option value=\"Kentsel Biyolojik At\u0131ksu Ar\u0131tma Tesisi\">Kentsel Biyolojik At\u0131ksu Ar\u0131tma Tesisi<\/option><option value=\"\u0130leri Biyolojik At\u0131ksu Ar\u0131tma Tesisi\">\u0130leri Biyolojik At\u0131ksu Ar\u0131tma Tesisi<\/option><option value=\"Di\u011fer ...\">Di\u011fer ...<\/option>\t\t<\/select>\n\t\t\t<\/div>\n\t\t\t<div class=\"w-form-row-description\">\n\t\t\tL\u00fctfen Proses Se\u00e7in !\t\t<\/div>\n\t\t<div class=\"w-form-row-state\">Select an option<\/div>\n<\/div>\n<div class=\"w-form-row for_text has_label cols_2\">\n\t\t\t<div class=\"w-form-row-label\">\n\t\t\t<span>DEB\u0130 (M3\/G\u00dcN)<\/span>\n\t\t<\/div>\n\t\t<div class=\"w-form-row-field\">\n\t\t\t\t\t\t<input aria-label=\"DEB\u0130 (M3\/G\u00dcN)\" type=\"text\" name=\"us_form_1_text_4\" value placeholder=\"L\u00fctfen Debi Belirtin ! (m3\/G\u00fcn)\"\/>\n\t\t\t<\/div>\n\t\t\t<div class=\"w-form-row-description\">\n\t\t\tL\u00fctfen Debi Belirtin ! (m3\/G\u00fcn)\t\t<\/div>\n\t\t<div class=\"w-form-row-state\">Fill out this field<\/div>\n<\/div>\n<div class=\"w-form-row for_checkboxes has_label cols_2\">\n\t\t\t<div class=\"w-form-row-label\">\n\t\t\t<span>PROJE LOKASYONU<\/span>\n\t\t<\/div>\n\t\t<div class=\"w-form-row-field\">\n\t\t\t\t\t<label>\n\t\t\t\t<input type=\"checkbox\" class=\"screen-reader-text\" name=\"us_form_1_checkboxes_1[]\" value=\"Yurt \u0130\u00e7i Proje\"\/>\n\t\t\t\t<span class=\"w-form-checkbox\"><\/span>\n\t\t\t\t<span>Yurt \u0130\u00e7i Proje<\/span>\n\t\t\t<\/label>\n\t\t\t\t\t\t<label>\n\t\t\t\t<input type=\"checkbox\" class=\"screen-reader-text\" name=\"us_form_1_checkboxes_1[]\" value=\"Yurt D\u0131\u015f\u0131 Proje\"\/>\n\t\t\t\t<span class=\"w-form-checkbox\"><\/span>\n\t\t\t\t<span>Yurt D\u0131\u015f\u0131 Proje<\/span>\n\t\t\t<\/label>\n\t\t\t\t<\/div>\n\t\t\t<div class=\"w-form-row-description\">\n\t\t\tL\u00fctfen Lokasyon Se\u00e7iniz !\t\t<\/div>\n\t\t<div class=\"w-form-row-state\">Select an option<\/div>\n<\/div>\n<div class=\"w-form-row for_text has_label cols_2\">\n\t\t\t<div class=\"w-form-row-label\">\n\t\t\t<span>\u00dcLKE \/ \u015eEH\u0130R<\/span>\n\t\t<\/div>\n\t\t<div class=\"w-form-row-field\">\n\t\t\t\t\t\t<input aria-label=\"\u00dcLKE \/ \u015eEH\u0130R\" type=\"text\" name=\"us_form_1_text_5\" value placeholder=\"L\u00fctfen \u00dclke veya \u015eehir Ad\u0131n\u0131 Belirtin !\"\/>\n\t\t\t<\/div>\n\t\t\t<div class=\"w-form-row-description\">\n\t\t\tL\u00fctfen \u00dclke veya \u015eehir Ad\u0131n\u0131 Belirtin !\t\t<\/div>\n\t\t<div class=\"w-form-row-state\">Fill out this field<\/div>\n<\/div>\n<div class=\"w-form-row for_textarea has_label\">\n\t\t\t<div class=\"w-form-row-label\">\n\t\t\t<span>\u062a\u0641\u0627\u0635\u064a\u0644 \u0627\u0644\u0645\u0634\u0631\u0648\u0639<\/span>\n\t\t<\/div>\n\t\t<div class=\"w-form-row-field\">\n\t\t\t\t\t\t<textarea aria-label=\"\u062a\u0641\u0627\u0635\u064a\u0644 \u0627\u0644\u0645\u0634\u0631\u0648\u0639\" name=\"us_form_1_textarea_1\" placeholder=\"Proje Bilgileri \/ \u00d6zeti ... (\u015eartname veya Teknik Bilgi F\u00f6y\u00fc Mevcutsa L\u00fctfen info@anmeksan.com adresine mail g\u00f6nderiniz.\"><\/textarea>\n\t\t\t<\/div>\n\t\t\t<div class=\"w-form-row-description\">\n\t\t\tProje hakk\u0131nda bilgi yaz\u0131n !\t\t<\/div>\n\t\t<div class=\"w-form-row-state\">Fill out this field<\/div>\n<\/div>\n<div class=\"w-form-row for_captcha required\">\n\t<div class=\"w-form-row-label\">\n\t\t<span> <span>30 - 4 = ?<\/span><\/span>\n\t<\/div>\n\t<div class=\"w-form-row-field\">\n\t\t\t\t<input type=\"hidden\" name=\"us_form_1_captcha_1_hash\" value=\"cdc8667ebcc9094fed0dd527921e2a78\" \/>\n\t\t\t\t<input aria-label=\"us_form_1_captcha_1\" type=\"text\" name=\"us_form_1_captcha_1\" placeholder data-required=\"true\" aria-required=\"true\"\/>\n\t\t\t<\/div>\n\t\t<div class=\"w-form-row-state\">Enter the equation result to proceed<\/div>\n<\/div>\n<input type=\"hidden\" name=\"action\" value=\"us_ajax_cform\" \/>\n<input type=\"hidden\" name=\"post_id\" value=\"0\" \/>\n<input type=\"hidden\" name=\"form_index\" value=\"1\" \/>\n<div class=\"w-form-row for_submit align_none\">\n\t<div class=\"w-form-row-field\">\n\t\t<button class=\"w-btn icon_atleft us-btn-style_6\" aria-label=\"BA\u015eVURUYU G\u00d6NDER\" type=\"submit\">\n\t\t\t<span class=\"g-preloader type_1\"><\/span>\n\t\t\t\t\t\t<span class=\"w-btn-label\">BA\u015eVURUYU G\u00d6NDER<\/span>\n\t\t\t<i class=\"fas fa-paper-plane\"><\/i>\t\t<\/button>\n\t<\/div>\n<\/div>\n<\/div><div class=\"w-form-message\"><\/div><div class=\"w-form-json hidden\" onclick='return {&quot;ajaxurl&quot;:&quot;https:\\\/\\\/www.anmeksan.com\\\/wp-admin\\\/admin-ajax.php&quot;}'><\/div><input type=\"hidden\" name=\"trp-form-language\" value=\"ar\"\/><\/form><\/div><\/div><\/div><\/div><\/section>","protected":false},"excerpt":{"rendered":"Biyolojik Ar\u0131tma Tesisi Teklif FormuAna SayfaAna SayfaHizmetlerimizProjelerHaberlerBlog\u0130leti\u015fimANMEKSAN IN THE WORLD !B\u0130YOLOJ\u0130K ATIKSU ARITMA TES\u0130S\u0130 TEKL\u0130F FORMUOnline Teklif formunu kullan\u0131n, H\u0131zl\u0131 geri bildirim al\u0131n &#8230; Fill out this field Fill out this field \u0627\u0644\u0631\u062c\u0627\u0621 \u0625\u062f\u062e\u0627\u0644 \u0639\u0646\u0648\u0627\u0646 \u0628\u0631\u064a\u062f \u0625\u0644\u0643\u062a\u0631\u0648\u0646\u064a \u0635\u0627\u0644\u062d. Fill out this field SEKT\u00d6R Evsel Biyolojik At\u0131ksu Ar\u0131tma TesisiKentsel Biyolojik At\u0131ksu Ar\u0131tma Tesisi\u0130leri Biyolojik At\u0131ksu Ar\u0131tma...","protected":false},"author":1,"featured_media":0,"parent":0,"menu_order":0,"comment_status":"closed","ping_status":"closed","template":"","meta":{"inline_featured_image":false},"acf":[],"yoast_head":"<!-- This site is optimized with the Yoast SEO Premium plugin v18.7 (Yoast SEO v19.4) - https:\/\/yoast.com\/wordpress\/plugins\/seo\/ -->\n<title>Biyolojik Ar\u0131tma Tesisi Teklif Formu - Anmeksan Ar\u0131tma A.\u015e<\/title>\n<meta name=\"description\" content=\"Biyolojik Ar\u0131tma Tesisi Teklif Formu, mezbaha ar\u0131tma teklifi, evsel at\u0131ksu ar\u0131tma teklifi, kanalizasyon ar\u0131tma teklifi, paket ar\u0131tma,\" \/>\n<meta name=\"robots\" content=\"index, follow, max-snippet:-1, max-image-preview:large, max-video-preview:-1\" \/>\n<link rel=\"canonical\" href=\"https:\/\/www.anmeksan.com\/ar\/biyolojik-aritma-tesisi-teklif-formu\/\" \/>\n<meta property=\"og:locale\" content=\"ar_AR\" \/>\n<meta property=\"og:type\" content=\"article\" \/>\n<meta property=\"og:title\" content=\"Biyolojik Ar\u0131tma Tesisi Teklif Formu\" \/>\n<meta property=\"og:description\" content=\"Biyolojik Ar\u0131tma Tesisi Teklif Formu, mezbaha ar\u0131tma teklifi, evsel at\u0131ksu ar\u0131tma teklifi, kanalizasyon ar\u0131tma teklifi, paket ar\u0131tma,\" \/>\n<meta property=\"og:url\" content=\"https:\/\/www.anmeksan.com\/ar\/biyolojik-aritma-tesisi-teklif-formu\/\" \/>\n<meta property=\"og:site_name\" content=\"Anmeksan Ar\u0131tma A.\u015e\" \/>\n<meta property=\"article:publisher\" content=\"https:\/\/www.facebook.com\/anmeksan.aritmaas\" \/>\n<meta property=\"article:modified_time\" content=\"2022-06-05T19:31:33+00:00\" \/>\n<meta name=\"twitter:card\" content=\"summary_large_image\" \/>\n<meta name=\"twitter:site\" content=\"@anmeksan\" \/>\n<meta name=\"twitter:label1\" content=\"\u0648\u0642\u062a \u0627\u0644\u0642\u0631\u0627\u0621\u0629 \u0627\u0644\u0645\u064f\u0642\u062f\u0651\u0631\" \/>\n\t<meta name=\"twitter:data1\" content=\"4 \u062f\u0642\u0627\u0626\u0642\" \/>\n<!-- \/ Yoast SEO Premium plugin. -->","yoast_head_json":{"title":"Biyolojik Ar\u0131tma Tesisi Teklif Formu - Anmeksan Ar\u0131tma A.\u015e","description":"Biyolojik Ar\u0131tma Tesisi Teklif Formu, mezbaha ar\u0131tma teklifi, evsel at\u0131ksu ar\u0131tma teklifi, kanalizasyon ar\u0131tma teklifi, paket ar\u0131tma,","robots":{"index":"index","follow":"follow","max-snippet":"max-snippet:-1","max-image-preview":"max-image-preview:large","max-video-preview":"max-video-preview:-1"},"canonical":"https:\/\/www.anmeksan.com\/ar\/biyolojik-aritma-tesisi-teklif-formu\/","og_locale":"ar_AR","og_type":"article","og_title":"Biyolojik Ar\u0131tma Tesisi Teklif Formu","og_description":"Biyolojik Ar\u0131tma Tesisi Teklif Formu, mezbaha ar\u0131tma teklifi, evsel at\u0131ksu ar\u0131tma teklifi, kanalizasyon ar\u0131tma teklifi, paket ar\u0131tma,","og_url":"https:\/\/www.anmeksan.com\/ar\/biyolojik-aritma-tesisi-teklif-formu\/","og_site_name":"Anmeksan Ar\u0131tma A.\u015e","article_publisher":"https:\/\/www.facebook.com\/anmeksan.aritmaas","article_modified_time":"2022-06-05T19:31:33+00:00","twitter_card":"summary_large_image","twitter_site":"@anmeksan","twitter_misc":{"\u0648\u0642\u062a \u0627\u0644\u0642\u0631\u0627\u0621\u0629 \u0627\u0644\u0645\u064f\u0642\u062f\u0651\u0631":"4 \u062f\u0642\u0627\u0626\u0642"},"schema":{"@context":"https:\/\/schema.org","@graph":[{"@type":"Organization","@id":"https:\/\/www.anmeksan.com\/#organization","name":"Anmeksan Ar\u0131tma A.\u015e","url":"https:\/\/www.anmeksan.com\/","sameAs":["https:\/\/www.facebook.com\/anmeksan.aritmaas","https:\/\/twitter.com\/anmeksan"],"logo":{"@type":"ImageObject","inLanguage":"ar","@id":"https:\/\/www.anmeksan.com\/#\/schema\/logo\/image\/","url":"https:\/\/www.anmeksan.com\/wp-content\/uploads\/2022\/04\/logo.svg","contentUrl":"https:\/\/www.anmeksan.com\/wp-content\/uploads\/2022\/04\/logo.svg","width":"1024","height":"1024","caption":"Anmeksan Ar\u0131tma A.\u015e"},"image":{"@id":"https:\/\/www.anmeksan.com\/#\/schema\/logo\/image\/"}},{"@type":"WebSite","@id":"https:\/\/www.anmeksan.com\/#website","url":"https:\/\/www.anmeksan.com\/","name":"Anmeksan Ar\u0131tma A.\u015e","description":"Paket Ar\u0131tma Sistemleri, MBR ve MBBR Ar\u0131tma","publisher":{"@id":"https:\/\/www.anmeksan.com\/#organization"},"potentialAction":[{"@type":"SearchAction","target":{"@type":"EntryPoint","urlTemplate":"https:\/\/www.anmeksan.com\/?s={search_term_string}"},"query-input":"required name=search_term_string"}],"inLanguage":"ar"},{"@type":"WebPage","@id":"https:\/\/www.anmeksan.com\/biyolojik-aritma-tesisi-teklif-formu\/","url":"https:\/\/www.anmeksan.com\/biyolojik-aritma-tesisi-teklif-formu\/","name":"Biyolojik Ar\u0131tma Tesisi Teklif Formu - Anmeksan Ar\u0131tma A.\u015e","isPartOf":{"@id":"https:\/\/www.anmeksan.com\/#website"},"datePublished":"2022-06-05T19:26:15+00:00","dateModified":"2022-06-05T19:31:33+00:00","description":"Biyolojik Ar\u0131tma Tesisi Teklif Formu, mezbaha ar\u0131tma teklifi, evsel at\u0131ksu ar\u0131tma teklifi, kanalizasyon ar\u0131tma teklifi, paket ar\u0131tma,","breadcrumb":{"@id":"https:\/\/www.anmeksan.com\/biyolojik-aritma-tesisi-teklif-formu\/#breadcrumb"},"inLanguage":"ar","potentialAction":[{"@type":"ReadAction","target":["https:\/\/www.anmeksan.com\/biyolojik-aritma-tesisi-teklif-formu\/"]}]},{"@type":"BreadcrumbList","@id":"https:\/\/www.anmeksan.com\/biyolojik-aritma-tesisi-teklif-formu\/#breadcrumb","itemListElement":[{"@type":"ListItem","position":1,"name":"Ana Sayfa","item":"https:\/\/www.anmeksan.com\/"},{"@type":"ListItem","position":2,"name":"Biyolojik Ar\u0131tma Tesisi Teklif Formu"}]}]}},"_links":{"self":[{"href":"https:\/\/www.anmeksan.com\/ar\/wp-json\/wp\/v2\/pages\/10954"}],"collection":[{"href":"https:\/\/www.anmeksan.com\/ar\/wp-json\/wp\/v2\/pages"}],"about":[{"href":"https:\/\/www.anmeksan.com\/ar\/wp-json\/wp\/v2\/types\/page"}],"author":[{"embeddable":true,"href":"https:\/\/www.anmeksan.com\/ar\/wp-json\/wp\/v2\/users\/1"}],"replies":[{"embeddable":true,"href":"https:\/\/www.anmeksan.com\/ar\/wp-json\/wp\/v2\/comments?post=10954"}],"version-history":[{"count":0,"href":"https:\/\/www.anmeksan.com\/ar\/wp-json\/wp\/v2\/pages\/10954\/revisions"}],"wp:attachment":[{"href":"https:\/\/www.anmeksan.com\/ar\/wp-json\/wp\/v2\/media?parent=10954"}],"curies":[{"name":"wp","href":"https:\/\/api.w.org\/{rel}","templated":true}]}}