{"id":10036,"date":"2022-05-10T21:35:42","date_gmt":"2022-05-10T21:35:42","guid":{"rendered":"https:\/\/www.anmeksan.com\/?page_id=10036"},"modified":"2022-06-11T04:48:18","modified_gmt":"2022-06-11T04:48:18","slug":"distan-akisli-tambur-elek","status":"publish","type":"page","link":"https:\/\/www.anmeksan.com\/az\/mekanik-ekipmanlar-az\/distan-akisli-tambur-elek\/","title":{"rendered":"Xarici Ax\u0131n Baraban Ekran\u0131"},"content":{"rendered":"<section class=\"l-section wpb_row height_medium with_img\"><div class=\"l-section-img\" style=\"background-image: url(https:\/\/www.anmeksan.com\/wp-content\/uploads\/2022\/05\/uretim.jpg);\" data-img-width=\"1300\" data-img-height=\"458\"><\/div><div class=\"l-section-h i-cf\"><div class=\"g-cols vc_row via_grid cols_2-1 laptops-cols_inherit tablets-cols_inherit mobiles-cols_1 valign_top type_default stacking_default\"><div class=\"wpb_column vc_column_container\"><div class=\"vc_column-inner\"><h2 class=\"w-post-elm post_title us_custom_ed05b3dd has_text_color align_left entry-title color_link_inherit\">Xarici Ax\u0131n Baraban Ekran\u0131<\/h2><div class=\"w-html us_custom_6df4bc3a has_text_color\"><span><span><a href=\"https:\/\/www.anmeksan.com\/az\/\">\u018fsas S\u0259hif\u0259<\/a><\/span><\/div><div class=\"w-separator size_custom\" style=\"height:20px\"><\/div><\/div><\/div><div class=\"wpb_column vc_column_container\"><div class=\"vc_column-inner\"><div class=\"w-image align_none\"><div class=\"w-image-h\"><img width=\"150\" height=\"50\" src=\"https:\/\/www.anmeksan.com\/wp-content\/uploads\/2022\/04\/anmeksan-kalite-iso.png\" class=\"attachment-large size-large\" alt=\"Anmeksan Kalite\" decoding=\"async\" \/><\/div><\/div><div class=\"w-separator size_custom\" style=\"height:3px\"><\/div><div class=\"w-image align_none\"><div class=\"w-image-h\"><img width=\"300\" height=\"50\" src=\"https:\/\/www.anmeksan.com\/wp-content\/uploads\/2014\/09\/banner-ust-uyelik.png\" class=\"attachment-large size-large\" alt=\"Banner \u00dcyelik\" decoding=\"async\" srcset=\"https:\/\/www.anmeksan.com\/wp-content\/uploads\/2014\/09\/banner-ust-uyelik.png 300w, https:\/\/www.anmeksan.com\/wp-content\/uploads\/2014\/09\/banner-ust-uyelik-200x33.png 200w\" sizes=\"(max-width: 300px) 100vw, 300px\" \/><\/div><\/div><\/div><\/div><\/div><\/div><\/section><section class=\"l-section wpb_row height_medium\"><div class=\"l-section-h i-cf\"><div class=\"g-cols vc_row via_grid cols_1-3 laptops-cols_inherit tablets-cols_inherit mobiles-cols_1 valign_top type_default stacking_default\"><div class=\"wpb_column vc_column_container\"><div class=\"vc_column-inner\"><div class=\"w-menu layout_ver style_blocks us_menu_1\" style=\"--main-gap:5px;--main-ver-indent:0.8em;--main-hor-indent:0.8em;\"><ul id=\"menu-on-aritma-ekipmanlari\" class=\"menu\"><li id=\"menu-item-10112\" class=\"menu-item menu-item-type-post_type menu-item-object-page menu-item-10112\"><a href=\"https:\/\/www.anmeksan.com\/az\/mekanik-ekipmanlar-az\/mekanik-izgaralar\/\"><i class=\"_mi _before dashicons dashicons-arrow-right-alt2\" aria-hidden=\"true\"><\/i><span>Mexanik Izgaralar<\/span><\/a><\/li><li id=\"menu-item-10111\" class=\"menu-item menu-item-type-post_type menu-item-object-page menu-item-10111\"><a href=\"https:\/\/www.anmeksan.com\/az\/mekanik-ekipmanlar-az\/icten-akisli-tambur-elek\/\"><i class=\"_mi _before dashicons dashicons-arrow-right-alt2\" aria-hidden=\"true\"><\/i><span>Daxili Ax\u0131n Baraban Ekran\u0131<\/span><\/a><\/li><li id=\"menu-item-10109\" class=\"menu-item menu-item-type-post_type menu-item-object-page menu-item-10109\"><a href=\"https:\/\/www.anmeksan.com\/az\/mekanik-ekipmanlar-az\/distan-akisli-tambur-elek\/\"><i class=\"_mi _before dashicons dashicons-arrow-right-alt2\" aria-hidden=\"true\"><\/i><span>Xarici Ax\u0131n Baraban Ekran\u0131<\/span><\/a><\/li><li id=\"menu-item-10110\" class=\"menu-item menu-item-type-post_type menu-item-object-page menu-item-10110\"><a href=\"https:\/\/www.anmeksan.com\/az\/mekanik-ekipmanlar-az\/statik-elek-izgaralar\/\"><i class=\"_mi _before dashicons dashicons-arrow-right-alt2\" aria-hidden=\"true\"><\/i><span>Statik Ekran<\/span><\/a><\/li><li id=\"menu-item-10113\" class=\"menu-item menu-item-type-post_type menu-item-object-page menu-item-10113\"><a href=\"https:\/\/www.anmeksan.com\/az\/mekanik-ekipmanlar-az\/sepet-izgaralar\/\"><i class=\"_mi _before dashicons dashicons-arrow-right-alt2\" aria-hidden=\"true\"><\/i><span>S\u0259b\u0259t Ekran\u0131<\/span><\/a><\/li><\/ul><style>.us_menu_1 .menu>li>a{background:#e8e8e8}.us_menu_1 .menu>li>a{color:#002f66}.us_menu_1 .menu>.menu-item:not(.current-menu-item)>a:hover{background:#002f66}.us_menu_1 .menu>.menu-item:not(.current-menu-item)>a:hover{color:#ffffff}.us_menu_1 .menu>.current-menu-item>a{background:#00b032}.us_menu_1 .menu>.current-menu-item>a{color:#ffffff}@media ( max-width:600px ){.us_menu_1 .menu{display:block!important}.us_menu_1 .menu>li{margin:0 0 var(--main-gap,5px)!important}}<\/style><\/div><div class=\"w-separator size_custom\" style=\"height:10px\"><\/div><div class=\"w-menu layout_ver style_blocks us_menu_2\" style=\"--main-gap:5px;--main-ver-indent:0.8em;--main-hor-indent:0.8em;\"><ul id=\"menu-ekipmanlar-menu\" class=\"menu\"><li id=\"menu-item-10018\" class=\"menu-item menu-item-type-post_type menu-item-object-page menu-item-10018\"><a href=\"https:\/\/www.anmeksan.com\/az\/mekanik-ekipmanlar-az\/\"><i class=\"_mi _before dashicons dashicons-admin-home\" aria-hidden=\"true\"><\/i><span>B\u00fct\u00fcn Avadanl\u0131qlar<\/span><\/a><\/li><\/ul><style>.us_menu_2 .menu>li>a{background:#002f66}.us_menu_2 .menu>li>a{color:#ffffff}.us_menu_2 .menu>.menu-item:not(.current-menu-item)>a:hover{background:#00abbc}.us_menu_2 .menu>.menu-item:not(.current-menu-item)>a:hover{color:#ffffff}.us_menu_2 .menu>.current-menu-item>a{background:#00b032}.us_menu_2 .menu>.current-menu-item>a{color:#ffffff}@media ( max-width:600px ){.us_menu_2 .menu{display:block!important}.us_menu_2 .menu>li{margin:0 0 var(--main-gap,5px)!important}}<\/style><\/div><div class=\"w-separator size_custom\" style=\"height:10px\"><\/div><div class=\"w-sharing type_solid align_center color_default\"><div class=\"w-sharing-list\" data-content-image=\"true\"><a class=\"w-sharing-item email\" href=\"mailto:?subject=D\u0131\u015ftan Ak\u0131\u015fl\u0131 Tambur Elek&amp;body=https:\/\/www.anmeksan.com\/az\/wp-json\/wp\/v2\/pages\/10036\" title=\"Email this\" aria-label=\"Email this\"><i class=\"fas fa-envelope\"><\/i><\/a><a class=\"w-sharing-item facebook\" href=\"https:\/\/www.facebook.com\/sharer\/sharer.php?u=https:\/\/www.anmeksan.com\/az\/wp-json\/wp\/v2\/pages\/10036&amp;quote=D\u0131\u015ftan Ak\u0131\u015fl\u0131 Tambur Elek\" title=\"Share this\" aria-label=\"Share this\" onclick=\"window.open(this.href, &quot;facebook&quot;, &quot;toolbar=0,width=900,height=500&quot;); return false;\"><i class=\"fab fa-facebook\"><\/i><\/a><a class=\"w-sharing-item twitter\" href=\"https:\/\/twitter.com\/intent\/tweet?text=D\u0131\u015ftan Ak\u0131\u015fl\u0131 Tambur Elek&amp;url=https:\/\/www.anmeksan.com\/az\/wp-json\/wp\/v2\/pages\/10036\" title=\"Tweet this\" aria-label=\"Tweet this\" onclick=\"window.open(this.href, &quot;twitter&quot;, &quot;toolbar=0,width=650,height=360&quot;); return false;\"><i class=\"fab fa-twitter\"><\/i><\/a><a class=\"w-sharing-item linkedin\" href=\"https:\/\/www.linkedin.com\/shareArticle?mini=true&amp;url=https:\/\/www.anmeksan.com\/az\/wp-json\/wp\/v2\/pages\/10036\" title=\"Share this\" aria-label=\"Share this\" onclick=\"window.open(this.href, &quot;linkedin&quot;, &quot;toolbar=no,width=550,height=550&quot;); return false;\"><i class=\"fab fa-linkedin\"><\/i><\/a><a class=\"w-sharing-item whatsapp\" href=\"https:\/\/web.whatsapp.com\/send?text=D\u0131\u015ftan Ak\u0131\u015fl\u0131 Tambur Elek https:\/\/www.anmeksan.com\/az\/wp-json\/wp\/v2\/pages\/10036\" title=\"Share this\" aria-label=\"Share this\" onclick=\"window.open(this.href, &quot;whatsapp&quot;, &quot;toolbar=0,width=900,height=500&quot;); return false;\"><i class=\"fab fa-whatsapp\"><\/i><\/a><\/div><\/div><\/div><\/div><div class=\"wpb_column vc_column_container\"><div class=\"vc_column-inner\"><h1 style=\"color: #565656;text-align: left;font-family:Roboto;font-weight:900;font-style:normal\" class=\"vc_custom_heading us_custom_16c70a5a\" >DI\u015eTAN AKI\u015eLI TAMBUR ELEK<\/h1><div class=\"w-separator size_custom\" style=\"height:10px\"><\/div><div class=\"wpb_text_column\"><div class=\"wpb_wrapper\"><p>D\u0131\u015ftan Ak\u0131\u015fl\u0131 Tambur Elek ; At\u0131ksu i\u00e7erisinde yer alan kat\u0131 malzemelerin ve partik\u00fcllerin tutulmas\u0131 ve otomatik olarak sistemden uzakla\u015ft\u0131r\u0131lmas\u0131n\u0131 sa\u011flayan &#8221; Tambur Elekler &#8221; AISI304 \/ 316 Paslanmaz \u00e7elikten 0,5 mm ve 5 mm aral\u0131\u011f\u0131nda \u00fcretimi yap\u0131labilmektedir. Sisteme (opsiyonel) g\u00f6zeneklerin a\u00e7\u0131k halde tutulmas\u0131 i\u00e7in otomatik y\u0131kama sistemi eklenmektedir.<\/p>\n<p>Tambur Elekler ; End\u00fcstriyel at\u0131ksu ar\u0131tma tesislerinde \u00fcst\u00fcn ar\u0131tma de\u011ferlerini sa\u011flamak ve sistemde bulunan ar\u0131tma ekipmanlar\u0131n\u0131n kat\u0131 malzeme nedeni ile ar\u0131zalanmas\u0131 i\u00e7in kullan\u0131lmaktad\u0131rlar.<\/p>\n<\/div><\/div><div class=\"w-separator size_medium\"><\/div><div class=\"g-cols wpb_row via_grid cols_1 laptops-cols_inherit tablets-cols_inherit mobiles-cols_1 valign_top type_default stacking_default\"><div class=\"wpb_column vc_column_container\"><div class=\"vc_column-inner\"><h2 style=\"color: #565656;text-align: left;font-family:Roboto;font-weight:500;font-style:normal\" class=\"vc_custom_heading us_custom_16c70a5a\" >\u00dcMUM\u0130 X\u00dcSUS\u0130YY\u018fTL\u018fR<\/h2><div class=\"w-tabs layout_hor style_default switch_click has_scrolling\" style=\"--sections-title-size:1em\"><div class=\"w-tabs-list items_4 align_justify\"><div class=\"w-tabs-list-h\"><a class=\"w-tabs-item active with_icon\" aria-controls=\"content-peb2\" href=\"javascript:void(0);\"><i class=\"fas fa-conveyor-belt-alt\"><\/i><span class=\"w-tabs-item-title\">\u018fM\u018fL\u0130YYAT<\/span><\/a><a class=\"w-tabs-item with_icon\" aria-controls=\"content-i04b\" href=\"javascript:void(0);\"><i class=\"fas fa-list-alt\"><\/i><span class=\"w-tabs-item-title\">X\u00dcSUS\u0130YY\u018fTL\u018fR\u0130<\/span><\/a><a class=\"w-tabs-item with_icon\" aria-controls=\"content-ue8b\" href=\"javascript:void(0);\"><i class=\"fas fa-images\"><\/i><span class=\"w-tabs-item-title\">\u015e\u018fK\u0130LL\u018fR<\/span><\/a><a class=\"w-tabs-item with_icon\" aria-controls=\"content-rf88\" href=\"javascript:void(0);\"><i class=\"fas fa-books\"><\/i><span class=\"w-tabs-item-title\">S\u018fN\u018fDL\u018fR<\/span><\/a><\/div><\/div><div class=\"w-tabs-sections titles-align_none icon_plus cpos_right\"><div class=\"w-tabs-section active\" id=\"peb2\"><button aria-controls=\"content-peb2\" class=\"w-tabs-section-header active with_icon\"><i class=\"fas fa-conveyor-belt-alt\"><\/i><div class=\"w-tabs-section-title\">\u018fM\u018fL\u0130YYAT<\/div><div class=\"w-tabs-section-control\"><\/div><\/button><div  class=\"w-tabs-section-content\" id=\"content-peb2\" aria-expanded=\"true\"><div class=\"w-tabs-section-content-h i-cf\"><div class=\"wpb_text_column\"><div class=\"wpb_wrapper\"><p>At\u0131ksu dalg\u0131\u00e7 pompas\u0131 yard\u0131m\u0131 ile flan\u015f ba\u011flant\u0131l\u0131 tambur elek giri\u015f yap\u0131s\u0131na bas\u0131n\u00e7 alt\u0131nda at\u0131ksu transfer edilir. At\u0131ksu \u00fcnite i\u00e7erisinde yer alan \u00e7arpma perdesine \u00e7arparak tambur \u00fczerine akar, Hareket halindeki d\u00f6nen 0.5 veya 5 mm olarak tasarlanan tambur g\u00f6zeneklerinden kat\u0131 malzemeden ar\u0131nd\u0131r\u0131lm\u0131\u015f at\u0131k su \u00e7\u0131k\u0131\u015f flan\u015f\u0131 ile sisteme devam eder, Tambur i\u00e7erinde kalan kat\u0131 malzemeler helezon yard\u0131m\u0131 ile d\u0131\u015far\u0131 aktar\u0131l\u0131r.<\/p>\n<\/div><\/div><\/div><\/div><\/div><div class=\"w-tabs-section\" id=\"i04b\"><button aria-controls=\"content-i04b\" class=\"w-tabs-section-header with_icon\"><i class=\"fas fa-list-alt\"><\/i><div class=\"w-tabs-section-title\">X\u00dcSUS\u0130YY\u018fTL\u018fR\u0130<\/div><div class=\"w-tabs-section-control\"><\/div><\/button><div  class=\"w-tabs-section-content\" id=\"content-i04b\" aria-expanded=\"false\"><div class=\"w-tabs-section-content-h i-cf\"><div class=\"wpb_text_column\"><div class=\"wpb_wrapper\"><ul>\n<li><strong>Material:<\/strong> AISI 304 \/ 316 Paslanmayan Polad<\/li>\n<li><strong>Ekran diapazonu:<\/strong> 0.5 mm &#8211; 5 mm<\/li>\n<li><strong>N\u0259zar\u0259t:<\/strong> Avtomatik<\/li>\n<li><strong>Konteyner:<\/strong> K\u00f6n\u00fcll\u00fc<\/li>\n<\/ul>\n<\/div><\/div><\/div><\/div><\/div><div class=\"w-tabs-section\" id=\"ue8b\"><button aria-controls=\"content-ue8b\" class=\"w-tabs-section-header with_icon\"><i class=\"fas fa-images\"><\/i><div class=\"w-tabs-section-title\">\u015e\u018fK\u0130LL\u018fR<\/div><div class=\"w-tabs-section-control\"><\/div><\/button><div  class=\"w-tabs-section-content\" id=\"content-ue8b\" aria-expanded=\"false\"><div class=\"w-tabs-section-content-h i-cf\"><div class=\"w-grid type_grid layout_gallery_default cols_4\" id=\"us_grid_1\" data-filterable=\"true\"><style>#us_grid_1 .w-grid-item{padding:5px}#us_grid_1 .w-grid-list{margin:-5px}.w-grid + #us_grid_1 .w-grid-list,.w-grid-none + #us_grid_1 .w-grid-list{margin-top:5px}@media (max-width:1199px){#us_grid_1 .w-grid-item{width:33.3333%}}@media (max-width:899px){#us_grid_1 .w-grid-item{width:50%}}@media (max-width:599px){#us_grid_1 .w-grid-list{margin:0}#us_grid_1 .w-grid-item{width:100%;padding:0;margin-bottom:5px}}.layout_gallery_default .w-grid-item-h{}<\/style><div class=\"w-grid-list\">\t<article class=\"w-grid-item post-8107 attachment type-attachment status-inherit hentry\" data-id=\"8107\">\n\t\t<div class=\"w-grid-item-h\">\n\t\t\t\t\t\t\t<a class=\"w-grid-item-anchor\" href=\"https:\/\/www.anmeksan.com\/wp-content\/uploads\/2014\/09\/gorsel-hazirlaniyor-anmeksan.png\" ref=\"magnificPopupGrid\" title=\"G\u00f6rsel Haz\u0131rlan\u0131yor\"><\/a>\n\t\t\t\t\t\t<div class=\"w-post-elm post_image usg_post_image_1 stretched\"><img width=\"760\" height=\"400\" src=\"https:\/\/www.anmeksan.com\/wp-content\/uploads\/2014\/09\/gorsel-hazirlaniyor-anmeksan.png\" class=\"attachment-us_600_600_crop size-us_600_600_crop\" alt=\"G\u00f6rsel Haz\u0131rlan\u0131yor\" decoding=\"async\" srcset=\"https:\/\/www.anmeksan.com\/wp-content\/uploads\/2014\/09\/gorsel-hazirlaniyor-anmeksan.png 760w, https:\/\/www.anmeksan.com\/wp-content\/uploads\/2014\/09\/gorsel-hazirlaniyor-anmeksan-300x158.png 300w, https:\/\/www.anmeksan.com\/wp-content\/uploads\/2014\/09\/gorsel-hazirlaniyor-anmeksan-200x105.png 200w, https:\/\/www.anmeksan.com\/wp-content\/uploads\/2014\/09\/gorsel-hazirlaniyor-anmeksan-190x100.png 190w\" sizes=\"(max-width: 760px) 100vw, 760px\" \/><\/div>\t\t<\/div>\n\t<\/article>\n<\/div><div class=\"w-grid-preloader\"><div class=\"g-preloader type_1\">\n\t<div><\/div>\n<\/div>\n<\/div>\t<div class=\"w-grid-json hidden\" onclick='return {&quot;action&quot;:&quot;us_ajax_grid&quot;,&quot;ajax_url&quot;:&quot;https:\\\/\\\/www.anmeksan.com\\\/wp-admin\\\/admin-ajax.php&quot;,&quot;infinite_scroll&quot;:0,&quot;max_num_pages&quot;:1,&quot;pagination&quot;:&quot;none&quot;,&quot;permalink_url&quot;:&quot;https:\\\/\\\/www.anmeksan.com\\\/az\\\/wp-json\\\/wp\\\/v2\\\/pages\\\/10036&quot;,&quot;template_vars&quot;:{&quot;columns&quot;:&quot;4&quot;,&quot;exclude_items&quot;:&quot;none&quot;,&quot;img_size&quot;:&quot;default&quot;,&quot;ignore_items_size&quot;:false,&quot;items_layout&quot;:&quot;gallery_default&quot;,&quot;items_offset&quot;:&quot;1&quot;,&quot;load_animation&quot;:&quot;none&quot;,&quot;overriding_link&quot;:&quot;popup_post_image&quot;,&quot;post_id&quot;:10036,&quot;query_args&quot;:{&quot;post_type&quot;:[&quot;attachment&quot;],&quot;post__in&quot;:[&quot;8107&quot;],&quot;post_status&quot;:&quot;inherit&quot;,&quot;post_mime_type&quot;:&quot;image&quot;,&quot;posts_per_page&quot;:&quot;4&quot;},&quot;orderby_query_args&quot;:{&quot;orderby&quot;:{&quot;date&quot;:&quot;DESC&quot;}},&quot;type&quot;:&quot;grid&quot;,&quot;us_grid_ajax_index&quot;:1,&quot;us_grid_filter_params&quot;:null,&quot;us_grid_index&quot;:1,&quot;_us_grid_post_type&quot;:&quot;attachment&quot;}}'><\/div>\n\t<\/div><\/div><\/div><\/div><div class=\"w-tabs-section\" id=\"rf88\"><button aria-controls=\"content-rf88\" class=\"w-tabs-section-header with_icon\"><i class=\"fas fa-books\"><\/i><div class=\"w-tabs-section-title\">S\u018fN\u018fDL\u018fR<\/div><div class=\"w-tabs-section-control\"><\/div><\/button><div  class=\"w-tabs-section-content\" id=\"content-rf88\" aria-expanded=\"false\"><div class=\"w-tabs-section-content-h i-cf\"><div class=\"w-btn-wrapper align_left\"><a class=\"w-btn us-btn-style_9 icon_atleft\" href=\"#\"><i class=\"fas fa-download\"><\/i><span class=\"w-btn-label\">TEXN\u0130K\u0130 S\u018fN\u018fD<\/span><\/a><\/div><\/div><\/div><\/div><\/div><\/div><\/div><\/div><\/div><div class=\"w-separator size_small\"><\/div><\/div><\/div><\/div><\/div><\/section>","protected":false},"excerpt":{"rendered":"G\u00f6rsel Haz\u0131rlan\u0131yor","protected":false},"author":1,"featured_media":0,"parent":9890,"menu_order":0,"comment_status":"closed","ping_status":"closed","template":"","meta":{"inline_featured_image":false},"acf":[],"yoast_head":"<!-- This site is optimized with the Yoast SEO Premium plugin v18.7 (Yoast SEO v19.4) - https:\/\/yoast.com\/wordpress\/plugins\/seo\/ -->\n<title>D\u0131\u015ftan Ak\u0131\u015fl\u0131 Tambur Elek - Anmeksan Ar\u0131tma A.\u015e<\/title>\n<meta name=\"description\" content=\"D\u0131\u015ftan Ak\u0131\u015fl\u0131 Tambur Elek imalatlar\u0131, at\u0131ksu ar\u0131tma tesisi ekipmanlar\u0131, kaba ve ince \u0131zgaralar, tambur elek imalat\u0131, toki paket ar\u0131tma,\" \/>\n<meta name=\"robots\" content=\"index, follow, max-snippet:-1, max-image-preview:large, max-video-preview:-1\" \/>\n<link rel=\"canonical\" href=\"https:\/\/www.anmeksan.com\/az\/mekanik-ekipmanlar-az\/distan-akisli-tambur-elek\/\" \/>\n<meta property=\"og:locale\" content=\"az_AZ\" \/>\n<meta property=\"og:type\" content=\"article\" \/>\n<meta property=\"og:title\" content=\"D\u0131\u015ftan Ak\u0131\u015fl\u0131 Tambur Elek\" \/>\n<meta property=\"og:description\" content=\"D\u0131\u015ftan Ak\u0131\u015fl\u0131 Tambur Elek imalatlar\u0131, at\u0131ksu ar\u0131tma tesisi ekipmanlar\u0131, kaba ve ince \u0131zgaralar, tambur elek imalat\u0131, toki paket ar\u0131tma,\" \/>\n<meta property=\"og:url\" content=\"https:\/\/www.anmeksan.com\/az\/mekanik-ekipmanlar-az\/distan-akisli-tambur-elek\/\" \/>\n<meta property=\"og:site_name\" content=\"Anmeksan Ar\u0131tma A.\u015e\" \/>\n<meta property=\"article:publisher\" content=\"https:\/\/www.facebook.com\/anmeksan.aritmaas\" \/>\n<meta property=\"article:modified_time\" content=\"2022-06-11T04:48:18+00:00\" \/>\n<meta name=\"twitter:card\" content=\"summary_large_image\" \/>\n<meta name=\"twitter:site\" content=\"@anmeksan\" \/>\n<meta name=\"twitter:label1\" content=\"Est. reading time\" \/>\n\t<meta name=\"twitter:data1\" content=\"3 minutes\" \/>\n<!-- \/ Yoast SEO Premium plugin. -->","yoast_head_json":{"title":"D\u0131\u015ftan Ak\u0131\u015fl\u0131 Tambur Elek - Anmeksan Ar\u0131tma A.\u015e","description":"D\u0131\u015ftan Ak\u0131\u015fl\u0131 Tambur Elek imalatlar\u0131, at\u0131ksu ar\u0131tma tesisi ekipmanlar\u0131, kaba ve ince \u0131zgaralar, tambur elek imalat\u0131, toki paket ar\u0131tma,","robots":{"index":"index","follow":"follow","max-snippet":"max-snippet:-1","max-image-preview":"max-image-preview:large","max-video-preview":"max-video-preview:-1"},"canonical":"https:\/\/www.anmeksan.com\/az\/mekanik-ekipmanlar-az\/distan-akisli-tambur-elek\/","og_locale":"az_AZ","og_type":"article","og_title":"D\u0131\u015ftan Ak\u0131\u015fl\u0131 Tambur Elek","og_description":"D\u0131\u015ftan Ak\u0131\u015fl\u0131 Tambur Elek imalatlar\u0131, at\u0131ksu ar\u0131tma tesisi ekipmanlar\u0131, kaba ve ince \u0131zgaralar, tambur elek imalat\u0131, toki paket ar\u0131tma,","og_url":"https:\/\/www.anmeksan.com\/az\/mekanik-ekipmanlar-az\/distan-akisli-tambur-elek\/","og_site_name":"Anmeksan Ar\u0131tma A.\u015e","article_publisher":"https:\/\/www.facebook.com\/anmeksan.aritmaas","article_modified_time":"2022-06-11T04:48:18+00:00","twitter_card":"summary_large_image","twitter_site":"@anmeksan","twitter_misc":{"Est. reading time":"3 minutes"},"schema":{"@context":"https:\/\/schema.org","@graph":[{"@type":"Organization","@id":"https:\/\/www.anmeksan.com\/#organization","name":"Anmeksan Ar\u0131tma A.\u015e","url":"https:\/\/www.anmeksan.com\/","sameAs":["https:\/\/www.facebook.com\/anmeksan.aritmaas","https:\/\/twitter.com\/anmeksan"],"logo":{"@type":"ImageObject","inLanguage":"az","@id":"https:\/\/www.anmeksan.com\/#\/schema\/logo\/image\/","url":"https:\/\/www.anmeksan.com\/wp-content\/uploads\/2022\/04\/logo.svg","contentUrl":"https:\/\/www.anmeksan.com\/wp-content\/uploads\/2022\/04\/logo.svg","width":"1024","height":"1024","caption":"Anmeksan Ar\u0131tma A.\u015e"},"image":{"@id":"https:\/\/www.anmeksan.com\/#\/schema\/logo\/image\/"}},{"@type":"WebSite","@id":"https:\/\/www.anmeksan.com\/#website","url":"https:\/\/www.anmeksan.com\/","name":"Anmeksan Ar\u0131tma A.\u015e","description":"Paket Ar\u0131tma Sistemleri, MBR ve MBBR Ar\u0131tma","publisher":{"@id":"https:\/\/www.anmeksan.com\/#organization"},"potentialAction":[{"@type":"SearchAction","target":{"@type":"EntryPoint","urlTemplate":"https:\/\/www.anmeksan.com\/?s={search_term_string}"},"query-input":"required name=search_term_string"}],"inLanguage":"az"},{"@type":"WebPage","@id":"https:\/\/www.anmeksan.com\/mekanik-ekipmanlar\/distan-akisli-tambur-elek\/","url":"https:\/\/www.anmeksan.com\/mekanik-ekipmanlar\/distan-akisli-tambur-elek\/","name":"D\u0131\u015ftan Ak\u0131\u015fl\u0131 Tambur Elek - Anmeksan Ar\u0131tma A.\u015e","isPartOf":{"@id":"https:\/\/www.anmeksan.com\/#website"},"datePublished":"2022-05-10T21:35:42+00:00","dateModified":"2022-06-11T04:48:18+00:00","description":"D\u0131\u015ftan Ak\u0131\u015fl\u0131 Tambur Elek imalatlar\u0131, at\u0131ksu ar\u0131tma tesisi ekipmanlar\u0131, kaba ve ince \u0131zgaralar, tambur elek imalat\u0131, toki paket ar\u0131tma,","breadcrumb":{"@id":"https:\/\/www.anmeksan.com\/mekanik-ekipmanlar\/distan-akisli-tambur-elek\/#breadcrumb"},"inLanguage":"az","potentialAction":[{"@type":"ReadAction","target":["https:\/\/www.anmeksan.com\/mekanik-ekipmanlar\/distan-akisli-tambur-elek\/"]}]},{"@type":"BreadcrumbList","@id":"https:\/\/www.anmeksan.com\/mekanik-ekipmanlar\/distan-akisli-tambur-elek\/#breadcrumb","itemListElement":[{"@type":"ListItem","position":1,"name":"Ana Sayfa","item":"https:\/\/www.anmeksan.com\/"},{"@type":"ListItem","position":2,"name":"Mekanik Ekipmanlar","item":"https:\/\/www.anmeksan.com\/mekanik-ekipmanlar\/"},{"@type":"ListItem","position":3,"name":"D\u0131\u015ftan Ak\u0131\u015fl\u0131 Tambur Elek"}]}]}},"_links":{"self":[{"href":"https:\/\/www.anmeksan.com\/az\/wp-json\/wp\/v2\/pages\/10036"}],"collection":[{"href":"https:\/\/www.anmeksan.com\/az\/wp-json\/wp\/v2\/pages"}],"about":[{"href":"https:\/\/www.anmeksan.com\/az\/wp-json\/wp\/v2\/types\/page"}],"author":[{"embeddable":true,"href":"https:\/\/www.anmeksan.com\/az\/wp-json\/wp\/v2\/users\/1"}],"replies":[{"embeddable":true,"href":"https:\/\/www.anmeksan.com\/az\/wp-json\/wp\/v2\/comments?post=10036"}],"version-history":[{"count":0,"href":"https:\/\/www.anmeksan.com\/az\/wp-json\/wp\/v2\/pages\/10036\/revisions"}],"up":[{"embeddable":true,"href":"https:\/\/www.anmeksan.com\/az\/wp-json\/wp\/v2\/pages\/9890"}],"wp:attachment":[{"href":"https:\/\/www.anmeksan.com\/az\/wp-json\/wp\/v2\/media?parent=10036"}],"curies":[{"name":"wp","href":"https:\/\/api.w.org\/{rel}","templated":true}]}}