{"id":10100,"date":"2022-05-11T19:05:19","date_gmt":"2022-05-11T19:05:19","guid":{"rendered":"https:\/\/www.anmeksan.com\/?page_id=10100"},"modified":"2022-06-27T03:48:58","modified_gmt":"2022-06-27T03:48:58","slug":"satis-sonrasi-hizmetler","status":"publish","type":"page","link":"https:\/\/www.anmeksan.com\/az\/satis-sonrasi-hizmetler\/","title":{"rendered":"Sat\u0131\u015f Sonras\u0131 Xidm\u0259t"},"content":{"rendered":"<section class=\"l-section wpb_row height_large with_img\"><div class=\"l-section-img\" style=\"background-image: url(https:\/\/www.anmeksan.com\/wp-content\/uploads\/2022\/05\/projeler-anmeksan.jpg);\" data-img-width=\"1920\" data-img-height=\"600\"><\/div><div class=\"l-section-h i-cf\"><div class=\"g-cols vc_row via_grid cols_2-1 laptops-cols_inherit tablets-cols_inherit mobiles-cols_1 valign_top type_default stacking_default\"><div class=\"wpb_column vc_column_container\"><div class=\"vc_column-inner\"><h1 class=\"w-post-elm post_title us_custom_72b883da has_text_color align_left entry-title color_link_inherit\">Sat\u0131\u015f Sonras\u0131 Xidm\u0259t<\/h1><div class=\"w-html us_custom_16c70a5a has_text_color\"><span><span><a href=\"https:\/\/www.anmeksan.com\/az\/\">\u018fsas S\u0259hif\u0259<\/a><\/span><\/div><\/div><\/div><div class=\"wpb_column vc_column_container\"><div class=\"vc_column-inner\"><div class=\"w-image align_none\"><div class=\"w-image-h\"><img width=\"150\" height=\"50\" src=\"https:\/\/www.anmeksan.com\/wp-content\/uploads\/2022\/04\/anmeksan-kalite-iso.png\" class=\"attachment-full size-full\" alt=\"Anmeksan Kalite\" decoding=\"async\" \/><\/div><\/div><div class=\"w-separator size_custom\" style=\"height:3px\"><\/div><div class=\"w-image align_none\"><div class=\"w-image-h\"><img width=\"871\" height=\"160\" src=\"https:\/\/www.anmeksan.com\/wp-content\/uploads\/2014\/09\/turkey-anmeksan.png\" class=\"attachment-full size-full\" alt=\"Turkey Anmeksan\" decoding=\"async\" srcset=\"https:\/\/www.anmeksan.com\/wp-content\/uploads\/2014\/09\/turkey-anmeksan.png 871w, https:\/\/www.anmeksan.com\/wp-content\/uploads\/2014\/09\/turkey-anmeksan-300x55.png 300w, https:\/\/www.anmeksan.com\/wp-content\/uploads\/2014\/09\/turkey-anmeksan-200x37.png 200w\" sizes=\"(max-width: 871px) 100vw, 871px\" \/><\/div><\/div><\/div><\/div><\/div><\/div><\/section><section class=\"l-section wpb_row height_small\"><div class=\"l-section-h i-cf\"><div class=\"g-cols vc_row via_grid cols_1-3 laptops-cols_inherit tablets-cols_inherit mobiles-cols_1 valign_top type_default stacking_default\"><div class=\"wpb_column vc_column_container\"><div class=\"vc_column-inner\"><div class=\"w-menu layout_ver style_blocks us_menu_1\" style=\"--main-gap:5px;--main-ver-indent:0.8em;--main-hor-indent:0.8em;\"><ul id=\"menu-sol-ana-menu\" class=\"menu\"><li id=\"menu-item-8332\" class=\"menu-item menu-item-type-post_type menu-item-object-page menu-item-home menu-item-8332\"><a href=\"https:\/\/www.anmeksan.com\/az\/\"><i class=\"_mi _before dashicons dashicons-arrow-right-alt2\" aria-hidden=\"true\"><\/i><span>\u018fsas S\u0259hif\u0259<\/span><\/a><\/li><li id=\"menu-item-8557\" class=\"menu-item menu-item-type-post_type menu-item-object-page menu-item-8557\"><a href=\"https:\/\/www.anmeksan.com\/az\/hizmetlerimiz-az\/\"><i class=\"_mi _before dashicons dashicons-arrow-right-alt2\" aria-hidden=\"true\"><\/i><span>Xidm\u0259tl\u0259r<\/span><\/a><\/li><li id=\"menu-item-8333\" class=\"menu-item menu-item-type-post_type menu-item-object-page menu-item-8333\"><a href=\"https:\/\/www.anmeksan.com\/az\/projeler\/\"><i class=\"_mi _before dashicons dashicons-arrow-right-alt2\" aria-hidden=\"true\"><\/i><span>Layih\u0259l\u0259r<\/span><\/a><\/li><li id=\"menu-item-8911\" class=\"menu-item menu-item-type-taxonomy menu-item-object-category menu-item-8911\"><a href=\"https:\/\/www.anmeksan.com\/az\/category\/haberler\/\"><i class=\"_mi _before dashicons dashicons-arrow-right-alt2\" aria-hidden=\"true\"><\/i><span>X\u0259b\u0259rl\u0259r<\/span><\/a><\/li><li id=\"menu-item-8912\" class=\"menu-item menu-item-type-post_type menu-item-object-page menu-item-8912\"><a href=\"https:\/\/www.anmeksan.com\/az\/blog\/\"><i class=\"_mi _before dashicons dashicons-arrow-right-alt2\" aria-hidden=\"true\"><\/i><span>Bloq<\/span><\/a><\/li><li id=\"menu-item-8338\" class=\"menu-item menu-item-type-post_type menu-item-object-page menu-item-8338\"><a href=\"https:\/\/www.anmeksan.com\/az\/iletisim\/\"><i class=\"_mi _before dashicons dashicons-arrow-right-alt2\" aria-hidden=\"true\"><\/i><span>\u018flaq\u0259<\/span><\/a><\/li><\/ul><style>.us_menu_1 .menu>li>a{background:#e8e8e8}.us_menu_1 .menu>li>a{color:#002f66}.us_menu_1 .menu>.menu-item:not(.current-menu-item)>a:hover{background:#002f66}.us_menu_1 .menu>.menu-item:not(.current-menu-item)>a:hover{color:#ffffff}.us_menu_1 .menu>.current-menu-item>a{background:#00b032}.us_menu_1 .menu>.current-menu-item>a{color:#ffffff}@media ( max-width:600px ){.us_menu_1 .menu{display:block!important}.us_menu_1 .menu>li{margin:0 0 var(--main-gap,5px)!important}}<\/style><\/div><div class=\"w-separator size_custom\" style=\"height:10px\"><\/div><h3 style=\"text-align: left;font-family:Roboto;font-weight:500;font-style:normal\" class=\"vc_custom_heading us_custom_16c70a5a\" >ANMEKSAN IN THE WORLD !<\/h3><div class=\"w-separator size_custom\" style=\"height:10px\"><\/div><\/div><\/div><div class=\"wpb_column vc_column_container\"><div class=\"vc_column-inner\"><h2 style=\"text-align: left;font-family:Roboto;font-weight:500;font-style:normal\" class=\"vc_custom_heading us_custom_16c70a5a\" >SATI\u015e SONRASI H\u0130ZMETLER<\/h2><div class=\"wpb_text_column\"><div class=\"wpb_wrapper\"><p>Sat\u0131\u015f Sonras\u0131 Hizmetler ; Ar\u0131tma tesisleri, mekanik ekipmanlar ve di\u011fer hizmetlerimiz kapsam\u0131nda Anmeksan Ar\u0131tma A.\u015e Sizlere destek vermeye devam ediyor. Ald\u0131\u011f\u0131n\u0131z hizmetlerin bak\u0131m, onar\u0131m, i\u015fletme ve dan\u0131\u015fmanl\u0131k hizmetleri i\u00e7in ilgili s\u00f6zle\u015fmeler neticesinde, istedi\u011finiz s\u00fcre hizmet vermeye devam ediyoruz.<\/p>\n<\/div><\/div><div class=\"w-separator size_custom\" style=\"height:20px\"><\/div><div class=\"wpb_text_column\"><div class=\"wpb_wrapper\"><p>E\u011fitim ; Belirleyece\u011finiz ki\u015fi ve ki\u015filere e\u011fitim seminerleri \/ toplant\u0131lar\u0131 d\u00fczenleyebilir ve sonu\u00e7lar\u0131 \/ e\u011fitim derecesini sizlere raporlayabiliriz.<\/p>\n<\/div><\/div><div class=\"w-separator size_custom\" style=\"height:20px\"><\/div><div class=\"wpb_text_column\"><div class=\"wpb_wrapper\"><p>Bak\u0131m S\u00f6zle\u015fmeleri ; Periyodik Kontrol ve Bak\u0131m anla\u015fmalar\u0131 kapsam\u0131nda yerinde belirli periyotlarda ziyaret edebilir, Tesisin genel durumu hakk\u0131nda yaz\u0131l\u0131 ve g\u00f6rsel teknik raporlar haz\u0131rlayabiliriz.<\/p>\n<p>Gerekli Bilgi ve Talepleriniz \u0130\u00e7in : +90 312 394 44 55 Numaras\u0131n\u0131 arayabilirsiniz.<\/p>\n<\/div><\/div><\/div><\/div><\/div><\/div><\/section>","protected":false},"excerpt":{"rendered":"Sat\u0131\u015f Sonras\u0131 HizmetlerAna SayfaAna SayfaHizmetlerimizProjelerHaberlerBlog\u0130leti\u015fimANMEKSAN IN THE WORLD !SATI\u015e SONRASI H\u0130ZMETLERSat\u0131\u015f Sonras\u0131 Hizmetler ; Ar\u0131tma tesisleri, mekanik ekipmanlar ve di\u011fer hizmetlerimiz kapsam\u0131nda Anmeksan Ar\u0131tma A.\u015e Sizlere destek vermeye devam ediyor. Ald\u0131\u011f\u0131n\u0131z hizmetlerin bak\u0131m, onar\u0131m, i\u015fletme ve dan\u0131\u015fmanl\u0131k hizmetleri i\u00e7in ilgili s\u00f6zle\u015fmeler neticesinde, istedi\u011finiz s\u00fcre hizmet vermeye devam ediyoruz. E\u011fitim ; Belirleyece\u011finiz ki\u015fi ve ki\u015filere e\u011fitim...","protected":false},"author":1,"featured_media":0,"parent":0,"menu_order":0,"comment_status":"closed","ping_status":"closed","template":"","meta":{"inline_featured_image":false},"acf":[],"yoast_head":"<!-- This site is optimized with the Yoast SEO Premium plugin v18.7 (Yoast SEO v19.4) - https:\/\/yoast.com\/wordpress\/plugins\/seo\/ -->\n<title>Sat\u0131\u015f Sonras\u0131 Hizmetler - Anmeksan Ar\u0131tma A.\u015e<\/title>\n<meta name=\"description\" content=\"Sat\u0131\u015f Sonras\u0131 Hizmetler, Ar\u0131tma tesisleri i\u015fletme, periyodik kontrol hizmetleri, ar\u0131tma tesisi bak\u0131m ve onar\u0131m hizmetleri, paket ar\u0131tma,\" \/>\n<meta name=\"robots\" content=\"index, follow, max-snippet:-1, max-image-preview:large, max-video-preview:-1\" \/>\n<link rel=\"canonical\" href=\"https:\/\/www.anmeksan.com\/az\/satis-sonrasi-hizmetler\/\" \/>\n<meta property=\"og:locale\" content=\"az_AZ\" \/>\n<meta property=\"og:type\" content=\"article\" \/>\n<meta property=\"og:title\" content=\"Sat\u0131\u015f Sonras\u0131 Hizmetler\" \/>\n<meta property=\"og:description\" content=\"Sat\u0131\u015f Sonras\u0131 Hizmetler, Ar\u0131tma tesisleri i\u015fletme, periyodik kontrol hizmetleri, ar\u0131tma tesisi bak\u0131m ve onar\u0131m hizmetleri, paket ar\u0131tma,\" \/>\n<meta property=\"og:url\" content=\"https:\/\/www.anmeksan.com\/az\/satis-sonrasi-hizmetler\/\" \/>\n<meta property=\"og:site_name\" content=\"Anmeksan Ar\u0131tma A.\u015e\" \/>\n<meta property=\"article:publisher\" content=\"https:\/\/www.facebook.com\/anmeksan.aritmaas\" \/>\n<meta property=\"article:modified_time\" content=\"2022-06-27T03:48:58+00:00\" \/>\n<meta name=\"twitter:card\" content=\"summary_large_image\" \/>\n<meta name=\"twitter:site\" content=\"@anmeksan\" \/>\n<meta name=\"twitter:label1\" content=\"Est. reading time\" \/>\n\t<meta name=\"twitter:data1\" content=\"1 minute\" \/>\n<!-- \/ Yoast SEO Premium plugin. -->","yoast_head_json":{"title":"Sat\u0131\u015f Sonras\u0131 Hizmetler - Anmeksan Ar\u0131tma A.\u015e","description":"Sat\u0131\u015f Sonras\u0131 Hizmetler, Ar\u0131tma tesisleri i\u015fletme, periyodik kontrol hizmetleri, ar\u0131tma tesisi bak\u0131m ve onar\u0131m hizmetleri, paket ar\u0131tma,","robots":{"index":"index","follow":"follow","max-snippet":"max-snippet:-1","max-image-preview":"max-image-preview:large","max-video-preview":"max-video-preview:-1"},"canonical":"https:\/\/www.anmeksan.com\/az\/satis-sonrasi-hizmetler\/","og_locale":"az_AZ","og_type":"article","og_title":"Sat\u0131\u015f Sonras\u0131 Hizmetler","og_description":"Sat\u0131\u015f Sonras\u0131 Hizmetler, Ar\u0131tma tesisleri i\u015fletme, periyodik kontrol hizmetleri, ar\u0131tma tesisi bak\u0131m ve onar\u0131m hizmetleri, paket ar\u0131tma,","og_url":"https:\/\/www.anmeksan.com\/az\/satis-sonrasi-hizmetler\/","og_site_name":"Anmeksan Ar\u0131tma A.\u015e","article_publisher":"https:\/\/www.facebook.com\/anmeksan.aritmaas","article_modified_time":"2022-06-27T03:48:58+00:00","twitter_card":"summary_large_image","twitter_site":"@anmeksan","twitter_misc":{"Est. reading time":"1 minute"},"schema":{"@context":"https:\/\/schema.org","@graph":[{"@type":"Organization","@id":"https:\/\/www.anmeksan.com\/#organization","name":"Anmeksan Ar\u0131tma A.\u015e","url":"https:\/\/www.anmeksan.com\/","sameAs":["https:\/\/www.facebook.com\/anmeksan.aritmaas","https:\/\/twitter.com\/anmeksan"],"logo":{"@type":"ImageObject","inLanguage":"az","@id":"https:\/\/www.anmeksan.com\/#\/schema\/logo\/image\/","url":"https:\/\/www.anmeksan.com\/wp-content\/uploads\/2022\/04\/logo.svg","contentUrl":"https:\/\/www.anmeksan.com\/wp-content\/uploads\/2022\/04\/logo.svg","width":"1024","height":"1024","caption":"Anmeksan Ar\u0131tma A.\u015e"},"image":{"@id":"https:\/\/www.anmeksan.com\/#\/schema\/logo\/image\/"}},{"@type":"WebSite","@id":"https:\/\/www.anmeksan.com\/#website","url":"https:\/\/www.anmeksan.com\/","name":"Anmeksan Ar\u0131tma A.\u015e","description":"Paket Ar\u0131tma Sistemleri, MBR ve MBBR Ar\u0131tma","publisher":{"@id":"https:\/\/www.anmeksan.com\/#organization"},"potentialAction":[{"@type":"SearchAction","target":{"@type":"EntryPoint","urlTemplate":"https:\/\/www.anmeksan.com\/?s={search_term_string}"},"query-input":"required name=search_term_string"}],"inLanguage":"az"},{"@type":"WebPage","@id":"https:\/\/www.anmeksan.com\/satis-sonrasi-hizmetler\/","url":"https:\/\/www.anmeksan.com\/satis-sonrasi-hizmetler\/","name":"Sat\u0131\u015f Sonras\u0131 Hizmetler - Anmeksan Ar\u0131tma A.\u015e","isPartOf":{"@id":"https:\/\/www.anmeksan.com\/#website"},"datePublished":"2022-05-11T19:05:19+00:00","dateModified":"2022-06-27T03:48:58+00:00","description":"Sat\u0131\u015f Sonras\u0131 Hizmetler, Ar\u0131tma tesisleri i\u015fletme, periyodik kontrol hizmetleri, ar\u0131tma tesisi bak\u0131m ve onar\u0131m hizmetleri, paket ar\u0131tma,","breadcrumb":{"@id":"https:\/\/www.anmeksan.com\/satis-sonrasi-hizmetler\/#breadcrumb"},"inLanguage":"az","potentialAction":[{"@type":"ReadAction","target":["https:\/\/www.anmeksan.com\/satis-sonrasi-hizmetler\/"]}]},{"@type":"BreadcrumbList","@id":"https:\/\/www.anmeksan.com\/satis-sonrasi-hizmetler\/#breadcrumb","itemListElement":[{"@type":"ListItem","position":1,"name":"Ana Sayfa","item":"https:\/\/www.anmeksan.com\/"},{"@type":"ListItem","position":2,"name":"Sat\u0131\u015f Sonras\u0131 Hizmetler"}]}]}},"_links":{"self":[{"href":"https:\/\/www.anmeksan.com\/az\/wp-json\/wp\/v2\/pages\/10100"}],"collection":[{"href":"https:\/\/www.anmeksan.com\/az\/wp-json\/wp\/v2\/pages"}],"about":[{"href":"https:\/\/www.anmeksan.com\/az\/wp-json\/wp\/v2\/types\/page"}],"author":[{"embeddable":true,"href":"https:\/\/www.anmeksan.com\/az\/wp-json\/wp\/v2\/users\/1"}],"replies":[{"embeddable":true,"href":"https:\/\/www.anmeksan.com\/az\/wp-json\/wp\/v2\/comments?post=10100"}],"version-history":[{"count":0,"href":"https:\/\/www.anmeksan.com\/az\/wp-json\/wp\/v2\/pages\/10100\/revisions"}],"wp:attachment":[{"href":"https:\/\/www.anmeksan.com\/az\/wp-json\/wp\/v2\/media?parent=10100"}],"curies":[{"name":"wp","href":"https:\/\/api.w.org\/{rel}","templated":true}]}}