{"id":12,"date":"2013-05-31T11:57:37","date_gmt":"2013-05-31T11:57:37","guid":{"rendered":"http:\/\/impreza.us-themes.net\/pages\/about\/"},"modified":"2022-06-12T11:07:00","modified_gmt":"2022-06-12T11:07:00","slug":"hakkimizda","status":"publish","type":"page","link":"https:\/\/www.anmeksan.com\/az\/hakkimizda\/","title":{"rendered":"Bizim Haqq\u0131m\u0131zda"},"content":{"rendered":"<section class=\"l-section wpb_row height_small with_img\"><div class=\"l-section-img\" style=\"background-image: url(https:\/\/www.anmeksan.com\/wp-content\/uploads\/2022\/05\/header-anmeksan-blue.png);\" data-img-width=\"1920\" data-img-height=\"352\"><\/div><div class=\"l-section-h i-cf\"><div class=\"g-cols vc_row via_grid cols_2-1 laptops-cols_inherit tablets-cols_inherit mobiles-cols_1 valign_top type_default stacking_default\"><div class=\"wpb_column vc_column_container\"><div class=\"vc_column-inner\"><h2 class=\"w-post-elm post_title us_custom_ed05b3dd has_text_color align_left entry-title color_link_inherit\">Bizim Haqq\u0131m\u0131zda<\/h2><div class=\"w-html us_custom_6df4bc3a has_text_color\"><span><span><a href=\"https:\/\/www.anmeksan.com\/az\/\">\u018fsas S\u0259hif\u0259<\/a><\/span><\/div><div class=\"w-separator size_custom\" style=\"height:20px\"><\/div><\/div><\/div><div class=\"wpb_column vc_column_container\"><div class=\"vc_column-inner\"><div class=\"w-image align_none\"><div class=\"w-image-h\"><img width=\"150\" height=\"50\" src=\"https:\/\/www.anmeksan.com\/wp-content\/uploads\/2022\/04\/anmeksan-kalite-iso.png\" class=\"attachment-full size-full\" alt=\"Anmeksan Kalite\" decoding=\"async\" \/><\/div><\/div><div class=\"w-separator size_custom\" style=\"height:3px\"><\/div><div class=\"w-image align_none\"><div class=\"w-image-h\"><img width=\"300\" height=\"50\" src=\"https:\/\/www.anmeksan.com\/wp-content\/uploads\/2014\/09\/banner-ust-uyelik.png\" class=\"attachment-large size-large\" alt=\"Banner \u00dcyelik\" decoding=\"async\" srcset=\"https:\/\/www.anmeksan.com\/wp-content\/uploads\/2014\/09\/banner-ust-uyelik.png 300w, https:\/\/www.anmeksan.com\/wp-content\/uploads\/2014\/09\/banner-ust-uyelik-200x33.png 200w\" sizes=\"(max-width: 300px) 100vw, 300px\" \/><\/div><\/div><\/div><\/div><\/div><\/div><\/section><section class=\"l-section wpb_row height_medium\"><div class=\"l-section-h i-cf\"><div class=\"g-cols vc_row via_grid cols_1 laptops-cols_inherit tablets-cols_inherit mobiles-cols_1 valign_top type_default stacking_default\"><div class=\"wpb_column vc_column_container\"><div class=\"vc_column-inner\"><h2 style=\"text-align: center;font-family:Roboto;font-weight:900;font-style:normal\" class=\"vc_custom_heading us_custom_16c70a5a\" >#\u00c7\u00dcNK\u0130 B\u0130Z KEYF\u0130YY\u018fTL\u0130Y\u0130K<\/h2><\/div><\/div><div class=\"wpb_column vc_column_container\"><div class=\"vc_column-inner\"><div class=\"g-cols wpb_row via_grid cols_1 laptops-cols_inherit tablets-cols_inherit mobiles-cols_1 valign_top type_default stacking_default\"><div class=\"wpb_column vc_column_container\"><div class=\"vc_column-inner\"><div class=\"wpb_text_column\"><div class=\"wpb_wrapper\"><p style=\"text-align: center;\">Anmeksan Ar\u0131tma A.\u015e ; 2018 y\u0131l\u0131nda t\u00fcm birikim, tecr\u00fcbe ve \u00f6z kaynaklar\u0131 ile sekt\u00f6rel hedefleri do\u011frultusunda kuruldu. 2004 y\u0131l\u0131ndan itibaren, sekt\u00f6rel bilgi ve deneyimler kazanan firmam\u0131z, Ankara merkezli y\u00f6netim, teknik servis ve Ba\u015fkent organize sanayi b\u00f6lgesinde yer alan 2200 m2 kapal\u0131 \u00fcretim alan\u0131, 850 m2 a\u00e7\u0131k depolama ve sevk alan\u0131 ile sekt\u00f6rde faaliyet g\u00f6stermektedir. Uzman m\u00fchendis, teknik ve y\u00f6netim kadrosuyla yurt i\u00e7i ve yurt d\u0131\u015f\u0131 pek \u00e7ok proje y\u00fcr\u00fctmektedir.<\/p>\n<p style=\"text-align: center;\">Anmeksan Ar\u0131tma A.\u015e, b\u00fcnyesinde bulundurdu\u011fu makine ekipman ve \u00fcretim departman\u0131yla d\u0131\u015fa ba\u011f\u0131ms\u0131z olarak t\u00fcm imalat s\u00fcrecini kendi b\u00fcnyesinde s\u00fcrd\u00fcrmektedir.<\/p>\n<p style=\"text-align: center;\">Yurt i\u00e7i ve yurt d\u0131\u015f\u0131 t\u00fcm projelerimizde tesislerimizin \u00e7al\u0131\u015fmas\u0131 ve kullan\u0131lmas\u0131 \u00f6nceli\u011fimizdir. \u00d6nemli olan\u0131n \u00e7al\u0131\u015f\u0131r ve do\u011fru proseslerde uygulanan ar\u0131tma tesisleri oldu\u011fu bilincinde hareket etmekteyiz.<\/p>\n<\/div><\/div><\/div><\/div><\/div><div class=\"w-separator size_custom\" style=\"height:10px\"><\/div><div id=\"uvc-type-wrap-6896\"  data-ultimate-target='#uvc-type-wrap-6896'  data-responsive-json-new='{\"font-size\":\"\",\"line-height\":\"\"}'  class=\"uvc-type-wrap  ult-adjust-bottom-margin ult-responsive  uvc-type-align-center uvc-type-no-prefix uvc-wrap-397467802769e1baee2af4a\" style=\"text-align:center;\"><span id=\"typed-397467802769e1baee2af4a\" class=\"ultimate-typed-main\" style=\" font-weight:normal; text-transform: unset;\"><\/span><script type=\"text\/javascript\"> \n\t\t\t\t\t\tjQuery(function($){ \n\t\t\t\t\t\t\t$(document).ready(function(){\n\t\t\t\t\t\t\t\tif( typeof jQuery(\"#typed-397467802769e1baee2af4a\").typed == \"function\"){\n\t\t\t\t\t\t\t\t\t$(\"#typed-397467802769e1baee2af4a\").typed({\n\t\t\t\t\t\t\t\t\t\tstrings: [\"#BECAUSE WE ARE QUALITY\"],\n\t\t\t\t\t\t\t\t\t\ttypeSpeed: 35,\n\t\t\t\t\t\t\t\t\t\tbackSpeed: 0,\n\t\t\t\t\t\t\t\t\t\tstartDelay: 200,\n\t\t\t\t\t\t\t\t\t\tbackDelay: 1500,\n\t\t\t\t\t\t\t\t\t\tloop: true,\n\t\t\t\t\t\t\t\t\t\tloopCount: false,\n\t\t\t\t\t\t\t\t\t\tshowCursor: true,\n\t\t\t\t\t\t\t\t\t\tcursorChar: \"|\",\n\t\t\t\t\t\t\t\t\t\tattr: null\n\t\t\t\t\t\t\t\t\t});\n\t\t\t\t\t\t\t\t}\n\t\t\t\t\t\t\t});\n\t\t\t\t\t\t});\n\t\t\t\t\t<\/script><\/div><\/div><\/div><\/div><\/div><\/section><section class=\"l-section wpb_row height_medium\"><div class=\"l-section-h i-cf\"><div class=\"g-cols vc_row via_grid cols_3 laptops-cols_inherit tablets-cols_inherit mobiles-cols_1 valign_top type_default stacking_default\"><div class=\"wpb_column vc_column_container\"><div class=\"vc_column-inner\"><div class=\"smile_icon_list_wrap ult_info_list_container ult-adjust-bottom-margin\"><ul class=\"smile_icon_list right square with_bg\"><li class=\"icon_list_item\" style=\" font-size:72px;\"><div class=\"icon_list_icon\" data-animation=\"\" data-animation-delay=\"03\" style=\"font-size:24px;border-width:1px;border-style:solid;background:#002f66;color:#ffffff;border-color:#333333;\"><img class=\"list-img-icon\" alt=\"Toplu Konut Ar\u0131tma\" src=\"https:\/\/www.anmeksan.com\/wp-content\/uploads\/2022\/05\/toplukonutaritma.png\"\/><\/div><div class=\"icon_description\" id=\"Info-list-wrap-5035\" style=\"font-size:24px;\"><h3 class=\"ult-responsive info-list-heading\"  data-ultimate-target='#Info-list-wrap-5035 h3'  data-responsive-json-new='{\"font-size\":\"desktop:16px;\",\"line-height\":\"desktop:24px;\"}'  style=\"\">K\u00fctl\u0259vi Ya\u015fay\u0131\u015f v\u0259 Binalar<\/h3><div class=\"icon_description_text ult-responsive\"  data-ultimate-target='#Info-list-wrap-5035 .icon_description_text'  data-responsive-json-new='{\"font-size\":\"desktop:13px;\",\"line-height\":\"desktop:18px;\"}'  style=\"\"><p>K\u00fctl\u0259vi Ya\u015fay\u0131\u015f, Villa Sayt\u0131n\u0131n \u00c7irkab Sular\u0131n\u0131n T\u0259mizl\u0259nm\u0259si<\/p>\n<\/div><\/div><div class=\"icon_list_connector\"  style=\"border-left-width: 1px;border-left-style: dashed;border-color: #333333;\"><\/div><\/li><li class=\"icon_list_item\" style=\" font-size:72px;\"><div class=\"icon_list_icon\" data-animation=\"\" data-animation-delay=\"03\" style=\"font-size:24px;border-width:1px;border-style:solid;background:#002f66;color:#ffffff;border-color:#333333;\"><img class=\"list-img-icon\" alt=\"\u015eantiye Ar\u0131tma\" src=\"https:\/\/www.anmeksan.com\/wp-content\/uploads\/2022\/05\/santiyearitma.png\"\/><\/div><div class=\"icon_description\" id=\"Info-list-wrap-3620\" style=\"font-size:24px;\"><h3 class=\"ult-responsive info-list-heading\"  data-ultimate-target='#Info-list-wrap-3620 h3'  data-responsive-json-new='{\"font-size\":\"desktop:16px;\",\"line-height\":\"desktop:24px;\"}'  style=\"\">Tikinti sah\u0259l\u0259ri<\/h3><div class=\"icon_description_text ult-responsive\"  data-ultimate-target='#Info-list-wrap-3620 .icon_description_text'  data-responsive-json-new='{\"font-size\":\"desktop:13px;\",\"line-height\":\"desktop:18px;\"}'  style=\"\"><p>Tikinti, SES, Anbar Sah\u0259l\u0259rinin T\u0259mizl\u0259nm\u0259si<\/p>\n<\/div><\/div><div class=\"icon_list_connector\"  style=\"border-left-width: 1px;border-left-style: dashed;border-color: #333333;\"><\/div><\/li><li class=\"icon_list_item\" style=\" font-size:72px;\"><div class=\"icon_list_icon\" data-animation=\"\" data-animation-delay=\"03\" style=\"font-size:24px;border-width:1px;border-style:solid;background:#002f66;color:#ffffff;border-color:#333333;\"><img class=\"list-img-icon\" alt=\"Kamp Alan\u0131 Ar\u0131tma\" src=\"https:\/\/www.anmeksan.com\/wp-content\/uploads\/2022\/05\/kamparitma.png\"\/><\/div><div class=\"icon_description\" id=\"Info-list-wrap-6267\" style=\"font-size:24px;\"><h3 class=\"ult-responsive info-list-heading\"  data-ultimate-target='#Info-list-wrap-6267 h3'  data-responsive-json-new='{\"font-size\":\"desktop:16px;\",\"line-height\":\"desktop:24px;\"}'  style=\"\">Q\u0259ssabxana<\/h3><div class=\"icon_description_text ult-responsive\"  data-ultimate-target='#Info-list-wrap-6267 .icon_description_text'  data-responsive-json-new='{\"font-size\":\"desktop:13px;\",\"line-height\":\"desktop:18px;\"}'  style=\"\"><p>K\u0259simxana \u00c7irkab Su T\u0259mizl\u0259yici Qur\u011fular<\/p>\n<\/div><\/div><div class=\"icon_list_connector\"  style=\"border-left-width: 1px;border-left-style: dashed;border-color: #333333;\"><\/div><\/li><li class=\"icon_list_item\" style=\" font-size:72px;\"><div class=\"icon_list_icon\" data-animation=\"\" data-animation-delay=\"03\" style=\"font-size:24px;border-width:1px;border-style:solid;background:#002f66;color:#ffffff;border-color:#333333;\"><img class=\"list-img-icon\" alt=\"\u00dcniversite Ar\u0131tma\" src=\"https:\/\/www.anmeksan.com\/wp-content\/uploads\/2022\/05\/universitearitma.png\"\/><\/div><div class=\"icon_description\" id=\"Info-list-wrap-6808\" style=\"font-size:24px;\"><h3 class=\"ult-responsive info-list-heading\"  data-ultimate-target='#Info-list-wrap-6808 h3'  data-responsive-json-new='{\"font-size\":\"desktop:16px;\",\"line-height\":\"desktop:24px;\"}'  style=\"\">Universitetl\u0259r<\/h3><div class=\"icon_description_text ult-responsive\"  data-ultimate-target='#Info-list-wrap-6808 .icon_description_text'  data-responsive-json-new='{\"font-size\":\"desktop:13px;\",\"line-height\":\"desktop:18px;\"}'  style=\"\"><p>Universitetl\u0259r, Kampuslar v\u0259 Sosial Sah\u0259 T\u0259kmill\u0259\u015fdirm\u0259l\u0259ri<\/p>\n<\/div><\/div><div class=\"icon_list_connector\"  style=\"border-left-width: 1px;border-left-style: dashed;border-color: #333333;\"><\/div><\/li><li class=\"icon_list_item\" style=\" font-size:72px;\"><div class=\"icon_list_icon\" data-animation=\"\" data-animation-delay=\"03\" style=\"font-size:24px;border-width:1px;border-style:solid;background:#002f66;color:#ffffff;border-color:#333333;\"><img class=\"list-img-icon\" alt=\"Yerle\u015fim Yerleri Ar\u0131tma\" src=\"https:\/\/www.anmeksan.com\/wp-content\/uploads\/2022\/05\/geciciyerlesimaritma.png\"\/><\/div><div class=\"icon_description\" id=\"Info-list-wrap-6700\" style=\"font-size:24px;\"><h3 class=\"ult-responsive info-list-heading\"  data-ultimate-target='#Info-list-wrap-6700 h3'  data-responsive-json-new='{\"font-size\":\"desktop:16px;\",\"line-height\":\"desktop:24px;\"}'  style=\"\">M\u00fcv\u0259qq\u0259ti q\u0259s\u0259b\u0259l\u0259r<\/h3><div class=\"icon_description_text ult-responsive\"  data-ultimate-target='#Info-list-wrap-6700 .icon_description_text'  data-responsive-json-new='{\"font-size\":\"desktop:13px;\",\"line-height\":\"desktop:18px;\"}'  style=\"\"><p>Qa\u00e7q\u0131nlar \u00fc\u00e7\u00fcn d\u00fc\u015f\u0259rg\u0259l\u0259r, m\u00fcv\u0259qq\u0259ti ya\u015fay\u0131\u015f m\u0259nt\u0259q\u0259l\u0259ri<\/p>\n<\/div><\/div><div class=\"icon_list_connector\"  style=\"border-left-width: 1px;border-left-style: dashed;border-color: #333333;\"><\/div><\/li><\/ul><\/div><\/div><\/div><div class=\"wpb_column vc_column_container\"><div class=\"vc_column-inner\"><div class=\"wpb_text_column us_custom_16c70a5a has_text_color\"><div class=\"wpb_wrapper\"><h2 style=\"text-align: center;\"><strong>\u0130NANIYOR<\/strong> VE KEND\u0130M\u0130ZE <strong>G\u00dcVEN\u0130YORUZ !<\/strong><\/h2>\n<\/div><\/div><div class=\"w-image us_custom_12829b65 us_animate_this align_center\"><div class=\"w-image-h\"><img width=\"300\" height=\"300\" src=\"https:\/\/www.anmeksan.com\/wp-content\/uploads\/2022\/04\/anmeksan-icon.png\" class=\"attachment-full size-full\" alt=\"Anmeksan icon\" decoding=\"async\" srcset=\"https:\/\/www.anmeksan.com\/wp-content\/uploads\/2022\/04\/anmeksan-icon.png 300w, https:\/\/www.anmeksan.com\/wp-content\/uploads\/2022\/04\/anmeksan-icon-150x150.png 150w, https:\/\/www.anmeksan.com\/wp-content\/uploads\/2022\/04\/anmeksan-icon-200x200.png 200w, https:\/\/www.anmeksan.com\/wp-content\/uploads\/2022\/04\/anmeksan-icon-100x100.png 100w\" sizes=\"(max-width: 300px) 100vw, 300px\" \/><\/div><\/div><div class=\"w-separator size_medium\"><\/div><div class=\"wpb_text_column us_custom_16c70a5a has_text_color\"><div class=\"wpb_wrapper\"><h3 style=\"text-align: center;\"><strong>F\u0259aliyy\u0259timizl\u0259,<\/strong>\u00a0h\u0259yata v\u0259 t\u0259bi\u0259t\u0259 d\u0259y\u0259r qat\u0131r\u0131q.<\/h3>\n<\/div><\/div><\/div><\/div><div class=\"wpb_column vc_column_container\"><div class=\"vc_column-inner\"><div class=\"smile_icon_list_wrap ult_info_list_container ult-adjust-bottom-margin\"><ul class=\"smile_icon_list left square with_bg\"><li class=\"icon_list_item\" style=\" font-size:72px;\"><div class=\"icon_list_icon\" data-animation=\"\" data-animation-delay=\"03\" style=\"font-size:24px;border-width:1px;border-style:solid;background:#002f66;color:#ffffff;border-color:#333333;\"><img class=\"list-img-icon\" alt=\"Otel Ar\u0131tma\" src=\"https:\/\/www.anmeksan.com\/wp-content\/uploads\/2022\/05\/otelaritma.png\"\/><\/div><div class=\"icon_description\" id=\"Info-list-wrap-9525\" style=\"font-size:24px;\"><h3 class=\"ult-responsive info-list-heading\"  data-ultimate-target='#Info-list-wrap-9525 h3'  data-responsive-json-new='{\"font-size\":\"desktop:16px;\",\"line-height\":\"desktop:24px;\"}'  style=\"\">Otell\u0259r Kurortlar, Kottecl\u0259r<\/h3><div class=\"icon_description_text ult-responsive\"  data-ultimate-target='#Info-list-wrap-9525 .icon_description_text'  data-responsive-json-new='{\"font-size\":\"desktop:13px;\",\"line-height\":\"desktop:18px;\"}'  style=\"\"><p>Otel, motel, kurort<\/p>\n<\/div><\/div><div class=\"icon_list_connector\"  style=\"border-right-width: 1px;border-right-style: dashed;border-color: #333333;\"><\/div><\/li><li class=\"icon_list_item\" style=\" font-size:72px;\"><div class=\"icon_list_icon\" data-animation=\"\" data-animation-delay=\"03\" style=\"font-size:24px;border-width:1px;border-style:solid;background:#002f66;color:#ffffff;border-color:#333333;\"><img class=\"list-img-icon\" alt=\"Fabrika Ar\u0131tma\" src=\"https:\/\/www.anmeksan.com\/wp-content\/uploads\/2022\/05\/fabrikaaritma.png\"\/><\/div><div class=\"icon_description\" id=\"Info-list-wrap-6205\" style=\"font-size:24px;\"><h3 class=\"ult-responsive info-list-heading\"  data-ultimate-target='#Info-list-wrap-6205 h3'  data-responsive-json-new='{\"font-size\":\"desktop:16px;\",\"line-height\":\"desktop:24px;\"}'  style=\"\">Fabrikl\u0259r<\/h3><div class=\"icon_description_text ult-responsive\"  data-ultimate-target='#Info-list-wrap-6205 .icon_description_text'  data-responsive-json-new='{\"font-size\":\"desktop:13px;\",\"line-height\":\"desktop:18px;\"}'  style=\"\"><p>Fabrikl\u0259r, Tekstil, S\u00fcd v\u0259 Meyv\u0259 \u00c7irkab sular\u0131n\u0131n t\u0259mizl\u0259nm\u0259si<\/p>\n<\/div><\/div><div class=\"icon_list_connector\"  style=\"border-right-width: 1px;border-right-style: dashed;border-color: #333333;\"><\/div><\/li><li class=\"icon_list_item\" style=\" font-size:72px;\"><div class=\"icon_list_icon\" data-animation=\"\" data-animation-delay=\"03\" style=\"font-size:24px;border-width:1px;border-style:solid;background:#002f66;color:#ffffff;border-color:#333333;\"><img class=\"list-img-icon\" alt=\"Belediye Ar\u0131tma\" src=\"https:\/\/www.anmeksan.com\/wp-content\/uploads\/2022\/05\/belediyearitma.png\"\/><\/div><div class=\"icon_description\" id=\"Info-list-wrap-6921\" style=\"font-size:24px;\"><h3 class=\"ult-responsive info-list-heading\"  data-ultimate-target='#Info-list-wrap-6921 h3'  data-responsive-json-new='{\"font-size\":\"desktop:16px;\",\"line-height\":\"desktop:24px;\"}'  style=\"\">B\u0259l\u0259diyy\u0259 v\u0259 K\u0259ndl\u0259r<\/h3><div class=\"icon_description_text ult-responsive\"  data-ultimate-target='#Info-list-wrap-6921 .icon_description_text'  data-responsive-json-new='{\"font-size\":\"desktop:13px;\",\"line-height\":\"desktop:18px;\"}'  style=\"\"><p>B\u0259l\u0259diyy\u0259, Rayon v\u0259 K\u0259nd M\u00fcalic\u0259l\u0259ri<\/p>\n<\/div><\/div><div class=\"icon_list_connector\"  style=\"border-right-width: 1px;border-right-style: dashed;border-color: #333333;\"><\/div><\/li><li class=\"icon_list_item\" style=\" font-size:72px;\"><div class=\"icon_list_icon\" data-animation=\"\" data-animation-delay=\"03\" style=\"font-size:24px;border-width:1px;border-style:solid;background:#002f66;color:#ffffff;border-color:#333333;\"><img class=\"list-img-icon\" alt=\"Askeri Tesisleri Ar\u0131tma\" src=\"https:\/\/www.anmeksan.com\/wp-content\/uploads\/2022\/05\/askertesisleraritma.png\"\/><\/div><div class=\"icon_description\" id=\"Info-list-wrap-8417\" style=\"font-size:24px;\"><h3 class=\"ult-responsive info-list-heading\"  data-ultimate-target='#Info-list-wrap-8417 h3'  data-responsive-json-new='{\"font-size\":\"desktop:16px;\",\"line-height\":\"desktop:24px;\"}'  style=\"\">H\u0259rbi Qur\u011fular<\/h3><div class=\"icon_description_text ult-responsive\"  data-ultimate-target='#Info-list-wrap-8417 .icon_description_text'  data-responsive-json-new='{\"font-size\":\"desktop:13px;\",\"line-height\":\"desktop:18px;\"}'  style=\"\"><p>H\u0259rbi Obyekt, T\u0259hsil Sah\u0259si \u00c7irkab Su T\u0259mizl\u0259m\u0259l\u0259ri<\/p>\n<\/div><\/div><div class=\"icon_list_connector\"  style=\"border-right-width: 1px;border-right-style: dashed;border-color: #333333;\"><\/div><\/li><li class=\"icon_list_item\" style=\" font-size:72px;\"><div class=\"icon_list_icon\" data-animation=\"\" data-animation-delay=\"03\" style=\"font-size:24px;border-width:1px;border-style:solid;background:#002f66;color:#ffffff;border-color:#333333;\"><img class=\"list-img-icon\" alt=\"Organize Sanayi Ar\u0131tma\" src=\"https:\/\/www.anmeksan.com\/wp-content\/uploads\/2022\/05\/organizearitma.png\"\/><\/div><div class=\"icon_description\" id=\"Info-list-wrap-6994\" style=\"font-size:24px;\"><h3 class=\"ult-responsive info-list-heading\"  data-ultimate-target='#Info-list-wrap-6994 h3'  data-responsive-json-new='{\"font-size\":\"desktop:16px;\",\"line-height\":\"desktop:24px;\"}'  style=\"\">M\u00fct\u0259\u015f\u0259kkil S\u0259naye Zonalar\u0131<\/h3><div class=\"icon_description_text ult-responsive\"  data-ultimate-target='#Info-list-wrap-6994 .icon_description_text'  data-responsive-json-new='{\"font-size\":\"desktop:13px;\",\"line-height\":\"desktop:18px;\"}'  style=\"\"><p>M\u00fct\u0259\u015f\u0259kkil S\u0259naye Zonalar\u0131<\/p>\n<\/div><\/div><div class=\"icon_list_connector\"  style=\"border-right-width: 1px;border-right-style: dashed;border-color: #333333;\"><\/div><\/li><\/ul><\/div><\/div><\/div><\/div><\/div><\/section>","protected":false},"excerpt":{"rendered":"Hakk\u0131m\u0131zdaAna Sayfa#BECAUSE WE ARE QUALITYAnmeksan Ar\u0131tma A.\u015e ; 2018 y\u0131l\u0131nda t\u00fcm birikim, tecr\u00fcbe ve \u00f6z kaynaklar\u0131 ile sekt\u00f6rel hedefleri do\u011frultusunda kuruldu. 2004 y\u0131l\u0131ndan itibaren, sekt\u00f6rel bilgi ve deneyimler kazanan firmam\u0131z, Ankara merkezli y\u00f6netim, teknik servis ve Ba\u015fkent organize sanayi b\u00f6lgesinde yer alan 2200 m2 kapal\u0131 \u00fcretim alan\u0131, 850 m2 a\u00e7\u0131k depolama ve sevk alan\u0131 ile...","protected":false},"author":1,"featured_media":0,"parent":0,"menu_order":0,"comment_status":"closed","ping_status":"closed","template":"","meta":{"inline_featured_image":false},"acf":[],"yoast_head":"<!-- This site is optimized with the Yoast SEO Premium plugin v18.7 (Yoast SEO v19.4) - https:\/\/yoast.com\/wordpress\/plugins\/seo\/ -->\n<title>Hakk\u0131m\u0131zda - Anmeksan Ar\u0131tma A.\u015e<\/title>\n<meta name=\"description\" content=\"Anmeksan A.\u015e, Ankara \u0130vedik OSB bulunan idari merkezi ve Ba\u015fkent OSB de bulunan fabrikas\u0131 ile paket ar\u0131tma, mbr ar\u0131tma, mbbr ar\u0131tma,\" \/>\n<meta name=\"robots\" content=\"index, follow, max-snippet:-1, max-image-preview:large, max-video-preview:-1\" \/>\n<link rel=\"canonical\" href=\"https:\/\/www.anmeksan.com\/az\/hakkimizda\/\" \/>\n<meta property=\"og:locale\" content=\"az_AZ\" \/>\n<meta property=\"og:type\" content=\"article\" \/>\n<meta property=\"og:title\" content=\"Hakk\u0131m\u0131zda\" \/>\n<meta property=\"og:description\" content=\"Anmeksan A.\u015e, Ankara \u0130vedik OSB bulunan idari merkezi ve Ba\u015fkent OSB de bulunan fabrikas\u0131 ile paket ar\u0131tma, mbr ar\u0131tma, mbbr ar\u0131tma,\" \/>\n<meta property=\"og:url\" content=\"https:\/\/www.anmeksan.com\/az\/hakkimizda\/\" \/>\n<meta property=\"og:site_name\" content=\"Anmeksan Ar\u0131tma A.\u015e\" \/>\n<meta property=\"article:publisher\" content=\"https:\/\/www.facebook.com\/anmeksan.aritmaas\" \/>\n<meta property=\"article:modified_time\" content=\"2022-06-12T11:07:00+00:00\" \/>\n<meta name=\"twitter:card\" content=\"summary_large_image\" \/>\n<meta name=\"twitter:site\" content=\"@anmeksan\" \/>\n<meta name=\"twitter:label1\" content=\"Est. reading time\" \/>\n\t<meta name=\"twitter:data1\" content=\"2 minutes\" \/>\n<!-- \/ Yoast SEO Premium plugin. -->","yoast_head_json":{"title":"Hakk\u0131m\u0131zda - Anmeksan Ar\u0131tma A.\u015e","description":"Anmeksan A.\u015e, Ankara \u0130vedik OSB bulunan idari merkezi ve Ba\u015fkent OSB de bulunan fabrikas\u0131 ile paket ar\u0131tma, mbr ar\u0131tma, mbbr ar\u0131tma,","robots":{"index":"index","follow":"follow","max-snippet":"max-snippet:-1","max-image-preview":"max-image-preview:large","max-video-preview":"max-video-preview:-1"},"canonical":"https:\/\/www.anmeksan.com\/az\/hakkimizda\/","og_locale":"az_AZ","og_type":"article","og_title":"Hakk\u0131m\u0131zda","og_description":"Anmeksan A.\u015e, Ankara \u0130vedik OSB bulunan idari merkezi ve Ba\u015fkent OSB de bulunan fabrikas\u0131 ile paket ar\u0131tma, mbr ar\u0131tma, mbbr ar\u0131tma,","og_url":"https:\/\/www.anmeksan.com\/az\/hakkimizda\/","og_site_name":"Anmeksan Ar\u0131tma A.\u015e","article_publisher":"https:\/\/www.facebook.com\/anmeksan.aritmaas","article_modified_time":"2022-06-12T11:07:00+00:00","twitter_card":"summary_large_image","twitter_site":"@anmeksan","twitter_misc":{"Est. reading time":"2 minutes"},"schema":{"@context":"https:\/\/schema.org","@graph":[{"@type":"Organization","@id":"https:\/\/www.anmeksan.com\/#organization","name":"Anmeksan Ar\u0131tma A.\u015e","url":"https:\/\/www.anmeksan.com\/","sameAs":["https:\/\/www.facebook.com\/anmeksan.aritmaas","https:\/\/twitter.com\/anmeksan"],"logo":{"@type":"ImageObject","inLanguage":"az","@id":"https:\/\/www.anmeksan.com\/#\/schema\/logo\/image\/","url":"https:\/\/www.anmeksan.com\/wp-content\/uploads\/2022\/04\/logo.svg","contentUrl":"https:\/\/www.anmeksan.com\/wp-content\/uploads\/2022\/04\/logo.svg","width":"1024","height":"1024","caption":"Anmeksan Ar\u0131tma A.\u015e"},"image":{"@id":"https:\/\/www.anmeksan.com\/#\/schema\/logo\/image\/"}},{"@type":"WebSite","@id":"https:\/\/www.anmeksan.com\/#website","url":"https:\/\/www.anmeksan.com\/","name":"Anmeksan Ar\u0131tma A.\u015e","description":"Paket Ar\u0131tma Sistemleri, MBR ve MBBR Ar\u0131tma","publisher":{"@id":"https:\/\/www.anmeksan.com\/#organization"},"potentialAction":[{"@type":"SearchAction","target":{"@type":"EntryPoint","urlTemplate":"https:\/\/www.anmeksan.com\/?s={search_term_string}"},"query-input":"required name=search_term_string"}],"inLanguage":"az"},{"@type":["WebPage","AboutPage"],"@id":"https:\/\/www.anmeksan.com\/hakkimizda\/","url":"https:\/\/www.anmeksan.com\/hakkimizda\/","name":"Hakk\u0131m\u0131zda - Anmeksan Ar\u0131tma A.\u015e","isPartOf":{"@id":"https:\/\/www.anmeksan.com\/#website"},"datePublished":"2013-05-31T11:57:37+00:00","dateModified":"2022-06-12T11:07:00+00:00","description":"Anmeksan A.\u015e, Ankara \u0130vedik OSB bulunan idari merkezi ve Ba\u015fkent OSB de bulunan fabrikas\u0131 ile paket ar\u0131tma, mbr ar\u0131tma, mbbr ar\u0131tma,","breadcrumb":{"@id":"https:\/\/www.anmeksan.com\/hakkimizda\/#breadcrumb"},"inLanguage":"az","potentialAction":[{"@type":"ReadAction","target":["https:\/\/www.anmeksan.com\/hakkimizda\/"]}]},{"@type":"BreadcrumbList","@id":"https:\/\/www.anmeksan.com\/hakkimizda\/#breadcrumb","itemListElement":[{"@type":"ListItem","position":1,"name":"Ana Sayfa","item":"https:\/\/www.anmeksan.com\/"},{"@type":"ListItem","position":2,"name":"Hakk\u0131m\u0131zda"}]}]}},"_links":{"self":[{"href":"https:\/\/www.anmeksan.com\/az\/wp-json\/wp\/v2\/pages\/12"}],"collection":[{"href":"https:\/\/www.anmeksan.com\/az\/wp-json\/wp\/v2\/pages"}],"about":[{"href":"https:\/\/www.anmeksan.com\/az\/wp-json\/wp\/v2\/types\/page"}],"author":[{"embeddable":true,"href":"https:\/\/www.anmeksan.com\/az\/wp-json\/wp\/v2\/users\/1"}],"replies":[{"embeddable":true,"href":"https:\/\/www.anmeksan.com\/az\/wp-json\/wp\/v2\/comments?post=12"}],"version-history":[{"count":0,"href":"https:\/\/www.anmeksan.com\/az\/wp-json\/wp\/v2\/pages\/12\/revisions"}],"wp:attachment":[{"href":"https:\/\/www.anmeksan.com\/az\/wp-json\/wp\/v2\/media?parent=12"}],"curies":[{"name":"wp","href":"https:\/\/api.w.org\/{rel}","templated":true}]}}