{"id":8537,"date":"2022-04-26T14:57:17","date_gmt":"2022-04-26T14:57:17","guid":{"rendered":"https:\/\/anmeksan.com\/?page_id=8537"},"modified":"2022-07-30T10:47:08","modified_gmt":"2022-07-30T10:47:08","slug":"mezbaha-atiksu-aritma-sistemleri","status":"publish","type":"page","link":"https:\/\/www.anmeksan.com\/az\/hizmetlerimiz-az\/slaughterhouse-wastewater-treatment-systems-az\/","title":{"rendered":"K\u0259simxana \u00c7irkab Su T\u0259mizl\u0259m\u0259 Sisteml\u0259ri"},"content":{"rendered":"<section class=\"l-section wpb_row height_small with_img\"><div class=\"l-section-img\" style=\"background-image: url(https:\/\/www.anmeksan.com\/wp-content\/uploads\/2022\/05\/header-anmeksan-blue.png);\" data-img-width=\"1920\" data-img-height=\"352\"><\/div><div class=\"l-section-h i-cf\"><div class=\"g-cols vc_row via_grid cols_2-1 laptops-cols_inherit tablets-cols_inherit mobiles-cols_1 valign_top type_default stacking_default\"><div class=\"wpb_column vc_column_container\"><div class=\"vc_column-inner\"><h2 class=\"w-post-elm post_title us_custom_ed05b3dd has_text_color align_left entry-title color_link_inherit\">K\u0259simxana \u00c7irkab Su T\u0259mizl\u0259m\u0259 Sisteml\u0259ri<\/h2><div class=\"w-html us_custom_6df4bc3a has_text_color\"><span><span><a href=\"https:\/\/www.anmeksan.com\/az\/\">\u018fsas S\u0259hif\u0259<\/a><\/span><\/div><div class=\"w-separator size_custom\" style=\"height:20px\"><\/div><\/div><\/div><div class=\"wpb_column vc_column_container\"><div class=\"vc_column-inner\"><div class=\"w-image align_none\"><div class=\"w-image-h\"><img width=\"150\" height=\"50\" src=\"https:\/\/www.anmeksan.com\/wp-content\/uploads\/2022\/04\/anmeksan-kalite-iso.png\" class=\"attachment-full size-full\" alt=\"Anmeksan Kalite\" decoding=\"async\" \/><\/div><\/div><div class=\"w-separator size_custom\" style=\"height:3px\"><\/div><div class=\"w-image align_none\"><div class=\"w-image-h\"><img width=\"300\" height=\"50\" src=\"https:\/\/www.anmeksan.com\/wp-content\/uploads\/2014\/09\/banner-ust-uyelik.png\" class=\"attachment-large size-large\" alt=\"Banner \u00dcyelik\" decoding=\"async\" srcset=\"https:\/\/www.anmeksan.com\/wp-content\/uploads\/2014\/09\/banner-ust-uyelik.png 300w, https:\/\/www.anmeksan.com\/wp-content\/uploads\/2014\/09\/banner-ust-uyelik-200x33.png 200w\" sizes=\"(max-width: 300px) 100vw, 300px\" \/><\/div><\/div><\/div><\/div><\/div><\/div><\/section><section class=\"l-section wpb_row height_medium\"><div class=\"l-section-h i-cf\"><div class=\"g-cols vc_row via_grid cols_1-3 laptops-cols_inherit tablets-cols_inherit mobiles-cols_1 valign_top type_default stacking_default\"><div class=\"wpb_column vc_column_container\"><div class=\"vc_column-inner\"><div class=\"w-menu layout_ver style_blocks us_menu_1\" style=\"--main-gap:5px;--main-ver-indent:0.8em;--main-hor-indent:0.8em;\"><ul id=\"menu-sol-ana-menu\" class=\"menu\"><li id=\"menu-item-8332\" class=\"menu-item menu-item-type-post_type menu-item-object-page menu-item-home menu-item-8332\"><a href=\"https:\/\/www.anmeksan.com\/az\/\"><i class=\"_mi _before dashicons dashicons-arrow-right-alt2\" aria-hidden=\"true\"><\/i><span>\u018fsas S\u0259hif\u0259<\/span><\/a><\/li><li id=\"menu-item-8557\" class=\"menu-item menu-item-type-post_type menu-item-object-page menu-item-8557\"><a href=\"https:\/\/www.anmeksan.com\/az\/hizmetlerimiz-az\/\"><i class=\"_mi _before dashicons dashicons-arrow-right-alt2\" aria-hidden=\"true\"><\/i><span>Xidm\u0259tl\u0259r<\/span><\/a><\/li><li id=\"menu-item-8333\" class=\"menu-item menu-item-type-post_type menu-item-object-page menu-item-8333\"><a href=\"https:\/\/www.anmeksan.com\/az\/projeler\/\"><i class=\"_mi _before dashicons dashicons-arrow-right-alt2\" aria-hidden=\"true\"><\/i><span>Layih\u0259l\u0259r<\/span><\/a><\/li><li id=\"menu-item-8911\" class=\"menu-item menu-item-type-taxonomy menu-item-object-category menu-item-8911\"><a href=\"https:\/\/www.anmeksan.com\/az\/category\/haberler\/\"><i class=\"_mi _before dashicons dashicons-arrow-right-alt2\" aria-hidden=\"true\"><\/i><span>X\u0259b\u0259rl\u0259r<\/span><\/a><\/li><li id=\"menu-item-8912\" class=\"menu-item menu-item-type-post_type menu-item-object-page menu-item-8912\"><a href=\"https:\/\/www.anmeksan.com\/az\/blog\/\"><i class=\"_mi _before dashicons dashicons-arrow-right-alt2\" aria-hidden=\"true\"><\/i><span>Bloq<\/span><\/a><\/li><li id=\"menu-item-8338\" class=\"menu-item menu-item-type-post_type menu-item-object-page menu-item-8338\"><a href=\"https:\/\/www.anmeksan.com\/az\/iletisim\/\"><i class=\"_mi _before dashicons dashicons-arrow-right-alt2\" aria-hidden=\"true\"><\/i><span>\u018flaq\u0259<\/span><\/a><\/li><\/ul><style>.us_menu_1 .menu>li>a{background:#e8e8e8}.us_menu_1 .menu>li>a{color:#002f66}.us_menu_1 .menu>.menu-item:not(.current-menu-item)>a:hover{background:#002f66}.us_menu_1 .menu>.menu-item:not(.current-menu-item)>a:hover{color:#ffffff}.us_menu_1 .menu>.current-menu-item>a{background:#00b032}.us_menu_1 .menu>.current-menu-item>a{color:#ffffff}@media ( max-width:600px ){.us_menu_1 .menu{display:block!important}.us_menu_1 .menu>li{margin:0 0 var(--main-gap,5px)!important}}<\/style><\/div><div class=\"w-separator size_custom\" style=\"height:10px\"><\/div><div class=\"w-btn-wrapper width_full\"><a class=\"w-btn us-btn-style_6 us_custom_1f257949 icon_atleft\" title=\"KATALOQLAR\" href=\"https:\/\/www.anmeksan.com\/az\/katalog\/\"><i class=\"fas fa-file-pdf\"><\/i><span class=\"w-btn-label\">KATALOQLAR<\/span><\/a><\/div><div class=\"w-btn-wrapper width_full\"><a class=\"w-btn us-btn-style_8 us_custom_1f257949 icon_atleft\" title=\"Kotirovka sor\u011fular\u0131\" href=\"\/az\/teklif-telepleri\/\"><i class=\"fas fa-file-edit\"><\/i><span class=\"w-btn-label\">T\u018fKL\u0130F SOR\u011eU<\/span><\/a><\/div><div class=\"w-btn-wrapper width_full\"><a class=\"w-btn us-btn-style_9 us_custom_1f257949 icon_atleft\" title=\"DILER\" href=\"https:\/\/www.anmeksan.com\/az\/temsilcilik-basvurusu\/\"><i class=\"fas fa-file-alt\"><\/i><span class=\"w-btn-label\">DILER<\/span><\/a><\/div><div class=\"w-sharing type_solid align_center color_default\"><div class=\"w-sharing-list\" data-content-image=\"true\"><a class=\"w-sharing-item email\" href=\"mailto:?subject=Mezbaha At\u0131ksu Ar\u0131tma Sistemleri&amp;body=https:\/\/www.anmeksan.com\/az\/wp-json\/wp\/v2\/pages\/8537\" title=\"Email this\" aria-label=\"Email this\"><i class=\"fas fa-envelope\"><\/i><\/a><a class=\"w-sharing-item facebook\" href=\"https:\/\/www.facebook.com\/sharer\/sharer.php?u=https:\/\/www.anmeksan.com\/az\/wp-json\/wp\/v2\/pages\/8537&amp;quote=Mezbaha At\u0131ksu Ar\u0131tma Sistemleri\" title=\"Share this\" aria-label=\"Share this\" onclick=\"window.open(this.href, &quot;facebook&quot;, &quot;toolbar=0,width=900,height=500&quot;); return false;\"><i class=\"fab fa-facebook\"><\/i><\/a><a class=\"w-sharing-item twitter\" href=\"https:\/\/twitter.com\/intent\/tweet?text=Mezbaha At\u0131ksu Ar\u0131tma Sistemleri&amp;url=https:\/\/www.anmeksan.com\/az\/wp-json\/wp\/v2\/pages\/8537\" title=\"Tweet this\" aria-label=\"Tweet this\" onclick=\"window.open(this.href, &quot;twitter&quot;, &quot;toolbar=0,width=650,height=360&quot;); return false;\"><i class=\"fab fa-twitter\"><\/i><\/a><a class=\"w-sharing-item linkedin\" href=\"https:\/\/www.linkedin.com\/shareArticle?mini=true&amp;url=https:\/\/www.anmeksan.com\/az\/wp-json\/wp\/v2\/pages\/8537\" title=\"Share this\" aria-label=\"Share this\" onclick=\"window.open(this.href, &quot;linkedin&quot;, &quot;toolbar=no,width=550,height=550&quot;); return false;\"><i class=\"fab fa-linkedin\"><\/i><\/a><a class=\"w-sharing-item whatsapp\" href=\"https:\/\/web.whatsapp.com\/send?text=Mezbaha At\u0131ksu Ar\u0131tma Sistemleri https:\/\/www.anmeksan.com\/az\/wp-json\/wp\/v2\/pages\/8537\" title=\"Share this\" aria-label=\"Share this\" onclick=\"window.open(this.href, &quot;whatsapp&quot;, &quot;toolbar=0,width=900,height=500&quot;); return false;\"><i class=\"fab fa-whatsapp\"><\/i><\/a><\/div><\/div><\/div><\/div><div class=\"wpb_column vc_column_container\"><div class=\"vc_column-inner\"><h1 style=\"text-align: left;font-family:Roboto;font-weight:900;font-style:normal\" class=\"vc_custom_heading us_custom_16c70a5a\" >Q\u018fS\u018fMB\u018fL\u018fR\u0130N tullant\u0131 SULARININ T\u018fM\u0130L S\u0130STEMLER\u0130<\/h1><div class=\"w-image align_none\"><div class=\"w-image-h\"><img width=\"800\" height=\"250\" src=\"https:\/\/www.anmeksan.com\/wp-content\/uploads\/2022\/05\/mezbaha.png\" class=\"attachment-full size-full\" alt=\"K\u0259simxana \u00c7irkab Su T\u0259mizl\u0259m\u0259 Sisteml\u0259ri\" decoding=\"async\" srcset=\"https:\/\/www.anmeksan.com\/wp-content\/uploads\/2022\/05\/mezbaha.png 800w, https:\/\/www.anmeksan.com\/wp-content\/uploads\/2022\/05\/mezbaha-300x94.png 300w, https:\/\/www.anmeksan.com\/wp-content\/uploads\/2022\/05\/mezbaha-200x63.png 200w\" sizes=\"(max-width: 800px) 100vw, 800px\" \/><\/div><\/div><div class=\"w-separator size_custom\" style=\"height:10px\"><\/div><div class=\"wpb_text_column us_custom_432d3f53\"><div class=\"wpb_wrapper\"><p>Q\u0259ssabxana \u00c7irkab Su T\u0259mizl\u0259m\u0259 Sisteml\u0259ri; Mal-qara v\u0259 qoyun k\u0259sim m\u0259nt\u0259q\u0259l\u0259rind\u0259n v\u0259 k\u0259sim m\u0259nt\u0259q\u0259l\u0259rind\u0259n yaranan tullant\u0131 sular\u0131 fiziki, bioloji v\u0259 kimy\u0259vi t\u0259mizl\u0259m\u0259 prosesl\u0259rind\u0259n istifad\u0259 edilm\u0259kl\u0259 m\u00fcvafiq ax\u0131dma standartlar\u0131nda t\u0259mizl\u0259nir.<\/p>\n<p>K\u0259simxana \u00e7irkab sular\u0131n\u0131n t\u0259mizl\u0259nm\u0259si; G\u00fccl\u00fc \u00e7irkl\u0259nm\u0259 v\u0259 neft t\u0259rkibli tullant\u0131 sular\u0131ndan biridir. Layih\u0259 m\u00fcvafiq atq\u0131 sah\u0259sin\u0259 uy\u011fun olaraq haz\u0131rlanmal\u0131d\u0131r. Avadanl\u0131qlar\u0131n v\u0259 prosesin d\u00fczg\u00fcn se\u00e7ilm\u0259si k\u0259sim m\u0259nt\u0259q\u0259l\u0259rind\u0259 v\u0259 k\u0259sim m\u0259nt\u0259q\u0259l\u0259rind\u0259 daha \u00e7ox \u0259h\u0259miyy\u0259t k\u0259sb edir. Obyektl\u0259rd\u0259 fiziki t\u0259mizl\u0259m\u0259 prosesind\u0259 b\u0259rk madd\u0259l\u0259r v\u0259 ya\u011f b\u00fct\u00fcn obyekt\u0259 \u00f6t\u00fcr\u00fclm\u0259d\u0259n giri\u015f strukturunda saxlanmal\u0131d\u0131r.<\/p>\n<\/div><\/div><div class=\"w-separator size_custom\" style=\"height:20px\"><\/div><div class=\"wpb_text_column us_custom_432d3f53\"><div class=\"wpb_wrapper\"><p>Q\u0259ssabxana tullant\u0131 sular\u0131n\u0131n t\u0259mizl\u0259nm\u0259si sisteml\u0259ri v\u0259 inteqrasiya olunmu\u015f \u0259t qur\u011fular\u0131 qida s\u0259nayesi s\u0259nayesind\u0259 m\u00fcxt\u0259lif n\u00f6v obyektl\u0259rdir. Bu s\u0259b\u0259bd\u0259n, k\u0259sim m\u0259nt\u0259q\u0259l\u0259rind\u0259 v\u0259 inteqrasiya olunmu\u015f \u0259t m\u00fc\u0259ssis\u0259l\u0259rind\u0259 istehlak edil\u0259n suyun miqdar\u0131 v\u0259 yaranan tullant\u0131 sular\u0131n\u0131n miqdar\u0131 f\u0259rqli ola bil\u0259r. \u0130stehlak edil\u0259n v\u0259 \u0259m\u0259l\u0259 g\u0259l\u0259n tullant\u0131 suyun miqdar\u0131 k\u0259sil\u0259n heyvanlar\u0131n say\u0131ndan, heyvan\u0131n iribuynuzlu v\u0259 ya iribuynuzlu olmas\u0131ndan, heyvan\u0131n \u00e7\u0259kisind\u0259n, m\u00fc\u0259ssis\u0259d\u0259 istifad\u0259 olunan texnologiyadan, tullant\u0131 suyunun prosesd\u0259 t\u0259krar istifad\u0259 edilib-edilm\u0259m\u0259sind\u0259n, k\u0259sim n\u0259tic\u0259sind\u0259 \u0259m\u0259l\u0259 g\u0259l\u0259n qan toplan\u0131r ya da y\u0131\u011f\u0131lmaz, daxili orqanlar\u0131n tullant\u0131 su il\u0259 qar\u0131\u015fmas\u0131ndan as\u0131l\u0131 olmayaraq. .<\/p>\n<\/div><\/div><div class=\"w-separator size_custom\" style=\"height:20px\"><\/div><div class=\"wpb_text_column us_custom_432d3f53\"><div class=\"wpb_wrapper\"><p>G\u00f6r\u00fcn\u00fcr ki, k\u0259sim m\u0259nt\u0259q\u0259si tullant\u0131 sular\u0131n\u0131n KO\u0130 d\u0259y\u0259ri 3500 \u2013 12150 mq\/L, BOI d\u0259y\u0259ri 1200 \u2013 2000 mq\/L, Ya\u011f v\u0259 ya\u011f d\u0259y\u0259ri 90 \u2013 2750 aral\u0131\u011f\u0131ndad\u0131r. mq\/l, AKM d\u0259y\u0259ri is\u0259 400 \u2013 2500 mq\/L aral\u0131\u011f\u0131ndad\u0131r.<\/p>\n<p>\u00c7irkab sular\u0131n xarakteristikas\u0131 d\u0259y\u0259rl\u0259rinin geni\u015f diapazonu; qan tutma s\u0259m\u0259r\u0259liliyi su istifad\u0259si, k\u0259sil\u0259n heyvan\u0131n n\u00f6v\u00fc v\u0259 \u0259t emal\u0131n\u0131n miqdar\u0131 kimi amill\u0259rd\u0259n as\u0131l\u0131d\u0131r<\/p>\n<\/div><\/div><div class=\"g-cols wpb_row via_grid cols_1 laptops-cols_inherit tablets-cols_inherit mobiles-cols_1 valign_top type_default stacking_default\"><div class=\"wpb_column vc_column_container\"><div class=\"vc_column-inner\"><div class=\"w-separator size_custom\" style=\"height:20px\"><\/div><h3 style=\"color: #565656;text-align: left;font-family:Roboto;font-weight:900;font-style:normal\" class=\"vc_custom_heading us_custom_16c70a5a\" >KES\u0130M M\u00dcAL\u0130C\u018f S\u0130STEMLER\u0130 LAY\u0130H\u018fL\u018fR\u0130<\/h3><div class=\"w-separator size_custom\" style=\"height:20px\"><\/div><div class=\"w-grid type_grid layout_gallery_default cols_5\" id=\"us_grid_1\" data-filterable=\"true\"><style>#us_grid_1 .w-grid-item{padding:5px}#us_grid_1 .w-grid-list{margin:-5px}.w-grid + #us_grid_1 .w-grid-list,.w-grid-none + #us_grid_1 .w-grid-list{margin-top:5px}@media (max-width:1199px){#us_grid_1 .w-grid-item{width:33.3333%}}@media (max-width:899px){#us_grid_1 .w-grid-item{width:50%}}@media (max-width:599px){#us_grid_1 .w-grid-list{margin:0}#us_grid_1 .w-grid-item{width:100%;padding:0;margin-bottom:5px}}.layout_gallery_default .w-grid-item-h{}<\/style><div class=\"w-grid-list\">\t<article class=\"w-grid-item post-8107 attachment type-attachment status-inherit hentry\" data-id=\"8107\">\n\t\t<div class=\"w-grid-item-h\">\n\t\t\t\t\t\t\t<a class=\"w-grid-item-anchor\" href=\"https:\/\/www.anmeksan.com\/wp-content\/uploads\/2014\/09\/gorsel-hazirlaniyor-anmeksan.png\" ref=\"magnificPopupGrid\" title=\"G\u00f6rsel Haz\u0131rlan\u0131yor\"><\/a>\n\t\t\t\t\t\t<div class=\"w-post-elm post_image usg_post_image_1 stretched\"><img width=\"760\" height=\"400\" src=\"https:\/\/www.anmeksan.com\/wp-content\/uploads\/2014\/09\/gorsel-hazirlaniyor-anmeksan.png\" class=\"attachment-us_600_600_crop size-us_600_600_crop\" alt=\"G\u00f6rsel Haz\u0131rlan\u0131yor\" decoding=\"async\" srcset=\"https:\/\/www.anmeksan.com\/wp-content\/uploads\/2014\/09\/gorsel-hazirlaniyor-anmeksan.png 760w, https:\/\/www.anmeksan.com\/wp-content\/uploads\/2014\/09\/gorsel-hazirlaniyor-anmeksan-300x158.png 300w, https:\/\/www.anmeksan.com\/wp-content\/uploads\/2014\/09\/gorsel-hazirlaniyor-anmeksan-200x105.png 200w, https:\/\/www.anmeksan.com\/wp-content\/uploads\/2014\/09\/gorsel-hazirlaniyor-anmeksan-190x100.png 190w\" sizes=\"(max-width: 760px) 100vw, 760px\" \/><\/div>\t\t<\/div>\n\t<\/article>\n<\/div><div class=\"w-grid-preloader\"><div class=\"g-preloader type_1\">\n\t<div><\/div>\n<\/div>\n<\/div>\t<div class=\"w-grid-json hidden\" onclick='return {&quot;action&quot;:&quot;us_ajax_grid&quot;,&quot;ajax_url&quot;:&quot;https:\\\/\\\/www.anmeksan.com\\\/wp-admin\\\/admin-ajax.php&quot;,&quot;infinite_scroll&quot;:0,&quot;max_num_pages&quot;:1,&quot;pagination&quot;:&quot;none&quot;,&quot;permalink_url&quot;:&quot;https:\\\/\\\/www.anmeksan.com\\\/az\\\/wp-json\\\/wp\\\/v2\\\/pages\\\/8537&quot;,&quot;template_vars&quot;:{&quot;columns&quot;:&quot;5&quot;,&quot;exclude_items&quot;:&quot;none&quot;,&quot;img_size&quot;:&quot;default&quot;,&quot;ignore_items_size&quot;:false,&quot;items_layout&quot;:&quot;gallery_default&quot;,&quot;items_offset&quot;:&quot;1&quot;,&quot;load_animation&quot;:&quot;none&quot;,&quot;overriding_link&quot;:&quot;popup_post_image&quot;,&quot;post_id&quot;:8537,&quot;query_args&quot;:{&quot;post_type&quot;:[&quot;attachment&quot;],&quot;post__in&quot;:[&quot;8107&quot;],&quot;post_status&quot;:&quot;inherit&quot;,&quot;post_mime_type&quot;:&quot;image&quot;,&quot;posts_per_page&quot;:&quot;10&quot;},&quot;orderby_query_args&quot;:{&quot;orderby&quot;:{&quot;date&quot;:&quot;DESC&quot;}},&quot;type&quot;:&quot;grid&quot;,&quot;us_grid_ajax_index&quot;:1,&quot;us_grid_filter_params&quot;:null,&quot;us_grid_index&quot;:1,&quot;_us_grid_post_type&quot;:&quot;attachment&quot;}}'><\/div>\n\t<\/div><\/div><\/div><\/div><\/div><\/div><\/div><\/div><\/section>","protected":false},"excerpt":{"rendered":"G\u00f6rsel Haz\u0131rlan\u0131yor","protected":false},"author":1,"featured_media":0,"parent":8553,"menu_order":0,"comment_status":"closed","ping_status":"closed","template":"","meta":{"inline_featured_image":false},"acf":[],"yoast_head":"<!-- This site is optimized with the Yoast SEO Premium plugin v18.7 (Yoast SEO v19.4) - https:\/\/yoast.com\/wordpress\/plugins\/seo\/ -->\n<title>Mezbaha At\u0131ksu Ar\u0131tma Sistemleri - Anmeksan Ar\u0131tma A.\u015e<\/title>\n<meta name=\"description\" content=\"Mezbaha at\u0131ksu ar\u0131tma sistemleri, kesimhane at\u0131ksu ar\u0131tma, tavuk k\u00fcmes ar\u0131tma, mekanik ekipman imalat\u0131, tkdk ar\u0131tma, ipard ar\u0131tma,\" \/>\n<meta name=\"robots\" content=\"index, follow, max-snippet:-1, max-image-preview:large, max-video-preview:-1\" \/>\n<link rel=\"canonical\" href=\"https:\/\/www.anmeksan.com\/az\/hizmetlerimiz-az\/slaughterhouse-wastewater-treatment-systems-az\/\" \/>\n<meta property=\"og:locale\" content=\"az_AZ\" \/>\n<meta property=\"og:type\" content=\"article\" \/>\n<meta property=\"og:title\" content=\"Mezbaha At\u0131ksu Ar\u0131tma Sistemleri\" \/>\n<meta property=\"og:description\" content=\"Mezbaha at\u0131ksu ar\u0131tma sistemleri, kesimhane at\u0131ksu ar\u0131tma, tavuk k\u00fcmes ar\u0131tma, mekanik ekipman imalat\u0131, tkdk ar\u0131tma, ipard ar\u0131tma,\" \/>\n<meta property=\"og:url\" content=\"https:\/\/www.anmeksan.com\/az\/hizmetlerimiz-az\/slaughterhouse-wastewater-treatment-systems-az\/\" \/>\n<meta property=\"og:site_name\" content=\"Anmeksan Ar\u0131tma A.\u015e\" \/>\n<meta property=\"article:publisher\" content=\"https:\/\/www.facebook.com\/anmeksan.aritmaas\" \/>\n<meta property=\"article:modified_time\" content=\"2022-07-30T10:47:08+00:00\" \/>\n<meta name=\"twitter:card\" content=\"summary_large_image\" \/>\n<meta name=\"twitter:site\" content=\"@anmeksan\" \/>\n<meta name=\"twitter:label1\" content=\"Est. reading time\" \/>\n\t<meta name=\"twitter:data1\" content=\"2 minutes\" \/>\n<!-- \/ Yoast SEO Premium plugin. -->","yoast_head_json":{"title":"Mezbaha At\u0131ksu Ar\u0131tma Sistemleri - Anmeksan Ar\u0131tma A.\u015e","description":"Mezbaha at\u0131ksu ar\u0131tma sistemleri, kesimhane at\u0131ksu ar\u0131tma, tavuk k\u00fcmes ar\u0131tma, mekanik ekipman imalat\u0131, tkdk ar\u0131tma, ipard ar\u0131tma,","robots":{"index":"index","follow":"follow","max-snippet":"max-snippet:-1","max-image-preview":"max-image-preview:large","max-video-preview":"max-video-preview:-1"},"canonical":"https:\/\/www.anmeksan.com\/az\/hizmetlerimiz-az\/slaughterhouse-wastewater-treatment-systems-az\/","og_locale":"az_AZ","og_type":"article","og_title":"Mezbaha At\u0131ksu Ar\u0131tma Sistemleri","og_description":"Mezbaha at\u0131ksu ar\u0131tma sistemleri, kesimhane at\u0131ksu ar\u0131tma, tavuk k\u00fcmes ar\u0131tma, mekanik ekipman imalat\u0131, tkdk ar\u0131tma, ipard ar\u0131tma,","og_url":"https:\/\/www.anmeksan.com\/az\/hizmetlerimiz-az\/slaughterhouse-wastewater-treatment-systems-az\/","og_site_name":"Anmeksan Ar\u0131tma A.\u015e","article_publisher":"https:\/\/www.facebook.com\/anmeksan.aritmaas","article_modified_time":"2022-07-30T10:47:08+00:00","twitter_card":"summary_large_image","twitter_site":"@anmeksan","twitter_misc":{"Est. reading time":"2 minutes"},"schema":{"@context":"https:\/\/schema.org","@graph":[{"@type":"Organization","@id":"https:\/\/www.anmeksan.com\/#organization","name":"Anmeksan Ar\u0131tma A.\u015e","url":"https:\/\/www.anmeksan.com\/","sameAs":["https:\/\/www.facebook.com\/anmeksan.aritmaas","https:\/\/twitter.com\/anmeksan"],"logo":{"@type":"ImageObject","inLanguage":"az","@id":"https:\/\/www.anmeksan.com\/#\/schema\/logo\/image\/","url":"https:\/\/www.anmeksan.com\/wp-content\/uploads\/2022\/04\/logo.svg","contentUrl":"https:\/\/www.anmeksan.com\/wp-content\/uploads\/2022\/04\/logo.svg","width":"1024","height":"1024","caption":"Anmeksan Ar\u0131tma A.\u015e"},"image":{"@id":"https:\/\/www.anmeksan.com\/#\/schema\/logo\/image\/"}},{"@type":"WebSite","@id":"https:\/\/www.anmeksan.com\/#website","url":"https:\/\/www.anmeksan.com\/","name":"Anmeksan Ar\u0131tma A.\u015e","description":"Paket Ar\u0131tma Sistemleri, MBR ve MBBR Ar\u0131tma","publisher":{"@id":"https:\/\/www.anmeksan.com\/#organization"},"potentialAction":[{"@type":"SearchAction","target":{"@type":"EntryPoint","urlTemplate":"https:\/\/www.anmeksan.com\/?s={search_term_string}"},"query-input":"required name=search_term_string"}],"inLanguage":"az"},{"@type":"WebPage","@id":"https:\/\/www.anmeksan.com\/hizmetlerimiz\/mezbaha-atiksu-aritma-sistemleri\/","url":"https:\/\/www.anmeksan.com\/hizmetlerimiz\/mezbaha-atiksu-aritma-sistemleri\/","name":"Mezbaha At\u0131ksu Ar\u0131tma Sistemleri - Anmeksan Ar\u0131tma A.\u015e","isPartOf":{"@id":"https:\/\/www.anmeksan.com\/#website"},"datePublished":"2022-04-26T14:57:17+00:00","dateModified":"2022-07-30T10:47:08+00:00","description":"Mezbaha at\u0131ksu ar\u0131tma sistemleri, kesimhane at\u0131ksu ar\u0131tma, tavuk k\u00fcmes ar\u0131tma, mekanik ekipman imalat\u0131, tkdk ar\u0131tma, ipard ar\u0131tma,","breadcrumb":{"@id":"https:\/\/www.anmeksan.com\/hizmetlerimiz\/mezbaha-atiksu-aritma-sistemleri\/#breadcrumb"},"inLanguage":"az","potentialAction":[{"@type":"ReadAction","target":["https:\/\/www.anmeksan.com\/hizmetlerimiz\/mezbaha-atiksu-aritma-sistemleri\/"]}]},{"@type":"BreadcrumbList","@id":"https:\/\/www.anmeksan.com\/hizmetlerimiz\/mezbaha-atiksu-aritma-sistemleri\/#breadcrumb","itemListElement":[{"@type":"ListItem","position":1,"name":"Ana Sayfa","item":"https:\/\/www.anmeksan.com\/"},{"@type":"ListItem","position":2,"name":"Hizmetlerimiz","item":"https:\/\/www.anmeksan.com\/hizmetlerimiz\/"},{"@type":"ListItem","position":3,"name":"Mezbaha At\u0131ksu Ar\u0131tma Sistemleri"}]}]}},"_links":{"self":[{"href":"https:\/\/www.anmeksan.com\/az\/wp-json\/wp\/v2\/pages\/8537"}],"collection":[{"href":"https:\/\/www.anmeksan.com\/az\/wp-json\/wp\/v2\/pages"}],"about":[{"href":"https:\/\/www.anmeksan.com\/az\/wp-json\/wp\/v2\/types\/page"}],"author":[{"embeddable":true,"href":"https:\/\/www.anmeksan.com\/az\/wp-json\/wp\/v2\/users\/1"}],"replies":[{"embeddable":true,"href":"https:\/\/www.anmeksan.com\/az\/wp-json\/wp\/v2\/comments?post=8537"}],"version-history":[{"count":0,"href":"https:\/\/www.anmeksan.com\/az\/wp-json\/wp\/v2\/pages\/8537\/revisions"}],"up":[{"embeddable":true,"href":"https:\/\/www.anmeksan.com\/az\/wp-json\/wp\/v2\/pages\/8553"}],"wp:attachment":[{"href":"https:\/\/www.anmeksan.com\/az\/wp-json\/wp\/v2\/media?parent=8537"}],"curies":[{"name":"wp","href":"https:\/\/api.w.org\/{rel}","templated":true}]}}