{"id":8553,"date":"2022-04-26T17:43:53","date_gmt":"2022-04-26T17:43:53","guid":{"rendered":"https:\/\/anmeksan.com\/?page_id=8553"},"modified":"2022-08-01T07:35:31","modified_gmt":"2022-08-01T07:35:31","slug":"hizmetlerimiz","status":"publish","type":"page","link":"https:\/\/www.anmeksan.com\/az\/hizmetlerimiz-az\/","title":{"rendered":"Xidm\u0259tl\u0259r"},"content":{"rendered":"<section class=\"l-section wpb_row height_small with_img\"><div class=\"l-section-img\" style=\"background-image: url(https:\/\/www.anmeksan.com\/wp-content\/uploads\/2022\/05\/anmeksan-arkaplan.jpg);\" data-img-width=\"1920\" data-img-height=\"1128\"><\/div><div class=\"l-section-h i-cf\"><div class=\"g-cols vc_row via_grid cols_3 laptops-cols_inherit tablets-cols_inherit mobiles-cols_1 valign_top type_default stacking_default\"><div class=\"wpb_column vc_column_container\"><div class=\"vc_column-inner\"><div class=\"w-ibanner us_custom_657b9349 animation_phorcys ratio_3x2 easing_ease\"><div class=\"w-ibanner-h\"><div class=\"w-ibanner-image\" style=\"background-image: url(https:\/\/www.anmeksan.com\/wp-content\/uploads\/2022\/04\/paket-aritma-1024x768.jpg)\"><\/div><div class=\"w-ibanner-content\"><div class=\"w-ibanner-content-h\"><h3 class=\"w-ibanner-title\">\u00c7ALIQ SULARININ T\u018fM\u0130L S\u0130STEMLER\u0130<\/h3><div class=\"w-ibanner-desc\"><p>Kanalizasiya SBR, STP, Paket Tullant\u0131 Sular\u0131n\u0131n t\u0259mizl\u0259nm\u0259si il\u0259 100-1000 n\u0259f\u0259rlik s\u00fcr\u0259tli v\u0259 q\u0259na\u0259tcil h\u0259ll\u0259r.<\/p>\n<\/div><\/div><\/div><\/div><a title=\"Paket M\u00fcalic\u0259 Sisteml\u0259ri\" href=\"\/az\/hizmetlerimiz\/paket-aritma-sistemleri\/\" aria-label=\"\u00c7ALIQ SULARININ T\u018fM\u0130L S\u0130STEMLER\u0130\"><\/a><\/div><div class=\"wpb_text_column\"><div class=\"wpb_wrapper\"><p>M\u0259i\u015f\u0259t, Bioloji v\u0259 Kimy\u0259vi Paket \u00c7irkab Su T\u0259mizl\u0259yici Qur\u011fular\u0131 il\u0259 s\u00fcr\u0259tli v\u0259 q\u0259na\u0259tli h\u0259ll\u0259r t\u0259klif edirik. Fabrikimizd\u0259 100% keyfiyy\u0259tli istehsal.<\/p>\n<\/div><\/div><div class=\"w-btn-wrapper width_full\"><a class=\"w-btn us-btn-style_6 icon_atleft\" title=\"Paket Tullant\u0131 Su T\u0259mizl\u0259m\u0259 Sisteml\u0259ri\" href=\"https:\/\/www.anmeksan.com\/az\/hizmetlerimiz-az\/package-wastewater-treatment-systems-az\/\"><i class=\"fas fa-info-square\"><\/i><span class=\"w-btn-label\">\u018fTRAFLI \u2026<\/span><\/a><\/div><div class=\"w-separator size_small\"><\/div><div class=\"w-ibanner us_custom_657b9349 animation_phorcys ratio_3x2 easing_ease\"><div class=\"w-ibanner-h\"><div class=\"w-ibanner-image\" style=\"background-image: url(https:\/\/www.anmeksan.com\/wp-content\/uploads\/2022\/04\/mbr-aritma.jpg)\"><\/div><div class=\"w-ibanner-content\"><div class=\"w-ibanner-content-h\"><h3 class=\"w-ibanner-title\">MBR TULLANTI SULARININ T\u018fM\u0130ZL\u018fNM\u018f S\u0130STEML\u018fR\u0130<\/h3><div class=\"w-ibanner-desc\"><p>MBR (Membran Bioreaktor) Bioloji v\u0259 s\u0259naye qabaqc\u0131l t\u0259mizl\u0259m\u0259 texnologiyalar\u0131.<\/p>\n<\/div><\/div><\/div><\/div><a title=\"MBR \u00c7irkab Su T\u0259mizl\u0259m\u0259 Sisteml\u0259ri\" href=\"\/az\/hizmetlerimiz\/mbr-atiksu-aritma-sistemleri\/\" aria-label=\"MBR TULLANTI SULARININ T\u018fM\u0130ZL\u018fNM\u018f S\u0130STEML\u018fR\u0130\"><\/a><\/div><div class=\"wpb_text_column\"><div class=\"wpb_wrapper\"><p>Y\u00fcks\u0259k tutumlu MBR tullant\u0131 sular\u0131n\u0131n t\u0259mizl\u0259nm\u0259si sisteml\u0259ri, y\u00fcks\u0259k t\u0259mizl\u0259nm\u0259 s\u0259m\u0259r\u0259liliyi v\u0259 \u00e7irkab sular\u0131n b\u0259rpas\u0131 sisteml\u0259ri.<\/p>\n<\/div><\/div><div class=\"w-btn-wrapper width_full\"><a class=\"w-btn us-btn-style_6 icon_atleft\" title=\"Paket Tullant\u0131 Su T\u0259mizl\u0259m\u0259 Sisteml\u0259ri\" href=\"https:\/\/www.anmeksan.com\/az\/hizmetlerimiz-az\/mbr-aritma-sistemleri\/\"><i class=\"fas fa-info-square\"><\/i><span class=\"w-btn-label\">\u018fTRAFLI \u2026<\/span><\/a><\/div><div class=\"w-separator size_small\"><\/div><div class=\"w-ibanner us_custom_657b9349 animation_phorcys ratio_3x2 easing_ease\"><div class=\"w-ibanner-h\"><div class=\"w-ibanner-image\" style=\"background-image: url(https:\/\/www.anmeksan.com\/wp-content\/uploads\/2022\/04\/mekanik-ekipman-1001x1024.jpg)\"><\/div><div class=\"w-ibanner-content\"><div class=\"w-ibanner-content-h\"><h3 class=\"w-ibanner-title\">MEXAN\u0130KA AVADANLIQ \u0130STEHSALI<\/h3><div class=\"w-ibanner-desc\"><p>Ekranlar, Filtr Presl\u0259ri, DAF, Ya\u011f Separatorlar\u0131, Mikserl\u0259r v\u0259 X\u00fcsusi \u0130stehsal.<\/p>\n<\/div><\/div><\/div><\/div><a title=\"Mexaniki Avadanl\u0131q \u0130stehsal\u0131\" href=\"https:\/\/www.anmeksan.com\/az\/hizmetlerimiz-az\/mekanik-ekipman-imalatlari\/\" aria-label=\"MEXAN\u0130KA AVADANLIQ \u0130STEHSALI\"><\/a><\/div><div class=\"wpb_text_column\"><div class=\"wpb_wrapper\"><p>\u00c7irkab su t\u0259mizl\u0259yici qur\u011fular, mexaniki avadanl\u0131qlar v\u0259 lil susuzla\u015fd\u0131rma sisteml\u0259ri il\u0259 problemsiz v\u0259 keyfiyy\u0259tli istehsallar.<\/p>\n<\/div><\/div><div class=\"w-btn-wrapper width_full\"><a class=\"w-btn us-btn-style_6 icon_atleft\" title=\"Paket Tullant\u0131 Su T\u0259mizl\u0259m\u0259 Sisteml\u0259ri\" href=\"https:\/\/www.anmeksan.com\/az\/hizmetlerimiz-az\/mekanik-ekipman-imalatlari\/\"><i class=\"fas fa-info-square\"><\/i><span class=\"w-btn-label\">\u018fTRAFLI \u2026<\/span><\/a><\/div><\/div><\/div><div class=\"wpb_column vc_column_container\"><div class=\"vc_column-inner\"><div class=\"w-ibanner us_custom_657b9349 animation_phorcys ratio_3x2 easing_ease\"><div class=\"w-ibanner-h\"><div class=\"w-ibanner-image\" style=\"background-image: url(https:\/\/www.anmeksan.com\/wp-content\/uploads\/2022\/05\/biyolojik-atiksu-aritma-1024x768.jpg)\"><\/div><div class=\"w-ibanner-content\"><div class=\"w-ibanner-content-h\"><h3 class=\"w-ibanner-title\">B\u0130OLOJ\u0130 TULLANTI SULARININ T\u018fM\u0130L\u0130 QURULU\u015eLARI<\/h3><div class=\"w-ibanner-desc\"><p>M\u0259i\u015f\u0259t, \u015f\u0259h\u0259r v\u0259 d\u0259mir-beton bioloji \u00e7irkab su t\u0259mizl\u0259yici qur\u011fular.<\/p>\n<\/div><\/div><\/div><\/div><a title=\"B\u0130OLOJ\u0130 TULANTI SULARININ T\u018fM\u0130L\u0130\" href=\"https:\/\/www.anmeksan.com\/az\/hizmetlerimiz-az\/biological-wastewater-treatment-plants-az\/\" aria-label=\"B\u0130OLOJ\u0130 TULLANTI SULARININ T\u018fM\u0130L\u0130 QURULU\u015eLARI\"><\/a><\/div><div class=\"wpb_text_column\"><div class=\"wpb_wrapper\"><p>M\u0259i\u015f\u0259t v\u0259 \u015f\u0259h\u0259r tullant\u0131 sular\u0131n\u0131n bioloji t\u0259mizl\u0259yici qur\u011fular\u0131 \u00fc\u00e7\u00fcn mexaniki avadanl\u0131qlar\u0131n dizayn\u0131, t\u0259tbiqi v\u0259 istehsal\u0131.<\/p>\n<\/div><\/div><div class=\"w-btn-wrapper width_full\"><a class=\"w-btn us-btn-style_6 icon_atleft\" title=\"Paket Tullant\u0131 Su T\u0259mizl\u0259m\u0259 Sisteml\u0259ri\" href=\"https:\/\/www.anmeksan.com\/az\/hizmetlerimiz-az\/biological-wastewater-treatment-plants-az\/\"><i class=\"fas fa-info-square\"><\/i><span class=\"w-btn-label\">\u018fTRAFLI \u2026<\/span><\/a><\/div><div class=\"w-separator size_small\"><\/div><div class=\"w-ibanner us_custom_657b9349 animation_phorcys ratio_3x2 easing_ease\"><div class=\"w-ibanner-h\"><div class=\"w-ibanner-image\" style=\"background-image: url(https:\/\/www.anmeksan.com\/wp-content\/uploads\/2022\/05\/mbbraritma-1024x512.jpg)\"><\/div><div class=\"w-ibanner-content\"><div class=\"w-ibanner-content-h\"><h3 class=\"w-ibanner-title\">MBBR TULLANTI SULARININ T\u018fM\u0130ZL\u018fNM\u018f S\u0130STEML\u018fR\u0130<\/h3><div class=\"w-ibanner-desc\"><p>MBBR (Biomedia) t\u0259mizl\u0259yici qur\u011fularla y\u00fcks\u0259k m\u00fcalic\u0259 effektivliyi.<\/p>\n<\/div><\/div><\/div><\/div><a title=\"MBBR \u00c7irkab Su T\u0259mizl\u0259m\u0259 Sisteml\u0259ri\" href=\"https:\/\/www.anmeksan.com\/az\/hizmetlerimiz-az\/mbbr-atiksu-aritma-sistemleri\/\" aria-label=\"MBBR TULLANTI SULARININ T\u018fM\u0130ZL\u018fNM\u018f S\u0130STEML\u018fR\u0130\"><\/a><\/div><div class=\"wpb_text_column\"><div class=\"wpb_wrapper\"><p>MBBR Biomedia il\u0259 biz a\u015fa\u011f\u0131 t\u0259mizl\u0259yici qur\u011fu sah\u0259si t\u0259l\u0259bl\u0259ri, y\u00fcks\u0259k emal effektivliyi v\u0259 s\u00fcr\u0259tli tutum art\u0131mlar\u0131 t\u0259klif edirik.<\/p>\n<\/div><\/div><div class=\"w-btn-wrapper width_full\"><a class=\"w-btn us-btn-style_6 icon_atleft\" title=\"Paket Tullant\u0131 Su T\u0259mizl\u0259m\u0259 Sisteml\u0259ri\" href=\"https:\/\/www.anmeksan.com\/az\/hizmetlerimiz-az\/mbbr-atiksu-aritma-sistemleri\/\"><i class=\"fas fa-info-square\"><\/i><span class=\"w-btn-label\">\u018fTRAFLI \u2026<\/span><\/a><\/div><div class=\"w-separator size_small\"><\/div><div class=\"w-ibanner us_custom_657b9349 animation_phorcys ratio_3x2 easing_ease\"><div class=\"w-ibanner-h\"><div class=\"w-ibanner-image\" style=\"background-image: url(https:\/\/www.anmeksan.com\/wp-content\/uploads\/2022\/05\/periyodikanmeksan.jpg)\"><\/div><div class=\"w-ibanner-content\"><div class=\"w-ibanner-content-h\"><h3 class=\"w-ibanner-title\">PER\u0130YOD\u0130K KONTROL &amp; \u0130\u015eLETME H\u0130ZMETLER\u0130<\/h3><div class=\"w-ibanner-desc\"><p>D\u00f6vri t\u0259mizl\u0259yici qur\u011fulara n\u0259zar\u0259t v\u0259 t\u0259mizl\u0259yici qur\u011fular\u0131n istismar\u0131.<\/p>\n<\/div><\/div><\/div><\/div><a title=\"D\u00d6VR\u0130 N\u018fZAR\u018fT V\u018f \u0130\u015eL\u018fM\u018f X\u0130DM\u018fTL\u018fR\u0130\" href=\"https:\/\/www.anmeksan.com\/az\/hizmetlerimiz-az\/periyodik-kontrol-hizmetleri\/\" aria-label=\"D\u00d6VR\u0130 N\u018fZAR\u018fT V\u018f \u0130\u015eL\u018fM\u018f X\u0130DM\u018fTL\u018fR\u0130\"><\/a><\/div><div class=\"wpb_text_column\"><div class=\"wpb_wrapper\"><p>\u00c7irkab su t\u0259mizl\u0259yici qur\u011fular\u0131n problemsiz v\u0259 uy\u011fun ax\u0131d\u0131lmas\u0131 standartlar\u0131n\u0131 t\u0259min etm\u0259k \u00fc\u00e7\u00fcn sat\u0131\u015f sonras\u0131 xidm\u0259tl\u0259rimiz.<\/p>\n<\/div><\/div><div class=\"w-btn-wrapper width_full\"><a class=\"w-btn us-btn-style_6 icon_atleft\" title=\"Paket Tullant\u0131 Su T\u0259mizl\u0259m\u0259 Sisteml\u0259ri\" href=\"https:\/\/www.anmeksan.com\/az\/hizmetlerimiz-az\/periyodik-kontrol-hizmetleri\/\"><i class=\"fas fa-info-square\"><\/i><span class=\"w-btn-label\">\u018fTRAFLI \u2026<\/span><\/a><\/div><\/div><\/div><div class=\"wpb_column vc_column_container\"><div class=\"vc_column-inner\"><div class=\"w-ibanner us_custom_657b9349 animation_phorcys ratio_3x2 easing_ease\"><div class=\"w-ibanner-h\"><div class=\"w-ibanner-image\" style=\"background-image: url(https:\/\/www.anmeksan.com\/wp-content\/uploads\/2022\/05\/kimyasalaritma-1024x768.jpg)\"><\/div><div class=\"w-ibanner-content\"><div class=\"w-ibanner-content-h\"><h3 class=\"w-ibanner-title\">K\u0130MY\u018fL\u0130 TULLANTI SULARININ T\u018fM\u0130L\u0130 QURULU\u015eLARI<\/h3><div class=\"w-ibanner-desc\"><p>k\u0259sim yeri, toyuq k\u0259simi, s\u00fcd v\u0259 meyv\u0259 emal\u0131 v\u0259 s\u0259naye prosesl\u0259ri<\/p>\n<\/div><\/div><\/div><\/div><a title=\"S\u0259naye \u00c7irkab Su T\u0259mizl\u0259yici Qur\u011fular\" href=\"https:\/\/www.anmeksan.com\/az\/hizmetlerimiz-az\/industrial-wastewater-treatment-plants-az\/\" aria-label=\"K\u0130MY\u018fL\u0130 TULLANTI SULARININ T\u018fM\u0130L\u0130 QURULU\u015eLARI\"><\/a><\/div><div class=\"wpb_text_column\"><div class=\"wpb_wrapper\"><p>Mezbaha, s\u00fct tesisleri, tekstil sanayi ve di\u011fer end\u00fcstriyel at\u0131k sularda \u00e7\u00f6z\u00fcm orta\u011f\u0131n\u0131z olmaya devam ediyoruz.<\/p>\n<\/div><\/div><div class=\"w-btn-wrapper width_full\"><a class=\"w-btn us-btn-style_6 icon_atleft\" title=\"Paket Tullant\u0131 Su T\u0259mizl\u0259m\u0259 Sisteml\u0259ri\" href=\"https:\/\/www.anmeksan.com\/az\/hizmetlerimiz-az\/industrial-wastewater-treatment-plants-az\/\"><i class=\"fas fa-info-square\"><\/i><span class=\"w-btn-label\">\u018fTRAFLI \u2026<\/span><\/a><\/div><div class=\"w-separator size_small\"><\/div><div class=\"w-ibanner us_custom_657b9349 animation_phorcys ratio_3x2 easing_ease\"><div class=\"w-ibanner-h\"><div class=\"w-ibanner-image\" style=\"background-image: url(https:\/\/www.anmeksan.com\/wp-content\/uploads\/2022\/05\/gerikazanimsistemleri.png)\"><\/div><div class=\"w-ibanner-content\"><div class=\"w-ibanner-content-h\"><h3 class=\"w-ibanner-title\">T\u018fKRAR ED\u0130LM\u018f V\u018f F\u0130LTRE S\u0130STEMLER\u0130<\/h3><div class=\"w-ibanner-desc\"><p>\u00c7irkab sular\u0131n b\u0259rpas\u0131 sisteml\u0259ri, Qum v\u0259 Karbon filtrasiya sisteml\u0259ri<\/p>\n<\/div><\/div><\/div><\/div><a title=\"\u00c7irkab Sular\u0131n B\u0259rpas\u0131 Sisteml\u0259ri\" href=\"https:\/\/www.anmeksan.com\/az\/hizmetlerimiz-az\/atiksu-geri-kazanim-sistemleri\/\" aria-label=\"T\u018fKRAR ED\u0130LM\u018f V\u018f F\u0130LTRE S\u0130STEMLER\u0130\"><\/a><\/div><div class=\"wpb_text_column\"><div class=\"wpb_wrapper\"><p>Tullant\u0131 sular\u0131n\u0131n b\u0259rpas\u0131 v\u0259 ultrafiltrasiya sisteml\u0259ri il\u0259 prosesl\u0259rinizd\u0259 tullant\u0131 sular\u0131n\u0131zdan istifad\u0259 keyfiyy\u0259tini hiss edin.<\/p>\n<\/div><\/div><div class=\"w-btn-wrapper width_full\"><a class=\"w-btn us-btn-style_6 icon_atleft\" title=\"Paket Tullant\u0131 Su T\u0259mizl\u0259m\u0259 Sisteml\u0259ri\" href=\"https:\/\/www.anmeksan.com\/az\/hizmetlerimiz-az\/atiksu-geri-kazanim-sistemleri\/\"><i class=\"fas fa-info-square\"><\/i><span class=\"w-btn-label\">\u018fTRAFLI \u2026<\/span><\/a><\/div><div class=\"w-separator size_small\"><\/div><div class=\"w-ibanner us_custom_657b9349 animation_phorcys ratio_3x2 easing_ease\"><div class=\"w-ibanner-h\"><div class=\"w-ibanner-image\" style=\"background-image: url(https:\/\/www.anmeksan.com\/wp-content\/uploads\/2022\/05\/projeonay.png)\"><\/div><div class=\"w-ibanner-content\"><div class=\"w-ibanner-content-h\"><h3 class=\"w-ibanner-title\">LAY\u0130H\u018f T\u018fTB\u0130Q\u0130 FAYL X\u0130DM\u018fTL\u018fR\u0130<\/h3><div class=\"w-ibanner-desc\"><p>Paket Tullant\u0131 Sular\u0131n\u0131n T\u0259mizl\u0259nm\u0259si, Bioloji v\u0259 Kimy\u0259vi T\u0259mizl\u0259m\u0259 Qur\u011fular\u0131 Layih\u0259sinin T\u0259sdiq Xidm\u0259tl\u0259ri.<\/p>\n<\/div><\/div><\/div><\/div><a title=\"LAY\u0130H\u018f T\u018fTB\u0130Q\u0130 FAYL X\u0130DM\u018fTL\u018fR\u0130\" href=\"https:\/\/www.anmeksan.com\/az\/hizmetlerimiz-az\/proje-onay-hizmetleri\/\" aria-label=\"LAY\u0130H\u018f T\u018fTB\u0130Q\u0130 FAYL X\u0130DM\u018fTL\u018fR\u0130\"><\/a><\/div><div class=\"wpb_text_column\"><div class=\"wpb_wrapper\"><p>\u00c7irkab su t\u0259mizl\u0259yici qur\u011fular layih\u0259sinin t\u0259sdiq fayl\u0131n\u0131n haz\u0131rlanmas\u0131 v\u0259 t\u0259mizl\u0259yici qur\u011fular\u0131n m\u0259sl\u0259h\u0259t xidm\u0259tl\u0259ri.<\/p>\n<\/div><\/div><div class=\"w-btn-wrapper width_full\"><a class=\"w-btn us-btn-style_6 icon_atleft\" title=\"Paket Tullant\u0131 Su T\u0259mizl\u0259m\u0259 Sisteml\u0259ri\" href=\"https:\/\/www.anmeksan.com\/az\/hizmetlerimiz-az\/proje-onay-hizmetleri\/\"><i class=\"fas fa-info-square\"><\/i><span class=\"w-btn-label\">\u018fTRAFLI \u2026<\/span><\/a><\/div><\/div><\/div><\/div><\/div><\/section>","protected":false},"excerpt":{"rendered":"PAKET ATIKSU ARITMA S\u0130STEMLER\u0130BioPOWER Paket Ar\u0131tma ile 100-1000 Ki\u015fi Kapasiteli, H\u0131zl\u0131 ve Ekonomik \u00c7\u00f6z\u00fcmler. Evsel, Biyolojik ve Kimyasal Paket At\u0131ksu Ar\u0131tma Tesisleri ile h\u0131zl\u0131 ve ekonomik \u00e7\u00f6z\u00fcmler sunuyoruz. Fabrikam\u0131zda % 100 kaliteli \u00fcretim. DETAYLAR &#8230;MBR ATIKSU ARITMA S\u0130STEMLER\u0130MBR (Membran Bioreactor) Biyolojik ve end\u00fcstriyel ileri ar\u0131tma teknolojileri. Y\u00fcksek kapasiteli MBR at\u0131ksu ar\u0131tma sistemleri ile, y\u00fcksek ar\u0131tma...","protected":false},"author":1,"featured_media":0,"parent":0,"menu_order":0,"comment_status":"closed","ping_status":"closed","template":"","meta":{"inline_featured_image":false},"acf":[],"yoast_head":"<!-- This site is optimized with the Yoast SEO Premium plugin v18.7 (Yoast SEO v19.4) - https:\/\/yoast.com\/wordpress\/plugins\/seo\/ -->\n<title>Hizmetlerimiz - Anmeksan Ar\u0131tma A.\u015e<\/title>\n<meta name=\"description\" content=\"Hizmetlerimiz ve paket ar\u0131tma tesisleri, toki paket ar\u0131tma, at\u0131ksu mekanik ekipman imalatlar\u0131, samsun at\u0131ksu firmalar\u0131, giresun paket ar\u0131tma\" \/>\n<meta name=\"robots\" content=\"index, follow, max-snippet:-1, max-image-preview:large, max-video-preview:-1\" \/>\n<link rel=\"canonical\" href=\"https:\/\/www.anmeksan.com\/az\/hizmetlerimiz-az\/\" \/>\n<meta property=\"og:locale\" content=\"az_AZ\" \/>\n<meta property=\"og:type\" content=\"article\" \/>\n<meta property=\"og:title\" content=\"Hizmetlerimiz\" \/>\n<meta property=\"og:description\" content=\"Hizmetlerimiz ve paket ar\u0131tma tesisleri, toki paket ar\u0131tma, at\u0131ksu mekanik ekipman imalatlar\u0131, samsun at\u0131ksu firmalar\u0131, giresun paket ar\u0131tma\" \/>\n<meta property=\"og:url\" content=\"https:\/\/www.anmeksan.com\/az\/hizmetlerimiz-az\/\" \/>\n<meta property=\"og:site_name\" content=\"Anmeksan Ar\u0131tma A.\u015e\" \/>\n<meta property=\"article:publisher\" content=\"https:\/\/www.facebook.com\/anmeksan.aritmaas\" \/>\n<meta property=\"article:modified_time\" content=\"2022-08-01T07:35:31+00:00\" \/>\n<meta name=\"twitter:card\" content=\"summary_large_image\" \/>\n<meta name=\"twitter:site\" content=\"@anmeksan\" \/>\n<meta name=\"twitter:label1\" content=\"Est. reading time\" \/>\n\t<meta name=\"twitter:data1\" content=\"3 minutes\" \/>\n<!-- \/ Yoast SEO Premium plugin. -->","yoast_head_json":{"title":"Hizmetlerimiz - Anmeksan Ar\u0131tma A.\u015e","description":"Hizmetlerimiz ve paket ar\u0131tma tesisleri, toki paket ar\u0131tma, at\u0131ksu mekanik ekipman imalatlar\u0131, samsun at\u0131ksu firmalar\u0131, giresun paket ar\u0131tma","robots":{"index":"index","follow":"follow","max-snippet":"max-snippet:-1","max-image-preview":"max-image-preview:large","max-video-preview":"max-video-preview:-1"},"canonical":"https:\/\/www.anmeksan.com\/az\/hizmetlerimiz-az\/","og_locale":"az_AZ","og_type":"article","og_title":"Hizmetlerimiz","og_description":"Hizmetlerimiz ve paket ar\u0131tma tesisleri, toki paket ar\u0131tma, at\u0131ksu mekanik ekipman imalatlar\u0131, samsun at\u0131ksu firmalar\u0131, giresun paket ar\u0131tma","og_url":"https:\/\/www.anmeksan.com\/az\/hizmetlerimiz-az\/","og_site_name":"Anmeksan Ar\u0131tma A.\u015e","article_publisher":"https:\/\/www.facebook.com\/anmeksan.aritmaas","article_modified_time":"2022-08-01T07:35:31+00:00","twitter_card":"summary_large_image","twitter_site":"@anmeksan","twitter_misc":{"Est. reading time":"3 minutes"},"schema":{"@context":"https:\/\/schema.org","@graph":[{"@type":"Organization","@id":"https:\/\/www.anmeksan.com\/#organization","name":"Anmeksan Ar\u0131tma A.\u015e","url":"https:\/\/www.anmeksan.com\/","sameAs":["https:\/\/www.facebook.com\/anmeksan.aritmaas","https:\/\/twitter.com\/anmeksan"],"logo":{"@type":"ImageObject","inLanguage":"az","@id":"https:\/\/www.anmeksan.com\/#\/schema\/logo\/image\/","url":"https:\/\/www.anmeksan.com\/wp-content\/uploads\/2022\/04\/logo.svg","contentUrl":"https:\/\/www.anmeksan.com\/wp-content\/uploads\/2022\/04\/logo.svg","width":"1024","height":"1024","caption":"Anmeksan Ar\u0131tma A.\u015e"},"image":{"@id":"https:\/\/www.anmeksan.com\/#\/schema\/logo\/image\/"}},{"@type":"WebSite","@id":"https:\/\/www.anmeksan.com\/#website","url":"https:\/\/www.anmeksan.com\/","name":"Anmeksan Ar\u0131tma A.\u015e","description":"Paket Ar\u0131tma Sistemleri, MBR ve MBBR Ar\u0131tma","publisher":{"@id":"https:\/\/www.anmeksan.com\/#organization"},"potentialAction":[{"@type":"SearchAction","target":{"@type":"EntryPoint","urlTemplate":"https:\/\/www.anmeksan.com\/?s={search_term_string}"},"query-input":"required name=search_term_string"}],"inLanguage":"az"},{"@type":"WebPage","@id":"https:\/\/www.anmeksan.com\/hizmetlerimiz\/","url":"https:\/\/www.anmeksan.com\/hizmetlerimiz\/","name":"Hizmetlerimiz - Anmeksan Ar\u0131tma A.\u015e","isPartOf":{"@id":"https:\/\/www.anmeksan.com\/#website"},"datePublished":"2022-04-26T17:43:53+00:00","dateModified":"2022-08-01T07:35:31+00:00","description":"Hizmetlerimiz ve paket ar\u0131tma tesisleri, toki paket ar\u0131tma, at\u0131ksu mekanik ekipman imalatlar\u0131, samsun at\u0131ksu firmalar\u0131, giresun paket ar\u0131tma","breadcrumb":{"@id":"https:\/\/www.anmeksan.com\/hizmetlerimiz\/#breadcrumb"},"inLanguage":"az","potentialAction":[{"@type":"ReadAction","target":["https:\/\/www.anmeksan.com\/hizmetlerimiz\/"]}]},{"@type":"BreadcrumbList","@id":"https:\/\/www.anmeksan.com\/hizmetlerimiz\/#breadcrumb","itemListElement":[{"@type":"ListItem","position":1,"name":"Ana Sayfa","item":"https:\/\/www.anmeksan.com\/"},{"@type":"ListItem","position":2,"name":"Hizmetlerimiz"}]}]}},"_links":{"self":[{"href":"https:\/\/www.anmeksan.com\/az\/wp-json\/wp\/v2\/pages\/8553"}],"collection":[{"href":"https:\/\/www.anmeksan.com\/az\/wp-json\/wp\/v2\/pages"}],"about":[{"href":"https:\/\/www.anmeksan.com\/az\/wp-json\/wp\/v2\/types\/page"}],"author":[{"embeddable":true,"href":"https:\/\/www.anmeksan.com\/az\/wp-json\/wp\/v2\/users\/1"}],"replies":[{"embeddable":true,"href":"https:\/\/www.anmeksan.com\/az\/wp-json\/wp\/v2\/comments?post=8553"}],"version-history":[{"count":0,"href":"https:\/\/www.anmeksan.com\/az\/wp-json\/wp\/v2\/pages\/8553\/revisions"}],"wp:attachment":[{"href":"https:\/\/www.anmeksan.com\/az\/wp-json\/wp\/v2\/media?parent=8553"}],"curies":[{"name":"wp","href":"https:\/\/api.w.org\/{rel}","templated":true}]}}