{"id":9988,"date":"2022-05-09T21:02:29","date_gmt":"2022-05-09T21:02:29","guid":{"rendered":"https:\/\/www.anmeksan.com\/?page_id=9988"},"modified":"2022-05-12T05:31:53","modified_gmt":"2022-05-12T05:31:53","slug":"icten-akisli-tambur-elek","status":"publish","type":"page","link":"https:\/\/www.anmeksan.com\/bg\/mechanical-equipment-bg\/icten-akisli-tambur-elek\/","title":{"rendered":"\u0420\u0435\u0448\u0435\u0442\u043a\u0430 \u0437\u0430 \u0431\u0430\u0440\u0430\u0431\u0430\u043d \u0441 \u0432\u044a\u0442\u0440\u0435\u0448\u0435\u043d \u043f\u043e\u0442\u043e\u043a"},"content":{"rendered":"<section class=\"l-section wpb_row height_medium with_img\"><div class=\"l-section-img\" style=\"background-image: url(https:\/\/www.anmeksan.com\/wp-content\/uploads\/2022\/05\/uretim.jpg);\" data-img-width=\"1300\" data-img-height=\"458\"><\/div><div class=\"l-section-h i-cf\"><div class=\"g-cols vc_row via_grid cols_2-1 laptops-cols_inherit tablets-cols_inherit mobiles-cols_1 valign_top type_default stacking_default\"><div class=\"wpb_column vc_column_container\"><div class=\"vc_column-inner\"><h2 class=\"w-post-elm post_title us_custom_ed05b3dd has_text_color align_left entry-title color_link_inherit\">\u0420\u0435\u0448\u0435\u0442\u043a\u0430 \u0437\u0430 \u0431\u0430\u0440\u0430\u0431\u0430\u043d \u0441 \u0432\u044a\u0442\u0440\u0435\u0448\u0435\u043d \u043f\u043e\u0442\u043e\u043a<\/h2><div class=\"w-html us_custom_6df4bc3a has_text_color\"><span><span><a href=\"https:\/\/www.anmeksan.com\/bg\/\">\u041d\u0430\u0447\u0430\u043b\u043d\u0430 \u0441\u0442\u0440\u0430\u043d\u0438\u0446\u0430<\/a><\/span><\/div><div class=\"w-separator size_custom\" style=\"height:20px\"><\/div><\/div><\/div><div class=\"wpb_column vc_column_container\"><div class=\"vc_column-inner\"><div class=\"w-image align_none\"><div class=\"w-image-h\"><img width=\"150\" height=\"50\" src=\"https:\/\/www.anmeksan.com\/wp-content\/uploads\/2022\/04\/anmeksan-kalite-iso.png\" class=\"attachment-large size-large\" alt=\"Anmeksan Kalite\" decoding=\"async\" \/><\/div><\/div><div class=\"w-separator size_custom\" style=\"height:3px\"><\/div><div class=\"w-image align_none\"><div class=\"w-image-h\"><img width=\"300\" height=\"50\" src=\"https:\/\/www.anmeksan.com\/wp-content\/uploads\/2014\/09\/banner-ust-uyelik.png\" class=\"attachment-large size-large\" alt=\"Banner \u00dcyelik\" decoding=\"async\" srcset=\"https:\/\/www.anmeksan.com\/wp-content\/uploads\/2014\/09\/banner-ust-uyelik.png 300w, https:\/\/www.anmeksan.com\/wp-content\/uploads\/2014\/09\/banner-ust-uyelik-200x33.png 200w\" sizes=\"(max-width: 300px) 100vw, 300px\" \/><\/div><\/div><\/div><\/div><\/div><\/div><\/section><section class=\"l-section wpb_row height_medium\"><div class=\"l-section-h i-cf\"><div class=\"g-cols vc_row via_grid cols_1-3 laptops-cols_inherit tablets-cols_inherit mobiles-cols_1 valign_top type_default stacking_default\"><div class=\"wpb_column vc_column_container\"><div class=\"vc_column-inner\"><div class=\"w-menu layout_ver style_blocks us_menu_1\" style=\"--main-gap:5px;--main-ver-indent:0.8em;--main-hor-indent:0.8em;\"><ul id=\"menu-on-aritma-ekipmanlari\" class=\"menu\"><li id=\"menu-item-10112\" class=\"menu-item menu-item-type-post_type menu-item-object-page menu-item-10112\"><a href=\"https:\/\/www.anmeksan.com\/bg\/mechanical-equipment-bg\/mekanik-izgaralar\/\"><i class=\"_mi _before dashicons dashicons-arrow-right-alt2\" aria-hidden=\"true\"><\/i><span>\u041c\u0435\u0445\u0430\u043d\u0438\u0447\u0435\u043d \u0435\u043a\u0440\u0430\u043d<\/span><\/a><\/li><li id=\"menu-item-10111\" class=\"menu-item menu-item-type-post_type menu-item-object-page menu-item-10111\"><a href=\"https:\/\/www.anmeksan.com\/bg\/mechanical-equipment-bg\/icten-akisli-tambur-elek\/\"><i class=\"_mi _before dashicons dashicons-arrow-right-alt2\" aria-hidden=\"true\"><\/i><span>\u0420\u0435\u0448\u0435\u0442\u043a\u0430 \u0437\u0430 \u0431\u0430\u0440\u0430\u0431\u0430\u043d \u0441 \u0432\u044a\u0442\u0440\u0435\u0448\u0435\u043d \u043f\u043e\u0442\u043e\u043a<\/span><\/a><\/li><li id=\"menu-item-10109\" class=\"menu-item menu-item-type-post_type menu-item-object-page menu-item-10109\"><a href=\"https:\/\/www.anmeksan.com\/bg\/mechanical-equipment-bg\/distan-akisli-tambur-elek\/\"><i class=\"_mi _before dashicons dashicons-arrow-right-alt2\" aria-hidden=\"true\"><\/i><span>\u0415\u043a\u0440\u0430\u043d \u0437\u0430 \u0432\u044a\u043d\u0448\u0435\u043d \u043f\u043e\u0442\u043e\u043a<\/span><\/a><\/li><li id=\"menu-item-10110\" class=\"menu-item menu-item-type-post_type menu-item-object-page menu-item-10110\"><a href=\"https:\/\/www.anmeksan.com\/bg\/mechanical-equipment-bg\/statik-elek-izgaralar\/\"><i class=\"_mi _before dashicons dashicons-arrow-right-alt2\" aria-hidden=\"true\"><\/i><span>\u0421\u0442\u0430\u0442\u0438\u0447\u0435\u043d \u0435\u043a\u0440\u0430\u043d<\/span><\/a><\/li><li id=\"menu-item-10113\" class=\"menu-item menu-item-type-post_type menu-item-object-page menu-item-10113\"><a href=\"https:\/\/www.anmeksan.com\/bg\/mechanical-equipment-bg\/sepet-izgaralar\/\"><i class=\"_mi _before dashicons dashicons-arrow-right-alt2\" aria-hidden=\"true\"><\/i><span>\u0415\u043a\u0440\u0430\u043d \u0437\u0430 \u043a\u043e\u0448\u043d\u0438\u0446\u0430<\/span><\/a><\/li><\/ul><style>.us_menu_1 .menu>li>a{background:#e8e8e8}.us_menu_1 .menu>li>a{color:#002f66}.us_menu_1 .menu>.menu-item:not(.current-menu-item)>a:hover{background:#002f66}.us_menu_1 .menu>.menu-item:not(.current-menu-item)>a:hover{color:#ffffff}.us_menu_1 .menu>.current-menu-item>a{background:#00b032}.us_menu_1 .menu>.current-menu-item>a{color:#ffffff}@media ( max-width:600px ){.us_menu_1 .menu{display:block!important}.us_menu_1 .menu>li{margin:0 0 var(--main-gap,5px)!important}}<\/style><\/div><div class=\"w-separator size_custom\" style=\"height:10px\"><\/div><div class=\"w-menu layout_ver style_blocks us_menu_2\" style=\"--main-gap:5px;--main-ver-indent:0.8em;--main-hor-indent:0.8em;\"><ul id=\"menu-ekipmanlar-menu\" class=\"menu\"><li id=\"menu-item-10018\" class=\"menu-item menu-item-type-post_type menu-item-object-page menu-item-10018\"><a href=\"https:\/\/www.anmeksan.com\/bg\/mechanical-equipment-bg\/\"><i class=\"_mi _before dashicons dashicons-admin-home\" aria-hidden=\"true\"><\/i><span>\u0426\u044f\u043b\u043e\u0442\u043e \u043e\u0431\u043e\u0440\u0443\u0434\u0432\u0430\u043d\u0435<\/span><\/a><\/li><\/ul><style>.us_menu_2 .menu>li>a{background:#002f66}.us_menu_2 .menu>li>a{color:#ffffff}.us_menu_2 .menu>.menu-item:not(.current-menu-item)>a:hover{background:#00abbc}.us_menu_2 .menu>.menu-item:not(.current-menu-item)>a:hover{color:#ffffff}.us_menu_2 .menu>.current-menu-item>a{background:#00b032}.us_menu_2 .menu>.current-menu-item>a{color:#ffffff}@media ( max-width:600px ){.us_menu_2 .menu{display:block!important}.us_menu_2 .menu>li{margin:0 0 var(--main-gap,5px)!important}}<\/style><\/div><div class=\"w-separator size_custom\" style=\"height:10px\"><\/div><div class=\"w-sharing type_solid align_center color_default\"><div class=\"w-sharing-list\" data-content-image=\"true\"><a class=\"w-sharing-item email\" href=\"mailto:?subject=\u0130\u00e7ten Ak\u0131\u015fl\u0131 Tambur Elek&amp;body=https:\/\/www.anmeksan.com\/bg\/wp-json\/wp\/v2\/pages\/9988\" title=\"Email this\" aria-label=\"Email this\"><i class=\"fas fa-envelope\"><\/i><\/a><a class=\"w-sharing-item facebook\" href=\"https:\/\/www.facebook.com\/sharer\/sharer.php?u=https:\/\/www.anmeksan.com\/bg\/wp-json\/wp\/v2\/pages\/9988&amp;quote=\u0130\u00e7ten Ak\u0131\u015fl\u0131 Tambur Elek\" title=\"Share this\" aria-label=\"Share this\" onclick=\"window.open(this.href, &quot;facebook&quot;, &quot;toolbar=0,width=900,height=500&quot;); return false;\"><i class=\"fab fa-facebook\"><\/i><\/a><a class=\"w-sharing-item twitter\" href=\"https:\/\/twitter.com\/intent\/tweet?text=\u0130\u00e7ten Ak\u0131\u015fl\u0131 Tambur Elek&amp;url=https:\/\/www.anmeksan.com\/bg\/wp-json\/wp\/v2\/pages\/9988\" title=\"Tweet this\" aria-label=\"Tweet this\" onclick=\"window.open(this.href, &quot;twitter&quot;, &quot;toolbar=0,width=650,height=360&quot;); return false;\"><i class=\"fab fa-twitter\"><\/i><\/a><a class=\"w-sharing-item linkedin\" href=\"https:\/\/www.linkedin.com\/shareArticle?mini=true&amp;url=https:\/\/www.anmeksan.com\/bg\/wp-json\/wp\/v2\/pages\/9988\" title=\"Share this\" aria-label=\"Share this\" onclick=\"window.open(this.href, &quot;linkedin&quot;, &quot;toolbar=no,width=550,height=550&quot;); return false;\"><i class=\"fab fa-linkedin\"><\/i><\/a><a class=\"w-sharing-item whatsapp\" href=\"https:\/\/web.whatsapp.com\/send?text=\u0130\u00e7ten Ak\u0131\u015fl\u0131 Tambur Elek https:\/\/www.anmeksan.com\/bg\/wp-json\/wp\/v2\/pages\/9988\" title=\"Share this\" aria-label=\"Share this\" onclick=\"window.open(this.href, &quot;whatsapp&quot;, &quot;toolbar=0,width=900,height=500&quot;); return false;\"><i class=\"fab fa-whatsapp\"><\/i><\/a><\/div><\/div><\/div><\/div><div class=\"wpb_column vc_column_container\"><div class=\"vc_column-inner\"><h1 style=\"color: #565656;text-align: left;font-family:Roboto;font-weight:900;font-style:normal\" class=\"vc_custom_heading us_custom_16c70a5a\" >\u0130\u00c7TEN AKI\u015eLI TAMBUR ELEK<\/h1><div class=\"w-separator size_custom\" style=\"height:10px\"><\/div><div class=\"wpb_text_column\"><div class=\"wpb_wrapper\"><p><b>\u0130\u00e7ten Ak\u0131\u015fl\u0131 Tambur Elek ; <\/b>At\u0131ksu i\u00e7erisinde yer alan kat\u0131 malzemelerin ve partik\u00fcllerin tutulmas\u0131 ve otomatik olarak sistemden uzakla\u015ft\u0131r\u0131lmas\u0131n\u0131 sa\u011flayan &#8221; \u0130\u00e7ten Ak\u0131\u015fl\u0131 Tambur Elekler &#8221; AISI304 \/ 316 Paslanmaz \u00e7elikten 0,5 mm ve 5 mm aral\u0131\u011f\u0131nda \u00fcretimi yap\u0131labilmektedir. Sisteme (opsiyonel) g\u00f6zeneklerin a\u00e7\u0131k halde tutulmas\u0131 i\u00e7in otomatik y\u0131kama sistemi eklenmektedir.<\/p>\n<p><b>\u0130\u00e7ten Ak\u0131\u015fl\u0131 Tambur Elek ; <\/b> Evsel ve End\u00fcstriyel at\u0131ksu ar\u0131tma tesislerinde \u00fcst\u00fcn ar\u0131tma de\u011ferlerini sa\u011flamak ve sistemde bulunan ar\u0131tma ekipmanlar\u0131n\u0131n kat\u0131 malzeme nedeni ile ar\u0131zalanmas\u0131 i\u00e7in kullan\u0131lmaktad\u0131rlar.<\/p>\n<\/div><\/div><div class=\"w-separator size_medium\"><\/div><div class=\"g-cols wpb_row via_grid cols_1 laptops-cols_inherit tablets-cols_inherit mobiles-cols_1 valign_top type_default stacking_default\"><div class=\"wpb_column vc_column_container\"><div class=\"vc_column-inner\"><h2 style=\"color: #565656;text-align: left;font-family:Roboto;font-weight:500;font-style:normal\" class=\"vc_custom_heading us_custom_16c70a5a\" >\u041e\u0411\u0429\u0418 \u0425\u0410\u0420\u0410\u041a\u0422\u0415\u0420\u0418\u0421\u0422\u0418\u041a\u0418<\/h2><div class=\"w-tabs layout_hor style_default switch_click has_scrolling\" style=\"--sections-title-size:1em\"><div class=\"w-tabs-list items_4 align_justify\"><div class=\"w-tabs-list-h\"><a class=\"w-tabs-item active with_icon\" aria-controls=\"content-y2d3\" href=\"javascript:void(0);\"><i class=\"fas fa-conveyor-belt-alt\"><\/i><span class=\"w-tabs-item-title\">\u0415\u041a\u0421\u041f\u041b\u041e\u0410\u0422\u0410\u0426\u0418\u042f<\/span><\/a><a class=\"w-tabs-item with_icon\" aria-controls=\"content-z46f\" href=\"javascript:void(0);\"><i class=\"fas fa-list-alt\"><\/i><span class=\"w-tabs-item-title\">\u0425\u0410\u0420\u0410\u041a\u0422\u0415\u0420\u0418\u0421\u0422\u0418\u041a\u0410<\/span><\/a><a class=\"w-tabs-item with_icon\" aria-controls=\"content-n5da\" href=\"javascript:void(0);\"><i class=\"fas fa-images\"><\/i><span class=\"w-tabs-item-title\">\u0418\u0417\u041e\u0411\u0420\u0410\u0416\u0415\u041d\u0418\u042f<\/span><\/a><a class=\"w-tabs-item with_icon\" aria-controls=\"content-c726\" href=\"javascript:void(0);\"><i class=\"fas fa-books\"><\/i><span class=\"w-tabs-item-title\">\u0414\u041e\u041a\u0423\u041c\u0415\u041d\u0422\u0418<\/span><\/a><\/div><\/div><div class=\"w-tabs-sections titles-align_none icon_plus cpos_right\"><div class=\"w-tabs-section active\" id=\"y2d3\"><button aria-controls=\"content-y2d3\" class=\"w-tabs-section-header active with_icon\"><i class=\"fas fa-conveyor-belt-alt\"><\/i><div class=\"w-tabs-section-title\">\u0415\u041a\u0421\u041f\u041b\u041e\u0410\u0422\u0410\u0426\u0418\u042f<\/div><div class=\"w-tabs-section-control\"><\/div><\/button><div  class=\"w-tabs-section-content\" id=\"content-y2d3\" aria-expanded=\"true\"><div class=\"w-tabs-section-content-h i-cf\"><div class=\"wpb_text_column\"><div class=\"wpb_wrapper\"><p>At\u0131ksu dalg\u0131\u00e7 pompas\u0131 yard\u0131m\u0131 ile flan\u015f ba\u011flant\u0131l\u0131 tambur elek giri\u015f yap\u0131s\u0131na bas\u0131n\u00e7 alt\u0131nda at\u0131ksu transfer edilir. At\u0131ksu tambur i\u00e7erisinde yer alan \u00e7arpma perdesine \u00e7arparak tambur i\u00e7erisine akar, Hareket halindeki d\u00f6nen 0.5 veya 5 mm olarak tasarlanan tambur g\u00f6zeneklerinden kat\u0131 malzemeden ar\u0131nd\u0131r\u0131lm\u0131\u015f at\u0131k su \u00e7\u0131k\u0131\u015f flan\u015f\u0131 ile sisteme devam eder, Tambur i\u00e7erinde kalan kat\u0131 malzemeler helezon yard\u0131m\u0131 ile d\u0131\u015far\u0131 aktar\u0131l\u0131r.<\/p>\n<\/div><\/div><\/div><\/div><\/div><div class=\"w-tabs-section\" id=\"z46f\"><button aria-controls=\"content-z46f\" class=\"w-tabs-section-header with_icon\"><i class=\"fas fa-list-alt\"><\/i><div class=\"w-tabs-section-title\">\u0425\u0410\u0420\u0410\u041a\u0422\u0415\u0420\u0418\u0421\u0422\u0418\u041a\u0410<\/div><div class=\"w-tabs-section-control\"><\/div><\/button><div  class=\"w-tabs-section-content\" id=\"content-z46f\" aria-expanded=\"false\"><div class=\"w-tabs-section-content-h i-cf\"><div class=\"wpb_text_column\"><div class=\"wpb_wrapper\"><ul>\n<li><strong>\u041c\u0430\u0442\u0435\u0440\u0438\u0430\u043b :<\/strong> \u041d\u0435\u0440\u044a\u0436\u0434\u0430\u0435\u043c\u0430 \u0441\u0442\u043e\u043c\u0430\u043d\u0430 AISI 304 \/ 316<\/li>\n<li><strong>\u041e\u0431\u0445\u0432\u0430\u0442 \u043d\u0430 \u0435\u043a\u0440\u0430\u043d\u0430:<\/strong> 0.5 mm &#8211; 5 mm<\/li>\n<li><strong>\u041a\u043e\u043d\u0442\u0440\u043e\u043b:<\/strong> \u0410\u0432\u0442\u043e\u043c\u0430\u0442\u0438\u0447\u043d\u043e<\/li>\n<li><strong>\u041a\u043e\u043d\u0442\u0435\u0439\u043d\u0435\u0440 :<\/strong> \u041d\u0435 \u0435 \u0437\u0430\u0434\u044a\u043b\u0436\u0438\u0442\u0435\u043b\u043d\u043e<\/li>\n<\/ul>\n<\/div><\/div><\/div><\/div><\/div><div class=\"w-tabs-section\" id=\"n5da\"><button aria-controls=\"content-n5da\" class=\"w-tabs-section-header with_icon\"><i class=\"fas fa-images\"><\/i><div class=\"w-tabs-section-title\">\u0418\u0417\u041e\u0411\u0420\u0410\u0416\u0415\u041d\u0418\u042f<\/div><div class=\"w-tabs-section-control\"><\/div><\/button><div  class=\"w-tabs-section-content\" id=\"content-n5da\" aria-expanded=\"false\"><div class=\"w-tabs-section-content-h i-cf\"><div class=\"w-grid type_grid layout_gallery_default cols_4\" id=\"us_grid_1\" data-filterable=\"true\"><style>#us_grid_1 .w-grid-item{padding:5px}#us_grid_1 .w-grid-list{margin:-5px}.w-grid + #us_grid_1 .w-grid-list,.w-grid-none + #us_grid_1 .w-grid-list{margin-top:5px}@media (max-width:1199px){#us_grid_1 .w-grid-item{width:33.3333%}}@media (max-width:899px){#us_grid_1 .w-grid-item{width:50%}}@media (max-width:599px){#us_grid_1 .w-grid-list{margin:0}#us_grid_1 .w-grid-item{width:100%;padding:0;margin-bottom:5px}}.layout_gallery_default .w-grid-item-h{}<\/style><div class=\"w-grid-list\">\t<article class=\"w-grid-item post-8107 attachment type-attachment status-inherit hentry\" data-id=\"8107\">\n\t\t<div class=\"w-grid-item-h\">\n\t\t\t\t\t\t\t<a class=\"w-grid-item-anchor\" href=\"https:\/\/www.anmeksan.com\/wp-content\/uploads\/2014\/09\/gorsel-hazirlaniyor-anmeksan.png\" ref=\"magnificPopupGrid\" title=\"G\u00f6rsel Haz\u0131rlan\u0131yor\"><\/a>\n\t\t\t\t\t\t<div class=\"w-post-elm post_image usg_post_image_1 stretched\"><img width=\"760\" height=\"400\" src=\"https:\/\/www.anmeksan.com\/wp-content\/uploads\/2014\/09\/gorsel-hazirlaniyor-anmeksan.png\" class=\"attachment-us_600_600_crop size-us_600_600_crop\" alt=\"G\u00f6rsel Haz\u0131rlan\u0131yor\" decoding=\"async\" srcset=\"https:\/\/www.anmeksan.com\/wp-content\/uploads\/2014\/09\/gorsel-hazirlaniyor-anmeksan.png 760w, https:\/\/www.anmeksan.com\/wp-content\/uploads\/2014\/09\/gorsel-hazirlaniyor-anmeksan-300x158.png 300w, https:\/\/www.anmeksan.com\/wp-content\/uploads\/2014\/09\/gorsel-hazirlaniyor-anmeksan-200x105.png 200w, https:\/\/www.anmeksan.com\/wp-content\/uploads\/2014\/09\/gorsel-hazirlaniyor-anmeksan-190x100.png 190w\" sizes=\"(max-width: 760px) 100vw, 760px\" \/><\/div>\t\t<\/div>\n\t<\/article>\n<\/div><div class=\"w-grid-preloader\"><div class=\"g-preloader type_1\">\n\t<div><\/div>\n<\/div>\n<\/div>\t<div class=\"w-grid-json hidden\" onclick='return {&quot;action&quot;:&quot;us_ajax_grid&quot;,&quot;ajax_url&quot;:&quot;https:\\\/\\\/www.anmeksan.com\\\/wp-admin\\\/admin-ajax.php&quot;,&quot;infinite_scroll&quot;:0,&quot;max_num_pages&quot;:1,&quot;pagination&quot;:&quot;none&quot;,&quot;permalink_url&quot;:&quot;https:\\\/\\\/www.anmeksan.com\\\/bg\\\/wp-json\\\/wp\\\/v2\\\/pages\\\/9988&quot;,&quot;template_vars&quot;:{&quot;columns&quot;:&quot;4&quot;,&quot;exclude_items&quot;:&quot;none&quot;,&quot;img_size&quot;:&quot;default&quot;,&quot;ignore_items_size&quot;:false,&quot;items_layout&quot;:&quot;gallery_default&quot;,&quot;items_offset&quot;:&quot;1&quot;,&quot;load_animation&quot;:&quot;none&quot;,&quot;overriding_link&quot;:&quot;popup_post_image&quot;,&quot;post_id&quot;:9988,&quot;query_args&quot;:{&quot;post_type&quot;:[&quot;attachment&quot;],&quot;post__in&quot;:[&quot;8107&quot;],&quot;post_status&quot;:&quot;inherit&quot;,&quot;post_mime_type&quot;:&quot;image&quot;,&quot;posts_per_page&quot;:&quot;4&quot;},&quot;orderby_query_args&quot;:{&quot;orderby&quot;:{&quot;date&quot;:&quot;DESC&quot;}},&quot;type&quot;:&quot;grid&quot;,&quot;us_grid_ajax_index&quot;:1,&quot;us_grid_filter_params&quot;:null,&quot;us_grid_index&quot;:1,&quot;_us_grid_post_type&quot;:&quot;attachment&quot;}}'><\/div>\n\t<\/div><\/div><\/div><\/div><div class=\"w-tabs-section\" id=\"c726\"><button aria-controls=\"content-c726\" class=\"w-tabs-section-header with_icon\"><i class=\"fas fa-books\"><\/i><div class=\"w-tabs-section-title\">\u0414\u041e\u041a\u0423\u041c\u0415\u041d\u0422\u0418<\/div><div class=\"w-tabs-section-control\"><\/div><\/button><div  class=\"w-tabs-section-content\" id=\"content-c726\" aria-expanded=\"false\"><div class=\"w-tabs-section-content-h i-cf\"><div class=\"w-btn-wrapper align_left\"><a class=\"w-btn us-btn-style_9 icon_atleft\" href=\"#\"><i class=\"fas fa-download\"><\/i><span class=\"w-btn-label\">\u0422\u0415\u0425\u041d\u0418\u0427\u0415\u0421\u041a\u0418 \u0414\u041e\u041a\u0423\u041c\u0415\u041d\u0422<\/span><\/a><\/div><\/div><\/div><\/div><\/div><\/div><\/div><\/div><\/div><div class=\"w-separator size_small\"><\/div><\/div><\/div><\/div><\/div><\/section>","protected":false},"excerpt":{"rendered":"G\u00f6rsel Haz\u0131rlan\u0131yor","protected":false},"author":1,"featured_media":0,"parent":9890,"menu_order":0,"comment_status":"closed","ping_status":"closed","template":"","meta":{"inline_featured_image":false},"acf":[],"yoast_head":"<!-- This site is optimized with the Yoast SEO Premium plugin v18.7 (Yoast SEO v19.4) - https:\/\/yoast.com\/wordpress\/plugins\/seo\/ -->\n<title>\u0130\u00e7ten Ak\u0131\u015fl\u0131 Tambur Elek - Anmeksan Ar\u0131tma A.\u015e<\/title>\n<meta name=\"description\" content=\"\u0130\u00e7ten Ak\u0131\u015fl\u0131 Tambur Elek; Fiziksel bir ar\u0131tma ekipman\u0131d\u0131r, 0,5 mm ve 5 mm aral\u0131\u011f\u0131ndan tambur elek \u00fcretimleri yap\u0131lmaktad\u0131r. Mekanik ekipman\" \/>\n<meta name=\"robots\" content=\"index, follow, max-snippet:-1, max-image-preview:large, max-video-preview:-1\" \/>\n<link rel=\"canonical\" href=\"https:\/\/www.anmeksan.com\/bg\/mechanical-equipment-bg\/icten-akisli-tambur-elek\/\" \/>\n<meta property=\"og:locale\" content=\"bg_BG\" \/>\n<meta property=\"og:type\" content=\"article\" \/>\n<meta property=\"og:title\" content=\"\u0130\u00e7ten Ak\u0131\u015fl\u0131 Tambur Elek\" \/>\n<meta property=\"og:description\" content=\"\u0130\u00e7ten Ak\u0131\u015fl\u0131 Tambur Elek; Fiziksel bir ar\u0131tma ekipman\u0131d\u0131r, 0,5 mm ve 5 mm aral\u0131\u011f\u0131ndan tambur elek \u00fcretimleri yap\u0131lmaktad\u0131r. Mekanik ekipman\" \/>\n<meta property=\"og:url\" content=\"https:\/\/www.anmeksan.com\/bg\/mechanical-equipment-bg\/icten-akisli-tambur-elek\/\" \/>\n<meta property=\"og:site_name\" content=\"Anmeksan Ar\u0131tma A.\u015e\" \/>\n<meta property=\"article:publisher\" content=\"https:\/\/www.facebook.com\/anmeksan.aritmaas\" \/>\n<meta property=\"article:modified_time\" content=\"2022-05-12T05:31:53+00:00\" \/>\n<meta name=\"twitter:card\" content=\"summary_large_image\" \/>\n<meta name=\"twitter:site\" content=\"@anmeksan\" \/>\n<meta name=\"twitter:label1\" content=\"Est. reading time\" \/>\n\t<meta name=\"twitter:data1\" content=\"3 \u043c\u0438\u043d\u0443\u0442\u0438\" \/>\n<!-- \/ Yoast SEO Premium plugin. -->","yoast_head_json":{"title":"\u0130\u00e7ten Ak\u0131\u015fl\u0131 Tambur Elek - Anmeksan Ar\u0131tma A.\u015e","description":"\u0130\u00e7ten Ak\u0131\u015fl\u0131 Tambur Elek; Fiziksel bir ar\u0131tma ekipman\u0131d\u0131r, 0,5 mm ve 5 mm aral\u0131\u011f\u0131ndan tambur elek \u00fcretimleri yap\u0131lmaktad\u0131r. Mekanik ekipman","robots":{"index":"index","follow":"follow","max-snippet":"max-snippet:-1","max-image-preview":"max-image-preview:large","max-video-preview":"max-video-preview:-1"},"canonical":"https:\/\/www.anmeksan.com\/bg\/mechanical-equipment-bg\/icten-akisli-tambur-elek\/","og_locale":"bg_BG","og_type":"article","og_title":"\u0130\u00e7ten Ak\u0131\u015fl\u0131 Tambur Elek","og_description":"\u0130\u00e7ten Ak\u0131\u015fl\u0131 Tambur Elek; Fiziksel bir ar\u0131tma ekipman\u0131d\u0131r, 0,5 mm ve 5 mm aral\u0131\u011f\u0131ndan tambur elek \u00fcretimleri yap\u0131lmaktad\u0131r. Mekanik ekipman","og_url":"https:\/\/www.anmeksan.com\/bg\/mechanical-equipment-bg\/icten-akisli-tambur-elek\/","og_site_name":"Anmeksan Ar\u0131tma A.\u015e","article_publisher":"https:\/\/www.facebook.com\/anmeksan.aritmaas","article_modified_time":"2022-05-12T05:31:53+00:00","twitter_card":"summary_large_image","twitter_site":"@anmeksan","twitter_misc":{"Est. reading time":"3 \u043c\u0438\u043d\u0443\u0442\u0438"},"schema":{"@context":"https:\/\/schema.org","@graph":[{"@type":"Organization","@id":"https:\/\/www.anmeksan.com\/#organization","name":"Anmeksan Ar\u0131tma A.\u015e","url":"https:\/\/www.anmeksan.com\/","sameAs":["https:\/\/www.facebook.com\/anmeksan.aritmaas","https:\/\/twitter.com\/anmeksan"],"logo":{"@type":"ImageObject","inLanguage":"bg-BG","@id":"https:\/\/www.anmeksan.com\/#\/schema\/logo\/image\/","url":"https:\/\/www.anmeksan.com\/wp-content\/uploads\/2022\/04\/logo.svg","contentUrl":"https:\/\/www.anmeksan.com\/wp-content\/uploads\/2022\/04\/logo.svg","width":"1024","height":"1024","caption":"Anmeksan Ar\u0131tma A.\u015e"},"image":{"@id":"https:\/\/www.anmeksan.com\/#\/schema\/logo\/image\/"}},{"@type":"WebSite","@id":"https:\/\/www.anmeksan.com\/#website","url":"https:\/\/www.anmeksan.com\/","name":"Anmeksan Ar\u0131tma A.\u015e","description":"Paket Ar\u0131tma Sistemleri, MBR ve MBBR Ar\u0131tma","publisher":{"@id":"https:\/\/www.anmeksan.com\/#organization"},"potentialAction":[{"@type":"SearchAction","target":{"@type":"EntryPoint","urlTemplate":"https:\/\/www.anmeksan.com\/?s={search_term_string}"},"query-input":"required name=search_term_string"}],"inLanguage":"bg-BG"},{"@type":"WebPage","@id":"https:\/\/www.anmeksan.com\/mekanik-ekipmanlar\/icten-akisli-tambur-elek\/","url":"https:\/\/www.anmeksan.com\/mekanik-ekipmanlar\/icten-akisli-tambur-elek\/","name":"\u0130\u00e7ten Ak\u0131\u015fl\u0131 Tambur Elek - Anmeksan Ar\u0131tma A.\u015e","isPartOf":{"@id":"https:\/\/www.anmeksan.com\/#website"},"datePublished":"2022-05-09T21:02:29+00:00","dateModified":"2022-05-12T05:31:53+00:00","description":"\u0130\u00e7ten Ak\u0131\u015fl\u0131 Tambur Elek; Fiziksel bir ar\u0131tma ekipman\u0131d\u0131r, 0,5 mm ve 5 mm aral\u0131\u011f\u0131ndan tambur elek \u00fcretimleri yap\u0131lmaktad\u0131r. Mekanik ekipman","breadcrumb":{"@id":"https:\/\/www.anmeksan.com\/mekanik-ekipmanlar\/icten-akisli-tambur-elek\/#breadcrumb"},"inLanguage":"bg-BG","potentialAction":[{"@type":"ReadAction","target":["https:\/\/www.anmeksan.com\/mekanik-ekipmanlar\/icten-akisli-tambur-elek\/"]}]},{"@type":"BreadcrumbList","@id":"https:\/\/www.anmeksan.com\/mekanik-ekipmanlar\/icten-akisli-tambur-elek\/#breadcrumb","itemListElement":[{"@type":"ListItem","position":1,"name":"Ana Sayfa","item":"https:\/\/www.anmeksan.com\/"},{"@type":"ListItem","position":2,"name":"Mekanik Ekipmanlar","item":"https:\/\/www.anmeksan.com\/mekanik-ekipmanlar\/"},{"@type":"ListItem","position":3,"name":"\u0130\u00e7ten Ak\u0131\u015fl\u0131 Tambur Elek"}]}]}},"_links":{"self":[{"href":"https:\/\/www.anmeksan.com\/bg\/wp-json\/wp\/v2\/pages\/9988"}],"collection":[{"href":"https:\/\/www.anmeksan.com\/bg\/wp-json\/wp\/v2\/pages"}],"about":[{"href":"https:\/\/www.anmeksan.com\/bg\/wp-json\/wp\/v2\/types\/page"}],"author":[{"embeddable":true,"href":"https:\/\/www.anmeksan.com\/bg\/wp-json\/wp\/v2\/users\/1"}],"replies":[{"embeddable":true,"href":"https:\/\/www.anmeksan.com\/bg\/wp-json\/wp\/v2\/comments?post=9988"}],"version-history":[{"count":0,"href":"https:\/\/www.anmeksan.com\/bg\/wp-json\/wp\/v2\/pages\/9988\/revisions"}],"up":[{"embeddable":true,"href":"https:\/\/www.anmeksan.com\/bg\/wp-json\/wp\/v2\/pages\/9890"}],"wp:attachment":[{"href":"https:\/\/www.anmeksan.com\/bg\/wp-json\/wp\/v2\/media?parent=9988"}],"curies":[{"name":"wp","href":"https:\/\/api.w.org\/{rel}","templated":true}]}}