{"id":10138,"date":"2022-05-12T07:42:34","date_gmt":"2022-05-12T07:42:34","guid":{"rendered":"https:\/\/www.anmeksan.com\/?page_id=10138"},"modified":"2022-06-11T14:12:56","modified_gmt":"2022-06-11T14:12:56","slug":"filtre-pres","status":"publish","type":"page","link":"https:\/\/www.anmeksan.com\/de\/mechanische-ausrustung\/filtre-pres\/","title":{"rendered":"Filterpresse"},"content":{"rendered":"<section class=\"l-section wpb_row height_medium with_img\"><div class=\"l-section-img\" style=\"background-image: url(https:\/\/www.anmeksan.com\/wp-content\/uploads\/2022\/05\/uretim.jpg);\" data-img-width=\"1300\" data-img-height=\"458\"><\/div><div class=\"l-section-h i-cf\"><div class=\"g-cols vc_row via_grid cols_2-1 laptops-cols_inherit tablets-cols_inherit mobiles-cols_1 valign_top type_default stacking_default\"><div class=\"wpb_column vc_column_container\"><div class=\"vc_column-inner\"><h2 class=\"w-post-elm post_title us_custom_ed05b3dd has_text_color align_left entry-title color_link_inherit\">Filterpresse<\/h2><div class=\"w-html us_custom_6df4bc3a has_text_color\"><span><span><a href=\"https:\/\/www.anmeksan.com\/de\/\">Startseite<\/a><\/span><\/div><div class=\"w-separator size_custom\" style=\"height:20px\"><\/div><\/div><\/div><div class=\"wpb_column vc_column_container\"><div class=\"vc_column-inner\"><div class=\"w-image align_none\"><div class=\"w-image-h\"><img width=\"150\" height=\"50\" src=\"https:\/\/www.anmeksan.com\/wp-content\/uploads\/2022\/04\/anmeksan-kalite-iso.png\" class=\"attachment-large size-large\" alt=\"Anmeksan Kalite\" decoding=\"async\" \/><\/div><\/div><div class=\"w-separator size_custom\" style=\"height:3px\"><\/div><div class=\"w-image align_none\"><div class=\"w-image-h\"><img width=\"300\" height=\"50\" src=\"https:\/\/www.anmeksan.com\/wp-content\/uploads\/2014\/09\/banner-ust-uyelik.png\" class=\"attachment-large size-large\" alt=\"Banner \u00dcyelik\" decoding=\"async\" srcset=\"https:\/\/www.anmeksan.com\/wp-content\/uploads\/2014\/09\/banner-ust-uyelik.png 300w, https:\/\/www.anmeksan.com\/wp-content\/uploads\/2014\/09\/banner-ust-uyelik-200x33.png 200w\" sizes=\"(max-width: 300px) 100vw, 300px\" \/><\/div><\/div><\/div><\/div><\/div><\/div><\/section><section class=\"l-section wpb_row height_medium\"><div class=\"l-section-h i-cf\"><div class=\"g-cols vc_row via_grid cols_1-3 laptops-cols_inherit tablets-cols_inherit mobiles-cols_1 valign_top type_default stacking_default\"><div class=\"wpb_column vc_column_container\"><div class=\"vc_column-inner\"><div class=\"w-menu layout_ver style_blocks us_menu_1\" style=\"--main-gap:5px;--main-ver-indent:0.8em;--main-hor-indent:0.8em;\"><ul id=\"menu-on-aritma-ekipmanlari\" class=\"menu\"><li id=\"menu-item-10112\" class=\"menu-item menu-item-type-post_type menu-item-object-page menu-item-10112\"><a href=\"https:\/\/www.anmeksan.com\/de\/mechanische-ausrustung\/mekanik-izgaralar\/\"><i class=\"_mi _before dashicons dashicons-arrow-right-alt2\" aria-hidden=\"true\"><\/i><span>Mechanische Gitter<\/span><\/a><\/li><li id=\"menu-item-10111\" class=\"menu-item menu-item-type-post_type menu-item-object-page menu-item-10111\"><a href=\"https:\/\/www.anmeksan.com\/de\/mechanische-ausrustung\/icten-akisli-tambur-elek\/\"><i class=\"_mi _before dashicons dashicons-arrow-right-alt2\" aria-hidden=\"true\"><\/i><span>Internes Durchfluss Trommelsieb<\/span><\/a><\/li><li id=\"menu-item-10109\" class=\"menu-item menu-item-type-post_type menu-item-object-page menu-item-10109\"><a href=\"https:\/\/www.anmeksan.com\/de\/mechanische-ausrustung\/distan-akisli-tambur-elek\/\"><i class=\"_mi _before dashicons dashicons-arrow-right-alt2\" aria-hidden=\"true\"><\/i><span>Externes Durchfluss Trommelsieb<\/span><\/a><\/li><li id=\"menu-item-10110\" class=\"menu-item menu-item-type-post_type menu-item-object-page menu-item-10110\"><a href=\"https:\/\/www.anmeksan.com\/de\/mechanische-ausrustung\/statik-elek-izgaralar\/\"><i class=\"_mi _before dashicons dashicons-arrow-right-alt2\" aria-hidden=\"true\"><\/i><span>Statischer Bildschirm<\/span><\/a><\/li><li id=\"menu-item-10113\" class=\"menu-item menu-item-type-post_type menu-item-object-page menu-item-10113\"><a href=\"https:\/\/www.anmeksan.com\/de\/mechanische-ausrustung\/sepet-izgaralar\/\"><i class=\"_mi _before dashicons dashicons-arrow-right-alt2\" aria-hidden=\"true\"><\/i><span>Warenkorb-Bildschirm<\/span><\/a><\/li><\/ul><style>.us_menu_1 .menu>li>a{background:#e8e8e8}.us_menu_1 .menu>li>a{color:#002f66}.us_menu_1 .menu>.menu-item:not(.current-menu-item)>a:hover{background:#002f66}.us_menu_1 .menu>.menu-item:not(.current-menu-item)>a:hover{color:#ffffff}.us_menu_1 .menu>.current-menu-item>a{background:#00b032}.us_menu_1 .menu>.current-menu-item>a{color:#ffffff}@media ( max-width:600px ){.us_menu_1 .menu{display:block!important}.us_menu_1 .menu>li{margin:0 0 var(--main-gap,5px)!important}}<\/style><\/div><div class=\"w-separator size_custom\" style=\"height:10px\"><\/div><div class=\"w-menu layout_ver style_blocks us_menu_2\" style=\"--main-gap:5px;--main-ver-indent:0.8em;--main-hor-indent:0.8em;\"><ul id=\"menu-ekipmanlar-menu\" class=\"menu\"><li id=\"menu-item-10018\" class=\"menu-item menu-item-type-post_type menu-item-object-page menu-item-10018\"><a href=\"https:\/\/www.anmeksan.com\/de\/mechanische-ausrustung\/\"><i class=\"_mi _before dashicons dashicons-admin-home\" aria-hidden=\"true\"><\/i><span>Die ganze Ausr\u00fcstung<\/span><\/a><\/li><\/ul><style>.us_menu_2 .menu>li>a{background:#002f66}.us_menu_2 .menu>li>a{color:#ffffff}.us_menu_2 .menu>.menu-item:not(.current-menu-item)>a:hover{background:#00abbc}.us_menu_2 .menu>.menu-item:not(.current-menu-item)>a:hover{color:#ffffff}.us_menu_2 .menu>.current-menu-item>a{background:#00b032}.us_menu_2 .menu>.current-menu-item>a{color:#ffffff}@media ( max-width:600px ){.us_menu_2 .menu{display:block!important}.us_menu_2 .menu>li{margin:0 0 var(--main-gap,5px)!important}}<\/style><\/div><div class=\"w-separator size_custom\" style=\"height:10px\"><\/div><div class=\"w-sharing type_solid align_center color_default\"><div class=\"w-sharing-list\" data-content-image=\"true\"><a class=\"w-sharing-item email\" href=\"mailto:?subject=Filtre Pres&amp;body=https:\/\/www.anmeksan.com\/de\/wp-json\/wp\/v2\/pages\/10138\" title=\"E-Mail senden\" aria-label=\"E-Mail senden\"><i class=\"fas fa-envelope\"><\/i><\/a><a class=\"w-sharing-item facebook\" href=\"https:\/\/www.facebook.com\/sharer\/sharer.php?u=https:\/\/www.anmeksan.com\/de\/wp-json\/wp\/v2\/pages\/10138&amp;quote=Filtre Pres\" title=\"Teile dies\" aria-label=\"Teile dies\" onclick=\"window.open(this.href, &quot;facebook&quot;, &quot;toolbar=0,width=900,height=500&quot;); return false;\"><i class=\"fab fa-facebook\"><\/i><\/a><a class=\"w-sharing-item twitter\" href=\"https:\/\/twitter.com\/intent\/tweet?text=Filtre Pres&amp;url=https:\/\/www.anmeksan.com\/de\/wp-json\/wp\/v2\/pages\/10138\" title=\"Tweete das\" aria-label=\"Tweete das\" onclick=\"window.open(this.href, &quot;twitter&quot;, &quot;toolbar=0,width=650,height=360&quot;); return false;\"><i class=\"fab fa-twitter\"><\/i><\/a><a class=\"w-sharing-item linkedin\" href=\"https:\/\/www.linkedin.com\/shareArticle?mini=true&amp;url=https:\/\/www.anmeksan.com\/de\/wp-json\/wp\/v2\/pages\/10138\" title=\"Teile dies\" aria-label=\"Teile dies\" onclick=\"window.open(this.href, &quot;linkedin&quot;, &quot;toolbar=no,width=550,height=550&quot;); return false;\"><i class=\"fab fa-linkedin\"><\/i><\/a><a class=\"w-sharing-item whatsapp\" href=\"https:\/\/web.whatsapp.com\/send?text=Filtre Pres https:\/\/www.anmeksan.com\/de\/wp-json\/wp\/v2\/pages\/10138\" title=\"Teile dies\" aria-label=\"Teile dies\" onclick=\"window.open(this.href, &quot;whatsapp&quot;, &quot;toolbar=0,width=900,height=500&quot;); return false;\"><i class=\"fab fa-whatsapp\"><\/i><\/a><\/div><\/div><\/div><\/div><div class=\"wpb_column vc_column_container\"><div class=\"vc_column-inner\"><h1 style=\"color: #565656;text-align: left;font-family:Roboto;font-weight:900;font-style:normal\" class=\"vc_custom_heading us_custom_16c70a5a\" >F\u0130LTRE PRES<\/h1><div class=\"w-separator size_custom\" style=\"height:10px\"><\/div><div class=\"wpb_text_column\"><div class=\"wpb_wrapper\"><p>Filtre Pres ; Evsel ve End\u00fcstriyel ar\u0131tma tesislerinde olu\u015fan \u00e7amurun susuzla\u015ft\u0131r\u0131lmas\u0131 i\u00e7in kullan\u0131lan manuel veya otomatik \u00fcretimleri yap\u0131lan ekipmand\u0131r.<\/p>\n<p>Filtre Pres ; At\u0131k su ar\u0131tma tesislerinde olu\u015fan s\u0131v\u0131 \u00e7amur, \u00c7amur pompas\u0131 yard\u0131m\u0131 ile sisteme bas\u0131l\u0131r. Y\u00fcksek bas\u0131n\u00e7 alt\u0131nda s\u0131k\u0131\u015ft\u0131r\u0131lan plakalar aras\u0131nda kalan s\u0131v\u0131 \u00e7amur sudan ar\u0131narak at\u0131k su tavas\u0131ndan sisteme ge\u00e7er. Plaka aras\u0131ndaki \u00e7amur bekleme ve s\u0131k\u0131\u015ft\u0131rma i\u015fleminden sonra\u00a0 plaka aralar\u0131 manuel \/ otomatik olarak a\u00e7\u0131larak susuzla\u015ft\u0131r\u0131lm\u0131\u015f \u00e7amur at\u0131k tavas\u0131na veya at\u0131k arabas\u0131na d\u00f6k\u00fcl\u00fcr.<\/p>\n<p>Filtre Pres \u0130malat\u0131; At\u0131k su ar\u0131tma tesisleri debisi, sekt\u00f6r\u00fc ve suyun nitelikleri belirlenerek tasar\u0131m a\u015famas\u0131na ge\u00e7ilir. \u00c7amur hesaplar\u0131 yap\u0131lan at\u0131k suyun, plaka \u00f6l\u00e7\u00fcleri ve adetleri belirlenerek \u00fcretime ba\u015flan\u0131r.<\/p>\n<\/div><\/div><div class=\"w-separator size_medium\"><\/div><div class=\"g-cols wpb_row via_grid cols_1 laptops-cols_inherit tablets-cols_inherit mobiles-cols_1 valign_top type_default stacking_default\"><div class=\"wpb_column vc_column_container\"><div class=\"vc_column-inner\"><h2 style=\"color: #565656;text-align: left;font-family:Roboto;font-weight:500;font-style:normal\" class=\"vc_custom_heading us_custom_16c70a5a\" >ALLGEMEINE MERKMALE<\/h2><div class=\"w-tabs layout_hor style_default switch_click has_scrolling\" style=\"--sections-title-size:1em\"><div class=\"w-tabs-list items_4 align_justify\"><div class=\"w-tabs-list-h\"><a class=\"w-tabs-item active with_icon\" aria-controls=\"content-xcd7\" href=\"javascript:void(0);\"><i class=\"fas fa-conveyor-belt-alt\"><\/i><span class=\"w-tabs-item-title\">BETRIEB<\/span><\/a><a class=\"w-tabs-item with_icon\" aria-controls=\"content-pe5e\" href=\"javascript:void(0);\"><i class=\"fas fa-list-alt\"><\/i><span class=\"w-tabs-item-title\">MERKMALE<\/span><\/a><a class=\"w-tabs-item with_icon\" aria-controls=\"content-s13f\" href=\"javascript:void(0);\"><i class=\"fas fa-images\"><\/i><span class=\"w-tabs-item-title\">BILDER<\/span><\/a><a class=\"w-tabs-item with_icon\" aria-controls=\"content-y293\" href=\"javascript:void(0);\"><i class=\"fas fa-books\"><\/i><span class=\"w-tabs-item-title\">UNTERLAGEN<\/span><\/a><\/div><\/div><div class=\"w-tabs-sections titles-align_none icon_plus cpos_right\"><div class=\"w-tabs-section active\" id=\"xcd7\"><button aria-controls=\"content-xcd7\" class=\"w-tabs-section-header active with_icon\"><i class=\"fas fa-conveyor-belt-alt\"><\/i><div class=\"w-tabs-section-title\">BETRIEB<\/div><div class=\"w-tabs-section-control\"><\/div><\/button><div  class=\"w-tabs-section-content\" id=\"content-xcd7\" aria-expanded=\"true\"><div class=\"w-tabs-section-content-h i-cf\"><div class=\"wpb_text_column\"><div class=\"wpb_wrapper\"><p><b>Filtre Pres ; <\/b>At\u0131k su ar\u0131tma tesislerinde olu\u015fan s\u0131v\u0131 \u00e7amur, \u00c7amur pompas\u0131 yard\u0131m\u0131 ile sisteme bas\u0131l\u0131r. Y\u00fcksek bas\u0131n\u00e7 alt\u0131nda s\u0131k\u0131\u015ft\u0131r\u0131lan plakalar aras\u0131nda kalan s\u0131v\u0131 \u00e7amur sudan ar\u0131narak at\u0131k su tavas\u0131ndan sisteme ge\u00e7er. Plaka aras\u0131ndaki \u00e7amur bekleme ve s\u0131k\u0131\u015ft\u0131rma i\u015fleminden sonra\u00a0 plaka aralar\u0131 manuel \/ otomatik olarak a\u00e7\u0131larak susuzla\u015ft\u0131r\u0131lm\u0131\u015f \u00e7amur at\u0131k tavas\u0131na veya at\u0131k arabas\u0131na d\u00f6k\u00fcl\u00fcr.<\/p>\n<\/div><\/div><\/div><\/div><\/div><div class=\"w-tabs-section\" id=\"pe5e\"><button aria-controls=\"content-pe5e\" class=\"w-tabs-section-header with_icon\"><i class=\"fas fa-list-alt\"><\/i><div class=\"w-tabs-section-title\">MERKMALE<\/div><div class=\"w-tabs-section-control\"><\/div><\/button><div  class=\"w-tabs-section-content\" id=\"content-pe5e\" aria-expanded=\"false\"><div class=\"w-tabs-section-content-h i-cf\"><div class=\"wpb_text_column\"><div class=\"wpb_wrapper\"><ul>\n<li><strong>\u015ease \/ Malzeme :<\/strong> Karbon \u00c7elik + Epoxy Boya<\/li>\n<li><strong>Tava \/ Malzeme :<\/strong> AISI304 Paslanmaz \u00c7elik<\/li>\n<li><strong>Kontrolle :<\/strong> Manuel \/ Otomatik<\/li>\n<li><strong>M\u00fcdahale :<\/strong> Harici MMC Otomasyon G\u00fcvenlik Panosu<\/li>\n<\/ul>\n<\/div><\/div><\/div><\/div><\/div><div class=\"w-tabs-section\" id=\"s13f\"><button aria-controls=\"content-s13f\" class=\"w-tabs-section-header with_icon\"><i class=\"fas fa-images\"><\/i><div class=\"w-tabs-section-title\">BILDER<\/div><div class=\"w-tabs-section-control\"><\/div><\/button><div  class=\"w-tabs-section-content\" id=\"content-s13f\" aria-expanded=\"false\"><div class=\"w-tabs-section-content-h i-cf\"><div class=\"w-grid type_grid layout_gallery_default cols_4\" id=\"us_grid_1\" data-filterable=\"true\"><style>#us_grid_1 .w-grid-item{padding:5px}#us_grid_1 .w-grid-list{margin:-5px}.w-grid + #us_grid_1 .w-grid-list,.w-grid-none + #us_grid_1 .w-grid-list{margin-top:5px}@media (max-width:1199px){#us_grid_1 .w-grid-item{width:33.3333%}}@media (max-width:899px){#us_grid_1 .w-grid-item{width:50%}}@media (max-width:599px){#us_grid_1 .w-grid-list{margin:0}#us_grid_1 .w-grid-item{width:100%;padding:0;margin-bottom:5px}}.layout_gallery_default .w-grid-item-h{}<\/style><div class=\"w-grid-list\">\t<article class=\"w-grid-item post-10450 attachment type-attachment status-inherit hentry\" data-id=\"10450\">\n\t\t<div class=\"w-grid-item-h\">\n\t\t\t\t\t\t\t<a class=\"w-grid-item-anchor\" href=\"https:\/\/www.anmeksan.com\/wp-content\/uploads\/2022\/05\/filtrepres02.png\" ref=\"magnificPopupGrid\" title=\"Filterpresse\"><\/a>\n\t\t\t\t\t\t<div class=\"w-post-elm post_image usg_post_image_1 stretched\"><img width=\"700\" height=\"500\" src=\"https:\/\/www.anmeksan.com\/wp-content\/uploads\/2022\/05\/filtrepres02.png\" class=\"attachment-us_600_600_crop size-us_600_600_crop\" alt=\"Filterpresse\" decoding=\"async\" srcset=\"https:\/\/www.anmeksan.com\/wp-content\/uploads\/2022\/05\/filtrepres02.png 700w, https:\/\/www.anmeksan.com\/wp-content\/uploads\/2022\/05\/filtrepres02-300x214.png 300w, https:\/\/www.anmeksan.com\/wp-content\/uploads\/2022\/05\/filtrepres02-200x143.png 200w, https:\/\/www.anmeksan.com\/wp-content\/uploads\/2022\/05\/filtrepres02-140x100.png 140w\" sizes=\"(max-width: 700px) 100vw, 700px\" \/><\/div>\t\t<\/div>\n\t<\/article>\n\t<article class=\"w-grid-item post-10449 attachment type-attachment status-inherit hentry\" data-id=\"10449\">\n\t\t<div class=\"w-grid-item-h\">\n\t\t\t\t\t\t\t<a class=\"w-grid-item-anchor\" href=\"https:\/\/www.anmeksan.com\/wp-content\/uploads\/2022\/05\/filtrepres01.png\" ref=\"magnificPopupGrid\" title=\"Filterpresse\"><\/a>\n\t\t\t\t\t\t<div class=\"w-post-elm post_image usg_post_image_1 stretched\"><img width=\"700\" height=\"500\" src=\"https:\/\/www.anmeksan.com\/wp-content\/uploads\/2022\/05\/filtrepres01.png\" class=\"attachment-us_600_600_crop size-us_600_600_crop\" alt=\"Filterpresse\" decoding=\"async\" srcset=\"https:\/\/www.anmeksan.com\/wp-content\/uploads\/2022\/05\/filtrepres01.png 700w, https:\/\/www.anmeksan.com\/wp-content\/uploads\/2022\/05\/filtrepres01-300x214.png 300w, https:\/\/www.anmeksan.com\/wp-content\/uploads\/2022\/05\/filtrepres01-200x143.png 200w, https:\/\/www.anmeksan.com\/wp-content\/uploads\/2022\/05\/filtrepres01-140x100.png 140w\" sizes=\"(max-width: 700px) 100vw, 700px\" \/><\/div>\t\t<\/div>\n\t<\/article>\n<\/div><div class=\"w-grid-preloader\"><div class=\"g-preloader type_1\">\n\t<div><\/div>\n<\/div>\n<\/div>\t<div class=\"w-grid-json hidden\" onclick='return {&quot;action&quot;:&quot;us_ajax_grid&quot;,&quot;ajax_url&quot;:&quot;https:\\\/\\\/www.anmeksan.com\\\/wp-admin\\\/admin-ajax.php&quot;,&quot;infinite_scroll&quot;:0,&quot;max_num_pages&quot;:1,&quot;pagination&quot;:&quot;none&quot;,&quot;permalink_url&quot;:&quot;https:\\\/\\\/www.anmeksan.com\\\/de\\\/wp-json\\\/wp\\\/v2\\\/pages\\\/10138&quot;,&quot;template_vars&quot;:{&quot;columns&quot;:&quot;4&quot;,&quot;exclude_items&quot;:&quot;none&quot;,&quot;img_size&quot;:&quot;default&quot;,&quot;ignore_items_size&quot;:false,&quot;items_layout&quot;:&quot;gallery_default&quot;,&quot;items_offset&quot;:&quot;1&quot;,&quot;load_animation&quot;:&quot;none&quot;,&quot;overriding_link&quot;:&quot;popup_post_image&quot;,&quot;post_id&quot;:10138,&quot;query_args&quot;:{&quot;post_type&quot;:[&quot;attachment&quot;],&quot;post__in&quot;:[&quot;10449&quot;,&quot;10450&quot;],&quot;post_status&quot;:&quot;inherit&quot;,&quot;post_mime_type&quot;:&quot;image&quot;,&quot;posts_per_page&quot;:&quot;4&quot;},&quot;orderby_query_args&quot;:{&quot;orderby&quot;:{&quot;date&quot;:&quot;DESC&quot;}},&quot;type&quot;:&quot;grid&quot;,&quot;us_grid_ajax_index&quot;:1,&quot;us_grid_filter_params&quot;:null,&quot;us_grid_index&quot;:1,&quot;_us_grid_post_type&quot;:&quot;attachment&quot;}}'><\/div>\n\t<\/div><\/div><\/div><\/div><div class=\"w-tabs-section\" id=\"y293\"><button aria-controls=\"content-y293\" class=\"w-tabs-section-header with_icon\"><i class=\"fas fa-books\"><\/i><div class=\"w-tabs-section-title\">UNTERLAGEN<\/div><div class=\"w-tabs-section-control\"><\/div><\/button><div  class=\"w-tabs-section-content\" id=\"content-y293\" aria-expanded=\"false\"><div class=\"w-tabs-section-content-h i-cf\"><div class=\"w-btn-wrapper align_left\"><a class=\"w-btn us-btn-style_9 icon_atleft\" href=\"#\"><i class=\"fas fa-download\"><\/i><span class=\"w-btn-label\">TECHNISCHES DOKUMENT<\/span><\/a><\/div><\/div><\/div><\/div><\/div><\/div><\/div><\/div><\/div><div class=\"w-separator size_small\"><\/div><\/div><\/div><\/div><\/div><\/section>","protected":false},"excerpt":{"rendered":"Filterpresse","protected":false},"author":1,"featured_media":0,"parent":9890,"menu_order":0,"comment_status":"closed","ping_status":"closed","template":"","meta":{"inline_featured_image":false},"acf":[],"yoast_head":"<!-- This site is optimized with the Yoast SEO Premium plugin v18.7 (Yoast SEO v19.4) - https:\/\/yoast.com\/wordpress\/plugins\/seo\/ -->\n<title>Filtre Pres - Anmeksan Ar\u0131tma A.\u015e<\/title>\n<meta name=\"description\" content=\"Filtre Pres imalat\u0131, mekanik ekipman imalat\u0131, paket ar\u0131tma tesisleri, belt pres, 1000 ki\u015filik paket ar\u0131tma, cezaevi paket ar\u0131tma,\" \/>\n<meta name=\"robots\" content=\"index, follow, max-snippet:-1, max-image-preview:large, max-video-preview:-1\" \/>\n<link rel=\"canonical\" href=\"https:\/\/www.anmeksan.com\/de\/mechanische-ausrustung\/filtre-pres\/\" \/>\n<meta property=\"og:locale\" content=\"de_DE\" \/>\n<meta property=\"og:type\" content=\"article\" \/>\n<meta property=\"og:title\" content=\"Filtre Pres\" \/>\n<meta property=\"og:description\" content=\"Filtre Pres imalat\u0131, mekanik ekipman imalat\u0131, paket ar\u0131tma tesisleri, belt pres, 1000 ki\u015filik paket ar\u0131tma, cezaevi paket ar\u0131tma,\" \/>\n<meta property=\"og:url\" content=\"https:\/\/www.anmeksan.com\/de\/mechanische-ausrustung\/filtre-pres\/\" \/>\n<meta property=\"og:site_name\" content=\"Anmeksan Ar\u0131tma A.\u015e\" \/>\n<meta property=\"article:publisher\" content=\"https:\/\/www.facebook.com\/anmeksan.aritmaas\" \/>\n<meta property=\"article:modified_time\" content=\"2022-06-11T14:12:56+00:00\" \/>\n<meta name=\"twitter:card\" content=\"summary_large_image\" \/>\n<meta name=\"twitter:site\" content=\"@anmeksan\" \/>\n<meta name=\"twitter:label1\" content=\"Gesch\u00e4tzte Lesezeit\" \/>\n\t<meta name=\"twitter:data1\" content=\"4 Minuten\" \/>\n<!-- \/ Yoast SEO Premium plugin. -->","yoast_head_json":{"title":"Filtre Pres - Anmeksan Ar\u0131tma A.\u015e","description":"Filtre Pres imalat\u0131, mekanik ekipman imalat\u0131, paket ar\u0131tma tesisleri, belt pres, 1000 ki\u015filik paket ar\u0131tma, cezaevi paket ar\u0131tma,","robots":{"index":"index","follow":"follow","max-snippet":"max-snippet:-1","max-image-preview":"max-image-preview:large","max-video-preview":"max-video-preview:-1"},"canonical":"https:\/\/www.anmeksan.com\/de\/mechanische-ausrustung\/filtre-pres\/","og_locale":"de_DE","og_type":"article","og_title":"Filtre Pres","og_description":"Filtre Pres imalat\u0131, mekanik ekipman imalat\u0131, paket ar\u0131tma tesisleri, belt pres, 1000 ki\u015filik paket ar\u0131tma, cezaevi paket ar\u0131tma,","og_url":"https:\/\/www.anmeksan.com\/de\/mechanische-ausrustung\/filtre-pres\/","og_site_name":"Anmeksan Ar\u0131tma A.\u015e","article_publisher":"https:\/\/www.facebook.com\/anmeksan.aritmaas","article_modified_time":"2022-06-11T14:12:56+00:00","twitter_card":"summary_large_image","twitter_site":"@anmeksan","twitter_misc":{"Gesch\u00e4tzte Lesezeit":"4 Minuten"},"schema":{"@context":"https:\/\/schema.org","@graph":[{"@type":"Organization","@id":"https:\/\/www.anmeksan.com\/#organization","name":"Anmeksan Ar\u0131tma A.\u015e","url":"https:\/\/www.anmeksan.com\/","sameAs":["https:\/\/www.facebook.com\/anmeksan.aritmaas","https:\/\/twitter.com\/anmeksan"],"logo":{"@type":"ImageObject","inLanguage":"de-DE","@id":"https:\/\/www.anmeksan.com\/#\/schema\/logo\/image\/","url":"https:\/\/www.anmeksan.com\/wp-content\/uploads\/2022\/04\/logo.svg","contentUrl":"https:\/\/www.anmeksan.com\/wp-content\/uploads\/2022\/04\/logo.svg","width":"1024","height":"1024","caption":"Anmeksan Ar\u0131tma A.\u015e"},"image":{"@id":"https:\/\/www.anmeksan.com\/#\/schema\/logo\/image\/"}},{"@type":"WebSite","@id":"https:\/\/www.anmeksan.com\/#website","url":"https:\/\/www.anmeksan.com\/","name":"Anmeksan Ar\u0131tma A.\u015e","description":"Paket Ar\u0131tma Sistemleri, MBR ve MBBR Ar\u0131tma","publisher":{"@id":"https:\/\/www.anmeksan.com\/#organization"},"potentialAction":[{"@type":"SearchAction","target":{"@type":"EntryPoint","urlTemplate":"https:\/\/www.anmeksan.com\/?s={search_term_string}"},"query-input":"required name=search_term_string"}],"inLanguage":"de-DE"},{"@type":"WebPage","@id":"https:\/\/www.anmeksan.com\/mekanik-ekipmanlar\/filtre-pres\/","url":"https:\/\/www.anmeksan.com\/mekanik-ekipmanlar\/filtre-pres\/","name":"Filtre Pres - Anmeksan Ar\u0131tma A.\u015e","isPartOf":{"@id":"https:\/\/www.anmeksan.com\/#website"},"datePublished":"2022-05-12T07:42:34+00:00","dateModified":"2022-06-11T14:12:56+00:00","description":"Filtre Pres imalat\u0131, mekanik ekipman imalat\u0131, paket ar\u0131tma tesisleri, belt pres, 1000 ki\u015filik paket ar\u0131tma, cezaevi paket ar\u0131tma,","breadcrumb":{"@id":"https:\/\/www.anmeksan.com\/mekanik-ekipmanlar\/filtre-pres\/#breadcrumb"},"inLanguage":"de-DE","potentialAction":[{"@type":"ReadAction","target":["https:\/\/www.anmeksan.com\/mekanik-ekipmanlar\/filtre-pres\/"]}]},{"@type":"BreadcrumbList","@id":"https:\/\/www.anmeksan.com\/mekanik-ekipmanlar\/filtre-pres\/#breadcrumb","itemListElement":[{"@type":"ListItem","position":1,"name":"Ana Sayfa","item":"https:\/\/www.anmeksan.com\/"},{"@type":"ListItem","position":2,"name":"Mekanik Ekipmanlar","item":"https:\/\/www.anmeksan.com\/mekanik-ekipmanlar\/"},{"@type":"ListItem","position":3,"name":"Filtre Pres"}]}]}},"_links":{"self":[{"href":"https:\/\/www.anmeksan.com\/de\/wp-json\/wp\/v2\/pages\/10138"}],"collection":[{"href":"https:\/\/www.anmeksan.com\/de\/wp-json\/wp\/v2\/pages"}],"about":[{"href":"https:\/\/www.anmeksan.com\/de\/wp-json\/wp\/v2\/types\/page"}],"author":[{"embeddable":true,"href":"https:\/\/www.anmeksan.com\/de\/wp-json\/wp\/v2\/users\/1"}],"replies":[{"embeddable":true,"href":"https:\/\/www.anmeksan.com\/de\/wp-json\/wp\/v2\/comments?post=10138"}],"version-history":[{"count":0,"href":"https:\/\/www.anmeksan.com\/de\/wp-json\/wp\/v2\/pages\/10138\/revisions"}],"up":[{"embeddable":true,"href":"https:\/\/www.anmeksan.com\/de\/wp-json\/wp\/v2\/pages\/9890"}],"wp:attachment":[{"href":"https:\/\/www.anmeksan.com\/de\/wp-json\/wp\/v2\/media?parent=10138"}],"curies":[{"name":"wp","href":"https:\/\/api.w.org\/{rel}","templated":true}]}}