{"id":8553,"date":"2022-04-26T17:43:53","date_gmt":"2022-04-26T17:43:53","guid":{"rendered":"https:\/\/anmeksan.com\/?page_id=8553"},"modified":"2022-08-01T07:35:31","modified_gmt":"2022-08-01T07:35:31","slug":"hizmetlerimiz","status":"publish","type":"page","link":"https:\/\/www.anmeksan.com\/de\/dienstleistungen\/","title":{"rendered":"Unsere Leistungen"},"content":{"rendered":"<section class=\"l-section wpb_row height_small with_img\"><div class=\"l-section-img\" style=\"background-image: url(https:\/\/www.anmeksan.com\/wp-content\/uploads\/2022\/05\/anmeksan-arkaplan.jpg);\" data-img-width=\"1920\" data-img-height=\"1128\"><\/div><div class=\"l-section-h i-cf\"><div class=\"g-cols vc_row via_grid cols_3 laptops-cols_inherit tablets-cols_inherit mobiles-cols_1 valign_top type_default stacking_default\"><div class=\"wpb_column vc_column_container\"><div class=\"vc_column-inner\"><div class=\"w-ibanner us_custom_657b9349 animation_phorcys ratio_3x2 easing_ease\"><div class=\"w-ibanner-h\"><div class=\"w-ibanner-image\" style=\"background-image: url(https:\/\/www.anmeksan.com\/wp-content\/uploads\/2022\/04\/paket-aritma-1024x768.jpg)\"><\/div><div class=\"w-ibanner-content\"><div class=\"w-ibanner-content-h\"><h3 class=\"w-ibanner-title\">ABWASSER-ABWASSERBEHANDLUNGSSYSTEME<\/h3><div class=\"w-ibanner-desc\"><p>Schnelle und wirtschaftliche L\u00f6sungen f\u00fcr Kapazit\u00e4ten von 100\u20131000 Personen mit Abwasser-SBR, STP, Paketabwasserbehandlung.<\/p>\n<\/div><\/div><\/div><\/div><a title=\"ABWASSER-ABWASSERBEHANDLUNGSSYSTEME\" href=\"\/de\/hizmetlerimiz\/paket-aritma-sistemleri\/\" aria-label=\"ABWASSER-ABWASSERBEHANDLUNGSSYSTEME\"><\/a><\/div><div class=\"wpb_text_column\"><div class=\"wpb_wrapper\"><p>Wir bieten schnelle und wirtschaftliche L\u00f6sungen mit Haus-, Bio- und Chemie-Kompaktkl\u00e4ranlagen.<\/p>\n<\/div><\/div><div class=\"w-btn-wrapper width_full\"><a class=\"w-btn us-btn-style_6 icon_atleft\" title=\"Verpackte Wasseraufbereitungssysteme\" href=\"https:\/\/www.anmeksan.com\/de\/dienstleistungen\/paket-abwasserbehandlungssysteme\/\"><i class=\"fas fa-info-square\"><\/i><span class=\"w-btn-label\">EINZELHEITEN \u2026<\/span><\/a><\/div><div class=\"w-separator size_small\"><\/div><div class=\"w-ibanner us_custom_657b9349 animation_phorcys ratio_3x2 easing_ease\"><div class=\"w-ibanner-h\"><div class=\"w-ibanner-image\" style=\"background-image: url(https:\/\/www.anmeksan.com\/wp-content\/uploads\/2022\/04\/mbr-aritma.jpg)\"><\/div><div class=\"w-ibanner-content\"><div class=\"w-ibanner-content-h\"><h3 class=\"w-ibanner-title\">MBR ABWASSERAUFBEREITUNGSSYSTEME<\/h3><div class=\"w-ibanner-desc\"><p>MBR (Membrane Bioreactor) Biologische und industrielle fortschrittliche Reinigungstechnologien.<\/p>\n<\/div><\/div><\/div><\/div><a title=\"MBR Behandlungsanlagen\" href=\"\/de\/hizmetlerimiz\/mbr-atiksu-aritma-sistemleri\/\" aria-label=\"MBR ABWASSERAUFBEREITUNGSSYSTEME\"><\/a><\/div><div class=\"wpb_text_column\"><div class=\"wpb_wrapper\"><p>MBR-Abwasserbehandlungssysteme mit hoher Kapazit\u00e4t, hohe Behandlungseffizienz und Abwasserr\u00fcckgewinnungssysteme.<\/p>\n<\/div><\/div><div class=\"w-btn-wrapper width_full\"><a class=\"w-btn us-btn-style_6 icon_atleft\" title=\"Verpackte Wasseraufbereitungssysteme\" href=\"https:\/\/www.anmeksan.com\/de\/dienstleistungen\/mbr-aritma-sistemleri\/\"><i class=\"fas fa-info-square\"><\/i><span class=\"w-btn-label\">EINZELHEITEN \u2026<\/span><\/a><\/div><div class=\"w-separator size_small\"><\/div><div class=\"w-ibanner us_custom_657b9349 animation_phorcys ratio_3x2 easing_ease\"><div class=\"w-ibanner-h\"><div class=\"w-ibanner-image\" style=\"background-image: url(https:\/\/www.anmeksan.com\/wp-content\/uploads\/2022\/04\/mekanik-ekipman-1001x1024.jpg)\"><\/div><div class=\"w-ibanner-content\"><div class=\"w-ibanner-content-h\"><h3 class=\"w-ibanner-title\">Mechanische Ger\u00e4teherstellung<\/h3><div class=\"w-ibanner-desc\"><p>Siebe, Filterpresse, DAF, \u00d6labscheider, Mischer und Sonderanfertigungen.<\/p>\n<\/div><\/div><\/div><\/div><a title=\"Mechanische Ger\u00e4teherstellung\" href=\"https:\/\/www.anmeksan.com\/de\/dienstleistungen\/mekanik-ekipman-imalatlari\/\" aria-label=\"Mechanische Ger\u00e4teherstellung\"><\/a><\/div><div class=\"wpb_text_column\"><div class=\"wpb_wrapper\"><p>St\u00f6rungsfreie und qualitativ hochwertige Produktionen mit Kl\u00e4ranlagen, maschinellen Einrichtungen und Schlammentw\u00e4sserungsanlagen.<\/p>\n<\/div><\/div><div class=\"w-btn-wrapper width_full\"><a class=\"w-btn us-btn-style_6 icon_atleft\" title=\"Verpackte Wasseraufbereitungssysteme\" href=\"https:\/\/www.anmeksan.com\/de\/dienstleistungen\/mekanik-ekipman-imalatlari\/\"><i class=\"fas fa-info-square\"><\/i><span class=\"w-btn-label\">EINZELHEITEN \u2026<\/span><\/a><\/div><\/div><\/div><div class=\"wpb_column vc_column_container\"><div class=\"vc_column-inner\"><div class=\"w-ibanner us_custom_657b9349 animation_phorcys ratio_3x2 easing_ease\"><div class=\"w-ibanner-h\"><div class=\"w-ibanner-image\" style=\"background-image: url(https:\/\/www.anmeksan.com\/wp-content\/uploads\/2022\/05\/biyolojik-atiksu-aritma-1024x768.jpg)\"><\/div><div class=\"w-ibanner-content\"><div class=\"w-ibanner-content-h\"><h3 class=\"w-ibanner-title\">BIOLOGISCHE KL\u00c4RANLAGEN<\/h3><div class=\"w-ibanner-desc\"><p>H\u00e4usliche, st\u00e4dtische und biologische Kl\u00e4ranlagen aus Stahlbeton.<\/p>\n<\/div><\/div><\/div><\/div><a title=\"Biologische Kl\u00e4ranlagen\" href=\"https:\/\/www.anmeksan.com\/de\/dienstleistungen\/biologische-abwasserbehandlungsanlagen\/\" aria-label=\"BIOLOGISCHE KL\u00c4RANLAGEN\"><\/a><\/div><div class=\"wpb_text_column\"><div class=\"wpb_wrapper\"><p>Projektierung, Anwendung und Herstellung mechanischer Ausr\u00fcstung f\u00fcr h\u00e4usliche und st\u00e4dtische biologische Kl\u00e4ranlagen.<\/p>\n<\/div><\/div><div class=\"w-btn-wrapper width_full\"><a class=\"w-btn us-btn-style_6 icon_atleft\" title=\"Verpackte Wasseraufbereitungssysteme\" href=\"https:\/\/www.anmeksan.com\/de\/dienstleistungen\/biologische-abwasserbehandlungsanlagen\/\"><i class=\"fas fa-info-square\"><\/i><span class=\"w-btn-label\">EINZELHEITEN \u2026<\/span><\/a><\/div><div class=\"w-separator size_small\"><\/div><div class=\"w-ibanner us_custom_657b9349 animation_phorcys ratio_3x2 easing_ease\"><div class=\"w-ibanner-h\"><div class=\"w-ibanner-image\" style=\"background-image: url(https:\/\/www.anmeksan.com\/wp-content\/uploads\/2022\/05\/mbbraritma-1024x512.jpg)\"><\/div><div class=\"w-ibanner-content\"><div class=\"w-ibanner-content-h\"><h3 class=\"w-ibanner-title\">MBBR Behandlungsanlagen<\/h3><div class=\"w-ibanner-desc\"><p>Hohe Behandlungseffizienz mit MBBR (Biomedia) Behandlungsanlagen.<\/p>\n<\/div><\/div><\/div><\/div><a title=\"MBBR Behandlungsanlagen\" href=\"https:\/\/www.anmeksan.com\/de\/dienstleistungen\/mbbr-atiksu-aritma-sistemleri\/\" aria-label=\"MBBR Behandlungsanlagen\"><\/a><\/div><div class=\"wpb_text_column\"><div class=\"wpb_wrapper\"><p>MBBR Biomedia bieten wir einen geringen Platzbedarf f\u00fcr Kl\u00e4ranlagen, eine hohe Behandlungseffizienz und schnelle Kapazit\u00e4tssteigerungen.<\/p>\n<\/div><\/div><div class=\"w-btn-wrapper width_full\"><a class=\"w-btn us-btn-style_6 icon_atleft\" title=\"Verpackte Wasseraufbereitungssysteme\" href=\"https:\/\/www.anmeksan.com\/de\/dienstleistungen\/mbbr-atiksu-aritma-sistemleri\/\"><i class=\"fas fa-info-square\"><\/i><span class=\"w-btn-label\">EINZELHEITEN \u2026<\/span><\/a><\/div><div class=\"w-separator size_small\"><\/div><div class=\"w-ibanner us_custom_657b9349 animation_phorcys ratio_3x2 easing_ease\"><div class=\"w-ibanner-h\"><div class=\"w-ibanner-image\" style=\"background-image: url(https:\/\/www.anmeksan.com\/wp-content\/uploads\/2022\/05\/periyodikanmeksan.jpg)\"><\/div><div class=\"w-ibanner-content\"><div class=\"w-ibanner-content-h\"><h3 class=\"w-ibanner-title\">PER\u0130YOD\u0130K KONTROL &amp; \u0130\u015eLETME H\u0130ZMETLER\u0130<\/h3><div class=\"w-ibanner-desc\"><p>Periodische Kl\u00e4ranlagenkontrolle und Betrieb von Kl\u00e4ranlagen.<\/p>\n<\/div><\/div><\/div><\/div><a title=\"REGELM\u00c4SSIGE KONTROLL- UND BETRIEBSDIENSTE\" href=\"https:\/\/www.anmeksan.com\/de\/dienstleistungen\/periyodik-kontrol-hizmetleri\/\" aria-label=\"REGELM\u00c4SSIGE KONTROLL- UND BETRIEBSDIENSTE\"><\/a><\/div><div class=\"wpb_text_column\"><div class=\"wpb_wrapper\"><p>Unsere After-Sales-Services zur Sicherstellung eines st\u00f6rungsfreien und angemessenen Ablaufstandards von Kl\u00e4ranlagen.<\/p>\n<\/div><\/div><div class=\"w-btn-wrapper width_full\"><a class=\"w-btn us-btn-style_6 icon_atleft\" title=\"Verpackte Wasseraufbereitungssysteme\" href=\"https:\/\/www.anmeksan.com\/de\/dienstleistungen\/periyodik-kontrol-hizmetleri\/\"><i class=\"fas fa-info-square\"><\/i><span class=\"w-btn-label\">EINZELHEITEN \u2026<\/span><\/a><\/div><\/div><\/div><div class=\"wpb_column vc_column_container\"><div class=\"vc_column-inner\"><div class=\"w-ibanner us_custom_657b9349 animation_phorcys ratio_3x2 easing_ease\"><div class=\"w-ibanner-h\"><div class=\"w-ibanner-image\" style=\"background-image: url(https:\/\/www.anmeksan.com\/wp-content\/uploads\/2022\/05\/kimyasalaritma-1024x768.jpg)\"><\/div><div class=\"w-ibanner-content\"><div class=\"w-ibanner-content-h\"><h3 class=\"w-ibanner-title\">CHEMISCHE ABWASSERBEHANDLUNGSSYSTEME<\/h3><div class=\"w-ibanner-desc\"><p>Abwasserbehandlung von Schlachth\u00f6fen, H\u00fchnerschlachthof, Molkerei- und Obstverarbeitung und Industrieprozesse<\/p>\n<\/div><\/div><\/div><\/div><a title=\"Industrielle Behandlungsanlagen\" href=\"https:\/\/www.anmeksan.com\/de\/dienstleistungen\/industrielle-abwasser-behandlungsanlagen\/\" aria-label=\"CHEMISCHE ABWASSERBEHANDLUNGSSYSTEME\"><\/a><\/div><div class=\"wpb_text_column\"><div class=\"wpb_wrapper\"><p>Mezbaha, s\u00fct tesisleri, tekstil sanayi ve di\u011fer end\u00fcstriyel at\u0131k sularda \u00e7\u00f6z\u00fcm orta\u011f\u0131n\u0131z olmaya devam ediyoruz.<\/p>\n<\/div><\/div><div class=\"w-btn-wrapper width_full\"><a class=\"w-btn us-btn-style_6 icon_atleft\" title=\"Verpackte Wasseraufbereitungssysteme\" href=\"https:\/\/www.anmeksan.com\/de\/dienstleistungen\/industrielle-abwasser-behandlungsanlagen\/\"><i class=\"fas fa-info-square\"><\/i><span class=\"w-btn-label\">EINZELHEITEN \u2026<\/span><\/a><\/div><div class=\"w-separator size_small\"><\/div><div class=\"w-ibanner us_custom_657b9349 animation_phorcys ratio_3x2 easing_ease\"><div class=\"w-ibanner-h\"><div class=\"w-ibanner-image\" style=\"background-image: url(https:\/\/www.anmeksan.com\/wp-content\/uploads\/2022\/05\/gerikazanimsistemleri.png)\"><\/div><div class=\"w-ibanner-content\"><div class=\"w-ibanner-content-h\"><h3 class=\"w-ibanner-title\">Abwasserr\u00fcckgewinnungssysteme<\/h3><div class=\"w-ibanner-desc\"><p>Abwasserr\u00fcckgewinnungssysteme, Sand- und Kohlefiltrationssysteme<\/p>\n<\/div><\/div><\/div><\/div><a title=\"Abwasserr\u00fcckgewinnungssysteme\" href=\"https:\/\/www.anmeksan.com\/de\/dienstleistungen\/atiksu-geri-kazanim-sistemleri\/\" aria-label=\"Abwasserr\u00fcckgewinnungssysteme\"><\/a><\/div><div class=\"wpb_text_column\"><div class=\"wpb_wrapper\"><p>Erleben Sie die Qualit\u00e4t der Nutzung Ihres Abwassers in Ihren Prozessen mit Abwasserr\u00fcckgewinnungs- und Ultrafiltrationssystemen.<\/p>\n<\/div><\/div><div class=\"w-btn-wrapper width_full\"><a class=\"w-btn us-btn-style_6 icon_atleft\" title=\"Verpackte Wasseraufbereitungssysteme\" href=\"https:\/\/www.anmeksan.com\/de\/dienstleistungen\/atiksu-geri-kazanim-sistemleri\/\"><i class=\"fas fa-info-square\"><\/i><span class=\"w-btn-label\">EINZELHEITEN \u2026<\/span><\/a><\/div><div class=\"w-separator size_small\"><\/div><div class=\"w-ibanner us_custom_657b9349 animation_phorcys ratio_3x2 easing_ease\"><div class=\"w-ibanner-h\"><div class=\"w-ibanner-image\" style=\"background-image: url(https:\/\/www.anmeksan.com\/wp-content\/uploads\/2022\/05\/projeonay.png)\"><\/div><div class=\"w-ibanner-content\"><div class=\"w-ibanner-content-h\"><h3 class=\"w-ibanner-title\">PROJEKTLEISTUNGEN<\/h3><div class=\"w-ibanner-desc\"><p>Abwasser-SBR-Behandlung, biologische und chemische Behandlungsanlagen Projektgenehmigungsdienste.<\/p>\n<\/div><\/div><\/div><\/div><a title=\"PROJEKTLEISTUNGEN\" href=\"https:\/\/www.anmeksan.com\/de\/dienstleistungen\/proje-onay-hizmetleri\/\" aria-label=\"PROJEKTLEISTUNGEN\"><\/a><\/div><div class=\"wpb_text_column\"><div class=\"wpb_wrapper\"><p>Abwasserbehandlungsanlagen, Erstellung von Akten zur Genehmigung von Regulierungsprojekten und Beratungsdienste f\u00fcr Kl\u00e4ranlagen.<\/p>\n<\/div><\/div><div class=\"w-btn-wrapper width_full\"><a class=\"w-btn us-btn-style_6 icon_atleft\" title=\"Verpackte Wasseraufbereitungssysteme\" href=\"https:\/\/www.anmeksan.com\/de\/dienstleistungen\/proje-onay-hizmetleri\/\"><i class=\"fas fa-info-square\"><\/i><span class=\"w-btn-label\">EINZELHEITEN \u2026<\/span><\/a><\/div><\/div><\/div><\/div><\/div><\/section>","protected":false},"excerpt":{"rendered":"PAKET ATIKSU ARITMA S\u0130STEMLER\u0130BioPOWER Paket Ar\u0131tma ile 100-1000 Ki\u015fi Kapasiteli, H\u0131zl\u0131 ve Ekonomik \u00c7\u00f6z\u00fcmler. Evsel, Biyolojik ve Kimyasal Paket At\u0131ksu Ar\u0131tma Tesisleri ile h\u0131zl\u0131 ve ekonomik \u00e7\u00f6z\u00fcmler sunuyoruz. Fabrikam\u0131zda % 100 kaliteli \u00fcretim. DETAYLAR &#8230;MBR ATIKSU ARITMA S\u0130STEMLER\u0130MBR (Membran Bioreactor) Biyolojik ve end\u00fcstriyel ileri ar\u0131tma teknolojileri. Y\u00fcksek kapasiteli MBR at\u0131ksu ar\u0131tma sistemleri ile, y\u00fcksek ar\u0131tma...","protected":false},"author":1,"featured_media":0,"parent":0,"menu_order":0,"comment_status":"closed","ping_status":"closed","template":"","meta":{"inline_featured_image":false},"acf":[],"yoast_head":"<!-- This site is optimized with the Yoast SEO Premium plugin v18.7 (Yoast SEO v19.4) - https:\/\/yoast.com\/wordpress\/plugins\/seo\/ -->\n<title>Hizmetlerimiz - Anmeksan Ar\u0131tma A.\u015e<\/title>\n<meta name=\"description\" content=\"Hizmetlerimiz ve paket ar\u0131tma tesisleri, toki paket ar\u0131tma, at\u0131ksu mekanik ekipman imalatlar\u0131, samsun at\u0131ksu firmalar\u0131, giresun paket ar\u0131tma\" \/>\n<meta name=\"robots\" content=\"index, follow, max-snippet:-1, max-image-preview:large, max-video-preview:-1\" \/>\n<link rel=\"canonical\" href=\"https:\/\/www.anmeksan.com\/de\/dienstleistungen\/\" \/>\n<meta property=\"og:locale\" content=\"de_DE\" \/>\n<meta property=\"og:type\" content=\"article\" \/>\n<meta property=\"og:title\" content=\"Hizmetlerimiz\" \/>\n<meta property=\"og:description\" content=\"Hizmetlerimiz ve paket ar\u0131tma tesisleri, toki paket ar\u0131tma, at\u0131ksu mekanik ekipman imalatlar\u0131, samsun at\u0131ksu firmalar\u0131, giresun paket ar\u0131tma\" \/>\n<meta property=\"og:url\" content=\"https:\/\/www.anmeksan.com\/de\/dienstleistungen\/\" \/>\n<meta property=\"og:site_name\" content=\"Anmeksan Ar\u0131tma A.\u015e\" \/>\n<meta property=\"article:publisher\" content=\"https:\/\/www.facebook.com\/anmeksan.aritmaas\" \/>\n<meta property=\"article:modified_time\" content=\"2022-08-01T07:35:31+00:00\" \/>\n<meta name=\"twitter:card\" content=\"summary_large_image\" \/>\n<meta name=\"twitter:site\" content=\"@anmeksan\" \/>\n<meta name=\"twitter:label1\" content=\"Gesch\u00e4tzte Lesezeit\" \/>\n\t<meta name=\"twitter:data1\" content=\"3 Minuten\" \/>\n<!-- \/ Yoast SEO Premium plugin. -->","yoast_head_json":{"title":"Hizmetlerimiz - Anmeksan Ar\u0131tma A.\u015e","description":"Hizmetlerimiz ve paket ar\u0131tma tesisleri, toki paket ar\u0131tma, at\u0131ksu mekanik ekipman imalatlar\u0131, samsun at\u0131ksu firmalar\u0131, giresun paket ar\u0131tma","robots":{"index":"index","follow":"follow","max-snippet":"max-snippet:-1","max-image-preview":"max-image-preview:large","max-video-preview":"max-video-preview:-1"},"canonical":"https:\/\/www.anmeksan.com\/de\/dienstleistungen\/","og_locale":"de_DE","og_type":"article","og_title":"Hizmetlerimiz","og_description":"Hizmetlerimiz ve paket ar\u0131tma tesisleri, toki paket ar\u0131tma, at\u0131ksu mekanik ekipman imalatlar\u0131, samsun at\u0131ksu firmalar\u0131, giresun paket ar\u0131tma","og_url":"https:\/\/www.anmeksan.com\/de\/dienstleistungen\/","og_site_name":"Anmeksan Ar\u0131tma A.\u015e","article_publisher":"https:\/\/www.facebook.com\/anmeksan.aritmaas","article_modified_time":"2022-08-01T07:35:31+00:00","twitter_card":"summary_large_image","twitter_site":"@anmeksan","twitter_misc":{"Gesch\u00e4tzte Lesezeit":"3 Minuten"},"schema":{"@context":"https:\/\/schema.org","@graph":[{"@type":"Organization","@id":"https:\/\/www.anmeksan.com\/#organization","name":"Anmeksan Ar\u0131tma A.\u015e","url":"https:\/\/www.anmeksan.com\/","sameAs":["https:\/\/www.facebook.com\/anmeksan.aritmaas","https:\/\/twitter.com\/anmeksan"],"logo":{"@type":"ImageObject","inLanguage":"de-DE","@id":"https:\/\/www.anmeksan.com\/#\/schema\/logo\/image\/","url":"https:\/\/www.anmeksan.com\/wp-content\/uploads\/2022\/04\/logo.svg","contentUrl":"https:\/\/www.anmeksan.com\/wp-content\/uploads\/2022\/04\/logo.svg","width":"1024","height":"1024","caption":"Anmeksan Ar\u0131tma A.\u015e"},"image":{"@id":"https:\/\/www.anmeksan.com\/#\/schema\/logo\/image\/"}},{"@type":"WebSite","@id":"https:\/\/www.anmeksan.com\/#website","url":"https:\/\/www.anmeksan.com\/","name":"Anmeksan Ar\u0131tma A.\u015e","description":"Paket Ar\u0131tma Sistemleri, MBR ve MBBR Ar\u0131tma","publisher":{"@id":"https:\/\/www.anmeksan.com\/#organization"},"potentialAction":[{"@type":"SearchAction","target":{"@type":"EntryPoint","urlTemplate":"https:\/\/www.anmeksan.com\/?s={search_term_string}"},"query-input":"required name=search_term_string"}],"inLanguage":"de-DE"},{"@type":"WebPage","@id":"https:\/\/www.anmeksan.com\/hizmetlerimiz\/","url":"https:\/\/www.anmeksan.com\/hizmetlerimiz\/","name":"Hizmetlerimiz - Anmeksan Ar\u0131tma A.\u015e","isPartOf":{"@id":"https:\/\/www.anmeksan.com\/#website"},"datePublished":"2022-04-26T17:43:53+00:00","dateModified":"2022-08-01T07:35:31+00:00","description":"Hizmetlerimiz ve paket ar\u0131tma tesisleri, toki paket ar\u0131tma, at\u0131ksu mekanik ekipman imalatlar\u0131, samsun at\u0131ksu firmalar\u0131, giresun paket ar\u0131tma","breadcrumb":{"@id":"https:\/\/www.anmeksan.com\/hizmetlerimiz\/#breadcrumb"},"inLanguage":"de-DE","potentialAction":[{"@type":"ReadAction","target":["https:\/\/www.anmeksan.com\/hizmetlerimiz\/"]}]},{"@type":"BreadcrumbList","@id":"https:\/\/www.anmeksan.com\/hizmetlerimiz\/#breadcrumb","itemListElement":[{"@type":"ListItem","position":1,"name":"Ana Sayfa","item":"https:\/\/www.anmeksan.com\/"},{"@type":"ListItem","position":2,"name":"Hizmetlerimiz"}]}]}},"_links":{"self":[{"href":"https:\/\/www.anmeksan.com\/de\/wp-json\/wp\/v2\/pages\/8553"}],"collection":[{"href":"https:\/\/www.anmeksan.com\/de\/wp-json\/wp\/v2\/pages"}],"about":[{"href":"https:\/\/www.anmeksan.com\/de\/wp-json\/wp\/v2\/types\/page"}],"author":[{"embeddable":true,"href":"https:\/\/www.anmeksan.com\/de\/wp-json\/wp\/v2\/users\/1"}],"replies":[{"embeddable":true,"href":"https:\/\/www.anmeksan.com\/de\/wp-json\/wp\/v2\/comments?post=8553"}],"version-history":[{"count":0,"href":"https:\/\/www.anmeksan.com\/de\/wp-json\/wp\/v2\/pages\/8553\/revisions"}],"wp:attachment":[{"href":"https:\/\/www.anmeksan.com\/de\/wp-json\/wp\/v2\/media?parent=8553"}],"curies":[{"name":"wp","href":"https:\/\/api.w.org\/{rel}","templated":true}]}}