{"id":10367,"date":"2022-05-19T02:50:35","date_gmt":"2022-05-19T02:50:35","guid":{"rendered":"https:\/\/www.anmeksan.com\/?page_id=10367"},"modified":"2022-06-11T15:07:42","modified_gmt":"2022-06-11T15:07:42","slug":"bant-konveyor","status":"publish","type":"page","link":"https:\/\/www.anmeksan.com\/en\/mechanical-equipment\/belt-conveyor\/","title":{"rendered":"Belt Conveyor"},"content":{"rendered":"<section class=\"l-section wpb_row height_medium with_img\"><div class=\"l-section-img\" style=\"background-image: url(https:\/\/www.anmeksan.com\/wp-content\/uploads\/2022\/05\/uretim.jpg);\" data-img-width=\"1300\" data-img-height=\"458\"><\/div><div class=\"l-section-h i-cf\"><div class=\"g-cols vc_row via_grid cols_2-1 laptops-cols_inherit tablets-cols_inherit mobiles-cols_1 valign_top type_default stacking_default\"><div class=\"wpb_column vc_column_container\"><div class=\"vc_column-inner\"><h2 class=\"w-post-elm post_title us_custom_ed05b3dd has_text_color align_left entry-title color_link_inherit\">Belt Conveyor<\/h2><div class=\"w-html us_custom_6df4bc3a has_text_color\"><span><span><a href=\"https:\/\/www.anmeksan.com\/en\/\">Home Page<\/a><\/span><\/div><div class=\"w-separator size_custom\" style=\"height:20px\"><\/div><\/div><\/div><div class=\"wpb_column vc_column_container\"><div class=\"vc_column-inner\"><div class=\"w-image align_none\"><div class=\"w-image-h\"><img width=\"150\" height=\"50\" src=\"https:\/\/www.anmeksan.com\/wp-content\/uploads\/2022\/04\/anmeksan-kalite-iso.png\" class=\"attachment-large size-large\" alt=\"Anmeksan Kalite\" decoding=\"async\" \/><\/div><\/div><div class=\"w-separator size_custom\" style=\"height:3px\"><\/div><div class=\"w-image align_none\"><div class=\"w-image-h\"><img width=\"300\" height=\"50\" src=\"https:\/\/www.anmeksan.com\/wp-content\/uploads\/2014\/09\/banner-ust-uyelik.png\" class=\"attachment-large size-large\" alt=\"Banner \u00dcyelik\" decoding=\"async\" srcset=\"https:\/\/www.anmeksan.com\/wp-content\/uploads\/2014\/09\/banner-ust-uyelik.png 300w, https:\/\/www.anmeksan.com\/wp-content\/uploads\/2014\/09\/banner-ust-uyelik-200x33.png 200w\" sizes=\"(max-width: 300px) 100vw, 300px\" \/><\/div><\/div><\/div><\/div><\/div><\/div><\/section><section class=\"l-section wpb_row height_medium\"><div class=\"l-section-h i-cf\"><div class=\"g-cols vc_row via_grid cols_1-3 laptops-cols_inherit tablets-cols_inherit mobiles-cols_1 valign_top type_default stacking_default\"><div class=\"wpb_column vc_column_container\"><div class=\"vc_column-inner\"><div class=\"w-menu layout_ver style_blocks us_menu_1\" style=\"--main-gap:5px;--main-ver-indent:0.8em;--main-hor-indent:0.8em;\"><ul id=\"menu-on-aritma-ekipmanlari\" class=\"menu\"><li id=\"menu-item-10112\" class=\"menu-item menu-item-type-post_type menu-item-object-page menu-item-10112\"><a href=\"https:\/\/www.anmeksan.com\/en\/mechanical-equipment\/mechanical-screen\/\"><i class=\"_mi _before dashicons dashicons-arrow-right-alt2\" aria-hidden=\"true\"><\/i><span>\u00c9cran m\u00e9canique<\/span><\/a><\/li><li id=\"menu-item-10111\" class=\"menu-item menu-item-type-post_type menu-item-object-page menu-item-10111\"><a href=\"https:\/\/www.anmeksan.com\/en\/mechanical-equipment\/internal-flow-drum-screen\/\"><i class=\"_mi _before dashicons dashicons-arrow-right-alt2\" aria-hidden=\"true\"><\/i><span>Internal Flow Drum Screen<\/span><\/a><\/li><li id=\"menu-item-10109\" class=\"menu-item menu-item-type-post_type menu-item-object-page menu-item-10109\"><a href=\"https:\/\/www.anmeksan.com\/en\/mechanical-equipment\/external-flow-drum-screen\/\"><i class=\"_mi _before dashicons dashicons-arrow-right-alt2\" aria-hidden=\"true\"><\/i><span>External Flow Drum Screen<\/span><\/a><\/li><li id=\"menu-item-10110\" class=\"menu-item menu-item-type-post_type menu-item-object-page menu-item-10110\"><a href=\"https:\/\/www.anmeksan.com\/en\/mechanical-equipment\/static-screen-grids\/\"><i class=\"_mi _before dashicons dashicons-arrow-right-alt2\" aria-hidden=\"true\"><\/i><span>Static Screen<\/span><\/a><\/li><li id=\"menu-item-10113\" class=\"menu-item menu-item-type-post_type menu-item-object-page menu-item-10113\"><a href=\"https:\/\/www.anmeksan.com\/en\/mechanical-equipment\/basket-screen\/\"><i class=\"_mi _before dashicons dashicons-arrow-right-alt2\" aria-hidden=\"true\"><\/i><span>Basket Screen<\/span><\/a><\/li><\/ul><style>.us_menu_1 .menu>li>a{background:#e8e8e8}.us_menu_1 .menu>li>a{color:#002f66}.us_menu_1 .menu>.menu-item:not(.current-menu-item)>a:hover{background:#002f66}.us_menu_1 .menu>.menu-item:not(.current-menu-item)>a:hover{color:#ffffff}.us_menu_1 .menu>.current-menu-item>a{background:#00b032}.us_menu_1 .menu>.current-menu-item>a{color:#ffffff}@media ( max-width:600px ){.us_menu_1 .menu{display:block!important}.us_menu_1 .menu>li{margin:0 0 var(--main-gap,5px)!important}}<\/style><\/div><div class=\"w-separator size_custom\" style=\"height:10px\"><\/div><div class=\"w-menu layout_ver style_blocks us_menu_2\" style=\"--main-gap:5px;--main-ver-indent:0.8em;--main-hor-indent:0.8em;\"><ul id=\"menu-ekipmanlar-menu\" class=\"menu\"><li id=\"menu-item-10018\" class=\"menu-item menu-item-type-post_type menu-item-object-page menu-item-10018\"><a href=\"https:\/\/www.anmeksan.com\/en\/mechanical-equipment\/\"><i class=\"_mi _before dashicons dashicons-admin-home\" aria-hidden=\"true\"><\/i><span>All Equipment<\/span><\/a><\/li><\/ul><style>.us_menu_2 .menu>li>a{background:#002f66}.us_menu_2 .menu>li>a{color:#ffffff}.us_menu_2 .menu>.menu-item:not(.current-menu-item)>a:hover{background:#00abbc}.us_menu_2 .menu>.menu-item:not(.current-menu-item)>a:hover{color:#ffffff}.us_menu_2 .menu>.current-menu-item>a{background:#00b032}.us_menu_2 .menu>.current-menu-item>a{color:#ffffff}@media ( max-width:600px ){.us_menu_2 .menu{display:block!important}.us_menu_2 .menu>li{margin:0 0 var(--main-gap,5px)!important}}<\/style><\/div><div class=\"w-separator size_custom\" style=\"height:10px\"><\/div><div class=\"w-sharing type_solid align_center color_default\"><div class=\"w-sharing-list\" data-content-image=\"true\"><a class=\"w-sharing-item email\" href=\"mailto:?subject=Bant Konvey\u00f6r&amp;body=https:\/\/www.anmeksan.com\/en\/wp-json\/wp\/v2\/pages\/10367\" title=\"Email this\" aria-label=\"Email this\"><i class=\"fas fa-envelope\"><\/i><\/a><a class=\"w-sharing-item facebook\" href=\"https:\/\/www.facebook.com\/sharer\/sharer.php?u=https:\/\/www.anmeksan.com\/en\/wp-json\/wp\/v2\/pages\/10367&amp;quote=Bant Konvey\u00f6r\" title=\"Share this\" aria-label=\"Share this\" onclick=\"window.open(this.href, &quot;facebook&quot;, &quot;toolbar=0,width=900,height=500&quot;); return false;\"><i class=\"fab fa-facebook\"><\/i><\/a><a class=\"w-sharing-item twitter\" href=\"https:\/\/twitter.com\/intent\/tweet?text=Bant Konvey\u00f6r&amp;url=https:\/\/www.anmeksan.com\/en\/wp-json\/wp\/v2\/pages\/10367\" title=\"Tweet this\" aria-label=\"Tweet this\" onclick=\"window.open(this.href, &quot;twitter&quot;, &quot;toolbar=0,width=650,height=360&quot;); return false;\"><i class=\"fab fa-twitter\"><\/i><\/a><a class=\"w-sharing-item linkedin\" href=\"https:\/\/www.linkedin.com\/shareArticle?mini=true&amp;url=https:\/\/www.anmeksan.com\/en\/wp-json\/wp\/v2\/pages\/10367\" title=\"Share this\" aria-label=\"Share this\" onclick=\"window.open(this.href, &quot;linkedin&quot;, &quot;toolbar=no,width=550,height=550&quot;); return false;\"><i class=\"fab fa-linkedin\"><\/i><\/a><a class=\"w-sharing-item whatsapp\" href=\"https:\/\/web.whatsapp.com\/send?text=Bant Konvey\u00f6r https:\/\/www.anmeksan.com\/en\/wp-json\/wp\/v2\/pages\/10367\" title=\"Share this\" aria-label=\"Share this\" onclick=\"window.open(this.href, &quot;whatsapp&quot;, &quot;toolbar=0,width=900,height=500&quot;); return false;\"><i class=\"fab fa-whatsapp\"><\/i><\/a><\/div><\/div><\/div><\/div><div class=\"wpb_column vc_column_container\"><div class=\"vc_column-inner\"><h1 style=\"color: #565656;text-align: left;font-family:Roboto;font-weight:900;font-style:normal\" class=\"vc_custom_heading us_custom_16c70a5a\" >Belt Conveyor<\/h1><div class=\"w-separator size_custom\" style=\"height:10px\"><\/div><div class=\"wpb_text_column\"><div class=\"wpb_wrapper\"><p>Belt Conveyor ; It is used for the automatic transfer of solid materials or sludge from the mechanical screens formed in wastewater treatment plants and equipment with sludge output such as decanters and filter presses to the waste container.<\/p>\n<\/div><\/div><div class=\"w-separator size_medium\"><\/div><div class=\"g-cols wpb_row via_grid cols_1 laptops-cols_inherit tablets-cols_inherit mobiles-cols_1 valign_top type_default stacking_default\"><div class=\"wpb_column vc_column_container\"><div class=\"vc_column-inner\"><h2 style=\"text-align: left;font-family:Roboto;font-weight:500;font-style:normal\" class=\"vc_custom_heading us_custom_16c70a5a\" >GENERAL FEATURES<\/h2><div class=\"w-tabs layout_hor style_default switch_click has_scrolling\" style=\"--sections-title-size:1em\"><div class=\"w-tabs-list items_4 align_justify\"><div class=\"w-tabs-list-h\"><a class=\"w-tabs-item active with_icon\" aria-controls=\"content-rc88\" href=\"javascript:void(0);\"><i class=\"fas fa-conveyor-belt-alt\"><\/i><span class=\"w-tabs-item-title\">OPERATION<\/span><\/a><a class=\"w-tabs-item with_icon\" aria-controls=\"content-ge71\" href=\"javascript:void(0);\"><i class=\"fas fa-list-alt\"><\/i><span class=\"w-tabs-item-title\">FEATURES<\/span><\/a><a class=\"w-tabs-item with_icon\" aria-controls=\"content-zd37\" href=\"javascript:void(0);\"><i class=\"fas fa-images\"><\/i><span class=\"w-tabs-item-title\">IMAGES<\/span><\/a><a class=\"w-tabs-item with_icon\" aria-controls=\"content-wee7\" href=\"javascript:void(0);\"><i class=\"fas fa-books\"><\/i><span class=\"w-tabs-item-title\">DOCUMENTS<\/span><\/a><\/div><\/div><div class=\"w-tabs-sections titles-align_none icon_plus cpos_right\"><div class=\"w-tabs-section active\" id=\"rc88\"><button aria-controls=\"content-rc88\" class=\"w-tabs-section-header active with_icon\"><i class=\"fas fa-conveyor-belt-alt\"><\/i><div class=\"w-tabs-section-title\">OPERATION<\/div><div class=\"w-tabs-section-control\"><\/div><\/button><div  class=\"w-tabs-section-content\" id=\"content-rc88\" aria-expanded=\"true\"><div class=\"w-tabs-section-content-h i-cf\"><div class=\"wpb_text_column\"><div class=\"wpb_wrapper\"><p>The Belt Conveyor is positioned at the discharge chamber outlet of the waste discharge or sludge dewatering equipment of the mechanical screens in the entrance structure of the treatment plants, the solid materials coming out of the equipment are poured on the conveyor and move automatically together with the equipment, removing the solids from the treatment plant.<\/p>\n<p>Belt conveyors are produced in desired width and length.<\/p>\n<\/div><\/div><\/div><\/div><\/div><div class=\"w-tabs-section\" id=\"ge71\"><button aria-controls=\"content-ge71\" class=\"w-tabs-section-header with_icon\"><i class=\"fas fa-list-alt\"><\/i><div class=\"w-tabs-section-title\">FEATURES<\/div><div class=\"w-tabs-section-control\"><\/div><\/button><div  class=\"w-tabs-section-content\" id=\"content-ge71\" aria-expanded=\"false\"><div class=\"w-tabs-section-content-h i-cf\"><div class=\"wpb_text_column\"><div class=\"wpb_wrapper\"><ul>\n<li><strong>Chassis Material:<\/strong> ST37 Carbon Steel<\/li>\n<li><strong>Bant Malzeme :<\/strong> Rubber and Perforated Bekt Cloth<\/li>\n<li><strong>Working :<\/strong> Manual \/ Automatic<\/li>\n<li><strong>Bearings:<\/strong> Cast or Stainless Steel<\/li>\n<\/ul>\n<\/div><\/div><\/div><\/div><\/div><div class=\"w-tabs-section\" id=\"zd37\"><button aria-controls=\"content-zd37\" class=\"w-tabs-section-header with_icon\"><i class=\"fas fa-images\"><\/i><div class=\"w-tabs-section-title\">IMAGES<\/div><div class=\"w-tabs-section-control\"><\/div><\/button><div  class=\"w-tabs-section-content\" id=\"content-zd37\" aria-expanded=\"false\"><div class=\"w-tabs-section-content-h i-cf\"><div class=\"w-grid type_grid layout_gallery_default cols_4\" id=\"us_grid_1\" data-filterable=\"true\"><style>#us_grid_1 .w-grid-item{padding:5px}#us_grid_1 .w-grid-list{margin:-5px}.w-grid + #us_grid_1 .w-grid-list,.w-grid-none + #us_grid_1 .w-grid-list{margin-top:5px}@media (max-width:1199px){#us_grid_1 .w-grid-item{width:33.3333%}}@media (max-width:899px){#us_grid_1 .w-grid-item{width:50%}}@media (max-width:599px){#us_grid_1 .w-grid-list{margin:0}#us_grid_1 .w-grid-item{width:100%;padding:0;margin-bottom:5px}}.layout_gallery_default .w-grid-item-h{}<\/style><div class=\"w-grid-list\">\t<article class=\"w-grid-item post-8107 attachment type-attachment status-inherit hentry\" data-id=\"8107\">\n\t\t<div class=\"w-grid-item-h\">\n\t\t\t\t\t\t\t<a class=\"w-grid-item-anchor\" href=\"https:\/\/www.anmeksan.com\/wp-content\/uploads\/2014\/09\/gorsel-hazirlaniyor-anmeksan.png\" ref=\"magnificPopupGrid\" title=\"G\u00f6rsel Haz\u0131rlan\u0131yor\"><\/a>\n\t\t\t\t\t\t<div class=\"w-post-elm post_image usg_post_image_1 stretched\"><img width=\"760\" height=\"400\" src=\"https:\/\/www.anmeksan.com\/wp-content\/uploads\/2014\/09\/gorsel-hazirlaniyor-anmeksan.png\" class=\"attachment-us_600_600_crop size-us_600_600_crop\" alt=\"G\u00f6rsel Haz\u0131rlan\u0131yor\" decoding=\"async\" srcset=\"https:\/\/www.anmeksan.com\/wp-content\/uploads\/2014\/09\/gorsel-hazirlaniyor-anmeksan.png 760w, https:\/\/www.anmeksan.com\/wp-content\/uploads\/2014\/09\/gorsel-hazirlaniyor-anmeksan-300x158.png 300w, https:\/\/www.anmeksan.com\/wp-content\/uploads\/2014\/09\/gorsel-hazirlaniyor-anmeksan-200x105.png 200w, https:\/\/www.anmeksan.com\/wp-content\/uploads\/2014\/09\/gorsel-hazirlaniyor-anmeksan-190x100.png 190w\" sizes=\"(max-width: 760px) 100vw, 760px\" \/><\/div>\t\t<\/div>\n\t<\/article>\n<\/div><div class=\"w-grid-preloader\"><div class=\"g-preloader type_1\">\n\t<div><\/div>\n<\/div>\n<\/div>\t<div class=\"w-grid-json hidden\" onclick='return {&quot;action&quot;:&quot;us_ajax_grid&quot;,&quot;ajax_url&quot;:&quot;https:\\\/\\\/www.anmeksan.com\\\/wp-admin\\\/admin-ajax.php&quot;,&quot;infinite_scroll&quot;:0,&quot;max_num_pages&quot;:1,&quot;pagination&quot;:&quot;none&quot;,&quot;permalink_url&quot;:&quot;https:\\\/\\\/www.anmeksan.com\\\/en\\\/wp-json\\\/wp\\\/v2\\\/pages\\\/10367&quot;,&quot;template_vars&quot;:{&quot;columns&quot;:&quot;4&quot;,&quot;exclude_items&quot;:&quot;none&quot;,&quot;img_size&quot;:&quot;default&quot;,&quot;ignore_items_size&quot;:false,&quot;items_layout&quot;:&quot;gallery_default&quot;,&quot;items_offset&quot;:&quot;1&quot;,&quot;load_animation&quot;:&quot;none&quot;,&quot;overriding_link&quot;:&quot;popup_post_image&quot;,&quot;post_id&quot;:10367,&quot;query_args&quot;:{&quot;post_type&quot;:[&quot;attachment&quot;],&quot;post__in&quot;:[&quot;8107&quot;],&quot;post_status&quot;:&quot;inherit&quot;,&quot;post_mime_type&quot;:&quot;image&quot;,&quot;posts_per_page&quot;:&quot;4&quot;},&quot;orderby_query_args&quot;:{&quot;orderby&quot;:{&quot;date&quot;:&quot;DESC&quot;}},&quot;type&quot;:&quot;grid&quot;,&quot;us_grid_ajax_index&quot;:1,&quot;us_grid_filter_params&quot;:null,&quot;us_grid_index&quot;:1,&quot;_us_grid_post_type&quot;:&quot;attachment&quot;}}'><\/div>\n\t<\/div><\/div><\/div><\/div><div class=\"w-tabs-section\" id=\"wee7\"><button aria-controls=\"content-wee7\" class=\"w-tabs-section-header with_icon\"><i class=\"fas fa-books\"><\/i><div class=\"w-tabs-section-title\">DOCUMENTS<\/div><div class=\"w-tabs-section-control\"><\/div><\/button><div  class=\"w-tabs-section-content\" id=\"content-wee7\" aria-expanded=\"false\"><div class=\"w-tabs-section-content-h i-cf\"><div class=\"w-btn-wrapper align_left\"><a class=\"w-btn us-btn-style_9 icon_atleft\" href=\"#\"><i class=\"fas fa-download\"><\/i><span class=\"w-btn-label\">TECHNICAL DOCUMENT<\/span><\/a><\/div><\/div><\/div><\/div><\/div><\/div><\/div><\/div><\/div><div class=\"w-separator size_small\"><\/div><\/div><\/div><\/div><\/div><\/section>","protected":false},"excerpt":{"rendered":"G\u00f6rsel Haz\u0131rlan\u0131yor","protected":false},"author":1,"featured_media":0,"parent":9890,"menu_order":0,"comment_status":"closed","ping_status":"closed","template":"","meta":{"inline_featured_image":false},"acf":[],"yoast_head":"<!-- This site is optimized with the Yoast SEO Premium plugin v18.7 (Yoast SEO v19.4) - https:\/\/yoast.com\/wordpress\/plugins\/seo\/ -->\n<title>Bant Konvey\u00f6r - Anmeksan Ar\u0131tma A.\u015e<\/title>\n<meta name=\"description\" content=\"Bant Konvey\u00f6r ar\u0131tma tesislerinde bulunan kat\u0131 at\u0131klar\u0131n, \u00e7amurlar\u0131n transfer ve uzakla\u015ft\u0131r\u0131lmas\u0131nda kullan\u0131l\u0131r, mekanik ekipman imalatlar\u0131,\" \/>\n<meta name=\"robots\" content=\"index, follow, max-snippet:-1, max-image-preview:large, max-video-preview:-1\" \/>\n<link rel=\"canonical\" href=\"https:\/\/www.anmeksan.com\/en\/mechanical-equipment\/belt-conveyor\/\" \/>\n<meta property=\"og:locale\" content=\"en_GB\" \/>\n<meta property=\"og:type\" content=\"article\" \/>\n<meta property=\"og:title\" content=\"Bant Konvey\u00f6r\" \/>\n<meta property=\"og:description\" content=\"Bant Konvey\u00f6r ar\u0131tma tesislerinde bulunan kat\u0131 at\u0131klar\u0131n, \u00e7amurlar\u0131n transfer ve uzakla\u015ft\u0131r\u0131lmas\u0131nda kullan\u0131l\u0131r, mekanik ekipman imalatlar\u0131,\" \/>\n<meta property=\"og:url\" content=\"https:\/\/www.anmeksan.com\/en\/mechanical-equipment\/belt-conveyor\/\" \/>\n<meta property=\"og:site_name\" content=\"Anmeksan Ar\u0131tma A.\u015e\" \/>\n<meta property=\"article:publisher\" content=\"https:\/\/www.facebook.com\/anmeksan.aritmaas\" \/>\n<meta property=\"article:modified_time\" content=\"2022-06-11T15:07:42+00:00\" \/>\n<meta name=\"twitter:card\" content=\"summary_large_image\" \/>\n<meta name=\"twitter:site\" content=\"@anmeksan\" \/>\n<meta name=\"twitter:label1\" content=\"Estimated reading time\" \/>\n\t<meta name=\"twitter:data1\" content=\"3 minutes\" \/>\n<!-- \/ Yoast SEO Premium plugin. -->","yoast_head_json":{"title":"Bant Konvey\u00f6r - Anmeksan Ar\u0131tma A.\u015e","description":"Bant Konvey\u00f6r ar\u0131tma tesislerinde bulunan kat\u0131 at\u0131klar\u0131n, \u00e7amurlar\u0131n transfer ve uzakla\u015ft\u0131r\u0131lmas\u0131nda kullan\u0131l\u0131r, mekanik ekipman imalatlar\u0131,","robots":{"index":"index","follow":"follow","max-snippet":"max-snippet:-1","max-image-preview":"max-image-preview:large","max-video-preview":"max-video-preview:-1"},"canonical":"https:\/\/www.anmeksan.com\/en\/mechanical-equipment\/belt-conveyor\/","og_locale":"en_GB","og_type":"article","og_title":"Bant Konvey\u00f6r","og_description":"Bant Konvey\u00f6r ar\u0131tma tesislerinde bulunan kat\u0131 at\u0131klar\u0131n, \u00e7amurlar\u0131n transfer ve uzakla\u015ft\u0131r\u0131lmas\u0131nda kullan\u0131l\u0131r, mekanik ekipman imalatlar\u0131,","og_url":"https:\/\/www.anmeksan.com\/en\/mechanical-equipment\/belt-conveyor\/","og_site_name":"Anmeksan Ar\u0131tma A.\u015e","article_publisher":"https:\/\/www.facebook.com\/anmeksan.aritmaas","article_modified_time":"2022-06-11T15:07:42+00:00","twitter_card":"summary_large_image","twitter_site":"@anmeksan","twitter_misc":{"Estimated reading time":"3 minutes"},"schema":{"@context":"https:\/\/schema.org","@graph":[{"@type":"Organization","@id":"https:\/\/www.anmeksan.com\/#organization","name":"Anmeksan Ar\u0131tma A.\u015e","url":"https:\/\/www.anmeksan.com\/","sameAs":["https:\/\/www.facebook.com\/anmeksan.aritmaas","https:\/\/twitter.com\/anmeksan"],"logo":{"@type":"ImageObject","inLanguage":"en-GB","@id":"https:\/\/www.anmeksan.com\/#\/schema\/logo\/image\/","url":"https:\/\/www.anmeksan.com\/wp-content\/uploads\/2022\/04\/logo.svg","contentUrl":"https:\/\/www.anmeksan.com\/wp-content\/uploads\/2022\/04\/logo.svg","width":"1024","height":"1024","caption":"Anmeksan Ar\u0131tma A.\u015e"},"image":{"@id":"https:\/\/www.anmeksan.com\/#\/schema\/logo\/image\/"}},{"@type":"WebSite","@id":"https:\/\/www.anmeksan.com\/#website","url":"https:\/\/www.anmeksan.com\/","name":"Anmeksan Ar\u0131tma A.\u015e","description":"Paket Ar\u0131tma Sistemleri, MBR ve MBBR Ar\u0131tma","publisher":{"@id":"https:\/\/www.anmeksan.com\/#organization"},"potentialAction":[{"@type":"SearchAction","target":{"@type":"EntryPoint","urlTemplate":"https:\/\/www.anmeksan.com\/?s={search_term_string}"},"query-input":"required name=search_term_string"}],"inLanguage":"en-GB"},{"@type":"WebPage","@id":"https:\/\/www.anmeksan.com\/mekanik-ekipmanlar\/bant-konveyor\/","url":"https:\/\/www.anmeksan.com\/mekanik-ekipmanlar\/bant-konveyor\/","name":"Bant Konvey\u00f6r - Anmeksan Ar\u0131tma A.\u015e","isPartOf":{"@id":"https:\/\/www.anmeksan.com\/#website"},"datePublished":"2022-05-19T02:50:35+00:00","dateModified":"2022-06-11T15:07:42+00:00","description":"Bant Konvey\u00f6r ar\u0131tma tesislerinde bulunan kat\u0131 at\u0131klar\u0131n, \u00e7amurlar\u0131n transfer ve uzakla\u015ft\u0131r\u0131lmas\u0131nda kullan\u0131l\u0131r, mekanik ekipman imalatlar\u0131,","breadcrumb":{"@id":"https:\/\/www.anmeksan.com\/mekanik-ekipmanlar\/bant-konveyor\/#breadcrumb"},"inLanguage":"en-GB","potentialAction":[{"@type":"ReadAction","target":["https:\/\/www.anmeksan.com\/mekanik-ekipmanlar\/bant-konveyor\/"]}]},{"@type":"BreadcrumbList","@id":"https:\/\/www.anmeksan.com\/mekanik-ekipmanlar\/bant-konveyor\/#breadcrumb","itemListElement":[{"@type":"ListItem","position":1,"name":"Ana Sayfa","item":"https:\/\/www.anmeksan.com\/"},{"@type":"ListItem","position":2,"name":"Mekanik Ekipmanlar","item":"https:\/\/www.anmeksan.com\/mekanik-ekipmanlar\/"},{"@type":"ListItem","position":3,"name":"Bant Konvey\u00f6r"}]}]}},"_links":{"self":[{"href":"https:\/\/www.anmeksan.com\/en\/wp-json\/wp\/v2\/pages\/10367"}],"collection":[{"href":"https:\/\/www.anmeksan.com\/en\/wp-json\/wp\/v2\/pages"}],"about":[{"href":"https:\/\/www.anmeksan.com\/en\/wp-json\/wp\/v2\/types\/page"}],"author":[{"embeddable":true,"href":"https:\/\/www.anmeksan.com\/en\/wp-json\/wp\/v2\/users\/1"}],"replies":[{"embeddable":true,"href":"https:\/\/www.anmeksan.com\/en\/wp-json\/wp\/v2\/comments?post=10367"}],"version-history":[{"count":0,"href":"https:\/\/www.anmeksan.com\/en\/wp-json\/wp\/v2\/pages\/10367\/revisions"}],"up":[{"embeddable":true,"href":"https:\/\/www.anmeksan.com\/en\/wp-json\/wp\/v2\/pages\/9890"}],"wp:attachment":[{"href":"https:\/\/www.anmeksan.com\/en\/wp-json\/wp\/v2\/media?parent=10367"}],"curies":[{"name":"wp","href":"https:\/\/api.w.org\/{rel}","templated":true}]}}