{"id":10633,"date":"2022-05-28T18:28:33","date_gmt":"2022-05-28T18:28:33","guid":{"rendered":"https:\/\/www.anmeksan.com\/?page_id=10633"},"modified":"2022-06-11T14:33:12","modified_gmt":"2022-06-11T14:33:12","slug":"yavas-karistirici","status":"publish","type":"page","link":"https:\/\/www.anmeksan.com\/en\/mechanical-equipment\/slow-mixer\/","title":{"rendered":"Slow Mixer"},"content":{"rendered":"<section class=\"l-section wpb_row height_medium with_img\"><div class=\"l-section-img\" style=\"background-image: url(https:\/\/www.anmeksan.com\/wp-content\/uploads\/2022\/05\/uretim.jpg);\" data-img-width=\"1300\" data-img-height=\"458\"><\/div><div class=\"l-section-h i-cf\"><div class=\"g-cols vc_row via_grid cols_2-1 laptops-cols_inherit tablets-cols_inherit mobiles-cols_1 valign_top type_default stacking_default\"><div class=\"wpb_column vc_column_container\"><div class=\"vc_column-inner\"><h2 class=\"w-post-elm post_title us_custom_ed05b3dd has_text_color align_left entry-title color_link_inherit\">Slow Mixer<\/h2><div class=\"w-html us_custom_6df4bc3a has_text_color\"><span><span><a href=\"https:\/\/www.anmeksan.com\/en\/\">Home Page<\/a><\/span><\/div><div class=\"w-separator size_custom\" style=\"height:20px\"><\/div><\/div><\/div><div class=\"wpb_column vc_column_container\"><div class=\"vc_column-inner\"><div class=\"w-image align_none\"><div class=\"w-image-h\"><img width=\"150\" height=\"50\" src=\"https:\/\/www.anmeksan.com\/wp-content\/uploads\/2022\/04\/anmeksan-kalite-iso.png\" class=\"attachment-large size-large\" alt=\"Anmeksan Kalite\" decoding=\"async\" \/><\/div><\/div><div class=\"w-separator size_custom\" style=\"height:3px\"><\/div><div class=\"w-image align_none\"><div class=\"w-image-h\"><img width=\"300\" height=\"50\" src=\"https:\/\/www.anmeksan.com\/wp-content\/uploads\/2014\/09\/banner-ust-uyelik.png\" class=\"attachment-large size-large\" alt=\"Banner \u00dcyelik\" decoding=\"async\" srcset=\"https:\/\/www.anmeksan.com\/wp-content\/uploads\/2014\/09\/banner-ust-uyelik.png 300w, https:\/\/www.anmeksan.com\/wp-content\/uploads\/2014\/09\/banner-ust-uyelik-200x33.png 200w\" sizes=\"(max-width: 300px) 100vw, 300px\" \/><\/div><\/div><\/div><\/div><\/div><\/div><\/section><section class=\"l-section wpb_row height_medium\"><div class=\"l-section-h i-cf\"><div class=\"g-cols vc_row via_grid cols_1-3 laptops-cols_inherit tablets-cols_inherit mobiles-cols_1 valign_top type_default stacking_default\"><div class=\"wpb_column vc_column_container\"><div class=\"vc_column-inner\"><div class=\"w-menu layout_ver style_blocks us_menu_1\" style=\"--main-gap:5px;--main-ver-indent:0.8em;--main-hor-indent:0.8em;\"><ul id=\"menu-on-aritma-ekipmanlari\" class=\"menu\"><li id=\"menu-item-10112\" class=\"menu-item menu-item-type-post_type menu-item-object-page menu-item-10112\"><a href=\"https:\/\/www.anmeksan.com\/en\/mechanical-equipment\/mechanical-screen\/\"><i class=\"_mi _before dashicons dashicons-arrow-right-alt2\" aria-hidden=\"true\"><\/i><span>\u00c9cran m\u00e9canique<\/span><\/a><\/li><li id=\"menu-item-10111\" class=\"menu-item menu-item-type-post_type menu-item-object-page menu-item-10111\"><a href=\"https:\/\/www.anmeksan.com\/en\/mechanical-equipment\/internal-flow-drum-screen\/\"><i class=\"_mi _before dashicons dashicons-arrow-right-alt2\" aria-hidden=\"true\"><\/i><span>Internal Flow Drum Screen<\/span><\/a><\/li><li id=\"menu-item-10109\" class=\"menu-item menu-item-type-post_type menu-item-object-page menu-item-10109\"><a href=\"https:\/\/www.anmeksan.com\/en\/mechanical-equipment\/external-flow-drum-screen\/\"><i class=\"_mi _before dashicons dashicons-arrow-right-alt2\" aria-hidden=\"true\"><\/i><span>External Flow Drum Screen<\/span><\/a><\/li><li id=\"menu-item-10110\" class=\"menu-item menu-item-type-post_type menu-item-object-page menu-item-10110\"><a href=\"https:\/\/www.anmeksan.com\/en\/mechanical-equipment\/static-screen-grids\/\"><i class=\"_mi _before dashicons dashicons-arrow-right-alt2\" aria-hidden=\"true\"><\/i><span>Static Screen<\/span><\/a><\/li><li id=\"menu-item-10113\" class=\"menu-item menu-item-type-post_type menu-item-object-page menu-item-10113\"><a href=\"https:\/\/www.anmeksan.com\/en\/mechanical-equipment\/basket-screen\/\"><i class=\"_mi _before dashicons dashicons-arrow-right-alt2\" aria-hidden=\"true\"><\/i><span>Basket Screen<\/span><\/a><\/li><\/ul><style>.us_menu_1 .menu>li>a{background:#e8e8e8}.us_menu_1 .menu>li>a{color:#002f66}.us_menu_1 .menu>.menu-item:not(.current-menu-item)>a:hover{background:#002f66}.us_menu_1 .menu>.menu-item:not(.current-menu-item)>a:hover{color:#ffffff}.us_menu_1 .menu>.current-menu-item>a{background:#00b032}.us_menu_1 .menu>.current-menu-item>a{color:#ffffff}@media ( max-width:600px ){.us_menu_1 .menu{display:block!important}.us_menu_1 .menu>li{margin:0 0 var(--main-gap,5px)!important}}<\/style><\/div><div class=\"w-separator size_custom\" style=\"height:10px\"><\/div><div class=\"w-menu layout_ver style_blocks us_menu_2\" style=\"--main-gap:5px;--main-ver-indent:0.8em;--main-hor-indent:0.8em;\"><ul id=\"menu-ekipmanlar-menu\" class=\"menu\"><li id=\"menu-item-10018\" class=\"menu-item menu-item-type-post_type menu-item-object-page menu-item-10018\"><a href=\"https:\/\/www.anmeksan.com\/en\/mechanical-equipment\/\"><i class=\"_mi _before dashicons dashicons-admin-home\" aria-hidden=\"true\"><\/i><span>All Equipment<\/span><\/a><\/li><\/ul><style>.us_menu_2 .menu>li>a{background:#002f66}.us_menu_2 .menu>li>a{color:#ffffff}.us_menu_2 .menu>.menu-item:not(.current-menu-item)>a:hover{background:#00abbc}.us_menu_2 .menu>.menu-item:not(.current-menu-item)>a:hover{color:#ffffff}.us_menu_2 .menu>.current-menu-item>a{background:#00b032}.us_menu_2 .menu>.current-menu-item>a{color:#ffffff}@media ( max-width:600px ){.us_menu_2 .menu{display:block!important}.us_menu_2 .menu>li{margin:0 0 var(--main-gap,5px)!important}}<\/style><\/div><div class=\"w-separator size_custom\" style=\"height:10px\"><\/div><div class=\"w-sharing type_solid align_center color_default\"><div class=\"w-sharing-list\"><a class=\"w-sharing-item email\" href=\"mailto:?subject=Yava\u015f Kar\u0131\u015ft\u0131r\u0131c\u0131&amp;body=https:\/\/www.anmeksan.com\/en\/wp-json\/wp\/v2\/pages\/10633\" title=\"Email this\" aria-label=\"Email this\"><i class=\"fas fa-envelope\"><\/i><\/a><a class=\"w-sharing-item facebook\" href=\"https:\/\/www.facebook.com\/sharer\/sharer.php?u=https:\/\/www.anmeksan.com\/en\/wp-json\/wp\/v2\/pages\/10633&amp;quote=Yava\u015f Kar\u0131\u015ft\u0131r\u0131c\u0131\" title=\"Share this\" aria-label=\"Share this\" onclick=\"window.open(this.href, &quot;facebook&quot;, &quot;toolbar=0,width=900,height=500&quot;); return false;\"><i class=\"fab fa-facebook\"><\/i><\/a><a class=\"w-sharing-item twitter\" href=\"https:\/\/twitter.com\/intent\/tweet?text=Yava\u015f Kar\u0131\u015ft\u0131r\u0131c\u0131&amp;url=https:\/\/www.anmeksan.com\/en\/wp-json\/wp\/v2\/pages\/10633\" title=\"Tweet this\" aria-label=\"Tweet this\" onclick=\"window.open(this.href, &quot;twitter&quot;, &quot;toolbar=0,width=650,height=360&quot;); return false;\"><i class=\"fab fa-twitter\"><\/i><\/a><a class=\"w-sharing-item linkedin\" href=\"https:\/\/www.linkedin.com\/shareArticle?mini=true&amp;url=https:\/\/www.anmeksan.com\/en\/wp-json\/wp\/v2\/pages\/10633\" title=\"Share this\" aria-label=\"Share this\" onclick=\"window.open(this.href, &quot;linkedin&quot;, &quot;toolbar=no,width=550,height=550&quot;); return false;\"><i class=\"fab fa-linkedin\"><\/i><\/a><a class=\"w-sharing-item whatsapp\" href=\"https:\/\/web.whatsapp.com\/send?text=Yava\u015f Kar\u0131\u015ft\u0131r\u0131c\u0131 https:\/\/www.anmeksan.com\/en\/wp-json\/wp\/v2\/pages\/10633\" title=\"Share this\" aria-label=\"Share this\" onclick=\"window.open(this.href, &quot;whatsapp&quot;, &quot;toolbar=0,width=900,height=500&quot;); return false;\"><i class=\"fab fa-whatsapp\"><\/i><\/a><\/div><\/div><\/div><\/div><div class=\"wpb_column vc_column_container\"><div class=\"vc_column-inner\"><h1 style=\"color: #565656;text-align: left;font-family:Roboto;font-weight:900;font-style:normal\" class=\"vc_custom_heading us_custom_16c70a5a\" >Slow Mixer<\/h1><div class=\"w-separator size_custom\" style=\"height:10px\"><\/div><div class=\"wpb_text_column\"><div class=\"wpb_wrapper\"><p>Slow Mixer ; It is mainly used in industrial (chemical) treatment plants. It is scaled to its dimensions according to the reinforced concrete, steel design pool and the product to be mixed.<\/p>\n<p>Slow Mixer s; It moves with the help of the reducer located at the top. By making bedding in the top and base assembly of the mixer, it is ensured that it remains stable and the possibility of balancing is eliminated. It is protected by the gearbox on the top of the mixer.<\/p>\n<\/div><\/div><div class=\"w-separator size_medium\"><\/div><div class=\"g-cols wpb_row via_grid cols_1 laptops-cols_inherit tablets-cols_inherit mobiles-cols_1 valign_top type_default stacking_default\"><div class=\"wpb_column vc_column_container\"><div class=\"vc_column-inner\"><h2 style=\"color: #565656;text-align: left;font-family:Roboto;font-weight:500;font-style:normal\" class=\"vc_custom_heading us_custom_16c70a5a\" >GENERAL FEATURES<\/h2><div class=\"w-tabs layout_hor style_default switch_click has_scrolling\" style=\"--sections-title-size:1em\"><div class=\"w-tabs-list items_4 align_justify\"><div class=\"w-tabs-list-h\"><a class=\"w-tabs-item active with_icon\" aria-controls=\"content-r2a8\" href=\"javascript:void(0);\"><i class=\"fas fa-conveyor-belt-alt\"><\/i><span class=\"w-tabs-item-title\">OPERATION<\/span><\/a><a class=\"w-tabs-item with_icon\" aria-controls=\"content-q410\" href=\"javascript:void(0);\"><i class=\"fas fa-list-alt\"><\/i><span class=\"w-tabs-item-title\">FEATURES<\/span><\/a><a class=\"w-tabs-item with_icon\" aria-controls=\"content-i9ae\" href=\"javascript:void(0);\"><i class=\"fas fa-images\"><\/i><span class=\"w-tabs-item-title\">IMAGES<\/span><\/a><a class=\"w-tabs-item with_icon\" aria-controls=\"content-rafd\" href=\"javascript:void(0);\"><i class=\"fas fa-books\"><\/i><span class=\"w-tabs-item-title\">DOCUMENTS<\/span><\/a><\/div><\/div><div class=\"w-tabs-sections titles-align_none icon_plus cpos_right\"><div class=\"w-tabs-section active\" id=\"r2a8\"><button aria-controls=\"content-r2a8\" class=\"w-tabs-section-header active with_icon\"><i class=\"fas fa-conveyor-belt-alt\"><\/i><div class=\"w-tabs-section-title\">OPERATION<\/div><div class=\"w-tabs-section-control\"><\/div><\/button><div  class=\"w-tabs-section-content\" id=\"content-r2a8\" aria-expanded=\"true\"><div class=\"w-tabs-section-content-h i-cf\"><div class=\"wpb_text_column\"><div class=\"wpb_wrapper\"><p>Mixers ; It moves with the help of the reducer located at the top. By making bedding in the top and base assembly of the mixer, it is ensured that it remains stable and the possibility of balancing is eliminated. It is protected by the gearbox on the top of the mixer.<\/p>\n<\/div><\/div><\/div><\/div><\/div><div class=\"w-tabs-section\" id=\"q410\"><button aria-controls=\"content-q410\" class=\"w-tabs-section-header with_icon\"><i class=\"fas fa-list-alt\"><\/i><div class=\"w-tabs-section-title\">FEATURES<\/div><div class=\"w-tabs-section-control\"><\/div><\/button><div  class=\"w-tabs-section-content\" id=\"content-q410\" aria-expanded=\"false\"><div class=\"w-tabs-section-content-h i-cf\"><div class=\"wpb_text_column\"><div class=\"wpb_wrapper\"><ul>\n<li><strong>Material :<\/strong>\u00a0 AISI304 \/ 316 Stainless Steel or ST37 Carbon Steel<\/li>\n<\/ul>\n<\/div><\/div><\/div><\/div><\/div><div class=\"w-tabs-section\" id=\"i9ae\"><button aria-controls=\"content-i9ae\" class=\"w-tabs-section-header with_icon\"><i class=\"fas fa-images\"><\/i><div class=\"w-tabs-section-title\">IMAGES<\/div><div class=\"w-tabs-section-control\"><\/div><\/button><div  class=\"w-tabs-section-content\" id=\"content-i9ae\" aria-expanded=\"false\"><div class=\"w-tabs-section-content-h i-cf\"><div class=\"w-grid type_grid layout_gallery_default cols_4\" id=\"us_grid_1\" data-filterable=\"true\"><style>#us_grid_1 .w-grid-item{padding:5px}#us_grid_1 .w-grid-list{margin:-5px}.w-grid + #us_grid_1 .w-grid-list,.w-grid-none + #us_grid_1 .w-grid-list{margin-top:5px}@media (max-width:1199px){#us_grid_1 .w-grid-item{width:33.3333%}}@media (max-width:899px){#us_grid_1 .w-grid-item{width:50%}}@media (max-width:599px){#us_grid_1 .w-grid-list{margin:0}#us_grid_1 .w-grid-item{width:100%;padding:0;margin-bottom:5px}}.layout_gallery_default .w-grid-item-h{}<\/style><div class=\"w-grid-list\">\t<article class=\"w-grid-item post-10638 attachment type-attachment status-inherit hentry\" data-id=\"10638\">\n\t\t<div class=\"w-grid-item-h\">\n\t\t\t\t\t\t\t<a class=\"w-grid-item-anchor\" href=\"https:\/\/www.anmeksan.com\/wp-content\/uploads\/2022\/05\/karistirici02.png\" ref=\"magnificPopupGrid\" title=\"Slow Mixer\"><\/a>\n\t\t\t\t\t\t<div class=\"w-post-elm post_image usg_post_image_1 stretched\"><img width=\"700\" height=\"500\" src=\"https:\/\/www.anmeksan.com\/wp-content\/uploads\/2022\/05\/karistirici02.png\" class=\"attachment-us_600_600_crop size-us_600_600_crop\" alt=\"Slow Mixer\" decoding=\"async\" srcset=\"https:\/\/www.anmeksan.com\/wp-content\/uploads\/2022\/05\/karistirici02.png 700w, https:\/\/www.anmeksan.com\/wp-content\/uploads\/2022\/05\/karistirici02-300x214.png 300w, https:\/\/www.anmeksan.com\/wp-content\/uploads\/2022\/05\/karistirici02-200x143.png 200w, https:\/\/www.anmeksan.com\/wp-content\/uploads\/2022\/05\/karistirici02-140x100.png 140w\" sizes=\"(max-width: 700px) 100vw, 700px\" \/><\/div>\t\t<\/div>\n\t<\/article>\n\t<article class=\"w-grid-item post-10637 attachment type-attachment status-inherit hentry\" data-id=\"10637\">\n\t\t<div class=\"w-grid-item-h\">\n\t\t\t\t\t\t\t<a class=\"w-grid-item-anchor\" href=\"https:\/\/www.anmeksan.com\/wp-content\/uploads\/2022\/05\/karistirici01.png\" ref=\"magnificPopupGrid\" title=\"Slow Mixer\"><\/a>\n\t\t\t\t\t\t<div class=\"w-post-elm post_image usg_post_image_1 stretched\"><img width=\"700\" height=\"500\" src=\"https:\/\/www.anmeksan.com\/wp-content\/uploads\/2022\/05\/karistirici01.png\" class=\"attachment-us_600_600_crop size-us_600_600_crop\" alt=\"Slow Mixer\" decoding=\"async\" srcset=\"https:\/\/www.anmeksan.com\/wp-content\/uploads\/2022\/05\/karistirici01.png 700w, https:\/\/www.anmeksan.com\/wp-content\/uploads\/2022\/05\/karistirici01-300x214.png 300w, https:\/\/www.anmeksan.com\/wp-content\/uploads\/2022\/05\/karistirici01-200x143.png 200w, https:\/\/www.anmeksan.com\/wp-content\/uploads\/2022\/05\/karistirici01-140x100.png 140w\" sizes=\"(max-width: 700px) 100vw, 700px\" \/><\/div>\t\t<\/div>\n\t<\/article>\n\t<article class=\"w-grid-item post-10636 attachment type-attachment status-inherit hentry\" data-id=\"10636\">\n\t\t<div class=\"w-grid-item-h\">\n\t\t\t\t\t\t\t<a class=\"w-grid-item-anchor\" href=\"https:\/\/www.anmeksan.com\/wp-content\/uploads\/2022\/05\/kariistirici03.png\" ref=\"magnificPopupGrid\" title=\"Slow Mixer\"><\/a>\n\t\t\t\t\t\t<div class=\"w-post-elm post_image usg_post_image_1 stretched\"><img width=\"700\" height=\"500\" src=\"https:\/\/www.anmeksan.com\/wp-content\/uploads\/2022\/05\/kariistirici03.png\" class=\"attachment-us_600_600_crop size-us_600_600_crop\" alt=\"Slow Mixer\" decoding=\"async\" srcset=\"https:\/\/www.anmeksan.com\/wp-content\/uploads\/2022\/05\/kariistirici03.png 700w, https:\/\/www.anmeksan.com\/wp-content\/uploads\/2022\/05\/kariistirici03-300x214.png 300w, https:\/\/www.anmeksan.com\/wp-content\/uploads\/2022\/05\/kariistirici03-200x143.png 200w, https:\/\/www.anmeksan.com\/wp-content\/uploads\/2022\/05\/kariistirici03-140x100.png 140w\" sizes=\"(max-width: 700px) 100vw, 700px\" \/><\/div>\t\t<\/div>\n\t<\/article>\n\t<article class=\"w-grid-item post-10630 attachment type-attachment status-inherit hentry\" data-id=\"10630\">\n\t\t<div class=\"w-grid-item-h\">\n\t\t\t\t\t\t\t<a class=\"w-grid-item-anchor\" href=\"https:\/\/www.anmeksan.com\/wp-content\/uploads\/2022\/05\/kariistirici.png\" ref=\"magnificPopupGrid\" title=\"Rapid Mixer\"><\/a>\n\t\t\t\t\t\t<div class=\"w-post-elm post_image usg_post_image_1 stretched\"><img width=\"700\" height=\"500\" src=\"https:\/\/www.anmeksan.com\/wp-content\/uploads\/2022\/05\/kariistirici.png\" class=\"attachment-us_600_600_crop size-us_600_600_crop\" alt=\"Rapid Mixer\" decoding=\"async\" srcset=\"https:\/\/www.anmeksan.com\/wp-content\/uploads\/2022\/05\/kariistirici.png 700w, https:\/\/www.anmeksan.com\/wp-content\/uploads\/2022\/05\/kariistirici-300x214.png 300w, https:\/\/www.anmeksan.com\/wp-content\/uploads\/2022\/05\/kariistirici-200x143.png 200w, https:\/\/www.anmeksan.com\/wp-content\/uploads\/2022\/05\/kariistirici-140x100.png 140w\" sizes=\"(max-width: 700px) 100vw, 700px\" \/><\/div>\t\t<\/div>\n\t<\/article>\n<\/div><div class=\"w-grid-preloader\"><div class=\"g-preloader type_1\">\n\t<div><\/div>\n<\/div>\n<\/div>\t<div class=\"w-grid-json hidden\" onclick='return {&quot;action&quot;:&quot;us_ajax_grid&quot;,&quot;ajax_url&quot;:&quot;https:\\\/\\\/www.anmeksan.com\\\/wp-admin\\\/admin-ajax.php&quot;,&quot;infinite_scroll&quot;:0,&quot;max_num_pages&quot;:1,&quot;pagination&quot;:&quot;none&quot;,&quot;permalink_url&quot;:&quot;https:\\\/\\\/www.anmeksan.com\\\/en\\\/wp-json\\\/wp\\\/v2\\\/pages\\\/10633&quot;,&quot;template_vars&quot;:{&quot;columns&quot;:&quot;4&quot;,&quot;exclude_items&quot;:&quot;none&quot;,&quot;img_size&quot;:&quot;default&quot;,&quot;ignore_items_size&quot;:false,&quot;items_layout&quot;:&quot;gallery_default&quot;,&quot;items_offset&quot;:&quot;1&quot;,&quot;load_animation&quot;:&quot;none&quot;,&quot;overriding_link&quot;:&quot;popup_post_image&quot;,&quot;post_id&quot;:10633,&quot;query_args&quot;:{&quot;post_type&quot;:[&quot;attachment&quot;],&quot;post__in&quot;:[&quot;10630&quot;,&quot;10636&quot;,&quot;10637&quot;,&quot;10638&quot;],&quot;post_status&quot;:&quot;inherit&quot;,&quot;post_mime_type&quot;:&quot;image&quot;,&quot;posts_per_page&quot;:&quot;4&quot;},&quot;orderby_query_args&quot;:{&quot;orderby&quot;:{&quot;date&quot;:&quot;DESC&quot;}},&quot;type&quot;:&quot;grid&quot;,&quot;us_grid_ajax_index&quot;:1,&quot;us_grid_filter_params&quot;:null,&quot;us_grid_index&quot;:1,&quot;_us_grid_post_type&quot;:&quot;attachment&quot;}}'><\/div>\n\t<\/div><\/div><\/div><\/div><div class=\"w-tabs-section\" id=\"rafd\"><button aria-controls=\"content-rafd\" class=\"w-tabs-section-header with_icon\"><i class=\"fas fa-books\"><\/i><div class=\"w-tabs-section-title\">DOCUMENTS<\/div><div class=\"w-tabs-section-control\"><\/div><\/button><div  class=\"w-tabs-section-content\" id=\"content-rafd\" aria-expanded=\"false\"><div class=\"w-tabs-section-content-h i-cf\"><div class=\"w-btn-wrapper align_left\"><a class=\"w-btn us-btn-style_9 icon_atleft\" href=\"#\"><i class=\"fas fa-download\"><\/i><span class=\"w-btn-label\">TECHNICAL DOCUMENT<\/span><\/a><\/div><\/div><\/div><\/div><\/div><\/div><\/div><\/div><\/div><div class=\"w-separator size_small\"><\/div><\/div><\/div><\/div><\/div><\/section>","protected":false},"excerpt":{"rendered":"Rapid Mixer","protected":false},"author":1,"featured_media":10630,"parent":9890,"menu_order":0,"comment_status":"closed","ping_status":"closed","template":"","meta":{"inline_featured_image":false},"acf":[],"yoast_head":"<!-- This site is optimized with the Yoast SEO Premium plugin v18.7 (Yoast SEO v19.4) - https:\/\/yoast.com\/wordpress\/plugins\/seo\/ -->\n<title>Yava\u015f Kar\u0131\u015ft\u0131r\u0131c\u0131 - Anmeksan Ar\u0131tma A.\u015e<\/title>\n<meta name=\"description\" content=\"Yava\u015f kar\u0131\u015ft\u0131r\u0131c\u0131, kimyasal at\u0131ksu ar\u0131tma tesislerinde \u00e7\u00f6zelti haz\u0131rlanmas\u0131 ve \u00e7\u00f6keltme i\u015flemi i\u00e7in kullan\u0131lmaktad\u0131r. yava\u015f kar\u0131\u015ft\u0131r\u0131c\u0131,\" \/>\n<meta name=\"robots\" content=\"index, follow, max-snippet:-1, max-image-preview:large, max-video-preview:-1\" \/>\n<link rel=\"canonical\" href=\"https:\/\/www.anmeksan.com\/en\/mechanical-equipment\/slow-mixer\/\" \/>\n<meta property=\"og:locale\" content=\"en_GB\" \/>\n<meta property=\"og:type\" content=\"article\" \/>\n<meta property=\"og:title\" content=\"Yava\u015f Kar\u0131\u015ft\u0131r\u0131c\u0131\" \/>\n<meta property=\"og:description\" content=\"Yava\u015f kar\u0131\u015ft\u0131r\u0131c\u0131, kimyasal at\u0131ksu ar\u0131tma tesislerinde \u00e7\u00f6zelti haz\u0131rlanmas\u0131 ve \u00e7\u00f6keltme i\u015flemi i\u00e7in kullan\u0131lmaktad\u0131r. yava\u015f kar\u0131\u015ft\u0131r\u0131c\u0131,\" \/>\n<meta property=\"og:url\" content=\"https:\/\/www.anmeksan.com\/en\/mechanical-equipment\/slow-mixer\/\" \/>\n<meta property=\"og:site_name\" content=\"Anmeksan Ar\u0131tma A.\u015e\" \/>\n<meta property=\"article:publisher\" content=\"https:\/\/www.facebook.com\/anmeksan.aritmaas\" \/>\n<meta property=\"article:modified_time\" content=\"2022-06-11T14:33:12+00:00\" \/>\n<meta property=\"og:image\" content=\"https:\/\/www.anmeksan.com\/wp-content\/uploads\/2022\/05\/kariistirici.png\" \/>\n\t<meta property=\"og:image:width\" content=\"700\" \/>\n\t<meta property=\"og:image:height\" content=\"500\" \/>\n\t<meta property=\"og:image:type\" content=\"image\/png\" \/>\n<meta name=\"twitter:card\" content=\"summary_large_image\" \/>\n<meta name=\"twitter:site\" content=\"@anmeksan\" \/>\n<meta name=\"twitter:label1\" content=\"Estimated reading time\" \/>\n\t<meta name=\"twitter:data1\" content=\"3 minutes\" \/>\n<!-- \/ Yoast SEO Premium plugin. -->","yoast_head_json":{"title":"Yava\u015f Kar\u0131\u015ft\u0131r\u0131c\u0131 - Anmeksan Ar\u0131tma A.\u015e","description":"Yava\u015f kar\u0131\u015ft\u0131r\u0131c\u0131, kimyasal at\u0131ksu ar\u0131tma tesislerinde \u00e7\u00f6zelti haz\u0131rlanmas\u0131 ve \u00e7\u00f6keltme i\u015flemi i\u00e7in kullan\u0131lmaktad\u0131r. yava\u015f kar\u0131\u015ft\u0131r\u0131c\u0131,","robots":{"index":"index","follow":"follow","max-snippet":"max-snippet:-1","max-image-preview":"max-image-preview:large","max-video-preview":"max-video-preview:-1"},"canonical":"https:\/\/www.anmeksan.com\/en\/mechanical-equipment\/slow-mixer\/","og_locale":"en_GB","og_type":"article","og_title":"Yava\u015f Kar\u0131\u015ft\u0131r\u0131c\u0131","og_description":"Yava\u015f kar\u0131\u015ft\u0131r\u0131c\u0131, kimyasal at\u0131ksu ar\u0131tma tesislerinde \u00e7\u00f6zelti haz\u0131rlanmas\u0131 ve \u00e7\u00f6keltme i\u015flemi i\u00e7in kullan\u0131lmaktad\u0131r. yava\u015f kar\u0131\u015ft\u0131r\u0131c\u0131,","og_url":"https:\/\/www.anmeksan.com\/en\/mechanical-equipment\/slow-mixer\/","og_site_name":"Anmeksan Ar\u0131tma A.\u015e","article_publisher":"https:\/\/www.facebook.com\/anmeksan.aritmaas","article_modified_time":"2022-06-11T14:33:12+00:00","og_image":[{"width":700,"height":500,"url":"https:\/\/www.anmeksan.com\/wp-content\/uploads\/2022\/05\/kariistirici.png","type":"image\/png"}],"twitter_card":"summary_large_image","twitter_site":"@anmeksan","twitter_misc":{"Estimated reading time":"3 minutes"},"schema":{"@context":"https:\/\/schema.org","@graph":[{"@type":"Organization","@id":"https:\/\/www.anmeksan.com\/#organization","name":"Anmeksan Ar\u0131tma A.\u015e","url":"https:\/\/www.anmeksan.com\/","sameAs":["https:\/\/www.facebook.com\/anmeksan.aritmaas","https:\/\/twitter.com\/anmeksan"],"logo":{"@type":"ImageObject","inLanguage":"en-GB","@id":"https:\/\/www.anmeksan.com\/#\/schema\/logo\/image\/","url":"https:\/\/www.anmeksan.com\/wp-content\/uploads\/2022\/04\/logo.svg","contentUrl":"https:\/\/www.anmeksan.com\/wp-content\/uploads\/2022\/04\/logo.svg","width":"1024","height":"1024","caption":"Anmeksan Ar\u0131tma A.\u015e"},"image":{"@id":"https:\/\/www.anmeksan.com\/#\/schema\/logo\/image\/"}},{"@type":"WebSite","@id":"https:\/\/www.anmeksan.com\/#website","url":"https:\/\/www.anmeksan.com\/","name":"Anmeksan Ar\u0131tma A.\u015e","description":"Paket Ar\u0131tma Sistemleri, MBR ve MBBR Ar\u0131tma","publisher":{"@id":"https:\/\/www.anmeksan.com\/#organization"},"potentialAction":[{"@type":"SearchAction","target":{"@type":"EntryPoint","urlTemplate":"https:\/\/www.anmeksan.com\/?s={search_term_string}"},"query-input":"required name=search_term_string"}],"inLanguage":"en-GB"},{"@type":"WebPage","@id":"https:\/\/www.anmeksan.com\/mekanik-ekipmanlar\/yavas-karistirici\/","url":"https:\/\/www.anmeksan.com\/mekanik-ekipmanlar\/yavas-karistirici\/","name":"Yava\u015f Kar\u0131\u015ft\u0131r\u0131c\u0131 - Anmeksan Ar\u0131tma A.\u015e","isPartOf":{"@id":"https:\/\/www.anmeksan.com\/#website"},"datePublished":"2022-05-28T18:28:33+00:00","dateModified":"2022-06-11T14:33:12+00:00","description":"Yava\u015f kar\u0131\u015ft\u0131r\u0131c\u0131, kimyasal at\u0131ksu ar\u0131tma tesislerinde \u00e7\u00f6zelti haz\u0131rlanmas\u0131 ve \u00e7\u00f6keltme i\u015flemi i\u00e7in kullan\u0131lmaktad\u0131r. yava\u015f kar\u0131\u015ft\u0131r\u0131c\u0131,","breadcrumb":{"@id":"https:\/\/www.anmeksan.com\/mekanik-ekipmanlar\/yavas-karistirici\/#breadcrumb"},"inLanguage":"en-GB","potentialAction":[{"@type":"ReadAction","target":["https:\/\/www.anmeksan.com\/mekanik-ekipmanlar\/yavas-karistirici\/"]}]},{"@type":"BreadcrumbList","@id":"https:\/\/www.anmeksan.com\/mekanik-ekipmanlar\/yavas-karistirici\/#breadcrumb","itemListElement":[{"@type":"ListItem","position":1,"name":"Ana Sayfa","item":"https:\/\/www.anmeksan.com\/"},{"@type":"ListItem","position":2,"name":"Mekanik Ekipmanlar","item":"https:\/\/www.anmeksan.com\/mekanik-ekipmanlar\/"},{"@type":"ListItem","position":3,"name":"Yava\u015f Kar\u0131\u015ft\u0131r\u0131c\u0131"}]}]}},"_links":{"self":[{"href":"https:\/\/www.anmeksan.com\/en\/wp-json\/wp\/v2\/pages\/10633"}],"collection":[{"href":"https:\/\/www.anmeksan.com\/en\/wp-json\/wp\/v2\/pages"}],"about":[{"href":"https:\/\/www.anmeksan.com\/en\/wp-json\/wp\/v2\/types\/page"}],"author":[{"embeddable":true,"href":"https:\/\/www.anmeksan.com\/en\/wp-json\/wp\/v2\/users\/1"}],"replies":[{"embeddable":true,"href":"https:\/\/www.anmeksan.com\/en\/wp-json\/wp\/v2\/comments?post=10633"}],"version-history":[{"count":0,"href":"https:\/\/www.anmeksan.com\/en\/wp-json\/wp\/v2\/pages\/10633\/revisions"}],"up":[{"embeddable":true,"href":"https:\/\/www.anmeksan.com\/en\/wp-json\/wp\/v2\/pages\/9890"}],"wp:featuredmedia":[{"embeddable":true,"href":"https:\/\/www.anmeksan.com\/en\/wp-json\/wp\/v2\/media\/10630"}],"wp:attachment":[{"href":"https:\/\/www.anmeksan.com\/en\/wp-json\/wp\/v2\/media?parent=10633"}],"curies":[{"name":"wp","href":"https:\/\/api.w.org\/{rel}","templated":true}]}}