{"id":11232,"date":"2022-07-22T21:13:20","date_gmt":"2022-07-22T21:13:20","guid":{"rendered":"https:\/\/www.anmeksan.com\/?page_id=11232"},"modified":"2022-07-22T21:15:55","modified_gmt":"2022-07-22T21:15:55","slug":"paket-aritma-kapasiteleri","status":"publish","type":"page","link":"https:\/\/www.anmeksan.com\/en\/paket-aritma-kapasiteleri\/","title":{"rendered":"Paket Ar\u0131tma Kapasiteleri"},"content":{"rendered":"<section class=\"l-section wpb_row height_small with_img\"><div class=\"l-section-img\" style=\"background-image: url(https:\/\/www.anmeksan.com\/wp-content\/uploads\/2022\/05\/anmeksan-arkaplan.jpg);\" data-img-width=\"1920\" data-img-height=\"1128\"><\/div><div class=\"l-section-h i-cf\"><div class=\"g-cols vc_row via_grid cols_3 laptops-cols_inherit tablets-cols_inherit mobiles-cols_1 valign_top type_default stacking_default\"><div class=\"wpb_column vc_column_container\"><div class=\"vc_column-inner\"><div class=\"w-ibanner us_custom_657b9349 animation_phorcys ratio_3x2 easing_ease\"><div class=\"w-ibanner-h\"><div class=\"w-ibanner-image\" style=\"background-image: url(https:\/\/www.anmeksan.com\/wp-content\/uploads\/2022\/04\/paket-aritma-1024x768.jpg)\"><\/div><div class=\"w-ibanner-content\"><div class=\"w-ibanner-content-h\"><h3 class=\"w-ibanner-title\"><strong>PACKAGE<\/strong> WASTEWATER TREATMENT<\/h3><div class=\"w-ibanner-desc\"><p>Fast and Economical Solutions for 100-1000 Person Capacity with Sewage SBR, STP, Package Wastewater Treatment.<\/p>\n<\/div><\/div><\/div><\/div><a title=\"Package Treatment Systems\" href=\"\/en\/hizmetlerimiz\/paket-aritma-sistemleri\/\" aria-label=\"PACKAGE WASTEWATER TREATMENT SYSTEMS\"><\/a><\/div><div class=\"wpb_text_column\"><div class=\"wpb_wrapper\"><p>We offer fast and economical solutions with Domestic, Biological and Chemical Package Wastewater Treatment Plants.<\/p>\n<\/div><\/div><div class=\"w-btn-wrapper width_full\"><a class=\"w-btn us-btn-style_6 icon_atleft\" title=\"Package Wastewater Treatment Systems\" href=\"https:\/\/www.anmeksan.com\/en\/services\/package-wastewater-treatment-systems\/\"><i class=\"fas fa-info-square\"><\/i><span class=\"w-btn-label\">DETAILS \u2026<\/span><\/a><\/div><div class=\"w-separator size_small\"><\/div><div class=\"w-ibanner us_custom_657b9349 animation_phorcys ratio_3x2 easing_ease\"><div class=\"w-ibanner-h\"><div class=\"w-ibanner-image\" style=\"background-image: url(https:\/\/www.anmeksan.com\/wp-content\/uploads\/2022\/04\/mbr-aritma.jpg)\"><\/div><div class=\"w-ibanner-content\"><div class=\"w-ibanner-content-h\"><h3 class=\"w-ibanner-title\"><strong>MBR<\/strong> WASTEWATER TREATMENT<\/h3><div class=\"w-ibanner-desc\"><p>MBR (Membrane Bioreactor) Biological and industrial advanced purification technologies.<\/p>\n<\/div><\/div><\/div><\/div><a title=\"MBR Wastewater Treatment Systems\" href=\"\/en\/hizmetlerimiz\/mbr-atiksu-aritma-sistemleri\/\" aria-label=\"MBR WASTEWATER TREATMENT SYSTEMS\"><\/a><\/div><div class=\"wpb_text_column\"><div class=\"wpb_wrapper\"><p>High Capacity MBR wastewater treatment systems, high treatment efficiency and wastewater recovery systems.<\/p>\n<\/div><\/div><div class=\"w-btn-wrapper width_full\"><a class=\"w-btn us-btn-style_6 icon_atleft\" title=\"Package Wastewater Treatment Systems\" href=\"https:\/\/www.anmeksan.com\/en\/services\/mbr-treatment-systems\/\"><i class=\"fas fa-info-square\"><\/i><span class=\"w-btn-label\">DETAILS \u2026<\/span><\/a><\/div><div class=\"w-separator size_small\"><\/div><div class=\"w-ibanner us_custom_657b9349 animation_phorcys ratio_3x2 easing_ease\"><div class=\"w-ibanner-h\"><div class=\"w-ibanner-image\" style=\"background-image: url(https:\/\/www.anmeksan.com\/wp-content\/uploads\/2022\/04\/mekanik-ekipman-1001x1024.jpg)\"><\/div><div class=\"w-ibanner-content\"><div class=\"w-ibanner-content-h\"><h3 class=\"w-ibanner-title\"><strong>MECHANICAL<\/strong> EQUIPMENT PRODUCTION<\/h3><div class=\"w-ibanner-desc\"><p>Screens, Filterpress, DAF, Oil Separator, Mixers and Special Manufacturing.<\/p>\n<\/div><\/div><\/div><\/div><a title=\"Mechanical Equipment Manufacturing\" href=\"https:\/\/www.anmeksan.com\/en\/services\/mechanical-equipment-manufacturing\/\" aria-label=\"MECHANICAL EQUIPMENT PRODUCTION\"><\/a><\/div><div class=\"wpb_text_column\"><div class=\"wpb_wrapper\"><p>Trouble-free and high quality productions with wastewater treatment plants, mechanical equipment and sludge dewatering systems.<\/p>\n<\/div><\/div><div class=\"w-btn-wrapper width_full\"><a class=\"w-btn us-btn-style_6 icon_atleft\" title=\"Package Wastewater Treatment Systems\" href=\"https:\/\/www.anmeksan.com\/en\/services\/mechanical-equipment-manufacturing\/\"><i class=\"fas fa-info-square\"><\/i><span class=\"w-btn-label\">DETAILS \u2026<\/span><\/a><\/div><\/div><\/div><div class=\"wpb_column vc_column_container\"><div class=\"vc_column-inner\"><div class=\"w-ibanner us_custom_657b9349 animation_phorcys ratio_3x2 easing_ease\"><div class=\"w-ibanner-h\"><div class=\"w-ibanner-image\" style=\"background-image: url(https:\/\/www.anmeksan.com\/wp-content\/uploads\/2022\/05\/biyolojik-atiksu-aritma-1024x768.jpg)\"><\/div><div class=\"w-ibanner-content\"><div class=\"w-ibanner-content-h\"><h3 class=\"w-ibanner-title\"><strong>BIOLOGICAL<\/strong> WASTEWATER TREATMENT PLANTS<\/h3><div class=\"w-ibanner-desc\"><p>Domestic, urban and reinforced concrete biological wastewater treatment plants.<\/p>\n<\/div><\/div><\/div><\/div><a title=\"Biological Wastewater Treatment Plants\" href=\"https:\/\/www.anmeksan.com\/en\/services\/biological-wastewater-treatment-plants\/\" aria-label=\"BIOLOGICAL WASTEWATER TREATMENT PLANTS\"><\/a><\/div><div class=\"wpb_text_column\"><div class=\"wpb_wrapper\"><p>Domestic and Urban biological wastewater treatment plants project design, application and mechanical equipment production.<\/p>\n<\/div><\/div><div class=\"w-btn-wrapper width_full\"><a class=\"w-btn us-btn-style_6 icon_atleft\" title=\"Package Wastewater Treatment Systems\" href=\"https:\/\/www.anmeksan.com\/en\/services\/biological-wastewater-treatment-plants\/\"><i class=\"fas fa-info-square\"><\/i><span class=\"w-btn-label\">DETAILS \u2026<\/span><\/a><\/div><div class=\"w-separator size_small\"><\/div><div class=\"w-ibanner us_custom_657b9349 animation_phorcys ratio_3x2 easing_ease\"><div class=\"w-ibanner-h\"><div class=\"w-ibanner-image\" style=\"background-image: url(https:\/\/www.anmeksan.com\/wp-content\/uploads\/2022\/05\/mbbraritma-1024x512.jpg)\"><\/div><div class=\"w-ibanner-content\"><div class=\"w-ibanner-content-h\"><h3 class=\"w-ibanner-title\"><strong>MBBR<\/strong> WASTEWATER TREATMENT PLANTS<\/h3><div class=\"w-ibanner-desc\"><p>High treatment efficiency with MBBR (Biomedia) treatment plants.<\/p>\n<\/div><\/div><\/div><\/div><a title=\"MBBR Wastewater Treatment Systems\" href=\"https:\/\/www.anmeksan.com\/en\/services\/mbbr-wastewater-treatment-systems\/\" aria-label=\"MBBR WASTEWATER TREATMENT PLANTS\"><\/a><\/div><div class=\"wpb_text_column\"><div class=\"wpb_wrapper\"><p>MBBR Biomedia, we offer low treatment plant space requirements, high treatment efficiency and rapid capacity increases.<\/p>\n<\/div><\/div><div class=\"w-btn-wrapper width_full\"><a class=\"w-btn us-btn-style_6 icon_atleft\" title=\"Package Wastewater Treatment Systems\" href=\"https:\/\/www.anmeksan.com\/en\/services\/mbbr-wastewater-treatment-systems\/\"><i class=\"fas fa-info-square\"><\/i><span class=\"w-btn-label\">DETAILS \u2026<\/span><\/a><\/div><div class=\"w-separator size_small\"><\/div><div class=\"w-ibanner us_custom_657b9349 animation_phorcys ratio_3x2 easing_ease\"><div class=\"w-ibanner-h\"><div class=\"w-ibanner-image\" style=\"background-image: url(https:\/\/www.anmeksan.com\/wp-content\/uploads\/2022\/05\/periyodikanmeksan.jpg)\"><\/div><div class=\"w-ibanner-content\"><div class=\"w-ibanner-content-h\"><h3 class=\"w-ibanner-title\"><strong>PERIODIC CONTROL<\/strong> &amp; OPERATION SERVICES<\/h3><div class=\"w-ibanner-desc\"><p>Periodic Wastewater Treatment Plant Control and Operation of Treatment Plants.<\/p>\n<\/div><\/div><\/div><\/div><a title=\"Periodic Control Services\" href=\"https:\/\/www.anmeksan.com\/en\/services\/periodic-control-services\/\" aria-label=\"PERIODIC CONTROL AND OPERATION SERVICES\"><\/a><\/div><div class=\"wpb_text_column\"><div class=\"wpb_wrapper\"><p>Our after-sales services to ensure trouble-free and appropriate discharge standards of wastewater treatment plants.<\/p>\n<\/div><\/div><div class=\"w-btn-wrapper width_full\"><a class=\"w-btn us-btn-style_6 icon_atleft\" title=\"Package Wastewater Treatment Systems\" href=\"https:\/\/www.anmeksan.com\/en\/services\/periodic-control-services\/\"><i class=\"fas fa-info-square\"><\/i><span class=\"w-btn-label\">DETAILS \u2026<\/span><\/a><\/div><\/div><\/div><div class=\"wpb_column vc_column_container\"><div class=\"vc_column-inner\"><div class=\"w-ibanner us_custom_657b9349 animation_phorcys ratio_3x2 easing_ease\"><div class=\"w-ibanner-h\"><div class=\"w-ibanner-image\" style=\"background-image: url(https:\/\/www.anmeksan.com\/wp-content\/uploads\/2022\/05\/kimyasalaritma-1024x768.jpg)\"><\/div><div class=\"w-ibanner-content\"><div class=\"w-ibanner-content-h\"><h3 class=\"w-ibanner-title\"><strong>CHEMICAL<\/strong> WASTEWATER TREATMENT PLANTS<\/h3><div class=\"w-ibanner-desc\"><p>Slaughterhouse Wastewater Treatment, Chicken Slaughterhouse, Dairy and Fruit Processing and Industrial Processes<\/p>\n<\/div><\/div><\/div><\/div><a title=\"Industrial Wastewater Treatment Plants\" href=\"https:\/\/www.anmeksan.com\/en\/services\/industrial-wastewater-treatment-plants\/\" aria-label=\"CHEMICAL WASTEWATER TREATMENT PLANTS\"><\/a><\/div><div class=\"wpb_text_column\"><div class=\"wpb_wrapper\"><p>Your solution partner in slaughterhouses, dairy facilities, textile industry and other industrial wastewater.<\/p>\n<\/div><\/div><div class=\"w-btn-wrapper width_full\"><a class=\"w-btn us-btn-style_6 icon_atleft\" title=\"Package Wastewater Treatment Systems\" href=\"https:\/\/www.anmeksan.com\/en\/services\/industrial-wastewater-treatment-plants\/\"><i class=\"fas fa-info-square\"><\/i><span class=\"w-btn-label\">DETAILS \u2026<\/span><\/a><\/div><div class=\"w-separator size_small\"><\/div><div class=\"w-ibanner us_custom_657b9349 animation_phorcys ratio_3x2 easing_ease\"><div class=\"w-ibanner-h\"><div class=\"w-ibanner-image\" style=\"background-image: url(https:\/\/www.anmeksan.com\/wp-content\/uploads\/2022\/05\/gerikazanimsistemleri.png)\"><\/div><div class=\"w-ibanner-content\"><div class=\"w-ibanner-content-h\"><h3 class=\"w-ibanner-title\"><strong>REUSE<\/strong> AND FILTRATION SYSTEMS<\/h3><div class=\"w-ibanner-desc\"><p>Wastewater Recovery systems, Sand and Carbon Filtration Systems<\/p>\n<\/div><\/div><\/div><\/div><a title=\"Wastewater Recovery Systems\" href=\"https:\/\/www.anmeksan.com\/en\/services\/wastewater-recovery-systems\/\" aria-label=\"REUSE AND FILTRATION SYSTEMS\"><\/a><\/div><div class=\"wpb_text_column\"><div class=\"wpb_wrapper\"><p>Experience the quality of using your waste water in your processes with waste water recovery and ultrafiltration systems.<\/p>\n<\/div><\/div><div class=\"w-btn-wrapper width_full\"><a class=\"w-btn us-btn-style_6 icon_atleft\" title=\"Package Wastewater Treatment Systems\" href=\"https:\/\/www.anmeksan.com\/en\/services\/wastewater-recovery-systems\/\"><i class=\"fas fa-info-square\"><\/i><span class=\"w-btn-label\">DETAILS \u2026<\/span><\/a><\/div><div class=\"w-separator size_small\"><\/div><div class=\"w-ibanner us_custom_657b9349 animation_phorcys ratio_3x2 easing_ease\"><div class=\"w-ibanner-h\"><div class=\"w-ibanner-image\" style=\"background-image: url(https:\/\/www.anmeksan.com\/wp-content\/uploads\/2022\/05\/projeonay.png)\"><\/div><div class=\"w-ibanner-content\"><div class=\"w-ibanner-content-h\"><h3 class=\"w-ibanner-title\"><strong>PROJECT<\/strong> PROJECT FILES<\/h3><div class=\"w-ibanner-desc\"><p>Package SBR Treatment, Biological and Chemical Treatment Plants Project Approval Services.<\/p>\n<\/div><\/div><\/div><\/div><a title=\"Project Approval Services\" href=\"https:\/\/www.anmeksan.com\/en\/services\/project-services\/\" aria-label=\"PROJECT APPROVAL SERVICES\"><\/a><\/div><div class=\"wpb_text_column\"><div class=\"wpb_wrapper\"><p>Wastewater treatment plants, 2018\/14 regulation project approval file preparation and treatment plant consultancy services.<\/p>\n<\/div><\/div><div class=\"w-btn-wrapper width_full\"><a class=\"w-btn us-btn-style_6 icon_atleft\" title=\"Package Wastewater Treatment Systems\" href=\"https:\/\/www.anmeksan.com\/en\/services\/project-services\/\"><i class=\"fas fa-info-square\"><\/i><span class=\"w-btn-label\">DETAILS \u2026<\/span><\/a><\/div><\/div><\/div><\/div><\/div><\/section>","protected":false},"excerpt":{"rendered":"PAKET ATIKSU ARITMA S\u0130STEMLER\u0130BioPOWER Paket Ar\u0131tma ile 100-1000 Ki\u015fi Kapasiteli, H\u0131zl\u0131 ve Ekonomik \u00c7\u00f6z\u00fcmler. Evsel, Biyolojik ve Kimyasal Paket At\u0131ksu Ar\u0131tma Tesisleri ile h\u0131zl\u0131 ve ekonomik \u00e7\u00f6z\u00fcmler sunuyoruz. Fabrikam\u0131zda % 100 kaliteli \u00fcretim. DETAYLAR &#8230;MBR ATIKSU ARITMA S\u0130STEMLER\u0130MBR (Membran Bioreactor) Biyolojik ve end\u00fcstriyel ileri ar\u0131tma teknolojileri. Y\u00fcksek kapasiteli MBR at\u0131ksu ar\u0131tma sistemleri ile, y\u00fcksek ar\u0131tma...","protected":false},"author":1,"featured_media":0,"parent":0,"menu_order":0,"comment_status":"closed","ping_status":"closed","template":"","meta":{"inline_featured_image":false},"acf":[],"yoast_head":"<!-- This site is optimized with the Yoast SEO Premium plugin v18.7 (Yoast SEO v19.4) - https:\/\/yoast.com\/wordpress\/plugins\/seo\/ -->\n<title>Paket Ar\u0131tma Kapasiteleri - Anmeksan Ar\u0131tma A.\u015e<\/title>\n<meta name=\"description\" content=\"Paket Ar\u0131tma Kapasiteleri, paket ar\u0131tma fiyatlar\u0131, paket ar\u0131tma \u00fcretim ve imalat, mezbaha at\u0131ksu ar\u0131tma, s\u00fct at\u0131ksu ar\u0131tma,\" \/>\n<meta name=\"robots\" content=\"index, follow, max-snippet:-1, max-image-preview:large, max-video-preview:-1\" \/>\n<link rel=\"canonical\" href=\"https:\/\/www.anmeksan.com\/en\/paket-aritma-kapasiteleri\/\" \/>\n<meta property=\"og:locale\" content=\"en_GB\" \/>\n<meta property=\"og:type\" content=\"article\" \/>\n<meta property=\"og:title\" content=\"Paket Ar\u0131tma Kapasiteleri\" \/>\n<meta property=\"og:description\" content=\"Paket Ar\u0131tma Kapasiteleri, paket ar\u0131tma fiyatlar\u0131, paket ar\u0131tma \u00fcretim ve imalat, mezbaha at\u0131ksu ar\u0131tma, s\u00fct at\u0131ksu ar\u0131tma,\" \/>\n<meta property=\"og:url\" content=\"https:\/\/www.anmeksan.com\/en\/paket-aritma-kapasiteleri\/\" \/>\n<meta property=\"og:site_name\" content=\"Anmeksan Ar\u0131tma A.\u015e\" \/>\n<meta property=\"article:publisher\" content=\"https:\/\/www.facebook.com\/anmeksan.aritmaas\" \/>\n<meta property=\"article:modified_time\" content=\"2022-07-22T21:15:55+00:00\" \/>\n<meta name=\"twitter:card\" content=\"summary_large_image\" \/>\n<meta name=\"twitter:site\" content=\"@anmeksan\" \/>\n<meta name=\"twitter:label1\" content=\"Estimated reading time\" \/>\n\t<meta name=\"twitter:data1\" content=\"3 minutes\" \/>\n<!-- \/ Yoast SEO Premium plugin. -->","yoast_head_json":{"title":"Paket Ar\u0131tma Kapasiteleri - Anmeksan Ar\u0131tma A.\u015e","description":"Paket Ar\u0131tma Kapasiteleri, paket ar\u0131tma fiyatlar\u0131, paket ar\u0131tma \u00fcretim ve imalat, mezbaha at\u0131ksu ar\u0131tma, s\u00fct at\u0131ksu ar\u0131tma,","robots":{"index":"index","follow":"follow","max-snippet":"max-snippet:-1","max-image-preview":"max-image-preview:large","max-video-preview":"max-video-preview:-1"},"canonical":"https:\/\/www.anmeksan.com\/en\/paket-aritma-kapasiteleri\/","og_locale":"en_GB","og_type":"article","og_title":"Paket Ar\u0131tma Kapasiteleri","og_description":"Paket Ar\u0131tma Kapasiteleri, paket ar\u0131tma fiyatlar\u0131, paket ar\u0131tma \u00fcretim ve imalat, mezbaha at\u0131ksu ar\u0131tma, s\u00fct at\u0131ksu ar\u0131tma,","og_url":"https:\/\/www.anmeksan.com\/en\/paket-aritma-kapasiteleri\/","og_site_name":"Anmeksan Ar\u0131tma A.\u015e","article_publisher":"https:\/\/www.facebook.com\/anmeksan.aritmaas","article_modified_time":"2022-07-22T21:15:55+00:00","twitter_card":"summary_large_image","twitter_site":"@anmeksan","twitter_misc":{"Estimated reading time":"3 minutes"},"schema":{"@context":"https:\/\/schema.org","@graph":[{"@type":"Organization","@id":"https:\/\/www.anmeksan.com\/#organization","name":"Anmeksan Ar\u0131tma A.\u015e","url":"https:\/\/www.anmeksan.com\/","sameAs":["https:\/\/www.facebook.com\/anmeksan.aritmaas","https:\/\/twitter.com\/anmeksan"],"logo":{"@type":"ImageObject","inLanguage":"en-GB","@id":"https:\/\/www.anmeksan.com\/#\/schema\/logo\/image\/","url":"https:\/\/www.anmeksan.com\/wp-content\/uploads\/2022\/04\/logo.svg","contentUrl":"https:\/\/www.anmeksan.com\/wp-content\/uploads\/2022\/04\/logo.svg","width":"1024","height":"1024","caption":"Anmeksan Ar\u0131tma A.\u015e"},"image":{"@id":"https:\/\/www.anmeksan.com\/#\/schema\/logo\/image\/"}},{"@type":"WebSite","@id":"https:\/\/www.anmeksan.com\/#website","url":"https:\/\/www.anmeksan.com\/","name":"Anmeksan Ar\u0131tma A.\u015e","description":"Paket Ar\u0131tma Sistemleri, MBR ve MBBR Ar\u0131tma","publisher":{"@id":"https:\/\/www.anmeksan.com\/#organization"},"potentialAction":[{"@type":"SearchAction","target":{"@type":"EntryPoint","urlTemplate":"https:\/\/www.anmeksan.com\/?s={search_term_string}"},"query-input":"required name=search_term_string"}],"inLanguage":"en-GB"},{"@type":"WebPage","@id":"https:\/\/www.anmeksan.com\/paket-aritma-kapasiteleri\/","url":"https:\/\/www.anmeksan.com\/paket-aritma-kapasiteleri\/","name":"Paket Ar\u0131tma Kapasiteleri - Anmeksan Ar\u0131tma A.\u015e","isPartOf":{"@id":"https:\/\/www.anmeksan.com\/#website"},"datePublished":"2022-07-22T21:13:20+00:00","dateModified":"2022-07-22T21:15:55+00:00","description":"Paket Ar\u0131tma Kapasiteleri, paket ar\u0131tma fiyatlar\u0131, paket ar\u0131tma \u00fcretim ve imalat, mezbaha at\u0131ksu ar\u0131tma, s\u00fct at\u0131ksu ar\u0131tma,","breadcrumb":{"@id":"https:\/\/www.anmeksan.com\/paket-aritma-kapasiteleri\/#breadcrumb"},"inLanguage":"en-GB","potentialAction":[{"@type":"ReadAction","target":["https:\/\/www.anmeksan.com\/paket-aritma-kapasiteleri\/"]}]},{"@type":"BreadcrumbList","@id":"https:\/\/www.anmeksan.com\/paket-aritma-kapasiteleri\/#breadcrumb","itemListElement":[{"@type":"ListItem","position":1,"name":"Ana Sayfa","item":"https:\/\/www.anmeksan.com\/"},{"@type":"ListItem","position":2,"name":"Paket Ar\u0131tma Kapasiteleri"}]}]}},"_links":{"self":[{"href":"https:\/\/www.anmeksan.com\/en\/wp-json\/wp\/v2\/pages\/11232"}],"collection":[{"href":"https:\/\/www.anmeksan.com\/en\/wp-json\/wp\/v2\/pages"}],"about":[{"href":"https:\/\/www.anmeksan.com\/en\/wp-json\/wp\/v2\/types\/page"}],"author":[{"embeddable":true,"href":"https:\/\/www.anmeksan.com\/en\/wp-json\/wp\/v2\/users\/1"}],"replies":[{"embeddable":true,"href":"https:\/\/www.anmeksan.com\/en\/wp-json\/wp\/v2\/comments?post=11232"}],"version-history":[{"count":0,"href":"https:\/\/www.anmeksan.com\/en\/wp-json\/wp\/v2\/pages\/11232\/revisions"}],"wp:attachment":[{"href":"https:\/\/www.anmeksan.com\/en\/wp-json\/wp\/v2\/media?parent=11232"}],"curies":[{"name":"wp","href":"https:\/\/api.w.org\/{rel}","templated":true}]}}