{"id":1437,"date":"2013-09-06T15:19:20","date_gmt":"2013-09-06T15:19:20","guid":{"rendered":"http:\/\/impreza.us-themes.net\/pages\/contact-2\/"},"modified":"2026-04-22T08:55:19","modified_gmt":"2026-04-22T08:55:19","slug":"iletisim","status":"publish","type":"page","link":"https:\/\/www.anmeksan.com\/en\/iletisim\/","title":{"rendered":"Contact"},"content":{"rendered":"<section class=\"l-section wpb_row height_small\"><div class=\"l-section-h i-cf\"><div class=\"g-cols vc_row via_grid cols_2 laptops-cols_inherit tablets-cols_inherit mobiles-cols_1 valign_top type_default stacking_default\" style=\"grid-gap:calc(3rem + 10px);\"><div class=\"wpb_column vc_column_container\"><div class=\"vc_column-inner\"><div class=\"g-cols wpb_row us_custom_e4eb24e1 via_grid cols_1 laptops-cols_inherit tablets-cols_inherit mobiles-cols_1 valign_top type_default stacking_default\"><div class=\"wpb_column vc_column_container\"><div class=\"vc_column-inner\"><div class=\"w-separator size_custom\" style=\"height:5px\"><\/div><div class=\"w-iconbox us_custom_1ceac55f has_text_color iconpos_left style_default color_custom align_left no_text icontype_img\"><div class=\"w-iconbox-icon\" style=\"font-size:30px;color:#002f66;\"><img decoding=\"async\" width=\"30\" height=\"19\" src=\"https:\/\/www.anmeksan.com\/wp-content\/uploads\/2022\/04\/turkey-anmeksan-flag.png\" class=\"attachment-full size-full\" alt=\"Turkey Flaq\" \/><\/div><div class=\"w-iconbox-meta\"><h4 class=\"w-iconbox-title\"><strong>GENEL M\u00dcD\u00dcRL\u00dcK<\/strong><\/h4><\/div><\/div><div class=\"w-separator size_custom\" style=\"height:5px\"><\/div><\/div><\/div><\/div><div class=\"w-separator size_custom\" style=\"height:20px\"><\/div><div class=\"w-iconbox iconpos_left style_default color_custom align_left no_title\"><div class=\"w-iconbox-icon\" style=\"font-size:20px;color:#001e82;\"><i class=\"fas fa-map-marker-alt\"><\/i><\/div><div class=\"w-iconbox-meta\"><div class=\"w-iconbox-text\"><p>\u0130vedik OSB 1514 Cad. No: 22 Yenimahalle \/ Ankara \/ T\u00fcrkiye<\/p>\n<\/div><\/div><\/div><div class=\"w-separator size_custom\" style=\"height:5px\"><\/div><div class=\"w-iconbox iconpos_left style_default color_custom align_left no_title\"><div class=\"w-iconbox-icon\" style=\"font-size:20px;color:#001e82;\"><i class=\"fas fa-phone-volume\"><\/i><\/div><div class=\"w-iconbox-meta\"><div class=\"w-iconbox-text\"><p>+90 312 394 44 55 \u2013 <strong>Mobil :<\/strong> +90 507 707 90 08<\/p>\n<\/div><\/div><\/div><div class=\"w-separator size_custom\" style=\"height:5px\"><\/div><div class=\"w-iconbox iconpos_left style_default color_custom align_left no_title\"><div class=\"w-iconbox-icon\" style=\"font-size:20px;color:#001e82;\"><i class=\"fas fa-envelope-open\"><\/i><\/div><div class=\"w-iconbox-meta\"><div class=\"w-iconbox-text\"><p><span style=\"color: #003366;\"><a style=\"color: #003366;\" href=\"mailto:info@anmeksan.com\">info@anmeksan.com<\/a><\/span><\/p>\n<\/div><\/div><\/div><div class=\"w-separator size_small\"><\/div><\/div><\/div><div class=\"wpb_column vc_column_container\"><div class=\"vc_column-inner\"><div class=\"g-cols wpb_row us_custom_e4eb24e1 via_grid cols_1 laptops-cols_inherit tablets-cols_inherit mobiles-cols_1 valign_top type_default stacking_default\"><div class=\"wpb_column vc_column_container\"><div class=\"vc_column-inner\"><div class=\"w-separator size_custom\" style=\"height:5px\"><\/div><div class=\"w-iconbox us_custom_1ceac55f has_text_color iconpos_left style_default color_custom align_left no_text icontype_img\"><div class=\"w-iconbox-icon\" style=\"font-size:30px;color:#002f66;\"><img decoding=\"async\" width=\"30\" height=\"19\" src=\"https:\/\/www.anmeksan.com\/wp-content\/uploads\/2022\/04\/turkey-anmeksan-flag.png\" class=\"attachment-full size-full\" alt=\"Turkey Flaq\" \/><\/div><div class=\"w-iconbox-meta\"><h4 class=\"w-iconbox-title\"><strong>FABR\u0130KA<\/strong><\/h4><\/div><\/div><div class=\"w-separator size_custom\" style=\"height:5px\"><\/div><\/div><\/div><\/div><div class=\"w-separator size_custom\" style=\"height:20px\"><\/div><div class=\"w-iconbox iconpos_left style_default color_custom align_left no_title\"><div class=\"w-iconbox-icon\" style=\"font-size:20px;color:#001e82;\"><i class=\"fas fa-map-marker-alt\"><\/i><\/div><div class=\"w-iconbox-meta\"><div class=\"w-iconbox-text\"><p>Ba\u015fkent OSB, Ba\u015fkent Bulvar\u0131 No: 25 Sincan \/ Ankara \/ T\u00fcrkiye<\/p>\n<\/div><\/div><\/div><div class=\"w-separator size_custom\" style=\"height:5px\"><\/div><div class=\"w-iconbox iconpos_left style_default color_custom align_left no_title\"><div class=\"w-iconbox-icon\" style=\"font-size:20px;color:#001e82;\"><i class=\"fas fa-phone-volume\"><\/i><\/div><div class=\"w-iconbox-meta\"><div class=\"w-iconbox-text\"><p>+90 312 394 44 55 \u2013 <strong>Mobil :<\/strong> +90 507 707 90 08<\/p>\n<\/div><\/div><\/div><div class=\"w-separator size_custom\" style=\"height:5px\"><\/div><div class=\"w-iconbox iconpos_left style_default color_custom align_left no_title\"><div class=\"w-iconbox-icon\" style=\"font-size:20px;color:#001e82;\"><i class=\"fas fa-envelope-open\"><\/i><\/div><div class=\"w-iconbox-meta\"><div class=\"w-iconbox-text\"><p><span style=\"color: #003366;\"><a style=\"color: #003366;\" href=\"mailto:info@anmeksan.com\">info@anmeksan.com<\/a><\/span><\/p>\n<\/div><\/div><\/div><div class=\"w-separator size_small\"><\/div><\/div><\/div><\/div><\/div><\/section><section class=\"l-section wpb_row height_small\"><div class=\"l-section-overlay\" style=\"background:#002f66\"><\/div><div class=\"l-section-h i-cf\"><div class=\"g-cols vc_row via_grid cols_2 laptops-cols_inherit tablets-cols_inherit mobiles-cols_1 valign_top type_default stacking_default\"><div class=\"wpb_column vc_column_container us_custom_b45064a8 has_bg_color\"><div class=\"vc_column-inner\"><div class=\"wpb_text_column\"><div class=\"wpb_wrapper\"><h2 style=\"text-align: left;\"><span style=\"color: #ffffff;\">ANMEKSAN <strong>DEPARTMANLAR<\/strong><\/span><\/h2>\n<\/div><\/div><div class=\"w-separator size_custom with_line width_default thick_1 style_solid color_border align_center\" style=\"height:30px\"><div class=\"w-separator-h\"><\/div><\/div><div class=\"w-iconbox us_custom_6df4bc3a has_text_color iconpos_left style_default color_custom align_left\"><div class=\"w-iconbox-icon\" style=\"font-size:20px;color:var(--color-header-middle-bg);\"><i class=\"fas fa-id-card\"><\/i><\/div><div class=\"w-iconbox-meta\"><h4 class=\"w-iconbox-title\" style=\"font-size:14px;\">TEKL\u0130F VE B\u0130LG\u0130 TALEPLER\u0130 \u0130\u00c7\u0130N B\u0130ZE ULA\u015eIN<\/h4><div class=\"w-iconbox-text\"><p><span style=\"color: #00abbc;\"><a style=\"color: #00abbc;\" href=\"mailto:info@anmeksan.com\">info@anmeksan.com<\/a><\/span><\/p>\n<\/div><\/div><\/div><div class=\"wpb_text_column us_custom_6df4bc3a has_text_color\"><div class=\"wpb_wrapper\"><h2><span style=\"color: #ffffff;\">Faaliyetlerimizle, ya\u015fama ve do\u011faya de\u011fer kat\u0131yoruz.<\/span><\/h2>\n<\/div><\/div><\/div><\/div><div class=\"wpb_column vc_column_container\"><div class=\"vc_column-inner\"><div class=\"wpb_text_column\"><div class=\"wpb_wrapper\"><p><span style=\"color: #ffffff;\">Teklif, G\u00f6r\u00fc\u015f ve Destek talepleriniz i\u00e7in bizlere a\u015fa\u011f\u0131da bulunan ileti\u015fim formundan\u00a07\/24 ula\u015fabilirsiniz.<\/span><\/p>\n<\/div><\/div><div class=\"w-separator size_custom\" style=\"height:20px\"><\/div><form class=\"w-form  layout_ver for_cform us_form_1\" autocomplete=\"off\" action=\"https:\/\/www.anmeksan.com\/en\/wp-json\/wp\/v2\/pages\/1437\" method=\"post\"><div class=\"w-form-h\"><div class=\"w-form-row for_text required with_icon\">\n\t\t<div class=\"w-form-row-field\">\n\t\t\t\t<i class=\"far fa-user\"><\/i>\t\t<input aria-label=\"Ad\u0131n\u0131z ve Soyad\u0131n\u0131z\" type=\"text\" name=\"us_form_1_text_1\" value placeholder=\"Ad\u0131n\u0131z ve Soyad\u0131n\u0131z *\" data-required=\"true\" aria-required=\"true\"\/>\n\t\t\t<\/div>\n\t\t<div class=\"w-form-row-state\">Fill out this field<\/div>\n<\/div>\n<div class=\"w-form-row for_text required with_icon\">\n\t\t<div class=\"w-form-row-field\">\n\t\t\t\t<i class=\"far fa-envelope\"><\/i>\t\t<input aria-label=\"Email\" type=\"text\" name=\"us_form_1_text_2\" value placeholder=\"Email *\" data-required=\"true\" aria-required=\"true\"\/>\n\t\t\t<\/div>\n\t\t<div class=\"w-form-row-state\">Fill out this field<\/div>\n<\/div>\n<div class=\"w-form-row for_text with_icon\">\n\t\t<div class=\"w-form-row-field\">\n\t\t\t\t<i class=\"far fa-phone\"><\/i>\t\t<input aria-label=\"Telefon Numaras\u0131\" inputmode=\"tel\" type=\"text\" name=\"us_form_1_text_3\" value placeholder=\"Telefon Numaras\u0131\"\/>\n\t\t\t<\/div>\n\t\t<div class=\"w-form-row-state\">Fill out this field<\/div>\n<\/div>\n<div class=\"w-form-row for_textarea with_icon\">\n\t\t<div class=\"w-form-row-field\">\n\t\t\t\t<i class=\"far fa-pencil\"><\/i>\t\t<textarea aria-label=\"Mesaj\u0131n\u0131z\" name=\"us_form_1_textarea_1\" placeholder=\"Mesaj\u0131n\u0131z\"><\/textarea>\n\t\t\t<\/div>\n\t\t<div class=\"w-form-row-state\">Fill out this field<\/div>\n<\/div>\n<div class=\"w-form-row for_captcha has_label move_label required with_icon\">\n\t<div class=\"w-form-row-label\">\n\t\t<span>L\u00fctfen sonucu girin, <span>21 - 13 = ?<\/span><\/span>\n\t<\/div>\n\t<div class=\"w-form-row-field\">\n\t\t\t\t<input type=\"hidden\" name=\"us_form_1_captcha_1_hash\" value=\"81b9f207f4995880ce9884863c60786e\" \/>\n\t\t<i class=\"far fa-question-circle\"><\/i>\t\t<input aria-label=\"L\u00fctfen sonucu girin,\" type=\"text\" name=\"us_form_1_captcha_1\" placeholder data-required=\"true\" aria-required=\"true\"\/>\n\t\t\t<\/div>\n\t\t<div class=\"w-form-row-state\">Enter the equation result to proceed<\/div>\n<\/div>\n<input type=\"hidden\" name=\"action\" value=\"us_ajax_cform\" \/>\n<input type=\"hidden\" name=\"post_id\" value=\"0\" \/>\n<input type=\"hidden\" name=\"form_index\" value=\"1\" \/>\n<div class=\"w-form-row for_submit align_none\">\n\t<div class=\"w-form-row-field\">\n\t\t<button class=\"w-btn  us-btn-style_5\" aria-label=\"FORMU G\u00d6NDER\" type=\"submit\">\n\t\t\t<span class=\"g-preloader type_1\"><\/span>\n\t\t\t\t\t\t<span class=\"w-btn-label\">FORMU G\u00d6NDER<\/span>\n\t\t\t\t\t<\/button>\n\t<\/div>\n<\/div>\n<\/div><div class=\"w-form-message\"><\/div><div class=\"w-form-json hidden\" onclick='return {&quot;ajaxurl&quot;:&quot;https:\\\/\\\/www.anmeksan.com\\\/wp-admin\\\/admin-ajax.php&quot;}'><\/div><\/form><\/div><\/div><\/div><\/div><\/section><section class=\"l-section wpb_row height_auto width_full\"><div class=\"l-section-h i-cf\"><div class=\"g-cols vc_row via_grid cols_1 laptops-cols_inherit tablets-cols_inherit mobiles-cols_1 valign_top type_default stacking_default\"><div class=\"wpb_column vc_column_container\"><div class=\"vc_column-inner\"><div class=\"w-map provider_osm\" id=\"us_map_1\"><div class=\"w-map-json\" onclick='return {&quot;address&quot;:&quot;39.997278,32.76399,15&quot;,&quot;zoom&quot;:3,&quot;hideControls&quot;:0,&quot;disableZoom&quot;:0,&quot;disableDragging&quot;:0,&quot;markers&quot;:[{&quot;address&quot;:&quot;39.997278,32.76399,15&quot;,&quot;html&quot;:&quot;&lt;h6&gt;GENEL M\\u00dcD\\u00dcRL\\u00dcK&lt;\\\/h6&gt;&lt;p&gt;ANMEKSAN TREATMENT INC.&lt;\\\/p&gt;&quot;,&quot;infowindow&quot;:false},{&quot;address&quot;:&quot;40.3711624,71.7950607,15&quot;,&quot;html&quot;:&quot;UZBEKISTAN OFFICE&quot;,&quot;marker_img&quot;:null,&quot;marker_size&quot;:[&quot;30&quot;,&quot;30&quot;]},{&quot;address&quot;:&quot;40.4107758,49.8592199,17&quot;,&quot;html&quot;:&quot;AZERBAIJAN OFFICE&quot;,&quot;marker_img&quot;:null,&quot;marker_size&quot;:[&quot;30&quot;,&quot;30&quot;]},{&quot;address&quot;:&quot;39.795594,32.383616&quot;,&quot;html&quot;:&quot;ANMEKSAN FACTORY&quot;,&quot;marker_img&quot;:null,&quot;marker_size&quot;:[&quot;30&quot;,&quot;30&quot;]},{&quot;address&quot;:&quot;42.0220383,21.4342451,17&quot;,&quot;html&quot;:&quot;MACEDONIA OFFICE&quot;,&quot;marker_img&quot;:null,&quot;marker_size&quot;:[&quot;30&quot;,&quot;30&quot;]}],&quot;icon&quot;:{&quot;url&quot;:&quot;https:\\\/\\\/www.anmeksan.com\\\/wp-content\\\/uploads\\\/2022\\\/04\\\/anmeksan-icon-150x150.png&quot;,&quot;size&quot;:[40,40]},&quot;style&quot;:&quot;https:\\\/\\\/{s}.tile.openstreetmap.org\\\/{z}\\\/{x}\\\/{y}.png&quot;}'><\/div><\/div><\/div><\/div><\/div><\/div><\/section>\n","protected":false},"excerpt":{"rendered":"GENEL M\u00dcD\u00dcRL\u00dcK\u0130vedik OSB 1514 Cad. No: 22 Yenimahalle \/ Ankara \/ T\u00fcrkiye +90 312 394 44 55 \u2013 Mobil : +90 507 707 90 08 info@anmeksan.com FABR\u0130KABa\u015fkent OSB, Ba\u015fkent Bulvar\u0131 No: 25 Sincan \/ Ankara \/ T\u00fcrkiye +90 312 394 44 55 \u2013 Mobil : +90 507 707 90 08 info@anmeksan.com ANMEKSAN DEPARTMANLAR TEKL\u0130F VE...","protected":false},"author":1,"featured_media":7903,"parent":0,"menu_order":0,"comment_status":"closed","ping_status":"closed","template":"","meta":{"footnotes":""},"class_list":["post-1437","page","type-page","status-publish","has-post-thumbnail","hentry"],"acf":{"schema_OpeningHoursSpecification_repeater":[{"days":["Monday"],"from":"09:00:00","to":"","from_2":"18:00:00","to_2":"","closed":false},{"days":["Tuesday"],"from":"09:00:00","to":"","from_2":"18:00:00","to_2":"","closed":false},{"days":["Wednesday"],"from":"09:00:00","to":"","from_2":"18:00:00","to_2":"","closed":false},{"days":["Thursday"],"from":"09:00:00","to":"","from_2":"18:00:00","to_2":"","closed":false},{"days":["Friday"],"from":"09:00:00","to":"","from_2":"18:00:00","to_2":"","closed":false},{"days":["Saturday"],"from":"09:00:00","to":"","from_2":"14:00:00","to_2":"","closed":false},{"days":["Sunday"],"from":null,"to":null,"from_2":null,"to_2":null,"closed":true}],"schema_SpecialDays_repeater":null},"yoast_head":"<!-- This site is optimized with the Yoast SEO Premium plugin v18.7 (Yoast SEO v27.4) - https:\/\/yoast.com\/product\/yoast-seo-premium-wordpress\/ -->\n<title>\u0130leti\u015fim - Anmeksan Ar\u0131tma A.\u015e<\/title>\n<meta name=\"description\" content=\"ileti\u015fim ve paket ar\u0131tma teklifleri, mbr ve mbbr sistemleri, tekstil at\u0131ksu ar\u0131tma, boyahane at\u0131ksu ar\u0131tma, kahramanmara\u015f at\u0131ksu ar\u0131tma,\" \/>\n<meta name=\"robots\" content=\"index, follow, max-snippet:-1, max-image-preview:large, max-video-preview:-1\" \/>\n<link rel=\"canonical\" href=\"https:\/\/www.anmeksan.com\/en\/iletisim\/\" \/>\n<meta property=\"og:locale\" content=\"en_GB\" \/>\n<meta property=\"og:type\" content=\"article\" \/>\n<meta property=\"og:title\" content=\"\u0130leti\u015fim\" \/>\n<meta property=\"og:description\" content=\"ileti\u015fim ve paket ar\u0131tma teklifleri, mbr ve mbbr sistemleri, tekstil at\u0131ksu ar\u0131tma, boyahane at\u0131ksu ar\u0131tma, kahramanmara\u015f at\u0131ksu ar\u0131tma,\" \/>\n<meta property=\"og:url\" content=\"https:\/\/www.anmeksan.com\/en\/iletisim\/\" \/>\n<meta property=\"og:site_name\" content=\"Anmeksan Ar\u0131tma A.\u015e\" \/>\n<meta property=\"article:publisher\" content=\"https:\/\/www.facebook.com\/anmeksan.aritmaas\" \/>\n<meta property=\"article:modified_time\" content=\"2026-04-22T08:55:19+00:00\" \/>\n<meta property=\"og:image\" content=\"https:\/\/www.anmeksan.com\/wp-content\/uploads\/2022\/04\/anmeksan-icon.png\" \/>\n\t<meta property=\"og:image:width\" content=\"300\" \/>\n\t<meta property=\"og:image:height\" content=\"300\" \/>\n\t<meta property=\"og:image:type\" content=\"image\/png\" \/>\n<meta name=\"twitter:card\" content=\"summary_large_image\" \/>\n<meta name=\"twitter:site\" content=\"@anmeksan\" \/>\n<meta name=\"twitter:label1\" content=\"Estimated reading time\" \/>\n\t<meta name=\"twitter:data1\" content=\"3 minutes\" \/>\n<!-- \/ Yoast SEO Premium plugin. -->","yoast_head_json":{"title":"Contact - Anmeksan Treatment Inc.","description":"communication and package sbr sbr wastewater treatment offers, mbr and mbbr treatment systems, textile wastewater treatment, slaughterhouse wastewater treatment, turkey wastewater treatment,","robots":{"index":"index","follow":"follow","max-snippet":"max-snippet:-1","max-image-preview":"max-image-preview:large","max-video-preview":"max-video-preview:-1"},"canonical":"https:\/\/www.anmeksan.com\/en\/iletisim\/","og_locale":"en_GB","og_type":"article","og_title":"\u0130leti\u015fim","og_description":"ileti\u015fim ve paket ar\u0131tma teklifleri, mbr ve mbbr sistemleri, tekstil at\u0131ksu ar\u0131tma, boyahane at\u0131ksu ar\u0131tma, kahramanmara\u015f at\u0131ksu ar\u0131tma,","og_url":"https:\/\/www.anmeksan.com\/en\/iletisim\/","og_site_name":"Anmeksan Ar\u0131tma A.\u015e","article_publisher":"https:\/\/www.facebook.com\/anmeksan.aritmaas","article_modified_time":"2026-04-22T08:55:19+00:00","og_image":[{"width":300,"height":300,"url":"https:\/\/www.anmeksan.com\/wp-content\/uploads\/2022\/04\/anmeksan-icon.png","type":"image\/png"}],"twitter_card":"summary_large_image","twitter_site":"@anmeksan","twitter_misc":{"Estimated reading time":"3 minutes"},"schema":{"@context":"https:\/\/schema.org","@graph":[{"@type":["WebPage","ContactPage"],"@id":"https:\/\/www.anmeksan.com\/iletisim\/","url":"https:\/\/www.anmeksan.com\/iletisim\/","name":"Contact - Anmeksan Treatment Inc.","isPartOf":{"@id":"https:\/\/www.anmeksan.com\/#website"},"primaryImageOfPage":{"@id":"https:\/\/www.anmeksan.com\/iletisim\/#primaryimage"},"image":{"@id":"https:\/\/www.anmeksan.com\/iletisim\/#primaryimage"},"thumbnailUrl":"https:\/\/www.anmeksan.com\/wp-content\/uploads\/2022\/04\/anmeksan-icon.png","datePublished":"2013-09-06T15:19:20+00:00","dateModified":"2026-04-22T08:55:19+00:00","description":"communication and package sbr sbr wastewater treatment offers, mbr and mbbr treatment systems, textile wastewater treatment, slaughterhouse wastewater treatment, turkey wastewater treatment,","breadcrumb":{"@id":"https:\/\/www.anmeksan.com\/iletisim\/#breadcrumb"},"inLanguage":"en-GB","potentialAction":[{"@type":"ReadAction","target":["https:\/\/www.anmeksan.com\/iletisim\/"]}]},{"@type":"ImageObject","inLanguage":"en-GB","@id":"https:\/\/www.anmeksan.com\/iletisim\/#primaryimage","url":"https:\/\/www.anmeksan.com\/wp-content\/uploads\/2022\/04\/anmeksan-icon.png","contentUrl":"https:\/\/www.anmeksan.com\/wp-content\/uploads\/2022\/04\/anmeksan-icon.png","width":300,"height":300,"caption":"Anmeksan icon"},{"@type":"BreadcrumbList","@id":"https:\/\/www.anmeksan.com\/iletisim\/#breadcrumb","itemListElement":[{"@type":"ListItem","position":1,"name":"Ana Sayfa","item":"https:\/\/www.anmeksan.com\/"},{"@type":"ListItem","position":2,"name":"\u0130leti\u015fim"}]},{"@type":"WebSite","@id":"https:\/\/www.anmeksan.com\/#website","url":"https:\/\/www.anmeksan.com\/","name":"Anmeksan Wastewater Treatment Inc.","description":"Package Treatment Systems, MBR and MBBR Treatment","publisher":{"@id":"https:\/\/www.anmeksan.com\/#organization"},"potentialAction":[{"@type":"SearchAction","target":{"@type":"EntryPoint","urlTemplate":"https:\/\/www.anmeksan.com\/?s={search_term_string}"},"query-input":{"@type":"PropertyValueSpecification","valueRequired":true,"valueName":"search_term_string"}}],"inLanguage":"en-GB"},{"@type":"Organization","@id":"https:\/\/www.anmeksan.com\/#organization","name":"Anmeksan Wastewater Treatment Inc.","url":"https:\/\/www.anmeksan.com\/","logo":{"@type":"ImageObject","inLanguage":"en-GB","@id":"https:\/\/www.anmeksan.com\/#\/schema\/logo\/image\/","url":"https:\/\/www.anmeksan.com\/wp-content\/uploads\/2022\/04\/logo.svg","contentUrl":"https:\/\/www.anmeksan.com\/wp-content\/uploads\/2022\/04\/logo.svg","width":"1024","height":"1024","caption":"Anmeksan Ar\u0131tma A.\u015e"},"image":{"@id":"https:\/\/www.anmeksan.com\/#\/schema\/logo\/image\/"},"sameAs":["https:\/\/www.facebook.com\/anmeksan.aritmaas","https:\/\/x.com\/anmeksan"]}]}},"_links":{"self":[{"href":"https:\/\/www.anmeksan.com\/en\/wp-json\/wp\/v2\/pages\/1437","targetHints":{"allow":["GET"]}}],"collection":[{"href":"https:\/\/www.anmeksan.com\/en\/wp-json\/wp\/v2\/pages"}],"about":[{"href":"https:\/\/www.anmeksan.com\/en\/wp-json\/wp\/v2\/types\/page"}],"author":[{"embeddable":true,"href":"https:\/\/www.anmeksan.com\/en\/wp-json\/wp\/v2\/users\/1"}],"replies":[{"embeddable":true,"href":"https:\/\/www.anmeksan.com\/en\/wp-json\/wp\/v2\/comments?post=1437"}],"version-history":[{"count":5,"href":"https:\/\/www.anmeksan.com\/en\/wp-json\/wp\/v2\/pages\/1437\/revisions"}],"predecessor-version":[{"id":11412,"href":"https:\/\/www.anmeksan.com\/en\/wp-json\/wp\/v2\/pages\/1437\/revisions\/11412"}],"wp:featuredmedia":[{"embeddable":true,"href":"https:\/\/www.anmeksan.com\/en\/wp-json\/wp\/v2\/media\/7903"}],"wp:attachment":[{"href":"https:\/\/www.anmeksan.com\/en\/wp-json\/wp\/v2\/media?parent=1437"}],"curies":[{"name":"wp","href":"https:\/\/api.w.org\/{rel}","templated":true}]}}