{"id":9030,"date":"2022-04-30T11:06:22","date_gmt":"2022-04-30T11:06:22","guid":{"rendered":"https:\/\/anmeksan.com\/?page_id=9030"},"modified":"2022-06-15T17:29:44","modified_gmt":"2022-06-15T17:29:44","slug":"surdurulebilirlik","status":"publish","type":"page","link":"https:\/\/www.anmeksan.com\/en\/surdurulebilirlik\/","title":{"rendered":"Sustainability"},"content":{"rendered":"<section class=\"l-section wpb_row height_large with_img\"><div class=\"l-section-img\" style=\"background-image: url(https:\/\/www.anmeksan.com\/wp-content\/uploads\/2022\/05\/projeler-anmeksan.jpg);\" data-img-width=\"1920\" data-img-height=\"600\"><\/div><div class=\"l-section-h i-cf\"><div class=\"g-cols vc_row via_grid cols_2-1 laptops-cols_inherit tablets-cols_inherit mobiles-cols_1 valign_top type_default stacking_default\"><div class=\"wpb_column vc_column_container\"><div class=\"vc_column-inner\"><h1 class=\"w-post-elm post_title us_custom_72b883da has_text_color align_left entry-title color_link_inherit\">Sustainability<\/h1><div class=\"w-html us_custom_16c70a5a has_text_color\"><span><span><a href=\"https:\/\/www.anmeksan.com\/en\/\">Home Page<\/a><\/span><\/span><\/div><\/div><\/div><div class=\"wpb_column vc_column_container\"><div class=\"vc_column-inner\"><div class=\"w-image align_none\"><div class=\"w-image-h\"><img decoding=\"async\" width=\"150\" height=\"50\" src=\"https:\/\/www.anmeksan.com\/wp-content\/uploads\/2022\/04\/anmeksan-kalite-iso.png\" class=\"attachment-full size-full\" alt=\"Anmeksan Kalite\" \/><\/div><\/div><div class=\"w-separator size_custom\" style=\"height:3px\"><\/div><div class=\"w-image align_none\"><div class=\"w-image-h\"><img decoding=\"async\" width=\"871\" height=\"160\" src=\"https:\/\/www.anmeksan.com\/wp-content\/uploads\/2014\/09\/turkey-anmeksan.png\" class=\"attachment-full size-full\" alt=\"Turkey Anmeksan\" srcset=\"https:\/\/www.anmeksan.com\/wp-content\/uploads\/2014\/09\/turkey-anmeksan.png 871w, https:\/\/www.anmeksan.com\/wp-content\/uploads\/2014\/09\/turkey-anmeksan-300x55.png 300w, https:\/\/www.anmeksan.com\/wp-content\/uploads\/2014\/09\/turkey-anmeksan-200x37.png 200w\" sizes=\"(max-width: 871px) 100vw, 871px\" \/><\/div><\/div><\/div><\/div><\/div><\/div><\/section><section class=\"l-section wpb_row height_small\"><div class=\"l-section-h i-cf\"><div class=\"g-cols vc_row via_grid cols_1 laptops-cols_inherit tablets-cols_inherit mobiles-cols_1 valign_top type_default stacking_default\"><div class=\"wpb_column vc_column_container\"><div class=\"vc_column-inner\"><h2 style=\"text-align: left;font-family:Roboto;font-weight:500;font-style:normal\" class=\"vc_custom_heading us_custom_16c70a5a\" >SUSTAINABLE DEVELOPMENT GOALS<\/h2><div class=\"w-separator size_custom\" style=\"height:20px\"><\/div><div class=\"g-cols wpb_row via_grid cols_6 laptops-cols_inherit tablets-cols_inherit mobiles-cols_1 valign_top type_default stacking_default\"><div class=\"wpb_column vc_column_container\"><div class=\"vc_column-inner\"><div class=\"w-image align_none\"><div class=\"w-image-h\"><img decoding=\"async\" width=\"150\" height=\"150\" src=\"https:\/\/www.anmeksan.com\/wp-content\/uploads\/2022\/04\/sdg-tr-01.png\" class=\"attachment-large size-large\" alt=\"Anmeksan S\u00fcrd\u00fcr\u00fclebilirlik\" srcset=\"https:\/\/www.anmeksan.com\/wp-content\/uploads\/2022\/04\/sdg-tr-01.png 150w, https:\/\/www.anmeksan.com\/wp-content\/uploads\/2022\/04\/sdg-tr-01-100x100.png 100w\" sizes=\"(max-width: 150px) 100vw, 150px\" \/><\/div><\/div><\/div><\/div><div class=\"wpb_column vc_column_container\"><div class=\"vc_column-inner\"><div class=\"w-image align_none\"><div class=\"w-image-h\"><img decoding=\"async\" width=\"150\" height=\"150\" src=\"https:\/\/www.anmeksan.com\/wp-content\/uploads\/2022\/04\/sdg-tr-02.png\" class=\"attachment-large size-large\" alt=\"Anmeksan S\u00fcrd\u00fcr\u00fclebilirlik\" srcset=\"https:\/\/www.anmeksan.com\/wp-content\/uploads\/2022\/04\/sdg-tr-02.png 150w, https:\/\/www.anmeksan.com\/wp-content\/uploads\/2022\/04\/sdg-tr-02-100x100.png 100w\" sizes=\"(max-width: 150px) 100vw, 150px\" \/><\/div><\/div><\/div><\/div><div class=\"wpb_column vc_column_container\"><div class=\"vc_column-inner\"><div class=\"w-image align_none\"><div class=\"w-image-h\"><img decoding=\"async\" width=\"150\" height=\"150\" src=\"https:\/\/www.anmeksan.com\/wp-content\/uploads\/2022\/04\/sdg-tr-03.png\" class=\"attachment-large size-large\" alt=\"Anmeksan S\u00fcrd\u00fcr\u00fclebilirlik\" srcset=\"https:\/\/www.anmeksan.com\/wp-content\/uploads\/2022\/04\/sdg-tr-03.png 150w, https:\/\/www.anmeksan.com\/wp-content\/uploads\/2022\/04\/sdg-tr-03-100x100.png 100w\" sizes=\"(max-width: 150px) 100vw, 150px\" \/><\/div><\/div><\/div><\/div><div class=\"wpb_column vc_column_container\"><div class=\"vc_column-inner\"><div class=\"w-image align_none\"><div class=\"w-image-h\"><img decoding=\"async\" width=\"150\" height=\"150\" src=\"https:\/\/www.anmeksan.com\/wp-content\/uploads\/2022\/04\/sdg-tr-04.png\" class=\"attachment-large size-large\" alt=\"Anmeksan S\u00fcrd\u00fcr\u00fclebilirlik\" srcset=\"https:\/\/www.anmeksan.com\/wp-content\/uploads\/2022\/04\/sdg-tr-04.png 150w, https:\/\/www.anmeksan.com\/wp-content\/uploads\/2022\/04\/sdg-tr-04-100x100.png 100w\" sizes=\"(max-width: 150px) 100vw, 150px\" \/><\/div><\/div><\/div><\/div><div class=\"wpb_column vc_column_container\"><div class=\"vc_column-inner\"><div class=\"w-image align_none\"><div class=\"w-image-h\"><img decoding=\"async\" width=\"150\" height=\"150\" src=\"https:\/\/www.anmeksan.com\/wp-content\/uploads\/2022\/04\/sdg-tr-05.png\" class=\"attachment-large size-large\" alt=\"Anmeksan S\u00fcrd\u00fcr\u00fclebilirlik\" srcset=\"https:\/\/www.anmeksan.com\/wp-content\/uploads\/2022\/04\/sdg-tr-05.png 150w, https:\/\/www.anmeksan.com\/wp-content\/uploads\/2022\/04\/sdg-tr-05-100x100.png 100w\" sizes=\"(max-width: 150px) 100vw, 150px\" \/><\/div><\/div><\/div><\/div><div class=\"wpb_column vc_column_container\"><div class=\"vc_column-inner\"><div class=\"w-image align_none\"><div class=\"w-image-h\"><img decoding=\"async\" width=\"150\" height=\"150\" src=\"https:\/\/www.anmeksan.com\/wp-content\/uploads\/2022\/04\/sdg-tr-06.png\" class=\"attachment-large size-large\" alt=\"Anmeksan S\u00fcrd\u00fcr\u00fclebilirlik\" srcset=\"https:\/\/www.anmeksan.com\/wp-content\/uploads\/2022\/04\/sdg-tr-06.png 150w, https:\/\/www.anmeksan.com\/wp-content\/uploads\/2022\/04\/sdg-tr-06-100x100.png 100w\" sizes=\"(max-width: 150px) 100vw, 150px\" \/><\/div><\/div><\/div><\/div><\/div><div class=\"w-separator size_custom\" style=\"height:20px\"><\/div><div class=\"g-cols wpb_row via_grid cols_6 laptops-cols_inherit tablets-cols_inherit mobiles-cols_1 valign_top type_default stacking_default\"><div class=\"wpb_column vc_column_container\"><div class=\"vc_column-inner\"><div class=\"w-image align_none\"><div class=\"w-image-h\"><img decoding=\"async\" width=\"150\" height=\"150\" src=\"https:\/\/www.anmeksan.com\/wp-content\/uploads\/2022\/04\/sdg-tr-07.png\" class=\"attachment-large size-large\" alt=\"Anmeksan S\u00fcrd\u00fcr\u00fclebilirlik\" srcset=\"https:\/\/www.anmeksan.com\/wp-content\/uploads\/2022\/04\/sdg-tr-07.png 150w, https:\/\/www.anmeksan.com\/wp-content\/uploads\/2022\/04\/sdg-tr-07-100x100.png 100w\" sizes=\"(max-width: 150px) 100vw, 150px\" \/><\/div><\/div><\/div><\/div><div class=\"wpb_column vc_column_container\"><div class=\"vc_column-inner\"><div class=\"w-image align_none\"><div class=\"w-image-h\"><img decoding=\"async\" width=\"150\" height=\"150\" src=\"https:\/\/www.anmeksan.com\/wp-content\/uploads\/2022\/04\/sdg-tr-08.png\" class=\"attachment-large size-large\" alt=\"Anmeksan S\u00fcrd\u00fcr\u00fclebilirlik\" srcset=\"https:\/\/www.anmeksan.com\/wp-content\/uploads\/2022\/04\/sdg-tr-08.png 150w, https:\/\/www.anmeksan.com\/wp-content\/uploads\/2022\/04\/sdg-tr-08-100x100.png 100w\" sizes=\"(max-width: 150px) 100vw, 150px\" \/><\/div><\/div><\/div><\/div><div class=\"wpb_column vc_column_container\"><div class=\"vc_column-inner\"><div class=\"w-image align_none\"><div class=\"w-image-h\"><img decoding=\"async\" width=\"150\" height=\"150\" src=\"https:\/\/www.anmeksan.com\/wp-content\/uploads\/2022\/04\/sdg-tr-09.png\" class=\"attachment-large size-large\" alt=\"Anmeksan S\u00fcrd\u00fcr\u00fclebilirlik\" srcset=\"https:\/\/www.anmeksan.com\/wp-content\/uploads\/2022\/04\/sdg-tr-09.png 150w, https:\/\/www.anmeksan.com\/wp-content\/uploads\/2022\/04\/sdg-tr-09-100x100.png 100w\" sizes=\"(max-width: 150px) 100vw, 150px\" \/><\/div><\/div><\/div><\/div><div class=\"wpb_column vc_column_container\"><div class=\"vc_column-inner\"><div class=\"w-image align_none\"><div class=\"w-image-h\"><img decoding=\"async\" width=\"150\" height=\"150\" src=\"https:\/\/www.anmeksan.com\/wp-content\/uploads\/2022\/04\/sdg-tr-10.png\" class=\"attachment-large size-large\" alt=\"Anmeksan S\u00fcrd\u00fcr\u00fclebilirlik\" srcset=\"https:\/\/www.anmeksan.com\/wp-content\/uploads\/2022\/04\/sdg-tr-10.png 150w, https:\/\/www.anmeksan.com\/wp-content\/uploads\/2022\/04\/sdg-tr-10-100x100.png 100w\" sizes=\"(max-width: 150px) 100vw, 150px\" \/><\/div><\/div><\/div><\/div><div class=\"wpb_column vc_column_container\"><div class=\"vc_column-inner\"><div class=\"w-image align_none\"><div class=\"w-image-h\"><img decoding=\"async\" width=\"150\" height=\"150\" src=\"https:\/\/www.anmeksan.com\/wp-content\/uploads\/2022\/04\/sdg-tr-11.png\" class=\"attachment-large size-large\" alt=\"Anmeksan S\u00fcrd\u00fcr\u00fclebilirlik\" srcset=\"https:\/\/www.anmeksan.com\/wp-content\/uploads\/2022\/04\/sdg-tr-11.png 150w, https:\/\/www.anmeksan.com\/wp-content\/uploads\/2022\/04\/sdg-tr-11-100x100.png 100w\" sizes=\"(max-width: 150px) 100vw, 150px\" \/><\/div><\/div><\/div><\/div><div class=\"wpb_column vc_column_container\"><div class=\"vc_column-inner\"><div class=\"w-image align_none\"><div class=\"w-image-h\"><img decoding=\"async\" width=\"150\" height=\"150\" src=\"https:\/\/www.anmeksan.com\/wp-content\/uploads\/2022\/04\/sdg-tr-12.png\" class=\"attachment-large size-large\" alt=\"Anmeksan S\u00fcrd\u00fcr\u00fclebilirlik\" srcset=\"https:\/\/www.anmeksan.com\/wp-content\/uploads\/2022\/04\/sdg-tr-12.png 150w, https:\/\/www.anmeksan.com\/wp-content\/uploads\/2022\/04\/sdg-tr-12-100x100.png 100w\" sizes=\"(max-width: 150px) 100vw, 150px\" \/><\/div><\/div><\/div><\/div><\/div><div class=\"w-separator size_custom\" style=\"height:20px\"><\/div><div class=\"g-cols wpb_row via_grid cols_6 laptops-cols_inherit tablets-cols_inherit mobiles-cols_1 valign_top type_default stacking_default\"><div class=\"wpb_column vc_column_container\"><div class=\"vc_column-inner\"><div class=\"w-image align_none\"><div class=\"w-image-h\"><img decoding=\"async\" width=\"150\" height=\"150\" src=\"https:\/\/www.anmeksan.com\/wp-content\/uploads\/2022\/04\/sdg-tr-13.png\" class=\"attachment-large size-large\" alt=\"Anmeksan S\u00fcrd\u00fcr\u00fclebilirlik\" srcset=\"https:\/\/www.anmeksan.com\/wp-content\/uploads\/2022\/04\/sdg-tr-13.png 150w, https:\/\/www.anmeksan.com\/wp-content\/uploads\/2022\/04\/sdg-tr-13-100x100.png 100w\" sizes=\"(max-width: 150px) 100vw, 150px\" \/><\/div><\/div><\/div><\/div><div class=\"wpb_column vc_column_container\"><div class=\"vc_column-inner\"><div class=\"w-image align_none\"><div class=\"w-image-h\"><img decoding=\"async\" width=\"150\" height=\"150\" src=\"https:\/\/www.anmeksan.com\/wp-content\/uploads\/2022\/04\/sdg-tr-14.png\" class=\"attachment-large size-large\" alt=\"Anmeksan S\u00fcrd\u00fcr\u00fclebilirlik\" srcset=\"https:\/\/www.anmeksan.com\/wp-content\/uploads\/2022\/04\/sdg-tr-14.png 150w, https:\/\/www.anmeksan.com\/wp-content\/uploads\/2022\/04\/sdg-tr-14-100x100.png 100w\" sizes=\"(max-width: 150px) 100vw, 150px\" \/><\/div><\/div><\/div><\/div><div class=\"wpb_column vc_column_container\"><div class=\"vc_column-inner\"><div class=\"w-image align_none\"><div class=\"w-image-h\"><img decoding=\"async\" width=\"150\" height=\"150\" src=\"https:\/\/www.anmeksan.com\/wp-content\/uploads\/2022\/04\/sdg-tr-15.png\" class=\"attachment-large size-large\" alt=\"Anmeksan S\u00fcrd\u00fcr\u00fclebilirlik\" srcset=\"https:\/\/www.anmeksan.com\/wp-content\/uploads\/2022\/04\/sdg-tr-15.png 150w, https:\/\/www.anmeksan.com\/wp-content\/uploads\/2022\/04\/sdg-tr-15-100x100.png 100w\" sizes=\"(max-width: 150px) 100vw, 150px\" \/><\/div><\/div><\/div><\/div><div class=\"wpb_column vc_column_container\"><div class=\"vc_column-inner\"><div class=\"w-image align_none\"><div class=\"w-image-h\"><img decoding=\"async\" width=\"150\" height=\"150\" src=\"https:\/\/www.anmeksan.com\/wp-content\/uploads\/2022\/04\/sdg-tr-16.png\" class=\"attachment-large size-large\" alt=\"Anmeksan S\u00fcrd\u00fcr\u00fclebilirlik\" srcset=\"https:\/\/www.anmeksan.com\/wp-content\/uploads\/2022\/04\/sdg-tr-16.png 150w, https:\/\/www.anmeksan.com\/wp-content\/uploads\/2022\/04\/sdg-tr-16-100x100.png 100w\" sizes=\"(max-width: 150px) 100vw, 150px\" \/><\/div><\/div><\/div><\/div><div class=\"wpb_column vc_column_container\"><div class=\"vc_column-inner\"><div class=\"w-image align_none\"><div class=\"w-image-h\"><img decoding=\"async\" width=\"150\" height=\"150\" src=\"https:\/\/www.anmeksan.com\/wp-content\/uploads\/2022\/04\/sdg-tr-17.png\" class=\"attachment-large size-large\" alt=\"Anmeksan S\u00fcrd\u00fcr\u00fclebilirlik\" srcset=\"https:\/\/www.anmeksan.com\/wp-content\/uploads\/2022\/04\/sdg-tr-17.png 150w, https:\/\/www.anmeksan.com\/wp-content\/uploads\/2022\/04\/sdg-tr-17-100x100.png 100w\" sizes=\"(max-width: 150px) 100vw, 150px\" \/><\/div><\/div><\/div><\/div><div class=\"wpb_column vc_column_container\"><div class=\"vc_column-inner\"><div class=\"w-image align_none\"><div class=\"w-image-h\"><img decoding=\"async\" width=\"150\" height=\"150\" src=\"https:\/\/www.anmeksan.com\/wp-content\/uploads\/2022\/05\/kuresel.png\" class=\"attachment-large size-large\" alt=\"Anmeksan S\u00fcrd\u00fcr\u00fclebilirlik\" srcset=\"https:\/\/www.anmeksan.com\/wp-content\/uploads\/2022\/05\/kuresel.png 150w, https:\/\/www.anmeksan.com\/wp-content\/uploads\/2022\/05\/kuresel-100x100.png 100w\" sizes=\"(max-width: 150px) 100vw, 150px\" \/><\/div><\/div><\/div><\/div><\/div><\/div><\/div><\/div><\/div><\/section><section class=\"l-section wpb_row height_medium with_img\"><div class=\"l-section-img\" style=\"background-image: url(https:\/\/www.anmeksan.com\/wp-content\/uploads\/2022\/05\/1625247515412.jpg);\" data-img-width=\"1500\" data-img-height=\"1500\"><\/div><div class=\"l-section-h i-cf\"><div class=\"g-cols vc_row via_grid cols_1 laptops-cols_inherit tablets-cols_inherit mobiles-cols_1 valign_top type_default stacking_default\"><div class=\"wpb_column vc_column_container\"><div class=\"vc_column-inner\"><h2 style=\"text-align: left;font-family:Roboto;font-weight:500;font-style:normal\" class=\"vc_custom_heading us_custom_16c70a5a\" >SUSTAINABLE DEVELOPMENT GOALS<\/h2><div class=\"wpb_text_column\"><div class=\"wpb_wrapper\"><ol>\n<li>To end poverty everywhere and in every aspect.<\/li>\n<li>End hunger, ensure food security, ensure everyone has access to healthy and nutritious food, and strengthen sustainable agriculture.<\/li>\n<li>To protect healthy living conditions and to adopt being healthy with equal life for everyone at all ages.<\/li>\n<li>To provide inclusive and good education for all people and to support lifelong learning opportunities.<\/li>\n<li>To achieve gender equality and strengthen the place of all women and girls in society.<\/li>\n<li>Providing access to clean water, safe and hygienic infrastructure for all.<\/li>\n<li>Providing access to clean water, safe and hygienic infrastructure for all.<\/li>\n<li>To support sustained, inclusive and sustainable economic growth and to create efficient and favorable working conditions.<\/li>\n<li>Build resilient infrastructure and support inclusive and sustainable industrialization and innovation.<\/li>\n<li>Reducing inequality between people within and between countries.<\/li>\n<li>Making cities and human settlements inclusive, safe, resilient and sustainable.<\/li>\n<li>To ensure sustainable production and consumption, as well as to stop food waste and waste.<\/li>\n<li>To ensure sustainable production and consumption, as well as to stop food waste and waste.<\/li>\n<li>To protect the oceans, seas and underwater life and to use them in the axis of sustainable development.<\/li>\n<li>To protect the ecosystem, to eliminate the damage done and to provide sustainable use environments and to protect the species living in it, to fight desertification, to stop and reverse the loss of soil fertility and biodiversity.<\/li>\n<li>To support peaceful and inclusive societies within the framework of sustainable development goals, to provide justice for all, to create efficient and inclusive institutions with the principle of accountability at all levels.<\/li>\n<li>Revitalizing the global support network for sustainable development and strengthening the applicability of the goals.<\/li>\n<\/ol>\n<\/div><\/div><\/div><\/div><\/div><\/div><\/section>","protected":false},"excerpt":{"rendered":"S\u00fcrd\u00fcr\u00fclebilirlikAna SayfaS\u00dcRD\u00dcR\u00dcLEB\u0130L\u0130R KALKINMA AMA\u00c7LARIS\u00dcRD\u00dcR\u00dcLEB\u0130L\u0130R KALKINMA AMA\u00c7LARI Yoksullu\u011fu her yer her y\u00f6n\u00fc ile sona erdirmek. A\u00e7l\u0131\u011f\u0131 sona erdirmek, g\u0131da g\u00fcvenli\u011fini sa\u011flamak, herkesin sa\u011fl\u0131kl\u0131 ve besleyici yiyeceklere ula\u015fmas\u0131n\u0131 sa\u011flamak ve s\u00fcrd\u00fcr\u00fclebilir tar\u0131m\u0131 g\u00fc\u00e7lendirmek. Sa\u011fl\u0131kl\u0131 ya\u015fam ko\u015fullar\u0131 korumak ve her ya\u015fta herkes i\u00e7in e\u015fit ya\u015fam ile sa\u011fl\u0131kl\u0131 olmay\u0131 benimsemek. T\u00fcm insanlar i\u00e7in kapsay\u0131c\u0131 ve iyi e\u011fitimin sa\u011flanmas\u0131 ve...","protected":false},"author":1,"featured_media":0,"parent":0,"menu_order":0,"comment_status":"closed","ping_status":"closed","template":"","meta":{"footnotes":""},"class_list":["post-9030","page","type-page","status-publish","hentry"],"acf":[],"yoast_head":"<!-- This site is optimized with the Yoast SEO Premium plugin v18.7 (Yoast SEO v27.4) - https:\/\/yoast.com\/product\/yoast-seo-premium-wordpress\/ -->\n<title>S\u00fcrd\u00fcr\u00fclebilirlik - Anmeksan Ar\u0131tma A.\u015e<\/title>\n<meta name=\"robots\" content=\"index, follow, max-snippet:-1, max-image-preview:large, max-video-preview:-1\" \/>\n<link rel=\"canonical\" href=\"https:\/\/www.anmeksan.com\/en\/surdurulebilirlik\/\" \/>\n<meta property=\"og:locale\" content=\"en_GB\" \/>\n<meta property=\"og:type\" content=\"article\" \/>\n<meta property=\"og:title\" content=\"S\u00fcrd\u00fcr\u00fclebilirlik\" \/>\n<meta property=\"og:url\" content=\"https:\/\/www.anmeksan.com\/en\/surdurulebilirlik\/\" \/>\n<meta property=\"og:site_name\" content=\"Anmeksan Ar\u0131tma A.\u015e\" \/>\n<meta property=\"article:publisher\" content=\"https:\/\/www.facebook.com\/anmeksan.aritmaas\" \/>\n<meta property=\"article:modified_time\" content=\"2022-06-15T17:29:44+00:00\" \/>\n<meta name=\"twitter:card\" content=\"summary_large_image\" \/>\n<meta name=\"twitter:site\" content=\"@anmeksan\" \/>\n<meta name=\"twitter:label1\" content=\"Estimated reading time\" \/>\n\t<meta name=\"twitter:data1\" content=\"2 minutes\" \/>\n<!-- \/ Yoast SEO Premium plugin. -->","yoast_head_json":{"title":"Sustainability - Anmeksan Treatment Inc.","robots":{"index":"index","follow":"follow","max-snippet":"max-snippet:-1","max-image-preview":"max-image-preview:large","max-video-preview":"max-video-preview:-1"},"canonical":"https:\/\/www.anmeksan.com\/en\/surdurulebilirlik\/","og_locale":"en_GB","og_type":"article","og_title":"S\u00fcrd\u00fcr\u00fclebilirlik","og_url":"https:\/\/www.anmeksan.com\/en\/surdurulebilirlik\/","og_site_name":"Anmeksan Ar\u0131tma A.\u015e","article_publisher":"https:\/\/www.facebook.com\/anmeksan.aritmaas","article_modified_time":"2022-06-15T17:29:44+00:00","twitter_card":"summary_large_image","twitter_site":"@anmeksan","twitter_misc":{"Estimated reading time":"2 minutes"},"schema":{"@context":"https:\/\/schema.org","@graph":[{"@type":"WebPage","@id":"https:\/\/www.anmeksan.com\/surdurulebilirlik\/","url":"https:\/\/www.anmeksan.com\/surdurulebilirlik\/","name":"Sustainability - Anmeksan Treatment Inc.","isPartOf":{"@id":"https:\/\/www.anmeksan.com\/#website"},"datePublished":"2022-04-30T11:06:22+00:00","dateModified":"2022-06-15T17:29:44+00:00","breadcrumb":{"@id":"https:\/\/www.anmeksan.com\/surdurulebilirlik\/#breadcrumb"},"inLanguage":"en-GB","potentialAction":[{"@type":"ReadAction","target":["https:\/\/www.anmeksan.com\/surdurulebilirlik\/"]}]},{"@type":"BreadcrumbList","@id":"https:\/\/www.anmeksan.com\/surdurulebilirlik\/#breadcrumb","itemListElement":[{"@type":"ListItem","position":1,"name":"Ana Sayfa","item":"https:\/\/www.anmeksan.com\/"},{"@type":"ListItem","position":2,"name":"S\u00fcrd\u00fcr\u00fclebilirlik"}]},{"@type":"WebSite","@id":"https:\/\/www.anmeksan.com\/#website","url":"https:\/\/www.anmeksan.com\/","name":"Anmeksan Wastewater Treatment Inc.","description":"Package Treatment Systems, MBR and MBBR Treatment","publisher":{"@id":"https:\/\/www.anmeksan.com\/#organization"},"potentialAction":[{"@type":"SearchAction","target":{"@type":"EntryPoint","urlTemplate":"https:\/\/www.anmeksan.com\/?s={search_term_string}"},"query-input":{"@type":"PropertyValueSpecification","valueRequired":true,"valueName":"search_term_string"}}],"inLanguage":"en-GB"},{"@type":"Organization","@id":"https:\/\/www.anmeksan.com\/#organization","name":"Anmeksan Wastewater Treatment Inc.","url":"https:\/\/www.anmeksan.com\/","logo":{"@type":"ImageObject","inLanguage":"en-GB","@id":"https:\/\/www.anmeksan.com\/#\/schema\/logo\/image\/","url":"https:\/\/www.anmeksan.com\/wp-content\/uploads\/2022\/04\/logo.svg","contentUrl":"https:\/\/www.anmeksan.com\/wp-content\/uploads\/2022\/04\/logo.svg","width":"1024","height":"1024","caption":"Anmeksan Ar\u0131tma A.\u015e"},"image":{"@id":"https:\/\/www.anmeksan.com\/#\/schema\/logo\/image\/"},"sameAs":["https:\/\/www.facebook.com\/anmeksan.aritmaas","https:\/\/x.com\/anmeksan"]}]}},"_links":{"self":[{"href":"https:\/\/www.anmeksan.com\/en\/wp-json\/wp\/v2\/pages\/9030","targetHints":{"allow":["GET"]}}],"collection":[{"href":"https:\/\/www.anmeksan.com\/en\/wp-json\/wp\/v2\/pages"}],"about":[{"href":"https:\/\/www.anmeksan.com\/en\/wp-json\/wp\/v2\/types\/page"}],"author":[{"embeddable":true,"href":"https:\/\/www.anmeksan.com\/en\/wp-json\/wp\/v2\/users\/1"}],"replies":[{"embeddable":true,"href":"https:\/\/www.anmeksan.com\/en\/wp-json\/wp\/v2\/comments?post=9030"}],"version-history":[{"count":0,"href":"https:\/\/www.anmeksan.com\/en\/wp-json\/wp\/v2\/pages\/9030\/revisions"}],"wp:attachment":[{"href":"https:\/\/www.anmeksan.com\/en\/wp-json\/wp\/v2\/media?parent=9030"}],"curies":[{"name":"wp","href":"https:\/\/api.w.org\/{rel}","templated":true}]}}