{"id":12,"date":"2013-05-31T11:57:37","date_gmt":"2013-05-31T11:57:37","guid":{"rendered":"http:\/\/impreza.us-themes.net\/pages\/about\/"},"modified":"2022-06-12T11:07:00","modified_gmt":"2022-06-12T11:07:00","slug":"hakkimizda","status":"publish","type":"page","link":"https:\/\/www.anmeksan.com\/fr\/a-propos-de-nous\/","title":{"rendered":"\u00e0 propos de nous"},"content":{"rendered":"<section class=\"l-section wpb_row height_small with_img\"><div class=\"l-section-img\" style=\"background-image: url(https:\/\/www.anmeksan.com\/wp-content\/uploads\/2022\/05\/header-anmeksan-blue.png);\" data-img-width=\"1920\" data-img-height=\"352\"><\/div><div class=\"l-section-h i-cf\"><div class=\"g-cols vc_row via_grid cols_2-1 laptops-cols_inherit tablets-cols_inherit mobiles-cols_1 valign_top type_default stacking_default\"><div class=\"wpb_column vc_column_container\"><div class=\"vc_column-inner\"><h2 class=\"w-post-elm post_title us_custom_ed05b3dd has_text_color align_left entry-title color_link_inherit\">\u00e0 propos de nous<\/h2><div class=\"w-html us_custom_6df4bc3a has_text_color\"><span><span><a href=\"https:\/\/www.anmeksan.com\/fr\/\">Page d'accueil<\/a><\/span><\/div><div class=\"w-separator size_custom\" style=\"height:20px\"><\/div><\/div><\/div><div class=\"wpb_column vc_column_container\"><div class=\"vc_column-inner\"><div class=\"w-image align_none\"><div class=\"w-image-h\"><img width=\"150\" height=\"50\" src=\"https:\/\/www.anmeksan.com\/wp-content\/uploads\/2022\/04\/anmeksan-kalite-iso.png\" class=\"attachment-full size-full\" alt=\"Anmeksan Kalite\" decoding=\"async\" \/><\/div><\/div><div class=\"w-separator size_custom\" style=\"height:3px\"><\/div><div class=\"w-image align_none\"><div class=\"w-image-h\"><img width=\"300\" height=\"50\" src=\"https:\/\/www.anmeksan.com\/wp-content\/uploads\/2014\/09\/banner-ust-uyelik.png\" class=\"attachment-large size-large\" alt=\"Banner \u00dcyelik\" decoding=\"async\" srcset=\"https:\/\/www.anmeksan.com\/wp-content\/uploads\/2014\/09\/banner-ust-uyelik.png 300w, https:\/\/www.anmeksan.com\/wp-content\/uploads\/2014\/09\/banner-ust-uyelik-200x33.png 200w\" sizes=\"(max-width: 300px) 100vw, 300px\" \/><\/div><\/div><\/div><\/div><\/div><\/div><\/section><section class=\"l-section wpb_row height_medium\"><div class=\"l-section-h i-cf\"><div class=\"g-cols vc_row via_grid cols_1 laptops-cols_inherit tablets-cols_inherit mobiles-cols_1 valign_top type_default stacking_default\"><div class=\"wpb_column vc_column_container\"><div class=\"vc_column-inner\"><h2 style=\"text-align: center;font-family:Roboto;font-weight:900;font-style:normal\" class=\"vc_custom_heading us_custom_16c70a5a\" >#PARCE QUE NOUS SOMMES DE QUALIT\u00c9<\/h2><\/div><\/div><div class=\"wpb_column vc_column_container\"><div class=\"vc_column-inner\"><div class=\"g-cols wpb_row via_grid cols_1 laptops-cols_inherit tablets-cols_inherit mobiles-cols_1 valign_top type_default stacking_default\"><div class=\"wpb_column vc_column_container\"><div class=\"vc_column-inner\"><div class=\"wpb_text_column\"><div class=\"wpb_wrapper\"><p style=\"text-align: center;\">Traitement Anmeksan Inc.\u00a0; Elle a \u00e9t\u00e9 cr\u00e9\u00e9e en 2018 conform\u00e9ment \u00e0 ses objectifs sectoriels avec toutes ses connaissances, son exp\u00e9rience et son \u00e9quit\u00e9. Notre soci\u00e9t\u00e9, qui a acquis des connaissances et une exp\u00e9rience sectorielles depuis 2004, op\u00e8re dans le secteur avec sa direction bas\u00e9e \u00e0 Ankara, son service technique et sa zone de production ferm\u00e9e de 2200 m2, sa zone de stockage et d'exp\u00e9dition ouverte de 850 m2 situ\u00e9e dans la zone industrielle organis\u00e9e de Ba\u015fkent. Elle r\u00e9alise de nombreux projets nationaux et internationaux avec ses ing\u00e9nieurs experts, son personnel technique et de gestion.<\/p>\n<p style=\"text-align: center;\">Anmeksan Traitement Inc. r\u00e9alise tout le processus de fabrication ind\u00e9pendamment de l'ext\u00e9rieur avec sa machinerie, son \u00e9quipement et son d\u00e9partement de production.<\/p>\n<p style=\"text-align: center;\">Notre priorit\u00e9 est l'exploitation et l'utilisation de nos installations dans tous nos projets nationaux et internationaux. Nous agissons avec la conscience que la chose la plus importante est les stations d'\u00e9puration qui fonctionnent et sont appliqu\u00e9es dans les bons processus.<\/p>\n<\/div><\/div><\/div><\/div><\/div><div class=\"w-separator size_custom\" style=\"height:10px\"><\/div><div id=\"uvc-type-wrap-4721\"  data-ultimate-target='#uvc-type-wrap-4721'  data-responsive-json-new='{\"font-size\":\"\",\"line-height\":\"\"}'  class=\"uvc-type-wrap  ult-adjust-bottom-margin ult-responsive  uvc-type-align-center uvc-type-no-prefix uvc-wrap-71951480669e1e87372fd4\" style=\"text-align:center;\"><span id=\"typed-71951480669e1e87372fd4\" class=\"ultimate-typed-main\" style=\" font-weight:normal; text-transform: unset;\"><\/span><script type=\"text\/javascript\"> \n\t\t\t\t\t\tjQuery(function($){ \n\t\t\t\t\t\t\t$(document).ready(function(){\n\t\t\t\t\t\t\t\tif( typeof jQuery(\"#typed-71951480669e1e87372fd4\").typed == \"function\"){\n\t\t\t\t\t\t\t\t\t$(\"#typed-71951480669e1e87372fd4\").typed({\n\t\t\t\t\t\t\t\t\t\tstrings: [\"#BECAUSE WE ARE QUALITY\"],\n\t\t\t\t\t\t\t\t\t\ttypeSpeed: 35,\n\t\t\t\t\t\t\t\t\t\tbackSpeed: 0,\n\t\t\t\t\t\t\t\t\t\tstartDelay: 200,\n\t\t\t\t\t\t\t\t\t\tbackDelay: 1500,\n\t\t\t\t\t\t\t\t\t\tloop: true,\n\t\t\t\t\t\t\t\t\t\tloopCount: false,\n\t\t\t\t\t\t\t\t\t\tshowCursor: true,\n\t\t\t\t\t\t\t\t\t\tcursorChar: \"|\",\n\t\t\t\t\t\t\t\t\t\tattr: null\n\t\t\t\t\t\t\t\t\t});\n\t\t\t\t\t\t\t\t}\n\t\t\t\t\t\t\t});\n\t\t\t\t\t\t});\n\t\t\t\t\t<\/script><\/div><\/div><\/div><\/div><\/div><\/section><section class=\"l-section wpb_row height_medium\"><div class=\"l-section-h i-cf\"><div class=\"g-cols vc_row via_grid cols_3 laptops-cols_inherit tablets-cols_inherit mobiles-cols_1 valign_top type_default stacking_default\"><div class=\"wpb_column vc_column_container\"><div class=\"vc_column-inner\"><div class=\"smile_icon_list_wrap ult_info_list_container ult-adjust-bottom-margin\"><ul class=\"smile_icon_list right square with_bg\"><li class=\"icon_list_item\" style=\" font-size:72px;\"><div class=\"icon_list_icon\" data-animation=\"\" data-animation-delay=\"03\" style=\"font-size:24px;border-width:1px;border-style:solid;background:#002f66;color:#ffffff;border-color:#333333;\"><img class=\"list-img-icon\" alt=\"Toplu Konut Ar\u0131tma\" src=\"https:\/\/www.anmeksan.com\/wp-content\/uploads\/2022\/05\/toplukonutaritma.png\"\/><\/div><div class=\"icon_description\" id=\"Info-list-wrap-9798\" style=\"font-size:24px;\"><h3 class=\"ult-responsive info-list-heading\"  data-ultimate-target='#Info-list-wrap-9798 h3'  data-responsive-json-new='{\"font-size\":\"desktop:16px;\",\"line-height\":\"desktop:24px;\"}'  style=\"\">Logements et b\u00e2timents de masse<\/h3><div class=\"icon_description_text ult-responsive\"  data-ultimate-target='#Info-list-wrap-9798 .icon_description_text'  data-responsive-json-new='{\"font-size\":\"desktop:13px;\",\"line-height\":\"desktop:18px;\"}'  style=\"\"><p>Traitement des eaux us\u00e9es de logements de masse, de villas et de sites<\/p>\n<\/div><\/div><div class=\"icon_list_connector\"  style=\"border-left-width: 1px;border-left-style: dashed;border-color: #333333;\"><\/div><\/li><li class=\"icon_list_item\" style=\" font-size:72px;\"><div class=\"icon_list_icon\" data-animation=\"\" data-animation-delay=\"03\" style=\"font-size:24px;border-width:1px;border-style:solid;background:#002f66;color:#ffffff;border-color:#333333;\"><img class=\"list-img-icon\" alt=\"\u015eantiye Ar\u0131tma\" src=\"https:\/\/www.anmeksan.com\/wp-content\/uploads\/2022\/05\/santiyearitma.png\"\/><\/div><div class=\"icon_description\" id=\"Info-list-wrap-8317\" style=\"font-size:24px;\"><h3 class=\"ult-responsive info-list-heading\"  data-ultimate-target='#Info-list-wrap-8317 h3'  data-responsive-json-new='{\"font-size\":\"desktop:16px;\",\"line-height\":\"desktop:24px;\"}'  style=\"\">Sites de construction<\/h3><div class=\"icon_description_text ult-responsive\"  data-ultimate-target='#Info-list-wrap-8317 .icon_description_text'  data-responsive-json-new='{\"font-size\":\"desktop:13px;\",\"line-height\":\"desktop:18px;\"}'  style=\"\"><p>Construction, traitement des chantiers de construction de barrages<\/p>\n<\/div><\/div><div class=\"icon_list_connector\"  style=\"border-left-width: 1px;border-left-style: dashed;border-color: #333333;\"><\/div><\/li><li class=\"icon_list_item\" style=\" font-size:72px;\"><div class=\"icon_list_icon\" data-animation=\"\" data-animation-delay=\"03\" style=\"font-size:24px;border-width:1px;border-style:solid;background:#002f66;color:#ffffff;border-color:#333333;\"><img class=\"list-img-icon\" alt=\"Kamp Alan\u0131 Ar\u0131tma\" src=\"https:\/\/www.anmeksan.com\/wp-content\/uploads\/2022\/05\/kamparitma.png\"\/><\/div><div class=\"icon_description\" id=\"Info-list-wrap-5827\" style=\"font-size:24px;\"><h3 class=\"ult-responsive info-list-heading\"  data-ultimate-target='#Info-list-wrap-5827 h3'  data-responsive-json-new='{\"font-size\":\"desktop:16px;\",\"line-height\":\"desktop:24px;\"}'  style=\"\">Abattoir et abattoir<\/h3><div class=\"icon_description_text ult-responsive\"  data-ultimate-target='#Info-list-wrap-5827 .icon_description_text'  data-responsive-json-new='{\"font-size\":\"desktop:13px;\",\"line-height\":\"desktop:18px;\"}'  style=\"\"><p>Stations d'\u00e9puration des abattoirs<\/p>\n<\/div><\/div><div class=\"icon_list_connector\"  style=\"border-left-width: 1px;border-left-style: dashed;border-color: #333333;\"><\/div><\/li><li class=\"icon_list_item\" style=\" font-size:72px;\"><div class=\"icon_list_icon\" data-animation=\"\" data-animation-delay=\"03\" style=\"font-size:24px;border-width:1px;border-style:solid;background:#002f66;color:#ffffff;border-color:#333333;\"><img class=\"list-img-icon\" alt=\"\u00dcniversite Ar\u0131tma\" src=\"https:\/\/www.anmeksan.com\/wp-content\/uploads\/2022\/05\/universitearitma.png\"\/><\/div><div class=\"icon_description\" id=\"Info-list-wrap-5570\" style=\"font-size:24px;\"><h3 class=\"ult-responsive info-list-heading\"  data-ultimate-target='#Info-list-wrap-5570 h3'  data-responsive-json-new='{\"font-size\":\"desktop:16px;\",\"line-height\":\"desktop:24px;\"}'  style=\"\">les universit\u00e9s<\/h3><div class=\"icon_description_text ult-responsive\"  data-ultimate-target='#Info-list-wrap-5570 .icon_description_text'  data-responsive-json-new='{\"font-size\":\"desktop:13px;\",\"line-height\":\"desktop:18px;\"}'  style=\"\"><p>Universit\u00e9s, campus et raffinements de l'espace social<\/p>\n<\/div><\/div><div class=\"icon_list_connector\"  style=\"border-left-width: 1px;border-left-style: dashed;border-color: #333333;\"><\/div><\/li><li class=\"icon_list_item\" style=\" font-size:72px;\"><div class=\"icon_list_icon\" data-animation=\"\" data-animation-delay=\"03\" style=\"font-size:24px;border-width:1px;border-style:solid;background:#002f66;color:#ffffff;border-color:#333333;\"><img class=\"list-img-icon\" alt=\"Yerle\u015fim Yerleri Ar\u0131tma\" src=\"https:\/\/www.anmeksan.com\/wp-content\/uploads\/2022\/05\/geciciyerlesimaritma.png\"\/><\/div><div class=\"icon_description\" id=\"Info-list-wrap-2293\" style=\"font-size:24px;\"><h3 class=\"ult-responsive info-list-heading\"  data-ultimate-target='#Info-list-wrap-2293 h3'  data-responsive-json-new='{\"font-size\":\"desktop:16px;\",\"line-height\":\"desktop:24px;\"}'  style=\"\">\u00c9tablissements temporaires<\/h3><div class=\"icon_description_text ult-responsive\"  data-ultimate-target='#Info-list-wrap-2293 .icon_description_text'  data-responsive-json-new='{\"font-size\":\"desktop:13px;\",\"line-height\":\"desktop:18px;\"}'  style=\"\"><p>Camps de r\u00e9fugi\u00e9s, \u00e9tablissements temporaires<\/p>\n<\/div><\/div><div class=\"icon_list_connector\"  style=\"border-left-width: 1px;border-left-style: dashed;border-color: #333333;\"><\/div><\/li><\/ul><\/div><\/div><\/div><div class=\"wpb_column vc_column_container\"><div class=\"vc_column-inner\"><div class=\"wpb_text_column us_custom_16c70a5a has_text_color\"><div class=\"wpb_wrapper\"><h2 style=\"text-align: center;\"><strong>NOUS CROYONS<\/strong> ET <strong>AVONS CONFIANCE!<\/strong><\/h2>\n<\/div><\/div><div class=\"w-image us_custom_12829b65 us_animate_this align_center\"><div class=\"w-image-h\"><img width=\"300\" height=\"300\" src=\"https:\/\/www.anmeksan.com\/wp-content\/uploads\/2022\/04\/anmeksan-icon.png\" class=\"attachment-full size-full\" alt=\"Anmeksan icon\" decoding=\"async\" srcset=\"https:\/\/www.anmeksan.com\/wp-content\/uploads\/2022\/04\/anmeksan-icon.png 300w, https:\/\/www.anmeksan.com\/wp-content\/uploads\/2022\/04\/anmeksan-icon-150x150.png 150w, https:\/\/www.anmeksan.com\/wp-content\/uploads\/2022\/04\/anmeksan-icon-200x200.png 200w, https:\/\/www.anmeksan.com\/wp-content\/uploads\/2022\/04\/anmeksan-icon-100x100.png 100w\" sizes=\"(max-width: 300px) 100vw, 300px\" \/><\/div><\/div><div class=\"w-separator size_medium\"><\/div><div class=\"wpb_text_column us_custom_16c70a5a has_text_color\"><div class=\"wpb_wrapper\"><h3 style=\"text-align: center;\"><strong>Nous ajoutons de la valeur \u00e0 la<\/strong>\u00a0vie et \u00e0 la nature avec nos activit\u00e9s.<\/h3>\n<\/div><\/div><\/div><\/div><div class=\"wpb_column vc_column_container\"><div class=\"vc_column-inner\"><div class=\"smile_icon_list_wrap ult_info_list_container ult-adjust-bottom-margin\"><ul class=\"smile_icon_list left square with_bg\"><li class=\"icon_list_item\" style=\" font-size:72px;\"><div class=\"icon_list_icon\" data-animation=\"\" data-animation-delay=\"03\" style=\"font-size:24px;border-width:1px;border-style:solid;background:#002f66;color:#ffffff;border-color:#333333;\"><img class=\"list-img-icon\" alt=\"Otel Ar\u0131tma\" src=\"https:\/\/www.anmeksan.com\/wp-content\/uploads\/2022\/05\/otelaritma.png\"\/><\/div><div class=\"icon_description\" id=\"Info-list-wrap-9284\" style=\"font-size:24px;\"><h3 class=\"ult-responsive info-list-heading\"  data-ultimate-target='#Info-list-wrap-9284 h3'  data-responsive-json-new='{\"font-size\":\"desktop:16px;\",\"line-height\":\"desktop:24px;\"}'  style=\"\">H\u00f4tels Resorts, Locations de vacances<\/h3><div class=\"icon_description_text ult-responsive\"  data-ultimate-target='#Info-list-wrap-9284 .icon_description_text'  data-responsive-json-new='{\"font-size\":\"desktop:13px;\",\"line-height\":\"desktop:18px;\"}'  style=\"\"><p>H\u00f4tel, motel, centre de vill\u00e9giature<\/p>\n<\/div><\/div><div class=\"icon_list_connector\"  style=\"border-right-width: 1px;border-right-style: dashed;border-color: #333333;\"><\/div><\/li><li class=\"icon_list_item\" style=\" font-size:72px;\"><div class=\"icon_list_icon\" data-animation=\"\" data-animation-delay=\"03\" style=\"font-size:24px;border-width:1px;border-style:solid;background:#002f66;color:#ffffff;border-color:#333333;\"><img class=\"list-img-icon\" alt=\"Fabrika Ar\u0131tma\" src=\"https:\/\/www.anmeksan.com\/wp-content\/uploads\/2022\/05\/fabrikaaritma.png\"\/><\/div><div class=\"icon_description\" id=\"Info-list-wrap-6945\" style=\"font-size:24px;\"><h3 class=\"ult-responsive info-list-heading\"  data-ultimate-target='#Info-list-wrap-6945 h3'  data-responsive-json-new='{\"font-size\":\"desktop:16px;\",\"line-height\":\"desktop:24px;\"}'  style=\"\">Des usines<\/h3><div class=\"icon_description_text ult-responsive\"  data-ultimate-target='#Info-list-wrap-6945 .icon_description_text'  data-responsive-json-new='{\"font-size\":\"desktop:13px;\",\"line-height\":\"desktop:18px;\"}'  style=\"\"><p>Traitement des eaux us\u00e9es des usines, du textile, des produits laitiers et des fruits<\/p>\n<\/div><\/div><div class=\"icon_list_connector\"  style=\"border-right-width: 1px;border-right-style: dashed;border-color: #333333;\"><\/div><\/li><li class=\"icon_list_item\" style=\" font-size:72px;\"><div class=\"icon_list_icon\" data-animation=\"\" data-animation-delay=\"03\" style=\"font-size:24px;border-width:1px;border-style:solid;background:#002f66;color:#ffffff;border-color:#333333;\"><img class=\"list-img-icon\" alt=\"Belediye Ar\u0131tma\" src=\"https:\/\/www.anmeksan.com\/wp-content\/uploads\/2022\/05\/belediyearitma.png\"\/><\/div><div class=\"icon_description\" id=\"Info-list-wrap-5742\" style=\"font-size:24px;\"><h3 class=\"ult-responsive info-list-heading\"  data-ultimate-target='#Info-list-wrap-5742 h3'  data-responsive-json-new='{\"font-size\":\"desktop:16px;\",\"line-height\":\"desktop:24px;\"}'  style=\"\">Municipalit\u00e9 et Villages<\/h3><div class=\"icon_description_text ult-responsive\"  data-ultimate-target='#Info-list-wrap-5742 .icon_description_text'  data-responsive-json-new='{\"font-size\":\"desktop:13px;\",\"line-height\":\"desktop:18px;\"}'  style=\"\"><p>Traitements municipaux, de district et de village<\/p>\n<\/div><\/div><div class=\"icon_list_connector\"  style=\"border-right-width: 1px;border-right-style: dashed;border-color: #333333;\"><\/div><\/li><li class=\"icon_list_item\" style=\" font-size:72px;\"><div class=\"icon_list_icon\" data-animation=\"\" data-animation-delay=\"03\" style=\"font-size:24px;border-width:1px;border-style:solid;background:#002f66;color:#ffffff;border-color:#333333;\"><img class=\"list-img-icon\" alt=\"Askeri Tesisleri Ar\u0131tma\" src=\"https:\/\/www.anmeksan.com\/wp-content\/uploads\/2022\/05\/askertesisleraritma.png\"\/><\/div><div class=\"icon_description\" id=\"Info-list-wrap-3889\" style=\"font-size:24px;\"><h3 class=\"ult-responsive info-list-heading\"  data-ultimate-target='#Info-list-wrap-3889 h3'  data-responsive-json-new='{\"font-size\":\"desktop:16px;\",\"line-height\":\"desktop:24px;\"}'  style=\"\">Installations militaires<\/h3><div class=\"icon_description_text ult-responsive\"  data-ultimate-target='#Info-list-wrap-3889 .icon_description_text'  data-responsive-json-new='{\"font-size\":\"desktop:13px;\",\"line-height\":\"desktop:18px;\"}'  style=\"\"><p>Installation militaire, traitement des eaux us\u00e9es sur le terrain de l'\u00e9ducation<\/p>\n<\/div><\/div><div class=\"icon_list_connector\"  style=\"border-right-width: 1px;border-right-style: dashed;border-color: #333333;\"><\/div><\/li><li class=\"icon_list_item\" style=\" font-size:72px;\"><div class=\"icon_list_icon\" data-animation=\"\" data-animation-delay=\"03\" style=\"font-size:24px;border-width:1px;border-style:solid;background:#002f66;color:#ffffff;border-color:#333333;\"><img class=\"list-img-icon\" alt=\"Organize Sanayi Ar\u0131tma\" src=\"https:\/\/www.anmeksan.com\/wp-content\/uploads\/2022\/05\/organizearitma.png\"\/><\/div><div class=\"icon_description\" id=\"Info-list-wrap-7444\" style=\"font-size:24px;\"><h3 class=\"ult-responsive info-list-heading\"  data-ultimate-target='#Info-list-wrap-7444 h3'  data-responsive-json-new='{\"font-size\":\"desktop:16px;\",\"line-height\":\"desktop:24px;\"}'  style=\"\">Zones Industrielles Organis\u00e9es<\/h3><div class=\"icon_description_text ult-responsive\"  data-ultimate-target='#Info-list-wrap-7444 .icon_description_text'  data-responsive-json-new='{\"font-size\":\"desktop:13px;\",\"line-height\":\"desktop:18px;\"}'  style=\"\"><p>Zones Industrielles Organis\u00e9es<\/p>\n<\/div><\/div><div class=\"icon_list_connector\"  style=\"border-right-width: 1px;border-right-style: dashed;border-color: #333333;\"><\/div><\/li><\/ul><\/div><\/div><\/div><\/div><\/div><\/section>","protected":false},"excerpt":{"rendered":"Hakk\u0131m\u0131zdaAna Sayfa#BECAUSE WE ARE QUALITYAnmeksan Ar\u0131tma A.\u015e ; 2018 y\u0131l\u0131nda t\u00fcm birikim, tecr\u00fcbe ve \u00f6z kaynaklar\u0131 ile sekt\u00f6rel hedefleri do\u011frultusunda kuruldu. 2004 y\u0131l\u0131ndan itibaren, sekt\u00f6rel bilgi ve deneyimler kazanan firmam\u0131z, Ankara merkezli y\u00f6netim, teknik servis ve Ba\u015fkent organize sanayi b\u00f6lgesinde yer alan 2200 m2 kapal\u0131 \u00fcretim alan\u0131, 850 m2 a\u00e7\u0131k depolama ve sevk alan\u0131 ile...","protected":false},"author":1,"featured_media":0,"parent":0,"menu_order":0,"comment_status":"closed","ping_status":"closed","template":"","meta":{"inline_featured_image":false},"acf":[],"yoast_head":"<!-- This site is optimized with the Yoast SEO Premium plugin v18.7 (Yoast SEO v19.4) - https:\/\/yoast.com\/wordpress\/plugins\/seo\/ -->\n<title>Hakk\u0131m\u0131zda - Anmeksan Ar\u0131tma A.\u015e<\/title>\n<meta name=\"description\" content=\"Anmeksan A.\u015e, Ankara \u0130vedik OSB bulunan idari merkezi ve Ba\u015fkent OSB de bulunan fabrikas\u0131 ile paket ar\u0131tma, mbr ar\u0131tma, mbbr ar\u0131tma,\" \/>\n<meta name=\"robots\" content=\"index, follow, max-snippet:-1, max-image-preview:large, max-video-preview:-1\" \/>\n<link rel=\"canonical\" href=\"https:\/\/www.anmeksan.com\/fr\/a-propos-de-nous\/\" \/>\n<meta property=\"og:locale\" content=\"fr_FR\" \/>\n<meta property=\"og:type\" content=\"article\" \/>\n<meta property=\"og:title\" content=\"Hakk\u0131m\u0131zda\" \/>\n<meta property=\"og:description\" content=\"Anmeksan A.\u015e, Ankara \u0130vedik OSB bulunan idari merkezi ve Ba\u015fkent OSB de bulunan fabrikas\u0131 ile paket ar\u0131tma, mbr ar\u0131tma, mbbr ar\u0131tma,\" \/>\n<meta property=\"og:url\" content=\"https:\/\/www.anmeksan.com\/fr\/a-propos-de-nous\/\" \/>\n<meta property=\"og:site_name\" content=\"Anmeksan Ar\u0131tma A.\u015e\" \/>\n<meta property=\"article:publisher\" content=\"https:\/\/www.facebook.com\/anmeksan.aritmaas\" \/>\n<meta property=\"article:modified_time\" content=\"2022-06-12T11:07:00+00:00\" \/>\n<meta name=\"twitter:card\" content=\"summary_large_image\" \/>\n<meta name=\"twitter:site\" content=\"@anmeksan\" \/>\n<meta name=\"twitter:label1\" content=\"Dur\u00e9e de lecture estim\u00e9e\" \/>\n\t<meta name=\"twitter:data1\" content=\"2 minutes\" \/>\n<!-- \/ Yoast SEO Premium plugin. -->","yoast_head_json":{"title":"Hakk\u0131m\u0131zda - Anmeksan Ar\u0131tma A.\u015e","description":"Anmeksan A.\u015e, Ankara \u0130vedik OSB bulunan idari merkezi ve Ba\u015fkent OSB de bulunan fabrikas\u0131 ile paket ar\u0131tma, mbr ar\u0131tma, mbbr ar\u0131tma,","robots":{"index":"index","follow":"follow","max-snippet":"max-snippet:-1","max-image-preview":"max-image-preview:large","max-video-preview":"max-video-preview:-1"},"canonical":"https:\/\/www.anmeksan.com\/fr\/a-propos-de-nous\/","og_locale":"fr_FR","og_type":"article","og_title":"Hakk\u0131m\u0131zda","og_description":"Anmeksan A.\u015e, Ankara \u0130vedik OSB bulunan idari merkezi ve Ba\u015fkent OSB de bulunan fabrikas\u0131 ile paket ar\u0131tma, mbr ar\u0131tma, mbbr ar\u0131tma,","og_url":"https:\/\/www.anmeksan.com\/fr\/a-propos-de-nous\/","og_site_name":"Anmeksan Ar\u0131tma A.\u015e","article_publisher":"https:\/\/www.facebook.com\/anmeksan.aritmaas","article_modified_time":"2022-06-12T11:07:00+00:00","twitter_card":"summary_large_image","twitter_site":"@anmeksan","twitter_misc":{"Dur\u00e9e de lecture estim\u00e9e":"2 minutes"},"schema":{"@context":"https:\/\/schema.org","@graph":[{"@type":"Organization","@id":"https:\/\/www.anmeksan.com\/#organization","name":"Anmeksan Ar\u0131tma A.\u015e","url":"https:\/\/www.anmeksan.com\/","sameAs":["https:\/\/www.facebook.com\/anmeksan.aritmaas","https:\/\/twitter.com\/anmeksan"],"logo":{"@type":"ImageObject","inLanguage":"fr-FR","@id":"https:\/\/www.anmeksan.com\/#\/schema\/logo\/image\/","url":"https:\/\/www.anmeksan.com\/wp-content\/uploads\/2022\/04\/logo.svg","contentUrl":"https:\/\/www.anmeksan.com\/wp-content\/uploads\/2022\/04\/logo.svg","width":"1024","height":"1024","caption":"Anmeksan Ar\u0131tma A.\u015e"},"image":{"@id":"https:\/\/www.anmeksan.com\/#\/schema\/logo\/image\/"}},{"@type":"WebSite","@id":"https:\/\/www.anmeksan.com\/#website","url":"https:\/\/www.anmeksan.com\/","name":"Anmeksan Ar\u0131tma A.\u015e","description":"Paket Ar\u0131tma Sistemleri, MBR ve MBBR Ar\u0131tma","publisher":{"@id":"https:\/\/www.anmeksan.com\/#organization"},"potentialAction":[{"@type":"SearchAction","target":{"@type":"EntryPoint","urlTemplate":"https:\/\/www.anmeksan.com\/?s={search_term_string}"},"query-input":"required name=search_term_string"}],"inLanguage":"fr-FR"},{"@type":["WebPage","AboutPage"],"@id":"https:\/\/www.anmeksan.com\/hakkimizda\/","url":"https:\/\/www.anmeksan.com\/hakkimizda\/","name":"Hakk\u0131m\u0131zda - Anmeksan Ar\u0131tma A.\u015e","isPartOf":{"@id":"https:\/\/www.anmeksan.com\/#website"},"datePublished":"2013-05-31T11:57:37+00:00","dateModified":"2022-06-12T11:07:00+00:00","description":"Anmeksan A.\u015e, Ankara \u0130vedik OSB bulunan idari merkezi ve Ba\u015fkent OSB de bulunan fabrikas\u0131 ile paket ar\u0131tma, mbr ar\u0131tma, mbbr ar\u0131tma,","breadcrumb":{"@id":"https:\/\/www.anmeksan.com\/hakkimizda\/#breadcrumb"},"inLanguage":"fr-FR","potentialAction":[{"@type":"ReadAction","target":["https:\/\/www.anmeksan.com\/hakkimizda\/"]}]},{"@type":"BreadcrumbList","@id":"https:\/\/www.anmeksan.com\/hakkimizda\/#breadcrumb","itemListElement":[{"@type":"ListItem","position":1,"name":"Ana Sayfa","item":"https:\/\/www.anmeksan.com\/"},{"@type":"ListItem","position":2,"name":"Hakk\u0131m\u0131zda"}]}]}},"_links":{"self":[{"href":"https:\/\/www.anmeksan.com\/fr\/wp-json\/wp\/v2\/pages\/12"}],"collection":[{"href":"https:\/\/www.anmeksan.com\/fr\/wp-json\/wp\/v2\/pages"}],"about":[{"href":"https:\/\/www.anmeksan.com\/fr\/wp-json\/wp\/v2\/types\/page"}],"author":[{"embeddable":true,"href":"https:\/\/www.anmeksan.com\/fr\/wp-json\/wp\/v2\/users\/1"}],"replies":[{"embeddable":true,"href":"https:\/\/www.anmeksan.com\/fr\/wp-json\/wp\/v2\/comments?post=12"}],"version-history":[{"count":0,"href":"https:\/\/www.anmeksan.com\/fr\/wp-json\/wp\/v2\/pages\/12\/revisions"}],"wp:attachment":[{"href":"https:\/\/www.anmeksan.com\/fr\/wp-json\/wp\/v2\/media?parent=12"}],"curies":[{"name":"wp","href":"https:\/\/api.w.org\/{rel}","templated":true}]}}