{"id":8553,"date":"2022-04-26T17:43:53","date_gmt":"2022-04-26T17:43:53","guid":{"rendered":"https:\/\/anmeksan.com\/?page_id=8553"},"modified":"2022-08-01T07:35:31","modified_gmt":"2022-08-01T07:35:31","slug":"hizmetlerimiz","status":"publish","type":"page","link":"https:\/\/www.anmeksan.com\/fr\/hizmetlerimiz\/","title":{"rendered":"Nos services"},"content":{"rendered":"<section class=\"l-section wpb_row height_small with_img\"><div class=\"l-section-img\" style=\"background-image: url(https:\/\/www.anmeksan.com\/wp-content\/uploads\/2022\/05\/anmeksan-arkaplan.jpg);\" data-img-width=\"1920\" data-img-height=\"1128\"><\/div><div class=\"l-section-h i-cf\"><div class=\"g-cols vc_row via_grid cols_3 laptops-cols_inherit tablets-cols_inherit mobiles-cols_1 valign_top type_default stacking_default\"><div class=\"wpb_column vc_column_container\"><div class=\"vc_column-inner\"><div class=\"w-ibanner us_custom_657b9349 animation_phorcys ratio_3x2 easing_ease\"><div class=\"w-ibanner-h\"><div class=\"w-ibanner-image\" style=\"background-image: url(https:\/\/www.anmeksan.com\/wp-content\/uploads\/2022\/04\/paket-aritma-1024x768.jpg)\"><\/div><div class=\"w-ibanner-content\"><div class=\"w-ibanner-content-h\"><h3 class=\"w-ibanner-title\">SYST\u00c8MES DE TRAITEMENT DES EAUX US\u00c9ES<\/h3><div class=\"w-ibanner-desc\"><p>Solutions rapides et \u00e9conomiques pour une capacit\u00e9 de 100 \u00e0 1 000 personnes avec traitement des eaux us\u00e9es SBR, STP, traitement des eaux us\u00e9es.<\/p>\n<\/div><\/div><\/div><\/div><a title=\"Syst\u00e8mes de traitement d&#039;emballage\" href=\"\/fr\/hizmetlerimiz\/paket-aritma-sistemleri\/\" aria-label=\"SYST\u00c8MES DE TRAITEMENT DES EAUX US\u00c9ES\"><\/a><\/div><div class=\"wpb_text_column\"><div class=\"wpb_wrapper\"><p>Nous proposons des solutions rapides et \u00e9conomiques avec les Stations d'Epuration Biologiques et Chimiques.<\/p>\n<\/div><\/div><div class=\"w-btn-wrapper width_full\"><a class=\"w-btn us-btn-style_6 icon_atleft\" title=\"Traitement des eaux us\u00e9es\" href=\"\/fr\/hizmetlerimiz\/paket-atiksu-aritma-sistemleri\/\"><i class=\"fas fa-info-square\"><\/i><span class=\"w-btn-label\">D\u00c9TAILS \u2026<\/span><\/a><\/div><div class=\"w-separator size_small\"><\/div><div class=\"w-ibanner us_custom_657b9349 animation_phorcys ratio_3x2 easing_ease\"><div class=\"w-ibanner-h\"><div class=\"w-ibanner-image\" style=\"background-image: url(https:\/\/www.anmeksan.com\/wp-content\/uploads\/2022\/04\/mbr-aritma.jpg)\"><\/div><div class=\"w-ibanner-content\"><div class=\"w-ibanner-content-h\"><h3 class=\"w-ibanner-title\">SYST\u00c8MES DE TRAITEMENT DES EAUX US\u00c9ES MBR<\/h3><div class=\"w-ibanner-desc\"><p>MBR (Membrane Bioreactor) Technologies de purification avanc\u00e9es biologiques et industrielles.<\/p>\n<\/div><\/div><\/div><\/div><a title=\"Syst\u00e8mes de traitement MBR\" href=\"\/fr\/hizmetlerimiz\/mbr-atiksu-aritma-sistemleri\/\" aria-label=\"SYST\u00c8MES DE TRAITEMENT DES EAUX US\u00c9ES MBR\"><\/a><\/div><div class=\"wpb_text_column\"><div class=\"wpb_wrapper\"><p>Syst\u00e8mes de traitement des eaux us\u00e9es MBR de grande capacit\u00e9, haute efficacit\u00e9 de traitement et syst\u00e8mes de r\u00e9cup\u00e9ration des eaux us\u00e9es.<\/p>\n<\/div><\/div><div class=\"w-btn-wrapper width_full\"><a class=\"w-btn us-btn-style_6 icon_atleft\" title=\"Traitement des eaux us\u00e9es\" href=\"\/fr\/hizmetlerimiz\/mbr-aritma-sistemleri\/\"><i class=\"fas fa-info-square\"><\/i><span class=\"w-btn-label\">D\u00c9TAILS \u2026<\/span><\/a><\/div><div class=\"w-separator size_small\"><\/div><div class=\"w-ibanner us_custom_657b9349 animation_phorcys ratio_3x2 easing_ease\"><div class=\"w-ibanner-h\"><div class=\"w-ibanner-image\" style=\"background-image: url(https:\/\/www.anmeksan.com\/wp-content\/uploads\/2022\/04\/mekanik-ekipman-1001x1024.jpg)\"><\/div><div class=\"w-ibanner-content\"><div class=\"w-ibanner-content-h\"><h3 class=\"w-ibanner-title\">FABRICATION D'\u00c9QUIPEMENTS M\u00c9CANIQUES<\/h3><div class=\"w-ibanner-desc\"><p>Tamis, filtre-presse, DAF, s\u00e9parateur d'huile, m\u00e9langeurs et fabrication sp\u00e9ciale.<\/p>\n<\/div><\/div><\/div><\/div><a title=\"Fabrication d&#039;\u00e9quipements m\u00e9caniques\" href=\"\/fr\/hizmetlerimiz\/mekanik-ekipman-imalatlari\/\" aria-label=\"FABRICATION D&#039;\u00c9QUIPEMENTS M\u00c9CANIQUES\"><\/a><\/div><div class=\"wpb_text_column\"><div class=\"wpb_wrapper\"><p>Des productions de qualit\u00e9 avec des stations d'\u00e9puration, des \u00e9quipements m\u00e9caniques et des syst\u00e8mes de d\u00e9shydratation des boues.<\/p>\n<\/div><\/div><div class=\"w-btn-wrapper width_full\"><a class=\"w-btn us-btn-style_6 icon_atleft\" title=\"Traitement des eaux us\u00e9es\" href=\"\/fr\/hizmetlerimiz\/mekanik-ekipman-imalatlari\/\"><i class=\"fas fa-info-square\"><\/i><span class=\"w-btn-label\">D\u00c9TAILS \u2026<\/span><\/a><\/div><\/div><\/div><div class=\"wpb_column vc_column_container\"><div class=\"vc_column-inner\"><div class=\"w-ibanner us_custom_657b9349 animation_phorcys ratio_3x2 easing_ease\"><div class=\"w-ibanner-h\"><div class=\"w-ibanner-image\" style=\"background-image: url(https:\/\/www.anmeksan.com\/wp-content\/uploads\/2022\/05\/biyolojik-atiksu-aritma-1024x768.jpg)\"><\/div><div class=\"w-ibanner-content\"><div class=\"w-ibanner-content-h\"><h3 class=\"w-ibanner-title\">STATIONS DE TRAITEMENT BIOLOGIQUE<\/h3><div class=\"w-ibanner-desc\"><p>Stations d'\u00e9puration biologique des eaux us\u00e9es domestiques, urbaines et en b\u00e9ton arm\u00e9.<\/p>\n<\/div><\/div><\/div><\/div><a title=\"Traitement biologique des eaux us\u00e9es\" href=\"\/fr\/hizmetlerimiz\/biyolojik-atiksu-aritma-tesisleri\/\" aria-label=\"STATIONS DE TRAITEMENT BIOLOGIQUE\"><\/a><\/div><div class=\"wpb_text_column\"><div class=\"wpb_wrapper\"><p>Conception, r\u00e9alisation et production d'\u00e9quipements m\u00e9caniques pour stations d'\u00e9puration domestiques et urbaines.<\/p>\n<\/div><\/div><div class=\"w-btn-wrapper width_full\"><a class=\"w-btn us-btn-style_6 icon_atleft\" title=\"Traitement des eaux us\u00e9es\" href=\"\/fr\/hizmetlerimiz\/biyolojik-atiksu-aritma-tesisleri\/\"><i class=\"fas fa-info-square\"><\/i><span class=\"w-btn-label\">D\u00c9TAILS \u2026<\/span><\/a><\/div><div class=\"w-separator size_small\"><\/div><div class=\"w-ibanner us_custom_657b9349 animation_phorcys ratio_3x2 easing_ease\"><div class=\"w-ibanner-h\"><div class=\"w-ibanner-image\" style=\"background-image: url(https:\/\/www.anmeksan.com\/wp-content\/uploads\/2022\/05\/mbbraritma-1024x512.jpg)\"><\/div><div class=\"w-ibanner-content\"><div class=\"w-ibanner-content-h\"><h3 class=\"w-ibanner-title\">TRAITEMENT DES EAUX US\u00c9ES MBBR<\/h3><div class=\"w-ibanner-desc\"><p>Haute efficacit\u00e9 de traitement avec les stations d'\u00e9puration MBBR (Biomedia).<\/p>\n<\/div><\/div><\/div><\/div><a title=\"Traitement des eaux us\u00e9es MBBR\" href=\"\/fr\/hizmetlerimiz\/mbbr-atiksu-aritma-sistemleri\/\" aria-label=\"TRAITEMENT DES EAUX US\u00c9ES MBBR\"><\/a><\/div><div class=\"wpb_text_column\"><div class=\"wpb_wrapper\"><p>Nous offrons l'espace n\u00e9cessaire \u00e0 l'usine de traitement MBBR, une efficacit\u00e9 de traitement \u00e9lev\u00e9e et des augmentations rapides de capacit\u00e9.<\/p>\n<\/div><\/div><div class=\"w-btn-wrapper width_full\"><a class=\"w-btn us-btn-style_6 icon_atleft\" title=\"Traitement des eaux us\u00e9es\" href=\"\/fr\/hizmetlerimiz\/mbbr-atiksu-aritma-sistemleri\/\"><i class=\"fas fa-info-square\"><\/i><span class=\"w-btn-label\">D\u00c9TAILS \u2026<\/span><\/a><\/div><div class=\"w-separator size_small\"><\/div><div class=\"w-ibanner us_custom_657b9349 animation_phorcys ratio_3x2 easing_ease\"><div class=\"w-ibanner-h\"><div class=\"w-ibanner-image\" style=\"background-image: url(https:\/\/www.anmeksan.com\/wp-content\/uploads\/2022\/05\/periyodikanmeksan.jpg)\"><\/div><div class=\"w-ibanner-content\"><div class=\"w-ibanner-content-h\"><h3 class=\"w-ibanner-title\">PER\u0130YOD\u0130K KONTROL &amp; \u0130\u015eLETME H\u0130ZMETLER\u0130<\/h3><div class=\"w-ibanner-desc\"><p>Contr\u00f4le p\u00e9riodique des stations d'\u00e9puration et exploitation des stations d'\u00e9puration.<\/p>\n<\/div><\/div><\/div><\/div><a title=\"Prestations de contr\u00f4le p\u00e9riodique\" href=\"\/fr\/hizmetlerimiz\/periyodik-kontrol-hizmetleri\/\" aria-label=\"CONTR\u00d4LE P\u00c9RIODIQUE et FONCTIONNEMENT\"><\/a><\/div><div class=\"wpb_text_column\"><div class=\"wpb_wrapper\"><p>Nos services apr\u00e8s-vente pour garantir des normes de rejet sans probl\u00e8me et appropri\u00e9es des stations d'\u00e9puration.<\/p>\n<\/div><\/div><div class=\"w-btn-wrapper width_full\"><a class=\"w-btn us-btn-style_6 icon_atleft\" title=\"Traitement des eaux us\u00e9es\" href=\"\/fr\/hizmetlerimiz\/periyodik-kontrol-hizmetleri\/\"><i class=\"fas fa-info-square\"><\/i><span class=\"w-btn-label\">D\u00c9TAILS \u2026<\/span><\/a><\/div><\/div><\/div><div class=\"wpb_column vc_column_container\"><div class=\"vc_column-inner\"><div class=\"w-ibanner us_custom_657b9349 animation_phorcys ratio_3x2 easing_ease\"><div class=\"w-ibanner-h\"><div class=\"w-ibanner-image\" style=\"background-image: url(https:\/\/www.anmeksan.com\/wp-content\/uploads\/2022\/05\/kimyasalaritma-1024x768.jpg)\"><\/div><div class=\"w-ibanner-content\"><div class=\"w-ibanner-content-h\"><h3 class=\"w-ibanner-title\">USINES DE TRAITEMENT CHIMIQUE<\/h3><div class=\"w-ibanner-desc\"><p>Abattoir, abattoir de poulets, transformation de produits laitiers et de fruits et proc\u00e9d\u00e9s industriels<\/p>\n<\/div><\/div><\/div><\/div><a title=\"Traitement chimique des eaux us\u00e9es\" href=\"\/fr\/hizmetlerimiz\/endustriyel-atiksu-aritma-tesisleri\/\" aria-label=\"USINES DE TRAITEMENT CHIMIQUE\"><\/a><\/div><div class=\"wpb_text_column\"><div class=\"wpb_wrapper\"><p>Nous continuons d'\u00eatre votre partenaire de solution dans les abattoirs, les laiteries, les textiles et autres eaux us\u00e9es industrielles.<\/p>\n<\/div><\/div><div class=\"w-btn-wrapper width_full\"><a class=\"w-btn us-btn-style_6 icon_atleft\" title=\"Traitement des eaux us\u00e9es\" href=\"\/fr\/hizmetlerimiz\/endustriyel-atiksu-aritma-tesisleri\/\"><i class=\"fas fa-info-square\"><\/i><span class=\"w-btn-label\">D\u00c9TAILS \u2026<\/span><\/a><\/div><div class=\"w-separator size_small\"><\/div><div class=\"w-ibanner us_custom_657b9349 animation_phorcys ratio_3x2 easing_ease\"><div class=\"w-ibanner-h\"><div class=\"w-ibanner-image\" style=\"background-image: url(https:\/\/www.anmeksan.com\/wp-content\/uploads\/2022\/05\/gerikazanimsistemleri.png)\"><\/div><div class=\"w-ibanner-content\"><div class=\"w-ibanner-content-h\"><h3 class=\"w-ibanner-title\">SYST\u00c8MES DE RECYCLAGE ET DE FILTRATION<\/h3><div class=\"w-ibanner-desc\"><p>Syst\u00e8mes de r\u00e9cup\u00e9ration des eaux us\u00e9es, syst\u00e8mes de filtration au sable et au charbon<\/p>\n<\/div><\/div><\/div><\/div><a title=\"Syst\u00e8mes de r\u00e9cup\u00e9ration des eaux us\u00e9es\" href=\"\/fr\/hizmetlerimiz\/atiksu-geri-kazanim-sistemleri\/\" aria-label=\"SYST\u00c8MES DE RECYCLAGE ET DE FILTRATION\"><\/a><\/div><div class=\"wpb_text_column\"><div class=\"wpb_wrapper\"><p>D\u00e9couvrez la qualit\u00e9 de l'utilisation de vos eaux us\u00e9es dans vos processus avec les syst\u00e8mes de r\u00e9cup\u00e9ration des eaux us\u00e9es et d'ultrafiltration.<\/p>\n<\/div><\/div><div class=\"w-btn-wrapper width_full\"><a class=\"w-btn us-btn-style_6 icon_atleft\" title=\"Traitement des eaux us\u00e9es\" href=\"\/fr\/hizmetlerimiz\/atiksu-geri-kazanim-sistemleri\/\"><i class=\"fas fa-info-square\"><\/i><span class=\"w-btn-label\">D\u00c9TAILS \u2026<\/span><\/a><\/div><div class=\"w-separator size_small\"><\/div><div class=\"w-ibanner us_custom_657b9349 animation_phorcys ratio_3x2 easing_ease\"><div class=\"w-ibanner-h\"><div class=\"w-ibanner-image\" style=\"background-image: url(https:\/\/www.anmeksan.com\/wp-content\/uploads\/2022\/05\/projeonay.png)\"><\/div><div class=\"w-ibanner-content\"><div class=\"w-ibanner-content-h\"><h3 class=\"w-ibanner-title\">DOSSIER D'APPROBATION DE PROJET<\/h3><div class=\"w-ibanner-desc\"><p>Services d'approbation de projets d'unit\u00e9s de traitement biologique et chimique.<\/p>\n<\/div><\/div><\/div><\/div><a title=\"Services d&#039;approbation de projet\" href=\"\/fr\/hizmetlerimiz\/proje-onay-hizmetleri\/\" aria-label=\"DOSSIER D&#039;APPROBATION DE PROJET\"><\/a><\/div><div class=\"wpb_text_column\"><div class=\"wpb_wrapper\"><p>Stations d'\u00e9puration, conseil, montage de dossier d'agr\u00e9ment de projet et conseil en station d'\u00e9puration.<\/p>\n<\/div><\/div><div class=\"w-btn-wrapper width_full\"><a class=\"w-btn us-btn-style_6 icon_atleft\" title=\"Traitement des eaux us\u00e9es\" href=\"\/fr\/hizmetlerimiz\/proje-onay-hizmetleri\/\"><i class=\"fas fa-info-square\"><\/i><span class=\"w-btn-label\">D\u00c9TAILS \u2026<\/span><\/a><\/div><\/div><\/div><\/div><\/div><\/section>","protected":false},"excerpt":{"rendered":"PAKET ATIKSU ARITMA S\u0130STEMLER\u0130BioPOWER Paket Ar\u0131tma ile 100-1000 Ki\u015fi Kapasiteli, H\u0131zl\u0131 ve Ekonomik \u00c7\u00f6z\u00fcmler. Evsel, Biyolojik ve Kimyasal Paket At\u0131ksu Ar\u0131tma Tesisleri ile h\u0131zl\u0131 ve ekonomik \u00e7\u00f6z\u00fcmler sunuyoruz. Fabrikam\u0131zda % 100 kaliteli \u00fcretim. DETAYLAR &#8230;MBR ATIKSU ARITMA S\u0130STEMLER\u0130MBR (Membran Bioreactor) Biyolojik ve end\u00fcstriyel ileri ar\u0131tma teknolojileri. Y\u00fcksek kapasiteli MBR at\u0131ksu ar\u0131tma sistemleri ile, y\u00fcksek ar\u0131tma...","protected":false},"author":1,"featured_media":0,"parent":0,"menu_order":0,"comment_status":"closed","ping_status":"closed","template":"","meta":{"footnotes":""},"class_list":["post-8553","page","type-page","status-publish","hentry"],"acf":[],"yoast_head":"<!-- This site is optimized with the Yoast SEO Premium plugin v18.7 (Yoast SEO v27.4) - https:\/\/yoast.com\/product\/yoast-seo-premium-wordpress\/ -->\n<title>Hizmetlerimiz - Anmeksan Ar\u0131tma A.\u015e<\/title>\n<meta name=\"description\" content=\"Hizmetlerimiz ve paket ar\u0131tma tesisleri, toki paket ar\u0131tma, at\u0131ksu mekanik ekipman imalatlar\u0131, samsun at\u0131ksu firmalar\u0131, giresun paket ar\u0131tma\" \/>\n<meta name=\"robots\" content=\"index, follow, max-snippet:-1, max-image-preview:large, max-video-preview:-1\" \/>\n<link rel=\"canonical\" href=\"https:\/\/www.anmeksan.com\/fr\/hizmetlerimiz\/\" \/>\n<meta property=\"og:locale\" content=\"fr_FR\" \/>\n<meta property=\"og:type\" content=\"article\" \/>\n<meta property=\"og:title\" content=\"Hizmetlerimiz\" \/>\n<meta property=\"og:description\" content=\"Hizmetlerimiz ve paket ar\u0131tma tesisleri, toki paket ar\u0131tma, at\u0131ksu mekanik ekipman imalatlar\u0131, samsun at\u0131ksu firmalar\u0131, giresun paket ar\u0131tma\" \/>\n<meta property=\"og:url\" content=\"https:\/\/www.anmeksan.com\/fr\/hizmetlerimiz\/\" \/>\n<meta property=\"og:site_name\" content=\"Anmeksan Ar\u0131tma A.\u015e\" \/>\n<meta property=\"article:publisher\" content=\"https:\/\/www.facebook.com\/anmeksan.aritmaas\" \/>\n<meta property=\"article:modified_time\" content=\"2022-08-01T07:35:31+00:00\" \/>\n<meta name=\"twitter:card\" content=\"summary_large_image\" \/>\n<meta name=\"twitter:site\" content=\"@anmeksan\" \/>\n<meta name=\"twitter:label1\" content=\"Dur\u00e9e de lecture estim\u00e9e\" \/>\n\t<meta name=\"twitter:data1\" content=\"3 minutes\" \/>\n<!-- \/ Yoast SEO Premium plugin. -->","yoast_head_json":{"title":"Nos Services - Anmeksan Traitement Inc.","description":"Nos services et stations d'\u00e9puration en forfait, traitement des eaux us\u00e9es SBR et STP, fabrication d'\u00e9quipements m\u00e9caniques pour eaux us\u00e9es, entreprises de traitement des eaux us\u00e9es samsun, traitement des eaux us\u00e9es de la Turquie,","robots":{"index":"index","follow":"follow","max-snippet":"max-snippet:-1","max-image-preview":"max-image-preview:large","max-video-preview":"max-video-preview:-1"},"canonical":"https:\/\/www.anmeksan.com\/fr\/hizmetlerimiz\/","og_locale":"fr_FR","og_type":"article","og_title":"Hizmetlerimiz","og_description":"Hizmetlerimiz ve paket ar\u0131tma tesisleri, toki paket ar\u0131tma, at\u0131ksu mekanik ekipman imalatlar\u0131, samsun at\u0131ksu firmalar\u0131, giresun paket ar\u0131tma","og_url":"https:\/\/www.anmeksan.com\/fr\/hizmetlerimiz\/","og_site_name":"Anmeksan Ar\u0131tma A.\u015e","article_publisher":"https:\/\/www.facebook.com\/anmeksan.aritmaas","article_modified_time":"2022-08-01T07:35:31+00:00","twitter_card":"summary_large_image","twitter_site":"@anmeksan","twitter_misc":{"Dur\u00e9e de lecture estim\u00e9e":"3 minutes"},"schema":{"@context":"https:\/\/schema.org","@graph":[{"@type":"WebPage","@id":"https:\/\/www.anmeksan.com\/hizmetlerimiz\/","url":"https:\/\/www.anmeksan.com\/hizmetlerimiz\/","name":"Nos Services - Anmeksan Traitement Inc.","isPartOf":{"@id":"https:\/\/www.anmeksan.com\/#website"},"datePublished":"2022-04-26T17:43:53+00:00","dateModified":"2022-08-01T07:35:31+00:00","description":"Nos services et stations d'\u00e9puration en forfait, traitement des eaux us\u00e9es SBR et STP, fabrication d'\u00e9quipements m\u00e9caniques pour eaux us\u00e9es, entreprises de traitement des eaux us\u00e9es samsun, traitement des eaux us\u00e9es de la Turquie,","breadcrumb":{"@id":"https:\/\/www.anmeksan.com\/hizmetlerimiz\/#breadcrumb"},"inLanguage":"fr-FR","potentialAction":[{"@type":"ReadAction","target":["https:\/\/www.anmeksan.com\/hizmetlerimiz\/"]}]},{"@type":"BreadcrumbList","@id":"https:\/\/www.anmeksan.com\/hizmetlerimiz\/#breadcrumb","itemListElement":[{"@type":"ListItem","position":1,"name":"Ana Sayfa","item":"https:\/\/www.anmeksan.com\/"},{"@type":"ListItem","position":2,"name":"Hizmetlerimiz"}]},{"@type":"WebSite","@id":"https:\/\/www.anmeksan.com\/#website","url":"https:\/\/www.anmeksan.com\/","name":"Anmeksan Traitement des eaux us\u00e9es inc.","description":"Paket Ar\u0131tma Sistemleri, MBR ve MBBR Ar\u0131tma","publisher":{"@id":"https:\/\/www.anmeksan.com\/#organization"},"potentialAction":[{"@type":"SearchAction","target":{"@type":"EntryPoint","urlTemplate":"https:\/\/www.anmeksan.com\/?s={search_term_string}"},"query-input":{"@type":"PropertyValueSpecification","valueRequired":true,"valueName":"search_term_string"}}],"inLanguage":"fr-FR"},{"@type":"Organization","@id":"https:\/\/www.anmeksan.com\/#organization","name":"Anmeksan Traitement des eaux us\u00e9es inc.","url":"https:\/\/www.anmeksan.com\/","logo":{"@type":"ImageObject","inLanguage":"fr-FR","@id":"https:\/\/www.anmeksan.com\/#\/schema\/logo\/image\/","url":"https:\/\/www.anmeksan.com\/wp-content\/uploads\/2022\/04\/logo.svg","contentUrl":"https:\/\/www.anmeksan.com\/wp-content\/uploads\/2022\/04\/logo.svg","width":"1024","height":"1024","caption":"Anmeksan Ar\u0131tma A.\u015e"},"image":{"@id":"https:\/\/www.anmeksan.com\/#\/schema\/logo\/image\/"},"sameAs":["https:\/\/www.facebook.com\/anmeksan.aritmaas","https:\/\/x.com\/anmeksan"]}]}},"_links":{"self":[{"href":"https:\/\/www.anmeksan.com\/fr\/wp-json\/wp\/v2\/pages\/8553","targetHints":{"allow":["GET"]}}],"collection":[{"href":"https:\/\/www.anmeksan.com\/fr\/wp-json\/wp\/v2\/pages"}],"about":[{"href":"https:\/\/www.anmeksan.com\/fr\/wp-json\/wp\/v2\/types\/page"}],"author":[{"embeddable":true,"href":"https:\/\/www.anmeksan.com\/fr\/wp-json\/wp\/v2\/users\/1"}],"replies":[{"embeddable":true,"href":"https:\/\/www.anmeksan.com\/fr\/wp-json\/wp\/v2\/comments?post=8553"}],"version-history":[{"count":0,"href":"https:\/\/www.anmeksan.com\/fr\/wp-json\/wp\/v2\/pages\/8553\/revisions"}],"wp:attachment":[{"href":"https:\/\/www.anmeksan.com\/fr\/wp-json\/wp\/v2\/media?parent=8553"}],"curies":[{"name":"wp","href":"https:\/\/api.w.org\/{rel}","templated":true}]}}