{"id":8892,"date":"2022-04-29T07:20:51","date_gmt":"2022-04-29T07:20:51","guid":{"rendered":"https:\/\/anmeksan.com\/?page_id=8892"},"modified":"2022-06-06T10:49:58","modified_gmt":"2022-06-06T10:49:58","slug":"teklif-talepleri","status":"publish","type":"page","link":"https:\/\/www.anmeksan.com\/fr\/teklif-talepleri\/","title":{"rendered":"Demandes de devis"},"content":{"rendered":"<section class=\"l-section wpb_row height_small with_img\"><div class=\"l-section-img\" style=\"background-image: url(https:\/\/www.anmeksan.com\/wp-content\/uploads\/2022\/05\/projeler-anmeksan.jpg);\" data-img-width=\"1920\" data-img-height=\"600\"><\/div><div class=\"l-section-h i-cf\"><div class=\"g-cols vc_row via_grid cols_2-1 laptops-cols_inherit tablets-cols_inherit mobiles-cols_1 valign_top type_default stacking_default\"><div class=\"wpb_column vc_column_container\"><div class=\"vc_column-inner\"><h2 class=\"w-post-elm post_title us_custom_72b883da has_text_color align_left entry-title color_link_inherit\">Demandes de devis<\/h2><div class=\"w-html us_custom_16c70a5a has_text_color\"><span><span><a href=\"https:\/\/www.anmeksan.com\/fr\/\">Page d'accueil<\/a><\/span><\/div><\/div><\/div><div class=\"wpb_column vc_column_container\"><div class=\"vc_column-inner\"><div class=\"w-image align_none\"><div class=\"w-image-h\"><img width=\"150\" height=\"50\" src=\"https:\/\/www.anmeksan.com\/wp-content\/uploads\/2022\/04\/anmeksan-kalite-iso.png\" class=\"attachment-full size-full\" alt=\"Anmeksan Kalite\" decoding=\"async\" \/><\/div><\/div><div class=\"w-separator size_custom\" style=\"height:3px\"><\/div><div class=\"w-image align_none\"><div class=\"w-image-h\"><img width=\"871\" height=\"160\" src=\"https:\/\/www.anmeksan.com\/wp-content\/uploads\/2014\/09\/turkey-anmeksan.png\" class=\"attachment-full size-full\" alt=\"Turkey Anmeksan\" decoding=\"async\" srcset=\"https:\/\/www.anmeksan.com\/wp-content\/uploads\/2014\/09\/turkey-anmeksan.png 871w, https:\/\/www.anmeksan.com\/wp-content\/uploads\/2014\/09\/turkey-anmeksan-300x55.png 300w, https:\/\/www.anmeksan.com\/wp-content\/uploads\/2014\/09\/turkey-anmeksan-200x37.png 200w\" sizes=\"(max-width: 871px) 100vw, 871px\" \/><\/div><\/div><\/div><\/div><\/div><\/div><\/section><section class=\"l-section wpb_row height_small\"><div class=\"l-section-h i-cf\"><div class=\"g-cols vc_row via_grid cols_1 laptops-cols_inherit tablets-cols_inherit mobiles-cols_1 valign_top type_default stacking_default\"><div class=\"wpb_column vc_column_container\"><div class=\"vc_column-inner\"><h1 style=\"text-align: left;font-family:Roboto;font-weight:500;font-style:normal\" class=\"vc_custom_heading us_custom_16c70a5a\" >TEKL\u0130F TALEPLER\u0130N\u0130Z\u0130 ONLINE \u0130LET\u0130N !<\/h1><div class=\"wpb_text_column\"><div class=\"wpb_wrapper\"><p>Teklif taleplerinizi ONLINE 7\/24 iletin, H\u0131zl\u0131 geri bildirim al\u0131n !<\/p>\n<\/div><\/div><\/div><\/div><\/div><\/div><\/section><section class=\"l-section wpb_row height_small\"><div class=\"l-section-h i-cf\"><div class=\"g-cols vc_row via_grid cols_4 laptops-cols_inherit tablets-cols_inherit mobiles-cols_1 valign_top type_default stacking_default\"><div class=\"wpb_column vc_column_container\"><div class=\"vc_column-inner\"><a class=\"w-flipbox animation_cubetilt direction_w\" href=\"https:\/\/www.anmeksan.com\/fr\/paket-aritma-sistemi-teklif-formu\/\"><div class=\"w-flipbox-h easing_ease\" style=\"transition-duration:0.5s;\"><div class=\"w-flipbox-hh\"><div class=\"w-flipbox-front\" style=\"background:#002f66;color:#ffffff;\"><div class=\"w-flipbox-front-h\"><div class=\"w-flipbox-front-icon style_default\" style=\"font-size:36px;color:#ffffff;\"><i class=\"fas fa-water\"><\/i><\/div><h4 class=\"w-flipbox-front-title\" style=\"font-size:16px;\">SYST\u00c8MES DE TRAITEMENT DES EAUX US\u00c9ES<\/h4><div class=\"w-flipbox-front-desc\"><p>Online Teklif Sistemi<\/p>\n<\/div><\/div><\/div><div class=\"w-flipbox-back\" style=\"display:none;background:#00abbc;color:#ffffff;\"><div class=\"w-flipbox-back-h\"><h3 class=\"w-flipbox-back-title\">DEMANDER UN DEVIS!<\/h3><div class=\"w-flipbox-back-desc\"><p>H\u0131zl\u0131 geri bildirim al\u0131n ...<\/p>\n<\/div><\/div><\/div><\/div><\/div><\/a><\/div><\/div><div class=\"wpb_column vc_column_container\"><div class=\"vc_column-inner\"><a class=\"w-flipbox animation_cubetilt direction_w\" href=\"https:\/\/www.anmeksan.com\/fr\/biyolojik-aritma-tesisi-teklif-formu\/\"><div class=\"w-flipbox-h easing_ease\" style=\"transition-duration:0.5s;\"><div class=\"w-flipbox-hh\"><div class=\"w-flipbox-front\" style=\"background:#999999;color:#ffffff;\"><div class=\"w-flipbox-front-h\"><div class=\"w-flipbox-front-icon style_default\" style=\"font-size:36px;color:#ffffff;\"><i class=\"fas fa-leaf\"><\/i><\/div><h4 class=\"w-flipbox-front-title\" style=\"font-size:16px;\">STATIONS DE TRAITEMENT BIOLOGIQUE<\/h4><div class=\"w-flipbox-front-desc\"><p>Online Teklif Sistemi<\/p>\n<\/div><\/div><\/div><div class=\"w-flipbox-back\" style=\"display:none;background:#00abbc;color:#ffffff;\"><div class=\"w-flipbox-back-h\"><h3 class=\"w-flipbox-back-title\">DEMANDER UN DEVIS!<\/h3><div class=\"w-flipbox-back-desc\"><p>H\u0131zl\u0131 geri bildirim al\u0131n ...<\/p>\n<\/div><\/div><\/div><\/div><\/div><\/a><\/div><\/div><div class=\"wpb_column vc_column_container\"><div class=\"vc_column-inner\"><a class=\"w-flipbox animation_cubetilt direction_w\" title=\"Communication\" href=\"https:\/\/www.anmeksan.com\/fr\/contact-fr\/\"><div class=\"w-flipbox-h easing_ease\" style=\"transition-duration:0.5s;\"><div class=\"w-flipbox-hh\"><div class=\"w-flipbox-front\" style=\"background:#002f66;color:#ffffff;\"><div class=\"w-flipbox-front-h\"><div class=\"w-flipbox-front-icon style_default\" style=\"font-size:36px;color:#ffffff;\"><i class=\"fas fa-flask\"><\/i><\/div><h4 class=\"w-flipbox-front-title\" style=\"font-size:16px;\">USINES DE TRAITEMENT CHIMIQUE<\/h4><div class=\"w-flipbox-front-desc\"><p>Online Teklif Sistemi<\/p>\n<\/div><\/div><\/div><div class=\"w-flipbox-back\" style=\"display:none;background:#00abbc;color:#ffffff;\"><div class=\"w-flipbox-back-h\"><h3 class=\"w-flipbox-back-title\">DEMANDER UN DEVIS!<\/h3><div class=\"w-flipbox-back-desc\"><p>H\u0131zl\u0131 geri bildirim al\u0131n ...<\/p>\n<\/div><\/div><\/div><\/div><\/div><\/a><\/div><\/div><div class=\"wpb_column vc_column_container\"><div class=\"vc_column-inner\"><a class=\"w-flipbox animation_cubetilt direction_w\" href=\"https:\/\/www.anmeksan.com\/fr\/contact-fr\/\"><div class=\"w-flipbox-h easing_ease\" style=\"transition-duration:0.5s;\"><div class=\"w-flipbox-hh\"><div class=\"w-flipbox-front\" style=\"background:#999999;color:#ffffff;\"><div class=\"w-flipbox-front-h\"><div class=\"w-flipbox-front-icon style_default\" style=\"font-size:36px;color:#ffffff;\"><i class=\"fas fa-water-rise\"><\/i><\/div><h4 class=\"w-flipbox-front-title\" style=\"font-size:16px;\">MBR ARITMA S\u0130STEMLER\u0130<\/h4><div class=\"w-flipbox-front-desc\"><p>Online Teklif Sistemi<\/p>\n<\/div><\/div><\/div><div class=\"w-flipbox-back\" style=\"display:none;background:#00abbc;color:#ffffff;\"><div class=\"w-flipbox-back-h\"><h3 class=\"w-flipbox-back-title\">DEMANDER UN DEVIS!<\/h3><div class=\"w-flipbox-back-desc\"><p>H\u0131zl\u0131 geri bildirim al\u0131n ...<\/p>\n<\/div><\/div><\/div><\/div><\/div><\/a><\/div><\/div><\/div><\/div><\/section><section class=\"l-section wpb_row height_small\"><div class=\"l-section-h i-cf\"><div class=\"g-cols vc_row via_grid cols_4 laptops-cols_inherit tablets-cols_inherit mobiles-cols_1 valign_top type_default stacking_default\"><div class=\"wpb_column vc_column_container\"><div class=\"vc_column-inner\"><a class=\"w-flipbox animation_cubetilt direction_w\" href=\"https:\/\/www.anmeksan.com\/fr\/contact-fr\/\"><div class=\"w-flipbox-h easing_ease\" style=\"transition-duration:0.5s;\"><div class=\"w-flipbox-hh\"><div class=\"w-flipbox-front\" style=\"background:#999999;color:#ffffff;\"><div class=\"w-flipbox-front-h\"><div class=\"w-flipbox-front-icon style_default\" style=\"font-size:36px;color:#ffffff;\"><i class=\"fas fa-water-lower\"><\/i><\/div><h4 class=\"w-flipbox-front-title\" style=\"font-size:16px;\">MBBR ARITMA S\u0130STEMLER\u0130<\/h4><div class=\"w-flipbox-front-desc\"><p>Online Teklif Sistemi<\/p>\n<\/div><\/div><\/div><div class=\"w-flipbox-back\" style=\"display:none;background:#00abbc;color:#ffffff;\"><div class=\"w-flipbox-back-h\"><h3 class=\"w-flipbox-back-title\">DEMANDER UN DEVIS!<\/h3><div class=\"w-flipbox-back-desc\"><p>H\u0131zl\u0131 geri bildirim al\u0131n ...<\/p>\n<\/div><\/div><\/div><\/div><\/div><\/a><\/div><\/div><div class=\"wpb_column vc_column_container\"><div class=\"vc_column-inner\"><a class=\"w-flipbox animation_cubetilt direction_w\" href=\"https:\/\/www.anmeksan.com\/fr\/contact-fr\/\"><div class=\"w-flipbox-h easing_ease\" style=\"transition-duration:0.5s;\"><div class=\"w-flipbox-hh\"><div class=\"w-flipbox-front\" style=\"background:#002f66;color:#ffffff;\"><div class=\"w-flipbox-front-h\"><div class=\"w-flipbox-front-icon style_default\" style=\"font-size:36px;color:#ffffff;\"><i class=\"fas fa-recycle\"><\/i><\/div><h4 class=\"w-flipbox-front-title\" style=\"font-size:16px;\">ATIKSU GER\u0130 KAZANIM TES\u0130SLER\u0130<\/h4><div class=\"w-flipbox-front-desc\"><p>Online Teklif Sistemi<\/p>\n<\/div><\/div><\/div><div class=\"w-flipbox-back\" style=\"display:none;background:#00abbc;color:#ffffff;\"><div class=\"w-flipbox-back-h\"><h3 class=\"w-flipbox-back-title\">DEMANDER UN DEVIS!<\/h3><div class=\"w-flipbox-back-desc\"><p>H\u0131zl\u0131 geri bildirim al\u0131n ...<\/p>\n<\/div><\/div><\/div><\/div><\/div><\/a><\/div><\/div><div class=\"wpb_column vc_column_container\"><div class=\"vc_column-inner\"><a class=\"w-flipbox animation_cubetilt direction_w\" href=\"https:\/\/www.anmeksan.com\/fr\/contact-fr\/\"><div class=\"w-flipbox-h easing_ease\" style=\"transition-duration:0.5s;\"><div class=\"w-flipbox-hh\"><div class=\"w-flipbox-front\" style=\"background:#999999;color:#ffffff;\"><div class=\"w-flipbox-front-h\"><div class=\"w-flipbox-front-icon style_default\" style=\"font-size:36px;color:#ffffff;\"><i class=\"fas fa-cogs\"><\/i><\/div><h4 class=\"w-flipbox-front-title\" style=\"font-size:16px;\">MEKAN\u0130K EK\u0130PMAN \u0130MALATI<\/h4><div class=\"w-flipbox-front-desc\"><p>Online Teklif Sistemi<\/p>\n<\/div><\/div><\/div><div class=\"w-flipbox-back\" style=\"display:none;background:#00abbc;color:#ffffff;\"><div class=\"w-flipbox-back-h\"><h3 class=\"w-flipbox-back-title\">DEMANDER UN DEVIS!<\/h3><div class=\"w-flipbox-back-desc\"><p>H\u0131zl\u0131 geri bildirim al\u0131n ...<\/p>\n<\/div><\/div><\/div><\/div><\/div><\/a><\/div><\/div><div class=\"wpb_column vc_column_container\"><div class=\"vc_column-inner\"><a class=\"w-flipbox animation_cubetilt direction_w\" href=\"https:\/\/www.anmeksan.com\/fr\/contact-fr\/\"><div class=\"w-flipbox-h easing_ease\" style=\"transition-duration:0.5s;\"><div class=\"w-flipbox-hh\"><div class=\"w-flipbox-front\" style=\"background:#002f66;color:#ffffff;\"><div class=\"w-flipbox-front-h\"><div class=\"w-flipbox-front-icon style_default\" style=\"font-size:36px;color:#ffffff;\"><i class=\"fas fa-file-certificate\"><\/i><\/div><h4 class=\"w-flipbox-front-title\" style=\"font-size:16px;\">ARITMA TES\u0130S\u0130 PROJE ONAY H\u0130ZMETLER\u0130<\/h4><div class=\"w-flipbox-front-desc\"><p>Online Teklif Sistemi<\/p>\n<\/div><\/div><\/div><div class=\"w-flipbox-back\" style=\"display:none;background:#00abbc;color:#ffffff;\"><div class=\"w-flipbox-back-h\"><h3 class=\"w-flipbox-back-title\">DEMANDER UN DEVIS!<\/h3><div class=\"w-flipbox-back-desc\"><p>H\u0131zl\u0131 geri bildirim al\u0131n ...<\/p>\n<\/div><\/div><\/div><\/div><\/div><\/a><\/div><\/div><\/div><\/div><\/section>","protected":false},"excerpt":{"rendered":"Teklif TalepleriAna SayfaTEKL\u0130F TALEPLER\u0130N\u0130Z\u0130 ONLINE \u0130LET\u0130N !Teklif taleplerinizi ONLINE 7\/24 iletin, H\u0131zl\u0131 geri bildirim al\u0131n ! PAKET ARITMA S\u0130STEMLER\u0130Online Teklif Sistemi TEKL\u0130F \u0130STE !H\u0131zl\u0131 geri bildirim al\u0131n ... B\u0130YOLOJ\u0130K ARITMA TES\u0130SLER\u0130Online Teklif Sistemi TEKL\u0130F \u0130STE !H\u0131zl\u0131 geri bildirim al\u0131n ... K\u0130MYASAL ARITMA TES\u0130SLER\u0130Online Teklif Sistemi TEKL\u0130F \u0130STE !H\u0131zl\u0131 geri bildirim al\u0131n ... MBR ARITMA S\u0130STEMLER\u0130Online...","protected":false},"author":1,"featured_media":0,"parent":0,"menu_order":0,"comment_status":"closed","ping_status":"closed","template":"","meta":{"inline_featured_image":false},"acf":[],"yoast_head":"<!-- This site is optimized with the Yoast SEO Premium plugin v18.7 (Yoast SEO v19.4) - https:\/\/yoast.com\/wordpress\/plugins\/seo\/ -->\n<title>Teklif Talepleri - Anmeksan Ar\u0131tma A.\u015e<\/title>\n<meta name=\"description\" content=\"Teklif Talepleri, paket ar\u0131tma teklif talepleri, MBR ve MBBR ar\u0131tma teklifleri, mekanik ekipman teklifleri, mezbaha ar\u0131tma teklifleri,\" \/>\n<meta name=\"robots\" content=\"index, follow, max-snippet:-1, max-image-preview:large, max-video-preview:-1\" \/>\n<link rel=\"canonical\" href=\"https:\/\/www.anmeksan.com\/fr\/teklif-talepleri\/\" \/>\n<meta property=\"og:locale\" content=\"fr_FR\" \/>\n<meta property=\"og:type\" content=\"article\" \/>\n<meta property=\"og:title\" content=\"Teklif Talepleri\" \/>\n<meta property=\"og:description\" content=\"Teklif Talepleri, paket ar\u0131tma teklif talepleri, MBR ve MBBR ar\u0131tma teklifleri, mekanik ekipman teklifleri, mezbaha ar\u0131tma teklifleri,\" \/>\n<meta property=\"og:url\" content=\"https:\/\/www.anmeksan.com\/fr\/teklif-talepleri\/\" \/>\n<meta property=\"og:site_name\" content=\"Anmeksan Ar\u0131tma A.\u015e\" \/>\n<meta property=\"article:publisher\" content=\"https:\/\/www.facebook.com\/anmeksan.aritmaas\" \/>\n<meta property=\"article:modified_time\" content=\"2022-06-06T10:49:58+00:00\" \/>\n<meta name=\"twitter:card\" content=\"summary_large_image\" \/>\n<meta name=\"twitter:site\" content=\"@anmeksan\" \/>\n<meta name=\"twitter:label1\" content=\"Dur\u00e9e de lecture estim\u00e9e\" \/>\n\t<meta name=\"twitter:data1\" content=\"4 minutes\" \/>\n<!-- \/ Yoast SEO Premium plugin. -->","yoast_head_json":{"title":"Teklif Talepleri - Anmeksan Ar\u0131tma A.\u015e","description":"Teklif Talepleri, paket ar\u0131tma teklif talepleri, MBR ve MBBR ar\u0131tma teklifleri, mekanik ekipman teklifleri, mezbaha ar\u0131tma teklifleri,","robots":{"index":"index","follow":"follow","max-snippet":"max-snippet:-1","max-image-preview":"max-image-preview:large","max-video-preview":"max-video-preview:-1"},"canonical":"https:\/\/www.anmeksan.com\/fr\/teklif-talepleri\/","og_locale":"fr_FR","og_type":"article","og_title":"Teklif Talepleri","og_description":"Teklif Talepleri, paket ar\u0131tma teklif talepleri, MBR ve MBBR ar\u0131tma teklifleri, mekanik ekipman teklifleri, mezbaha ar\u0131tma teklifleri,","og_url":"https:\/\/www.anmeksan.com\/fr\/teklif-talepleri\/","og_site_name":"Anmeksan Ar\u0131tma A.\u015e","article_publisher":"https:\/\/www.facebook.com\/anmeksan.aritmaas","article_modified_time":"2022-06-06T10:49:58+00:00","twitter_card":"summary_large_image","twitter_site":"@anmeksan","twitter_misc":{"Dur\u00e9e de lecture estim\u00e9e":"4 minutes"},"schema":{"@context":"https:\/\/schema.org","@graph":[{"@type":"Organization","@id":"https:\/\/www.anmeksan.com\/#organization","name":"Anmeksan Ar\u0131tma A.\u015e","url":"https:\/\/www.anmeksan.com\/","sameAs":["https:\/\/www.facebook.com\/anmeksan.aritmaas","https:\/\/twitter.com\/anmeksan"],"logo":{"@type":"ImageObject","inLanguage":"fr-FR","@id":"https:\/\/www.anmeksan.com\/#\/schema\/logo\/image\/","url":"https:\/\/www.anmeksan.com\/wp-content\/uploads\/2022\/04\/logo.svg","contentUrl":"https:\/\/www.anmeksan.com\/wp-content\/uploads\/2022\/04\/logo.svg","width":"1024","height":"1024","caption":"Anmeksan Ar\u0131tma A.\u015e"},"image":{"@id":"https:\/\/www.anmeksan.com\/#\/schema\/logo\/image\/"}},{"@type":"WebSite","@id":"https:\/\/www.anmeksan.com\/#website","url":"https:\/\/www.anmeksan.com\/","name":"Anmeksan Ar\u0131tma A.\u015e","description":"Paket Ar\u0131tma Sistemleri, MBR ve MBBR Ar\u0131tma","publisher":{"@id":"https:\/\/www.anmeksan.com\/#organization"},"potentialAction":[{"@type":"SearchAction","target":{"@type":"EntryPoint","urlTemplate":"https:\/\/www.anmeksan.com\/?s={search_term_string}"},"query-input":"required name=search_term_string"}],"inLanguage":"fr-FR"},{"@type":"WebPage","@id":"https:\/\/www.anmeksan.com\/teklif-talepleri\/","url":"https:\/\/www.anmeksan.com\/teklif-talepleri\/","name":"Teklif Talepleri - Anmeksan Ar\u0131tma A.\u015e","isPartOf":{"@id":"https:\/\/www.anmeksan.com\/#website"},"datePublished":"2022-04-29T07:20:51+00:00","dateModified":"2022-06-06T10:49:58+00:00","description":"Teklif Talepleri, paket ar\u0131tma teklif talepleri, MBR ve MBBR ar\u0131tma teklifleri, mekanik ekipman teklifleri, mezbaha ar\u0131tma teklifleri,","breadcrumb":{"@id":"https:\/\/www.anmeksan.com\/teklif-talepleri\/#breadcrumb"},"inLanguage":"fr-FR","potentialAction":[{"@type":"ReadAction","target":["https:\/\/www.anmeksan.com\/teklif-talepleri\/"]}]},{"@type":"BreadcrumbList","@id":"https:\/\/www.anmeksan.com\/teklif-talepleri\/#breadcrumb","itemListElement":[{"@type":"ListItem","position":1,"name":"Ana Sayfa","item":"https:\/\/www.anmeksan.com\/"},{"@type":"ListItem","position":2,"name":"Teklif Talepleri"}]}]}},"_links":{"self":[{"href":"https:\/\/www.anmeksan.com\/fr\/wp-json\/wp\/v2\/pages\/8892"}],"collection":[{"href":"https:\/\/www.anmeksan.com\/fr\/wp-json\/wp\/v2\/pages"}],"about":[{"href":"https:\/\/www.anmeksan.com\/fr\/wp-json\/wp\/v2\/types\/page"}],"author":[{"embeddable":true,"href":"https:\/\/www.anmeksan.com\/fr\/wp-json\/wp\/v2\/users\/1"}],"replies":[{"embeddable":true,"href":"https:\/\/www.anmeksan.com\/fr\/wp-json\/wp\/v2\/comments?post=8892"}],"version-history":[{"count":0,"href":"https:\/\/www.anmeksan.com\/fr\/wp-json\/wp\/v2\/pages\/8892\/revisions"}],"wp:attachment":[{"href":"https:\/\/www.anmeksan.com\/fr\/wp-json\/wp\/v2\/media?parent=8892"}],"curies":[{"name":"wp","href":"https:\/\/api.w.org\/{rel}","templated":true}]}}