{"id":9661,"date":"2022-05-07T16:34:56","date_gmt":"2022-05-07T16:34:56","guid":{"rendered":"https:\/\/anmeksan.com\/?page_id=9661"},"modified":"2022-07-20T09:18:44","modified_gmt":"2022-07-20T09:18:44","slug":"ultrafiltrasyon-sistemleri","status":"publish","type":"page","link":"https:\/\/www.anmeksan.com\/fr\/systemes-dultrafiltration\/","title":{"rendered":"Syst\u00e8mes d'ultrafiltration (UF)"},"content":{"rendered":"<section class=\"l-section wpb_row height_small with_img\"><div class=\"l-section-img\" style=\"background-image: url(https:\/\/www.anmeksan.com\/wp-content\/uploads\/2022\/05\/header-anmeksan-blue.png);\" data-img-width=\"1920\" data-img-height=\"352\"><\/div><div class=\"l-section-h i-cf\"><div class=\"g-cols vc_row via_grid cols_2-1 laptops-cols_inherit tablets-cols_inherit mobiles-cols_1 valign_top type_default stacking_default\"><div class=\"wpb_column vc_column_container\"><div class=\"vc_column-inner\"><h2 class=\"w-post-elm post_title us_custom_ed05b3dd has_text_color align_left entry-title color_link_inherit\">Syst\u00e8mes d'ultrafiltration (UF)<\/h2><div class=\"w-html us_custom_6df4bc3a has_text_color\"><span><span><a href=\"https:\/\/www.anmeksan.com\/fr\/\">Page d'accueil<\/a><\/span><\/div><div class=\"w-separator size_custom\" style=\"height:20px\"><\/div><\/div><\/div><div class=\"wpb_column vc_column_container\"><div class=\"vc_column-inner\"><div class=\"w-image align_none\"><div class=\"w-image-h\"><img width=\"150\" height=\"50\" src=\"https:\/\/www.anmeksan.com\/wp-content\/uploads\/2022\/04\/anmeksan-kalite-iso.png\" class=\"attachment-full size-full\" alt=\"Anmeksan Kalite\" decoding=\"async\" \/><\/div><\/div><div class=\"w-separator size_custom\" style=\"height:3px\"><\/div><div class=\"w-image align_none\"><div class=\"w-image-h\"><img width=\"300\" height=\"50\" src=\"https:\/\/www.anmeksan.com\/wp-content\/uploads\/2014\/09\/banner-ust-uyelik.png\" class=\"attachment-large size-large\" alt=\"Banner \u00dcyelik\" decoding=\"async\" srcset=\"https:\/\/www.anmeksan.com\/wp-content\/uploads\/2014\/09\/banner-ust-uyelik.png 300w, https:\/\/www.anmeksan.com\/wp-content\/uploads\/2014\/09\/banner-ust-uyelik-200x33.png 200w\" sizes=\"(max-width: 300px) 100vw, 300px\" \/><\/div><\/div><\/div><\/div><\/div><\/div><\/section><section class=\"l-section wpb_row height_medium\"><div class=\"l-section-h i-cf\"><div class=\"g-cols vc_row via_grid cols_1-3 laptops-cols_inherit tablets-cols_inherit mobiles-cols_1 valign_top type_default stacking_default\"><div class=\"wpb_column vc_column_container\"><div class=\"vc_column-inner\"><div class=\"w-menu layout_ver style_blocks us_menu_1\" style=\"--main-gap:5px;--main-ver-indent:0.8em;--main-hor-indent:0.8em;\"><ul id=\"menu-sol-ana-menu\" class=\"menu\"><li id=\"menu-item-8332\" class=\"menu-item menu-item-type-post_type menu-item-object-page menu-item-home menu-item-8332\"><a href=\"https:\/\/www.anmeksan.com\/fr\/\"><i class=\"_mi _before dashicons dashicons-arrow-right-alt2\" aria-hidden=\"true\"><\/i><span>Page d'accueil<\/span><\/a><\/li><li id=\"menu-item-8557\" class=\"menu-item menu-item-type-post_type menu-item-object-page menu-item-8557\"><a href=\"https:\/\/www.anmeksan.com\/fr\/nos-services\/\"><i class=\"_mi _before dashicons dashicons-arrow-right-alt2\" aria-hidden=\"true\"><\/i><span>Nos services<\/span><\/a><\/li><li id=\"menu-item-8333\" class=\"menu-item menu-item-type-post_type menu-item-object-page menu-item-8333\"><a href=\"https:\/\/www.anmeksan.com\/fr\/projekte\/\"><i class=\"_mi _before dashicons dashicons-arrow-right-alt2\" aria-hidden=\"true\"><\/i><span>Projets<\/span><\/a><\/li><li id=\"menu-item-8911\" class=\"menu-item menu-item-type-taxonomy menu-item-object-category menu-item-8911\"><a href=\"https:\/\/www.anmeksan.com\/fr\/category\/haberler\/\"><i class=\"_mi _before dashicons dashicons-arrow-right-alt2\" aria-hidden=\"true\"><\/i><span>Annonces<\/span><\/a><\/li><li id=\"menu-item-8912\" class=\"menu-item menu-item-type-post_type menu-item-object-page menu-item-8912\"><a href=\"https:\/\/www.anmeksan.com\/fr\/blog\/\"><i class=\"_mi _before dashicons dashicons-arrow-right-alt2\" aria-hidden=\"true\"><\/i><span>Blog<\/span><\/a><\/li><li id=\"menu-item-8338\" class=\"menu-item menu-item-type-post_type menu-item-object-page menu-item-8338\"><a href=\"https:\/\/www.anmeksan.com\/fr\/contact-fr\/\"><i class=\"_mi _before dashicons dashicons-arrow-right-alt2\" aria-hidden=\"true\"><\/i><span>Communication<\/span><\/a><\/li><\/ul><style>.us_menu_1 .menu>li>a{background:#e8e8e8}.us_menu_1 .menu>li>a{color:#002f66}.us_menu_1 .menu>.menu-item:not(.current-menu-item)>a:hover{background:#002f66}.us_menu_1 .menu>.menu-item:not(.current-menu-item)>a:hover{color:#ffffff}.us_menu_1 .menu>.current-menu-item>a{background:#00b032}.us_menu_1 .menu>.current-menu-item>a{color:#ffffff}@media ( max-width:600px ){.us_menu_1 .menu{display:block!important}.us_menu_1 .menu>li{margin:0 0 var(--main-gap,5px)!important}}<\/style><\/div><div class=\"w-separator size_custom\" style=\"height:10px\"><\/div><div class=\"w-btn-wrapper width_full\"><a class=\"w-btn us-btn-style_6 us_custom_1f257949 icon_atleft\" title=\"CATALOGUES\" href=\"https:\/\/www.anmeksan.com\/fr\/catalogues\/\"><i class=\"fas fa-file-pdf\"><\/i><span class=\"w-btn-label\">CATALOGUES<\/span><\/a><\/div><div class=\"w-btn-wrapper width_full\"><a class=\"w-btn us-btn-style_8 us_custom_1f257949 icon_atleft\" title=\"Demandes de devis\" href=\"\/fr\/teklif-telepleri\/\"><i class=\"fas fa-file-edit\"><\/i><span class=\"w-btn-label\">DEMANDER UN DEVIS<\/span><\/a><\/div><div class=\"w-btn-wrapper width_full\"><a class=\"w-btn us-btn-style_9 us_custom_1f257949 icon_atleft\" title=\"Repr\u00e9sentation\" href=\"https:\/\/www.anmeksan.com\/fr\/representation-application\/\"><i class=\"fas fa-file-alt\"><\/i><span class=\"w-btn-label\">REPR\u00c9SENTATION<\/span><\/a><\/div><div class=\"w-sharing type_solid align_center color_default\"><div class=\"w-sharing-list\" data-content-image=\"true\"><a class=\"w-sharing-item email\" href=\"mailto:?subject=Ultrafiltrasyon Sistemleri (UF)&amp;body=https:\/\/www.anmeksan.com\/fr\/wp-json\/wp\/v2\/pages\/9661\" title=\"Envoyer ceci par courriel\" aria-label=\"Envoyer ceci par courriel\"><i class=\"fas fa-envelope\"><\/i><\/a><a class=\"w-sharing-item facebook\" href=\"https:\/\/www.facebook.com\/sharer\/sharer.php?u=https:\/\/www.anmeksan.com\/fr\/wp-json\/wp\/v2\/pages\/9661&amp;quote=Ultrafiltrasyon Sistemleri (UF)\" title=\"Partager ceci\" aria-label=\"Partager ceci\" onclick=\"window.open(this.href, &quot;facebook&quot;, &quot;toolbar=0,width=900,height=500&quot;); return false;\"><i class=\"fab fa-facebook\"><\/i><\/a><a class=\"w-sharing-item twitter\" href=\"https:\/\/twitter.com\/intent\/tweet?text=Ultrafiltrasyon Sistemleri (UF)&amp;url=https:\/\/www.anmeksan.com\/fr\/wp-json\/wp\/v2\/pages\/9661\" title=\"Twitter ceci\" aria-label=\"Twitter ceci\" onclick=\"window.open(this.href, &quot;twitter&quot;, &quot;toolbar=0,width=650,height=360&quot;); return false;\"><i class=\"fab fa-twitter\"><\/i><\/a><a class=\"w-sharing-item linkedin\" href=\"https:\/\/www.linkedin.com\/shareArticle?mini=true&amp;url=https:\/\/www.anmeksan.com\/fr\/wp-json\/wp\/v2\/pages\/9661\" title=\"Partager ceci\" aria-label=\"Partager ceci\" onclick=\"window.open(this.href, &quot;linkedin&quot;, &quot;toolbar=no,width=550,height=550&quot;); return false;\"><i class=\"fab fa-linkedin\"><\/i><\/a><a class=\"w-sharing-item whatsapp\" href=\"https:\/\/web.whatsapp.com\/send?text=Ultrafiltrasyon Sistemleri (UF) https:\/\/www.anmeksan.com\/fr\/wp-json\/wp\/v2\/pages\/9661\" title=\"Partager ceci\" aria-label=\"Partager ceci\" onclick=\"window.open(this.href, &quot;whatsapp&quot;, &quot;toolbar=0,width=900,height=500&quot;); return false;\"><i class=\"fab fa-whatsapp\"><\/i><\/a><\/div><\/div><\/div><\/div><div class=\"wpb_column vc_column_container\"><div class=\"vc_column-inner\"><h1 style=\"text-align: left;font-family:Roboto;font-weight:900;font-style:normal\" class=\"vc_custom_heading us_custom_16c70a5a\" >SYST\u00c8MES D'ULTRAFILTRATION<\/h1><div class=\"w-image align_none\"><div class=\"w-image-h\"><img width=\"800\" height=\"250\" src=\"https:\/\/www.anmeksan.com\/wp-content\/uploads\/2022\/05\/ultrafiltrasyon.png\" class=\"attachment-full size-full\" alt=\"Ultrafiltrasyon Sistemleri\" decoding=\"async\" srcset=\"https:\/\/www.anmeksan.com\/wp-content\/uploads\/2022\/05\/ultrafiltrasyon.png 800w, https:\/\/www.anmeksan.com\/wp-content\/uploads\/2022\/05\/ultrafiltrasyon-300x94.png 300w, https:\/\/www.anmeksan.com\/wp-content\/uploads\/2022\/05\/ultrafiltrasyon-200x63.png 200w\" sizes=\"(max-width: 800px) 100vw, 800px\" \/><\/div><\/div><div class=\"w-separator size_custom\" style=\"height:10px\"><\/div><div class=\"wpb_text_column\"><div class=\"wpb_wrapper\"><p>Syst\u00e8mes d'ultrafiltration\u00a0; Il s'agit essentiellement d'un processus de filtrage. Il peut \u00eatre appliqu\u00e9 seul ou avant osmose dans le traitement de l'eau par la technique d'ultrafiltration. Les modules des syst\u00e8mes d'ultrafiltration, avec leur structure membranaire avec un diam\u00e8tre de pores de 0,01 micron, agissent comme une barri\u00e8re compl\u00e8te pour les bact\u00e9ries, virus et autres micro-organismes sans avoir besoin d'utiliser de produits chimiques. Autrement dit, en rejetant toutes les particules plus grosses que ce diam\u00e8tre de pore ; Il pr\u00e9sente une valeur de turbidit\u00e9 inf\u00e9rieure \u00e0 0,1 NTU et une excellente capacit\u00e9 de filtration dans l'\u00e9limination des mati\u00e8res organiques.<\/p>\n<p>Comme on le sait, l'une des m\u00e9thodes les plus appliqu\u00e9es pour \u00e9liminer la pollution microbiologique de l'eau potable est le dosage du chlore. Bien que l'effet sur l'\u00e9limination de ces micro-organismes soit assez \u00e9lev\u00e9, il n'est pas de 100% Les organismes qui peuvent r\u00e9sister aux d\u00e9sinfectants tels que certains micro-organismes spores ne peuvent \u00eatre retenus que par les membranes d'ultrafiltration. Cela signifie que puisque les diam\u00e8tres des pores des membranes que nous utilisons dans les syst\u00e8mes d'ultrafiltration sont plus petits que les diam\u00e8tres des micro-organismes, nous pouvons les purifier en toute s\u00e9curit\u00e9 de l'eau.<\/p>\n<p>De plus, on sait que les substances organiques et les compos\u00e9s chlor\u00e9s dans l'eau forment des THM (trihalom\u00e9thanes), et ces THM provoquent des effets toxiques irr\u00e9versibles sur le corps humain. En ce sens, les avantages les plus importants de l'ultrafiltration sont qu'elle n'ajoute aucun additif \u00e0 l'eau, ne laisse aucun produit r\u00e9siduel et ne produit pas de substances oxydantes ind\u00e9sirables.<\/p>\n<p>Syst\u00e8mes d'ultrafiltration (UF); Ses modules, outre une filtration parfaite des eaux de surface, permettent d'alimenter les effluents de traitement biologique et chimique conventionnels vers les syst\u00e8mes d'osmose inverse et occupent une place importante dans les projets de r\u00e9cup\u00e9ration des eaux us\u00e9es et sont largement utilis\u00e9s dans le pr\u00e9traitement des syst\u00e8mes d'osmose d'eau de mer.<\/p>\n<p>Syst\u00e8mes d'ultrafiltration (UF); En outre, le traitement de l'eau de mer, les proc\u00e9d\u00e9s de l'industrie alimentaire et des boissons, les usines de pr\u00e9paration d'eau potable naturelle, l'apport de bact\u00e9ries et la d\u00e9sinfection indirecte de l'eau et de nombreux proc\u00e9d\u00e9s sp\u00e9ciaux sont \u00e9galement utilis\u00e9s avec succ\u00e8s. Des conceptions sp\u00e9ciales pour la r\u00e9cup\u00e9ration des eaux us\u00e9es et des proc\u00e9d\u00e9s de recyclage de l'eau provenant du MBR constituent \u00e9galement la pierre angulaire des syst\u00e8mes. Il est possible d'utiliser les eaux us\u00e9es dans les processus de recyclage et de r\u00e9g\u00e9n\u00e9ration.<\/p>\n<\/div><\/div><div class=\"g-cols wpb_row via_grid cols_1 laptops-cols_inherit tablets-cols_inherit mobiles-cols_1 valign_top type_default stacking_default\"><div class=\"wpb_column vc_column_container\"><div class=\"vc_column-inner\"><div class=\"w-separator size_custom\" style=\"height:20px\"><\/div><h3 style=\"color: #565656;text-align: left;font-family:Roboto;font-weight:900;font-style:normal\" class=\"vc_custom_heading us_custom_16c70a5a\" >SYST\u00c8MES D'ULTRAFILTRATION<\/h3><div class=\"w-separator size_custom\" style=\"height:20px\"><\/div><div class=\"w-grid type_grid layout_gallery_default cols_5\" id=\"us_grid_1\" data-filterable=\"true\"><style>#us_grid_1 .w-grid-item{padding:5px}#us_grid_1 .w-grid-list{margin:-5px}.w-grid + #us_grid_1 .w-grid-list,.w-grid-none + #us_grid_1 .w-grid-list{margin-top:5px}@media (max-width:1199px){#us_grid_1 .w-grid-item{width:33.3333%}}@media (max-width:899px){#us_grid_1 .w-grid-item{width:50%}}@media (max-width:599px){#us_grid_1 .w-grid-list{margin:0}#us_grid_1 .w-grid-item{width:100%;padding:0;margin-bottom:5px}}.layout_gallery_default .w-grid-item-h{}<\/style><div class=\"w-grid-list\">\t<article class=\"w-grid-item post-9668 attachment type-attachment status-inherit hentry\" data-id=\"9668\">\n\t\t<div class=\"w-grid-item-h\">\n\t\t\t\t\t\t\t<a class=\"w-grid-item-anchor\" href=\"https:\/\/www.anmeksan.com\/wp-content\/uploads\/2022\/05\/ultrafiltrasyon03.png\" ref=\"magnificPopupGrid\" title=\"Ultrafiltrasyon Sistemleri\"><\/a>\n\t\t\t\t\t\t<div class=\"w-post-elm post_image usg_post_image_1 stretched\"><img width=\"700\" height=\"500\" src=\"https:\/\/www.anmeksan.com\/wp-content\/uploads\/2022\/05\/ultrafiltrasyon03.png\" class=\"attachment-us_600_600_crop size-us_600_600_crop\" alt=\"Ultrafiltrasyon Sistemleri\" decoding=\"async\" srcset=\"https:\/\/www.anmeksan.com\/wp-content\/uploads\/2022\/05\/ultrafiltrasyon03.png 700w, https:\/\/www.anmeksan.com\/wp-content\/uploads\/2022\/05\/ultrafiltrasyon03-300x214.png 300w, https:\/\/www.anmeksan.com\/wp-content\/uploads\/2022\/05\/ultrafiltrasyon03-200x143.png 200w, https:\/\/www.anmeksan.com\/wp-content\/uploads\/2022\/05\/ultrafiltrasyon03-140x100.png 140w\" sizes=\"(max-width: 700px) 100vw, 700px\" \/><\/div>\t\t<\/div>\n\t<\/article>\n\t<article class=\"w-grid-item post-9667 attachment type-attachment status-inherit hentry\" data-id=\"9667\">\n\t\t<div class=\"w-grid-item-h\">\n\t\t\t\t\t\t\t<a class=\"w-grid-item-anchor\" href=\"https:\/\/www.anmeksan.com\/wp-content\/uploads\/2022\/05\/ultrafiltrasyon02.png\" ref=\"magnificPopupGrid\" title=\"Ultrafiltrasyon Sistemleri\"><\/a>\n\t\t\t\t\t\t<div class=\"w-post-elm post_image usg_post_image_1 stretched\"><img width=\"700\" height=\"500\" src=\"https:\/\/www.anmeksan.com\/wp-content\/uploads\/2022\/05\/ultrafiltrasyon02.png\" class=\"attachment-us_600_600_crop size-us_600_600_crop\" alt=\"Ultrafiltrasyon Sistemleri\" decoding=\"async\" srcset=\"https:\/\/www.anmeksan.com\/wp-content\/uploads\/2022\/05\/ultrafiltrasyon02.png 700w, https:\/\/www.anmeksan.com\/wp-content\/uploads\/2022\/05\/ultrafiltrasyon02-300x214.png 300w, https:\/\/www.anmeksan.com\/wp-content\/uploads\/2022\/05\/ultrafiltrasyon02-200x143.png 200w, https:\/\/www.anmeksan.com\/wp-content\/uploads\/2022\/05\/ultrafiltrasyon02-140x100.png 140w\" sizes=\"(max-width: 700px) 100vw, 700px\" \/><\/div>\t\t<\/div>\n\t<\/article>\n\t<article class=\"w-grid-item post-9666 attachment type-attachment status-inherit hentry\" data-id=\"9666\">\n\t\t<div class=\"w-grid-item-h\">\n\t\t\t\t\t\t\t<a class=\"w-grid-item-anchor\" href=\"https:\/\/www.anmeksan.com\/wp-content\/uploads\/2022\/05\/ultrafiltrasyon01.png\" ref=\"magnificPopupGrid\" title=\"Ultrafiltrasyon Sistemleri\"><\/a>\n\t\t\t\t\t\t<div class=\"w-post-elm post_image usg_post_image_1 stretched\"><img width=\"700\" height=\"500\" src=\"https:\/\/www.anmeksan.com\/wp-content\/uploads\/2022\/05\/ultrafiltrasyon01.png\" class=\"attachment-us_600_600_crop size-us_600_600_crop\" alt=\"Ultrafiltrasyon Sistemleri\" decoding=\"async\" srcset=\"https:\/\/www.anmeksan.com\/wp-content\/uploads\/2022\/05\/ultrafiltrasyon01.png 700w, https:\/\/www.anmeksan.com\/wp-content\/uploads\/2022\/05\/ultrafiltrasyon01-300x214.png 300w, https:\/\/www.anmeksan.com\/wp-content\/uploads\/2022\/05\/ultrafiltrasyon01-200x143.png 200w, https:\/\/www.anmeksan.com\/wp-content\/uploads\/2022\/05\/ultrafiltrasyon01-140x100.png 140w\" sizes=\"(max-width: 700px) 100vw, 700px\" \/><\/div>\t\t<\/div>\n\t<\/article>\n\t<article class=\"w-grid-item post-9482 attachment type-attachment status-inherit hentry\" data-id=\"9482\">\n\t\t<div class=\"w-grid-item-h\">\n\t\t\t\t\t\t\t<a class=\"w-grid-item-anchor\" href=\"https:\/\/www.anmeksan.com\/wp-content\/uploads\/2022\/05\/mbraritma01.jpg\" ref=\"magnificPopupGrid\" title=\"MBR Ar\u0131tma Sistemleri\"><\/a>\n\t\t\t\t\t\t<div class=\"w-post-elm post_image usg_post_image_1 stretched\"><img width=\"700\" height=\"500\" src=\"https:\/\/www.anmeksan.com\/wp-content\/uploads\/2022\/05\/mbraritma01.jpg\" class=\"attachment-us_600_600_crop size-us_600_600_crop\" alt=\"MBR Ar\u0131tma Sistemleri\" decoding=\"async\" srcset=\"https:\/\/www.anmeksan.com\/wp-content\/uploads\/2022\/05\/mbraritma01.jpg 700w, https:\/\/www.anmeksan.com\/wp-content\/uploads\/2022\/05\/mbraritma01-300x214.jpg 300w, https:\/\/www.anmeksan.com\/wp-content\/uploads\/2022\/05\/mbraritma01-200x143.jpg 200w, https:\/\/www.anmeksan.com\/wp-content\/uploads\/2022\/05\/mbraritma01-140x100.jpg 140w\" sizes=\"(max-width: 700px) 100vw, 700px\" \/><\/div>\t\t<\/div>\n\t<\/article>\n<\/div><div class=\"w-grid-preloader\"><div class=\"g-preloader type_1\">\n\t<div><\/div>\n<\/div>\n<\/div>\t<div class=\"w-grid-json hidden\" onclick='return {&quot;action&quot;:&quot;us_ajax_grid&quot;,&quot;ajax_url&quot;:&quot;https:\\\/\\\/www.anmeksan.com\\\/wp-admin\\\/admin-ajax.php&quot;,&quot;infinite_scroll&quot;:0,&quot;max_num_pages&quot;:1,&quot;pagination&quot;:&quot;none&quot;,&quot;permalink_url&quot;:&quot;https:\\\/\\\/www.anmeksan.com\\\/fr\\\/wp-json\\\/wp\\\/v2\\\/pages\\\/9661&quot;,&quot;template_vars&quot;:{&quot;columns&quot;:&quot;5&quot;,&quot;exclude_items&quot;:&quot;none&quot;,&quot;img_size&quot;:&quot;default&quot;,&quot;ignore_items_size&quot;:false,&quot;items_layout&quot;:&quot;gallery_default&quot;,&quot;items_offset&quot;:&quot;1&quot;,&quot;load_animation&quot;:&quot;none&quot;,&quot;overriding_link&quot;:&quot;popup_post_image&quot;,&quot;post_id&quot;:9661,&quot;query_args&quot;:{&quot;post_type&quot;:[&quot;attachment&quot;],&quot;post__in&quot;:[&quot;9666&quot;,&quot;9667&quot;,&quot;9668&quot;,&quot;9482&quot;],&quot;post_status&quot;:&quot;inherit&quot;,&quot;post_mime_type&quot;:&quot;image&quot;,&quot;posts_per_page&quot;:&quot;10&quot;},&quot;orderby_query_args&quot;:{&quot;orderby&quot;:{&quot;date&quot;:&quot;DESC&quot;}},&quot;type&quot;:&quot;grid&quot;,&quot;us_grid_ajax_index&quot;:1,&quot;us_grid_filter_params&quot;:null,&quot;us_grid_index&quot;:1,&quot;_us_grid_post_type&quot;:&quot;attachment&quot;}}'><\/div>\n\t<\/div><\/div><\/div><\/div><\/div><\/div><\/div><\/div><\/section>","protected":false},"excerpt":{"rendered":"MBR Ar\u0131tma Sistemleri","protected":false},"author":1,"featured_media":0,"parent":0,"menu_order":0,"comment_status":"closed","ping_status":"closed","template":"","meta":{"inline_featured_image":false},"acf":[],"yoast_head":"<!-- This site is optimized with the Yoast SEO Premium plugin v18.7 (Yoast SEO v19.4) - https:\/\/yoast.com\/wordpress\/plugins\/seo\/ -->\n<title>Ultrafiltrasyon Sistemleri (UF) - Anmeksan Ar\u0131tma A.\u015e<\/title>\n<meta name=\"description\" content=\"Ultrafiltrasyon Sistemleri, At\u0131ksu geri kazan\u0131m sistemleri, tekstil at\u0131ksu ar\u0131tma, mezbaha at\u0131ksu ar\u0131tma, tkdk ar\u0131tma projeleri,\" \/>\n<meta name=\"robots\" content=\"index, follow, max-snippet:-1, max-image-preview:large, max-video-preview:-1\" \/>\n<link rel=\"canonical\" href=\"https:\/\/www.anmeksan.com\/fr\/systemes-dultrafiltration\/\" \/>\n<meta property=\"og:locale\" content=\"fr_FR\" \/>\n<meta property=\"og:type\" content=\"article\" \/>\n<meta property=\"og:title\" content=\"Ultrafiltrasyon Sistemleri (UF)\" \/>\n<meta property=\"og:description\" content=\"Ultrafiltrasyon Sistemleri, At\u0131ksu geri kazan\u0131m sistemleri, tekstil at\u0131ksu ar\u0131tma, mezbaha at\u0131ksu ar\u0131tma, tkdk ar\u0131tma projeleri,\" \/>\n<meta property=\"og:url\" content=\"https:\/\/www.anmeksan.com\/fr\/systemes-dultrafiltration\/\" \/>\n<meta property=\"og:site_name\" content=\"Anmeksan Ar\u0131tma A.\u015e\" \/>\n<meta property=\"article:publisher\" content=\"https:\/\/www.facebook.com\/anmeksan.aritmaas\" \/>\n<meta property=\"article:modified_time\" content=\"2022-07-20T09:18:44+00:00\" \/>\n<meta name=\"twitter:card\" content=\"summary_large_image\" \/>\n<meta name=\"twitter:site\" content=\"@anmeksan\" \/>\n<meta name=\"twitter:label1\" content=\"Dur\u00e9e de lecture estim\u00e9e\" \/>\n\t<meta name=\"twitter:data1\" content=\"3 minutes\" \/>\n<!-- \/ Yoast SEO Premium plugin. -->","yoast_head_json":{"title":"Ultrafiltrasyon Sistemleri (UF) - Anmeksan Ar\u0131tma A.\u015e","description":"Ultrafiltrasyon Sistemleri, At\u0131ksu geri kazan\u0131m sistemleri, tekstil at\u0131ksu ar\u0131tma, mezbaha at\u0131ksu ar\u0131tma, tkdk ar\u0131tma projeleri,","robots":{"index":"index","follow":"follow","max-snippet":"max-snippet:-1","max-image-preview":"max-image-preview:large","max-video-preview":"max-video-preview:-1"},"canonical":"https:\/\/www.anmeksan.com\/fr\/systemes-dultrafiltration\/","og_locale":"fr_FR","og_type":"article","og_title":"Ultrafiltrasyon Sistemleri (UF)","og_description":"Ultrafiltrasyon Sistemleri, At\u0131ksu geri kazan\u0131m sistemleri, tekstil at\u0131ksu ar\u0131tma, mezbaha at\u0131ksu ar\u0131tma, tkdk ar\u0131tma projeleri,","og_url":"https:\/\/www.anmeksan.com\/fr\/systemes-dultrafiltration\/","og_site_name":"Anmeksan Ar\u0131tma A.\u015e","article_publisher":"https:\/\/www.facebook.com\/anmeksan.aritmaas","article_modified_time":"2022-07-20T09:18:44+00:00","twitter_card":"summary_large_image","twitter_site":"@anmeksan","twitter_misc":{"Dur\u00e9e de lecture estim\u00e9e":"3 minutes"},"schema":{"@context":"https:\/\/schema.org","@graph":[{"@type":"Organization","@id":"https:\/\/www.anmeksan.com\/#organization","name":"Anmeksan Ar\u0131tma A.\u015e","url":"https:\/\/www.anmeksan.com\/","sameAs":["https:\/\/www.facebook.com\/anmeksan.aritmaas","https:\/\/twitter.com\/anmeksan"],"logo":{"@type":"ImageObject","inLanguage":"fr-FR","@id":"https:\/\/www.anmeksan.com\/#\/schema\/logo\/image\/","url":"https:\/\/www.anmeksan.com\/wp-content\/uploads\/2022\/04\/logo.svg","contentUrl":"https:\/\/www.anmeksan.com\/wp-content\/uploads\/2022\/04\/logo.svg","width":"1024","height":"1024","caption":"Anmeksan Ar\u0131tma A.\u015e"},"image":{"@id":"https:\/\/www.anmeksan.com\/#\/schema\/logo\/image\/"}},{"@type":"WebSite","@id":"https:\/\/www.anmeksan.com\/#website","url":"https:\/\/www.anmeksan.com\/","name":"Anmeksan Ar\u0131tma A.\u015e","description":"Paket Ar\u0131tma Sistemleri, MBR ve MBBR Ar\u0131tma","publisher":{"@id":"https:\/\/www.anmeksan.com\/#organization"},"potentialAction":[{"@type":"SearchAction","target":{"@type":"EntryPoint","urlTemplate":"https:\/\/www.anmeksan.com\/?s={search_term_string}"},"query-input":"required name=search_term_string"}],"inLanguage":"fr-FR"},{"@type":"WebPage","@id":"https:\/\/www.anmeksan.com\/ultrafiltrasyon-sistemleri\/","url":"https:\/\/www.anmeksan.com\/ultrafiltrasyon-sistemleri\/","name":"Ultrafiltrasyon Sistemleri (UF) - Anmeksan Ar\u0131tma A.\u015e","isPartOf":{"@id":"https:\/\/www.anmeksan.com\/#website"},"datePublished":"2022-05-07T16:34:56+00:00","dateModified":"2022-07-20T09:18:44+00:00","description":"Ultrafiltrasyon Sistemleri, At\u0131ksu geri kazan\u0131m sistemleri, tekstil at\u0131ksu ar\u0131tma, mezbaha at\u0131ksu ar\u0131tma, tkdk ar\u0131tma projeleri,","breadcrumb":{"@id":"https:\/\/www.anmeksan.com\/ultrafiltrasyon-sistemleri\/#breadcrumb"},"inLanguage":"fr-FR","potentialAction":[{"@type":"ReadAction","target":["https:\/\/www.anmeksan.com\/ultrafiltrasyon-sistemleri\/"]}]},{"@type":"BreadcrumbList","@id":"https:\/\/www.anmeksan.com\/ultrafiltrasyon-sistemleri\/#breadcrumb","itemListElement":[{"@type":"ListItem","position":1,"name":"Ana Sayfa","item":"https:\/\/www.anmeksan.com\/"},{"@type":"ListItem","position":2,"name":"Ultrafiltrasyon Sistemleri (UF)"}]}]}},"_links":{"self":[{"href":"https:\/\/www.anmeksan.com\/fr\/wp-json\/wp\/v2\/pages\/9661"}],"collection":[{"href":"https:\/\/www.anmeksan.com\/fr\/wp-json\/wp\/v2\/pages"}],"about":[{"href":"https:\/\/www.anmeksan.com\/fr\/wp-json\/wp\/v2\/types\/page"}],"author":[{"embeddable":true,"href":"https:\/\/www.anmeksan.com\/fr\/wp-json\/wp\/v2\/users\/1"}],"replies":[{"embeddable":true,"href":"https:\/\/www.anmeksan.com\/fr\/wp-json\/wp\/v2\/comments?post=9661"}],"version-history":[{"count":0,"href":"https:\/\/www.anmeksan.com\/fr\/wp-json\/wp\/v2\/pages\/9661\/revisions"}],"wp:attachment":[{"href":"https:\/\/www.anmeksan.com\/fr\/wp-json\/wp\/v2\/media?parent=9661"}],"curies":[{"name":"wp","href":"https:\/\/api.w.org\/{rel}","templated":true}]}}