{"id":9981,"date":"2022-05-09T19:47:09","date_gmt":"2022-05-09T19:47:09","guid":{"rendered":"https:\/\/www.anmeksan.com\/?page_id=9981"},"modified":"2022-08-10T06:28:52","modified_gmt":"2022-08-10T06:28:52","slug":"mekanik-izgaralar","status":"publish","type":"page","link":"https:\/\/www.anmeksan.com\/fr\/equipement-mecanique\/ecrane-mecanique\/","title":{"rendered":"Grilles m\u00e9caniques"},"content":{"rendered":"<section class=\"l-section wpb_row height_medium with_img\"><div class=\"l-section-img\" style=\"background-image: url(https:\/\/www.anmeksan.com\/wp-content\/uploads\/2022\/05\/uretim.jpg);\" data-img-width=\"1300\" data-img-height=\"458\"><\/div><div class=\"l-section-h i-cf\"><div class=\"g-cols vc_row via_grid cols_2-1 laptops-cols_inherit tablets-cols_inherit mobiles-cols_1 valign_top type_default stacking_default\"><div class=\"wpb_column vc_column_container\"><div class=\"vc_column-inner\"><h2 class=\"w-post-elm post_title us_custom_ed05b3dd has_text_color align_left entry-title color_link_inherit\">Grilles m\u00e9caniques<\/h2><div class=\"w-html us_custom_6df4bc3a has_text_color\"><span><span><a href=\"https:\/\/www.anmeksan.com\/fr\/\">Page d'accueil<\/a><\/span><\/div><div class=\"w-separator size_custom\" style=\"height:20px\"><\/div><\/div><\/div><div class=\"wpb_column vc_column_container\"><div class=\"vc_column-inner\"><div class=\"w-image align_none\"><div class=\"w-image-h\"><img width=\"150\" height=\"50\" src=\"https:\/\/www.anmeksan.com\/wp-content\/uploads\/2022\/04\/anmeksan-kalite-iso.png\" class=\"attachment-large size-large\" alt=\"Anmeksan Kalite\" decoding=\"async\" \/><\/div><\/div><div class=\"w-separator size_custom\" style=\"height:3px\"><\/div><div class=\"w-image align_none\"><div class=\"w-image-h\"><img width=\"300\" height=\"50\" src=\"https:\/\/www.anmeksan.com\/wp-content\/uploads\/2014\/09\/banner-ust-uyelik.png\" class=\"attachment-large size-large\" alt=\"Banner \u00dcyelik\" decoding=\"async\" srcset=\"https:\/\/www.anmeksan.com\/wp-content\/uploads\/2014\/09\/banner-ust-uyelik.png 300w, https:\/\/www.anmeksan.com\/wp-content\/uploads\/2014\/09\/banner-ust-uyelik-200x33.png 200w\" sizes=\"(max-width: 300px) 100vw, 300px\" \/><\/div><\/div><\/div><\/div><\/div><\/div><\/section><section class=\"l-section wpb_row height_medium\"><div class=\"l-section-h i-cf\"><div class=\"g-cols vc_row via_grid cols_1-3 laptops-cols_inherit tablets-cols_inherit mobiles-cols_1 valign_top type_default stacking_default\"><div class=\"wpb_column vc_column_container\"><div class=\"vc_column-inner\"><div class=\"w-menu layout_ver style_blocks us_menu_1\" style=\"--main-gap:5px;--main-ver-indent:0.8em;--main-hor-indent:0.8em;\"><ul id=\"menu-on-aritma-ekipmanlari\" class=\"menu\"><li id=\"menu-item-10112\" class=\"menu-item menu-item-type-post_type menu-item-object-page menu-item-10112\"><a href=\"https:\/\/www.anmeksan.com\/fr\/equipement-mecanique\/ecrane-mecanique\/\"><i class=\"_mi _before dashicons dashicons-arrow-right-alt2\" aria-hidden=\"true\"><\/i><span>Grilles m\u00e9caniques<\/span><\/a><\/li><li id=\"menu-item-10111\" class=\"menu-item menu-item-type-post_type menu-item-object-page menu-item-10111\"><a href=\"https:\/\/www.anmeksan.com\/fr\/equipement-mecanique\/icten-akisli-tambur-elek\/\"><i class=\"_mi _before dashicons dashicons-arrow-right-alt2\" aria-hidden=\"true\"><\/i><span>\u00c9cran de tambour \u00e0 flux int\u00e9rieur<\/span><\/a><\/li><li id=\"menu-item-10109\" class=\"menu-item menu-item-type-post_type menu-item-object-page menu-item-10109\"><a href=\"https:\/\/www.anmeksan.com\/fr\/equipement-mecanique\/distan-akisli-tambur-elek\/\"><i class=\"_mi _before dashicons dashicons-arrow-right-alt2\" aria-hidden=\"true\"><\/i><span>\u00c9cran de tambour \u00e0 flux externe<\/span><\/a><\/li><li id=\"menu-item-10110\" class=\"menu-item menu-item-type-post_type menu-item-object-page menu-item-10110\"><a href=\"https:\/\/www.anmeksan.com\/fr\/equipement-mecanique\/statik-elek-izgaralar\/\"><i class=\"_mi _before dashicons dashicons-arrow-right-alt2\" aria-hidden=\"true\"><\/i><span>\u00c9cran statique<\/span><\/a><\/li><li id=\"menu-item-10113\" class=\"menu-item menu-item-type-post_type menu-item-object-page menu-item-10113\"><a href=\"https:\/\/www.anmeksan.com\/fr\/equipement-mecanique\/sepet-izgaralar\/\"><i class=\"_mi _before dashicons dashicons-arrow-right-alt2\" aria-hidden=\"true\"><\/i><span>\u00c9cran de panier<\/span><\/a><\/li><\/ul><style>.us_menu_1 .menu>li>a{background:#e8e8e8}.us_menu_1 .menu>li>a{color:#002f66}.us_menu_1 .menu>.menu-item:not(.current-menu-item)>a:hover{background:#002f66}.us_menu_1 .menu>.menu-item:not(.current-menu-item)>a:hover{color:#ffffff}.us_menu_1 .menu>.current-menu-item>a{background:#00b032}.us_menu_1 .menu>.current-menu-item>a{color:#ffffff}@media ( max-width:600px ){.us_menu_1 .menu{display:block!important}.us_menu_1 .menu>li{margin:0 0 var(--main-gap,5px)!important}}<\/style><\/div><div class=\"w-separator size_custom\" style=\"height:10px\"><\/div><div class=\"w-menu layout_ver style_blocks us_menu_2\" style=\"--main-gap:5px;--main-ver-indent:0.8em;--main-hor-indent:0.8em;\"><ul id=\"menu-ekipmanlar-menu\" class=\"menu\"><li id=\"menu-item-10018\" class=\"menu-item menu-item-type-post_type menu-item-object-page menu-item-10018\"><a href=\"https:\/\/www.anmeksan.com\/fr\/equipement-mecanique\/\"><i class=\"_mi _before dashicons dashicons-admin-home\" aria-hidden=\"true\"><\/i><span>Tout \u00e9quipement<\/span><\/a><\/li><\/ul><style>.us_menu_2 .menu>li>a{background:#e8e8e8}.us_menu_2 .menu>li>a{color:#002f66}.us_menu_2 .menu>.menu-item:not(.current-menu-item)>a:hover{background:#002f66}.us_menu_2 .menu>.menu-item:not(.current-menu-item)>a:hover{color:#ffffff}.us_menu_2 .menu>.current-menu-item>a{background:#00b032}.us_menu_2 .menu>.current-menu-item>a{color:#ffffff}@media ( max-width:600px ){.us_menu_2 .menu{display:block!important}.us_menu_2 .menu>li{margin:0 0 var(--main-gap,5px)!important}}<\/style><\/div><div class=\"w-separator size_custom\" style=\"height:10px\"><\/div><div class=\"w-sharing type_solid align_center color_default\"><div class=\"w-sharing-list\"><a class=\"w-sharing-item email\" href=\"mailto:?subject=Mekanik Izgaralar&amp;body=https:\/\/www.anmeksan.com\/fr\/wp-json\/wp\/v2\/pages\/9981\" title=\"Envoyer ceci par courriel\" aria-label=\"Envoyer ceci par courriel\"><i class=\"fas fa-envelope\"><\/i><\/a><a class=\"w-sharing-item facebook\" href=\"https:\/\/www.facebook.com\/sharer\/sharer.php?u=https:\/\/www.anmeksan.com\/fr\/wp-json\/wp\/v2\/pages\/9981&amp;quote=Mekanik Izgaralar\" title=\"Partager ceci\" aria-label=\"Partager ceci\" onclick=\"window.open(this.href, &quot;facebook&quot;, &quot;toolbar=0,width=900,height=500&quot;); return false;\"><i class=\"fab fa-facebook\"><\/i><\/a><a class=\"w-sharing-item twitter\" href=\"https:\/\/twitter.com\/intent\/tweet?text=Mekanik Izgaralar&amp;url=https:\/\/www.anmeksan.com\/fr\/wp-json\/wp\/v2\/pages\/9981\" title=\"Twitter ceci\" aria-label=\"Twitter ceci\" onclick=\"window.open(this.href, &quot;twitter&quot;, &quot;toolbar=0,width=650,height=360&quot;); return false;\"><i class=\"fab fa-twitter\"><\/i><\/a><a class=\"w-sharing-item linkedin\" href=\"https:\/\/www.linkedin.com\/shareArticle?mini=true&amp;url=https:\/\/www.anmeksan.com\/fr\/wp-json\/wp\/v2\/pages\/9981\" title=\"Partager ceci\" aria-label=\"Partager ceci\" onclick=\"window.open(this.href, &quot;linkedin&quot;, &quot;toolbar=no,width=550,height=550&quot;); return false;\"><i class=\"fab fa-linkedin\"><\/i><\/a><a class=\"w-sharing-item whatsapp\" href=\"https:\/\/web.whatsapp.com\/send?text=Mekanik Izgaralar https:\/\/www.anmeksan.com\/fr\/wp-json\/wp\/v2\/pages\/9981\" title=\"Partager ceci\" aria-label=\"Partager ceci\" onclick=\"window.open(this.href, &quot;whatsapp&quot;, &quot;toolbar=0,width=900,height=500&quot;); return false;\"><i class=\"fab fa-whatsapp\"><\/i><\/a><\/div><\/div><\/div><\/div><div class=\"wpb_column vc_column_container\"><div class=\"vc_column-inner\"><h1 style=\"color: #565656;text-align: left;font-family:Roboto;font-weight:900;font-style:normal\" class=\"vc_custom_heading us_custom_16c70a5a\" >\u00c9CRAN M\u00c9CANIQUE<\/h1><div class=\"w-separator size_custom\" style=\"height:10px\"><\/div><div class=\"wpb_text_column\"><div class=\"wpb_wrapper\"><p>\u00e9cran m\u00e9canique ; Il s'agit d'un \u00e9quipement de traitement physique qui retient les mati\u00e8res solides dans les stations d'\u00e9puration fonctionnant \u00e0 des d\u00e9bits \u00e9lev\u00e9s. Les grilles m\u00e9caniques sont fabriqu\u00e9es en acier inoxydable AISI304\/316.<\/p>\n<p>\u00e9cran m\u00e9canique ; Des projets (dimensions du canal) sont produits, y compris des grilles fines et grossi\u00e8res. Selon le projet, il est assembl\u00e9 dans le m\u00eame conduit s\u00e9par\u00e9ment ou combin\u00e9.<\/p>\n<\/div><\/div><div class=\"w-separator size_medium\"><\/div><div class=\"g-cols wpb_row via_grid cols_1 laptops-cols_inherit tablets-cols_inherit mobiles-cols_1 valign_top type_default stacking_default\"><div class=\"wpb_column vc_column_container\"><div class=\"vc_column-inner\"><h2 style=\"color: #565656;text-align: left;font-family:Roboto;font-weight:500;font-style:normal\" class=\"vc_custom_heading us_custom_16c70a5a\" >CARACT\u00c9RISTIQUES G\u00c9N\u00c9RALES<\/h2><div class=\"w-tabs layout_hor style_default switch_click has_scrolling\" style=\"--sections-title-size:1em\"><div class=\"w-tabs-list items_4 align_justify\"><div class=\"w-tabs-list-h\"><a class=\"w-tabs-item active with_icon\" aria-controls=\"content-y01e\" href=\"javascript:void(0);\"><i class=\"fas fa-conveyor-belt-alt\"><\/i><span class=\"w-tabs-item-title\">OP\u00c9RATION<\/span><\/a><a class=\"w-tabs-item with_icon\" aria-controls=\"content-k1b3\" href=\"javascript:void(0);\"><i class=\"fas fa-list-alt\"><\/i><span class=\"w-tabs-item-title\">CARACT\u00c9RISTIQUES<\/span><\/a><a class=\"w-tabs-item with_icon\" aria-controls=\"content-q219\" href=\"javascript:void(0);\"><i class=\"fas fa-images\"><\/i><span class=\"w-tabs-item-title\">IMAGES<\/span><\/a><a class=\"w-tabs-item with_icon\" aria-controls=\"content-s36f\" href=\"javascript:void(0);\"><i class=\"fas fa-books\"><\/i><span class=\"w-tabs-item-title\">DOCUMENTS<\/span><\/a><\/div><\/div><div class=\"w-tabs-sections titles-align_none icon_plus cpos_right\"><div class=\"w-tabs-section active\" id=\"y01e\"><button aria-controls=\"content-y01e\" class=\"w-tabs-section-header active with_icon\"><i class=\"fas fa-conveyor-belt-alt\"><\/i><div class=\"w-tabs-section-title\">OP\u00c9RATION<\/div><div class=\"w-tabs-section-control\"><\/div><\/button><div  class=\"w-tabs-section-content\" id=\"content-y01e\" aria-expanded=\"true\"><div class=\"w-tabs-section-content-h i-cf\"><div class=\"wpb_text_column\"><div class=\"wpb_wrapper\"><p>\u00e9cran m\u00e9canique ; Tandis que les eaux us\u00e9es continuent de s'\u00e9couler \u00e0 travers le canal, les mat\u00e9riaux solides plus grands que l'espacement de l'\u00e9cran sont retenus sur la surface de l'\u00e9cran tout en passant \u00e0 travers les \u00e9crans install\u00e9s qui sont associ\u00e9s au code de plancher du canal. Gr\u00e2ce au r\u00e2teau qui se d\u00e9place automatiquement sur son axe, les particules solides maintenues \u00e0 la surface du tamis sont automatiquement ramen\u00e9es \u00e0 la surface. Les d\u00e9chets form\u00e9s dans la zone de raclage des d\u00e9chets en surface sont \u00e9limin\u00e9s du syst\u00e8me en les transf\u00e9rant vers le bac \u00e0 d\u00e9chets situ\u00e9 \u00e0 l'arri\u00e8re du crible (en option) ou sur le tapis roulant con\u00e7u en fonction du d\u00e9bit de l'installation (en option) avec un grattoir.<\/p>\n<\/div><\/div><\/div><\/div><\/div><div class=\"w-tabs-section\" id=\"k1b3\"><button aria-controls=\"content-k1b3\" class=\"w-tabs-section-header with_icon\"><i class=\"fas fa-list-alt\"><\/i><div class=\"w-tabs-section-title\">CARACT\u00c9RISTIQUES<\/div><div class=\"w-tabs-section-control\"><\/div><\/button><div  class=\"w-tabs-section-content\" id=\"content-k1b3\" aria-expanded=\"false\"><div class=\"w-tabs-section-content-h i-cf\"><div class=\"wpb_text_column\"><div class=\"wpb_wrapper\"><ul>\n<li><strong>Mat\u00e9riel :<\/strong> Acier Inoxydable AISI 304 \/ 316<\/li>\n<li><strong>Gamme d'\u00e9cran\u00a0:<\/strong> 10 mm &#8211; 50 mm<\/li>\n<li><strong>Contr\u00f4ler :<\/strong> Automatique<\/li>\n<li><strong>R\u00e9cipient :<\/strong> Optionnelle<\/li>\n<\/ul>\n<\/div><\/div><\/div><\/div><\/div><div class=\"w-tabs-section\" id=\"q219\"><button aria-controls=\"content-q219\" class=\"w-tabs-section-header with_icon\"><i class=\"fas fa-images\"><\/i><div class=\"w-tabs-section-title\">IMAGES<\/div><div class=\"w-tabs-section-control\"><\/div><\/button><div  class=\"w-tabs-section-content\" id=\"content-q219\" aria-expanded=\"false\"><div class=\"w-tabs-section-content-h i-cf\"><div class=\"w-grid type_grid layout_gallery_default cols_4\" id=\"us_grid_1\" data-filterable=\"true\"><style>#us_grid_1 .w-grid-item{padding:5px}#us_grid_1 .w-grid-list{margin:-5px}.w-grid + #us_grid_1 .w-grid-list,.w-grid-none + #us_grid_1 .w-grid-list{margin-top:5px}@media (max-width:1199px){#us_grid_1 .w-grid-item{width:33.3333%}}@media (max-width:899px){#us_grid_1 .w-grid-item{width:50%}}@media (max-width:599px){#us_grid_1 .w-grid-list{margin:0}#us_grid_1 .w-grid-item{width:100%;padding:0;margin-bottom:5px}}.layout_gallery_default .w-grid-item-h{}<\/style><div class=\"w-grid-list\">\t<article class=\"w-grid-item post-8107 attachment type-attachment status-inherit hentry\" data-id=\"8107\">\n\t\t<div class=\"w-grid-item-h\">\n\t\t\t\t\t\t\t<a class=\"w-grid-item-anchor\" href=\"https:\/\/www.anmeksan.com\/wp-content\/uploads\/2014\/09\/gorsel-hazirlaniyor-anmeksan.png\" ref=\"magnificPopupGrid\" title=\"G\u00f6rsel Haz\u0131rlan\u0131yor\"><\/a>\n\t\t\t\t\t\t<div class=\"w-post-elm post_image usg_post_image_1 stretched\"><img width=\"760\" height=\"400\" src=\"https:\/\/www.anmeksan.com\/wp-content\/uploads\/2014\/09\/gorsel-hazirlaniyor-anmeksan.png\" class=\"attachment-us_600_600_crop size-us_600_600_crop\" alt=\"G\u00f6rsel Haz\u0131rlan\u0131yor\" decoding=\"async\" srcset=\"https:\/\/www.anmeksan.com\/wp-content\/uploads\/2014\/09\/gorsel-hazirlaniyor-anmeksan.png 760w, https:\/\/www.anmeksan.com\/wp-content\/uploads\/2014\/09\/gorsel-hazirlaniyor-anmeksan-300x158.png 300w, https:\/\/www.anmeksan.com\/wp-content\/uploads\/2014\/09\/gorsel-hazirlaniyor-anmeksan-200x105.png 200w, https:\/\/www.anmeksan.com\/wp-content\/uploads\/2014\/09\/gorsel-hazirlaniyor-anmeksan-190x100.png 190w\" sizes=\"(max-width: 760px) 100vw, 760px\" \/><\/div>\t\t<\/div>\n\t<\/article>\n<\/div><div class=\"w-grid-preloader\"><div class=\"g-preloader type_1\">\n\t<div><\/div>\n<\/div>\n<\/div>\t<div class=\"w-grid-json hidden\" onclick='return {&quot;action&quot;:&quot;us_ajax_grid&quot;,&quot;ajax_url&quot;:&quot;https:\\\/\\\/www.anmeksan.com\\\/wp-admin\\\/admin-ajax.php&quot;,&quot;infinite_scroll&quot;:0,&quot;max_num_pages&quot;:1,&quot;pagination&quot;:&quot;none&quot;,&quot;permalink_url&quot;:&quot;https:\\\/\\\/www.anmeksan.com\\\/fr\\\/wp-json\\\/wp\\\/v2\\\/pages\\\/9981&quot;,&quot;template_vars&quot;:{&quot;columns&quot;:&quot;4&quot;,&quot;exclude_items&quot;:&quot;none&quot;,&quot;img_size&quot;:&quot;default&quot;,&quot;ignore_items_size&quot;:false,&quot;items_layout&quot;:&quot;gallery_default&quot;,&quot;items_offset&quot;:&quot;1&quot;,&quot;load_animation&quot;:&quot;none&quot;,&quot;overriding_link&quot;:&quot;popup_post_image&quot;,&quot;post_id&quot;:9981,&quot;query_args&quot;:{&quot;post_type&quot;:[&quot;attachment&quot;],&quot;post__in&quot;:[&quot;8107&quot;],&quot;post_status&quot;:&quot;inherit&quot;,&quot;post_mime_type&quot;:&quot;image&quot;,&quot;posts_per_page&quot;:&quot;4&quot;},&quot;orderby_query_args&quot;:{&quot;orderby&quot;:{&quot;date&quot;:&quot;DESC&quot;}},&quot;type&quot;:&quot;grid&quot;,&quot;us_grid_ajax_index&quot;:1,&quot;us_grid_filter_params&quot;:null,&quot;us_grid_index&quot;:1,&quot;_us_grid_post_type&quot;:&quot;attachment&quot;}}'><\/div>\n\t<\/div><\/div><\/div><\/div><div class=\"w-tabs-section\" id=\"s36f\"><button aria-controls=\"content-s36f\" class=\"w-tabs-section-header with_icon\"><i class=\"fas fa-books\"><\/i><div class=\"w-tabs-section-title\">DOCUMENTS<\/div><div class=\"w-tabs-section-control\"><\/div><\/button><div  class=\"w-tabs-section-content\" id=\"content-s36f\" aria-expanded=\"false\"><div class=\"w-tabs-section-content-h i-cf\"><div class=\"w-btn-wrapper align_left\"><a class=\"w-btn us-btn-style_9 icon_atleft\" href=\"#\"><i class=\"fas fa-download\"><\/i><span class=\"w-btn-label\">DOCUMENTATION TECHNIQUE<\/span><\/a><\/div><\/div><\/div><\/div><\/div><\/div><\/div><\/div><\/div><div class=\"w-separator size_small\"><\/div><\/div><\/div><\/div><\/div><\/section>","protected":false},"excerpt":{"rendered":"G\u00f6rsel Haz\u0131rlan\u0131yor","protected":false},"author":1,"featured_media":9904,"parent":9890,"menu_order":0,"comment_status":"closed","ping_status":"closed","template":"","meta":{"inline_featured_image":false},"acf":[],"yoast_head":"<!-- This site is optimized with the Yoast SEO Premium plugin v18.7 (Yoast SEO v19.4) - https:\/\/yoast.com\/wordpress\/plugins\/seo\/ -->\n<title>Mekanik Izgaralar - Anmeksan Ar\u0131tma A.\u015e<\/title>\n<meta name=\"description\" content=\"Mekanik \u0131zgaralar, ar\u0131tma ekipmanlar\u0131, ankara mekanik \u0131zgara imalat\u0131, ar\u0131tma tesisi ekipmanlar\u0131, ekipman imalat\u00e7\u0131s\u0131, kaba \u0131zgara,\" \/>\n<meta name=\"robots\" content=\"index, follow, max-snippet:-1, max-image-preview:large, max-video-preview:-1\" \/>\n<link rel=\"canonical\" href=\"https:\/\/www.anmeksan.com\/fr\/equipement-mecanique\/ecrane-mecanique\/\" \/>\n<meta property=\"og:locale\" content=\"fr_FR\" \/>\n<meta property=\"og:type\" content=\"article\" \/>\n<meta property=\"og:title\" content=\"Mekanik Izgaralar\" \/>\n<meta property=\"og:description\" content=\"Mekanik \u0131zgaralar, ar\u0131tma ekipmanlar\u0131, ankara mekanik \u0131zgara imalat\u0131, ar\u0131tma tesisi ekipmanlar\u0131, ekipman imalat\u00e7\u0131s\u0131, kaba \u0131zgara,\" \/>\n<meta property=\"og:url\" content=\"https:\/\/www.anmeksan.com\/fr\/equipement-mecanique\/ecrane-mecanique\/\" \/>\n<meta property=\"og:site_name\" content=\"Anmeksan Ar\u0131tma A.\u015e\" \/>\n<meta property=\"article:publisher\" content=\"https:\/\/www.facebook.com\/anmeksan.aritmaas\" \/>\n<meta property=\"article:modified_time\" content=\"2022-08-10T06:28:52+00:00\" \/>\n<meta property=\"og:image\" content=\"https:\/\/www.anmeksan.com\/wp-content\/uploads\/2022\/05\/mekanik-izgara.jpg\" \/>\n\t<meta property=\"og:image:width\" content=\"900\" \/>\n\t<meta property=\"og:image:height\" content=\"1600\" \/>\n\t<meta property=\"og:image:type\" content=\"image\/jpeg\" \/>\n<meta name=\"twitter:card\" content=\"summary_large_image\" \/>\n<meta name=\"twitter:site\" content=\"@anmeksan\" \/>\n<meta name=\"twitter:label1\" content=\"Dur\u00e9e de lecture estim\u00e9e\" \/>\n\t<meta name=\"twitter:data1\" content=\"2 minutes\" \/>\n<!-- \/ Yoast SEO Premium plugin. -->","yoast_head_json":{"title":"Mekanik Izgaralar - Anmeksan Ar\u0131tma A.\u015e","description":"Mekanik \u0131zgaralar, ar\u0131tma ekipmanlar\u0131, ankara mekanik \u0131zgara imalat\u0131, ar\u0131tma tesisi ekipmanlar\u0131, ekipman imalat\u00e7\u0131s\u0131, kaba \u0131zgara,","robots":{"index":"index","follow":"follow","max-snippet":"max-snippet:-1","max-image-preview":"max-image-preview:large","max-video-preview":"max-video-preview:-1"},"canonical":"https:\/\/www.anmeksan.com\/fr\/equipement-mecanique\/ecrane-mecanique\/","og_locale":"fr_FR","og_type":"article","og_title":"Mekanik Izgaralar","og_description":"Mekanik \u0131zgaralar, ar\u0131tma ekipmanlar\u0131, ankara mekanik \u0131zgara imalat\u0131, ar\u0131tma tesisi ekipmanlar\u0131, ekipman imalat\u00e7\u0131s\u0131, kaba \u0131zgara,","og_url":"https:\/\/www.anmeksan.com\/fr\/equipement-mecanique\/ecrane-mecanique\/","og_site_name":"Anmeksan Ar\u0131tma A.\u015e","article_publisher":"https:\/\/www.facebook.com\/anmeksan.aritmaas","article_modified_time":"2022-08-10T06:28:52+00:00","og_image":[{"width":900,"height":1600,"url":"https:\/\/www.anmeksan.com\/wp-content\/uploads\/2022\/05\/mekanik-izgara.jpg","type":"image\/jpeg"}],"twitter_card":"summary_large_image","twitter_site":"@anmeksan","twitter_misc":{"Dur\u00e9e de lecture estim\u00e9e":"2 minutes"},"schema":{"@context":"https:\/\/schema.org","@graph":[{"@type":"Organization","@id":"https:\/\/www.anmeksan.com\/#organization","name":"Anmeksan Ar\u0131tma A.\u015e","url":"https:\/\/www.anmeksan.com\/","sameAs":["https:\/\/www.facebook.com\/anmeksan.aritmaas","https:\/\/twitter.com\/anmeksan"],"logo":{"@type":"ImageObject","inLanguage":"fr-FR","@id":"https:\/\/www.anmeksan.com\/#\/schema\/logo\/image\/","url":"https:\/\/www.anmeksan.com\/wp-content\/uploads\/2022\/04\/logo.svg","contentUrl":"https:\/\/www.anmeksan.com\/wp-content\/uploads\/2022\/04\/logo.svg","width":"1024","height":"1024","caption":"Anmeksan Ar\u0131tma A.\u015e"},"image":{"@id":"https:\/\/www.anmeksan.com\/#\/schema\/logo\/image\/"}},{"@type":"WebSite","@id":"https:\/\/www.anmeksan.com\/#website","url":"https:\/\/www.anmeksan.com\/","name":"Anmeksan Ar\u0131tma A.\u015e","description":"Paket Ar\u0131tma Sistemleri, MBR ve MBBR Ar\u0131tma","publisher":{"@id":"https:\/\/www.anmeksan.com\/#organization"},"potentialAction":[{"@type":"SearchAction","target":{"@type":"EntryPoint","urlTemplate":"https:\/\/www.anmeksan.com\/?s={search_term_string}"},"query-input":"required name=search_term_string"}],"inLanguage":"fr-FR"},{"@type":"WebPage","@id":"https:\/\/www.anmeksan.com\/mekanik-ekipmanlar\/mekanik-izgaralar\/","url":"https:\/\/www.anmeksan.com\/mekanik-ekipmanlar\/mekanik-izgaralar\/","name":"Mekanik Izgaralar - Anmeksan Ar\u0131tma A.\u015e","isPartOf":{"@id":"https:\/\/www.anmeksan.com\/#website"},"datePublished":"2022-05-09T19:47:09+00:00","dateModified":"2022-08-10T06:28:52+00:00","description":"Mekanik \u0131zgaralar, ar\u0131tma ekipmanlar\u0131, ankara mekanik \u0131zgara imalat\u0131, ar\u0131tma tesisi ekipmanlar\u0131, ekipman imalat\u00e7\u0131s\u0131, kaba \u0131zgara,","breadcrumb":{"@id":"https:\/\/www.anmeksan.com\/mekanik-ekipmanlar\/mekanik-izgaralar\/#breadcrumb"},"inLanguage":"fr-FR","potentialAction":[{"@type":"ReadAction","target":["https:\/\/www.anmeksan.com\/mekanik-ekipmanlar\/mekanik-izgaralar\/"]}]},{"@type":"BreadcrumbList","@id":"https:\/\/www.anmeksan.com\/mekanik-ekipmanlar\/mekanik-izgaralar\/#breadcrumb","itemListElement":[{"@type":"ListItem","position":1,"name":"Ana Sayfa","item":"https:\/\/www.anmeksan.com\/"},{"@type":"ListItem","position":2,"name":"Mekanik Ekipmanlar","item":"https:\/\/www.anmeksan.com\/mekanik-ekipmanlar\/"},{"@type":"ListItem","position":3,"name":"Mekanik Izgaralar"}]}]}},"_links":{"self":[{"href":"https:\/\/www.anmeksan.com\/fr\/wp-json\/wp\/v2\/pages\/9981"}],"collection":[{"href":"https:\/\/www.anmeksan.com\/fr\/wp-json\/wp\/v2\/pages"}],"about":[{"href":"https:\/\/www.anmeksan.com\/fr\/wp-json\/wp\/v2\/types\/page"}],"author":[{"embeddable":true,"href":"https:\/\/www.anmeksan.com\/fr\/wp-json\/wp\/v2\/users\/1"}],"replies":[{"embeddable":true,"href":"https:\/\/www.anmeksan.com\/fr\/wp-json\/wp\/v2\/comments?post=9981"}],"version-history":[{"count":0,"href":"https:\/\/www.anmeksan.com\/fr\/wp-json\/wp\/v2\/pages\/9981\/revisions"}],"up":[{"embeddable":true,"href":"https:\/\/www.anmeksan.com\/fr\/wp-json\/wp\/v2\/pages\/9890"}],"wp:featuredmedia":[{"embeddable":true,"href":"https:\/\/www.anmeksan.com\/fr\/wp-json\/wp\/v2\/media\/9904"}],"wp:attachment":[{"href":"https:\/\/www.anmeksan.com\/fr\/wp-json\/wp\/v2\/media?parent=9981"}],"curies":[{"name":"wp","href":"https:\/\/api.w.org\/{rel}","templated":true}]}}