{"id":3,"date":"2022-04-22T20:02:48","date_gmt":"2022-04-22T20:02:48","guid":{"rendered":"https:\/\/anmeksan.com\/?page_id=3"},"modified":"2022-05-15T16:08:29","modified_gmt":"2022-05-15T16:08:29","slug":"gizlilik-politikasi","status":"publish","type":"page","link":"https:\/\/www.anmeksan.com\/ro\/gizlilik-politikasi\/","title":{"rendered":"Politica de Confiden\u021bialitate"},"content":{"rendered":"<p>Web sitemizi <strong>(http:\/\/www.anmeksan.com)<\/strong> ziyaretlerinizde site kullan\u0131m\u0131na ili\u015fkin bilgi toplamak i\u00e7in \u00e7erezler kullan\u0131labilmektedir.<\/p>\n<p>\u00c7erez, bir web sitesinin, taray\u0131c\u0131n\u0131zdan, bilgisayar\u0131n\u0131zda veya mobil cihaz\u0131n\u0131da saklanmas\u0131n\u0131 istedi\u011fi k\u00fc\u00e7\u00fck bir veri par\u00e7as\u0131d\u0131r. Web sitemizi\/sitelerimizi ziyaret deneyimini zenginle\u015ftirmek i\u00e7in \u00e7erezleri kullan\u0131yoruz.<\/p>\n<p>Ge\u00e7erlilik s\u00fcrelerine g\u00f6re Kal\u0131c\u0131 \u00c7erez ve Otururm \u00c7erezi olarak iki \u00e7erez tipi bulunmaktad\u0131r. Oturum \u00e7erezleri internet sitesini ziyaret etti\u011finiz esnada olu\u015fturulur ve taray\u0131c\u0131n\u0131z\u0131 kapatt\u0131\u011f\u0131n\u0131zda s\u00fcresi sona erer. Kal\u0131c\u0131 \u00e7erezler ise internet sitesindeki tercihlerinizi hat\u0131rlamak i\u00e7in kullan\u0131l\u0131r ve siz silinceye veya s\u00fcreleri doluncaya kadar kal\u0131r.<\/p>\n<p>Web sitemiz oturum ve kal\u0131c\u0131 tip \u00e7erezleri, ilgi alanlar\u0131n\u0131za ve tercihlerinize g\u00f6re d\u00fczenleme yapmak i\u00e7in kullanabilmektedir. \u015eirketimiz taraf\u0131ndan tasarlanm\u0131\u015f \u00e7erezlerin yan\u0131 s\u0131ra \u00fc\u00e7\u00fcnc\u00fc taraflardan al\u0131nan hizmetler kapsam\u0131nda da \u00e7erez kullan\u0131labilmektedir.<\/p>\n<p>Hemen hemen t\u00fcm internet taray\u0131c\u0131lar\u0131, \u00e7erezleri otomatik olarak kabul edecek \u015fekilde \u00f6n tan\u0131ml\u0131d\u0131r. Ancak \u00e7erezleri diledi\u011finiz gibi kontrol edebilir veya silebilirsiniz. \u00c7erezleri y\u00f6netmek, taray\u0131c\u0131dan taray\u0131c\u0131ya farkl\u0131l\u0131k g\u00f6sterdi\u011finden ayr\u0131nt\u0131l\u0131 bilgi almak i\u00e7in taray\u0131c\u0131n\u0131n yard\u0131m men\u00fcs\u00fcne bak\u0131labilirsiniz.<\/p>\n<p>\u00c7o\u011fu Internet taray\u0131c\u0131s\u0131 a\u015fa\u011f\u0131dakileri yapman\u0131za olanak tan\u0131r:<\/p>\n<p>Kaydedilmi\u015f \u00e7erezleri g\u00f6r\u00fcnt\u00fcleme ve dilediklerinizi silme<br \/>\n\u00dc\u00e7\u00fcnc\u00fc taraf \u00e7erezleri engelleme<br \/>\nBelli sitelerden \u00e7erezleri engelleme<br \/>\nT\u00fcm \u00e7erezleri engelleme<br \/>\nInternet taray\u0131c\u0131s\u0131n\u0131 kapatt\u0131\u011f\u0131n\u0131zda t\u00fcm \u00e7erezleri silme<br \/>\n\u00c7erezleri silmeyi tercih ederseniz ilgili web sitesindeki tercihleriniz silinecektir. Ayr\u0131ca, \u00e7erezleri tamamen engellemeyi tercih ederseniz \u015eirketimize ait web siteleri dahil olmak \u00fczere bir \u00e7ok web sitesinin d\u00fczg\u00fcn \u00e7al\u0131\u015fmayabilece\u011fini hat\u0131rlatmak isteriz. \u200b<\/p>\n<p>Web sitemizde kullanabilece\u011fimiz \u00e7erezler arac\u0131l\u0131\u011f\u0131yla toplanan ki\u015fisel verilerinize ili\u015fkin detayl\u0131 bilgiye <a href=\"https:\/\/www.anmeksan.com\/ro\/kvkk-aydinlatma-metni\/\">Ki\u015fisel Verilerin Korunmas\u0131 Hakk\u0131nda Ayd\u0131nlatma Metni<\/a>\u2019nden ula\u015fabilirsiniz.<\/p>","protected":false},"excerpt":{"rendered":"<p>Web sitemizi (http:\/\/www.anmeksan.com) ziyaretlerinizde site kullan\u0131m\u0131na ili\u015fkin bilgi toplamak i\u00e7in \u00e7erezler kullan\u0131labilmektedir. \u00c7erez, bir web sitesinin, taray\u0131c\u0131n\u0131zdan, bilgisayar\u0131n\u0131zda veya mobil cihaz\u0131n\u0131da saklanmas\u0131n\u0131 istedi\u011fi k\u00fc\u00e7\u00fck bir veri par\u00e7as\u0131d\u0131r. Web sitemizi\/sitelerimizi ziyaret deneyimini zenginle\u015ftirmek i\u00e7in \u00e7erezleri kullan\u0131yoruz. Ge\u00e7erlilik s\u00fcrelerine g\u00f6re Kal\u0131c\u0131 \u00c7erez ve Otururm \u00c7erezi olarak iki \u00e7erez tipi bulunmaktad\u0131r. Oturum \u00e7erezleri internet sitesini ziyaret etti\u011finiz esnada&#8230;<\/p>","protected":false},"author":1,"featured_media":0,"parent":0,"menu_order":0,"comment_status":"closed","ping_status":"open","template":"","meta":{"inline_featured_image":false},"acf":[],"yoast_head":"<!-- This site is optimized with the Yoast SEO Premium plugin v18.7 (Yoast SEO v19.4) - https:\/\/yoast.com\/wordpress\/plugins\/seo\/ -->\n<title>Gizlilik Politikas\u0131 - Anmeksan Ar\u0131tma A.\u015e<\/title>\n<meta name=\"robots\" content=\"index, follow, max-snippet:-1, max-image-preview:large, max-video-preview:-1\" \/>\n<link rel=\"canonical\" href=\"https:\/\/www.anmeksan.com\/ro\/gizlilik-politikasi\/\" \/>\n<meta property=\"og:locale\" content=\"ro_RO\" \/>\n<meta property=\"og:type\" content=\"article\" \/>\n<meta property=\"og:title\" content=\"Gizlilik Politikas\u0131\" \/>\n<meta property=\"og:description\" content=\"Web sitemizi (http:\/\/www.anmeksan.com) ziyaretlerinizde site kullan\u0131m\u0131na ili\u015fkin bilgi toplamak i\u00e7in \u00e7erezler kullan\u0131labilmektedir. \u00c7erez, bir web sitesinin, taray\u0131c\u0131n\u0131zdan, bilgisayar\u0131n\u0131zda veya mobil cihaz\u0131n\u0131da saklanmas\u0131n\u0131 istedi\u011fi k\u00fc\u00e7\u00fck bir veri par\u00e7as\u0131d\u0131r. Web sitemizi\/sitelerimizi ziyaret deneyimini zenginle\u015ftirmek i\u00e7in \u00e7erezleri kullan\u0131yoruz. Ge\u00e7erlilik s\u00fcrelerine g\u00f6re Kal\u0131c\u0131 \u00c7erez ve Otururm \u00c7erezi olarak iki \u00e7erez tipi bulunmaktad\u0131r. Oturum \u00e7erezleri internet sitesini ziyaret etti\u011finiz esnada...\" \/>\n<meta property=\"og:url\" content=\"https:\/\/www.anmeksan.com\/ro\/gizlilik-politikasi\/\" \/>\n<meta property=\"og:site_name\" content=\"Anmeksan Ar\u0131tma A.\u015e\" \/>\n<meta property=\"article:publisher\" content=\"https:\/\/www.facebook.com\/anmeksan.aritmaas\" \/>\n<meta property=\"article:modified_time\" content=\"2022-05-15T16:08:29+00:00\" \/>\n<meta name=\"twitter:card\" content=\"summary_large_image\" \/>\n<meta name=\"twitter:site\" content=\"@anmeksan\" \/>\n<meta name=\"twitter:label1\" content=\"Timp estimat pentru citire\" \/>\n\t<meta name=\"twitter:data1\" content=\"2 minute\" \/>\n<!-- \/ Yoast SEO Premium plugin. -->","yoast_head_json":{"title":"Gizlilik Politikas\u0131 - Anmeksan Ar\u0131tma A.\u015e","robots":{"index":"index","follow":"follow","max-snippet":"max-snippet:-1","max-image-preview":"max-image-preview:large","max-video-preview":"max-video-preview:-1"},"canonical":"https:\/\/www.anmeksan.com\/ro\/gizlilik-politikasi\/","og_locale":"ro_RO","og_type":"article","og_title":"Gizlilik Politikas\u0131","og_description":"Web sitemizi (http:\/\/www.anmeksan.com) ziyaretlerinizde site kullan\u0131m\u0131na ili\u015fkin bilgi toplamak i\u00e7in \u00e7erezler kullan\u0131labilmektedir. \u00c7erez, bir web sitesinin, taray\u0131c\u0131n\u0131zdan, bilgisayar\u0131n\u0131zda veya mobil cihaz\u0131n\u0131da saklanmas\u0131n\u0131 istedi\u011fi k\u00fc\u00e7\u00fck bir veri par\u00e7as\u0131d\u0131r. Web sitemizi\/sitelerimizi ziyaret deneyimini zenginle\u015ftirmek i\u00e7in \u00e7erezleri kullan\u0131yoruz. Ge\u00e7erlilik s\u00fcrelerine g\u00f6re Kal\u0131c\u0131 \u00c7erez ve Otururm \u00c7erezi olarak iki \u00e7erez tipi bulunmaktad\u0131r. Oturum \u00e7erezleri internet sitesini ziyaret etti\u011finiz esnada...","og_url":"https:\/\/www.anmeksan.com\/ro\/gizlilik-politikasi\/","og_site_name":"Anmeksan Ar\u0131tma A.\u015e","article_publisher":"https:\/\/www.facebook.com\/anmeksan.aritmaas","article_modified_time":"2022-05-15T16:08:29+00:00","twitter_card":"summary_large_image","twitter_site":"@anmeksan","twitter_misc":{"Timp estimat pentru citire":"2 minute"},"schema":{"@context":"https:\/\/schema.org","@graph":[{"@type":"Organization","@id":"https:\/\/www.anmeksan.com\/#organization","name":"Anmeksan Ar\u0131tma A.\u015e","url":"https:\/\/www.anmeksan.com\/","sameAs":["https:\/\/www.facebook.com\/anmeksan.aritmaas","https:\/\/twitter.com\/anmeksan"],"logo":{"@type":"ImageObject","inLanguage":"ro-RO","@id":"https:\/\/www.anmeksan.com\/#\/schema\/logo\/image\/","url":"https:\/\/www.anmeksan.com\/wp-content\/uploads\/2022\/04\/logo.svg","contentUrl":"https:\/\/www.anmeksan.com\/wp-content\/uploads\/2022\/04\/logo.svg","width":"1024","height":"1024","caption":"Anmeksan Ar\u0131tma A.\u015e"},"image":{"@id":"https:\/\/www.anmeksan.com\/#\/schema\/logo\/image\/"}},{"@type":"WebSite","@id":"https:\/\/www.anmeksan.com\/#website","url":"https:\/\/www.anmeksan.com\/","name":"Anmeksan Ar\u0131tma A.\u015e","description":"Paket Ar\u0131tma Sistemleri, MBR ve MBBR Ar\u0131tma","publisher":{"@id":"https:\/\/www.anmeksan.com\/#organization"},"potentialAction":[{"@type":"SearchAction","target":{"@type":"EntryPoint","urlTemplate":"https:\/\/www.anmeksan.com\/?s={search_term_string}"},"query-input":"required name=search_term_string"}],"inLanguage":"ro-RO"},{"@type":"WebPage","@id":"https:\/\/www.anmeksan.com\/gizlilik-politikasi\/","url":"https:\/\/www.anmeksan.com\/gizlilik-politikasi\/","name":"Gizlilik Politikas\u0131 - Anmeksan Ar\u0131tma A.\u015e","isPartOf":{"@id":"https:\/\/www.anmeksan.com\/#website"},"datePublished":"2022-04-22T20:02:48+00:00","dateModified":"2022-05-15T16:08:29+00:00","breadcrumb":{"@id":"https:\/\/www.anmeksan.com\/gizlilik-politikasi\/#breadcrumb"},"inLanguage":"ro-RO","potentialAction":[{"@type":"ReadAction","target":["https:\/\/www.anmeksan.com\/gizlilik-politikasi\/"]}]},{"@type":"BreadcrumbList","@id":"https:\/\/www.anmeksan.com\/gizlilik-politikasi\/#breadcrumb","itemListElement":[{"@type":"ListItem","position":1,"name":"Ana Sayfa","item":"https:\/\/www.anmeksan.com\/"},{"@type":"ListItem","position":2,"name":"Gizlilik Politikas\u0131"}]}]}},"_links":{"self":[{"href":"https:\/\/www.anmeksan.com\/ro\/wp-json\/wp\/v2\/pages\/3"}],"collection":[{"href":"https:\/\/www.anmeksan.com\/ro\/wp-json\/wp\/v2\/pages"}],"about":[{"href":"https:\/\/www.anmeksan.com\/ro\/wp-json\/wp\/v2\/types\/page"}],"author":[{"embeddable":true,"href":"https:\/\/www.anmeksan.com\/ro\/wp-json\/wp\/v2\/users\/1"}],"replies":[{"embeddable":true,"href":"https:\/\/www.anmeksan.com\/ro\/wp-json\/wp\/v2\/comments?post=3"}],"version-history":[{"count":0,"href":"https:\/\/www.anmeksan.com\/ro\/wp-json\/wp\/v2\/pages\/3\/revisions"}],"wp:attachment":[{"href":"https:\/\/www.anmeksan.com\/ro\/wp-json\/wp\/v2\/media?parent=3"}],"curies":[{"name":"wp","href":"https:\/\/api.w.org\/{rel}","templated":true}]}}