{"id":8531,"date":"2022-04-26T14:54:04","date_gmt":"2022-04-26T14:54:04","guid":{"rendered":"https:\/\/anmeksan.com\/?page_id=8531"},"modified":"2022-06-06T20:18:35","modified_gmt":"2022-06-06T20:18:35","slug":"periyodik-kontrol-hizmetleri","status":"publish","type":"page","link":"https:\/\/www.anmeksan.com\/ro\/servicii\/periyodik-kontrol-hizmetleri\/","title":{"rendered":"SERVICII DE CONTROL \u015eI OPERARE PERIODICE"},"content":{"rendered":"<section class=\"l-section wpb_row height_small with_img\"><div class=\"l-section-img\" style=\"background-image: url(https:\/\/www.anmeksan.com\/wp-content\/uploads\/2022\/05\/header-anmeksan-blue.png);\" data-img-width=\"1920\" data-img-height=\"352\"><\/div><div class=\"l-section-h i-cf\"><div class=\"g-cols vc_row via_grid cols_2-1 laptops-cols_inherit tablets-cols_inherit mobiles-cols_1 valign_top type_default stacking_default\"><div class=\"wpb_column vc_column_container\"><div class=\"vc_column-inner\"><h2 class=\"w-post-elm post_title us_custom_ed05b3dd has_text_color align_left entry-title color_link_inherit\">SERVICII DE CONTROL \u015eI OPERARE PERIODICE<\/h2><div class=\"w-html us_custom_6df4bc3a has_text_color\"><span><span><a href=\"https:\/\/www.anmeksan.com\/ro\/\">Pagina Principala<\/a><\/span><\/div><div class=\"w-separator size_custom\" style=\"height:20px\"><\/div><\/div><\/div><div class=\"wpb_column vc_column_container\"><div class=\"vc_column-inner\"><div class=\"w-image align_none\"><div class=\"w-image-h\"><img width=\"150\" height=\"50\" src=\"https:\/\/www.anmeksan.com\/wp-content\/uploads\/2022\/04\/anmeksan-kalite-iso.png\" class=\"attachment-full size-full\" alt=\"Anmeksan Kalite\" decoding=\"async\" \/><\/div><\/div><div class=\"w-separator size_custom\" style=\"height:3px\"><\/div><div class=\"w-image align_none\"><div class=\"w-image-h\"><img width=\"300\" height=\"50\" src=\"https:\/\/www.anmeksan.com\/wp-content\/uploads\/2014\/09\/banner-ust-uyelik.png\" class=\"attachment-large size-large\" alt=\"Banner \u00dcyelik\" decoding=\"async\" srcset=\"https:\/\/www.anmeksan.com\/wp-content\/uploads\/2014\/09\/banner-ust-uyelik.png 300w, https:\/\/www.anmeksan.com\/wp-content\/uploads\/2014\/09\/banner-ust-uyelik-200x33.png 200w\" sizes=\"(max-width: 300px) 100vw, 300px\" \/><\/div><\/div><\/div><\/div><\/div><\/div><\/section><section class=\"l-section wpb_row height_medium\"><div class=\"l-section-h i-cf\"><div class=\"g-cols vc_row via_grid cols_1-3 laptops-cols_inherit tablets-cols_inherit mobiles-cols_1 valign_top type_default stacking_default\"><div class=\"wpb_column vc_column_container\"><div class=\"vc_column-inner\"><div class=\"w-menu layout_ver style_blocks us_menu_1\" style=\"--main-gap:5px;--main-ver-indent:0.8em;--main-hor-indent:0.8em;\"><ul id=\"menu-sol-ana-menu\" class=\"menu\"><li id=\"menu-item-8332\" class=\"menu-item menu-item-type-post_type menu-item-object-page menu-item-home menu-item-8332\"><a href=\"https:\/\/www.anmeksan.com\/ro\/\"><i class=\"_mi _before dashicons dashicons-arrow-right-alt2\" aria-hidden=\"true\"><\/i><span>Pagina Principala<\/span><\/a><\/li><li id=\"menu-item-8557\" class=\"menu-item menu-item-type-post_type menu-item-object-page menu-item-8557\"><a href=\"https:\/\/www.anmeksan.com\/ro\/servicii\/\"><i class=\"_mi _before dashicons dashicons-arrow-right-alt2\" aria-hidden=\"true\"><\/i><span>Servicii<\/span><\/a><\/li><li id=\"menu-item-8333\" class=\"menu-item menu-item-type-post_type menu-item-object-page menu-item-8333\"><a href=\"https:\/\/www.anmeksan.com\/ro\/projeler\/\"><i class=\"_mi _before dashicons dashicons-arrow-right-alt2\" aria-hidden=\"true\"><\/i><span>Proiecte<\/span><\/a><\/li><li id=\"menu-item-8911\" class=\"menu-item menu-item-type-taxonomy menu-item-object-category menu-item-8911\"><a href=\"https:\/\/www.anmeksan.com\/ro\/category\/haberler\/\"><i class=\"_mi _before dashicons dashicons-arrow-right-alt2\" aria-hidden=\"true\"><\/i><span>\u0218tiri<\/span><\/a><\/li><li id=\"menu-item-8912\" class=\"menu-item menu-item-type-post_type menu-item-object-page menu-item-8912\"><a href=\"https:\/\/www.anmeksan.com\/ro\/blog\/\"><i class=\"_mi _before dashicons dashicons-arrow-right-alt2\" aria-hidden=\"true\"><\/i><span>Blog<\/span><\/a><\/li><li id=\"menu-item-8338\" class=\"menu-item menu-item-type-post_type menu-item-object-page menu-item-8338\"><a href=\"https:\/\/www.anmeksan.com\/ro\/contact-ro\/\"><i class=\"_mi _before dashicons dashicons-arrow-right-alt2\" aria-hidden=\"true\"><\/i><span>Comunicare<\/span><\/a><\/li><\/ul><style>.us_menu_1 .menu>li>a{background:#e8e8e8}.us_menu_1 .menu>li>a{color:#002f66}.us_menu_1 .menu>.menu-item:not(.current-menu-item)>a:hover{background:#002f66}.us_menu_1 .menu>.menu-item:not(.current-menu-item)>a:hover{color:#ffffff}.us_menu_1 .menu>.current-menu-item>a{background:#00b032}.us_menu_1 .menu>.current-menu-item>a{color:#ffffff}@media ( max-width:600px ){.us_menu_1 .menu{display:block!important}.us_menu_1 .menu>li{margin:0 0 var(--main-gap,5px)!important}}<\/style><\/div><div class=\"w-separator size_custom\" style=\"height:10px\"><\/div><div class=\"w-btn-wrapper width_full\"><a class=\"w-btn us-btn-style_6 us_custom_1f257949 icon_atleft\" title=\"CATALOGURI\" href=\"https:\/\/www.anmeksan.com\/ro\/katalog\/\"><i class=\"fas fa-file-pdf\"><\/i><span class=\"w-btn-label\">CATALOGURI<\/span><\/a><\/div><div class=\"w-btn-wrapper width_full\"><a class=\"w-btn us-btn-style_8 us_custom_1f257949 icon_atleft\" title=\"Cereri de cotatie\" href=\"\/ro\/teklif-telepleri\/\"><i class=\"fas fa-file-edit\"><\/i><span class=\"w-btn-label\">CERERE OFERTA<\/span><\/a><\/div><div class=\"w-btn-wrapper width_full\"><a class=\"w-btn us-btn-style_9 us_custom_1f257949 icon_atleft\" title=\"RECUPERARE\" href=\"https:\/\/www.anmeksan.com\/ro\/temsilcilik-basvurusu\/\"><i class=\"fas fa-file-alt\"><\/i><span class=\"w-btn-label\">RECUPERARE<\/span><\/a><\/div><div class=\"w-sharing type_solid align_center color_default\"><div class=\"w-sharing-list\" data-content-image=\"true\"><a class=\"w-sharing-item email\" href=\"mailto:?subject=Periyodik Kontrol Hizmetleri&amp;body=https:\/\/www.anmeksan.com\/ro\/wp-json\/wp\/v2\/pages\/8531\" title=\"Email this\" aria-label=\"Email this\"><i class=\"fas fa-envelope\"><\/i><\/a><a class=\"w-sharing-item facebook\" href=\"https:\/\/www.facebook.com\/sharer\/sharer.php?u=https:\/\/www.anmeksan.com\/ro\/wp-json\/wp\/v2\/pages\/8531&amp;quote=Periyodik Kontrol Hizmetleri\" title=\"Share this\" aria-label=\"Share this\" onclick=\"window.open(this.href, &quot;facebook&quot;, &quot;toolbar=0,width=900,height=500&quot;); return false;\"><i class=\"fab fa-facebook\"><\/i><\/a><a class=\"w-sharing-item twitter\" href=\"https:\/\/twitter.com\/intent\/tweet?text=Periyodik Kontrol Hizmetleri&amp;url=https:\/\/www.anmeksan.com\/ro\/wp-json\/wp\/v2\/pages\/8531\" title=\"Tweet this\" aria-label=\"Tweet this\" onclick=\"window.open(this.href, &quot;twitter&quot;, &quot;toolbar=0,width=650,height=360&quot;); return false;\"><i class=\"fab fa-twitter\"><\/i><\/a><a class=\"w-sharing-item linkedin\" href=\"https:\/\/www.linkedin.com\/shareArticle?mini=true&amp;url=https:\/\/www.anmeksan.com\/ro\/wp-json\/wp\/v2\/pages\/8531\" title=\"Share this\" aria-label=\"Share this\" onclick=\"window.open(this.href, &quot;linkedin&quot;, &quot;toolbar=no,width=550,height=550&quot;); return false;\"><i class=\"fab fa-linkedin\"><\/i><\/a><a class=\"w-sharing-item whatsapp\" href=\"https:\/\/web.whatsapp.com\/send?text=Periyodik Kontrol Hizmetleri https:\/\/www.anmeksan.com\/ro\/wp-json\/wp\/v2\/pages\/8531\" title=\"Share this\" aria-label=\"Share this\" onclick=\"window.open(this.href, &quot;whatsapp&quot;, &quot;toolbar=0,width=900,height=500&quot;); return false;\"><i class=\"fab fa-whatsapp\"><\/i><\/a><\/div><\/div><\/div><\/div><div class=\"wpb_column vc_column_container\"><div class=\"vc_column-inner\"><h1 style=\"text-align: left;font-family:Roboto;font-weight:900;font-style:normal\" class=\"vc_custom_heading us_custom_16c70a5a\" >PER\u0130YOD\u0130K KONTROL H\u0130ZMETLER\u0130<\/h1><div class=\"w-image align_none\"><div class=\"w-image-h\"><img width=\"800\" height=\"250\" src=\"https:\/\/www.anmeksan.com\/wp-content\/uploads\/2022\/06\/periyodik-kontrol.png\" class=\"attachment-full size-full\" alt=\"SERVICII DE CONTROL \u015eI OPERARE PERIODICE\" decoding=\"async\" srcset=\"https:\/\/www.anmeksan.com\/wp-content\/uploads\/2022\/06\/periyodik-kontrol.png 800w, https:\/\/www.anmeksan.com\/wp-content\/uploads\/2022\/06\/periyodik-kontrol-300x94.png 300w, https:\/\/www.anmeksan.com\/wp-content\/uploads\/2022\/06\/periyodik-kontrol-200x63.png 200w\" sizes=\"(max-width: 800px) 100vw, 800px\" \/><\/div><\/div><div class=\"w-separator size_custom\" style=\"height:10px\"><\/div><div class=\"wpb_text_column us_custom_432d3f53\"><div class=\"wpb_wrapper\"><p><strong>Periyodik Kontrol Hizmetleri ;<\/strong> Paket ar\u0131tma tesisleri, biyolojik ve end\u00fcstriyel at\u0131ksu ar\u0131tma tesislerinin sorunsuz ve tam kapasite ile \u00e7al\u0131\u015fmas\u0131 i\u00e7in sat\u0131\u015f sonras\u0131 hizmetlerimizden yararlanabilirsiniz.<\/p>\n<\/div><\/div><div class=\"w-separator size_custom\" style=\"height:10px\"><\/div><h2 style=\"text-align: left;font-family:Roboto;font-weight:900;font-style:normal\" class=\"vc_custom_heading us_custom_16c70a5a\" >PER\u0130YOD\u0130K KONTROL H\u0130ZMETLER\u0130 KAPSAMI<\/h2><div class=\"w-separator size_custom\" style=\"height:10px\"><\/div><div class=\"wpb_text_column us_custom_432d3f53\"><div class=\"wpb_wrapper\"><p><strong>Periyodik Kontrol Hizmetleri ;<\/strong> At\u0131ksu ar\u0131tma tesisinizde bulunan t\u00fcm mekanik ekipmanlar\u0131n kontrol edilerek gerekli ar\u0131tma tesisi bak\u0131m ve onar\u0131m raporlar\u0131na sahip olabilirsiniz.<\/p>\n<\/div><\/div><div class=\"w-separator size_custom\" style=\"height:20px\"><\/div><div class=\"g-cols wpb_row via_grid cols_2 laptops-cols_inherit tablets-cols_inherit mobiles-cols_1 valign_top type_default stacking_default\"><div class=\"wpb_column vc_column_container\"><div class=\"vc_column-inner\"><div class=\"wpb_text_column\"><div class=\"wpb_wrapper\"><h3><strong>PAKET VE B\u0130YOLOJ\u0130K ARITMA<\/strong><\/h3>\n<ul>\n<li>Fiziksel Kontrol<\/li>\n<li>Izgara Kontrol<\/li>\n<li>Blower, Hava Hatt\u0131 Oksijen Seviyeleri<\/li>\n<li>Pompa ve Debi Kontrol<\/li>\n<li>\u00c7amur Miktar\u0131 ve Bakteri Kontrol\u00fc<\/li>\n<li>At\u0131ksu De\u015farj Kontrol\u00fc<\/li>\n<\/ul>\n<\/div><\/div><\/div><\/div><div class=\"wpb_column vc_column_container\"><div class=\"vc_column-inner\"><div class=\"wpb_text_column\"><div class=\"wpb_wrapper\"><h3><strong>K\u0130MYASAL ARITMA<\/strong><\/h3>\n<ul>\n<li>Fiziksel Kontrol<\/li>\n<li>Izgara Kontrol<\/li>\n<li>Blower, Hava Hatt\u0131 Oksijen Seviyeleri<\/li>\n<li>Pompa ve Debi Kontrol<\/li>\n<li>pH Kontrol ve Kalibrasyon<\/li>\n<li>Kar\u0131\u015ft\u0131r\u0131c\u0131 Kontrol<\/li>\n<li>Kimyasal Sarfiyat Hesaplama<\/li>\n<li>\u00c7amur Miktar\u0131 Kontrol\u00fc<\/li>\n<li>At\u0131ksu De\u015farj Kontrol\u00fc<\/li>\n<\/ul>\n<\/div><\/div><\/div><\/div><\/div><div class=\"w-separator size_custom\" style=\"height:20px\"><\/div><div class=\"wpb_text_column\"><div class=\"wpb_wrapper\"><p>Paket ar\u0131tma bak\u0131m ve onar\u0131m hizmetler, biyolojik ve end\u00fcstriyel at\u0131ksu ar\u0131tma tesisleri periyodik kontrol ve raporlama, mekanik ekipman kontrol\u00fc, \u00e7amur ya\u015f\u0131 ve miktar\u0131 kontrol\u00fc, giri\u015f ve \u0131zgara yap\u0131s\u0131, d\u00f6ner k\u00f6pr\u00fc, statik elek, tambur elek, filtre pres kontrol\u00fc,<\/p>\n<\/div><\/div><\/div><\/div><\/div><\/div><\/section>","protected":false},"excerpt":{"rendered":"Periyodik Kontrol HizmetleriAna SayfaAna SayfaHizmetlerimizProjelerHaberlerBlog\u0130leti\u015fimKATALOGLARTEKL\u0130F TALEB\u0130TEMS\u0130LC\u0130L\u0130K BA\u015eVURUSUPER\u0130YOD\u0130K KONTROL H\u0130ZMETLER\u0130Periyodik Kontrol Hizmetleri ; Paket ar\u0131tma tesisleri, biyolojik ve end\u00fcstriyel at\u0131ksu ar\u0131tma tesislerinin sorunsuz ve tam kapasite ile \u00e7al\u0131\u015fmas\u0131 i\u00e7in sat\u0131\u015f sonras\u0131 hizmetlerimizden yararlanabilirsiniz. PER\u0130YOD\u0130K KONTROL H\u0130ZMETLER\u0130 KAPSAMIPeriyodik Kontrol Hizmetleri ; At\u0131ksu ar\u0131tma tesisinizde bulunan t\u00fcm mekanik ekipmanlar\u0131n kontrol edilerek gerekli ar\u0131tma tesisi bak\u0131m ve onar\u0131m raporlar\u0131na...","protected":false},"author":1,"featured_media":0,"parent":8553,"menu_order":0,"comment_status":"closed","ping_status":"closed","template":"","meta":{"inline_featured_image":false},"acf":[],"yoast_head":"<!-- This site is optimized with the Yoast SEO Premium plugin v18.7 (Yoast SEO v19.4) - https:\/\/yoast.com\/wordpress\/plugins\/seo\/ -->\n<title>Periyodik Kontrol Hizmetleri - Anmeksan Ar\u0131tma A.\u015e<\/title>\n<meta name=\"description\" content=\"Periyodik Kontrol Hizmetleri, at\u0131ksu ar\u0131tma bak\u0131m ve onar\u0131m, paket ar\u0131tma bak\u0131m, ar\u0131tma tesisleri onar\u0131m, paket ar\u0131tma tamir, ar\u0131tma i\u015fletme,\" \/>\n<meta name=\"robots\" content=\"index, follow, max-snippet:-1, max-image-preview:large, max-video-preview:-1\" \/>\n<link rel=\"canonical\" href=\"https:\/\/www.anmeksan.com\/ro\/servicii\/periyodik-kontrol-hizmetleri\/\" \/>\n<meta property=\"og:locale\" content=\"ro_RO\" \/>\n<meta property=\"og:type\" content=\"article\" \/>\n<meta property=\"og:title\" content=\"Periyodik Kontrol Hizmetleri\" \/>\n<meta property=\"og:description\" content=\"Periyodik Kontrol Hizmetleri, at\u0131ksu ar\u0131tma bak\u0131m ve onar\u0131m, paket ar\u0131tma bak\u0131m, ar\u0131tma tesisleri onar\u0131m, paket ar\u0131tma tamir, ar\u0131tma i\u015fletme,\" \/>\n<meta property=\"og:url\" content=\"https:\/\/www.anmeksan.com\/ro\/servicii\/periyodik-kontrol-hizmetleri\/\" \/>\n<meta property=\"og:site_name\" content=\"Anmeksan Ar\u0131tma A.\u015e\" \/>\n<meta property=\"article:publisher\" content=\"https:\/\/www.facebook.com\/anmeksan.aritmaas\" \/>\n<meta property=\"article:modified_time\" content=\"2022-06-06T20:18:35+00:00\" \/>\n<meta name=\"twitter:card\" content=\"summary_large_image\" \/>\n<meta name=\"twitter:site\" content=\"@anmeksan\" \/>\n<meta name=\"twitter:label1\" content=\"Timp estimat pentru citire\" \/>\n\t<meta name=\"twitter:data1\" content=\"3 minute\" \/>\n<!-- \/ Yoast SEO Premium plugin. -->","yoast_head_json":{"title":"Periyodik Kontrol Hizmetleri - Anmeksan Ar\u0131tma A.\u015e","description":"Periyodik Kontrol Hizmetleri, at\u0131ksu ar\u0131tma bak\u0131m ve onar\u0131m, paket ar\u0131tma bak\u0131m, ar\u0131tma tesisleri onar\u0131m, paket ar\u0131tma tamir, ar\u0131tma i\u015fletme,","robots":{"index":"index","follow":"follow","max-snippet":"max-snippet:-1","max-image-preview":"max-image-preview:large","max-video-preview":"max-video-preview:-1"},"canonical":"https:\/\/www.anmeksan.com\/ro\/servicii\/periyodik-kontrol-hizmetleri\/","og_locale":"ro_RO","og_type":"article","og_title":"Periyodik Kontrol Hizmetleri","og_description":"Periyodik Kontrol Hizmetleri, at\u0131ksu ar\u0131tma bak\u0131m ve onar\u0131m, paket ar\u0131tma bak\u0131m, ar\u0131tma tesisleri onar\u0131m, paket ar\u0131tma tamir, ar\u0131tma i\u015fletme,","og_url":"https:\/\/www.anmeksan.com\/ro\/servicii\/periyodik-kontrol-hizmetleri\/","og_site_name":"Anmeksan Ar\u0131tma A.\u015e","article_publisher":"https:\/\/www.facebook.com\/anmeksan.aritmaas","article_modified_time":"2022-06-06T20:18:35+00:00","twitter_card":"summary_large_image","twitter_site":"@anmeksan","twitter_misc":{"Timp estimat pentru citire":"3 minute"},"schema":{"@context":"https:\/\/schema.org","@graph":[{"@type":"Organization","@id":"https:\/\/www.anmeksan.com\/#organization","name":"Anmeksan Ar\u0131tma A.\u015e","url":"https:\/\/www.anmeksan.com\/","sameAs":["https:\/\/www.facebook.com\/anmeksan.aritmaas","https:\/\/twitter.com\/anmeksan"],"logo":{"@type":"ImageObject","inLanguage":"ro-RO","@id":"https:\/\/www.anmeksan.com\/#\/schema\/logo\/image\/","url":"https:\/\/www.anmeksan.com\/wp-content\/uploads\/2022\/04\/logo.svg","contentUrl":"https:\/\/www.anmeksan.com\/wp-content\/uploads\/2022\/04\/logo.svg","width":"1024","height":"1024","caption":"Anmeksan Ar\u0131tma A.\u015e"},"image":{"@id":"https:\/\/www.anmeksan.com\/#\/schema\/logo\/image\/"}},{"@type":"WebSite","@id":"https:\/\/www.anmeksan.com\/#website","url":"https:\/\/www.anmeksan.com\/","name":"Anmeksan Ar\u0131tma A.\u015e","description":"Paket Ar\u0131tma Sistemleri, MBR ve MBBR Ar\u0131tma","publisher":{"@id":"https:\/\/www.anmeksan.com\/#organization"},"potentialAction":[{"@type":"SearchAction","target":{"@type":"EntryPoint","urlTemplate":"https:\/\/www.anmeksan.com\/?s={search_term_string}"},"query-input":"required name=search_term_string"}],"inLanguage":"ro-RO"},{"@type":"WebPage","@id":"https:\/\/www.anmeksan.com\/hizmetlerimiz\/periyodik-kontrol-hizmetleri\/","url":"https:\/\/www.anmeksan.com\/hizmetlerimiz\/periyodik-kontrol-hizmetleri\/","name":"Periyodik Kontrol Hizmetleri - Anmeksan Ar\u0131tma A.\u015e","isPartOf":{"@id":"https:\/\/www.anmeksan.com\/#website"},"datePublished":"2022-04-26T14:54:04+00:00","dateModified":"2022-06-06T20:18:35+00:00","description":"Periyodik Kontrol Hizmetleri, at\u0131ksu ar\u0131tma bak\u0131m ve onar\u0131m, paket ar\u0131tma bak\u0131m, ar\u0131tma tesisleri onar\u0131m, paket ar\u0131tma tamir, ar\u0131tma i\u015fletme,","breadcrumb":{"@id":"https:\/\/www.anmeksan.com\/hizmetlerimiz\/periyodik-kontrol-hizmetleri\/#breadcrumb"},"inLanguage":"ro-RO","potentialAction":[{"@type":"ReadAction","target":["https:\/\/www.anmeksan.com\/hizmetlerimiz\/periyodik-kontrol-hizmetleri\/"]}]},{"@type":"BreadcrumbList","@id":"https:\/\/www.anmeksan.com\/hizmetlerimiz\/periyodik-kontrol-hizmetleri\/#breadcrumb","itemListElement":[{"@type":"ListItem","position":1,"name":"Ana Sayfa","item":"https:\/\/www.anmeksan.com\/"},{"@type":"ListItem","position":2,"name":"Hizmetlerimiz","item":"https:\/\/www.anmeksan.com\/hizmetlerimiz\/"},{"@type":"ListItem","position":3,"name":"Periyodik Kontrol Hizmetleri"}]}]}},"_links":{"self":[{"href":"https:\/\/www.anmeksan.com\/ro\/wp-json\/wp\/v2\/pages\/8531"}],"collection":[{"href":"https:\/\/www.anmeksan.com\/ro\/wp-json\/wp\/v2\/pages"}],"about":[{"href":"https:\/\/www.anmeksan.com\/ro\/wp-json\/wp\/v2\/types\/page"}],"author":[{"embeddable":true,"href":"https:\/\/www.anmeksan.com\/ro\/wp-json\/wp\/v2\/users\/1"}],"replies":[{"embeddable":true,"href":"https:\/\/www.anmeksan.com\/ro\/wp-json\/wp\/v2\/comments?post=8531"}],"version-history":[{"count":0,"href":"https:\/\/www.anmeksan.com\/ro\/wp-json\/wp\/v2\/pages\/8531\/revisions"}],"up":[{"embeddable":true,"href":"https:\/\/www.anmeksan.com\/ro\/wp-json\/wp\/v2\/pages\/8553"}],"wp:attachment":[{"href":"https:\/\/www.anmeksan.com\/ro\/wp-json\/wp\/v2\/media?parent=8531"}],"curies":[{"name":"wp","href":"https:\/\/api.w.org\/{rel}","templated":true}]}}