{"id":8539,"date":"2022-04-26T14:58:04","date_gmt":"2022-04-26T14:58:04","guid":{"rendered":"https:\/\/anmeksan.com\/?page_id=8539"},"modified":"2022-08-11T09:00:54","modified_gmt":"2022-08-11T09:00:54","slug":"sut-tesisleri-atiksu-aritma-sistemleri","status":"publish","type":"page","link":"https:\/\/www.anmeksan.com\/ro\/hizmetlerimiz\/sut-tesisleri-atiksu-aritma-sistemleri\/","title":{"rendered":"Tratarea apelor uzate de lapte"},"content":{"rendered":"<section class=\"l-section wpb_row height_small with_img\"><div class=\"l-section-img\" style=\"background-image: url(https:\/\/www.anmeksan.com\/wp-content\/uploads\/2022\/05\/header-anmeksan-blue.png);\" data-img-width=\"1920\" data-img-height=\"352\"><\/div><div class=\"l-section-h i-cf\"><div class=\"g-cols vc_row via_grid cols_2-1 laptops-cols_inherit tablets-cols_inherit mobiles-cols_1 valign_top type_default stacking_default\"><div class=\"wpb_column vc_column_container\"><div class=\"vc_column-inner\"><h2 class=\"w-post-elm post_title us_custom_ed05b3dd has_text_color align_left entry-title color_link_inherit\">S\u00fct Tesisleri At\u0131ksu Ar\u0131tma Sistemleri<\/h2><div class=\"w-html us_custom_6df4bc3a has_text_color\"><span><span><a href=\"https:\/\/www.anmeksan.com\/\">Ana Sayfa<\/a><\/span><\/span><\/div><div class=\"w-separator size_custom\" style=\"height:20px\"><\/div><\/div><\/div><div class=\"wpb_column vc_column_container\"><div class=\"vc_column-inner\"><div class=\"w-image align_none\"><div class=\"w-image-h\"><img decoding=\"async\" width=\"150\" height=\"50\" src=\"https:\/\/www.anmeksan.com\/wp-content\/uploads\/2022\/04\/anmeksan-kalite-iso.png\" class=\"attachment-full size-full\" alt=\"Anmeksan Kalite\" \/><\/div><\/div><div class=\"w-separator size_custom\" style=\"height:3px\"><\/div><div class=\"w-image align_none\"><div class=\"w-image-h\"><img decoding=\"async\" width=\"300\" height=\"50\" src=\"https:\/\/www.anmeksan.com\/wp-content\/uploads\/2014\/09\/banner-ust-uyelik.png\" class=\"attachment-large size-large\" alt=\"Banner \u00dcyelik\" srcset=\"https:\/\/www.anmeksan.com\/wp-content\/uploads\/2014\/09\/banner-ust-uyelik.png 300w, https:\/\/www.anmeksan.com\/wp-content\/uploads\/2014\/09\/banner-ust-uyelik-200x33.png 200w\" sizes=\"(max-width: 300px) 100vw, 300px\" \/><\/div><\/div><\/div><\/div><\/div><\/div><\/section><section class=\"l-section wpb_row height_medium\"><div class=\"l-section-h i-cf\"><div class=\"g-cols vc_row via_grid cols_1-3 laptops-cols_inherit tablets-cols_inherit mobiles-cols_1 valign_top type_default stacking_default\"><div class=\"wpb_column vc_column_container\"><div class=\"vc_column-inner\"><div class=\"w-menu layout_ver style_blocks us_menu_1\" style=\"--main-gap:5px;--main-ver-indent:0.8em;--main-hor-indent:0.8em;\"><ul id=\"menu-sol-ana-menu\" class=\"menu\"><li id=\"menu-item-8332\" class=\"menu-item menu-item-type-post_type menu-item-object-page menu-item-home menu-item-8332\"><a href=\"https:\/\/www.anmeksan.com\/ro\/\"><i class=\"_mi _before dashicons dashicons-arrow-right-alt2\" aria-hidden=\"true\"><\/i><span>Ana Sayfa<\/span><\/a><\/li><li id=\"menu-item-8557\" class=\"menu-item menu-item-type-post_type menu-item-object-page menu-item-8557\"><a href=\"https:\/\/www.anmeksan.com\/ro\/hizmetlerimiz\/\"><i class=\"_mi _before dashicons dashicons-arrow-right-alt2\" aria-hidden=\"true\"><\/i><span>Hizmetlerimiz<\/span><\/a><\/li><li id=\"menu-item-8333\" class=\"menu-item menu-item-type-post_type menu-item-object-page menu-item-8333\"><a href=\"https:\/\/www.anmeksan.com\/ro\/projeler\/\"><i class=\"_mi _before dashicons dashicons-arrow-right-alt2\" aria-hidden=\"true\"><\/i><span>Projeler<\/span><\/a><\/li><li id=\"menu-item-8911\" class=\"menu-item menu-item-type-taxonomy menu-item-object-category menu-item-8911\"><a href=\"https:\/\/www.anmeksan.com\/ro\/category\/haberler\/\"><i class=\"_mi _before dashicons dashicons-arrow-right-alt2\" aria-hidden=\"true\"><\/i><span>Haberler<\/span><\/a><\/li><li id=\"menu-item-8912\" class=\"menu-item menu-item-type-post_type menu-item-object-page menu-item-8912\"><a href=\"https:\/\/www.anmeksan.com\/ro\/blog\/\"><i class=\"_mi _before dashicons dashicons-arrow-right-alt2\" aria-hidden=\"true\"><\/i><span>Blog<\/span><\/a><\/li><li id=\"menu-item-8338\" class=\"menu-item menu-item-type-post_type menu-item-object-page menu-item-8338\"><a href=\"https:\/\/www.anmeksan.com\/ro\/iletisim\/\"><i class=\"_mi _before dashicons dashicons-arrow-right-alt2\" aria-hidden=\"true\"><\/i><span>\u0130leti\u015fim<\/span><\/a><\/li><\/ul><style>.us_menu_1 .menu>li>a{background:#e8e8e8}.us_menu_1 .menu>li>a{color:#002f66}.us_menu_1 .menu>.menu-item:not(.current-menu-item)>a:hover{background:#002f66}.us_menu_1 .menu>.menu-item:not(.current-menu-item)>a:hover{color:#ffffff}.us_menu_1 .menu>.current-menu-item>a{background:#00b032}.us_menu_1 .menu>.current-menu-item>a{color:#ffffff}@media ( max-width:600px ){.us_menu_1 .menu{display:block!important}.us_menu_1 .menu>li{margin:0 0 var(--main-gap,5px)!important}}<\/style><\/div><div class=\"w-separator size_custom\" style=\"height:10px\"><\/div><div class=\"w-btn-wrapper width_full\"><a class=\"w-btn us-btn-style_6 us_custom_1f257949 icon_atleft\" title=\"Katalog\" href=\"\/katalog\/\"><i class=\"fas fa-file-pdf\"><\/i><span class=\"w-btn-label\">KATALOGLAR<\/span><\/a><\/div><div class=\"w-btn-wrapper width_full\"><a class=\"w-btn us-btn-style_8 us_custom_1f257949 icon_atleft\" title=\"Teklif Telepleri\" href=\"\/teklif-telepleri\/\"><i class=\"fas fa-file-edit\"><\/i><span class=\"w-btn-label\">TEKL\u0130F TALEB\u0130<\/span><\/a><\/div><div class=\"w-btn-wrapper width_full\"><a class=\"w-btn us-btn-style_9 us_custom_1f257949 icon_atleft\" title=\"Temsilcilik Ba\u015fvurusu\" href=\"\/temsilcilik-basvurusu\/\"><i class=\"fas fa-file-alt\"><\/i><span class=\"w-btn-label\">TEMS\u0130LC\u0130L\u0130K BA\u015eVURUSU<\/span><\/a><\/div><div class=\"w-sharing type_solid align_center color_default\"><div class=\"w-sharing-list\" data-content-image=\"true\"><a class=\"w-sharing-item email\" href=\"mailto:?subject=S\u00fct Tesisleri At\u0131ksu Ar\u0131tma Sistemleri&amp;body=https:\/\/www.anmeksan.com\/ro\/wp-json\/wp\/v2\/pages\/8539\" title=\"Email this\" aria-label=\"Email this\"><i class=\"fas fa-envelope\"><\/i><\/a><a class=\"w-sharing-item facebook\" href=\"https:\/\/www.facebook.com\/sharer\/sharer.php?u=https:\/\/www.anmeksan.com\/ro\/wp-json\/wp\/v2\/pages\/8539&amp;quote=S\u00fct Tesisleri At\u0131ksu Ar\u0131tma Sistemleri\" title=\"Share this\" aria-label=\"Share this\" onclick=\"window.open(this.href, &quot;facebook&quot;, &quot;toolbar=0,width=900,height=500&quot;); return false;\"><i class=\"fab fa-facebook\"><\/i><\/a><a class=\"w-sharing-item twitter\" href=\"https:\/\/twitter.com\/intent\/tweet?text=S\u00fct Tesisleri At\u0131ksu Ar\u0131tma Sistemleri&amp;url=https:\/\/www.anmeksan.com\/ro\/wp-json\/wp\/v2\/pages\/8539\" title=\"Tweet this\" aria-label=\"Tweet this\" onclick=\"window.open(this.href, &quot;twitter&quot;, &quot;toolbar=0,width=650,height=360&quot;); return false;\"><i class=\"fab fa-twitter\"><\/i><\/a><a class=\"w-sharing-item linkedin\" href=\"https:\/\/www.linkedin.com\/shareArticle?mini=true&amp;url=https:\/\/www.anmeksan.com\/ro\/wp-json\/wp\/v2\/pages\/8539\" title=\"Share this\" aria-label=\"Share this\" onclick=\"window.open(this.href, &quot;linkedin&quot;, &quot;toolbar=no,width=550,height=550&quot;); return false;\"><i class=\"fab fa-linkedin\"><\/i><\/a><a class=\"w-sharing-item whatsapp\" href=\"https:\/\/web.whatsapp.com\/send?text=S\u00fct Tesisleri At\u0131ksu Ar\u0131tma Sistemleri https:\/\/www.anmeksan.com\/ro\/wp-json\/wp\/v2\/pages\/8539\" title=\"Share this\" aria-label=\"Share this\" onclick=\"window.open(this.href, &quot;whatsapp&quot;, &quot;toolbar=0,width=900,height=500&quot;); return false;\"><i class=\"fab fa-whatsapp\"><\/i><\/a><\/div><\/div><\/div><\/div><div class=\"wpb_column vc_column_container\"><div class=\"vc_column-inner\"><div class=\"wpb_text_column\"><div class=\"wpb_wrapper\"><h2><span style=\"color: #002f66;\"><strong>S\u00dcT TES\u0130SLER\u0130 ATIKSU ARITIMA S\u0130STEMLER\u0130<\/strong><\/span><\/h2>\n<\/div><\/div><div class=\"w-image align_none\"><div class=\"w-image-h\"><img decoding=\"async\" width=\"800\" height=\"250\" src=\"https:\/\/www.anmeksan.com\/wp-content\/uploads\/2022\/05\/sut-tesisleri.png\" class=\"attachment-full size-full\" alt=\"S\u00fct Tesisleri At\u0131ksu Ar\u0131tma Sistemleri\" srcset=\"https:\/\/www.anmeksan.com\/wp-content\/uploads\/2022\/05\/sut-tesisleri.png 800w, https:\/\/www.anmeksan.com\/wp-content\/uploads\/2022\/05\/sut-tesisleri-300x94.png 300w, https:\/\/www.anmeksan.com\/wp-content\/uploads\/2022\/05\/sut-tesisleri-200x63.png 200w\" sizes=\"(max-width: 800px) 100vw, 800px\" \/><\/div><\/div><div class=\"w-separator size_custom\" style=\"height:10px\"><\/div><div class=\"wpb_text_column us_custom_432d3f53\"><div class=\"wpb_wrapper\"><p>S\u00fct Tesisleri At\u0131ksu Ar\u0131tma Sistemleri ; Konusunda uzman olan firmam\u0131z s\u00fct i\u015fleme tesisleri, ayran, yo\u011furt, pastorize, lor ve peynir \u00fcretimleri, krema \u00fcretimi gibi proses kaynakl\u0131 s\u00fct end\u00fcstrisi at\u0131k sular\u0131n\u0131n ar\u0131t\u0131lmas\u0131 konusunda deneyim sahibidir.<\/p>\n<p>S\u00fct Tesisleri At\u0131ksu Ar\u0131tma ; Yo\u011fun kirlilik ve ya\u011f oran\u0131na sahip at\u0131k sular\u0131n ba\u015f\u0131nda gelmektedir. \u0130lgili de\u015farj alan\u0131na g\u00f6re tasar\u0131m yap\u0131lmal\u0131d\u0131r. S\u00fct i\u015fleme ve entegre tesislerinde ar\u0131tma ekipmanlar\u0131 ve prosesin uygun se\u00e7imi \u00e7ok daha \u00f6nemli bir hal almaktad\u0131r. Tesislerde fiziksek ar\u0131tma prosesinde kat\u0131 maddeler ve ya\u011f tesis geneline transfer dilmeden giri\u015f yap\u0131s\u0131nda tutulmal\u0131d\u0131r.<\/p>\n<\/div><\/div><div class=\"w-separator size_custom\" style=\"height:20px\"><\/div><div class=\"wpb_text_column\"><div class=\"wpb_wrapper\"><h2><span style=\"color: #002f66;\"><strong>S\u00dcT TES\u0130S\u0130 ATIKSU ARITIMI ESASLARI<\/strong><\/span><\/h2>\n<\/div><\/div><div class=\"w-separator size_custom\" style=\"height:20px\"><\/div><div class=\"wpb_text_column us_custom_432d3f53\"><div class=\"wpb_wrapper\"><p>S\u00fct tesisleri at\u0131ksu ar\u0131tma sistemleri ve entegre tesisleri g\u0131da sanayi end\u00fcstrisi i\u00e7erisinde yer alan ve farkl\u0131 tiplerde bulunan tesislerdir. Bu nedenle, s\u00fct i\u015fleme ve entegre tesislerinde t\u00fcketilen su miktar\u0131 ve olu\u015fan at\u0131k su miktar\u0131 farkl\u0131l\u0131klar g\u00f6sterebilmektedir. T\u00fcketilen ve olu\u015fan at\u0131k su miktar\u0131, \u00fcretilen \u00fcr\u00fcnlere, yo\u011funlu\u011fa ve tesiste kullan\u0131lan teknolojiye, olu\u015fan at\u0131k sular\u0131n proseste tekrar kullan\u0131l\u0131p kullan\u0131lmamas\u0131na, kesim sonucu olu\u015fan kan\u0131n toplan\u0131p toplanmamas\u0131na, i\u00e7 organlar\u0131n\u0131n at\u0131k suya kar\u0131\u015f\u0131p kar\u0131\u015fmamas\u0131na ba\u011fl\u0131 olarak de\u011fi\u015fkenlik g\u00f6sterir.<\/p>\n<\/div><\/div><div class=\"w-separator size_custom\" style=\"height:20px\"><\/div><div class=\"wpb_text_column\"><div class=\"wpb_wrapper\"><h2><span style=\"color: #002f66;\"><strong>ATIK SULARIN K\u0130MYASAL \u00d6ZELL\u0130KLER\u0130<\/strong><\/span><\/h2>\n<\/div><\/div><div class=\"w-separator size_custom\" style=\"height:20px\"><\/div><div class=\"wpb_text_column us_custom_432d3f53\"><div class=\"wpb_wrapper\"><ul>\n<li>Biyolojik oksijen ihtiyac\u0131 (BOI)<\/li>\n<li>Kimyasal oksijen ihtiyac\u0131 (KOI)<\/li>\n<li>pH<\/li>\n<li>Cl-<\/li>\n<li>SO4<\/li>\n<li>Azot (Toplam, NH3, NO2, NO3)<\/li>\n<li>Fosfor<\/li>\n<li>Gres ve ya\u011flar<\/li>\n<li>Deterjanlar<\/li>\n<li>A\u011f\u0131r metaller (Hg, Cd, Cr, Zn),<\/li>\n<li>Toksik maddeler (fenoller, CN-, insektisitler)<\/li>\n<\/ul>\n<\/div><\/div><div class=\"g-cols wpb_row via_grid cols_1 laptops-cols_inherit tablets-cols_inherit mobiles-cols_1 valign_top type_default stacking_default\"><div class=\"wpb_column vc_column_container\"><div class=\"vc_column-inner\"><div class=\"w-separator size_custom\" style=\"height:20px\"><\/div><div class=\"wpb_text_column\"><div class=\"wpb_wrapper\"><h3><span style=\"color: #002f66;\"><strong>S\u00dcT TES\u0130S\u0130 ATIKSU ARITMA S\u0130STEMLER\u0130 PROJELER<\/strong><\/span><\/h3>\n<\/div><\/div><div class=\"w-separator size_custom\" style=\"height:20px\"><\/div><div class=\"w-grid type_grid layout_gallery_default cols_5\" id=\"us_grid_1\" data-filterable=\"true\"><style>#us_grid_1 .w-grid-item{padding:5px}#us_grid_1 .w-grid-list{margin:-5px}.w-grid + #us_grid_1 .w-grid-list,.w-grid-none + #us_grid_1 .w-grid-list{margin-top:5px}@media (max-width:1199px){#us_grid_1 .w-grid-item{width:33.3333%}}@media (max-width:899px){#us_grid_1 .w-grid-item{width:50%}}@media (max-width:599px){#us_grid_1 .w-grid-list{margin:0}#us_grid_1 .w-grid-item{width:100%;padding:0;margin-bottom:5px}}.layout_gallery_default .w-grid-item-h{}<\/style><div class=\"w-grid-list\">\t<article class=\"w-grid-item post-8107 attachment type-attachment status-inherit hentry\" data-id=\"8107\">\n\t\t<div class=\"w-grid-item-h\">\n\t\t\t\t\t\t\t<a class=\"w-grid-item-anchor\" href=\"https:\/\/www.anmeksan.com\/wp-content\/uploads\/2014\/09\/gorsel-hazirlaniyor-anmeksan.png\" ref=\"magnificPopupGrid\" title=\"G\u00f6rsel Haz\u0131rlan\u0131yor\"><\/a>\n\t\t\t\t\t\t<div class=\"w-post-elm post_image usg_post_image_1 stretched\"><img decoding=\"async\" width=\"760\" height=\"400\" src=\"https:\/\/www.anmeksan.com\/wp-content\/uploads\/2014\/09\/gorsel-hazirlaniyor-anmeksan.png\" class=\"attachment-us_600_600_crop size-us_600_600_crop\" alt=\"G\u00f6rsel Haz\u0131rlan\u0131yor\" srcset=\"https:\/\/www.anmeksan.com\/wp-content\/uploads\/2014\/09\/gorsel-hazirlaniyor-anmeksan.png 760w, https:\/\/www.anmeksan.com\/wp-content\/uploads\/2014\/09\/gorsel-hazirlaniyor-anmeksan-300x158.png 300w, https:\/\/www.anmeksan.com\/wp-content\/uploads\/2014\/09\/gorsel-hazirlaniyor-anmeksan-200x105.png 200w, https:\/\/www.anmeksan.com\/wp-content\/uploads\/2014\/09\/gorsel-hazirlaniyor-anmeksan-190x100.png 190w\" sizes=\"(max-width: 760px) 100vw, 760px\" \/><\/div>\t\t<\/div>\n\t<\/article>\n<\/div><div class=\"w-grid-preloader\"><div class=\"g-preloader type_1\">\n\t<div><\/div>\n<\/div>\n<\/div>\t<div class=\"w-grid-json hidden\" onclick='return {&quot;action&quot;:&quot;us_ajax_grid&quot;,&quot;ajax_url&quot;:&quot;https:\\\/\\\/www.anmeksan.com\\\/wp-admin\\\/admin-ajax.php&quot;,&quot;infinite_scroll&quot;:0,&quot;max_num_pages&quot;:1,&quot;pagination&quot;:&quot;none&quot;,&quot;permalink_url&quot;:&quot;https:\\\/\\\/www.anmeksan.com\\\/ro\\\/wp-json\\\/wp\\\/v2\\\/pages\\\/8539&quot;,&quot;template_vars&quot;:{&quot;columns&quot;:&quot;5&quot;,&quot;exclude_items&quot;:&quot;none&quot;,&quot;img_size&quot;:&quot;default&quot;,&quot;ignore_items_size&quot;:false,&quot;items_layout&quot;:&quot;gallery_default&quot;,&quot;items_offset&quot;:&quot;1&quot;,&quot;load_animation&quot;:&quot;none&quot;,&quot;overriding_link&quot;:&quot;popup_post_image&quot;,&quot;post_id&quot;:8539,&quot;query_args&quot;:{&quot;post_type&quot;:[&quot;attachment&quot;],&quot;post__in&quot;:[&quot;8107&quot;],&quot;post_status&quot;:&quot;inherit&quot;,&quot;post_mime_type&quot;:&quot;image&quot;,&quot;posts_per_page&quot;:&quot;10&quot;},&quot;orderby_query_args&quot;:{&quot;orderby&quot;:{&quot;date&quot;:&quot;DESC&quot;}},&quot;type&quot;:&quot;grid&quot;,&quot;us_grid_ajax_index&quot;:1,&quot;us_grid_filter_params&quot;:null,&quot;us_grid_index&quot;:1,&quot;_us_grid_post_type&quot;:&quot;attachment&quot;}}'><\/div>\n\t<\/div><\/div><\/div><\/div><\/div><\/div><\/div><\/div><\/section>\n","protected":false},"excerpt":{"rendered":"Preg\u0103tirea vizual\u0103","protected":false},"author":1,"featured_media":0,"parent":8553,"menu_order":0,"comment_status":"closed","ping_status":"closed","template":"","meta":{"footnotes":""},"class_list":["post-8539","page","type-page","status-publish","hentry"],"acf":[],"yoast_head":"<!-- This site is optimized with the Yoast SEO Premium plugin v18.7 (Yoast SEO v27.4) - https:\/\/yoast.com\/product\/yoast-seo-premium-wordpress\/ -->\n<title>S\u00fct Tesisleri At\u0131ksu Ar\u0131tma Sistemleri - Anmeksan Ar\u0131tma A.\u015e<\/title>\n<meta name=\"description\" content=\"S\u00fct Tesisleri At\u0131ksu Ar\u0131tma Sistemleri, paket ar\u0131tma tesisleri, ankara s\u00fct ar\u0131tma, s\u00fct i\u015fleme tesisleri, mekanik ekipman imalatlar\u0131,\" \/>\n<meta name=\"robots\" content=\"index, follow, max-snippet:-1, max-image-preview:large, max-video-preview:-1\" \/>\n<link rel=\"canonical\" href=\"https:\/\/www.anmeksan.com\/ro\/hizmetlerimiz\/sut-tesisleri-atiksu-aritma-sistemleri\/\" \/>\n<meta property=\"og:locale\" content=\"ro_RO\" \/>\n<meta property=\"og:type\" content=\"article\" \/>\n<meta property=\"og:title\" content=\"S\u00fct Tesisleri At\u0131ksu Ar\u0131tma Sistemleri\" \/>\n<meta property=\"og:description\" content=\"S\u00fct Tesisleri At\u0131ksu Ar\u0131tma Sistemleri, paket ar\u0131tma tesisleri, ankara s\u00fct ar\u0131tma, s\u00fct i\u015fleme tesisleri, mekanik ekipman imalatlar\u0131,\" \/>\n<meta property=\"og:url\" content=\"https:\/\/www.anmeksan.com\/ro\/hizmetlerimiz\/sut-tesisleri-atiksu-aritma-sistemleri\/\" \/>\n<meta property=\"og:site_name\" content=\"Anmeksan Ar\u0131tma A.\u015e\" \/>\n<meta property=\"article:publisher\" content=\"https:\/\/www.facebook.com\/anmeksan.aritmaas\" \/>\n<meta property=\"article:modified_time\" content=\"2022-08-11T09:00:54+00:00\" \/>\n<meta name=\"twitter:card\" content=\"summary_large_image\" \/>\n<meta name=\"twitter:site\" content=\"@anmeksan\" \/>\n<meta name=\"twitter:label1\" content=\"Timp estimat pentru citire\" \/>\n\t<meta name=\"twitter:data1\" content=\"2 minute\" \/>\n<!-- \/ Yoast SEO Premium plugin. -->","yoast_head_json":{"title":"Instala\u021bii de produse lactate Sisteme de tratare a apelor uzate - Companie de tratare a apelor uzate","description":"S\u00fct Tesisleri At\u0131ksu Ar\u0131tma Sistemleri, paket ar\u0131tma tesisleri, ankara s\u00fct ar\u0131tma, s\u00fct i\u015fleme tesisleri, mekanik ekipman imalatlar\u0131,","robots":{"index":"index","follow":"follow","max-snippet":"max-snippet:-1","max-image-preview":"max-image-preview:large","max-video-preview":"max-video-preview:-1"},"canonical":"https:\/\/www.anmeksan.com\/ro\/hizmetlerimiz\/sut-tesisleri-atiksu-aritma-sistemleri\/","og_locale":"ro_RO","og_type":"article","og_title":"S\u00fct Tesisleri At\u0131ksu Ar\u0131tma Sistemleri","og_description":"S\u00fct Tesisleri At\u0131ksu Ar\u0131tma Sistemleri, paket ar\u0131tma tesisleri, ankara s\u00fct ar\u0131tma, s\u00fct i\u015fleme tesisleri, mekanik ekipman imalatlar\u0131,","og_url":"https:\/\/www.anmeksan.com\/ro\/hizmetlerimiz\/sut-tesisleri-atiksu-aritma-sistemleri\/","og_site_name":"Anmeksan Ar\u0131tma A.\u015e","article_publisher":"https:\/\/www.facebook.com\/anmeksan.aritmaas","article_modified_time":"2022-08-11T09:00:54+00:00","twitter_card":"summary_large_image","twitter_site":"@anmeksan","twitter_misc":{"Timp estimat pentru citire":"2 minute"},"schema":{"@context":"https:\/\/schema.org","@graph":[{"@type":"WebPage","@id":"https:\/\/www.anmeksan.com\/hizmetlerimiz\/sut-tesisleri-atiksu-aritma-sistemleri\/","url":"https:\/\/www.anmeksan.com\/hizmetlerimiz\/sut-tesisleri-atiksu-aritma-sistemleri\/","name":"Instala\u021bii de produse lactate Sisteme de tratare a apelor uzate - Companie de tratare a apelor uzate","isPartOf":{"@id":"https:\/\/www.anmeksan.com\/#website"},"datePublished":"2022-04-26T14:58:04+00:00","dateModified":"2022-08-11T09:00:54+00:00","description":"S\u00fct Tesisleri At\u0131ksu Ar\u0131tma Sistemleri, paket ar\u0131tma tesisleri, ankara s\u00fct ar\u0131tma, s\u00fct i\u015fleme tesisleri, mekanik ekipman imalatlar\u0131,","breadcrumb":{"@id":"https:\/\/www.anmeksan.com\/hizmetlerimiz\/sut-tesisleri-atiksu-aritma-sistemleri\/#breadcrumb"},"inLanguage":"ro-RO","potentialAction":[{"@type":"ReadAction","target":["https:\/\/www.anmeksan.com\/hizmetlerimiz\/sut-tesisleri-atiksu-aritma-sistemleri\/"]}]},{"@type":"BreadcrumbList","@id":"https:\/\/www.anmeksan.com\/hizmetlerimiz\/sut-tesisleri-atiksu-aritma-sistemleri\/#breadcrumb","itemListElement":[{"@type":"ListItem","position":1,"name":"Ana Sayfa","item":"https:\/\/www.anmeksan.com\/"},{"@type":"ListItem","position":2,"name":"Hizmetlerimiz","item":"https:\/\/www.anmeksan.com\/hizmetlerimiz\/"},{"@type":"ListItem","position":3,"name":"S\u00fct Tesisleri At\u0131ksu Ar\u0131tma Sistemleri"}]},{"@type":"WebSite","@id":"https:\/\/www.anmeksan.com\/#website","url":"https:\/\/www.anmeksan.com\/","name":"Anmeksan Tratarea Apelor Uzate","description":"Paket Ar\u0131tma Sistemleri, MBR ve MBBR Ar\u0131tma","publisher":{"@id":"https:\/\/www.anmeksan.com\/#organization"},"potentialAction":[{"@type":"SearchAction","target":{"@type":"EntryPoint","urlTemplate":"https:\/\/www.anmeksan.com\/?s={search_term_string}"},"query-input":{"@type":"PropertyValueSpecification","valueRequired":true,"valueName":"search_term_string"}}],"inLanguage":"ro-RO"},{"@type":"Organization","@id":"https:\/\/www.anmeksan.com\/#organization","name":"Anmeksan Tratarea Apelor Uzate","url":"https:\/\/www.anmeksan.com\/","logo":{"@type":"ImageObject","inLanguage":"ro-RO","@id":"https:\/\/www.anmeksan.com\/#\/schema\/logo\/image\/","url":"https:\/\/www.anmeksan.com\/wp-content\/uploads\/2022\/04\/logo.svg","contentUrl":"https:\/\/www.anmeksan.com\/wp-content\/uploads\/2022\/04\/logo.svg","width":"1024","height":"1024","caption":"Anmeksan Ar\u0131tma A.\u015e"},"image":{"@id":"https:\/\/www.anmeksan.com\/#\/schema\/logo\/image\/"},"sameAs":["https:\/\/www.facebook.com\/anmeksan.aritmaas","https:\/\/x.com\/anmeksan"]}]}},"_links":{"self":[{"href":"https:\/\/www.anmeksan.com\/ro\/wp-json\/wp\/v2\/pages\/8539","targetHints":{"allow":["GET"]}}],"collection":[{"href":"https:\/\/www.anmeksan.com\/ro\/wp-json\/wp\/v2\/pages"}],"about":[{"href":"https:\/\/www.anmeksan.com\/ro\/wp-json\/wp\/v2\/types\/page"}],"author":[{"embeddable":true,"href":"https:\/\/www.anmeksan.com\/ro\/wp-json\/wp\/v2\/users\/1"}],"replies":[{"embeddable":true,"href":"https:\/\/www.anmeksan.com\/ro\/wp-json\/wp\/v2\/comments?post=8539"}],"version-history":[{"count":0,"href":"https:\/\/www.anmeksan.com\/ro\/wp-json\/wp\/v2\/pages\/8539\/revisions"}],"up":[{"embeddable":true,"href":"https:\/\/www.anmeksan.com\/ro\/wp-json\/wp\/v2\/pages\/8553"}],"wp:attachment":[{"href":"https:\/\/www.anmeksan.com\/ro\/wp-json\/wp\/v2\/media?parent=8539"}],"curies":[{"name":"wp","href":"https:\/\/api.w.org\/{rel}","templated":true}]}}