{"id":8553,"date":"2022-04-26T17:43:53","date_gmt":"2022-04-26T17:43:53","guid":{"rendered":"https:\/\/anmeksan.com\/?page_id=8553"},"modified":"2022-08-01T07:35:31","modified_gmt":"2022-08-01T07:35:31","slug":"hizmetlerimiz","status":"publish","type":"page","link":"https:\/\/www.anmeksan.com\/ro\/hizmetlerimiz\/","title":{"rendered":"Servicii"},"content":{"rendered":"<section class=\"l-section wpb_row height_small with_img\"><div class=\"l-section-img\" style=\"background-image: url(https:\/\/www.anmeksan.com\/wp-content\/uploads\/2022\/05\/anmeksan-arkaplan.jpg);\" data-img-width=\"1920\" data-img-height=\"1128\"><\/div><div class=\"l-section-h i-cf\"><div class=\"g-cols vc_row via_grid cols_3 laptops-cols_inherit tablets-cols_inherit mobiles-cols_1 valign_top type_default stacking_default\"><div class=\"wpb_column vc_column_container\"><div class=\"vc_column-inner\"><div class=\"w-ibanner us_custom_657b9349 animation_phorcys ratio_3x2 easing_ease\"><div class=\"w-ibanner-h\"><div class=\"w-ibanner-image\" style=\"background-image: url(https:\/\/www.anmeksan.com\/wp-content\/uploads\/2022\/04\/paket-aritma-1024x768.jpg)\"><\/div><div class=\"w-ibanner-content\"><div class=\"w-ibanner-content-h\"><h3 class=\"w-ibanner-title\">SISTEME DE TRATARE PACHET<\/h3><div class=\"w-ibanner-desc\"><p>Solu\u021bii rapide \u0219i economice pentru o capacitate de 100-1000 de persoane cu ape uzate SBR, STP, pachet de tratare a apelor uzate.<\/p>\n<\/div><\/div><\/div><\/div><a title=\"SISTEME DE TRATARE PACHET\" href=\"\/ro\/hizmetlerimiz\/paket-aritma-sistemleri\/\" aria-label=\"SISTEME DE TRATARE PACHET\"><\/a><\/div><div class=\"wpb_text_column\"><div class=\"wpb_wrapper\"><p>Oferim solutii rapide si economice cu statii de tratare a apelor uzate menajere, biologice si chimice. Productie 100% de calitate.<\/p>\n<\/div><\/div><div class=\"w-btn-wrapper width_full\"><a class=\"w-btn us-btn-style_6 icon_atleft\" title=\"Sisteme de tratare a apelor uzate\" href=\"\/ro\/hizmetlerimiz\/paket-atiksu-aritma-sistemleri\/\"><i class=\"fas fa-info-square\"><\/i><span class=\"w-btn-label\">DETALII \u2026<\/span><\/a><\/div><div class=\"w-separator size_small\"><\/div><div class=\"w-ibanner us_custom_657b9349 animation_phorcys ratio_3x2 easing_ease\"><div class=\"w-ibanner-h\"><div class=\"w-ibanner-image\" style=\"background-image: url(https:\/\/www.anmeksan.com\/wp-content\/uploads\/2022\/04\/mbr-aritma.jpg)\"><\/div><div class=\"w-ibanner-content\"><div class=\"w-ibanner-content-h\"><h3 class=\"w-ibanner-title\">MBR SISTEME DE TRATARE A APELE UZAALE<\/h3><div class=\"w-ibanner-desc\"><p>MBR (Membrane Bioreactor) Tehnologii avansate de purificare biologice \u0219i industriale.<\/p>\n<\/div><\/div><\/div><\/div><a title=\"DE TRATARE A APE UZATE\" href=\"\/ro\/hizmetlerimiz\/mbr-atiksu-aritma-sistemleri\/\" aria-label=\"MBR SISTEME DE TRATARE A APELE UZAALE\"><\/a><\/div><div class=\"wpb_text_column\"><div class=\"wpb_wrapper\"><p>Sisteme de tratare a apelor uzate MBR de mare capacitate, eficien\u021b\u0103 ridicat\u0103 de tratare \u0219i sisteme de recuperare a apelor uzate.<\/p>\n<\/div><\/div><div class=\"w-btn-wrapper width_full\"><a class=\"w-btn us-btn-style_6 icon_atleft\" title=\"Sisteme de tratare a apelor uzate\" href=\"\/ro\/hizmetlerimiz\/mbr-aritma-sistemleri\/\"><i class=\"fas fa-info-square\"><\/i><span class=\"w-btn-label\">DETALII \u2026<\/span><\/a><\/div><div class=\"w-separator size_small\"><\/div><div class=\"w-ibanner us_custom_657b9349 animation_phorcys ratio_3x2 easing_ease\"><div class=\"w-ibanner-h\"><div class=\"w-ibanner-image\" style=\"background-image: url(https:\/\/www.anmeksan.com\/wp-content\/uploads\/2022\/04\/mekanik-ekipman-1001x1024.jpg)\"><\/div><div class=\"w-ibanner-content\"><div class=\"w-ibanner-content-h\"><h3 class=\"w-ibanner-title\">PRODUCEREA ECHIPAMENTE MECANICE<\/h3><div class=\"w-ibanner-desc\"><p>Sit\u0103, Filtru Pres\u0103, DAF, Separator de Ulei, Mixere \u0219i Produc\u021bie Special\u0103.<\/p>\n<\/div><\/div><\/div><\/div><a title=\"Fabricarea Echipamentelor Mecanice\" href=\"\/ro\/hizmetlerimiz\/mekanik-ekipman-imalatlari\/\" aria-label=\"PRODUCEREA ECHIPAMENTE MECANICE\"><\/a><\/div><div class=\"wpb_text_column\"><div class=\"wpb_wrapper\"><p>Produc\u021bii f\u0103r\u0103 probleme \u0219i de \u00eenalt\u0103 calitate cu sta\u021bii de epurare a apelor uzate, echipamente mecanice \u0219i sisteme de deshidratare a n\u0103molului.<\/p>\n<\/div><\/div><div class=\"w-btn-wrapper width_full\"><a class=\"w-btn us-btn-style_6 icon_atleft\" title=\"Sisteme de tratare a apelor uzate\" href=\"\/ro\/hizmetlerimiz\/mekanik-ekipman-imalatlari\/\"><i class=\"fas fa-info-square\"><\/i><span class=\"w-btn-label\">DETALII \u2026<\/span><\/a><\/div><\/div><\/div><div class=\"wpb_column vc_column_container\"><div class=\"vc_column-inner\"><div class=\"w-ibanner us_custom_657b9349 animation_phorcys ratio_3x2 easing_ease\"><div class=\"w-ibanner-h\"><div class=\"w-ibanner-image\" style=\"background-image: url(https:\/\/www.anmeksan.com\/wp-content\/uploads\/2022\/05\/biyolojik-atiksu-aritma-1024x768.jpg)\"><\/div><div class=\"w-ibanner-content\"><div class=\"w-ibanner-content-h\"><h3 class=\"w-ibanner-title\">STATII BIOLOGICE DE TRATARE A APE REZIDUALE<\/h3><div class=\"w-ibanner-desc\"><p>Sta\u021bii de epurare biologic\u0103 a apelor uzate menajere, urbane \u0219i din beton armat.<\/p>\n<\/div><\/div><\/div><\/div><a title=\"Sta\u021bii de epurare biologic\u0103\" href=\"\/ro\/hizmetlerimiz\/biyolojik-atiksu-aritma-tesisleri\/\" aria-label=\"STATII BIOLOGICE DE TRATARE A APE REZIDUALE\"><\/a><\/div><div class=\"wpb_text_column\"><div class=\"wpb_wrapper\"><p>Proiectare proiect sta\u021bii biologice de epurare a apelor uzate menajere \u0219i urbane, aplicare \u0219i produc\u021bie de echipamente mecanice.<\/p>\n<\/div><\/div><div class=\"w-btn-wrapper width_full\"><a class=\"w-btn us-btn-style_6 icon_atleft\" title=\"Sisteme de tratare a apelor uzate\" href=\"\/ro\/hizmetlerimiz\/biyolojik-atiksu-aritma-tesisleri\/\"><i class=\"fas fa-info-square\"><\/i><span class=\"w-btn-label\">DETALII \u2026<\/span><\/a><\/div><div class=\"w-separator size_small\"><\/div><div class=\"w-ibanner us_custom_657b9349 animation_phorcys ratio_3x2 easing_ease\"><div class=\"w-ibanner-h\"><div class=\"w-ibanner-image\" style=\"background-image: url(https:\/\/www.anmeksan.com\/wp-content\/uploads\/2022\/05\/mbbraritma-1024x512.jpg)\"><\/div><div class=\"w-ibanner-content\"><div class=\"w-ibanner-content-h\"><h3 class=\"w-ibanner-title\">Sisteme de tratare MBBR<\/h3><div class=\"w-ibanner-desc\"><p>Eficien\u021b\u0103 ridicat\u0103 de tratare cu sta\u021bii de tratare MBBR (Biomedia).<\/p>\n<\/div><\/div><\/div><\/div><a title=\"Sisteme de tratare MBBR\" href=\"\/ro\/hizmetlerimiz\/mbbr-atiksu-aritma-sistemleri\/\" aria-label=\"Sisteme de tratare MBBR\"><\/a><\/div><div class=\"wpb_text_column\"><div class=\"wpb_wrapper\"><p>Cu MBBR Biomedia, oferim cerin\u021be reduse de spa\u021biu pentru sta\u021bia de epurare, eficien\u021b\u0103 ridicat\u0103 de tratare \u0219i cre\u0219teri rapide de capacitate.<\/p>\n<\/div><\/div><div class=\"w-btn-wrapper width_full\"><a class=\"w-btn us-btn-style_6 icon_atleft\" title=\"Sisteme de tratare a apelor uzate\" href=\"\/ro\/hizmetlerimiz\/mbbr-atiksu-aritma-sistemleri\/\"><i class=\"fas fa-info-square\"><\/i><span class=\"w-btn-label\">DETALII \u2026<\/span><\/a><\/div><div class=\"w-separator size_small\"><\/div><div class=\"w-ibanner us_custom_657b9349 animation_phorcys ratio_3x2 easing_ease\"><div class=\"w-ibanner-h\"><div class=\"w-ibanner-image\" style=\"background-image: url(https:\/\/www.anmeksan.com\/wp-content\/uploads\/2022\/05\/periyodikanmeksan.jpg)\"><\/div><div class=\"w-ibanner-content\"><div class=\"w-ibanner-content-h\"><h3 class=\"w-ibanner-title\">PER\u0130YOD\u0130K KONTROL &amp; \u0130\u015eLETME H\u0130ZMETLER\u0130<\/h3><div class=\"w-ibanner-desc\"><p>Controlul periodic al sta\u021biei de epurare a apelor uzate \u0219i exploatarea sta\u021biilor de epurare.<\/p>\n<\/div><\/div><\/div><\/div><a title=\"SERVICII DE CONTROL \u015eI OPERARE PERIODICE\" href=\"\/ro\/hizmetlerimiz\/periyodik-kontrol-hizmetleri\/\" aria-label=\"SERVICII DE CONTROL \u015eI OPERARE PERIODICE\"><\/a><\/div><div class=\"wpb_text_column\"><div class=\"wpb_wrapper\"><p>Serviciile noastre post-v\u00e2nzare pentru a asigura standarde de evacuare f\u0103r\u0103 probleme \u0219i adecvate ale sta\u021biilor de tratare a apelor uzate.<\/p>\n<\/div><\/div><div class=\"w-btn-wrapper width_full\"><a class=\"w-btn us-btn-style_6 icon_atleft\" title=\"Sisteme de tratare a apelor uzate\" href=\"\/ro\/hizmetlerimiz\/periyodik-kontrol-hizmetleri\/\"><i class=\"fas fa-info-square\"><\/i><span class=\"w-btn-label\">DETALII \u2026<\/span><\/a><\/div><\/div><\/div><div class=\"wpb_column vc_column_container\"><div class=\"vc_column-inner\"><div class=\"w-ibanner us_custom_657b9349 animation_phorcys ratio_3x2 easing_ease\"><div class=\"w-ibanner-h\"><div class=\"w-ibanner-image\" style=\"background-image: url(https:\/\/www.anmeksan.com\/wp-content\/uploads\/2022\/05\/kimyasalaritma-1024x768.jpg)\"><\/div><div class=\"w-ibanner-content\"><div class=\"w-ibanner-content-h\"><h3 class=\"w-ibanner-title\">SISTEME DE TRATARE CHIMICA A APELOR UZATE<\/h3><div class=\"w-ibanner-desc\"><p>Tratarea apelor uzate la abator, abator de pui, prelucrarea lactatelor si fructelor si procese industriale<\/p>\n<\/div><\/div><\/div><\/div><a title=\"Sta\u021bii de tratare industrial\u0103\" href=\"\/ro\/hizmetlerimiz\/endustriyel-atiksu-aritma-tesisleri\/\" aria-label=\"SISTEME DE TRATARE CHIMICA A APELOR UZATE\"><\/a><\/div><div class=\"wpb_text_column\"><div class=\"wpb_wrapper\"><p>Continu\u0103m s\u0103 fim partenerul dumneavoastr\u0103 de solu\u021bii \u00een abatoare, fabrici de produse lactate, industria textil\u0103 \u0219i alte ape reziduale industriale.<\/p>\n<\/div><\/div><div class=\"w-btn-wrapper width_full\"><a class=\"w-btn us-btn-style_6 icon_atleft\" title=\"Sisteme de tratare a apelor uzate\" href=\"\/ro\/hizmetlerimiz\/endustriyel-atiksu-aritma-tesisleri\/\"><i class=\"fas fa-info-square\"><\/i><span class=\"w-btn-label\">DETALII \u2026<\/span><\/a><\/div><div class=\"w-separator size_small\"><\/div><div class=\"w-ibanner us_custom_657b9349 animation_phorcys ratio_3x2 easing_ease\"><div class=\"w-ibanner-h\"><div class=\"w-ibanner-image\" style=\"background-image: url(https:\/\/www.anmeksan.com\/wp-content\/uploads\/2022\/05\/gerikazanimsistemleri.png)\"><\/div><div class=\"w-ibanner-content\"><div class=\"w-ibanner-content-h\"><h3 class=\"w-ibanner-title\">Sisteme de recuperare a apelor uzate<\/h3><div class=\"w-ibanner-desc\"><p>Sisteme de recuperare a apelor uzate, sisteme de filtrare cu nisip \u0219i carbon<\/p>\n<\/div><\/div><\/div><\/div><a title=\"Sisteme de recuperare a apelor uzate\" href=\"\/ro\/hizmetlerimiz\/atiksu-geri-kazanim-sistemleri\/\" aria-label=\"Sisteme de recuperare a apelor uzate\"><\/a><\/div><div class=\"wpb_text_column\"><div class=\"wpb_wrapper\"><p>Experimenta\u021bi calitatea utiliz\u0103rii apei uzate \u00een procesele dumneavoastr\u0103 cu sistemele de recuperare \u0219i ultrafiltrare a apelor uzate.<\/p>\n<\/div><\/div><div class=\"w-btn-wrapper width_full\"><a class=\"w-btn us-btn-style_6 icon_atleft\" title=\"Sisteme de tratare a apelor uzate\" href=\"\/ro\/hizmetlerimiz\/atiksu-geri-kazanim-sistemleri\/\"><i class=\"fas fa-info-square\"><\/i><span class=\"w-btn-label\">DETALII \u2026<\/span><\/a><\/div><div class=\"w-separator size_small\"><\/div><div class=\"w-ibanner us_custom_657b9349 animation_phorcys ratio_3x2 easing_ease\"><div class=\"w-ibanner-h\"><div class=\"w-ibanner-image\" style=\"background-image: url(https:\/\/www.anmeksan.com\/wp-content\/uploads\/2022\/05\/projeonay.png)\"><\/div><div class=\"w-ibanner-content\"><div class=\"w-ibanner-content-h\"><h3 class=\"w-ibanner-title\">SERVICII DE PROIECTE<\/h3><div class=\"w-ibanner-desc\"><p>Servicii de Aprobare Proiecte Sta\u021bii de Epurare Apelor Uzate SBR, Epurare Biologic\u0103 \u0219i Chimic\u0103.<\/p>\n<\/div><\/div><\/div><\/div><a title=\"SERVICII DE PROIECTE\" href=\"\/ro\/hizmetlerimiz\/proje-onay-hizmetleri\/\" aria-label=\"SERVICII DE PROIECTE\"><\/a><\/div><div class=\"wpb_text_column\"><div class=\"wpb_wrapper\"><p>Sta\u021bii de tratare a apelor uzate, consultan\u021b\u0103 \u0219i preg\u0103tire dosare de proiect \u0219i servicii de consultan\u021b\u0103 pentru sta\u021bii de epurare.<\/p>\n<\/div><\/div><div class=\"w-btn-wrapper width_full\"><a class=\"w-btn us-btn-style_6 icon_atleft\" title=\"Sisteme de tratare a apelor uzate\" href=\"\/ro\/hizmetlerimiz\/proje-onay-hizmetleri\/\"><i class=\"fas fa-info-square\"><\/i><span class=\"w-btn-label\">DETALII \u2026<\/span><\/a><\/div><\/div><\/div><\/div><\/div><\/section>","protected":false},"excerpt":{"rendered":"PAKET ATIKSU ARITMA S\u0130STEMLER\u0130BioPOWER Paket Ar\u0131tma ile 100-1000 Ki\u015fi Kapasiteli, H\u0131zl\u0131 ve Ekonomik \u00c7\u00f6z\u00fcmler. Evsel, Biyolojik ve Kimyasal Paket At\u0131ksu Ar\u0131tma Tesisleri ile h\u0131zl\u0131 ve ekonomik \u00e7\u00f6z\u00fcmler sunuyoruz. Fabrikam\u0131zda % 100 kaliteli \u00fcretim. DETAYLAR &#8230;MBR ATIKSU ARITMA S\u0130STEMLER\u0130MBR (Membran Bioreactor) Biyolojik ve end\u00fcstriyel ileri ar\u0131tma teknolojileri. Y\u00fcksek kapasiteli MBR at\u0131ksu ar\u0131tma sistemleri ile, y\u00fcksek ar\u0131tma...","protected":false},"author":1,"featured_media":0,"parent":0,"menu_order":0,"comment_status":"closed","ping_status":"closed","template":"","meta":{"footnotes":""},"class_list":["post-8553","page","type-page","status-publish","hentry"],"acf":[],"yoast_head":"<!-- This site is optimized with the Yoast SEO Premium plugin v18.7 (Yoast SEO v27.4) - https:\/\/yoast.com\/product\/yoast-seo-premium-wordpress\/ -->\n<title>Hizmetlerimiz - Anmeksan Ar\u0131tma A.\u015e<\/title>\n<meta name=\"description\" content=\"Hizmetlerimiz ve paket ar\u0131tma tesisleri, toki paket ar\u0131tma, at\u0131ksu mekanik ekipman imalatlar\u0131, samsun at\u0131ksu firmalar\u0131, giresun paket ar\u0131tma\" \/>\n<meta name=\"robots\" content=\"index, follow, max-snippet:-1, max-image-preview:large, max-video-preview:-1\" \/>\n<link rel=\"canonical\" href=\"https:\/\/www.anmeksan.com\/ro\/hizmetlerimiz\/\" \/>\n<meta property=\"og:locale\" content=\"ro_RO\" \/>\n<meta property=\"og:type\" content=\"article\" \/>\n<meta property=\"og:title\" content=\"Hizmetlerimiz\" \/>\n<meta property=\"og:description\" content=\"Hizmetlerimiz ve paket ar\u0131tma tesisleri, toki paket ar\u0131tma, at\u0131ksu mekanik ekipman imalatlar\u0131, samsun at\u0131ksu firmalar\u0131, giresun paket ar\u0131tma\" \/>\n<meta property=\"og:url\" content=\"https:\/\/www.anmeksan.com\/ro\/hizmetlerimiz\/\" \/>\n<meta property=\"og:site_name\" content=\"Anmeksan Ar\u0131tma A.\u015e\" \/>\n<meta property=\"article:publisher\" content=\"https:\/\/www.facebook.com\/anmeksan.aritmaas\" \/>\n<meta property=\"article:modified_time\" content=\"2022-08-01T07:35:31+00:00\" \/>\n<meta name=\"twitter:card\" content=\"summary_large_image\" \/>\n<meta name=\"twitter:site\" content=\"@anmeksan\" \/>\n<meta name=\"twitter:label1\" content=\"Timp estimat pentru citire\" \/>\n\t<meta name=\"twitter:data1\" content=\"3 minute\" \/>\n<!-- \/ Yoast SEO Premium plugin. -->","yoast_head_json":{"title":"Serviciile Noastre - Anmeksan Tratarea apelor uzate","description":"Serviciile noastre \u0219i sta\u021biile de epurare de pachete, epurare SBR \u0219i STP, produc\u021bie de echipamente mecanice pentru ape uzate, companii de epurare samsun, epurare a apelor uzate de curcan,","robots":{"index":"index","follow":"follow","max-snippet":"max-snippet:-1","max-image-preview":"max-image-preview:large","max-video-preview":"max-video-preview:-1"},"canonical":"https:\/\/www.anmeksan.com\/ro\/hizmetlerimiz\/","og_locale":"ro_RO","og_type":"article","og_title":"Hizmetlerimiz","og_description":"Hizmetlerimiz ve paket ar\u0131tma tesisleri, toki paket ar\u0131tma, at\u0131ksu mekanik ekipman imalatlar\u0131, samsun at\u0131ksu firmalar\u0131, giresun paket ar\u0131tma","og_url":"https:\/\/www.anmeksan.com\/ro\/hizmetlerimiz\/","og_site_name":"Anmeksan Ar\u0131tma A.\u015e","article_publisher":"https:\/\/www.facebook.com\/anmeksan.aritmaas","article_modified_time":"2022-08-01T07:35:31+00:00","twitter_card":"summary_large_image","twitter_site":"@anmeksan","twitter_misc":{"Timp estimat pentru citire":"3 minute"},"schema":{"@context":"https:\/\/schema.org","@graph":[{"@type":"WebPage","@id":"https:\/\/www.anmeksan.com\/hizmetlerimiz\/","url":"https:\/\/www.anmeksan.com\/hizmetlerimiz\/","name":"Serviciile Noastre - Anmeksan Tratarea apelor uzate","isPartOf":{"@id":"https:\/\/www.anmeksan.com\/#website"},"datePublished":"2022-04-26T17:43:53+00:00","dateModified":"2022-08-01T07:35:31+00:00","description":"Serviciile noastre \u0219i sta\u021biile de epurare de pachete, epurare SBR \u0219i STP, produc\u021bie de echipamente mecanice pentru ape uzate, companii de epurare samsun, epurare a apelor uzate de curcan,","breadcrumb":{"@id":"https:\/\/www.anmeksan.com\/hizmetlerimiz\/#breadcrumb"},"inLanguage":"ro-RO","potentialAction":[{"@type":"ReadAction","target":["https:\/\/www.anmeksan.com\/hizmetlerimiz\/"]}]},{"@type":"BreadcrumbList","@id":"https:\/\/www.anmeksan.com\/hizmetlerimiz\/#breadcrumb","itemListElement":[{"@type":"ListItem","position":1,"name":"Ana Sayfa","item":"https:\/\/www.anmeksan.com\/"},{"@type":"ListItem","position":2,"name":"Hizmetlerimiz"}]},{"@type":"WebSite","@id":"https:\/\/www.anmeksan.com\/#website","url":"https:\/\/www.anmeksan.com\/","name":"Anmeksan Tratarea Apelor Uzate","description":"Paket Ar\u0131tma Sistemleri, MBR ve MBBR Ar\u0131tma","publisher":{"@id":"https:\/\/www.anmeksan.com\/#organization"},"potentialAction":[{"@type":"SearchAction","target":{"@type":"EntryPoint","urlTemplate":"https:\/\/www.anmeksan.com\/?s={search_term_string}"},"query-input":{"@type":"PropertyValueSpecification","valueRequired":true,"valueName":"search_term_string"}}],"inLanguage":"ro-RO"},{"@type":"Organization","@id":"https:\/\/www.anmeksan.com\/#organization","name":"Anmeksan Tratarea Apelor Uzate","url":"https:\/\/www.anmeksan.com\/","logo":{"@type":"ImageObject","inLanguage":"ro-RO","@id":"https:\/\/www.anmeksan.com\/#\/schema\/logo\/image\/","url":"https:\/\/www.anmeksan.com\/wp-content\/uploads\/2022\/04\/logo.svg","contentUrl":"https:\/\/www.anmeksan.com\/wp-content\/uploads\/2022\/04\/logo.svg","width":"1024","height":"1024","caption":"Anmeksan Ar\u0131tma A.\u015e"},"image":{"@id":"https:\/\/www.anmeksan.com\/#\/schema\/logo\/image\/"},"sameAs":["https:\/\/www.facebook.com\/anmeksan.aritmaas","https:\/\/x.com\/anmeksan"]}]}},"_links":{"self":[{"href":"https:\/\/www.anmeksan.com\/ro\/wp-json\/wp\/v2\/pages\/8553","targetHints":{"allow":["GET"]}}],"collection":[{"href":"https:\/\/www.anmeksan.com\/ro\/wp-json\/wp\/v2\/pages"}],"about":[{"href":"https:\/\/www.anmeksan.com\/ro\/wp-json\/wp\/v2\/types\/page"}],"author":[{"embeddable":true,"href":"https:\/\/www.anmeksan.com\/ro\/wp-json\/wp\/v2\/users\/1"}],"replies":[{"embeddable":true,"href":"https:\/\/www.anmeksan.com\/ro\/wp-json\/wp\/v2\/comments?post=8553"}],"version-history":[{"count":0,"href":"https:\/\/www.anmeksan.com\/ro\/wp-json\/wp\/v2\/pages\/8553\/revisions"}],"wp:attachment":[{"href":"https:\/\/www.anmeksan.com\/ro\/wp-json\/wp\/v2\/media?parent=8553"}],"curies":[{"name":"wp","href":"https:\/\/api.w.org\/{rel}","templated":true}]}}