{"id":9030,"date":"2022-04-30T11:06:22","date_gmt":"2022-04-30T11:06:22","guid":{"rendered":"https:\/\/anmeksan.com\/?page_id=9030"},"modified":"2022-06-15T17:29:44","modified_gmt":"2022-06-15T17:29:44","slug":"surdurulebilirlik","status":"publish","type":"page","link":"https:\/\/www.anmeksan.com\/ro\/surdurulebilirlik\/","title":{"rendered":"Durabilitate"},"content":{"rendered":"<section class=\"l-section wpb_row height_large with_img\"><div class=\"l-section-img\" style=\"background-image: url(https:\/\/www.anmeksan.com\/wp-content\/uploads\/2022\/05\/projeler-anmeksan.jpg);\" data-img-width=\"1920\" data-img-height=\"600\"><\/div><div class=\"l-section-h i-cf\"><div class=\"g-cols vc_row via_grid cols_2-1 laptops-cols_inherit tablets-cols_inherit mobiles-cols_1 valign_top type_default stacking_default\"><div class=\"wpb_column vc_column_container\"><div class=\"vc_column-inner\"><h1 class=\"w-post-elm post_title us_custom_72b883da has_text_color align_left entry-title color_link_inherit\">Durabilitate<\/h1><div class=\"w-html us_custom_16c70a5a has_text_color\"><span><span><a href=\"https:\/\/www.anmeksan.com\/ro\/\">Pagina Principala<\/a><\/span><\/div><\/div><\/div><div class=\"wpb_column vc_column_container\"><div class=\"vc_column-inner\"><div class=\"w-image align_none\"><div class=\"w-image-h\"><img width=\"150\" height=\"50\" src=\"https:\/\/www.anmeksan.com\/wp-content\/uploads\/2022\/04\/anmeksan-kalite-iso.png\" class=\"attachment-full size-full\" alt=\"Anmeksan Kalite\" decoding=\"async\" \/><\/div><\/div><div class=\"w-separator size_custom\" style=\"height:3px\"><\/div><div class=\"w-image align_none\"><div class=\"w-image-h\"><img width=\"871\" height=\"160\" src=\"https:\/\/www.anmeksan.com\/wp-content\/uploads\/2014\/09\/turkey-anmeksan.png\" class=\"attachment-full size-full\" alt=\"Turkey Anmeksan\" decoding=\"async\" srcset=\"https:\/\/www.anmeksan.com\/wp-content\/uploads\/2014\/09\/turkey-anmeksan.png 871w, https:\/\/www.anmeksan.com\/wp-content\/uploads\/2014\/09\/turkey-anmeksan-300x55.png 300w, https:\/\/www.anmeksan.com\/wp-content\/uploads\/2014\/09\/turkey-anmeksan-200x37.png 200w\" sizes=\"(max-width: 871px) 100vw, 871px\" \/><\/div><\/div><\/div><\/div><\/div><\/div><\/section><section class=\"l-section wpb_row height_small\"><div class=\"l-section-h i-cf\"><div class=\"g-cols vc_row via_grid cols_1 laptops-cols_inherit tablets-cols_inherit mobiles-cols_1 valign_top type_default stacking_default\"><div class=\"wpb_column vc_column_container\"><div class=\"vc_column-inner\"><h2 style=\"text-align: left;font-family:Roboto;font-weight:500;font-style:normal\" class=\"vc_custom_heading us_custom_16c70a5a\" >S\u00dcRD\u00dcR\u00dcLEB\u0130L\u0130R KALKINMA AMA\u00c7LARI<\/h2><div class=\"w-separator size_custom\" style=\"height:20px\"><\/div><div class=\"g-cols wpb_row via_grid cols_6 laptops-cols_inherit tablets-cols_inherit mobiles-cols_1 valign_top type_default stacking_default\"><div class=\"wpb_column vc_column_container\"><div class=\"vc_column-inner\"><div class=\"w-image align_none\"><div class=\"w-image-h\"><img width=\"150\" height=\"150\" src=\"https:\/\/www.anmeksan.com\/wp-content\/uploads\/2022\/04\/sdg-tr-01.png\" class=\"attachment-large size-large\" alt=\"Anmeksan S\u00fcrd\u00fcr\u00fclebilirlik\" decoding=\"async\" srcset=\"https:\/\/www.anmeksan.com\/wp-content\/uploads\/2022\/04\/sdg-tr-01.png 150w, https:\/\/www.anmeksan.com\/wp-content\/uploads\/2022\/04\/sdg-tr-01-100x100.png 100w\" sizes=\"(max-width: 150px) 100vw, 150px\" \/><\/div><\/div><\/div><\/div><div class=\"wpb_column vc_column_container\"><div class=\"vc_column-inner\"><div class=\"w-image align_none\"><div class=\"w-image-h\"><img width=\"150\" height=\"150\" src=\"https:\/\/www.anmeksan.com\/wp-content\/uploads\/2022\/04\/sdg-tr-02.png\" class=\"attachment-large size-large\" alt=\"Anmeksan S\u00fcrd\u00fcr\u00fclebilirlik\" decoding=\"async\" srcset=\"https:\/\/www.anmeksan.com\/wp-content\/uploads\/2022\/04\/sdg-tr-02.png 150w, https:\/\/www.anmeksan.com\/wp-content\/uploads\/2022\/04\/sdg-tr-02-100x100.png 100w\" sizes=\"(max-width: 150px) 100vw, 150px\" \/><\/div><\/div><\/div><\/div><div class=\"wpb_column vc_column_container\"><div class=\"vc_column-inner\"><div class=\"w-image align_none\"><div class=\"w-image-h\"><img width=\"150\" height=\"150\" src=\"https:\/\/www.anmeksan.com\/wp-content\/uploads\/2022\/04\/sdg-tr-03.png\" class=\"attachment-large size-large\" alt=\"Anmeksan S\u00fcrd\u00fcr\u00fclebilirlik\" decoding=\"async\" srcset=\"https:\/\/www.anmeksan.com\/wp-content\/uploads\/2022\/04\/sdg-tr-03.png 150w, https:\/\/www.anmeksan.com\/wp-content\/uploads\/2022\/04\/sdg-tr-03-100x100.png 100w\" sizes=\"(max-width: 150px) 100vw, 150px\" \/><\/div><\/div><\/div><\/div><div class=\"wpb_column vc_column_container\"><div class=\"vc_column-inner\"><div class=\"w-image align_none\"><div class=\"w-image-h\"><img width=\"150\" height=\"150\" src=\"https:\/\/www.anmeksan.com\/wp-content\/uploads\/2022\/04\/sdg-tr-04.png\" class=\"attachment-large size-large\" alt=\"Anmeksan S\u00fcrd\u00fcr\u00fclebilirlik\" decoding=\"async\" srcset=\"https:\/\/www.anmeksan.com\/wp-content\/uploads\/2022\/04\/sdg-tr-04.png 150w, https:\/\/www.anmeksan.com\/wp-content\/uploads\/2022\/04\/sdg-tr-04-100x100.png 100w\" sizes=\"(max-width: 150px) 100vw, 150px\" \/><\/div><\/div><\/div><\/div><div class=\"wpb_column vc_column_container\"><div class=\"vc_column-inner\"><div class=\"w-image align_none\"><div class=\"w-image-h\"><img width=\"150\" height=\"150\" src=\"https:\/\/www.anmeksan.com\/wp-content\/uploads\/2022\/04\/sdg-tr-05.png\" class=\"attachment-large size-large\" alt=\"Anmeksan S\u00fcrd\u00fcr\u00fclebilirlik\" decoding=\"async\" srcset=\"https:\/\/www.anmeksan.com\/wp-content\/uploads\/2022\/04\/sdg-tr-05.png 150w, https:\/\/www.anmeksan.com\/wp-content\/uploads\/2022\/04\/sdg-tr-05-100x100.png 100w\" sizes=\"(max-width: 150px) 100vw, 150px\" \/><\/div><\/div><\/div><\/div><div class=\"wpb_column vc_column_container\"><div class=\"vc_column-inner\"><div class=\"w-image align_none\"><div class=\"w-image-h\"><img width=\"150\" height=\"150\" src=\"https:\/\/www.anmeksan.com\/wp-content\/uploads\/2022\/04\/sdg-tr-06.png\" class=\"attachment-large size-large\" alt=\"Anmeksan S\u00fcrd\u00fcr\u00fclebilirlik\" decoding=\"async\" srcset=\"https:\/\/www.anmeksan.com\/wp-content\/uploads\/2022\/04\/sdg-tr-06.png 150w, https:\/\/www.anmeksan.com\/wp-content\/uploads\/2022\/04\/sdg-tr-06-100x100.png 100w\" sizes=\"(max-width: 150px) 100vw, 150px\" \/><\/div><\/div><\/div><\/div><\/div><div class=\"w-separator size_custom\" style=\"height:20px\"><\/div><div class=\"g-cols wpb_row via_grid cols_6 laptops-cols_inherit tablets-cols_inherit mobiles-cols_1 valign_top type_default stacking_default\"><div class=\"wpb_column vc_column_container\"><div class=\"vc_column-inner\"><div class=\"w-image align_none\"><div class=\"w-image-h\"><img width=\"150\" height=\"150\" src=\"https:\/\/www.anmeksan.com\/wp-content\/uploads\/2022\/04\/sdg-tr-07.png\" class=\"attachment-large size-large\" alt=\"Anmeksan S\u00fcrd\u00fcr\u00fclebilirlik\" decoding=\"async\" srcset=\"https:\/\/www.anmeksan.com\/wp-content\/uploads\/2022\/04\/sdg-tr-07.png 150w, https:\/\/www.anmeksan.com\/wp-content\/uploads\/2022\/04\/sdg-tr-07-100x100.png 100w\" sizes=\"(max-width: 150px) 100vw, 150px\" \/><\/div><\/div><\/div><\/div><div class=\"wpb_column vc_column_container\"><div class=\"vc_column-inner\"><div class=\"w-image align_none\"><div class=\"w-image-h\"><img width=\"150\" height=\"150\" src=\"https:\/\/www.anmeksan.com\/wp-content\/uploads\/2022\/04\/sdg-tr-08.png\" class=\"attachment-large size-large\" alt=\"Anmeksan S\u00fcrd\u00fcr\u00fclebilirlik\" decoding=\"async\" srcset=\"https:\/\/www.anmeksan.com\/wp-content\/uploads\/2022\/04\/sdg-tr-08.png 150w, https:\/\/www.anmeksan.com\/wp-content\/uploads\/2022\/04\/sdg-tr-08-100x100.png 100w\" sizes=\"(max-width: 150px) 100vw, 150px\" \/><\/div><\/div><\/div><\/div><div class=\"wpb_column vc_column_container\"><div class=\"vc_column-inner\"><div class=\"w-image align_none\"><div class=\"w-image-h\"><img width=\"150\" height=\"150\" src=\"https:\/\/www.anmeksan.com\/wp-content\/uploads\/2022\/04\/sdg-tr-09.png\" class=\"attachment-large size-large\" alt=\"Anmeksan S\u00fcrd\u00fcr\u00fclebilirlik\" decoding=\"async\" srcset=\"https:\/\/www.anmeksan.com\/wp-content\/uploads\/2022\/04\/sdg-tr-09.png 150w, https:\/\/www.anmeksan.com\/wp-content\/uploads\/2022\/04\/sdg-tr-09-100x100.png 100w\" sizes=\"(max-width: 150px) 100vw, 150px\" \/><\/div><\/div><\/div><\/div><div class=\"wpb_column vc_column_container\"><div class=\"vc_column-inner\"><div class=\"w-image align_none\"><div class=\"w-image-h\"><img width=\"150\" height=\"150\" src=\"https:\/\/www.anmeksan.com\/wp-content\/uploads\/2022\/04\/sdg-tr-10.png\" class=\"attachment-large size-large\" alt=\"Anmeksan S\u00fcrd\u00fcr\u00fclebilirlik\" decoding=\"async\" srcset=\"https:\/\/www.anmeksan.com\/wp-content\/uploads\/2022\/04\/sdg-tr-10.png 150w, https:\/\/www.anmeksan.com\/wp-content\/uploads\/2022\/04\/sdg-tr-10-100x100.png 100w\" sizes=\"(max-width: 150px) 100vw, 150px\" \/><\/div><\/div><\/div><\/div><div class=\"wpb_column vc_column_container\"><div class=\"vc_column-inner\"><div class=\"w-image align_none\"><div class=\"w-image-h\"><img width=\"150\" height=\"150\" src=\"https:\/\/www.anmeksan.com\/wp-content\/uploads\/2022\/04\/sdg-tr-11.png\" class=\"attachment-large size-large\" alt=\"Anmeksan S\u00fcrd\u00fcr\u00fclebilirlik\" decoding=\"async\" srcset=\"https:\/\/www.anmeksan.com\/wp-content\/uploads\/2022\/04\/sdg-tr-11.png 150w, https:\/\/www.anmeksan.com\/wp-content\/uploads\/2022\/04\/sdg-tr-11-100x100.png 100w\" sizes=\"(max-width: 150px) 100vw, 150px\" \/><\/div><\/div><\/div><\/div><div class=\"wpb_column vc_column_container\"><div class=\"vc_column-inner\"><div class=\"w-image align_none\"><div class=\"w-image-h\"><img width=\"150\" height=\"150\" src=\"https:\/\/www.anmeksan.com\/wp-content\/uploads\/2022\/04\/sdg-tr-12.png\" class=\"attachment-large size-large\" alt=\"Anmeksan S\u00fcrd\u00fcr\u00fclebilirlik\" decoding=\"async\" srcset=\"https:\/\/www.anmeksan.com\/wp-content\/uploads\/2022\/04\/sdg-tr-12.png 150w, https:\/\/www.anmeksan.com\/wp-content\/uploads\/2022\/04\/sdg-tr-12-100x100.png 100w\" sizes=\"(max-width: 150px) 100vw, 150px\" \/><\/div><\/div><\/div><\/div><\/div><div class=\"w-separator size_custom\" style=\"height:20px\"><\/div><div class=\"g-cols wpb_row via_grid cols_6 laptops-cols_inherit tablets-cols_inherit mobiles-cols_1 valign_top type_default stacking_default\"><div class=\"wpb_column vc_column_container\"><div class=\"vc_column-inner\"><div class=\"w-image align_none\"><div class=\"w-image-h\"><img width=\"150\" height=\"150\" src=\"https:\/\/www.anmeksan.com\/wp-content\/uploads\/2022\/04\/sdg-tr-13.png\" class=\"attachment-large size-large\" alt=\"Anmeksan S\u00fcrd\u00fcr\u00fclebilirlik\" decoding=\"async\" srcset=\"https:\/\/www.anmeksan.com\/wp-content\/uploads\/2022\/04\/sdg-tr-13.png 150w, https:\/\/www.anmeksan.com\/wp-content\/uploads\/2022\/04\/sdg-tr-13-100x100.png 100w\" sizes=\"(max-width: 150px) 100vw, 150px\" \/><\/div><\/div><\/div><\/div><div class=\"wpb_column vc_column_container\"><div class=\"vc_column-inner\"><div class=\"w-image align_none\"><div class=\"w-image-h\"><img width=\"150\" height=\"150\" src=\"https:\/\/www.anmeksan.com\/wp-content\/uploads\/2022\/04\/sdg-tr-14.png\" class=\"attachment-large size-large\" alt=\"Anmeksan S\u00fcrd\u00fcr\u00fclebilirlik\" decoding=\"async\" srcset=\"https:\/\/www.anmeksan.com\/wp-content\/uploads\/2022\/04\/sdg-tr-14.png 150w, https:\/\/www.anmeksan.com\/wp-content\/uploads\/2022\/04\/sdg-tr-14-100x100.png 100w\" sizes=\"(max-width: 150px) 100vw, 150px\" \/><\/div><\/div><\/div><\/div><div class=\"wpb_column vc_column_container\"><div class=\"vc_column-inner\"><div class=\"w-image align_none\"><div class=\"w-image-h\"><img width=\"150\" height=\"150\" src=\"https:\/\/www.anmeksan.com\/wp-content\/uploads\/2022\/04\/sdg-tr-15.png\" class=\"attachment-large size-large\" alt=\"Anmeksan S\u00fcrd\u00fcr\u00fclebilirlik\" decoding=\"async\" srcset=\"https:\/\/www.anmeksan.com\/wp-content\/uploads\/2022\/04\/sdg-tr-15.png 150w, https:\/\/www.anmeksan.com\/wp-content\/uploads\/2022\/04\/sdg-tr-15-100x100.png 100w\" sizes=\"(max-width: 150px) 100vw, 150px\" \/><\/div><\/div><\/div><\/div><div class=\"wpb_column vc_column_container\"><div class=\"vc_column-inner\"><div class=\"w-image align_none\"><div class=\"w-image-h\"><img width=\"150\" height=\"150\" src=\"https:\/\/www.anmeksan.com\/wp-content\/uploads\/2022\/04\/sdg-tr-16.png\" class=\"attachment-large size-large\" alt=\"Anmeksan S\u00fcrd\u00fcr\u00fclebilirlik\" decoding=\"async\" srcset=\"https:\/\/www.anmeksan.com\/wp-content\/uploads\/2022\/04\/sdg-tr-16.png 150w, https:\/\/www.anmeksan.com\/wp-content\/uploads\/2022\/04\/sdg-tr-16-100x100.png 100w\" sizes=\"(max-width: 150px) 100vw, 150px\" \/><\/div><\/div><\/div><\/div><div class=\"wpb_column vc_column_container\"><div class=\"vc_column-inner\"><div class=\"w-image align_none\"><div class=\"w-image-h\"><img width=\"150\" height=\"150\" src=\"https:\/\/www.anmeksan.com\/wp-content\/uploads\/2022\/04\/sdg-tr-17.png\" class=\"attachment-large size-large\" alt=\"Anmeksan S\u00fcrd\u00fcr\u00fclebilirlik\" decoding=\"async\" srcset=\"https:\/\/www.anmeksan.com\/wp-content\/uploads\/2022\/04\/sdg-tr-17.png 150w, https:\/\/www.anmeksan.com\/wp-content\/uploads\/2022\/04\/sdg-tr-17-100x100.png 100w\" sizes=\"(max-width: 150px) 100vw, 150px\" \/><\/div><\/div><\/div><\/div><div class=\"wpb_column vc_column_container\"><div class=\"vc_column-inner\"><div class=\"w-image align_none\"><div class=\"w-image-h\"><img width=\"150\" height=\"150\" src=\"https:\/\/www.anmeksan.com\/wp-content\/uploads\/2022\/05\/kuresel.png\" class=\"attachment-large size-large\" alt=\"Anmeksan S\u00fcrd\u00fcr\u00fclebilirlik\" decoding=\"async\" srcset=\"https:\/\/www.anmeksan.com\/wp-content\/uploads\/2022\/05\/kuresel.png 150w, https:\/\/www.anmeksan.com\/wp-content\/uploads\/2022\/05\/kuresel-100x100.png 100w\" sizes=\"(max-width: 150px) 100vw, 150px\" \/><\/div><\/div><\/div><\/div><\/div><\/div><\/div><\/div><\/div><\/section><section class=\"l-section wpb_row height_medium with_img\"><div class=\"l-section-img\" style=\"background-image: url(https:\/\/www.anmeksan.com\/wp-content\/uploads\/2022\/05\/1625247515412.jpg);\" data-img-width=\"1500\" data-img-height=\"1500\"><\/div><div class=\"l-section-h i-cf\"><div class=\"g-cols vc_row via_grid cols_1 laptops-cols_inherit tablets-cols_inherit mobiles-cols_1 valign_top type_default stacking_default\"><div class=\"wpb_column vc_column_container\"><div class=\"vc_column-inner\"><h2 style=\"text-align: left;font-family:Roboto;font-weight:500;font-style:normal\" class=\"vc_custom_heading us_custom_16c70a5a\" >S\u00dcRD\u00dcR\u00dcLEB\u0130L\u0130R KALKINMA AMA\u00c7LARI<\/h2><div class=\"wpb_text_column\"><div class=\"wpb_wrapper\"><ol>\n<li>Yoksullu\u011fu her yer her y\u00f6n\u00fc ile sona erdirmek.<\/li>\n<li>A\u00e7l\u0131\u011f\u0131 sona erdirmek, g\u0131da g\u00fcvenli\u011fini sa\u011flamak, herkesin sa\u011fl\u0131kl\u0131 ve besleyici yiyeceklere ula\u015fmas\u0131n\u0131 sa\u011flamak ve s\u00fcrd\u00fcr\u00fclebilir tar\u0131m\u0131 g\u00fc\u00e7lendirmek.<\/li>\n<li>Sa\u011fl\u0131kl\u0131 ya\u015fam ko\u015fullar\u0131 korumak ve her ya\u015fta herkes i\u00e7in e\u015fit ya\u015fam ile sa\u011fl\u0131kl\u0131 olmay\u0131 benimsemek.<\/li>\n<li>T\u00fcm insanlar i\u00e7in kapsay\u0131c\u0131 ve iyi e\u011fitimin sa\u011flanmas\u0131 ve hayat boyu e\u011fitim olanaklar\u0131n\u0131n desteklenmek.<\/li>\n<li>Cinsiyet e\u015fitli\u011fini sa\u011flamak ve t\u00fcm kad\u0131nlar\u0131 ve k\u0131z \u00e7ocuklar\u0131n\u0131n toplum i\u00e7indeki yerlerini g\u00fc\u00e7l\u00fc k\u0131lmak.<\/li>\n<li>Herkes i\u00e7in temiz su, g\u00fcvenli ve hijyenik altyap\u0131ya ile eri\u015fiminin sa\u011flanmas\u0131.<\/li>\n<li>Herkes d\u00fc\u015f\u00fck maliyetli, g\u00fcvenilir ve s\u00fcr\u00fcnd\u00fcr\u00fclebilir temiz ve modern enerjiye ula\u015f\u0131m\u0131 sa\u011flanmal\u0131.<\/li>\n<li>Devaml\u0131, kapsay\u0131c\u0131 ve s\u00fcrd\u00fcr\u00fclebilir ekonomik b\u00fcy\u00fcmeyi desteklemek, verimli ve uygun \u00e7al\u0131\u015fma ko\u015fullar\u0131n\u0131 olu\u015fturmak.<\/li>\n<li>Dayan\u0131kl\u0131 bir altyap\u0131 in\u015fa etmek, kapsay\u0131c\u0131 ve s\u00fcr\u00fcnd\u00fcr\u00fclebilir sanayile\u015fme ve inovasyonu desteklemek.<\/li>\n<li>\u00dclkeler aras\u0131 ve \u00fclke i\u00e7indeki ki\u015filer aras\u0131nda e\u015fitsizli\u011fi azaltmak.<\/li>\n<li>\u015eehirleri ve insan yerle\u015fimlerini kapsay\u0131c\u0131, g\u00fcvenli, dayan\u0131kl\u0131 ve s\u00fcrd\u00fcr\u00fclebilir hale getirmek.<\/li>\n<li>S\u00fcrd\u00fcr\u00fclebilir \u00fcretim ve t\u00fcketimin sa\u011flanmas\u0131n\u0131n yan\u0131nda g\u0131da at\u0131klar\u0131 ve israf\u0131n durdurulmas\u0131n\u0131 sa\u011flamak.<\/li>\n<li>\u0130klim de\u011fi\u015fikli\u011fi ve etkileriyle m\u00fccadele etmek i\u00e7in acil ve h\u0131zl\u0131 ula\u015f\u0131labilir \u00e7\u00f6z\u00fcmler \u00fcretmek.<\/li>\n<li>Okyanuslar\u0131, denizleri ve sualt\u0131 ya\u015fam\u0131n\u0131 korumak ve s\u00fcrd\u00fcr\u00fclebilir kalk\u0131nma ekseninde kullanmak.<\/li>\n<li>Ekosistemi korumak verilen zararlar\u0131 gidermek ve s\u00fcrd\u00fcr\u00fclebilir kullan\u0131m ortamlar\u0131n\u0131 sa\u011flamak ve i\u00e7inde ya\u015fayan canl\u0131 t\u00fcrlerini korumak, \u00e7\u00f6lle\u015fme ile sava\u015fmak, toprak verimlili\u011fi ve bio \u00e7e\u015fitlilik kayb\u0131n\u0131 durdurmak ve tersine \u00e7evirmek.<\/li>\n<li>S\u00fcrd\u00fcr\u00fclebilir kalk\u0131nma hedefleri \u00e7er\u00e7evesinde bar\u0131\u015f i\u00e7erisinde ve kapsay\u0131c\u0131 toplumlar\u0131 desteklemek, herkes i\u00e7in adalet sa\u011flamak, her seviyede hesap verilebilirlik ilkesine sahip verimli ve kapsay\u0131c\u0131 kurumlar olu\u015fturmak.<\/li>\n<li>Su\u0308rdu\u0308ru\u0308lebilir kalk\u0131nma i\u00e7in global destek a\u011f\u0131n\u0131n canland\u0131r\u0131lmas\u0131 ve hedeflerin uygulanabilirli\u011finin g\u00fc\u00e7lendirilmesini sa\u011flamak.<\/li>\n<\/ol>\n<\/div><\/div><\/div><\/div><\/div><\/div><\/section>","protected":false},"excerpt":{"rendered":"S\u00fcrd\u00fcr\u00fclebilirlikAna SayfaS\u00dcRD\u00dcR\u00dcLEB\u0130L\u0130R KALKINMA AMA\u00c7LARIS\u00dcRD\u00dcR\u00dcLEB\u0130L\u0130R KALKINMA AMA\u00c7LARI Yoksullu\u011fu her yer her y\u00f6n\u00fc ile sona erdirmek. A\u00e7l\u0131\u011f\u0131 sona erdirmek, g\u0131da g\u00fcvenli\u011fini sa\u011flamak, herkesin sa\u011fl\u0131kl\u0131 ve besleyici yiyeceklere ula\u015fmas\u0131n\u0131 sa\u011flamak ve s\u00fcrd\u00fcr\u00fclebilir tar\u0131m\u0131 g\u00fc\u00e7lendirmek. Sa\u011fl\u0131kl\u0131 ya\u015fam ko\u015fullar\u0131 korumak ve her ya\u015fta herkes i\u00e7in e\u015fit ya\u015fam ile sa\u011fl\u0131kl\u0131 olmay\u0131 benimsemek. T\u00fcm insanlar i\u00e7in kapsay\u0131c\u0131 ve iyi e\u011fitimin sa\u011flanmas\u0131 ve...","protected":false},"author":1,"featured_media":0,"parent":0,"menu_order":0,"comment_status":"closed","ping_status":"closed","template":"","meta":{"inline_featured_image":false},"acf":[],"yoast_head":"<!-- This site is optimized with the Yoast SEO Premium plugin v18.7 (Yoast SEO v19.4) - https:\/\/yoast.com\/wordpress\/plugins\/seo\/ -->\n<title>S\u00fcrd\u00fcr\u00fclebilirlik - Anmeksan Ar\u0131tma A.\u015e<\/title>\n<meta name=\"robots\" content=\"index, follow, max-snippet:-1, max-image-preview:large, max-video-preview:-1\" \/>\n<link rel=\"canonical\" href=\"https:\/\/www.anmeksan.com\/ro\/surdurulebilirlik\/\" \/>\n<meta property=\"og:locale\" content=\"ro_RO\" \/>\n<meta property=\"og:type\" content=\"article\" \/>\n<meta property=\"og:title\" content=\"S\u00fcrd\u00fcr\u00fclebilirlik\" \/>\n<meta property=\"og:url\" content=\"https:\/\/www.anmeksan.com\/ro\/surdurulebilirlik\/\" \/>\n<meta property=\"og:site_name\" content=\"Anmeksan Ar\u0131tma A.\u015e\" \/>\n<meta property=\"article:publisher\" content=\"https:\/\/www.facebook.com\/anmeksan.aritmaas\" \/>\n<meta property=\"article:modified_time\" content=\"2022-06-15T17:29:44+00:00\" \/>\n<meta name=\"twitter:card\" content=\"summary_large_image\" \/>\n<meta name=\"twitter:site\" content=\"@anmeksan\" \/>\n<meta name=\"twitter:label1\" content=\"Timp estimat pentru citire\" \/>\n\t<meta name=\"twitter:data1\" content=\"2 minute\" \/>\n<!-- \/ Yoast SEO Premium plugin. -->","yoast_head_json":{"title":"S\u00fcrd\u00fcr\u00fclebilirlik - Anmeksan Ar\u0131tma A.\u015e","robots":{"index":"index","follow":"follow","max-snippet":"max-snippet:-1","max-image-preview":"max-image-preview:large","max-video-preview":"max-video-preview:-1"},"canonical":"https:\/\/www.anmeksan.com\/ro\/surdurulebilirlik\/","og_locale":"ro_RO","og_type":"article","og_title":"S\u00fcrd\u00fcr\u00fclebilirlik","og_url":"https:\/\/www.anmeksan.com\/ro\/surdurulebilirlik\/","og_site_name":"Anmeksan Ar\u0131tma A.\u015e","article_publisher":"https:\/\/www.facebook.com\/anmeksan.aritmaas","article_modified_time":"2022-06-15T17:29:44+00:00","twitter_card":"summary_large_image","twitter_site":"@anmeksan","twitter_misc":{"Timp estimat pentru citire":"2 minute"},"schema":{"@context":"https:\/\/schema.org","@graph":[{"@type":"Organization","@id":"https:\/\/www.anmeksan.com\/#organization","name":"Anmeksan Ar\u0131tma A.\u015e","url":"https:\/\/www.anmeksan.com\/","sameAs":["https:\/\/www.facebook.com\/anmeksan.aritmaas","https:\/\/twitter.com\/anmeksan"],"logo":{"@type":"ImageObject","inLanguage":"ro-RO","@id":"https:\/\/www.anmeksan.com\/#\/schema\/logo\/image\/","url":"https:\/\/www.anmeksan.com\/wp-content\/uploads\/2022\/04\/logo.svg","contentUrl":"https:\/\/www.anmeksan.com\/wp-content\/uploads\/2022\/04\/logo.svg","width":"1024","height":"1024","caption":"Anmeksan Ar\u0131tma A.\u015e"},"image":{"@id":"https:\/\/www.anmeksan.com\/#\/schema\/logo\/image\/"}},{"@type":"WebSite","@id":"https:\/\/www.anmeksan.com\/#website","url":"https:\/\/www.anmeksan.com\/","name":"Anmeksan Ar\u0131tma A.\u015e","description":"Paket Ar\u0131tma Sistemleri, MBR ve MBBR Ar\u0131tma","publisher":{"@id":"https:\/\/www.anmeksan.com\/#organization"},"potentialAction":[{"@type":"SearchAction","target":{"@type":"EntryPoint","urlTemplate":"https:\/\/www.anmeksan.com\/?s={search_term_string}"},"query-input":"required name=search_term_string"}],"inLanguage":"ro-RO"},{"@type":"WebPage","@id":"https:\/\/www.anmeksan.com\/surdurulebilirlik\/","url":"https:\/\/www.anmeksan.com\/surdurulebilirlik\/","name":"S\u00fcrd\u00fcr\u00fclebilirlik - Anmeksan Ar\u0131tma A.\u015e","isPartOf":{"@id":"https:\/\/www.anmeksan.com\/#website"},"datePublished":"2022-04-30T11:06:22+00:00","dateModified":"2022-06-15T17:29:44+00:00","breadcrumb":{"@id":"https:\/\/www.anmeksan.com\/surdurulebilirlik\/#breadcrumb"},"inLanguage":"ro-RO","potentialAction":[{"@type":"ReadAction","target":["https:\/\/www.anmeksan.com\/surdurulebilirlik\/"]}]},{"@type":"BreadcrumbList","@id":"https:\/\/www.anmeksan.com\/surdurulebilirlik\/#breadcrumb","itemListElement":[{"@type":"ListItem","position":1,"name":"Ana Sayfa","item":"https:\/\/www.anmeksan.com\/"},{"@type":"ListItem","position":2,"name":"S\u00fcrd\u00fcr\u00fclebilirlik"}]}]}},"_links":{"self":[{"href":"https:\/\/www.anmeksan.com\/ro\/wp-json\/wp\/v2\/pages\/9030"}],"collection":[{"href":"https:\/\/www.anmeksan.com\/ro\/wp-json\/wp\/v2\/pages"}],"about":[{"href":"https:\/\/www.anmeksan.com\/ro\/wp-json\/wp\/v2\/types\/page"}],"author":[{"embeddable":true,"href":"https:\/\/www.anmeksan.com\/ro\/wp-json\/wp\/v2\/users\/1"}],"replies":[{"embeddable":true,"href":"https:\/\/www.anmeksan.com\/ro\/wp-json\/wp\/v2\/comments?post=9030"}],"version-history":[{"count":0,"href":"https:\/\/www.anmeksan.com\/ro\/wp-json\/wp\/v2\/pages\/9030\/revisions"}],"wp:attachment":[{"href":"https:\/\/www.anmeksan.com\/ro\/wp-json\/wp\/v2\/media?parent=9030"}],"curies":[{"name":"wp","href":"https:\/\/api.w.org\/{rel}","templated":true}]}}