{"id":10040,"date":"2022-05-10T21:56:18","date_gmt":"2022-05-10T21:56:18","guid":{"rendered":"https:\/\/www.anmeksan.com\/?page_id=10040"},"modified":"2022-06-11T14:05:05","modified_gmt":"2022-06-11T14:05:05","slug":"doner-koprulu-siyirici","status":"publish","type":"page","link":"https:\/\/www.anmeksan.com\/ru\/mechanical-equipment-ru\/doner-koprulu-siyirici\/","title":{"rendered":"\u041f\u043e\u0432\u043e\u0440\u043e\u0442\u043d\u044b\u0439 \u043c\u043e\u0441\u0442\u043e\u0432\u043e\u0439 \u0441\u043a\u0440\u0435\u043f\u0435\u0440"},"content":{"rendered":"<section class=\"l-section wpb_row height_medium with_img\"><div class=\"l-section-img\" style=\"background-image: url(https:\/\/www.anmeksan.com\/wp-content\/uploads\/2022\/05\/uretim.jpg);\" data-img-width=\"1300\" data-img-height=\"458\"><\/div><div class=\"l-section-h i-cf\"><div class=\"g-cols vc_row via_grid cols_2-1 laptops-cols_inherit tablets-cols_inherit mobiles-cols_1 valign_top type_default stacking_default\"><div class=\"wpb_column vc_column_container\"><div class=\"vc_column-inner\"><h2 class=\"w-post-elm post_title us_custom_ed05b3dd has_text_color align_left entry-title color_link_inherit\">\u041f\u043e\u0432\u043e\u0440\u043e\u0442\u043d\u044b\u0439 \u043c\u043e\u0441\u0442\u043e\u0432\u043e\u0439 \u0441\u043a\u0440\u0435\u043f\u0435\u0440<\/h2><div class=\"w-html us_custom_6df4bc3a has_text_color\"><span><span><a href=\"https:\/\/www.anmeksan.com\/ru\/\">\u0414\u043e\u043c\u0430\u0448\u043d\u044f\u044f \u0441\u0442\u0440\u0430\u043d\u0438\u0446\u0430<\/a><\/span><\/div><div class=\"w-separator size_custom\" style=\"height:20px\"><\/div><\/div><\/div><div class=\"wpb_column vc_column_container\"><div class=\"vc_column-inner\"><div class=\"w-image align_none\"><div class=\"w-image-h\"><img width=\"150\" height=\"50\" src=\"https:\/\/www.anmeksan.com\/wp-content\/uploads\/2022\/04\/anmeksan-kalite-iso.png\" class=\"attachment-large size-large\" alt=\"Anmeksan Kalite\" decoding=\"async\" \/><\/div><\/div><div class=\"w-separator size_custom\" style=\"height:3px\"><\/div><div class=\"w-image align_none\"><div class=\"w-image-h\"><img width=\"300\" height=\"50\" src=\"https:\/\/www.anmeksan.com\/wp-content\/uploads\/2014\/09\/banner-ust-uyelik.png\" class=\"attachment-large size-large\" alt=\"Banner \u00dcyelik\" decoding=\"async\" srcset=\"https:\/\/www.anmeksan.com\/wp-content\/uploads\/2014\/09\/banner-ust-uyelik.png 300w, https:\/\/www.anmeksan.com\/wp-content\/uploads\/2014\/09\/banner-ust-uyelik-200x33.png 200w\" sizes=\"(max-width: 300px) 100vw, 300px\" \/><\/div><\/div><\/div><\/div><\/div><\/div><\/section><section class=\"l-section wpb_row height_medium\"><div class=\"l-section-h i-cf\"><div class=\"g-cols vc_row via_grid cols_1-3 laptops-cols_inherit tablets-cols_inherit mobiles-cols_1 valign_top type_default stacking_default\"><div class=\"wpb_column vc_column_container\"><div class=\"vc_column-inner\"><div class=\"w-menu layout_ver style_blocks us_menu_1\" style=\"--main-gap:5px;--main-ver-indent:0.8em;--main-hor-indent:0.8em;\"><ul id=\"menu-on-aritma-ekipmanlari\" class=\"menu\"><li id=\"menu-item-10112\" class=\"menu-item menu-item-type-post_type menu-item-object-page menu-item-10112\"><a href=\"https:\/\/www.anmeksan.com\/ru\/mechanical-equipment-ru\/mekanik-izgaralar\/\"><i class=\"_mi _before dashicons dashicons-arrow-right-alt2\" aria-hidden=\"true\"><\/i><span>\u041c\u0435\u0445\u0430\u043d\u0438\u0447\u0435\u0441\u043a\u0438\u0435 \u0440\u0435\u0448\u0435\u0442\u043a\u0438<\/span><\/a><\/li><li id=\"menu-item-10111\" class=\"menu-item menu-item-type-post_type menu-item-object-page menu-item-10111\"><a href=\"https:\/\/www.anmeksan.com\/ru\/mechanical-equipment-ru\/icten-akisli-tambur-elek\/\"><i class=\"_mi _before dashicons dashicons-arrow-right-alt2\" aria-hidden=\"true\"><\/i><span>\u0411\u0430\u0440\u0430\u0431\u0430\u043d \u0441 \u0432\u043d\u0443\u0442\u0440\u0435\u043d\u043d\u0438\u043c \u043f\u043e\u0442\u043e\u043a\u043e\u043c<\/span><\/a><\/li><li id=\"menu-item-10109\" class=\"menu-item menu-item-type-post_type menu-item-object-page menu-item-10109\"><a href=\"https:\/\/www.anmeksan.com\/ru\/mechanical-equipment-ru\/distan-akisli-tambur-elek\/\"><i class=\"_mi _before dashicons dashicons-arrow-right-alt2\" aria-hidden=\"true\"><\/i><span>\u0431\u0430\u0440\u0430\u0431\u0430\u043d \u0441 \u0432\u043d\u0435\u0448\u043d\u0438\u043c \u043f\u043e\u0442\u043e\u043a\u043e\u043c<\/span><\/a><\/li><li id=\"menu-item-10110\" class=\"menu-item menu-item-type-post_type menu-item-object-page menu-item-10110\"><a href=\"https:\/\/www.anmeksan.com\/ru\/mechanical-equipment-ru\/statik-elek-izgaralar\/\"><i class=\"_mi _before dashicons dashicons-arrow-right-alt2\" aria-hidden=\"true\"><\/i><span>\u0421\u0442\u0430\u0442\u0438\u0447\u0435\u0441\u043a\u0438\u0439 \u044d\u043a\u0440\u0430\u043d<\/span><\/a><\/li><li id=\"menu-item-10113\" class=\"menu-item menu-item-type-post_type menu-item-object-page menu-item-10113\"><a href=\"https:\/\/www.anmeksan.com\/ru\/mechanical-equipment-ru\/sepet-izgaralar\/\"><i class=\"_mi _before dashicons dashicons-arrow-right-alt2\" aria-hidden=\"true\"><\/i><span>\u042d\u043a\u0440\u0430\u043d \u043a\u043e\u0440\u0437\u0438\u043d\u044b<\/span><\/a><\/li><\/ul><style>.us_menu_1 .menu>li>a{background:#e8e8e8}.us_menu_1 .menu>li>a{color:#002f66}.us_menu_1 .menu>.menu-item:not(.current-menu-item)>a:hover{background:#002f66}.us_menu_1 .menu>.menu-item:not(.current-menu-item)>a:hover{color:#ffffff}.us_menu_1 .menu>.current-menu-item>a{background:#00b032}.us_menu_1 .menu>.current-menu-item>a{color:#ffffff}@media ( max-width:600px ){.us_menu_1 .menu{display:block!important}.us_menu_1 .menu>li{margin:0 0 var(--main-gap,5px)!important}}<\/style><\/div><div class=\"w-separator size_custom\" style=\"height:10px\"><\/div><div class=\"w-menu layout_ver style_blocks us_menu_2\" style=\"--main-gap:5px;--main-ver-indent:0.8em;--main-hor-indent:0.8em;\"><ul id=\"menu-ekipmanlar-menu\" class=\"menu\"><li id=\"menu-item-10018\" class=\"menu-item menu-item-type-post_type menu-item-object-page menu-item-10018\"><a href=\"https:\/\/www.anmeksan.com\/ru\/mechanical-equipment-ru\/\"><i class=\"_mi _before dashicons dashicons-admin-home\" aria-hidden=\"true\"><\/i><span>\u0412\u0441\u0435 \u043e\u0431\u043e\u0440\u0443\u0434\u043e\u0432\u0430\u043d\u0438\u0435<\/span><\/a><\/li><\/ul><style>.us_menu_2 .menu>li>a{background:#002f66}.us_menu_2 .menu>li>a{color:#ffffff}.us_menu_2 .menu>.menu-item:not(.current-menu-item)>a:hover{background:#00abbc}.us_menu_2 .menu>.menu-item:not(.current-menu-item)>a:hover{color:#ffffff}.us_menu_2 .menu>.current-menu-item>a{background:#00b032}.us_menu_2 .menu>.current-menu-item>a{color:#ffffff}@media ( max-width:600px ){.us_menu_2 .menu{display:block!important}.us_menu_2 .menu>li{margin:0 0 var(--main-gap,5px)!important}}<\/style><\/div><div class=\"w-separator size_custom\" style=\"height:10px\"><\/div><div class=\"w-sharing type_solid align_center color_default\"><div class=\"w-sharing-list\" data-content-image=\"true\"><a class=\"w-sharing-item email\" href=\"mailto:?subject=D\u00f6ner K\u00f6pr\u00fcl\u00fc S\u0131y\u0131r\u0131c\u0131&amp;body=https:\/\/www.anmeksan.com\/ru\/wp-json\/wp\/v2\/pages\/10040\" title=\"\u041e\u0442\u043f\u0440\u0430\u0432\u0438\u0442\u044c \u043d\u0430 \u043f\u043e\u0447\u0442\u0443\" aria-label=\"\u041e\u0442\u043f\u0440\u0430\u0432\u0438\u0442\u044c \u043d\u0430 \u043f\u043e\u0447\u0442\u0443\"><i class=\"fas fa-envelope\"><\/i><\/a><a class=\"w-sharing-item facebook\" href=\"https:\/\/www.facebook.com\/sharer\/sharer.php?u=https:\/\/www.anmeksan.com\/ru\/wp-json\/wp\/v2\/pages\/10040&amp;quote=D\u00f6ner K\u00f6pr\u00fcl\u00fc S\u0131y\u0131r\u0131c\u0131\" title=\"\u041f\u043e\u0434\u0435\u043b\u0438\u0442\u044c\u0441\u044f\" aria-label=\"\u041f\u043e\u0434\u0435\u043b\u0438\u0442\u044c\u0441\u044f\" onclick=\"window.open(this.href, &quot;facebook&quot;, &quot;toolbar=0,width=900,height=500&quot;); return false;\"><i class=\"fab fa-facebook\"><\/i><\/a><a class=\"w-sharing-item twitter\" href=\"https:\/\/twitter.com\/intent\/tweet?text=D\u00f6ner K\u00f6pr\u00fcl\u00fc S\u0131y\u0131r\u0131c\u0131&amp;url=https:\/\/www.anmeksan.com\/ru\/wp-json\/wp\/v2\/pages\/10040\" title=\"\u0422\u0432\u0438\u0442\u043d\u0443\u0442\u044c\" aria-label=\"\u0422\u0432\u0438\u0442\u043d\u0443\u0442\u044c\" onclick=\"window.open(this.href, &quot;twitter&quot;, &quot;toolbar=0,width=650,height=360&quot;); return false;\"><i class=\"fab fa-twitter\"><\/i><\/a><a class=\"w-sharing-item linkedin\" href=\"https:\/\/www.linkedin.com\/shareArticle?mini=true&amp;url=https:\/\/www.anmeksan.com\/ru\/wp-json\/wp\/v2\/pages\/10040\" title=\"\u041f\u043e\u0434\u0435\u043b\u0438\u0442\u044c\u0441\u044f\" aria-label=\"\u041f\u043e\u0434\u0435\u043b\u0438\u0442\u044c\u0441\u044f\" onclick=\"window.open(this.href, &quot;linkedin&quot;, &quot;toolbar=no,width=550,height=550&quot;); return false;\"><i class=\"fab fa-linkedin\"><\/i><\/a><a class=\"w-sharing-item whatsapp\" href=\"https:\/\/web.whatsapp.com\/send?text=D\u00f6ner K\u00f6pr\u00fcl\u00fc S\u0131y\u0131r\u0131c\u0131 https:\/\/www.anmeksan.com\/ru\/wp-json\/wp\/v2\/pages\/10040\" title=\"\u041f\u043e\u0434\u0435\u043b\u0438\u0442\u044c\u0441\u044f\" aria-label=\"\u041f\u043e\u0434\u0435\u043b\u0438\u0442\u044c\u0441\u044f\" onclick=\"window.open(this.href, &quot;whatsapp&quot;, &quot;toolbar=0,width=900,height=500&quot;); return false;\"><i class=\"fab fa-whatsapp\"><\/i><\/a><\/div><\/div><\/div><\/div><div class=\"wpb_column vc_column_container\"><div class=\"vc_column-inner\"><h1 style=\"color: #565656;text-align: left;font-family:Roboto;font-weight:900;font-style:normal\" class=\"vc_custom_heading us_custom_16c70a5a\" >D\u00d6NER K\u00d6PR\u00dcL\u00dc SIYIRICI<\/h1><div class=\"w-separator size_custom\" style=\"height:10px\"><\/div><div class=\"wpb_text_column\"><div class=\"wpb_wrapper\"><p>D\u00f6ner K\u00f6pr\u00fcl\u00fc S\u0131y\u0131r\u0131c\u0131 ; Evsel ve End\u00fcstriyel ar\u0131tma tesisleri \u00e7\u00f6keltme havuzlar\u0131 tabanlar\u0131nda biriken \u00e7amurun, havuzlar\u0131n orta k\u0131sm\u0131nda yer alan \u00e7amur transfer alan\u0131ndan \u00e7amur yo\u011funla\u015ft\u0131rma \u00fcnitesine iletilmesini sa\u011flamak amac\u0131 ile kullan\u0131lmaktad\u0131r.<\/p>\n<p>D\u00f6ner K\u00f6pr\u00fcl\u00fc S\u0131y\u0131r\u0131c\u0131 ; Evsel End\u00fcstriyel at\u0131ksu ar\u0131tma tesislerinde y\u00fcksek ar\u0131tma verimi sa\u011flamak ve \u00e7\u00f6keltme havuzlar\u0131nda biriken, \u00e7amurun sistemden uzakla\u015ft\u0131r\u0131lmas\u0131 i\u00e7in kullan\u0131lmaktad\u0131rlar.<\/p>\n<\/div><\/div><div class=\"w-separator size_medium\"><\/div><div class=\"g-cols wpb_row via_grid cols_1 laptops-cols_inherit tablets-cols_inherit mobiles-cols_1 valign_top type_default stacking_default\"><div class=\"wpb_column vc_column_container\"><div class=\"vc_column-inner\"><h2 style=\"color: #565656;text-align: left;font-family:Roboto;font-weight:500;font-style:normal\" class=\"vc_custom_heading us_custom_16c70a5a\" >\u041e\u0411\u0429\u0418\u0415 \u0425\u0410\u0420\u0410\u041a\u0422\u0415\u0420\u0418\u0421\u0422\u0418\u041a\u0418<\/h2><div class=\"w-tabs layout_hor style_default switch_click has_scrolling\" style=\"--sections-title-size:1em\"><div class=\"w-tabs-list items_4 align_justify\"><div class=\"w-tabs-list-h\"><a class=\"w-tabs-item active with_icon\" aria-controls=\"content-wb4b\" href=\"javascript:void(0);\"><i class=\"fas fa-conveyor-belt-alt\"><\/i><span class=\"w-tabs-item-title\">\u042d\u041a\u0421\u041f\u041b\u0423\u0410\u0422\u0410\u0426\u0418\u042f<\/span><\/a><a class=\"w-tabs-item with_icon\" aria-controls=\"content-pe1e\" href=\"javascript:void(0);\"><i class=\"fas fa-list-alt\"><\/i><span class=\"w-tabs-item-title\">\u041e\u0421\u041e\u0411\u0415\u041d\u041d\u041e\u0421\u0422\u0418<\/span><\/a><a class=\"w-tabs-item with_icon\" aria-controls=\"content-fe8d\" href=\"javascript:void(0);\"><i class=\"fas fa-images\"><\/i><span class=\"w-tabs-item-title\">\u041a\u0410\u0420\u0422\u0418\u041d\u041a\u0418<\/span><\/a><a class=\"w-tabs-item with_icon\" aria-controls=\"content-f10c\" href=\"javascript:void(0);\"><i class=\"fas fa-books\"><\/i><span class=\"w-tabs-item-title\">\u0414\u041e\u041a\u0423\u041c\u0415\u041d\u0422\u042b<\/span><\/a><\/div><\/div><div class=\"w-tabs-sections titles-align_none icon_plus cpos_right\"><div class=\"w-tabs-section active\" id=\"wb4b\"><button aria-controls=\"content-wb4b\" class=\"w-tabs-section-header active with_icon\"><i class=\"fas fa-conveyor-belt-alt\"><\/i><div class=\"w-tabs-section-title\">\u042d\u041a\u0421\u041f\u041b\u0423\u0410\u0422\u0410\u0426\u0418\u042f<\/div><div class=\"w-tabs-section-control\"><\/div><\/button><div  class=\"w-tabs-section-content\" id=\"content-wb4b\" aria-expanded=\"true\"><div class=\"w-tabs-section-content-h i-cf\"><div class=\"wpb_text_column\"><div class=\"wpb_wrapper\"><p>Dairesel \u00e7\u00f6keltme havuzu orta k\u0131sm\u0131nda yer alan kule ve perde betonlar\u0131 (havuz betonu) \u00fczerinde red\u00fckt\u00f6r yard\u0131m\u0131 ile dairesel olarak hareket etmektedir. K\u00f6pr\u00fc ana \u015fasesi genellikle \u00e7elik malzemelerden \u00fcretilmektedir. Su i\u00e7erinde kalan t\u00fcm malzemeler AISI304 \/ 316 paslanmaz \u00e7elikten \u00fcretilmektedir.<\/p>\n<\/div><\/div><\/div><\/div><\/div><div class=\"w-tabs-section\" id=\"pe1e\"><button aria-controls=\"content-pe1e\" class=\"w-tabs-section-header with_icon\"><i class=\"fas fa-list-alt\"><\/i><div class=\"w-tabs-section-title\">\u041e\u0421\u041e\u0411\u0415\u041d\u041d\u041e\u0421\u0422\u0418<\/div><div class=\"w-tabs-section-control\"><\/div><\/button><div  class=\"w-tabs-section-content\" id=\"content-pe1e\" aria-expanded=\"false\"><div class=\"w-tabs-section-content-h i-cf\"><div class=\"wpb_text_column\"><div class=\"wpb_wrapper\"><ul>\n<li><strong>\u041c\u0430\u0442\u0435\u0440\u0438\u0430\u043b:<\/strong> Karbon \u00c7elik &#8211; AISI304 \/ 316 Paslanmaz \u00c7elik<\/li>\n<li><strong>\u041a\u043e\u043d\u0442\u0440\u043e\u043b\u044c :<\/strong> \u0430\u0432\u0442\u043e\u043c\u0430\u0442\u0438\u0447\u0435\u0441\u043a\u0438\u0439<\/li>\n<li><strong>M\u00fcdahale :<\/strong> Harici MMC G\u00fcvenlik Panosu<\/li>\n<li><strong>Y\u00fczey S\u0131y\u0131r\u0131c\u0131 :<\/strong> Var \/ K\u00f6p\u00fck Toplama<\/li>\n<li><strong>Red\u00fckt\u00f6r G\u00fcc\u00fc :<\/strong> Proje Bazl\u0131<\/li>\n<li><strong>Red\u00fckt\u00f6r RPM :<\/strong> Proje Bazl\u0131<\/li>\n<li><strong>\u041a\u043e\u043d\u0442\u0435\u0439\u043d\u0435\u0440:<\/strong> \u041f\u043e \u0436\u0435\u043b\u0430\u043d\u0438\u044e<\/li>\n<\/ul>\n<\/div><\/div><\/div><\/div><\/div><div class=\"w-tabs-section\" id=\"fe8d\"><button aria-controls=\"content-fe8d\" class=\"w-tabs-section-header with_icon\"><i class=\"fas fa-images\"><\/i><div class=\"w-tabs-section-title\">\u041a\u0410\u0420\u0422\u0418\u041d\u041a\u0418<\/div><div class=\"w-tabs-section-control\"><\/div><\/button><div  class=\"w-tabs-section-content\" id=\"content-fe8d\" aria-expanded=\"false\"><div class=\"w-tabs-section-content-h i-cf\"><div class=\"w-grid type_grid layout_gallery_default cols_4\" id=\"us_grid_1\" data-filterable=\"true\"><style>#us_grid_1 .w-grid-item{padding:5px}#us_grid_1 .w-grid-list{margin:-5px}.w-grid + #us_grid_1 .w-grid-list,.w-grid-none + #us_grid_1 .w-grid-list{margin-top:5px}@media (max-width:1199px){#us_grid_1 .w-grid-item{width:33.3333%}}@media (max-width:899px){#us_grid_1 .w-grid-item{width:50%}}@media (max-width:599px){#us_grid_1 .w-grid-list{margin:0}#us_grid_1 .w-grid-item{width:100%;padding:0;margin-bottom:5px}}.layout_gallery_default .w-grid-item-h{}<\/style><div class=\"w-grid-list\">\t<article class=\"w-grid-item post-10136 attachment type-attachment status-inherit hentry\" data-id=\"10136\">\n\t\t<div class=\"w-grid-item-h\">\n\t\t\t\t\t\t\t<a class=\"w-grid-item-anchor\" href=\"https:\/\/www.anmeksan.com\/wp-content\/uploads\/2022\/05\/donerkopru.png\" ref=\"magnificPopupGrid\" title=\"\u041f\u043e\u0432\u043e\u0440\u043e\u0442\u043d\u044b\u0439 \u043c\u043e\u0441\u0442\u043e\u0432\u043e\u0439 \u0441\u043a\u0440\u0435\u043f\u0435\u0440\"><\/a>\n\t\t\t\t\t\t<div class=\"w-post-elm post_image usg_post_image_1 stretched\"><img width=\"700\" height=\"500\" src=\"https:\/\/www.anmeksan.com\/wp-content\/uploads\/2022\/05\/donerkopru.png\" class=\"attachment-us_600_600_crop size-us_600_600_crop\" alt=\"\u041f\u043e\u0432\u043e\u0440\u043e\u0442\u043d\u044b\u0439 \u043c\u043e\u0441\u0442\u043e\u0432\u043e\u0439 \u0441\u043a\u0440\u0435\u043f\u0435\u0440\" decoding=\"async\" srcset=\"https:\/\/www.anmeksan.com\/wp-content\/uploads\/2022\/05\/donerkopru.png 700w, https:\/\/www.anmeksan.com\/wp-content\/uploads\/2022\/05\/donerkopru-300x214.png 300w, https:\/\/www.anmeksan.com\/wp-content\/uploads\/2022\/05\/donerkopru-200x143.png 200w, https:\/\/www.anmeksan.com\/wp-content\/uploads\/2022\/05\/donerkopru-140x100.png 140w\" sizes=\"(max-width: 700px) 100vw, 700px\" \/><\/div>\t\t<\/div>\n\t<\/article>\n<\/div><div class=\"w-grid-preloader\"><div class=\"g-preloader type_1\">\n\t<div><\/div>\n<\/div>\n<\/div>\t<div class=\"w-grid-json hidden\" onclick='return {&quot;action&quot;:&quot;us_ajax_grid&quot;,&quot;ajax_url&quot;:&quot;https:\\\/\\\/www.anmeksan.com\\\/wp-admin\\\/admin-ajax.php&quot;,&quot;infinite_scroll&quot;:0,&quot;max_num_pages&quot;:1,&quot;pagination&quot;:&quot;none&quot;,&quot;permalink_url&quot;:&quot;https:\\\/\\\/www.anmeksan.com\\\/ru\\\/wp-json\\\/wp\\\/v2\\\/pages\\\/10040&quot;,&quot;template_vars&quot;:{&quot;columns&quot;:&quot;4&quot;,&quot;exclude_items&quot;:&quot;none&quot;,&quot;img_size&quot;:&quot;default&quot;,&quot;ignore_items_size&quot;:false,&quot;items_layout&quot;:&quot;gallery_default&quot;,&quot;items_offset&quot;:&quot;1&quot;,&quot;load_animation&quot;:&quot;none&quot;,&quot;overriding_link&quot;:&quot;popup_post_image&quot;,&quot;post_id&quot;:10040,&quot;query_args&quot;:{&quot;post_type&quot;:[&quot;attachment&quot;],&quot;post__in&quot;:[&quot;10136&quot;],&quot;post_status&quot;:&quot;inherit&quot;,&quot;post_mime_type&quot;:&quot;image&quot;,&quot;posts_per_page&quot;:&quot;4&quot;},&quot;orderby_query_args&quot;:{&quot;orderby&quot;:{&quot;date&quot;:&quot;DESC&quot;}},&quot;type&quot;:&quot;grid&quot;,&quot;us_grid_ajax_index&quot;:1,&quot;us_grid_filter_params&quot;:null,&quot;us_grid_index&quot;:1,&quot;_us_grid_post_type&quot;:&quot;attachment&quot;}}'><\/div>\n\t<\/div><\/div><\/div><\/div><div class=\"w-tabs-section\" id=\"f10c\"><button aria-controls=\"content-f10c\" class=\"w-tabs-section-header with_icon\"><i class=\"fas fa-books\"><\/i><div class=\"w-tabs-section-title\">\u0414\u041e\u041a\u0423\u041c\u0415\u041d\u0422\u042b<\/div><div class=\"w-tabs-section-control\"><\/div><\/button><div  class=\"w-tabs-section-content\" id=\"content-f10c\" aria-expanded=\"false\"><div class=\"w-tabs-section-content-h i-cf\"><div class=\"w-btn-wrapper align_left\"><a class=\"w-btn us-btn-style_9 icon_atleft\" href=\"#\"><i class=\"fas fa-download\"><\/i><span class=\"w-btn-label\">\u0422\u0415\u0425\u041d\u0418\u0427\u0415\u0421\u041a\u0418\u0419 \u0414\u041e\u041a\u0423\u041c\u0415\u041d\u0422<\/span><\/a><\/div><\/div><\/div><\/div><\/div><\/div><\/div><\/div><\/div><div class=\"w-separator size_small\"><\/div><\/div><\/div><\/div><\/div><\/section>","protected":false},"excerpt":{"rendered":"\u041f\u043e\u0432\u043e\u0440\u043e\u0442\u043d\u044b\u0439 \u043c\u043e\u0441\u0442\u043e\u0432\u043e\u0439 \u0441\u043a\u0440\u0435\u043f\u0435\u0440","protected":false},"author":1,"featured_media":0,"parent":9890,"menu_order":0,"comment_status":"closed","ping_status":"closed","template":"","meta":{"inline_featured_image":false},"acf":[],"yoast_head":"<!-- This site is optimized with the Yoast SEO Premium plugin v18.7 (Yoast SEO v19.4) - https:\/\/yoast.com\/wordpress\/plugins\/seo\/ -->\n<title>D\u00f6ner K\u00f6pr\u00fcl\u00fc S\u0131y\u0131r\u0131c\u0131 - Anmeksan Ar\u0131tma A.\u015e<\/title>\n<meta name=\"description\" content=\"D\u00f6ner k\u00f6pr\u00fcl\u00fc s\u0131y\u0131r\u0131c\u0131, ar\u0131tma tesisi k\u00f6pr\u00fc, mekanik ekipman imalat\u0131, ar\u0131tma tesisi \u0131zgara, paket ar\u0131tma imalat\u0131, paket ar\u0131tma fiyatlar\u0131,\" \/>\n<meta name=\"robots\" content=\"index, follow, max-snippet:-1, max-image-preview:large, max-video-preview:-1\" \/>\n<link rel=\"canonical\" href=\"https:\/\/www.anmeksan.com\/ru\/mechanical-equipment-ru\/doner-koprulu-siyirici\/\" \/>\n<meta property=\"og:locale\" content=\"ru_RU\" \/>\n<meta property=\"og:type\" content=\"article\" \/>\n<meta property=\"og:title\" content=\"D\u00f6ner K\u00f6pr\u00fcl\u00fc S\u0131y\u0131r\u0131c\u0131\" \/>\n<meta property=\"og:description\" content=\"D\u00f6ner k\u00f6pr\u00fcl\u00fc s\u0131y\u0131r\u0131c\u0131, ar\u0131tma tesisi k\u00f6pr\u00fc, mekanik ekipman imalat\u0131, ar\u0131tma tesisi \u0131zgara, paket ar\u0131tma imalat\u0131, paket ar\u0131tma fiyatlar\u0131,\" \/>\n<meta property=\"og:url\" content=\"https:\/\/www.anmeksan.com\/ru\/mechanical-equipment-ru\/doner-koprulu-siyirici\/\" \/>\n<meta property=\"og:site_name\" content=\"Anmeksan Ar\u0131tma A.\u015e\" \/>\n<meta property=\"article:publisher\" content=\"https:\/\/www.facebook.com\/anmeksan.aritmaas\" \/>\n<meta property=\"article:modified_time\" content=\"2022-06-11T14:05:05+00:00\" \/>\n<meta name=\"twitter:card\" content=\"summary_large_image\" \/>\n<meta name=\"twitter:site\" content=\"@anmeksan\" \/>\n<meta name=\"twitter:label1\" content=\"\u041f\u0440\u0438\u043c\u0435\u0440\u043d\u043e\u0435 \u0432\u0440\u0435\u043c\u044f \u0434\u043b\u044f \u0447\u0442\u0435\u043d\u0438\u044f\" \/>\n\t<meta name=\"twitter:data1\" content=\"3 \u043c\u0438\u043d\u0443\u0442\u044b\" \/>\n<!-- \/ Yoast SEO Premium plugin. -->","yoast_head_json":{"title":"D\u00f6ner K\u00f6pr\u00fcl\u00fc S\u0131y\u0131r\u0131c\u0131 - Anmeksan Ar\u0131tma A.\u015e","description":"D\u00f6ner k\u00f6pr\u00fcl\u00fc s\u0131y\u0131r\u0131c\u0131, ar\u0131tma tesisi k\u00f6pr\u00fc, mekanik ekipman imalat\u0131, ar\u0131tma tesisi \u0131zgara, paket ar\u0131tma imalat\u0131, paket ar\u0131tma fiyatlar\u0131,","robots":{"index":"index","follow":"follow","max-snippet":"max-snippet:-1","max-image-preview":"max-image-preview:large","max-video-preview":"max-video-preview:-1"},"canonical":"https:\/\/www.anmeksan.com\/ru\/mechanical-equipment-ru\/doner-koprulu-siyirici\/","og_locale":"ru_RU","og_type":"article","og_title":"D\u00f6ner K\u00f6pr\u00fcl\u00fc S\u0131y\u0131r\u0131c\u0131","og_description":"D\u00f6ner k\u00f6pr\u00fcl\u00fc s\u0131y\u0131r\u0131c\u0131, ar\u0131tma tesisi k\u00f6pr\u00fc, mekanik ekipman imalat\u0131, ar\u0131tma tesisi \u0131zgara, paket ar\u0131tma imalat\u0131, paket ar\u0131tma fiyatlar\u0131,","og_url":"https:\/\/www.anmeksan.com\/ru\/mechanical-equipment-ru\/doner-koprulu-siyirici\/","og_site_name":"Anmeksan Ar\u0131tma A.\u015e","article_publisher":"https:\/\/www.facebook.com\/anmeksan.aritmaas","article_modified_time":"2022-06-11T14:05:05+00:00","twitter_card":"summary_large_image","twitter_site":"@anmeksan","twitter_misc":{"\u041f\u0440\u0438\u043c\u0435\u0440\u043d\u043e\u0435 \u0432\u0440\u0435\u043c\u044f \u0434\u043b\u044f \u0447\u0442\u0435\u043d\u0438\u044f":"3 \u043c\u0438\u043d\u0443\u0442\u044b"},"schema":{"@context":"https:\/\/schema.org","@graph":[{"@type":"Organization","@id":"https:\/\/www.anmeksan.com\/#organization","name":"Anmeksan Ar\u0131tma A.\u015e","url":"https:\/\/www.anmeksan.com\/","sameAs":["https:\/\/www.facebook.com\/anmeksan.aritmaas","https:\/\/twitter.com\/anmeksan"],"logo":{"@type":"ImageObject","inLanguage":"ru-RU","@id":"https:\/\/www.anmeksan.com\/#\/schema\/logo\/image\/","url":"https:\/\/www.anmeksan.com\/wp-content\/uploads\/2022\/04\/logo.svg","contentUrl":"https:\/\/www.anmeksan.com\/wp-content\/uploads\/2022\/04\/logo.svg","width":"1024","height":"1024","caption":"Anmeksan Ar\u0131tma A.\u015e"},"image":{"@id":"https:\/\/www.anmeksan.com\/#\/schema\/logo\/image\/"}},{"@type":"WebSite","@id":"https:\/\/www.anmeksan.com\/#website","url":"https:\/\/www.anmeksan.com\/","name":"Anmeksan Ar\u0131tma A.\u015e","description":"Paket Ar\u0131tma Sistemleri, MBR ve MBBR Ar\u0131tma","publisher":{"@id":"https:\/\/www.anmeksan.com\/#organization"},"potentialAction":[{"@type":"SearchAction","target":{"@type":"EntryPoint","urlTemplate":"https:\/\/www.anmeksan.com\/?s={search_term_string}"},"query-input":"required name=search_term_string"}],"inLanguage":"ru-RU"},{"@type":"WebPage","@id":"https:\/\/www.anmeksan.com\/mekanik-ekipmanlar\/doner-koprulu-siyirici\/","url":"https:\/\/www.anmeksan.com\/mekanik-ekipmanlar\/doner-koprulu-siyirici\/","name":"D\u00f6ner K\u00f6pr\u00fcl\u00fc S\u0131y\u0131r\u0131c\u0131 - Anmeksan Ar\u0131tma A.\u015e","isPartOf":{"@id":"https:\/\/www.anmeksan.com\/#website"},"datePublished":"2022-05-10T21:56:18+00:00","dateModified":"2022-06-11T14:05:05+00:00","description":"D\u00f6ner k\u00f6pr\u00fcl\u00fc s\u0131y\u0131r\u0131c\u0131, ar\u0131tma tesisi k\u00f6pr\u00fc, mekanik ekipman imalat\u0131, ar\u0131tma tesisi \u0131zgara, paket ar\u0131tma imalat\u0131, paket ar\u0131tma fiyatlar\u0131,","breadcrumb":{"@id":"https:\/\/www.anmeksan.com\/mekanik-ekipmanlar\/doner-koprulu-siyirici\/#breadcrumb"},"inLanguage":"ru-RU","potentialAction":[{"@type":"ReadAction","target":["https:\/\/www.anmeksan.com\/mekanik-ekipmanlar\/doner-koprulu-siyirici\/"]}]},{"@type":"BreadcrumbList","@id":"https:\/\/www.anmeksan.com\/mekanik-ekipmanlar\/doner-koprulu-siyirici\/#breadcrumb","itemListElement":[{"@type":"ListItem","position":1,"name":"Ana Sayfa","item":"https:\/\/www.anmeksan.com\/"},{"@type":"ListItem","position":2,"name":"Mekanik Ekipmanlar","item":"https:\/\/www.anmeksan.com\/mekanik-ekipmanlar\/"},{"@type":"ListItem","position":3,"name":"D\u00f6ner K\u00f6pr\u00fcl\u00fc S\u0131y\u0131r\u0131c\u0131"}]}]}},"_links":{"self":[{"href":"https:\/\/www.anmeksan.com\/ru\/wp-json\/wp\/v2\/pages\/10040"}],"collection":[{"href":"https:\/\/www.anmeksan.com\/ru\/wp-json\/wp\/v2\/pages"}],"about":[{"href":"https:\/\/www.anmeksan.com\/ru\/wp-json\/wp\/v2\/types\/page"}],"author":[{"embeddable":true,"href":"https:\/\/www.anmeksan.com\/ru\/wp-json\/wp\/v2\/users\/1"}],"replies":[{"embeddable":true,"href":"https:\/\/www.anmeksan.com\/ru\/wp-json\/wp\/v2\/comments?post=10040"}],"version-history":[{"count":0,"href":"https:\/\/www.anmeksan.com\/ru\/wp-json\/wp\/v2\/pages\/10040\/revisions"}],"up":[{"embeddable":true,"href":"https:\/\/www.anmeksan.com\/ru\/wp-json\/wp\/v2\/pages\/9890"}],"wp:attachment":[{"href":"https:\/\/www.anmeksan.com\/ru\/wp-json\/wp\/v2\/media?parent=10040"}],"curies":[{"name":"wp","href":"https:\/\/api.w.org\/{rel}","templated":true}]}}