{"id":5774,"date":"2017-01-31T14:57:35","date_gmt":"2017-01-31T14:57:35","guid":{"rendered":"http:\/\/impreza5.us-themes.net\/?page_id=5774"},"modified":"2022-05-05T21:17:31","modified_gmt":"2022-05-05T21:17:31","slug":"error-404","status":"publish","type":"page","link":"https:\/\/www.anmeksan.com\/ru\/error-404\/","title":{"rendered":"404 Error"},"content":{"rendered":"<section class=\"l-section wpb_row height_medium full_height valign_center\"><div class=\"l-section-h i-cf\"><div class=\"g-cols vc_row via_grid cols_1 laptops-cols_inherit tablets-cols_inherit mobiles-cols_1 valign_middle type_default stacking_default\"><div class=\"wpb_column vc_column_container\"><div class=\"vc_column-inner\"><div class=\"w-iconbox iconpos_top style_circle color_primary align_center\"><div class=\"w-iconbox-icon\" style=\"font-size:6rem;\"><i class=\"far fa-map-marked-alt\"><\/i><\/div><div class=\"w-iconbox-meta\"><h2 class=\"w-iconbox-title\">\u042d\u0442\u043e \u0441\u0442\u0440\u0430\u043d\u0438\u0446\u0430 \u0441 \u043e\u0448\u0438\u0431\u043a\u043e\u0439 404.<\/h2><div class=\"w-iconbox-text\"><p style=\"text-align: center;\">\u0421\u0442\u0440\u0430\u043d\u0438\u0446\u0430, \u043a\u043e\u0442\u043e\u0440\u0443\u044e \u0432\u044b \u0438\u0449\u0435\u0442\u0435, \u043d\u0435 \u043d\u0430\u0439\u0434\u0435\u043d\u0430 \u0438\u043b\u0438 \u0443\u0434\u0430\u043b\u0435\u043d\u0430. \u041f\u043e\u0436\u0430\u043b\u0443\u0439\u0441\u0442\u0430, \u0441\u043e\u043e\u0431\u0449\u0438\u0442\u0435 <a href=\"mailto:info@anemeksan.com\">info@anemeksan.com<\/a> \u0435\u0441\u043b\u0438 \u0432\u044b \u0441\u0447\u0438\u0442\u0430\u0435\u0442\u0435, \u0447\u0442\u043e \u043f\u0440\u043e\u0438\u0437\u043e\u0448\u043b\u0430 \u043e\u0448\u0438\u0431\u043a\u0430.<\/p>\n<p style=\"text-align: center;\">Anmeksan \u041e\u0447\u0438\u0441\u0442\u043a\u0430 \u0441\u0442\u043e\u0447\u043d\u044b\u0445 \u0432\u043e\u0434 Inc.<\/p>\n<\/div><\/div><\/div><div class=\"w-separator size_small\"><\/div><div class=\"w-btn-wrapper align_center\"><a class=\"w-btn us-btn-style_6 icon_atleft\" title=\"\u0414\u043e\u043c\u0430\u0448\u043d\u044f\u044f \u0441\u0442\u0440\u0430\u043d\u0438\u0446\u0430\" href=\"https:\/\/www.anmeksan.com\/ru\/\"><i class=\"fas fa-house-flood\"><\/i><span class=\"w-btn-label\">\u0413\u041b\u0410\u0412\u041d\u0410\u042f \u0421\u0422\u0420\u0410\u041d\u0418\u0426\u0410<\/span><\/a><\/div><\/div><\/div><\/div><\/div><\/section>","protected":false},"excerpt":{"rendered":"This is \u201c404 error\u201d pageArad\u0131\u011f\u0131n\u0131z sayfa bulunamad\u0131 veya kald\u0131r\u0131ld\u0131. L\u00fctfen hata oldu\u011funuz d\u00fc\u015f\u00fcn\u00fcyorsan\u0131z info@anemeksan.com mail adresine bildirimde bulunun. ANMEKSAN A.\u015e ANA SAYFA","protected":false},"author":1,"featured_media":0,"parent":0,"menu_order":0,"comment_status":"closed","ping_status":"closed","template":"","meta":{"inline_featured_image":false},"acf":[],"yoast_head":"<!-- This site is optimized with the Yoast SEO Premium plugin v18.7 (Yoast SEO v19.4) - https:\/\/yoast.com\/wordpress\/plugins\/seo\/ -->\n<title>404 Error - Anmeksan Ar\u0131tma A.\u015e<\/title>\n<meta name=\"robots\" content=\"index, follow, max-snippet:-1, max-image-preview:large, max-video-preview:-1\" \/>\n<link rel=\"canonical\" href=\"https:\/\/www.anmeksan.com\/ru\/error-404\/\" \/>\n<meta property=\"og:locale\" content=\"ru_RU\" \/>\n<meta property=\"og:type\" content=\"article\" \/>\n<meta property=\"og:title\" content=\"404 Error\" \/>\n<meta property=\"og:url\" content=\"https:\/\/www.anmeksan.com\/ru\/error-404\/\" \/>\n<meta property=\"og:site_name\" content=\"Anmeksan Ar\u0131tma A.\u015e\" \/>\n<meta property=\"article:publisher\" content=\"https:\/\/www.facebook.com\/anmeksan.aritmaas\" \/>\n<meta property=\"article:modified_time\" content=\"2022-05-05T21:17:31+00:00\" \/>\n<meta name=\"twitter:card\" content=\"summary_large_image\" \/>\n<meta name=\"twitter:site\" content=\"@anmeksan\" \/>\n<!-- \/ Yoast SEO Premium plugin. -->","yoast_head_json":{"title":"404 Error - Anmeksan Ar\u0131tma A.\u015e","robots":{"index":"index","follow":"follow","max-snippet":"max-snippet:-1","max-image-preview":"max-image-preview:large","max-video-preview":"max-video-preview:-1"},"canonical":"https:\/\/www.anmeksan.com\/ru\/error-404\/","og_locale":"ru_RU","og_type":"article","og_title":"404 Error","og_url":"https:\/\/www.anmeksan.com\/ru\/error-404\/","og_site_name":"Anmeksan Ar\u0131tma A.\u015e","article_publisher":"https:\/\/www.facebook.com\/anmeksan.aritmaas","article_modified_time":"2022-05-05T21:17:31+00:00","twitter_card":"summary_large_image","twitter_site":"@anmeksan","schema":{"@context":"https:\/\/schema.org","@graph":[{"@type":"Organization","@id":"https:\/\/www.anmeksan.com\/#organization","name":"Anmeksan Ar\u0131tma A.\u015e","url":"https:\/\/www.anmeksan.com\/","sameAs":["https:\/\/www.facebook.com\/anmeksan.aritmaas","https:\/\/twitter.com\/anmeksan"],"logo":{"@type":"ImageObject","inLanguage":"ru-RU","@id":"https:\/\/www.anmeksan.com\/#\/schema\/logo\/image\/","url":"https:\/\/www.anmeksan.com\/wp-content\/uploads\/2022\/04\/logo.svg","contentUrl":"https:\/\/www.anmeksan.com\/wp-content\/uploads\/2022\/04\/logo.svg","width":"1024","height":"1024","caption":"Anmeksan Ar\u0131tma A.\u015e"},"image":{"@id":"https:\/\/www.anmeksan.com\/#\/schema\/logo\/image\/"}},{"@type":"WebSite","@id":"https:\/\/www.anmeksan.com\/#website","url":"https:\/\/www.anmeksan.com\/","name":"Anmeksan Ar\u0131tma A.\u015e","description":"Paket Ar\u0131tma Sistemleri, MBR ve MBBR Ar\u0131tma","publisher":{"@id":"https:\/\/www.anmeksan.com\/#organization"},"potentialAction":[{"@type":"SearchAction","target":{"@type":"EntryPoint","urlTemplate":"https:\/\/www.anmeksan.com\/?s={search_term_string}"},"query-input":"required name=search_term_string"}],"inLanguage":"ru-RU"},{"@type":"WebPage","@id":"https:\/\/www.anmeksan.com\/error-404\/","url":"https:\/\/www.anmeksan.com\/error-404\/","name":"404 Error - Anmeksan Ar\u0131tma A.\u015e","isPartOf":{"@id":"https:\/\/www.anmeksan.com\/#website"},"datePublished":"2017-01-31T14:57:35+00:00","dateModified":"2022-05-05T21:17:31+00:00","breadcrumb":{"@id":"https:\/\/www.anmeksan.com\/error-404\/#breadcrumb"},"inLanguage":"ru-RU","potentialAction":[{"@type":"ReadAction","target":["https:\/\/www.anmeksan.com\/error-404\/"]}]},{"@type":"BreadcrumbList","@id":"https:\/\/www.anmeksan.com\/error-404\/#breadcrumb","itemListElement":[{"@type":"ListItem","position":1,"name":"Ana Sayfa","item":"https:\/\/www.anmeksan.com\/"},{"@type":"ListItem","position":2,"name":"404 Error"}]}]}},"_links":{"self":[{"href":"https:\/\/www.anmeksan.com\/ru\/wp-json\/wp\/v2\/pages\/5774"}],"collection":[{"href":"https:\/\/www.anmeksan.com\/ru\/wp-json\/wp\/v2\/pages"}],"about":[{"href":"https:\/\/www.anmeksan.com\/ru\/wp-json\/wp\/v2\/types\/page"}],"author":[{"embeddable":true,"href":"https:\/\/www.anmeksan.com\/ru\/wp-json\/wp\/v2\/users\/1"}],"replies":[{"embeddable":true,"href":"https:\/\/www.anmeksan.com\/ru\/wp-json\/wp\/v2\/comments?post=5774"}],"version-history":[{"count":0,"href":"https:\/\/www.anmeksan.com\/ru\/wp-json\/wp\/v2\/pages\/5774\/revisions"}],"wp:attachment":[{"href":"https:\/\/www.anmeksan.com\/ru\/wp-json\/wp\/v2\/media?parent=5774"}],"curies":[{"name":"wp","href":"https:\/\/api.w.org\/{rel}","templated":true}]}}