{"id":8889,"date":"2022-04-29T07:19:05","date_gmt":"2022-04-29T07:19:05","guid":{"rendered":"https:\/\/anmeksan.com\/?page_id=8889"},"modified":"2023-06-08T10:35:27","modified_gmt":"2023-06-08T10:35:27","slug":"katalog","status":"publish","type":"page","link":"https:\/\/www.anmeksan.com\/ru\/katalog\/","title":{"rendered":"\u041a\u0410\u0422\u0410\u041b\u041e\u0413\u0418"},"content":{"rendered":"<section class=\"l-section wpb_row height_small with_img\"><div class=\"l-section-img\" style=\"background-image: url(https:\/\/www.anmeksan.com\/wp-content\/uploads\/2022\/05\/header-anmeksan-blue.png);\" data-img-width=\"1920\" data-img-height=\"352\"><\/div><div class=\"l-section-h i-cf\"><div class=\"g-cols vc_row via_grid cols_2-1 laptops-cols_inherit tablets-cols_inherit mobiles-cols_1 valign_top type_default stacking_default\"><div class=\"wpb_column vc_column_container\"><div class=\"vc_column-inner\"><h2 class=\"w-post-elm post_title us_custom_ed05b3dd has_text_color align_left entry-title color_link_inherit\">\u041a\u0410\u0422\u0410\u041b\u041e\u0413\u0418<\/h2><div class=\"w-html us_custom_6df4bc3a has_text_color\"><span><span><a href=\"https:\/\/www.anmeksan.com\/ru\/\">\u0414\u043e\u043c\u0430\u0448\u043d\u044f\u044f \u0441\u0442\u0440\u0430\u043d\u0438\u0446\u0430<\/a><\/span><\/div><div class=\"w-separator size_custom\" style=\"height:20px\"><\/div><\/div><\/div><div class=\"wpb_column vc_column_container\"><div class=\"vc_column-inner\"><div class=\"w-image align_none\"><div class=\"w-image-h\"><img width=\"150\" height=\"50\" src=\"https:\/\/www.anmeksan.com\/wp-content\/uploads\/2022\/04\/anmeksan-kalite-iso.png\" class=\"attachment-full size-full\" alt=\"Anmeksan Kalite\" decoding=\"async\" \/><\/div><\/div><div class=\"w-separator size_custom\" style=\"height:3px\"><\/div><div class=\"w-image align_none\"><div class=\"w-image-h\"><img width=\"300\" height=\"50\" src=\"https:\/\/www.anmeksan.com\/wp-content\/uploads\/2014\/09\/banner-ust-uyelik.png\" class=\"attachment-large size-large\" alt=\"Banner \u00dcyelik\" decoding=\"async\" srcset=\"https:\/\/www.anmeksan.com\/wp-content\/uploads\/2014\/09\/banner-ust-uyelik.png 300w, https:\/\/www.anmeksan.com\/wp-content\/uploads\/2014\/09\/banner-ust-uyelik-200x33.png 200w\" sizes=\"(max-width: 300px) 100vw, 300px\" \/><\/div><\/div><\/div><\/div><\/div><\/div><\/section><section class=\"l-section wpb_row height_medium\"><div class=\"l-section-h i-cf\"><div class=\"g-cols vc_row via_grid cols_1-3 laptops-cols_inherit tablets-cols_inherit mobiles-cols_1 valign_top type_default stacking_default\"><div class=\"wpb_column vc_column_container\"><div class=\"vc_column-inner\"><div class=\"w-menu layout_ver style_blocks us_menu_1\" style=\"--main-gap:5px;--main-ver-indent:0.8em;--main-hor-indent:0.8em;\"><ul id=\"menu-sol-ana-menu\" class=\"menu\"><li id=\"menu-item-8332\" class=\"menu-item menu-item-type-post_type menu-item-object-page menu-item-home menu-item-8332\"><a href=\"https:\/\/www.anmeksan.com\/ru\/\"><i class=\"_mi _before dashicons dashicons-arrow-right-alt2\" aria-hidden=\"true\"><\/i><span>\u0414\u043e\u043c\u0430\u0448\u043d\u044f\u044f \u0441\u0442\u0440\u0430\u043d\u0438\u0446\u0430<\/span><\/a><\/li><li id=\"menu-item-8557\" class=\"menu-item menu-item-type-post_type menu-item-object-page menu-item-8557\"><a href=\"https:\/\/www.anmeksan.com\/ru\/hizmetlerimiz-ru\/\"><i class=\"_mi _before dashicons dashicons-arrow-right-alt2\" aria-hidden=\"true\"><\/i><span>\u041d\u0430\u0448\u0438 \u0443\u0441\u043b\u0443\u0433\u0438<\/span><\/a><\/li><li id=\"menu-item-8333\" class=\"menu-item menu-item-type-post_type menu-item-object-page menu-item-8333\"><a href=\"https:\/\/www.anmeksan.com\/ru\/projeler-ru\/\"><i class=\"_mi _before dashicons dashicons-arrow-right-alt2\" aria-hidden=\"true\"><\/i><span>\u041f\u0440\u043e\u0435\u043a\u0442\u044b<\/span><\/a><\/li><li id=\"menu-item-8911\" class=\"menu-item menu-item-type-taxonomy menu-item-object-category menu-item-8911\"><a href=\"https:\/\/www.anmeksan.com\/ru\/category\/haberler\/\"><i class=\"_mi _before dashicons dashicons-arrow-right-alt2\" aria-hidden=\"true\"><\/i><span>\u041d\u043e\u0432\u043e\u0441\u0442\u0438<\/span><\/a><\/li><li id=\"menu-item-8912\" class=\"menu-item menu-item-type-post_type menu-item-object-page menu-item-8912\"><a href=\"https:\/\/www.anmeksan.com\/ru\/blog\/\"><i class=\"_mi _before dashicons dashicons-arrow-right-alt2\" aria-hidden=\"true\"><\/i><span>\u0431\u043b\u043e\u0433<\/span><\/a><\/li><li id=\"menu-item-8338\" class=\"menu-item menu-item-type-post_type menu-item-object-page menu-item-8338\"><a href=\"https:\/\/www.anmeksan.com\/ru\/iletisim-ru\/\"><i class=\"_mi _before dashicons dashicons-arrow-right-alt2\" aria-hidden=\"true\"><\/i><span>\u041a\u043e\u043d\u0442\u0430\u043a\u0442<\/span><\/a><\/li><\/ul><style>.us_menu_1 .menu>li>a{background:#e8e8e8}.us_menu_1 .menu>li>a{color:#002f66}.us_menu_1 .menu>.menu-item:not(.current-menu-item)>a:hover{background:#002f66}.us_menu_1 .menu>.menu-item:not(.current-menu-item)>a:hover{color:#ffffff}.us_menu_1 .menu>.current-menu-item>a{background:#00b032}.us_menu_1 .menu>.current-menu-item>a{color:#ffffff}@media ( max-width:600px ){.us_menu_1 .menu{display:block!important}.us_menu_1 .menu>li{margin:0 0 var(--main-gap,5px)!important}}<\/style><\/div><div class=\"w-separator size_custom\" style=\"height:10px\"><\/div><div class=\"w-btn-wrapper width_full\"><a class=\"w-btn us-btn-style_6 us_custom_1f257949 icon_atleft\" title=\"\u041a\u0410\u0422\u0410\u041b\u041e\u0413\u0418\" href=\"https:\/\/www.anmeksan.com\/ru\/katalog\/\"><i class=\"fas fa-file-pdf\"><\/i><span class=\"w-btn-label\">\u041a\u0410\u0422\u0410\u041b\u041e\u0413\u0418<\/span><\/a><\/div><div class=\"w-btn-wrapper width_full\"><a class=\"w-btn us-btn-style_8 us_custom_1f257949 icon_atleft\" title=\"\u0417\u0430\u043f\u0440\u043e\u0441\u044b \u043a\u043e\u0442\u0438\u0440\u043e\u0432\u043e\u043a\" href=\"\/ru\/teklif-telepleri\/\"><i class=\"fas fa-file-edit\"><\/i><span class=\"w-btn-label\">\u041f\u0420\u0415\u0414\u041b\u041e\u0416\u0415\u041d\u0418\u0419<\/span><\/a><\/div><div class=\"w-btn-wrapper width_full\"><a class=\"w-btn us-btn-style_9 us_custom_1f257949 icon_atleft\" title=\"\u0417\u0430\u044f\u0432\u043a\u0430 \u043d\u0430 \u0434\u0438\u043b\u0435\u0440\u0441\u0442\u0432\u043e\" href=\"https:\/\/www.anmeksan.com\/ru\/temsilcilik-basvurusu\/\"><i class=\"fas fa-file-alt\"><\/i><span class=\"w-btn-label\">\u0414\u0418\u041b\u0415\u0420\u0421\u0422\u0412\u041e<\/span><\/a><\/div><div class=\"w-sharing type_solid align_center color_default\"><div class=\"w-sharing-list\" data-content-image=\"true\"><a class=\"w-sharing-item email\" href=\"mailto:?subject=Katalog&amp;body=https:\/\/www.anmeksan.com\/ru\/wp-json\/wp\/v2\/pages\/8889\" title=\"\u041e\u0442\u043f\u0440\u0430\u0432\u0438\u0442\u044c \u043d\u0430 \u043f\u043e\u0447\u0442\u0443\" aria-label=\"\u041e\u0442\u043f\u0440\u0430\u0432\u0438\u0442\u044c \u043d\u0430 \u043f\u043e\u0447\u0442\u0443\"><i class=\"fas fa-envelope\"><\/i><\/a><a class=\"w-sharing-item facebook\" href=\"https:\/\/www.facebook.com\/sharer\/sharer.php?u=https:\/\/www.anmeksan.com\/ru\/wp-json\/wp\/v2\/pages\/8889&amp;quote=Katalog\" title=\"\u041f\u043e\u0434\u0435\u043b\u0438\u0442\u044c\u0441\u044f\" aria-label=\"\u041f\u043e\u0434\u0435\u043b\u0438\u0442\u044c\u0441\u044f\" onclick=\"window.open(this.href, &quot;facebook&quot;, &quot;toolbar=0,width=900,height=500&quot;); return false;\"><i class=\"fab fa-facebook\"><\/i><\/a><a class=\"w-sharing-item twitter\" href=\"https:\/\/twitter.com\/intent\/tweet?text=Katalog&amp;url=https:\/\/www.anmeksan.com\/ru\/wp-json\/wp\/v2\/pages\/8889\" title=\"\u0422\u0432\u0438\u0442\u043d\u0443\u0442\u044c\" aria-label=\"\u0422\u0432\u0438\u0442\u043d\u0443\u0442\u044c\" onclick=\"window.open(this.href, &quot;twitter&quot;, &quot;toolbar=0,width=650,height=360&quot;); return false;\"><i class=\"fab fa-twitter\"><\/i><\/a><a class=\"w-sharing-item linkedin\" href=\"https:\/\/www.linkedin.com\/shareArticle?mini=true&amp;url=https:\/\/www.anmeksan.com\/ru\/wp-json\/wp\/v2\/pages\/8889\" title=\"\u041f\u043e\u0434\u0435\u043b\u0438\u0442\u044c\u0441\u044f\" aria-label=\"\u041f\u043e\u0434\u0435\u043b\u0438\u0442\u044c\u0441\u044f\" onclick=\"window.open(this.href, &quot;linkedin&quot;, &quot;toolbar=no,width=550,height=550&quot;); return false;\"><i class=\"fab fa-linkedin\"><\/i><\/a><a class=\"w-sharing-item whatsapp\" href=\"https:\/\/web.whatsapp.com\/send?text=Katalog https:\/\/www.anmeksan.com\/ru\/wp-json\/wp\/v2\/pages\/8889\" title=\"\u041f\u043e\u0434\u0435\u043b\u0438\u0442\u044c\u0441\u044f\" aria-label=\"\u041f\u043e\u0434\u0435\u043b\u0438\u0442\u044c\u0441\u044f\" onclick=\"window.open(this.href, &quot;whatsapp&quot;, &quot;toolbar=0,width=900,height=500&quot;); return false;\"><i class=\"fab fa-whatsapp\"><\/i><\/a><\/div><\/div><\/div><\/div><div class=\"wpb_column vc_column_container\"><div class=\"vc_column-inner\"><h1 style=\"text-align: left;font-family:Roboto;font-weight:500;font-style:normal\" class=\"vc_custom_heading us_custom_72b883da\" >Kataloglar<\/h1><div class=\"w-separator size_custom\" style=\"height:10px\"><\/div><div class=\"g-cols wpb_row via_grid cols_3 laptops-cols_inherit tablets-cols_inherit mobiles-cols_1 valign_top type_default stacking_default\"><div class=\"wpb_column vc_column_container\"><div class=\"vc_column-inner\"><div class=\"w-image align_center\"><a target=\"_blank\" href=\"https:\/\/www.anmeksan.com\/wp-content\/uploads\/catalog\/catalog-en.pdf\" rel=\"noopener\" aria-label=\"\u0421\u0441\u044b\u043b\u043a\u0430\" class=\"w-image-h\"><img width=\"300\" height=\"212\" src=\"https:\/\/www.anmeksan.com\/wp-content\/uploads\/2022\/05\/catalog-en.png\" class=\"attachment-full size-full\" alt=\"Katalog \u0130ngilizce\" decoding=\"async\" srcset=\"https:\/\/www.anmeksan.com\/wp-content\/uploads\/2022\/05\/catalog-en.png 300w, https:\/\/www.anmeksan.com\/wp-content\/uploads\/2022\/05\/catalog-en-200x141.png 200w, https:\/\/www.anmeksan.com\/wp-content\/uploads\/2022\/05\/catalog-en-142x100.png 142w\" sizes=\"(max-width: 300px) 100vw, 300px\" \/><\/a><\/div><div class=\"w-btn-wrapper width_full\"><a class=\"w-btn us-btn-style_6\" target=\"_blank\" href=\"https:\/\/www.anmeksan.com\/wp-content\/uploads\/catalog\/catalog-en.pdf\" rel=\"noopener\"><span class=\"w-btn-label\">ENGLISH<\/span><\/a><\/div><\/div><\/div><div class=\"wpb_column vc_column_container\"><div class=\"vc_column-inner\"><div class=\"w-image align_center\"><a target=\"_blank\" href=\"https:\/\/www.anmeksan.com\/wp-content\/uploads\/catalog\/catalog-fr.pdf\" rel=\"noopener\" aria-label=\"\u0421\u0441\u044b\u043b\u043a\u0430\" class=\"w-image-h\"><img width=\"300\" height=\"212\" src=\"https:\/\/www.anmeksan.com\/wp-content\/uploads\/2022\/05\/catalog-fr.webp\" class=\"attachment-full size-full\" alt=\"Katalog Frans\u0131zca\" decoding=\"async\" srcset=\"https:\/\/www.anmeksan.com\/wp-content\/uploads\/2022\/05\/catalog-fr.webp 300w, https:\/\/www.anmeksan.com\/wp-content\/uploads\/2022\/05\/catalog-fr-200x141.webp 200w, https:\/\/www.anmeksan.com\/wp-content\/uploads\/2022\/05\/catalog-fr-142x100.webp 142w\" sizes=\"(max-width: 300px) 100vw, 300px\" \/><\/a><\/div><div class=\"w-btn-wrapper width_full\"><a class=\"w-btn us-btn-style_6\" target=\"_blank\" href=\"https:\/\/www.anmeksan.com\/wp-content\/uploads\/catalog\/catalog-fr.pdf\" rel=\"noopener\"><span class=\"w-btn-label\">FRENCH<\/span><\/a><\/div><\/div><\/div><div class=\"wpb_column vc_column_container\"><div class=\"vc_column-inner\"><div class=\"w-image align_center\"><a target=\"_blank\" href=\"https:\/\/www.anmeksan.com\/wp-content\/uploads\/catalog\/catalog-ar.pdf\" rel=\"noopener\" aria-label=\"\u0421\u0441\u044b\u043b\u043a\u0430\" class=\"w-image-h\"><img width=\"300\" height=\"212\" src=\"https:\/\/www.anmeksan.com\/wp-content\/uploads\/2022\/05\/catalog-fr.webp\" class=\"attachment-full size-full\" alt=\"Katalog Frans\u0131zca\" decoding=\"async\" srcset=\"https:\/\/www.anmeksan.com\/wp-content\/uploads\/2022\/05\/catalog-fr.webp 300w, https:\/\/www.anmeksan.com\/wp-content\/uploads\/2022\/05\/catalog-fr-200x141.webp 200w, https:\/\/www.anmeksan.com\/wp-content\/uploads\/2022\/05\/catalog-fr-142x100.webp 142w\" sizes=\"(max-width: 300px) 100vw, 300px\" \/><\/a><\/div><div class=\"w-btn-wrapper width_full\"><a class=\"w-btn us-btn-style_6\" target=\"_blank\" href=\"https:\/\/www.anmeksan.com\/wp-content\/uploads\/catalog\/catalog-ar.pdf\" rel=\"noopener\"><span class=\"w-btn-label\">ARABIC<\/span><\/a><\/div><\/div><\/div><\/div><div class=\"w-separator size_custom\" style=\"height:30px\"><\/div><div class=\"g-cols wpb_row via_grid cols_3 laptops-cols_inherit tablets-cols_inherit mobiles-cols_1 valign_top type_default stacking_default\"><div class=\"wpb_column vc_column_container\"><div class=\"vc_column-inner\"><div class=\"w-image align_center\"><a target=\"_blank\" href=\"https:\/\/www.anmeksan.com\/wp-content\/uploads\/catalog\/catalog-ru.pdf\" rel=\"noopener\" aria-label=\"\u0421\u0441\u044b\u043b\u043a\u0430\" class=\"w-image-h\"><img width=\"300\" height=\"212\" src=\"https:\/\/www.anmeksan.com\/wp-content\/uploads\/2023\/06\/catalog-russia.jpg\" class=\"attachment-full size-full\" alt=\"Russian Wastewater Treatment Turkey\" decoding=\"async\" srcset=\"https:\/\/www.anmeksan.com\/wp-content\/uploads\/2023\/06\/catalog-russia.jpg 300w, https:\/\/www.anmeksan.com\/wp-content\/uploads\/2023\/06\/catalog-russia-18x12.jpg 18w, https:\/\/www.anmeksan.com\/wp-content\/uploads\/2023\/06\/catalog-russia-200x141.jpg 200w, https:\/\/www.anmeksan.com\/wp-content\/uploads\/2023\/06\/catalog-russia-142x100.jpg 142w\" sizes=\"(max-width: 300px) 100vw, 300px\" \/><\/a><\/div><div class=\"w-btn-wrapper width_full\"><a class=\"w-btn us-btn-style_6\" target=\"_blank\" href=\"https:\/\/www.anmeksan.com\/wp-content\/uploads\/catalog\/catalog-ru.pdf\" rel=\"noopener\"><span class=\"w-btn-label\">RUSSIAN<\/span><\/a><\/div><\/div><\/div><div class=\"wpb_column vc_column_container\"><div class=\"vc_column-inner\"><\/div><\/div><div class=\"wpb_column vc_column_container\"><div class=\"vc_column-inner\"><\/div><\/div><\/div><\/div><\/div><\/div><\/div><\/section>","protected":false},"excerpt":{"rendered":"KatalogAna SayfaAna SayfaHizmetlerimizProjelerHaberlerBlog\u0130leti\u015fimKATALOGLARTEKL\u0130F TALEB\u0130TEMS\u0130LC\u0130L\u0130K BA\u015eVURUSUKataloglarENGLISHFRENCHARABICRUSSIAN","protected":false},"author":1,"featured_media":0,"parent":0,"menu_order":0,"comment_status":"closed","ping_status":"closed","template":"","meta":{"inline_featured_image":false},"acf":[],"yoast_head":"<!-- This site is optimized with the Yoast SEO Premium plugin v18.7 (Yoast SEO v19.4) - https:\/\/yoast.com\/wordpress\/plugins\/seo\/ -->\n<title>Katalog - Anmeksan Ar\u0131tma A.\u015e<\/title>\n<meta name=\"description\" content=\"Katalog ve At\u0131ksu ar\u0131tma tesisleri detaylar\u0131na ula\u015fabilirsiniz. Anmeksan katalog \u00e7ok dilli i\u00e7erik sunmaktad\u0131r. Paket ar\u0131tma kapasiteleri,\" \/>\n<meta name=\"robots\" content=\"index, follow, max-snippet:-1, max-image-preview:large, max-video-preview:-1\" \/>\n<link rel=\"canonical\" href=\"https:\/\/www.anmeksan.com\/ru\/katalog\/\" \/>\n<meta property=\"og:locale\" content=\"ru_RU\" \/>\n<meta property=\"og:type\" content=\"article\" \/>\n<meta property=\"og:title\" content=\"Katalog\" \/>\n<meta property=\"og:description\" content=\"Katalog ve At\u0131ksu ar\u0131tma tesisleri detaylar\u0131na ula\u015fabilirsiniz. Anmeksan katalog \u00e7ok dilli i\u00e7erik sunmaktad\u0131r. Paket ar\u0131tma kapasiteleri,\" \/>\n<meta property=\"og:url\" content=\"https:\/\/www.anmeksan.com\/ru\/katalog\/\" \/>\n<meta property=\"og:site_name\" content=\"Anmeksan Ar\u0131tma A.\u015e\" \/>\n<meta property=\"article:publisher\" content=\"https:\/\/www.facebook.com\/anmeksan.aritmaas\" \/>\n<meta property=\"article:modified_time\" content=\"2023-06-08T10:35:27+00:00\" \/>\n<meta name=\"twitter:card\" content=\"summary_large_image\" \/>\n<meta name=\"twitter:site\" content=\"@anmeksan\" \/>\n<meta name=\"twitter:label1\" content=\"\u041f\u0440\u0438\u043c\u0435\u0440\u043d\u043e\u0435 \u0432\u0440\u0435\u043c\u044f \u0434\u043b\u044f \u0447\u0442\u0435\u043d\u0438\u044f\" \/>\n\t<meta name=\"twitter:data1\" content=\"1 \u043c\u0438\u043d\u0443\u0442\u0430\" \/>\n<!-- \/ Yoast SEO Premium plugin. -->","yoast_head_json":{"title":"Katalog - Anmeksan Ar\u0131tma A.\u015e","description":"Katalog ve At\u0131ksu ar\u0131tma tesisleri detaylar\u0131na ula\u015fabilirsiniz. Anmeksan katalog \u00e7ok dilli i\u00e7erik sunmaktad\u0131r. Paket ar\u0131tma kapasiteleri,","robots":{"index":"index","follow":"follow","max-snippet":"max-snippet:-1","max-image-preview":"max-image-preview:large","max-video-preview":"max-video-preview:-1"},"canonical":"https:\/\/www.anmeksan.com\/ru\/katalog\/","og_locale":"ru_RU","og_type":"article","og_title":"Katalog","og_description":"Katalog ve At\u0131ksu ar\u0131tma tesisleri detaylar\u0131na ula\u015fabilirsiniz. Anmeksan katalog \u00e7ok dilli i\u00e7erik sunmaktad\u0131r. Paket ar\u0131tma kapasiteleri,","og_url":"https:\/\/www.anmeksan.com\/ru\/katalog\/","og_site_name":"Anmeksan Ar\u0131tma A.\u015e","article_publisher":"https:\/\/www.facebook.com\/anmeksan.aritmaas","article_modified_time":"2023-06-08T10:35:27+00:00","twitter_card":"summary_large_image","twitter_site":"@anmeksan","twitter_misc":{"\u041f\u0440\u0438\u043c\u0435\u0440\u043d\u043e\u0435 \u0432\u0440\u0435\u043c\u044f \u0434\u043b\u044f \u0447\u0442\u0435\u043d\u0438\u044f":"1 \u043c\u0438\u043d\u0443\u0442\u0430"},"schema":{"@context":"https:\/\/schema.org","@graph":[{"@type":"Organization","@id":"https:\/\/www.anmeksan.com\/#organization","name":"Anmeksan Ar\u0131tma A.\u015e","url":"https:\/\/www.anmeksan.com\/","sameAs":["https:\/\/www.facebook.com\/anmeksan.aritmaas","https:\/\/twitter.com\/anmeksan"],"logo":{"@type":"ImageObject","inLanguage":"ru-RU","@id":"https:\/\/www.anmeksan.com\/#\/schema\/logo\/image\/","url":"https:\/\/www.anmeksan.com\/wp-content\/uploads\/2022\/04\/logo.svg","contentUrl":"https:\/\/www.anmeksan.com\/wp-content\/uploads\/2022\/04\/logo.svg","width":"1024","height":"1024","caption":"Anmeksan Ar\u0131tma A.\u015e"},"image":{"@id":"https:\/\/www.anmeksan.com\/#\/schema\/logo\/image\/"}},{"@type":"WebSite","@id":"https:\/\/www.anmeksan.com\/#website","url":"https:\/\/www.anmeksan.com\/","name":"Anmeksan Ar\u0131tma A.\u015e","description":"Paket Ar\u0131tma Sistemleri, MBR ve MBBR Ar\u0131tma","publisher":{"@id":"https:\/\/www.anmeksan.com\/#organization"},"potentialAction":[{"@type":"SearchAction","target":{"@type":"EntryPoint","urlTemplate":"https:\/\/www.anmeksan.com\/?s={search_term_string}"},"query-input":"required name=search_term_string"}],"inLanguage":"ru-RU"},{"@type":"WebPage","@id":"https:\/\/www.anmeksan.com\/katalog\/","url":"https:\/\/www.anmeksan.com\/katalog\/","name":"Katalog - Anmeksan Ar\u0131tma A.\u015e","isPartOf":{"@id":"https:\/\/www.anmeksan.com\/#website"},"datePublished":"2022-04-29T07:19:05+00:00","dateModified":"2023-06-08T10:35:27+00:00","description":"Katalog ve At\u0131ksu ar\u0131tma tesisleri detaylar\u0131na ula\u015fabilirsiniz. Anmeksan katalog \u00e7ok dilli i\u00e7erik sunmaktad\u0131r. Paket ar\u0131tma kapasiteleri,","breadcrumb":{"@id":"https:\/\/www.anmeksan.com\/katalog\/#breadcrumb"},"inLanguage":"ru-RU","potentialAction":[{"@type":"ReadAction","target":["https:\/\/www.anmeksan.com\/katalog\/"]}]},{"@type":"BreadcrumbList","@id":"https:\/\/www.anmeksan.com\/katalog\/#breadcrumb","itemListElement":[{"@type":"ListItem","position":1,"name":"Ana Sayfa","item":"https:\/\/www.anmeksan.com\/"},{"@type":"ListItem","position":2,"name":"Katalog"}]}]}},"_links":{"self":[{"href":"https:\/\/www.anmeksan.com\/ru\/wp-json\/wp\/v2\/pages\/8889"}],"collection":[{"href":"https:\/\/www.anmeksan.com\/ru\/wp-json\/wp\/v2\/pages"}],"about":[{"href":"https:\/\/www.anmeksan.com\/ru\/wp-json\/wp\/v2\/types\/page"}],"author":[{"embeddable":true,"href":"https:\/\/www.anmeksan.com\/ru\/wp-json\/wp\/v2\/users\/1"}],"replies":[{"embeddable":true,"href":"https:\/\/www.anmeksan.com\/ru\/wp-json\/wp\/v2\/comments?post=8889"}],"version-history":[{"count":0,"href":"https:\/\/www.anmeksan.com\/ru\/wp-json\/wp\/v2\/pages\/8889\/revisions"}],"wp:attachment":[{"href":"https:\/\/www.anmeksan.com\/ru\/wp-json\/wp\/v2\/media?parent=8889"}],"curies":[{"name":"wp","href":"https:\/\/api.w.org\/{rel}","templated":true}]}}