{"id":9661,"date":"2022-05-07T16:34:56","date_gmt":"2022-05-07T16:34:56","guid":{"rendered":"https:\/\/anmeksan.com\/?page_id=9661"},"modified":"2022-07-20T09:18:44","modified_gmt":"2022-07-20T09:18:44","slug":"ultrafiltrasyon-sistemleri","status":"publish","type":"page","link":"https:\/\/www.anmeksan.com\/ru\/ultrafiltrasyon-sistemleri\/","title":{"rendered":"\u0421\u0438\u0441\u0442\u0435\u043c\u044b \u0443\u043b\u044c\u0442\u0440\u0430\u0444\u0438\u043b\u044c\u0442\u0440\u0430\u0446\u0438\u0438 (\u0423\u0424)"},"content":{"rendered":"<section class=\"l-section wpb_row height_small with_img\"><div class=\"l-section-img\" style=\"background-image: url(https:\/\/www.anmeksan.com\/wp-content\/uploads\/2022\/05\/header-anmeksan-blue.png);\" data-img-width=\"1920\" data-img-height=\"352\"><\/div><div class=\"l-section-h i-cf\"><div class=\"g-cols vc_row via_grid cols_2-1 laptops-cols_inherit tablets-cols_inherit mobiles-cols_1 valign_top type_default stacking_default\"><div class=\"wpb_column vc_column_container\"><div class=\"vc_column-inner\"><h2 class=\"w-post-elm post_title us_custom_ed05b3dd has_text_color align_left entry-title color_link_inherit\">\u0421\u0438\u0441\u0442\u0435\u043c\u044b \u0443\u043b\u044c\u0442\u0440\u0430\u0444\u0438\u043b\u044c\u0442\u0440\u0430\u0446\u0438\u0438 (\u0423\u0424)<\/h2><div class=\"w-html us_custom_6df4bc3a has_text_color\"><span><span><a href=\"https:\/\/www.anmeksan.com\/ru\/\">\u0414\u043e\u043c\u0430\u0448\u043d\u044f\u044f \u0441\u0442\u0440\u0430\u043d\u0438\u0446\u0430<\/a><\/span><\/div><div class=\"w-separator size_custom\" style=\"height:20px\"><\/div><\/div><\/div><div class=\"wpb_column vc_column_container\"><div class=\"vc_column-inner\"><div class=\"w-image align_none\"><div class=\"w-image-h\"><img width=\"150\" height=\"50\" src=\"https:\/\/www.anmeksan.com\/wp-content\/uploads\/2022\/04\/anmeksan-kalite-iso.png\" class=\"attachment-full size-full\" alt=\"Anmeksan Kalite\" decoding=\"async\" \/><\/div><\/div><div class=\"w-separator size_custom\" style=\"height:3px\"><\/div><div class=\"w-image align_none\"><div class=\"w-image-h\"><img width=\"300\" height=\"50\" src=\"https:\/\/www.anmeksan.com\/wp-content\/uploads\/2014\/09\/banner-ust-uyelik.png\" class=\"attachment-large size-large\" alt=\"Banner \u00dcyelik\" decoding=\"async\" srcset=\"https:\/\/www.anmeksan.com\/wp-content\/uploads\/2014\/09\/banner-ust-uyelik.png 300w, https:\/\/www.anmeksan.com\/wp-content\/uploads\/2014\/09\/banner-ust-uyelik-200x33.png 200w\" sizes=\"(max-width: 300px) 100vw, 300px\" \/><\/div><\/div><\/div><\/div><\/div><\/div><\/section><section class=\"l-section wpb_row height_medium\"><div class=\"l-section-h i-cf\"><div class=\"g-cols vc_row via_grid cols_1-3 laptops-cols_inherit tablets-cols_inherit mobiles-cols_1 valign_top type_default stacking_default\"><div class=\"wpb_column vc_column_container\"><div class=\"vc_column-inner\"><div class=\"w-menu layout_ver style_blocks us_menu_1\" style=\"--main-gap:5px;--main-ver-indent:0.8em;--main-hor-indent:0.8em;\"><ul id=\"menu-sol-ana-menu\" class=\"menu\"><li id=\"menu-item-8332\" class=\"menu-item menu-item-type-post_type menu-item-object-page menu-item-home menu-item-8332\"><a href=\"https:\/\/www.anmeksan.com\/ru\/\"><i class=\"_mi _before dashicons dashicons-arrow-right-alt2\" aria-hidden=\"true\"><\/i><span>\u0414\u043e\u043c\u0430\u0448\u043d\u044f\u044f \u0441\u0442\u0440\u0430\u043d\u0438\u0446\u0430<\/span><\/a><\/li><li id=\"menu-item-8557\" class=\"menu-item menu-item-type-post_type menu-item-object-page menu-item-8557\"><a href=\"https:\/\/www.anmeksan.com\/ru\/hizmetlerimiz-ru\/\"><i class=\"_mi _before dashicons dashicons-arrow-right-alt2\" aria-hidden=\"true\"><\/i><span>\u041d\u0430\u0448\u0438 \u0443\u0441\u043b\u0443\u0433\u0438<\/span><\/a><\/li><li id=\"menu-item-8333\" class=\"menu-item menu-item-type-post_type menu-item-object-page menu-item-8333\"><a href=\"https:\/\/www.anmeksan.com\/ru\/projeler-ru\/\"><i class=\"_mi _before dashicons dashicons-arrow-right-alt2\" aria-hidden=\"true\"><\/i><span>\u041f\u0440\u043e\u0435\u043a\u0442\u044b<\/span><\/a><\/li><li id=\"menu-item-8911\" class=\"menu-item menu-item-type-taxonomy menu-item-object-category menu-item-8911\"><a href=\"https:\/\/www.anmeksan.com\/ru\/category\/haberler\/\"><i class=\"_mi _before dashicons dashicons-arrow-right-alt2\" aria-hidden=\"true\"><\/i><span>\u041d\u043e\u0432\u043e\u0441\u0442\u0438<\/span><\/a><\/li><li id=\"menu-item-8912\" class=\"menu-item menu-item-type-post_type menu-item-object-page menu-item-8912\"><a href=\"https:\/\/www.anmeksan.com\/ru\/blog\/\"><i class=\"_mi _before dashicons dashicons-arrow-right-alt2\" aria-hidden=\"true\"><\/i><span>\u0431\u043b\u043e\u0433<\/span><\/a><\/li><li id=\"menu-item-8338\" class=\"menu-item menu-item-type-post_type menu-item-object-page menu-item-8338\"><a href=\"https:\/\/www.anmeksan.com\/ru\/iletisim-ru\/\"><i class=\"_mi _before dashicons dashicons-arrow-right-alt2\" aria-hidden=\"true\"><\/i><span>\u041a\u043e\u043d\u0442\u0430\u043a\u0442<\/span><\/a><\/li><\/ul><style>.us_menu_1 .menu>li>a{background:#e8e8e8}.us_menu_1 .menu>li>a{color:#002f66}.us_menu_1 .menu>.menu-item:not(.current-menu-item)>a:hover{background:#002f66}.us_menu_1 .menu>.menu-item:not(.current-menu-item)>a:hover{color:#ffffff}.us_menu_1 .menu>.current-menu-item>a{background:#00b032}.us_menu_1 .menu>.current-menu-item>a{color:#ffffff}@media ( max-width:600px ){.us_menu_1 .menu{display:block!important}.us_menu_1 .menu>li{margin:0 0 var(--main-gap,5px)!important}}<\/style><\/div><div class=\"w-separator size_custom\" style=\"height:10px\"><\/div><div class=\"w-btn-wrapper width_full\"><a class=\"w-btn us-btn-style_6 us_custom_1f257949 icon_atleft\" title=\"\u041a\u0410\u0422\u0410\u041b\u041e\u0413\u0418\" href=\"https:\/\/www.anmeksan.com\/ru\/katalog\/\"><i class=\"fas fa-file-pdf\"><\/i><span class=\"w-btn-label\">\u041a\u0410\u0422\u0410\u041b\u041e\u0413\u0418<\/span><\/a><\/div><div class=\"w-btn-wrapper width_full\"><a class=\"w-btn us-btn-style_8 us_custom_1f257949 icon_atleft\" title=\"\u0417\u0430\u043f\u0440\u043e\u0441\u044b \u043a\u043e\u0442\u0438\u0440\u043e\u0432\u043e\u043a\" href=\"\/ru\/teklif-telepleri\/\"><i class=\"fas fa-file-edit\"><\/i><span class=\"w-btn-label\">\u041f\u0420\u0415\u0414\u041b\u041e\u0416\u0415\u041d\u0418\u0419<\/span><\/a><\/div><div class=\"w-btn-wrapper width_full\"><a class=\"w-btn us-btn-style_9 us_custom_1f257949 icon_atleft\" title=\"\u0417\u0430\u044f\u0432\u043a\u0430 \u043d\u0430 \u0434\u0438\u043b\u0435\u0440\u0441\u0442\u0432\u043e\" href=\"https:\/\/www.anmeksan.com\/ru\/temsilcilik-basvurusu\/\"><i class=\"fas fa-file-alt\"><\/i><span class=\"w-btn-label\">\u0414\u0418\u041b\u0415\u0420\u0421\u0422\u0412\u041e<\/span><\/a><\/div><div class=\"w-sharing type_solid align_center color_default\"><div class=\"w-sharing-list\" data-content-image=\"true\"><a class=\"w-sharing-item email\" href=\"mailto:?subject=Ultrafiltrasyon Sistemleri (UF)&amp;body=https:\/\/www.anmeksan.com\/ru\/wp-json\/wp\/v2\/pages\/9661\" title=\"\u041e\u0442\u043f\u0440\u0430\u0432\u0438\u0442\u044c \u043d\u0430 \u043f\u043e\u0447\u0442\u0443\" aria-label=\"\u041e\u0442\u043f\u0440\u0430\u0432\u0438\u0442\u044c \u043d\u0430 \u043f\u043e\u0447\u0442\u0443\"><i class=\"fas fa-envelope\"><\/i><\/a><a class=\"w-sharing-item facebook\" href=\"https:\/\/www.facebook.com\/sharer\/sharer.php?u=https:\/\/www.anmeksan.com\/ru\/wp-json\/wp\/v2\/pages\/9661&amp;quote=Ultrafiltrasyon Sistemleri (UF)\" title=\"\u041f\u043e\u0434\u0435\u043b\u0438\u0442\u044c\u0441\u044f\" aria-label=\"\u041f\u043e\u0434\u0435\u043b\u0438\u0442\u044c\u0441\u044f\" onclick=\"window.open(this.href, &quot;facebook&quot;, &quot;toolbar=0,width=900,height=500&quot;); return false;\"><i class=\"fab fa-facebook\"><\/i><\/a><a class=\"w-sharing-item twitter\" href=\"https:\/\/twitter.com\/intent\/tweet?text=Ultrafiltrasyon Sistemleri (UF)&amp;url=https:\/\/www.anmeksan.com\/ru\/wp-json\/wp\/v2\/pages\/9661\" title=\"\u0422\u0432\u0438\u0442\u043d\u0443\u0442\u044c\" aria-label=\"\u0422\u0432\u0438\u0442\u043d\u0443\u0442\u044c\" onclick=\"window.open(this.href, &quot;twitter&quot;, &quot;toolbar=0,width=650,height=360&quot;); return false;\"><i class=\"fab fa-twitter\"><\/i><\/a><a class=\"w-sharing-item linkedin\" href=\"https:\/\/www.linkedin.com\/shareArticle?mini=true&amp;url=https:\/\/www.anmeksan.com\/ru\/wp-json\/wp\/v2\/pages\/9661\" title=\"\u041f\u043e\u0434\u0435\u043b\u0438\u0442\u044c\u0441\u044f\" aria-label=\"\u041f\u043e\u0434\u0435\u043b\u0438\u0442\u044c\u0441\u044f\" onclick=\"window.open(this.href, &quot;linkedin&quot;, &quot;toolbar=no,width=550,height=550&quot;); return false;\"><i class=\"fab fa-linkedin\"><\/i><\/a><a class=\"w-sharing-item whatsapp\" href=\"https:\/\/web.whatsapp.com\/send?text=Ultrafiltrasyon Sistemleri (UF) https:\/\/www.anmeksan.com\/ru\/wp-json\/wp\/v2\/pages\/9661\" title=\"\u041f\u043e\u0434\u0435\u043b\u0438\u0442\u044c\u0441\u044f\" aria-label=\"\u041f\u043e\u0434\u0435\u043b\u0438\u0442\u044c\u0441\u044f\" onclick=\"window.open(this.href, &quot;whatsapp&quot;, &quot;toolbar=0,width=900,height=500&quot;); return false;\"><i class=\"fab fa-whatsapp\"><\/i><\/a><\/div><\/div><\/div><\/div><div class=\"wpb_column vc_column_container\"><div class=\"vc_column-inner\"><h1 style=\"text-align: left;font-family:Roboto;font-weight:900;font-style:normal\" class=\"vc_custom_heading us_custom_16c70a5a\" >ULTRAF\u0130LTRASYON S\u0130STEMLER\u0130<\/h1><div class=\"w-image align_none\"><div class=\"w-image-h\"><img width=\"800\" height=\"250\" src=\"https:\/\/www.anmeksan.com\/wp-content\/uploads\/2022\/05\/ultrafiltrasyon.png\" class=\"attachment-full size-full\" alt=\"Ultrafiltrasyon Sistemleri\" decoding=\"async\" srcset=\"https:\/\/www.anmeksan.com\/wp-content\/uploads\/2022\/05\/ultrafiltrasyon.png 800w, https:\/\/www.anmeksan.com\/wp-content\/uploads\/2022\/05\/ultrafiltrasyon-300x94.png 300w, https:\/\/www.anmeksan.com\/wp-content\/uploads\/2022\/05\/ultrafiltrasyon-200x63.png 200w\" sizes=\"(max-width: 800px) 100vw, 800px\" \/><\/div><\/div><div class=\"w-separator size_custom\" style=\"height:10px\"><\/div><div class=\"wpb_text_column\"><div class=\"wpb_wrapper\"><p>Ultrafiltrasyon Sistemleri ; Temelde bir filtreleme i\u015flemidir. Ultrafiltrasyon tekni\u011fini kullanarak su ar\u0131t\u0131m\u0131nda kendi ba\u015f\u0131na veya ozmoz \u00f6ncesinde uygulanabilmektedir. Ultrafiltrasyon sistemleri mod\u00fclleri, 0,01 mikron por \u00e7ap\u0131na sahip membran yap\u0131s\u0131 ile kimyasal kullan\u0131m\u0131na gerek kalmadan bakteri, vir\u00fcs ve di\u011fer mikroorganizmalar i\u00e7in tam bir bariyer g\u00f6revi g\u00f6r\u00fcr. Yani bu por \u00e7ap\u0131ndan b\u00fcy\u00fck t\u00fcm partik\u00fclleri geri \u00e7evirerek; 0,1 NTU \u2018dan daha d\u00fc\u015f\u00fck bulan\u0131kl\u0131k de\u011feri ve organik madde giderimin de m\u00fckemmel bir filtrasyon yetene\u011fi g\u00f6sterir.<\/p>\n<p>Bilindi\u011fi gibi i\u00e7me sular\u0131nda meydana gelen mikrobiyolojik kirliliklerin giderimin de en \u00e7ok uygulanan y\u00f6ntemlerinden biri suya klor dozaj\u0131 yapmaktad\u0131r. Bu mikroorganizmalar\u0131n giderimi \u00fczerine etkisi olduk\u00e7a fazla olmakla beraber %100 de\u011fildir, baz\u0131 sporlu mikroorganizmalar gibi dezenfektanlara mukavemet edebilen organizmalar ancak Ultrafiltrasyon membranlar\u0131 ile tutulabilmektedir. Bu da demektir ki Ultrafiltrasyon sistemlerinde kulland\u0131\u011f\u0131m\u0131z membranlar\u0131n por \u00e7aplar\u0131 mikroorganizmalar\u0131n \u00e7aplar\u0131ndan k\u00fc\u00e7\u00fck oldu\u011fu i\u00e7in g\u00fcvenle sudan ar\u0131t\u0131m\u0131n\u0131 sa\u011flam\u0131\u015f oluruz.<\/p>\n<p>Bunun d\u0131\u015f\u0131nda suda bulunan organik maddeler ile klor bile\u015fiklerinin, THM\u2019 (trihalometan) ler olu\u015fturdu\u011fu ve bu THM\u2019 lerin insan b\u00fcnyesi \u00fczerine toksit etkisi geri d\u00f6n\u00fclemez rahats\u0131zl\u0131klara neden oldu\u011fu bilinmektedir. Bu anlamda ultrafiltrasyonun suya herhangi bir katk\u0131 maddesi vermemesi, art\u0131k \u00fcr\u00fcn b\u0131rakmamas\u0131, istenmeyen oksidatif maddeleri \u00fcretmemi\u015f olmas\u0131 en \u00f6nemli avantajlar\u0131d\u0131r.<\/p>\n<p>Ultrafiltrasyon Sistemleri (UF); Mod\u00fclleri, y\u00fczeysel sular\u0131n m\u00fckemmel filtrasyonunun yan\u0131nda, konvansiyonel biyolojik ve kimyasal ar\u0131tma \u00e7\u0131k\u0131\u015f sular\u0131n\u0131n ,ters ozmoz sistemlerine beslenebilmesine olanak sa\u011flamakta ve at\u0131ksu geri kazan\u0131m projelerinde \u00f6nemli yer tutmakta ve deniz suyu ozmoz sistemlerinin \u00f6n ar\u0131t\u0131m\u0131nda olduk\u00e7a fazla kullan\u0131lmaktad\u0131r.<\/p>\n<p>Ultrafiltrasyon Sistemleri (UF);\u00a0 Ayr\u0131ca Deniz suyu ar\u0131t\u0131m\u0131, g\u0131da sekt\u00f6r\u00fc ve me\u015frubat prosesleri, do\u011fal i\u00e7me suyu haz\u0131rlama fabrikalar\u0131, bakteri al\u0131m\u0131 ve suyun dolayl\u0131 dezenfeksiyonu ve bir\u00e7ok \u00f6zel proses de ba\u015far\u0131 ile kullan\u0131lmaktad\u0131r. At\u0131k sular\u0131n geri kazan\u0131mlar\u0131 i\u00e7in \u00f6zel dizaynlar ve MBR k\u00f6kenli, suyun tekrar geri kazan\u0131lmas\u0131na y\u00f6nelik prosesler de sistemlerin can damar\u0131n\u0131 olu\u015fturmaktad\u0131r. At\u0131k sular\u0131n geri kazan\u0131m\u0131 ve yeniden \u00fcretim proslerinde kullan\u0131lmas\u0131 m\u00fcmk\u00fcnd\u00fcr.<\/p>\n<\/div><\/div><div class=\"g-cols wpb_row via_grid cols_1 laptops-cols_inherit tablets-cols_inherit mobiles-cols_1 valign_top type_default stacking_default\"><div class=\"wpb_column vc_column_container\"><div class=\"vc_column-inner\"><div class=\"w-separator size_custom\" style=\"height:20px\"><\/div><h3 style=\"color: #565656;text-align: left;font-family:Roboto;font-weight:900;font-style:normal\" class=\"vc_custom_heading us_custom_16c70a5a\" >ULTRAF\u0130LTRASYON S\u0130STEMLER\u0130 \u00d6RNEK PROJELER<\/h3><div class=\"w-separator size_custom\" style=\"height:20px\"><\/div><div class=\"w-grid type_grid layout_gallery_default cols_5\" id=\"us_grid_1\" data-filterable=\"true\"><style>#us_grid_1 .w-grid-item{padding:5px}#us_grid_1 .w-grid-list{margin:-5px}.w-grid + #us_grid_1 .w-grid-list,.w-grid-none + #us_grid_1 .w-grid-list{margin-top:5px}@media (max-width:1199px){#us_grid_1 .w-grid-item{width:33.3333%}}@media (max-width:899px){#us_grid_1 .w-grid-item{width:50%}}@media (max-width:599px){#us_grid_1 .w-grid-list{margin:0}#us_grid_1 .w-grid-item{width:100%;padding:0;margin-bottom:5px}}.layout_gallery_default .w-grid-item-h{}<\/style><div class=\"w-grid-list\">\t<article class=\"w-grid-item post-9668 attachment type-attachment status-inherit hentry\" data-id=\"9668\">\n\t\t<div class=\"w-grid-item-h\">\n\t\t\t\t\t\t\t<a class=\"w-grid-item-anchor\" href=\"https:\/\/www.anmeksan.com\/wp-content\/uploads\/2022\/05\/ultrafiltrasyon03.png\" ref=\"magnificPopupGrid\" title=\"Ultrafiltrasyon Sistemleri\"><\/a>\n\t\t\t\t\t\t<div class=\"w-post-elm post_image usg_post_image_1 stretched\"><img width=\"700\" height=\"500\" src=\"https:\/\/www.anmeksan.com\/wp-content\/uploads\/2022\/05\/ultrafiltrasyon03.png\" class=\"attachment-us_600_600_crop size-us_600_600_crop\" alt=\"Ultrafiltrasyon Sistemleri\" decoding=\"async\" srcset=\"https:\/\/www.anmeksan.com\/wp-content\/uploads\/2022\/05\/ultrafiltrasyon03.png 700w, https:\/\/www.anmeksan.com\/wp-content\/uploads\/2022\/05\/ultrafiltrasyon03-300x214.png 300w, https:\/\/www.anmeksan.com\/wp-content\/uploads\/2022\/05\/ultrafiltrasyon03-200x143.png 200w, https:\/\/www.anmeksan.com\/wp-content\/uploads\/2022\/05\/ultrafiltrasyon03-140x100.png 140w\" sizes=\"(max-width: 700px) 100vw, 700px\" \/><\/div>\t\t<\/div>\n\t<\/article>\n\t<article class=\"w-grid-item post-9667 attachment type-attachment status-inherit hentry\" data-id=\"9667\">\n\t\t<div class=\"w-grid-item-h\">\n\t\t\t\t\t\t\t<a class=\"w-grid-item-anchor\" href=\"https:\/\/www.anmeksan.com\/wp-content\/uploads\/2022\/05\/ultrafiltrasyon02.png\" ref=\"magnificPopupGrid\" title=\"Ultrafiltrasyon Sistemleri\"><\/a>\n\t\t\t\t\t\t<div class=\"w-post-elm post_image usg_post_image_1 stretched\"><img width=\"700\" height=\"500\" src=\"https:\/\/www.anmeksan.com\/wp-content\/uploads\/2022\/05\/ultrafiltrasyon02.png\" class=\"attachment-us_600_600_crop size-us_600_600_crop\" alt=\"Ultrafiltrasyon Sistemleri\" decoding=\"async\" srcset=\"https:\/\/www.anmeksan.com\/wp-content\/uploads\/2022\/05\/ultrafiltrasyon02.png 700w, https:\/\/www.anmeksan.com\/wp-content\/uploads\/2022\/05\/ultrafiltrasyon02-300x214.png 300w, https:\/\/www.anmeksan.com\/wp-content\/uploads\/2022\/05\/ultrafiltrasyon02-200x143.png 200w, https:\/\/www.anmeksan.com\/wp-content\/uploads\/2022\/05\/ultrafiltrasyon02-140x100.png 140w\" sizes=\"(max-width: 700px) 100vw, 700px\" \/><\/div>\t\t<\/div>\n\t<\/article>\n\t<article class=\"w-grid-item post-9666 attachment type-attachment status-inherit hentry\" data-id=\"9666\">\n\t\t<div class=\"w-grid-item-h\">\n\t\t\t\t\t\t\t<a class=\"w-grid-item-anchor\" href=\"https:\/\/www.anmeksan.com\/wp-content\/uploads\/2022\/05\/ultrafiltrasyon01.png\" ref=\"magnificPopupGrid\" title=\"Ultrafiltrasyon Sistemleri\"><\/a>\n\t\t\t\t\t\t<div class=\"w-post-elm post_image usg_post_image_1 stretched\"><img width=\"700\" height=\"500\" src=\"https:\/\/www.anmeksan.com\/wp-content\/uploads\/2022\/05\/ultrafiltrasyon01.png\" class=\"attachment-us_600_600_crop size-us_600_600_crop\" alt=\"Ultrafiltrasyon Sistemleri\" decoding=\"async\" srcset=\"https:\/\/www.anmeksan.com\/wp-content\/uploads\/2022\/05\/ultrafiltrasyon01.png 700w, https:\/\/www.anmeksan.com\/wp-content\/uploads\/2022\/05\/ultrafiltrasyon01-300x214.png 300w, https:\/\/www.anmeksan.com\/wp-content\/uploads\/2022\/05\/ultrafiltrasyon01-200x143.png 200w, https:\/\/www.anmeksan.com\/wp-content\/uploads\/2022\/05\/ultrafiltrasyon01-140x100.png 140w\" sizes=\"(max-width: 700px) 100vw, 700px\" \/><\/div>\t\t<\/div>\n\t<\/article>\n\t<article class=\"w-grid-item post-9482 attachment type-attachment status-inherit hentry\" data-id=\"9482\">\n\t\t<div class=\"w-grid-item-h\">\n\t\t\t\t\t\t\t<a class=\"w-grid-item-anchor\" href=\"https:\/\/www.anmeksan.com\/wp-content\/uploads\/2022\/05\/mbraritma01.jpg\" ref=\"magnificPopupGrid\" title=\"MBR Ar\u0131tma Sistemleri\"><\/a>\n\t\t\t\t\t\t<div class=\"w-post-elm post_image usg_post_image_1 stretched\"><img width=\"700\" height=\"500\" src=\"https:\/\/www.anmeksan.com\/wp-content\/uploads\/2022\/05\/mbraritma01.jpg\" class=\"attachment-us_600_600_crop size-us_600_600_crop\" alt=\"MBR Ar\u0131tma Sistemleri\" decoding=\"async\" srcset=\"https:\/\/www.anmeksan.com\/wp-content\/uploads\/2022\/05\/mbraritma01.jpg 700w, https:\/\/www.anmeksan.com\/wp-content\/uploads\/2022\/05\/mbraritma01-300x214.jpg 300w, https:\/\/www.anmeksan.com\/wp-content\/uploads\/2022\/05\/mbraritma01-200x143.jpg 200w, https:\/\/www.anmeksan.com\/wp-content\/uploads\/2022\/05\/mbraritma01-140x100.jpg 140w\" sizes=\"(max-width: 700px) 100vw, 700px\" \/><\/div>\t\t<\/div>\n\t<\/article>\n<\/div><div class=\"w-grid-preloader\"><div class=\"g-preloader type_1\">\n\t<div><\/div>\n<\/div>\n<\/div>\t<div class=\"w-grid-json hidden\" onclick='return {&quot;action&quot;:&quot;us_ajax_grid&quot;,&quot;ajax_url&quot;:&quot;https:\\\/\\\/www.anmeksan.com\\\/wp-admin\\\/admin-ajax.php&quot;,&quot;infinite_scroll&quot;:0,&quot;max_num_pages&quot;:1,&quot;pagination&quot;:&quot;none&quot;,&quot;permalink_url&quot;:&quot;https:\\\/\\\/www.anmeksan.com\\\/ru\\\/wp-json\\\/wp\\\/v2\\\/pages\\\/9661&quot;,&quot;template_vars&quot;:{&quot;columns&quot;:&quot;5&quot;,&quot;exclude_items&quot;:&quot;none&quot;,&quot;img_size&quot;:&quot;default&quot;,&quot;ignore_items_size&quot;:false,&quot;items_layout&quot;:&quot;gallery_default&quot;,&quot;items_offset&quot;:&quot;1&quot;,&quot;load_animation&quot;:&quot;none&quot;,&quot;overriding_link&quot;:&quot;popup_post_image&quot;,&quot;post_id&quot;:9661,&quot;query_args&quot;:{&quot;post_type&quot;:[&quot;attachment&quot;],&quot;post__in&quot;:[&quot;9666&quot;,&quot;9667&quot;,&quot;9668&quot;,&quot;9482&quot;],&quot;post_status&quot;:&quot;inherit&quot;,&quot;post_mime_type&quot;:&quot;image&quot;,&quot;posts_per_page&quot;:&quot;10&quot;},&quot;orderby_query_args&quot;:{&quot;orderby&quot;:{&quot;date&quot;:&quot;DESC&quot;}},&quot;type&quot;:&quot;grid&quot;,&quot;us_grid_ajax_index&quot;:1,&quot;us_grid_filter_params&quot;:null,&quot;us_grid_index&quot;:1,&quot;_us_grid_post_type&quot;:&quot;attachment&quot;}}'><\/div>\n\t<\/div><\/div><\/div><\/div><\/div><\/div><\/div><\/div><\/section>","protected":false},"excerpt":{"rendered":"MBR Ar\u0131tma Sistemleri","protected":false},"author":1,"featured_media":0,"parent":0,"menu_order":0,"comment_status":"closed","ping_status":"closed","template":"","meta":{"inline_featured_image":false},"acf":[],"yoast_head":"<!-- This site is optimized with the Yoast SEO Premium plugin v18.7 (Yoast SEO v19.4) - https:\/\/yoast.com\/wordpress\/plugins\/seo\/ -->\n<title>Ultrafiltrasyon Sistemleri (UF) - Anmeksan Ar\u0131tma A.\u015e<\/title>\n<meta name=\"description\" content=\"Ultrafiltrasyon Sistemleri, At\u0131ksu geri kazan\u0131m sistemleri, tekstil at\u0131ksu ar\u0131tma, mezbaha at\u0131ksu ar\u0131tma, tkdk ar\u0131tma projeleri,\" \/>\n<meta name=\"robots\" content=\"index, follow, max-snippet:-1, max-image-preview:large, max-video-preview:-1\" \/>\n<link rel=\"canonical\" href=\"https:\/\/www.anmeksan.com\/ru\/ultrafiltrasyon-sistemleri\/\" \/>\n<meta property=\"og:locale\" content=\"ru_RU\" \/>\n<meta property=\"og:type\" content=\"article\" \/>\n<meta property=\"og:title\" content=\"Ultrafiltrasyon Sistemleri (UF)\" \/>\n<meta property=\"og:description\" content=\"Ultrafiltrasyon Sistemleri, At\u0131ksu geri kazan\u0131m sistemleri, tekstil at\u0131ksu ar\u0131tma, mezbaha at\u0131ksu ar\u0131tma, tkdk ar\u0131tma projeleri,\" \/>\n<meta property=\"og:url\" content=\"https:\/\/www.anmeksan.com\/ru\/ultrafiltrasyon-sistemleri\/\" \/>\n<meta property=\"og:site_name\" content=\"Anmeksan Ar\u0131tma A.\u015e\" \/>\n<meta property=\"article:publisher\" content=\"https:\/\/www.facebook.com\/anmeksan.aritmaas\" \/>\n<meta property=\"article:modified_time\" content=\"2022-07-20T09:18:44+00:00\" \/>\n<meta name=\"twitter:card\" content=\"summary_large_image\" \/>\n<meta name=\"twitter:site\" content=\"@anmeksan\" \/>\n<meta name=\"twitter:label1\" content=\"\u041f\u0440\u0438\u043c\u0435\u0440\u043d\u043e\u0435 \u0432\u0440\u0435\u043c\u044f \u0434\u043b\u044f \u0447\u0442\u0435\u043d\u0438\u044f\" \/>\n\t<meta name=\"twitter:data1\" content=\"3 \u043c\u0438\u043d\u0443\u0442\u044b\" \/>\n<!-- \/ Yoast SEO Premium plugin. -->","yoast_head_json":{"title":"Ultrafiltrasyon Sistemleri (UF) - Anmeksan Ar\u0131tma A.\u015e","description":"Ultrafiltrasyon Sistemleri, At\u0131ksu geri kazan\u0131m sistemleri, tekstil at\u0131ksu ar\u0131tma, mezbaha at\u0131ksu ar\u0131tma, tkdk ar\u0131tma projeleri,","robots":{"index":"index","follow":"follow","max-snippet":"max-snippet:-1","max-image-preview":"max-image-preview:large","max-video-preview":"max-video-preview:-1"},"canonical":"https:\/\/www.anmeksan.com\/ru\/ultrafiltrasyon-sistemleri\/","og_locale":"ru_RU","og_type":"article","og_title":"Ultrafiltrasyon Sistemleri (UF)","og_description":"Ultrafiltrasyon Sistemleri, At\u0131ksu geri kazan\u0131m sistemleri, tekstil at\u0131ksu ar\u0131tma, mezbaha at\u0131ksu ar\u0131tma, tkdk ar\u0131tma projeleri,","og_url":"https:\/\/www.anmeksan.com\/ru\/ultrafiltrasyon-sistemleri\/","og_site_name":"Anmeksan Ar\u0131tma A.\u015e","article_publisher":"https:\/\/www.facebook.com\/anmeksan.aritmaas","article_modified_time":"2022-07-20T09:18:44+00:00","twitter_card":"summary_large_image","twitter_site":"@anmeksan","twitter_misc":{"\u041f\u0440\u0438\u043c\u0435\u0440\u043d\u043e\u0435 \u0432\u0440\u0435\u043c\u044f \u0434\u043b\u044f \u0447\u0442\u0435\u043d\u0438\u044f":"3 \u043c\u0438\u043d\u0443\u0442\u044b"},"schema":{"@context":"https:\/\/schema.org","@graph":[{"@type":"Organization","@id":"https:\/\/www.anmeksan.com\/#organization","name":"Anmeksan Ar\u0131tma A.\u015e","url":"https:\/\/www.anmeksan.com\/","sameAs":["https:\/\/www.facebook.com\/anmeksan.aritmaas","https:\/\/twitter.com\/anmeksan"],"logo":{"@type":"ImageObject","inLanguage":"ru-RU","@id":"https:\/\/www.anmeksan.com\/#\/schema\/logo\/image\/","url":"https:\/\/www.anmeksan.com\/wp-content\/uploads\/2022\/04\/logo.svg","contentUrl":"https:\/\/www.anmeksan.com\/wp-content\/uploads\/2022\/04\/logo.svg","width":"1024","height":"1024","caption":"Anmeksan Ar\u0131tma A.\u015e"},"image":{"@id":"https:\/\/www.anmeksan.com\/#\/schema\/logo\/image\/"}},{"@type":"WebSite","@id":"https:\/\/www.anmeksan.com\/#website","url":"https:\/\/www.anmeksan.com\/","name":"Anmeksan Ar\u0131tma A.\u015e","description":"Paket Ar\u0131tma Sistemleri, MBR ve MBBR Ar\u0131tma","publisher":{"@id":"https:\/\/www.anmeksan.com\/#organization"},"potentialAction":[{"@type":"SearchAction","target":{"@type":"EntryPoint","urlTemplate":"https:\/\/www.anmeksan.com\/?s={search_term_string}"},"query-input":"required name=search_term_string"}],"inLanguage":"ru-RU"},{"@type":"WebPage","@id":"https:\/\/www.anmeksan.com\/ultrafiltrasyon-sistemleri\/","url":"https:\/\/www.anmeksan.com\/ultrafiltrasyon-sistemleri\/","name":"Ultrafiltrasyon Sistemleri (UF) - Anmeksan Ar\u0131tma A.\u015e","isPartOf":{"@id":"https:\/\/www.anmeksan.com\/#website"},"datePublished":"2022-05-07T16:34:56+00:00","dateModified":"2022-07-20T09:18:44+00:00","description":"Ultrafiltrasyon Sistemleri, At\u0131ksu geri kazan\u0131m sistemleri, tekstil at\u0131ksu ar\u0131tma, mezbaha at\u0131ksu ar\u0131tma, tkdk ar\u0131tma projeleri,","breadcrumb":{"@id":"https:\/\/www.anmeksan.com\/ultrafiltrasyon-sistemleri\/#breadcrumb"},"inLanguage":"ru-RU","potentialAction":[{"@type":"ReadAction","target":["https:\/\/www.anmeksan.com\/ultrafiltrasyon-sistemleri\/"]}]},{"@type":"BreadcrumbList","@id":"https:\/\/www.anmeksan.com\/ultrafiltrasyon-sistemleri\/#breadcrumb","itemListElement":[{"@type":"ListItem","position":1,"name":"Ana Sayfa","item":"https:\/\/www.anmeksan.com\/"},{"@type":"ListItem","position":2,"name":"Ultrafiltrasyon Sistemleri (UF)"}]}]}},"_links":{"self":[{"href":"https:\/\/www.anmeksan.com\/ru\/wp-json\/wp\/v2\/pages\/9661"}],"collection":[{"href":"https:\/\/www.anmeksan.com\/ru\/wp-json\/wp\/v2\/pages"}],"about":[{"href":"https:\/\/www.anmeksan.com\/ru\/wp-json\/wp\/v2\/types\/page"}],"author":[{"embeddable":true,"href":"https:\/\/www.anmeksan.com\/ru\/wp-json\/wp\/v2\/users\/1"}],"replies":[{"embeddable":true,"href":"https:\/\/www.anmeksan.com\/ru\/wp-json\/wp\/v2\/comments?post=9661"}],"version-history":[{"count":0,"href":"https:\/\/www.anmeksan.com\/ru\/wp-json\/wp\/v2\/pages\/9661\/revisions"}],"wp:attachment":[{"href":"https:\/\/www.anmeksan.com\/ru\/wp-json\/wp\/v2\/media?parent=9661"}],"curies":[{"name":"wp","href":"https:\/\/api.w.org\/{rel}","templated":true}]}}