{"id":10236,"date":"2022-05-15T14:00:59","date_gmt":"2022-05-15T14:00:59","guid":{"rendered":"https:\/\/www.anmeksan.com\/?page_id=10236"},"modified":"2022-05-15T16:14:03","modified_gmt":"2022-05-15T16:14:03","slug":"kvkk-aydinlatma-metni","status":"publish","type":"page","link":"https:\/\/www.anmeksan.com\/uk\/kvkk-aydinlatma-metni\/","title":{"rendered":"KVK Ayd\u0131nlatma Metni"},"content":{"rendered":"<section class=\"l-section wpb_row height_large with_img\"><div class=\"l-section-img\" style=\"background-image: url(https:\/\/www.anmeksan.com\/wp-content\/uploads\/2022\/05\/projeler-anmeksan.jpg);\" data-img-width=\"1920\" data-img-height=\"600\"><\/div><div class=\"l-section-overlay\" style=\"background:rgba(25,205,212,0.25)\"><\/div><div class=\"l-section-h i-cf\"><div class=\"g-cols vc_row via_grid cols_1 laptops-cols_inherit tablets-cols_inherit mobiles-cols_1 valign_top type_default stacking_default\"><div class=\"wpb_column vc_column_container\"><div class=\"vc_column-inner\"><div class=\"wpb_text_column us_custom_d7166887 has_text_color\"><div class=\"wpb_wrapper\"><h1 style=\"text-align: left;\">KVKK AYDINLATMA METN\u0130<\/h1>\n<\/div><\/div><\/div><\/div><\/div><\/div><\/section><section class=\"l-section wpb_row height_small\"><div class=\"l-section-h i-cf\"><div class=\"g-cols vc_row via_grid cols_1 laptops-cols_inherit tablets-cols_inherit mobiles-cols_1 valign_top type_default stacking_default\"><div class=\"wpb_column vc_column_container\"><div class=\"vc_column-inner\"><div class=\"wpb_text_column\"><div class=\"wpb_wrapper\"><p><strong>ANMEKSAN \u0130N\u015eAAT MAK\u0130NA SANAY\u0130 VE T\u0130CARET ANON\u0130M \u015e\u0130RKET\u0130<\/strong> 6698 SAYILI K\u0130\u015e\u0130SEL VER\u0130LER\u0130N KORUNMASI KANUNU KAPSAMINDA AYDINLATMA METN\u0130<\/p>\n<p>Anmeksan \u0130n\u015faat Makina Sanayi ve Ticaret A.\u015e (\u201cAnmeksan A.\u015e\u201d), 6698 Say\u0131l\u0131 Ki\u015fisel Verilerin Korunmas\u0131 Kanunu (\u201cKanun\u201d) uyar\u0131nca, ki\u015fisel verilerinizin toplanma y\u00f6ntemleri, i\u015flenmesi, kullan\u0131lmas\u0131, aktar\u0131lmas\u0131, imha edilmesi ve haklar\u0131n\u0131z konular\u0131nda sizleri i\u015fbu Ayd\u0131nlatma Metni ile bilgilendirmektedir.<\/p>\n<p>Veri Sahibi, i\u015fbu metin ile ki\u015fisel verilerinin i\u015flenmesine ili\u015fkin olarak ayd\u0131nlat\u0131lm\u0131\u015f oldu\u011funu ve ki\u015fisel verilerinin burada belirtilen \u015fekilde kullan\u0131m\u0131na muvafakat etti\u011fini beyan eder.<\/p>\n<p><strong>VER\u0130 SORUMLUSU<\/strong><\/p>\n<p>6698 Say\u0131l\u0131 Ki\u015fisel Verilerin Korunmas\u0131 Kanunu uyar\u0131nca <strong>Anmeksan A.\u015e;<\/strong> ki\u015fisel verilerin i\u015flenmesi a\u015famas\u0131nda ve a\u015fa\u011f\u0131da a\u00e7\u0131klanacak olan hususlar do\u011frultusunda Veri Sorumlusudur.<\/p>\n<p><strong>KAPSAM VE HUKUK\u0130 SEBEPLER<\/strong><\/p>\n<p>Ki\u015fisel veriler; veri sahibinin a\u00e7\u0131k r\u0131zas\u0131na istinaden veya Kanunlarda a\u00e7\u0131k\u00e7a \u00f6ng\u00f6r\u00fclmesi, s\u00f6zle\u015fmenin kurulmas\u0131 veya ifas\u0131 i\u00e7in gerekli olmas\u0131, hukuki y\u00fck\u00fcml\u00fcl\u00fc\u011f\u00fcn yerine getirilebilmesi i\u00e7in zorunlu olmas\u0131 veyahut me\u015fru menfaatin gerektirmesi sebebiyle i\u015fbu Ayd\u0131nlatma Metni ile belirtilen ama\u00e7lar ve kapsam d\u0131\u015f\u0131nda kullan\u0131lmamak kayd\u0131yla gerekli t\u00fcm bilgi g\u00fcvenli\u011fi tedbirleri de al\u0131narak i\u015flenebilecek; yasal saklama s\u00fcresince veya i\u015fleme amac\u0131n\u0131n gerekli k\u0131ld\u0131\u011f\u0131 s\u00fcre boyunca saklanacak ve i\u015fleme amac\u0131n\u0131n gerekli k\u0131ld\u0131\u011f\u0131 s\u00fcrenin sonunda anonimle\u015ftirilerek \u015firketimiz taraf\u0131ndan kullan\u0131lmaya devam edilecek yahut Kanun ve ilgili mevzuata uygun olarak \u015firket prosed\u00fcrleri gere\u011fi imha edilecektir.<\/p>\n<p>Veri sorumlusu taraf\u0131ndan Kanun gere\u011fince ki\u015fisel verilerin hukuka ve d\u00fcr\u00fcstl\u00fck kural\u0131na uygun olarak do\u011fru ve gerekti\u011finde g\u00fcncel olarak, belirli, a\u00e7\u0131k ve me\u015fru ama\u00e7lar do\u011frultusunda, i\u015flendikleri ama\u00e7la ba\u011flant\u0131l\u0131, s\u0131n\u0131rl\u0131 ve \u00f6l\u00e7\u00fcl\u00fc olarak, ilgili mevzuatta \u00f6ng\u00f6r\u00fclen s\u00fcre kadar veya i\u015flendikleri ama\u00e7 i\u00e7in gerekli olan s\u00fcre kadar i\u015flenmesine \u00f6zellikle dikkat edilmektedir ve bu ama\u00e7la gerekli denetimler yap\u0131lmaktad\u0131r. Ayr\u0131ca veri sorumlusu olarak, ki\u015fisel verilerinizin g\u00fcvenli\u011fi konusunda azami hassasiyet g\u00f6stermekte ve ki\u015fisel verilerinizin korunmas\u0131 amac\u0131yla gerekli teknik, idari ve hukuki b\u00fct\u00fcn tedbirleri almaktay\u0131z.<\/p>\n<p><strong>K\u0130\u015e\u0130SEL VER\u0130LER\u0130N \u0130\u015eLENMES\u0130NDEK\u0130 AMA\u00c7LAR<\/strong><\/p>\n<p>Ki\u015fisel verileriniz, s\u00f6zl\u00fc, yaz\u0131l\u0131 ya da elektronik ortamda, Kanun\u2019un izin verdi\u011fi \u00e7er\u00e7evede;<\/p>\n<p>Ticari kararlar\u0131n verilmesi, uygulanmas\u0131 ve ger\u00e7ekle\u015ftirilmesi konusunda gerekli ad\u0131mlar\u0131n at\u0131lmas\u0131,<br \/>\nTesisimizin ve personel g\u00fcvenli\u011finin sa\u011flanmas\u0131,<br \/>\nS\u00f6zle\u015fme y\u00f6netimi, hukuki i\u015flemlerin tesisi ve hukuki s\u00fcre\u00e7lerin takibi,<br \/>\n\u015eirketimiz ticari s\u0131rlar\u0131n\u0131n korunmas\u0131 ve bilgi g\u00fcvenli\u011finin sa\u011flanabilmesi amac\u0131yla bilgi g\u00fcvenli\u011fi s\u00fcre\u00e7lerinin planlanmas\u0131, bunlar\u0131n denetimi ve icras\u0131,<br \/>\nFinans ve\/veya muhasebe i\u015flerinin takibi,<br \/>\n\u0130nsan Kaynaklar\u0131 faaliyetlerimizin mevzuata uygun y\u00fcr\u00fct\u00fclebilmesi,<br \/>\nG\u0131da \u00fcretimi ve ara\u015ft\u0131rmas\u0131 teknolojileri altyap\u0131s\u0131n\u0131n olu\u015fturulmas\u0131 ve y\u00f6netilmesi,<br \/>\nTicari faaliyetlerimizin verimlilik ve\/veya yerindelik analizlerinin ger\u00e7ekle\u015ftirilmesi, bu faaliyetlerin planlanmas\u0131 ve\/veya icras\u0131,<br \/>\nTicari ve i\u015f stratejilerinin belirlenmesi ve uygulanmas\u0131,<br \/>\nFikri ve S\u0131nai M\u00fclkiyet haklar\u0131n\u0131n tesisi ve korunmas\u0131,<br \/>\nPersonel verimlili\u011fini art\u0131rmak ve memnuniyetini \u00f6l\u00e7\u00fclmesi\/s\u00fcrd\u00fcr\u00fclmesi,<br \/>\nS\u00f6zle\u015fmelerden ve mevzuattan do\u011fan y\u00fck\u00fcml\u00fcl\u00fcklerini tam ve gere\u011fi gibi ifa edebilmesi,<br \/>\nTaraf\u0131m\u0131za iletece\u011finiz \u00f6neri, istek ve \u015fikayet bildirimlerinin de\u011ferlendirilebilmesi, cevapland\u0131r\u0131labilmesi ve bildirimler uyar\u0131nca iyile\u015ftirme \u00e7al\u0131\u015fmalar\u0131n\u0131n yap\u0131labilmesi<br \/>\nama\u00e7lar\u0131 ile i\u015flenecektir.<\/p>\n<p><strong>K\u0130\u015e\u0130SEL VER\u0130LER\u0130N \u00dc\u00c7\u00dcNC\u00dc \u015eAHISLARLA PAYLA\u015eIMI<\/strong><\/p>\n<p>\u015eirketimiz, ki\u015fisel verilerinizi sadece; ki\u015filerin a\u00e7\u0131k r\u0131zas\u0131na istinaden veya tabi oldu\u011fumuz mevzuat ba\u015fta olmak \u00fczere Kanunlarda a\u00e7\u0131k\u00e7a \u00f6ng\u00f6r\u00fclmesi, s\u00f6zle\u015fmenin kurulmas\u0131 veya ifas\u0131 i\u00e7in gerekli olmas\u0131, hukuki y\u00fck\u00fcml\u00fcl\u00fc\u011f\u00fcn yerine getirilebilmesi i\u00e7in zorunlu olmas\u0131 veyahut me\u015fru menfaatin gerektirmesi sebebiyle, Kanun\u2019da belirtilen g\u00fcvenlik ve gizlilik esaslar\u0131 \u00e7er\u00e7evesinde yeterli tedbirler al\u0131nmak kayd\u0131yla ve \u015eirket faaliyetlerinin y\u00fcr\u00fct\u00fclmesi amac\u0131yla do\u011frudan\/dolayl\u0131 yurti\u00e7i\/yurtd\u0131\u015f\u0131 i\u015ftiraklerimiz, faaliyetlerimiz gere\u011fi anla\u015fmal\u0131 oldu\u011fumuz t\u00fczel ve ger\u00e7ek ki\u015filer, tedarik\u00e7iler, alt y\u00fckleniciler, i\u015f ortaklar\u0131m\u0131z, hissedarlar\u0131m\u0131z, hukuk, mali ve vergi dan\u0131\u015fmanlar\u0131, denet\u00e7ileri, denetim \u015firketleri veya yasal bir zorunluluk gere\u011fi bu verileri talep etmeye yetkili olan kamu kurum veya kurulu\u015flar\u0131 ile Kanun\u2019un 8. ve 9. maddelerinde belirtilen ki\u015fisel veri i\u015fleme \u015fartlar\u0131 ve ama\u00e7lar\u0131 \u00e7er\u00e7evesinde ilgili di\u011fer ki\u015fi veya kurumlara aktar\u0131labilecektir.<\/p>\n<p><strong>VER\u0130 SAH\u0130B\u0130 ORTAK HAKLARINIZ<\/strong><\/p>\n<p>Kanun\u2019un 28. maddesinde d\u00fczenlenen istisnalar sakl\u0131 kalmak kayd\u0131yla, Kanun\u2019un 11. maddesi \u00e7er\u00e7evesinde ki\u015fisel veri sahipleri olarak;<\/p>\n<p>Ki\u015fisel verilerinizin i\u015flenip i\u015flenmedi\u011fini \u00f6\u011frenme,<br \/>\nKi\u015fisel verileriniz i\u015flenmi\u015fse buna ili\u015fkin bilgi talep etme,<br \/>\nKi\u015fisel verilerinizin i\u015flenme amac\u0131n\u0131 ve amac\u0131na uygun kullan\u0131l\u0131p kullan\u0131lmad\u0131\u011f\u0131n\u0131 \u00f6\u011frenme,<br \/>\nKi\u015fisel verilerinizin yurt i\u00e7inde veya yurt d\u0131\u015f\u0131nda aktar\u0131ld\u0131\u011f\u0131 \u00fc\u00e7\u00fcnc\u00fc ki\u015fileri bilme,<br \/>\nKi\u015fisel verileriniz eksik veya yanl\u0131\u015f i\u015flenmi\u015f ise d\u00fczeltilmesini isteme,<br \/>\nKanun\u2019un 7. maddesinde \u00f6ng\u00f6r\u00fclen \u015fartlar \u00e7er\u00e7evesinde ki\u015fisel verilerinizin silinmesini veya yok edilmesini isteme,<br \/>\nKi\u015fisel verilerinizin aktar\u0131ld\u0131\u011f\u0131 \u00fc\u00e7\u00fcnc\u00fc ki\u015filere yukar\u0131da say\u0131lan (e) ve (f) bentleri uyar\u0131nca yap\u0131lan i\u015flemlerin bildirilmesini isteme,<br \/>\nKi\u015fisel verilerinin m\u00fcnhas\u0131ran otomatik sistemler ile analiz edilmesi nedeniyle aleyhinize bir sonucun ortaya \u00e7\u0131kmas\u0131na itiraz etme,<br \/>\nKi\u015fisel verilerinin kanuna ayk\u0131r\u0131 olarak i\u015flenmesi sebebiyle zarara u\u011framan\u0131z h\u00e2linde zarar\u0131n giderilmesini talep etme<br \/>\nhaklar\u0131na sahipsiniz.<\/p>\n<p>Veri sorumlusu ile payla\u015ft\u0131\u011f\u0131n\u0131z bilgilerin\/verilerin do\u011fru olmas\u0131 ve \u015firketimize do\u011fru olarak aktar\u0131lm\u0131\u015f olmas\u0131 \u00f6nemli olup bu durum, haklar\u0131n\u0131z\u0131 kullanabilmeniz a\u00e7\u0131s\u0131ndan \u00f6nem arz etmektedir. Ki\u015fisel verilerinizde bir de\u011fi\u015fiklik olmas\u0131 halinde \u015firketimize bildirimde bulunman\u0131z gerekmektedir. Yanl\u0131\u015f ya da hatal\u0131 bilgi verilmesinden do\u011facak sorumluluk bilgiyi\/veriyi veri sorumlusuna ileten tarafa aittir.<\/p>\n<p>Bu kapsamda yapaca\u011f\u0131n\u0131z talepler Kanun kapsam\u0131nda yaz\u0131l\u0131 olarak veya kay\u0131tl\u0131 elektronik posta adresi, g\u00fcvenli elektronik imza, mobil imza ya da taraf\u0131n\u0131zca veri sorumlusuna daha \u00f6nce bildirilen ve sistemlerimizde kay\u0131tl\u0131 bulunan elektronik posta adresi kullan\u0131lmak suretiyle iletilebilecektir. Bunun i\u00e7in, ad-soyad, imza, T.C. kimlik numaras\u0131, yerle\u015fim yeri veya i\u015fyeri adresi, varsa elektronik posta adresi, telefon veya faks numaras\u0131 ile birlikte, kullanmak istedi\u011finiz hakk\u0131n\u0131za y\u00f6nelik a\u00e7\u0131klamalar\u0131n\u0131z\u0131 i\u00e7eren bilgilerel \u015firketimizin merkez adresi olan <strong>\u201c\u0130vedik Organize Sanayi B\u00f6lgesi 1514 Cad. No: 22 Yenimahalle \/ Ankara \/ T\u00fcrkiye\u201d<\/strong>, adresine ba\u015fvurunuzu noter kanal\u0131yla ba\u015fvuru, <a href=\"mailto:info@anmeksan.com\">info@anmeksan.com<\/a> uzant\u0131l\u0131 e posta adresi ve <strong>+90 312 394 44 55<\/strong> no\u2019lu telefon hatt\u0131ndan da t\u00fczel ki\u015fili\u011fimize ula\u015fma imk\u00e2n\u0131n\u0131z bulunmaktad\u0131r.<\/p>\n<p>\u015eirketimizin; Kanunda meydana gelebilecek de\u011fi\u015fiklikler ve Ki\u015fisel Verileri Koruma Kurulu taraf\u0131ndan belirlenebilecek yeni y\u00f6ntem veya y\u00f6netmelikler sebebiyle, bu ayd\u0131nlatma bildiriminde de\u011fi\u015fiklik yapma hakk\u0131 sakl\u0131d\u0131r.<\/p>\n<\/div><\/div><\/div><\/div><\/div><\/div><\/section>","protected":false},"excerpt":{"rendered":"KVKK AYDINLATMA METN\u0130 ANMEKSAN \u0130N\u015eAAT MAK\u0130NA SANAY\u0130 VE T\u0130CARET ANON\u0130M \u015e\u0130RKET\u0130 6698 SAYILI K\u0130\u015e\u0130SEL VER\u0130LER\u0130N KORUNMASI KANUNU KAPSAMINDA AYDINLATMA METN\u0130 Anmeksan \u0130n\u015faat Makina Sanayi ve Ticaret A.\u015e (\u201cAnmeksan A.\u015e\u201d), 6698 Say\u0131l\u0131 Ki\u015fisel Verilerin Korunmas\u0131 Kanunu (\u201cKanun\u201d) uyar\u0131nca, ki\u015fisel verilerinizin toplanma y\u00f6ntemleri, i\u015flenmesi, kullan\u0131lmas\u0131, aktar\u0131lmas\u0131, imha edilmesi ve haklar\u0131n\u0131z konular\u0131nda sizleri i\u015fbu Ayd\u0131nlatma Metni ile bilgilendirmektedir....","protected":false},"author":1,"featured_media":0,"parent":0,"menu_order":0,"comment_status":"closed","ping_status":"closed","template":"","meta":{"inline_featured_image":false},"acf":[],"yoast_head":"<!-- This site is optimized with the Yoast SEO Premium plugin v18.7 (Yoast SEO v19.4) - https:\/\/yoast.com\/wordpress\/plugins\/seo\/ -->\n<title>KVK Ayd\u0131nlatma Metni - Anmeksan Ar\u0131tma A.\u015e<\/title>\n<meta name=\"robots\" content=\"index, follow, max-snippet:-1, max-image-preview:large, max-video-preview:-1\" \/>\n<link rel=\"canonical\" href=\"https:\/\/www.anmeksan.com\/uk\/kvkk-aydinlatma-metni\/\" \/>\n<meta property=\"og:locale\" content=\"uk_UA\" \/>\n<meta property=\"og:type\" content=\"article\" \/>\n<meta property=\"og:title\" content=\"KVK Ayd\u0131nlatma Metni\" \/>\n<meta property=\"og:url\" content=\"https:\/\/www.anmeksan.com\/uk\/kvkk-aydinlatma-metni\/\" \/>\n<meta property=\"og:site_name\" content=\"Anmeksan Ar\u0131tma A.\u015e\" \/>\n<meta property=\"article:publisher\" content=\"https:\/\/www.facebook.com\/anmeksan.aritmaas\" \/>\n<meta property=\"article:modified_time\" content=\"2022-05-15T16:14:03+00:00\" \/>\n<meta name=\"twitter:card\" content=\"summary_large_image\" \/>\n<meta name=\"twitter:site\" content=\"@anmeksan\" \/>\n<meta name=\"twitter:label1\" content=\"\u041f\u0440\u0438\u0431\u043b. \u0447\u0430\u0441 \u0447\u0438\u0442\u0430\u043d\u043d\u044f\" \/>\n\t<meta name=\"twitter:data1\" content=\"6 \u0445\u0432\u0438\u043b\u0438\u043d\" \/>\n<!-- \/ Yoast SEO Premium plugin. -->","yoast_head_json":{"title":"KVK Ayd\u0131nlatma Metni - Anmeksan Ar\u0131tma A.\u015e","robots":{"index":"index","follow":"follow","max-snippet":"max-snippet:-1","max-image-preview":"max-image-preview:large","max-video-preview":"max-video-preview:-1"},"canonical":"https:\/\/www.anmeksan.com\/uk\/kvkk-aydinlatma-metni\/","og_locale":"uk_UA","og_type":"article","og_title":"KVK Ayd\u0131nlatma Metni","og_url":"https:\/\/www.anmeksan.com\/uk\/kvkk-aydinlatma-metni\/","og_site_name":"Anmeksan Ar\u0131tma A.\u015e","article_publisher":"https:\/\/www.facebook.com\/anmeksan.aritmaas","article_modified_time":"2022-05-15T16:14:03+00:00","twitter_card":"summary_large_image","twitter_site":"@anmeksan","twitter_misc":{"\u041f\u0440\u0438\u0431\u043b. \u0447\u0430\u0441 \u0447\u0438\u0442\u0430\u043d\u043d\u044f":"6 \u0445\u0432\u0438\u043b\u0438\u043d"},"schema":{"@context":"https:\/\/schema.org","@graph":[{"@type":"Organization","@id":"https:\/\/www.anmeksan.com\/#organization","name":"Anmeksan Ar\u0131tma A.\u015e","url":"https:\/\/www.anmeksan.com\/","sameAs":["https:\/\/www.facebook.com\/anmeksan.aritmaas","https:\/\/twitter.com\/anmeksan"],"logo":{"@type":"ImageObject","inLanguage":"uk","@id":"https:\/\/www.anmeksan.com\/#\/schema\/logo\/image\/","url":"https:\/\/www.anmeksan.com\/wp-content\/uploads\/2022\/04\/logo.svg","contentUrl":"https:\/\/www.anmeksan.com\/wp-content\/uploads\/2022\/04\/logo.svg","width":"1024","height":"1024","caption":"Anmeksan Ar\u0131tma A.\u015e"},"image":{"@id":"https:\/\/www.anmeksan.com\/#\/schema\/logo\/image\/"}},{"@type":"WebSite","@id":"https:\/\/www.anmeksan.com\/#website","url":"https:\/\/www.anmeksan.com\/","name":"Anmeksan Ar\u0131tma A.\u015e","description":"Paket Ar\u0131tma Sistemleri, MBR ve MBBR Ar\u0131tma","publisher":{"@id":"https:\/\/www.anmeksan.com\/#organization"},"potentialAction":[{"@type":"SearchAction","target":{"@type":"EntryPoint","urlTemplate":"https:\/\/www.anmeksan.com\/?s={search_term_string}"},"query-input":"required name=search_term_string"}],"inLanguage":"uk"},{"@type":"WebPage","@id":"https:\/\/www.anmeksan.com\/kvkk-aydinlatma-metni\/","url":"https:\/\/www.anmeksan.com\/kvkk-aydinlatma-metni\/","name":"KVK Ayd\u0131nlatma Metni - Anmeksan Ar\u0131tma A.\u015e","isPartOf":{"@id":"https:\/\/www.anmeksan.com\/#website"},"datePublished":"2022-05-15T14:00:59+00:00","dateModified":"2022-05-15T16:14:03+00:00","breadcrumb":{"@id":"https:\/\/www.anmeksan.com\/kvkk-aydinlatma-metni\/#breadcrumb"},"inLanguage":"uk","potentialAction":[{"@type":"ReadAction","target":["https:\/\/www.anmeksan.com\/kvkk-aydinlatma-metni\/"]}]},{"@type":"BreadcrumbList","@id":"https:\/\/www.anmeksan.com\/kvkk-aydinlatma-metni\/#breadcrumb","itemListElement":[{"@type":"ListItem","position":1,"name":"Ana Sayfa","item":"https:\/\/www.anmeksan.com\/"},{"@type":"ListItem","position":2,"name":"KVK Ayd\u0131nlatma Metni"}]}]}},"_links":{"self":[{"href":"https:\/\/www.anmeksan.com\/uk\/wp-json\/wp\/v2\/pages\/10236"}],"collection":[{"href":"https:\/\/www.anmeksan.com\/uk\/wp-json\/wp\/v2\/pages"}],"about":[{"href":"https:\/\/www.anmeksan.com\/uk\/wp-json\/wp\/v2\/types\/page"}],"author":[{"embeddable":true,"href":"https:\/\/www.anmeksan.com\/uk\/wp-json\/wp\/v2\/users\/1"}],"replies":[{"embeddable":true,"href":"https:\/\/www.anmeksan.com\/uk\/wp-json\/wp\/v2\/comments?post=10236"}],"version-history":[{"count":0,"href":"https:\/\/www.anmeksan.com\/uk\/wp-json\/wp\/v2\/pages\/10236\/revisions"}],"wp:attachment":[{"href":"https:\/\/www.anmeksan.com\/uk\/wp-json\/wp\/v2\/media?parent=10236"}],"curies":[{"name":"wp","href":"https:\/\/api.w.org\/{rel}","templated":true}]}}