{"id":11243,"date":"2022-07-22T21:17:39","date_gmt":"2022-07-22T21:17:39","guid":{"rendered":"https:\/\/www.anmeksan.com\/?page_id=11243"},"modified":"2022-07-22T21:29:47","modified_gmt":"2022-07-22T21:29:47","slug":"300-kisilik-paket-atiksu-aritma-tesisi","status":"publish","type":"page","link":"https:\/\/www.anmeksan.com\/uk\/paket-aritma-kapasiteleri\/300-kisilik-paket-atiksu-aritma-tesisi\/","title":{"rendered":"300 Ki\u015filik Paket At\u0131ksu Ar\u0131tma Tesisi"},"content":{"rendered":"","protected":false},"excerpt":{"rendered":"","protected":false},"author":1,"featured_media":0,"parent":11232,"menu_order":0,"comment_status":"closed","ping_status":"closed","template":"","meta":{"footnotes":""},"class_list":["post-11243","page","type-page","status-publish","hentry"],"acf":[],"yoast_head":"<!-- This site is optimized with the Yoast SEO Premium plugin v18.7 (Yoast SEO v27.5) - https:\/\/yoast.com\/product\/yoast-seo-premium-wordpress\/ -->\n<title>300 Ki\u015filik Paket At\u0131ksu Ar\u0131tma Tesisi - Anmeksan Ar\u0131tma A.\u015e<\/title>\n<meta name=\"description\" content=\"300 Ki\u015filik Paket At\u0131ksu Ar\u0131tma Tesisi, kanalizasyon ar\u0131tma, paket ar\u0131tma imalat ve \u00fcretim, 300 ki\u015filik paket ar\u0131tma \u015fartname\" \/>\n<meta name=\"robots\" content=\"index, follow, max-snippet:-1, max-image-preview:large, max-video-preview:-1\" \/>\n<link rel=\"canonical\" href=\"https:\/\/www.anmeksan.com\/uk\/paket-aritma-kapasiteleri\/300-kisilik-paket-atiksu-aritma-tesisi\/\" \/>\n<meta property=\"og:locale\" content=\"uk_UA\" \/>\n<meta property=\"og:type\" content=\"article\" \/>\n<meta property=\"og:title\" content=\"300 Ki\u015filik Paket At\u0131ksu Ar\u0131tma Tesisi\" \/>\n<meta property=\"og:description\" content=\"300 Ki\u015filik Paket At\u0131ksu Ar\u0131tma Tesisi, kanalizasyon ar\u0131tma, paket ar\u0131tma imalat ve \u00fcretim, 300 ki\u015filik paket ar\u0131tma \u015fartname\" \/>\n<meta property=\"og:url\" content=\"https:\/\/www.anmeksan.com\/uk\/paket-aritma-kapasiteleri\/300-kisilik-paket-atiksu-aritma-tesisi\/\" \/>\n<meta property=\"og:site_name\" content=\"Anmeksan Ar\u0131tma A.\u015e\" \/>\n<meta property=\"article:publisher\" content=\"https:\/\/www.facebook.com\/anmeksan.aritmaas\" \/>\n<meta property=\"article:modified_time\" content=\"2022-07-22T21:29:47+00:00\" \/>\n<meta name=\"twitter:card\" content=\"summary_large_image\" \/>\n<meta name=\"twitter:site\" content=\"@anmeksan\" \/>\n<!-- \/ Yoast SEO Premium plugin. -->","yoast_head_json":{"title":"300 Ki\u015filik Paket At\u0131ksu Ar\u0131tma Tesisi - Anmeksan Ar\u0131tma A.\u015e","description":"300 Ki\u015filik Paket At\u0131ksu Ar\u0131tma Tesisi, kanalizasyon ar\u0131tma, paket ar\u0131tma imalat ve \u00fcretim, 300 ki\u015filik paket ar\u0131tma \u015fartname","robots":{"index":"index","follow":"follow","max-snippet":"max-snippet:-1","max-image-preview":"max-image-preview:large","max-video-preview":"max-video-preview:-1"},"canonical":"https:\/\/www.anmeksan.com\/uk\/paket-aritma-kapasiteleri\/300-kisilik-paket-atiksu-aritma-tesisi\/","og_locale":"uk_UA","og_type":"article","og_title":"300 Ki\u015filik Paket At\u0131ksu Ar\u0131tma Tesisi","og_description":"300 Ki\u015filik Paket At\u0131ksu Ar\u0131tma Tesisi, kanalizasyon ar\u0131tma, paket ar\u0131tma imalat ve \u00fcretim, 300 ki\u015filik paket ar\u0131tma \u015fartname","og_url":"https:\/\/www.anmeksan.com\/uk\/paket-aritma-kapasiteleri\/300-kisilik-paket-atiksu-aritma-tesisi\/","og_site_name":"Anmeksan Ar\u0131tma A.\u015e","article_publisher":"https:\/\/www.facebook.com\/anmeksan.aritmaas","article_modified_time":"2022-07-22T21:29:47+00:00","twitter_card":"summary_large_image","twitter_site":"@anmeksan","schema":{"@context":"https:\/\/schema.org","@graph":[{"@type":"WebPage","@id":"https:\/\/www.anmeksan.com\/paket-aritma-kapasiteleri\/300-kisilik-paket-atiksu-aritma-tesisi\/","url":"https:\/\/www.anmeksan.com\/paket-aritma-kapasiteleri\/300-kisilik-paket-atiksu-aritma-tesisi\/","name":"300 Ki\u015filik Paket At\u0131ksu Ar\u0131tma Tesisi - Anmeksan Ar\u0131tma A.\u015e","isPartOf":{"@id":"https:\/\/www.anmeksan.com\/#website"},"datePublished":"2022-07-22T21:17:39+00:00","dateModified":"2022-07-22T21:29:47+00:00","description":"300 Ki\u015filik Paket At\u0131ksu Ar\u0131tma Tesisi, kanalizasyon ar\u0131tma, paket ar\u0131tma imalat ve \u00fcretim, 300 ki\u015filik paket ar\u0131tma \u015fartname","breadcrumb":{"@id":"https:\/\/www.anmeksan.com\/paket-aritma-kapasiteleri\/300-kisilik-paket-atiksu-aritma-tesisi\/#breadcrumb"},"inLanguage":"uk","potentialAction":[{"@type":"ReadAction","target":["https:\/\/www.anmeksan.com\/paket-aritma-kapasiteleri\/300-kisilik-paket-atiksu-aritma-tesisi\/"]}]},{"@type":"BreadcrumbList","@id":"https:\/\/www.anmeksan.com\/paket-aritma-kapasiteleri\/300-kisilik-paket-atiksu-aritma-tesisi\/#breadcrumb","itemListElement":[{"@type":"ListItem","position":1,"name":"Ana Sayfa","item":"https:\/\/www.anmeksan.com\/"},{"@type":"ListItem","position":2,"name":"Paket Ar\u0131tma Kapasiteleri","item":"https:\/\/www.anmeksan.com\/paket-aritma-kapasiteleri\/"},{"@type":"ListItem","position":3,"name":"300 Ki\u015filik Paket At\u0131ksu Ar\u0131tma Tesisi"}]},{"@type":"WebSite","@id":"https:\/\/www.anmeksan.com\/#website","url":"https:\/\/www.anmeksan.com\/","name":"Anmeksan \u041e\u0447\u0438\u0449\u0435\u043d\u043d\u044f \u0441\u0442\u0456\u0447\u043d\u0438\u0445 \u0432\u043e\u0434","description":"Paket Ar\u0131tma Sistemleri, MBR ve MBBR Ar\u0131tma","publisher":{"@id":"https:\/\/www.anmeksan.com\/#organization"},"potentialAction":[{"@type":"SearchAction","target":{"@type":"EntryPoint","urlTemplate":"https:\/\/www.anmeksan.com\/?s={search_term_string}"},"query-input":{"@type":"PropertyValueSpecification","valueRequired":true,"valueName":"search_term_string"}}],"inLanguage":"uk"},{"@type":"Organization","@id":"https:\/\/www.anmeksan.com\/#organization","name":"Anmeksan \u041e\u0447\u0438\u0449\u0435\u043d\u043d\u044f \u0441\u0442\u0456\u0447\u043d\u0438\u0445 \u0432\u043e\u0434","url":"https:\/\/www.anmeksan.com\/","logo":{"@type":"ImageObject","inLanguage":"uk","@id":"https:\/\/www.anmeksan.com\/#\/schema\/logo\/image\/","url":"https:\/\/www.anmeksan.com\/wp-content\/uploads\/2022\/04\/logo.svg","contentUrl":"https:\/\/www.anmeksan.com\/wp-content\/uploads\/2022\/04\/logo.svg","width":"1024","height":"1024","caption":"Anmeksan Ar\u0131tma A.\u015e"},"image":{"@id":"https:\/\/www.anmeksan.com\/#\/schema\/logo\/image\/"},"sameAs":["https:\/\/www.facebook.com\/anmeksan.aritmaas","https:\/\/x.com\/anmeksan"]}]}},"_links":{"self":[{"href":"https:\/\/www.anmeksan.com\/uk\/wp-json\/wp\/v2\/pages\/11243","targetHints":{"allow":["GET"]}}],"collection":[{"href":"https:\/\/www.anmeksan.com\/uk\/wp-json\/wp\/v2\/pages"}],"about":[{"href":"https:\/\/www.anmeksan.com\/uk\/wp-json\/wp\/v2\/types\/page"}],"author":[{"embeddable":true,"href":"https:\/\/www.anmeksan.com\/uk\/wp-json\/wp\/v2\/users\/1"}],"replies":[{"embeddable":true,"href":"https:\/\/www.anmeksan.com\/uk\/wp-json\/wp\/v2\/comments?post=11243"}],"version-history":[{"count":0,"href":"https:\/\/www.anmeksan.com\/uk\/wp-json\/wp\/v2\/pages\/11243\/revisions"}],"up":[{"embeddable":true,"href":"https:\/\/www.anmeksan.com\/uk\/wp-json\/wp\/v2\/pages\/11232"}],"wp:attachment":[{"href":"https:\/\/www.anmeksan.com\/uk\/wp-json\/wp\/v2\/media?parent=11243"}],"curies":[{"name":"wp","href":"https:\/\/api.w.org\/{rel}","templated":true}]}}