{"id":11257,"date":"2022-07-22T21:19:21","date_gmt":"2022-07-22T21:19:21","guid":{"rendered":"https:\/\/www.anmeksan.com\/?page_id=11257"},"modified":"2022-07-22T21:27:24","modified_gmt":"2022-07-22T21:27:24","slug":"700-kisilik-paket-atiksu-aritma-tesisi","status":"publish","type":"page","link":"https:\/\/www.anmeksan.com\/uk\/paket-aritma-kapasiteleri\/700-kisilik-paket-atiksu-aritma-tesisi\/","title":{"rendered":"700 Ki\u015filik Paket At\u0131ksu Ar\u0131tma Tesisi"},"content":{"rendered":"","protected":false},"excerpt":{"rendered":"","protected":false},"author":1,"featured_media":0,"parent":11232,"menu_order":0,"comment_status":"closed","ping_status":"closed","template":"","meta":{"inline_featured_image":false},"acf":[],"yoast_head":"<!-- This site is optimized with the Yoast SEO Premium plugin v18.7 (Yoast SEO v19.4) - https:\/\/yoast.com\/wordpress\/plugins\/seo\/ -->\n<title>700 Ki\u015filik Paket At\u0131ksu Ar\u0131tma Tesisi - Anmeksan Ar\u0131tma A.\u015e<\/title>\n<meta name=\"description\" content=\"700 Ki\u015filik Paket At\u0131ksu Ar\u0131tma Tesisi, kanalizasyon ar\u0131tma, paket ar\u0131tma imalat ve \u00fcretim, 700 ki\u015filik paket ar\u0131tma \u015fartname\" \/>\n<meta name=\"robots\" content=\"index, follow, max-snippet:-1, max-image-preview:large, max-video-preview:-1\" \/>\n<link rel=\"canonical\" href=\"https:\/\/www.anmeksan.com\/uk\/paket-aritma-kapasiteleri\/700-kisilik-paket-atiksu-aritma-tesisi\/\" \/>\n<meta property=\"og:locale\" content=\"uk_UA\" \/>\n<meta property=\"og:type\" content=\"article\" \/>\n<meta property=\"og:title\" content=\"700 Ki\u015filik Paket At\u0131ksu Ar\u0131tma Tesisi\" \/>\n<meta property=\"og:description\" content=\"700 Ki\u015filik Paket At\u0131ksu Ar\u0131tma Tesisi, kanalizasyon ar\u0131tma, paket ar\u0131tma imalat ve \u00fcretim, 700 ki\u015filik paket ar\u0131tma \u015fartname\" \/>\n<meta property=\"og:url\" content=\"https:\/\/www.anmeksan.com\/uk\/paket-aritma-kapasiteleri\/700-kisilik-paket-atiksu-aritma-tesisi\/\" \/>\n<meta property=\"og:site_name\" content=\"Anmeksan Ar\u0131tma A.\u015e\" \/>\n<meta property=\"article:publisher\" content=\"https:\/\/www.facebook.com\/anmeksan.aritmaas\" \/>\n<meta property=\"article:modified_time\" content=\"2022-07-22T21:27:24+00:00\" \/>\n<meta name=\"twitter:card\" content=\"summary_large_image\" \/>\n<meta name=\"twitter:site\" content=\"@anmeksan\" \/>\n<!-- \/ Yoast SEO Premium plugin. -->","yoast_head_json":{"title":"700 Ki\u015filik Paket At\u0131ksu Ar\u0131tma Tesisi - Anmeksan Ar\u0131tma A.\u015e","description":"700 Ki\u015filik Paket At\u0131ksu Ar\u0131tma Tesisi, kanalizasyon ar\u0131tma, paket ar\u0131tma imalat ve \u00fcretim, 700 ki\u015filik paket ar\u0131tma \u015fartname","robots":{"index":"index","follow":"follow","max-snippet":"max-snippet:-1","max-image-preview":"max-image-preview:large","max-video-preview":"max-video-preview:-1"},"canonical":"https:\/\/www.anmeksan.com\/uk\/paket-aritma-kapasiteleri\/700-kisilik-paket-atiksu-aritma-tesisi\/","og_locale":"uk_UA","og_type":"article","og_title":"700 Ki\u015filik Paket At\u0131ksu Ar\u0131tma Tesisi","og_description":"700 Ki\u015filik Paket At\u0131ksu Ar\u0131tma Tesisi, kanalizasyon ar\u0131tma, paket ar\u0131tma imalat ve \u00fcretim, 700 ki\u015filik paket ar\u0131tma \u015fartname","og_url":"https:\/\/www.anmeksan.com\/uk\/paket-aritma-kapasiteleri\/700-kisilik-paket-atiksu-aritma-tesisi\/","og_site_name":"Anmeksan Ar\u0131tma A.\u015e","article_publisher":"https:\/\/www.facebook.com\/anmeksan.aritmaas","article_modified_time":"2022-07-22T21:27:24+00:00","twitter_card":"summary_large_image","twitter_site":"@anmeksan","schema":{"@context":"https:\/\/schema.org","@graph":[{"@type":"Organization","@id":"https:\/\/www.anmeksan.com\/#organization","name":"Anmeksan Ar\u0131tma A.\u015e","url":"https:\/\/www.anmeksan.com\/","sameAs":["https:\/\/www.facebook.com\/anmeksan.aritmaas","https:\/\/twitter.com\/anmeksan"],"logo":{"@type":"ImageObject","inLanguage":"uk","@id":"https:\/\/www.anmeksan.com\/#\/schema\/logo\/image\/","url":"https:\/\/www.anmeksan.com\/wp-content\/uploads\/2022\/04\/logo.svg","contentUrl":"https:\/\/www.anmeksan.com\/wp-content\/uploads\/2022\/04\/logo.svg","width":"1024","height":"1024","caption":"Anmeksan Ar\u0131tma A.\u015e"},"image":{"@id":"https:\/\/www.anmeksan.com\/#\/schema\/logo\/image\/"}},{"@type":"WebSite","@id":"https:\/\/www.anmeksan.com\/#website","url":"https:\/\/www.anmeksan.com\/","name":"Anmeksan Ar\u0131tma A.\u015e","description":"Paket Ar\u0131tma Sistemleri, MBR ve MBBR Ar\u0131tma","publisher":{"@id":"https:\/\/www.anmeksan.com\/#organization"},"potentialAction":[{"@type":"SearchAction","target":{"@type":"EntryPoint","urlTemplate":"https:\/\/www.anmeksan.com\/?s={search_term_string}"},"query-input":"required name=search_term_string"}],"inLanguage":"uk"},{"@type":"WebPage","@id":"https:\/\/www.anmeksan.com\/paket-aritma-kapasiteleri\/700-kisilik-paket-atiksu-aritma-tesisi\/","url":"https:\/\/www.anmeksan.com\/paket-aritma-kapasiteleri\/700-kisilik-paket-atiksu-aritma-tesisi\/","name":"700 Ki\u015filik Paket At\u0131ksu Ar\u0131tma Tesisi - Anmeksan Ar\u0131tma A.\u015e","isPartOf":{"@id":"https:\/\/www.anmeksan.com\/#website"},"datePublished":"2022-07-22T21:19:21+00:00","dateModified":"2022-07-22T21:27:24+00:00","description":"700 Ki\u015filik Paket At\u0131ksu Ar\u0131tma Tesisi, kanalizasyon ar\u0131tma, paket ar\u0131tma imalat ve \u00fcretim, 700 ki\u015filik paket ar\u0131tma \u015fartname","breadcrumb":{"@id":"https:\/\/www.anmeksan.com\/paket-aritma-kapasiteleri\/700-kisilik-paket-atiksu-aritma-tesisi\/#breadcrumb"},"inLanguage":"uk","potentialAction":[{"@type":"ReadAction","target":["https:\/\/www.anmeksan.com\/paket-aritma-kapasiteleri\/700-kisilik-paket-atiksu-aritma-tesisi\/"]}]},{"@type":"BreadcrumbList","@id":"https:\/\/www.anmeksan.com\/paket-aritma-kapasiteleri\/700-kisilik-paket-atiksu-aritma-tesisi\/#breadcrumb","itemListElement":[{"@type":"ListItem","position":1,"name":"Ana Sayfa","item":"https:\/\/www.anmeksan.com\/"},{"@type":"ListItem","position":2,"name":"Paket Ar\u0131tma Kapasiteleri","item":"https:\/\/www.anmeksan.com\/paket-aritma-kapasiteleri\/"},{"@type":"ListItem","position":3,"name":"700 Ki\u015filik Paket At\u0131ksu Ar\u0131tma Tesisi"}]}]}},"_links":{"self":[{"href":"https:\/\/www.anmeksan.com\/uk\/wp-json\/wp\/v2\/pages\/11257"}],"collection":[{"href":"https:\/\/www.anmeksan.com\/uk\/wp-json\/wp\/v2\/pages"}],"about":[{"href":"https:\/\/www.anmeksan.com\/uk\/wp-json\/wp\/v2\/types\/page"}],"author":[{"embeddable":true,"href":"https:\/\/www.anmeksan.com\/uk\/wp-json\/wp\/v2\/users\/1"}],"replies":[{"embeddable":true,"href":"https:\/\/www.anmeksan.com\/uk\/wp-json\/wp\/v2\/comments?post=11257"}],"version-history":[{"count":0,"href":"https:\/\/www.anmeksan.com\/uk\/wp-json\/wp\/v2\/pages\/11257\/revisions"}],"up":[{"embeddable":true,"href":"https:\/\/www.anmeksan.com\/uk\/wp-json\/wp\/v2\/pages\/11232"}],"wp:attachment":[{"href":"https:\/\/www.anmeksan.com\/uk\/wp-json\/wp\/v2\/media?parent=11257"}],"curies":[{"name":"wp","href":"https:\/\/api.w.org\/{rel}","templated":true}]}}