{"id":8537,"date":"2022-04-26T14:57:17","date_gmt":"2022-04-26T14:57:17","guid":{"rendered":"https:\/\/anmeksan.com\/?page_id=8537"},"modified":"2022-07-30T10:47:08","modified_gmt":"2022-07-30T10:47:08","slug":"mezbaha-atiksu-aritma-sistemleri","status":"publish","type":"page","link":"https:\/\/www.anmeksan.com\/uz\/xizmatlar\/qassobxona-oqava-suvlarni-tozalash-tizimlari\/","title":{"rendered":"So'yishxona Oqava Suvlarini Tozalash"},"content":{"rendered":"<section class=\"l-section wpb_row height_small with_img\"><div class=\"l-section-img\" style=\"background-image: url(https:\/\/www.anmeksan.com\/wp-content\/uploads\/2022\/05\/header-anmeksan-blue.png);\" data-img-width=\"1920\" data-img-height=\"352\"><\/div><div class=\"l-section-h i-cf\"><div class=\"g-cols vc_row via_grid cols_2-1 laptops-cols_inherit tablets-cols_inherit mobiles-cols_1 valign_top type_default stacking_default\"><div class=\"wpb_column vc_column_container\"><div class=\"vc_column-inner\"><h2 class=\"w-post-elm post_title us_custom_ed05b3dd has_text_color align_left entry-title color_link_inherit\">So'yishxona Oqava Suvlarini Tozalash<\/h2><div class=\"w-html us_custom_6df4bc3a has_text_color\"><span><span><a href=\"https:\/\/www.anmeksan.com\/uz\/\">Uy Sahifa<\/a><\/span><\/div><div class=\"w-separator size_custom\" style=\"height:20px\"><\/div><\/div><\/div><div class=\"wpb_column vc_column_container\"><div class=\"vc_column-inner\"><div class=\"w-image align_none\"><div class=\"w-image-h\"><img width=\"150\" height=\"50\" src=\"https:\/\/www.anmeksan.com\/wp-content\/uploads\/2022\/04\/anmeksan-kalite-iso.png\" class=\"attachment-full size-full\" alt=\"Anmeksan Kalite\" decoding=\"async\" \/><\/div><\/div><div class=\"w-separator size_custom\" style=\"height:3px\"><\/div><div class=\"w-image align_none\"><div class=\"w-image-h\"><img width=\"300\" height=\"50\" src=\"https:\/\/www.anmeksan.com\/wp-content\/uploads\/2014\/09\/banner-ust-uyelik.png\" class=\"attachment-large size-large\" alt=\"Banner \u00dcyelik\" decoding=\"async\" srcset=\"https:\/\/www.anmeksan.com\/wp-content\/uploads\/2014\/09\/banner-ust-uyelik.png 300w, https:\/\/www.anmeksan.com\/wp-content\/uploads\/2014\/09\/banner-ust-uyelik-200x33.png 200w\" sizes=\"(max-width: 300px) 100vw, 300px\" \/><\/div><\/div><\/div><\/div><\/div><\/div><\/section><section class=\"l-section wpb_row height_medium\"><div class=\"l-section-h i-cf\"><div class=\"g-cols vc_row via_grid cols_1-3 laptops-cols_inherit tablets-cols_inherit mobiles-cols_1 valign_top type_default stacking_default\"><div class=\"wpb_column vc_column_container\"><div class=\"vc_column-inner\"><div class=\"w-menu layout_ver style_blocks us_menu_1\" style=\"--main-gap:5px;--main-ver-indent:0.8em;--main-hor-indent:0.8em;\"><ul id=\"menu-sol-ana-menu\" class=\"menu\"><li id=\"menu-item-8332\" class=\"menu-item menu-item-type-post_type menu-item-object-page menu-item-home menu-item-8332\"><a href=\"https:\/\/www.anmeksan.com\/uz\/\"><i class=\"_mi _before dashicons dashicons-arrow-right-alt2\" aria-hidden=\"true\"><\/i><span>Uy Sahifa<\/span><\/a><\/li><li id=\"menu-item-8557\" class=\"menu-item menu-item-type-post_type menu-item-object-page menu-item-8557\"><a href=\"https:\/\/www.anmeksan.com\/uz\/xizmatlar\/\"><i class=\"_mi _before dashicons dashicons-arrow-right-alt2\" aria-hidden=\"true\"><\/i><span>Bizning Xizmatlarimiz<\/span><\/a><\/li><li id=\"menu-item-8333\" class=\"menu-item menu-item-type-post_type menu-item-object-page menu-item-8333\"><a href=\"https:\/\/www.anmeksan.com\/uz\/projeler\/\"><i class=\"_mi _before dashicons dashicons-arrow-right-alt2\" aria-hidden=\"true\"><\/i><span>Loyihalar<\/span><\/a><\/li><li id=\"menu-item-8911\" class=\"menu-item menu-item-type-taxonomy menu-item-object-category menu-item-8911\"><a href=\"https:\/\/www.anmeksan.com\/uz\/category\/haberler\/\"><i class=\"_mi _before dashicons dashicons-arrow-right-alt2\" aria-hidden=\"true\"><\/i><span>Yangiliklar<\/span><\/a><\/li><li id=\"menu-item-8912\" class=\"menu-item menu-item-type-post_type menu-item-object-page menu-item-8912\"><a href=\"https:\/\/www.anmeksan.com\/uz\/blog\/\"><i class=\"_mi _before dashicons dashicons-arrow-right-alt2\" aria-hidden=\"true\"><\/i><span>Blog<\/span><\/a><\/li><li id=\"menu-item-8338\" class=\"menu-item menu-item-type-post_type menu-item-object-page menu-item-8338\"><a href=\"https:\/\/www.anmeksan.com\/uz\/iletisim\/\"><i class=\"_mi _before dashicons dashicons-arrow-right-alt2\" aria-hidden=\"true\"><\/i><span>Aloqa<\/span><\/a><\/li><\/ul><style>.us_menu_1 .menu>li>a{background:#e8e8e8}.us_menu_1 .menu>li>a{color:#002f66}.us_menu_1 .menu>.menu-item:not(.current-menu-item)>a:hover{background:#002f66}.us_menu_1 .menu>.menu-item:not(.current-menu-item)>a:hover{color:#ffffff}.us_menu_1 .menu>.current-menu-item>a{background:#00b032}.us_menu_1 .menu>.current-menu-item>a{color:#ffffff}@media ( max-width:600px ){.us_menu_1 .menu{display:block!important}.us_menu_1 .menu>li{margin:0 0 var(--main-gap,5px)!important}}<\/style><\/div><div class=\"w-separator size_custom\" style=\"height:10px\"><\/div><div class=\"w-btn-wrapper width_full\"><a class=\"w-btn us-btn-style_6 us_custom_1f257949 icon_atleft\" title=\"KATALOGLAR\" href=\"https:\/\/www.anmeksan.com\/uz\/katalog\/\"><i class=\"fas fa-file-pdf\"><\/i><span class=\"w-btn-label\">KATALOGLAR<\/span><\/a><\/div><div class=\"w-btn-wrapper width_full\"><a class=\"w-btn us-btn-style_8 us_custom_1f257949 icon_atleft\" title=\"Kotirovka so&#039;rovlari\" href=\"\/uz\/teklif-telepleri\/\"><i class=\"fas fa-file-edit\"><\/i><span class=\"w-btn-label\">TAKLIF SO'ROV<\/span><\/a><\/div><div class=\"w-btn-wrapper width_full\"><a class=\"w-btn us-btn-style_9 us_custom_1f257949 icon_atleft\" title=\"DILERLIK\" href=\"https:\/\/www.anmeksan.com\/uz\/temsilcilik-basvurusu\/\"><i class=\"fas fa-file-alt\"><\/i><span class=\"w-btn-label\">DILERLIK<\/span><\/a><\/div><div class=\"w-sharing type_solid align_center color_default\"><div class=\"w-sharing-list\" data-content-image=\"true\"><a class=\"w-sharing-item email\" href=\"mailto:?subject=Mezbaha At\u0131ksu Ar\u0131tma Sistemleri&amp;body=https:\/\/www.anmeksan.com\/uz\/wp-json\/wp\/v2\/pages\/8537\" title=\"Email this\" aria-label=\"Email this\"><i class=\"fas fa-envelope\"><\/i><\/a><a class=\"w-sharing-item facebook\" href=\"https:\/\/www.facebook.com\/sharer\/sharer.php?u=https:\/\/www.anmeksan.com\/uz\/wp-json\/wp\/v2\/pages\/8537&amp;quote=Mezbaha At\u0131ksu Ar\u0131tma Sistemleri\" title=\"Share this\" aria-label=\"Share this\" onclick=\"window.open(this.href, &quot;facebook&quot;, &quot;toolbar=0,width=900,height=500&quot;); return false;\"><i class=\"fab fa-facebook\"><\/i><\/a><a class=\"w-sharing-item twitter\" href=\"https:\/\/twitter.com\/intent\/tweet?text=Mezbaha At\u0131ksu Ar\u0131tma Sistemleri&amp;url=https:\/\/www.anmeksan.com\/uz\/wp-json\/wp\/v2\/pages\/8537\" title=\"Tweet this\" aria-label=\"Tweet this\" onclick=\"window.open(this.href, &quot;twitter&quot;, &quot;toolbar=0,width=650,height=360&quot;); return false;\"><i class=\"fab fa-twitter\"><\/i><\/a><a class=\"w-sharing-item linkedin\" href=\"https:\/\/www.linkedin.com\/shareArticle?mini=true&amp;url=https:\/\/www.anmeksan.com\/uz\/wp-json\/wp\/v2\/pages\/8537\" title=\"Share this\" aria-label=\"Share this\" onclick=\"window.open(this.href, &quot;linkedin&quot;, &quot;toolbar=no,width=550,height=550&quot;); return false;\"><i class=\"fab fa-linkedin\"><\/i><\/a><a class=\"w-sharing-item whatsapp\" href=\"https:\/\/web.whatsapp.com\/send?text=Mezbaha At\u0131ksu Ar\u0131tma Sistemleri https:\/\/www.anmeksan.com\/uz\/wp-json\/wp\/v2\/pages\/8537\" title=\"Share this\" aria-label=\"Share this\" onclick=\"window.open(this.href, &quot;whatsapp&quot;, &quot;toolbar=0,width=900,height=500&quot;); return false;\"><i class=\"fab fa-whatsapp\"><\/i><\/a><\/div><\/div><\/div><\/div><div class=\"wpb_column vc_column_container\"><div class=\"vc_column-inner\"><h1 style=\"text-align: left;font-family:Roboto;font-weight:900;font-style:normal\" class=\"vc_custom_heading us_custom_16c70a5a\" >SOYISHXONA CHIKA SUVLARINI TOZALASH TIZIMLARI<\/h1><div class=\"w-image align_none\"><div class=\"w-image-h\"><img width=\"800\" height=\"250\" src=\"https:\/\/www.anmeksan.com\/wp-content\/uploads\/2022\/05\/mezbaha.png\" class=\"attachment-full size-full\" alt=\"So&#039;yishxona Oqava Suvlarini Tozalash\" decoding=\"async\" srcset=\"https:\/\/www.anmeksan.com\/wp-content\/uploads\/2022\/05\/mezbaha.png 800w, https:\/\/www.anmeksan.com\/wp-content\/uploads\/2022\/05\/mezbaha-300x94.png 300w, https:\/\/www.anmeksan.com\/wp-content\/uploads\/2022\/05\/mezbaha-200x63.png 200w\" sizes=\"(max-width: 800px) 100vw, 800px\" \/><\/div><\/div><div class=\"w-separator size_custom\" style=\"height:10px\"><\/div><div class=\"wpb_text_column us_custom_432d3f53\"><div class=\"wpb_wrapper\"><p>So'yish joylarining oqava suvlarini tozalash tizimlari; Qoramol va qo'y so'yish joylari va so'yish joylaridan chiqadigan chiqindi suvlar fizikaviy, biologik va kimyoviy tozalash jarayonlaridan foydalangan holda tegishli oqizish standartlarida tozalanadi.<\/p>\n<p>So'yish joylarining oqava suvlarini tozalash; Bu kuchli ifloslanish va neft tarkibiga ega chiqindi suvlardan biridir. Dizayn tegishli tushirish maydoniga muvofiq amalga oshirilishi kerak. So'yish joylari va so'yish joylarida asbob-uskunalar va jarayonni to'g'ri tanlash muhimroq bo'ladi. Ob'ektlarda jismoniy tozalash jarayonida qattiq moddalar va yog'lar butun ob'ektga o'tkazilmasdan kirish inshootida saqlanishi kerak.<\/p>\n<\/div><\/div><div class=\"w-separator size_custom\" style=\"height:20px\"><\/div><div class=\"wpb_text_column us_custom_432d3f53\"><div class=\"wpb_wrapper\"><p>So'yish joylarining oqava suvlarini tozalash tizimlari va integratsiyalashgan go'sht inshootlari oziq-ovqat sanoati sanoatida turli xil ob'ektlardir. Shu sababli, so'yish joylarida va birlashtirilgan go'sht korxonalarida iste'mol qilinadigan suv miqdori va chiqindi suv miqdori farq qilishi mumkin. Iste'mol qilinadigan va hosil bo'ladigan chiqindi suv miqdori so'yilgan hayvonlarning soniga, hayvonning sigir yoki sigir ekanligiga, hayvonning og'irligiga, korxonada qo'llaniladigan texnologiyaga, chiqindi suvning jarayonda qayta ishlatilishiga, suvning qayta ishlatilishiga qarab o'zgaradi. so'yish natijasida hosil bo'lgan qon to'planadi yoki yo'q, ichki organlar chiqindi suv bilan aralashadimi. .<\/p>\n<\/div><\/div><div class=\"w-separator size_custom\" style=\"height:20px\"><\/div><div class=\"wpb_text_column us_custom_432d3f53\"><div class=\"wpb_wrapper\"><p>Ko'rinib turibdiki, so'yish joylaridagi oqava suvlarning COD qiymati 3500 - 12150 mg \/ L oralig'ida, BOI qiymati 1200 - 2000 mg \/ L oralig'ida, yog' va moylar qiymati 90 - 2750 oralig'ida. mg \/ L, AKM qiymati esa 400 - 2500 mg \/ L oralig'ida.<\/p>\n<p>Oqava suvlarni tavsiflash qiymatlarining keng doirasi; qonni ushlab turish samaradorligi suvdan foydalanish, so'yilgan hayvon turi va go'shtni qayta ishlash miqdori kabi omillarga bog'liq<\/p>\n<\/div><\/div><div class=\"g-cols wpb_row via_grid cols_1 laptops-cols_inherit tablets-cols_inherit mobiles-cols_1 valign_top type_default stacking_default\"><div class=\"wpb_column vc_column_container\"><div class=\"vc_column-inner\"><div class=\"w-separator size_custom\" style=\"height:20px\"><\/div><h3 style=\"color: #565656;text-align: left;font-family:Roboto;font-weight:900;font-style:normal\" class=\"vc_custom_heading us_custom_16c70a5a\" >SOYISHNI DAVOLASH TIZIMLARI LOYIHALARI<\/h3><div class=\"w-separator size_custom\" style=\"height:20px\"><\/div><div class=\"w-grid type_grid layout_gallery_default cols_5\" id=\"us_grid_1\" data-filterable=\"true\"><style>#us_grid_1 .w-grid-item{padding:5px}#us_grid_1 .w-grid-list{margin:-5px}.w-grid + #us_grid_1 .w-grid-list,.w-grid-none + #us_grid_1 .w-grid-list{margin-top:5px}@media (max-width:1199px){#us_grid_1 .w-grid-item{width:33.3333%}}@media (max-width:899px){#us_grid_1 .w-grid-item{width:50%}}@media (max-width:599px){#us_grid_1 .w-grid-list{margin:0}#us_grid_1 .w-grid-item{width:100%;padding:0;margin-bottom:5px}}.layout_gallery_default .w-grid-item-h{}<\/style><div class=\"w-grid-list\">\t<article class=\"w-grid-item post-8107 attachment type-attachment status-inherit hentry\" data-id=\"8107\">\n\t\t<div class=\"w-grid-item-h\">\n\t\t\t\t\t\t\t<a class=\"w-grid-item-anchor\" href=\"https:\/\/www.anmeksan.com\/wp-content\/uploads\/2014\/09\/gorsel-hazirlaniyor-anmeksan.png\" ref=\"magnificPopupGrid\" title=\"G\u00f6rsel Haz\u0131rlan\u0131yor\"><\/a>\n\t\t\t\t\t\t<div class=\"w-post-elm post_image usg_post_image_1 stretched\"><img width=\"760\" height=\"400\" src=\"https:\/\/www.anmeksan.com\/wp-content\/uploads\/2014\/09\/gorsel-hazirlaniyor-anmeksan.png\" class=\"attachment-us_600_600_crop size-us_600_600_crop\" alt=\"G\u00f6rsel Haz\u0131rlan\u0131yor\" decoding=\"async\" srcset=\"https:\/\/www.anmeksan.com\/wp-content\/uploads\/2014\/09\/gorsel-hazirlaniyor-anmeksan.png 760w, https:\/\/www.anmeksan.com\/wp-content\/uploads\/2014\/09\/gorsel-hazirlaniyor-anmeksan-300x158.png 300w, https:\/\/www.anmeksan.com\/wp-content\/uploads\/2014\/09\/gorsel-hazirlaniyor-anmeksan-200x105.png 200w, https:\/\/www.anmeksan.com\/wp-content\/uploads\/2014\/09\/gorsel-hazirlaniyor-anmeksan-190x100.png 190w\" sizes=\"(max-width: 760px) 100vw, 760px\" \/><\/div>\t\t<\/div>\n\t<\/article>\n<\/div><div class=\"w-grid-preloader\"><div class=\"g-preloader type_1\">\n\t<div><\/div>\n<\/div>\n<\/div>\t<div class=\"w-grid-json hidden\" onclick='return {&quot;action&quot;:&quot;us_ajax_grid&quot;,&quot;ajax_url&quot;:&quot;https:\\\/\\\/www.anmeksan.com\\\/wp-admin\\\/admin-ajax.php&quot;,&quot;infinite_scroll&quot;:0,&quot;max_num_pages&quot;:1,&quot;pagination&quot;:&quot;none&quot;,&quot;permalink_url&quot;:&quot;https:\\\/\\\/www.anmeksan.com\\\/uz\\\/wp-json\\\/wp\\\/v2\\\/pages\\\/8537&quot;,&quot;template_vars&quot;:{&quot;columns&quot;:&quot;5&quot;,&quot;exclude_items&quot;:&quot;none&quot;,&quot;img_size&quot;:&quot;default&quot;,&quot;ignore_items_size&quot;:false,&quot;items_layout&quot;:&quot;gallery_default&quot;,&quot;items_offset&quot;:&quot;1&quot;,&quot;load_animation&quot;:&quot;none&quot;,&quot;overriding_link&quot;:&quot;popup_post_image&quot;,&quot;post_id&quot;:8537,&quot;query_args&quot;:{&quot;post_type&quot;:[&quot;attachment&quot;],&quot;post__in&quot;:[&quot;8107&quot;],&quot;post_status&quot;:&quot;inherit&quot;,&quot;post_mime_type&quot;:&quot;image&quot;,&quot;posts_per_page&quot;:&quot;10&quot;},&quot;orderby_query_args&quot;:{&quot;orderby&quot;:{&quot;date&quot;:&quot;DESC&quot;}},&quot;type&quot;:&quot;grid&quot;,&quot;us_grid_ajax_index&quot;:1,&quot;us_grid_filter_params&quot;:null,&quot;us_grid_index&quot;:1,&quot;_us_grid_post_type&quot;:&quot;attachment&quot;}}'><\/div>\n\t<\/div><\/div><\/div><\/div><\/div><\/div><\/div><\/div><\/section>","protected":false},"excerpt":{"rendered":"G\u00f6rsel Haz\u0131rlan\u0131yor","protected":false},"author":1,"featured_media":0,"parent":8553,"menu_order":0,"comment_status":"closed","ping_status":"closed","template":"","meta":{"inline_featured_image":false},"acf":[],"yoast_head":"<!-- This site is optimized with the Yoast SEO Premium plugin v18.7 (Yoast SEO v19.4) - https:\/\/yoast.com\/wordpress\/plugins\/seo\/ -->\n<title>Mezbaha At\u0131ksu Ar\u0131tma Sistemleri - Anmeksan Ar\u0131tma A.\u015e<\/title>\n<meta name=\"description\" content=\"Mezbaha at\u0131ksu ar\u0131tma sistemleri, kesimhane at\u0131ksu ar\u0131tma, tavuk k\u00fcmes ar\u0131tma, mekanik ekipman imalat\u0131, tkdk ar\u0131tma, ipard ar\u0131tma,\" \/>\n<meta name=\"robots\" content=\"index, follow, max-snippet:-1, max-image-preview:large, max-video-preview:-1\" \/>\n<link rel=\"canonical\" href=\"https:\/\/www.anmeksan.com\/uz\/xizmatlar\/qassobxona-oqava-suvlarni-tozalash-tizimlari\/\" \/>\n<meta property=\"og:locale\" content=\"uz_UZ\" \/>\n<meta property=\"og:type\" content=\"article\" \/>\n<meta property=\"og:title\" content=\"Mezbaha At\u0131ksu Ar\u0131tma Sistemleri\" \/>\n<meta property=\"og:description\" content=\"Mezbaha at\u0131ksu ar\u0131tma sistemleri, kesimhane at\u0131ksu ar\u0131tma, tavuk k\u00fcmes ar\u0131tma, mekanik ekipman imalat\u0131, tkdk ar\u0131tma, ipard ar\u0131tma,\" \/>\n<meta property=\"og:url\" content=\"https:\/\/www.anmeksan.com\/uz\/xizmatlar\/qassobxona-oqava-suvlarni-tozalash-tizimlari\/\" \/>\n<meta property=\"og:site_name\" content=\"Anmeksan Ar\u0131tma A.\u015e\" \/>\n<meta property=\"article:publisher\" content=\"https:\/\/www.facebook.com\/anmeksan.aritmaas\" \/>\n<meta property=\"article:modified_time\" content=\"2022-07-30T10:47:08+00:00\" \/>\n<meta name=\"twitter:card\" content=\"summary_large_image\" \/>\n<meta name=\"twitter:site\" content=\"@anmeksan\" \/>\n<meta name=\"twitter:label1\" content=\"Est. reading time\" \/>\n\t<meta name=\"twitter:data1\" content=\"2 daqiqa\" \/>\n<!-- \/ Yoast SEO Premium plugin. -->","yoast_head_json":{"title":"Mezbaha At\u0131ksu Ar\u0131tma Sistemleri - Anmeksan Ar\u0131tma A.\u015e","description":"Mezbaha at\u0131ksu ar\u0131tma sistemleri, kesimhane at\u0131ksu ar\u0131tma, tavuk k\u00fcmes ar\u0131tma, mekanik ekipman imalat\u0131, tkdk ar\u0131tma, ipard ar\u0131tma,","robots":{"index":"index","follow":"follow","max-snippet":"max-snippet:-1","max-image-preview":"max-image-preview:large","max-video-preview":"max-video-preview:-1"},"canonical":"https:\/\/www.anmeksan.com\/uz\/xizmatlar\/qassobxona-oqava-suvlarni-tozalash-tizimlari\/","og_locale":"uz_UZ","og_type":"article","og_title":"Mezbaha At\u0131ksu Ar\u0131tma Sistemleri","og_description":"Mezbaha at\u0131ksu ar\u0131tma sistemleri, kesimhane at\u0131ksu ar\u0131tma, tavuk k\u00fcmes ar\u0131tma, mekanik ekipman imalat\u0131, tkdk ar\u0131tma, ipard ar\u0131tma,","og_url":"https:\/\/www.anmeksan.com\/uz\/xizmatlar\/qassobxona-oqava-suvlarni-tozalash-tizimlari\/","og_site_name":"Anmeksan Ar\u0131tma A.\u015e","article_publisher":"https:\/\/www.facebook.com\/anmeksan.aritmaas","article_modified_time":"2022-07-30T10:47:08+00:00","twitter_card":"summary_large_image","twitter_site":"@anmeksan","twitter_misc":{"Est. reading time":"2 daqiqa"},"schema":{"@context":"https:\/\/schema.org","@graph":[{"@type":"Organization","@id":"https:\/\/www.anmeksan.com\/#organization","name":"Anmeksan Ar\u0131tma A.\u015e","url":"https:\/\/www.anmeksan.com\/","sameAs":["https:\/\/www.facebook.com\/anmeksan.aritmaas","https:\/\/twitter.com\/anmeksan"],"logo":{"@type":"ImageObject","inLanguage":"uz-UZ","@id":"https:\/\/www.anmeksan.com\/#\/schema\/logo\/image\/","url":"https:\/\/www.anmeksan.com\/wp-content\/uploads\/2022\/04\/logo.svg","contentUrl":"https:\/\/www.anmeksan.com\/wp-content\/uploads\/2022\/04\/logo.svg","width":"1024","height":"1024","caption":"Anmeksan Ar\u0131tma A.\u015e"},"image":{"@id":"https:\/\/www.anmeksan.com\/#\/schema\/logo\/image\/"}},{"@type":"WebSite","@id":"https:\/\/www.anmeksan.com\/#website","url":"https:\/\/www.anmeksan.com\/","name":"Anmeksan Ar\u0131tma A.\u015e","description":"Paket Ar\u0131tma Sistemleri, MBR ve MBBR Ar\u0131tma","publisher":{"@id":"https:\/\/www.anmeksan.com\/#organization"},"potentialAction":[{"@type":"SearchAction","target":{"@type":"EntryPoint","urlTemplate":"https:\/\/www.anmeksan.com\/?s={search_term_string}"},"query-input":"required name=search_term_string"}],"inLanguage":"uz-UZ"},{"@type":"WebPage","@id":"https:\/\/www.anmeksan.com\/hizmetlerimiz\/mezbaha-atiksu-aritma-sistemleri\/","url":"https:\/\/www.anmeksan.com\/hizmetlerimiz\/mezbaha-atiksu-aritma-sistemleri\/","name":"Mezbaha At\u0131ksu Ar\u0131tma Sistemleri - Anmeksan Ar\u0131tma A.\u015e","isPartOf":{"@id":"https:\/\/www.anmeksan.com\/#website"},"datePublished":"2022-04-26T14:57:17+00:00","dateModified":"2022-07-30T10:47:08+00:00","description":"Mezbaha at\u0131ksu ar\u0131tma sistemleri, kesimhane at\u0131ksu ar\u0131tma, tavuk k\u00fcmes ar\u0131tma, mekanik ekipman imalat\u0131, tkdk ar\u0131tma, ipard ar\u0131tma,","breadcrumb":{"@id":"https:\/\/www.anmeksan.com\/hizmetlerimiz\/mezbaha-atiksu-aritma-sistemleri\/#breadcrumb"},"inLanguage":"uz-UZ","potentialAction":[{"@type":"ReadAction","target":["https:\/\/www.anmeksan.com\/hizmetlerimiz\/mezbaha-atiksu-aritma-sistemleri\/"]}]},{"@type":"BreadcrumbList","@id":"https:\/\/www.anmeksan.com\/hizmetlerimiz\/mezbaha-atiksu-aritma-sistemleri\/#breadcrumb","itemListElement":[{"@type":"ListItem","position":1,"name":"Ana Sayfa","item":"https:\/\/www.anmeksan.com\/"},{"@type":"ListItem","position":2,"name":"Hizmetlerimiz","item":"https:\/\/www.anmeksan.com\/hizmetlerimiz\/"},{"@type":"ListItem","position":3,"name":"Mezbaha At\u0131ksu Ar\u0131tma Sistemleri"}]}]}},"_links":{"self":[{"href":"https:\/\/www.anmeksan.com\/uz\/wp-json\/wp\/v2\/pages\/8537"}],"collection":[{"href":"https:\/\/www.anmeksan.com\/uz\/wp-json\/wp\/v2\/pages"}],"about":[{"href":"https:\/\/www.anmeksan.com\/uz\/wp-json\/wp\/v2\/types\/page"}],"author":[{"embeddable":true,"href":"https:\/\/www.anmeksan.com\/uz\/wp-json\/wp\/v2\/users\/1"}],"replies":[{"embeddable":true,"href":"https:\/\/www.anmeksan.com\/uz\/wp-json\/wp\/v2\/comments?post=8537"}],"version-history":[{"count":0,"href":"https:\/\/www.anmeksan.com\/uz\/wp-json\/wp\/v2\/pages\/8537\/revisions"}],"up":[{"embeddable":true,"href":"https:\/\/www.anmeksan.com\/uz\/wp-json\/wp\/v2\/pages\/8553"}],"wp:attachment":[{"href":"https:\/\/www.anmeksan.com\/uz\/wp-json\/wp\/v2\/media?parent=8537"}],"curies":[{"name":"wp","href":"https:\/\/api.w.org\/{rel}","templated":true}]}}