{"id":8553,"date":"2022-04-26T17:43:53","date_gmt":"2022-04-26T17:43:53","guid":{"rendered":"https:\/\/anmeksan.com\/?page_id=8553"},"modified":"2022-08-01T07:35:31","modified_gmt":"2022-08-01T07:35:31","slug":"hizmetlerimiz","status":"publish","type":"page","link":"https:\/\/www.anmeksan.com\/uz\/hizmetlerimiz\/","title":{"rendered":"Bizning Xizmatlarimiz"},"content":{"rendered":"<section class=\"l-section wpb_row height_small with_img\"><div class=\"l-section-img\" style=\"background-image: url(https:\/\/www.anmeksan.com\/wp-content\/uploads\/2022\/05\/anmeksan-arkaplan.jpg);\" data-img-width=\"1920\" data-img-height=\"1128\"><\/div><div class=\"l-section-h i-cf\"><div class=\"g-cols vc_row via_grid cols_3 laptops-cols_inherit tablets-cols_inherit mobiles-cols_1 valign_top type_default stacking_default\"><div class=\"wpb_column vc_column_container\"><div class=\"vc_column-inner\"><div class=\"w-ibanner us_custom_657b9349 animation_phorcys ratio_3x2 easing_ease\"><div class=\"w-ibanner-h\"><div class=\"w-ibanner-image\" style=\"background-image: url(https:\/\/www.anmeksan.com\/wp-content\/uploads\/2022\/04\/paket-aritma-1024x768.jpg)\"><\/div><div class=\"w-ibanner-content\"><div class=\"w-ibanner-content-h\"><h3 class=\"w-ibanner-title\">OKAVA SUVLARNI TOZALASH TIZIMLARI<\/h3><div class=\"w-ibanner-desc\"><p>Kanalizatsiya SBR, STP, Paketli oqava suvlarni tozalash bilan 100-1000 kishilik quvvatga ega tez va tejamkor echimlar.<\/p>\n<\/div><\/div><\/div><\/div><a title=\"OKAVA SUVLARNI TOZALASH TIZIMLARI\" href=\"\/uz\/hizmetlerimiz\/paket-aritma-sistemleri\/\" aria-label=\"OKAVA SUVLARNI TOZALASH TIZIMLARI\"><\/a><\/div><div class=\"wpb_text_column\"><div class=\"wpb_wrapper\"><p>Biz kanalizatsiya, biologik va kimyoviy paketli oqava suvlarni tozalash inshootlari bilan tez va iqtisodiy echimlarni taklif qilamiz.<\/p>\n<\/div><\/div><div class=\"w-btn-wrapper width_full\"><a class=\"w-btn us-btn-style_6 icon_atleft\" title=\"Paketli Oqava Suvlarni Tozalash Tizimlari\" href=\"\/uz\/hizmetlerimiz\/paket-atiksu-aritma-sistemleri\/\"><i class=\"fas fa-info-square\"><\/i><span class=\"w-btn-label\">TAFS\u0130LOT ...<\/span><\/a><\/div><div class=\"w-separator size_small\"><\/div><div class=\"w-ibanner us_custom_657b9349 animation_phorcys ratio_3x2 easing_ease\"><div class=\"w-ibanner-h\"><div class=\"w-ibanner-image\" style=\"background-image: url(https:\/\/www.anmeksan.com\/wp-content\/uploads\/2022\/04\/mbr-aritma.jpg)\"><\/div><div class=\"w-ibanner-content\"><div class=\"w-ibanner-content-h\"><h3 class=\"w-ibanner-title\">MBR OQAVA SUVLARNI TOZALASH TIZIMLARI<\/h3><div class=\"w-ibanner-desc\"><p>MBR (membrana bioreaktor) Biologik va sanoat ilg'or tozalash texnologiyalari.<\/p>\n<\/div><\/div><\/div><\/div><a title=\"MBR Oqava Suvlarni Tozalash Tizimlari\" href=\"\/uz\/hizmetlerimiz\/mbr-atiksu-aritma-sistemleri\/\" aria-label=\"MBR OQAVA SUVLARNI TOZALASH TIZIMLARI\"><\/a><\/div><div class=\"wpb_text_column\"><div class=\"wpb_wrapper\"><p>Yuqori quvvatli MBR kanalizatsiya tozalash tizimlari, yuqori tozalash samaradorligi va oqava suvlarni tozalash tizimlari.<\/p>\n<\/div><\/div><div class=\"w-btn-wrapper width_full\"><a class=\"w-btn us-btn-style_6 icon_atleft\" title=\"Paketli Oqava Suvlarni Tozalash Tizimlari\" href=\"\/uz\/hizmetlerimiz\/mbr-aritma-sistemleri\/\"><i class=\"fas fa-info-square\"><\/i><span class=\"w-btn-label\">TAFS\u0130LOT ...<\/span><\/a><\/div><div class=\"w-separator size_small\"><\/div><div class=\"w-ibanner us_custom_657b9349 animation_phorcys ratio_3x2 easing_ease\"><div class=\"w-ibanner-h\"><div class=\"w-ibanner-image\" style=\"background-image: url(https:\/\/www.anmeksan.com\/wp-content\/uploads\/2022\/04\/mekanik-ekipman-1001x1024.jpg)\"><\/div><div class=\"w-ibanner-content\"><div class=\"w-ibanner-content-h\"><h3 class=\"w-ibanner-title\">Mexanik uskunalar ishlab chiqarish<\/h3><div class=\"w-ibanner-desc\"><p>Ekranlar, filtr presslari, DAF, yog 'ajratgichlari, mikserlar va maxsus ishlab chiqarish.<\/p>\n<\/div><\/div><\/div><\/div><a title=\"Mexanik uskunalar ishlab chiqarish\" href=\"\/uz\/hizmetlerimiz\/mekanik-ekipman-imalatlari\/\" aria-label=\"Mexanik uskunalar ishlab chiqarish\"><\/a><\/div><div class=\"wpb_text_column\"><div class=\"wpb_wrapper\"><p>Chiqindilarni tozalash inshootlari, mexanik uskunalar va loyni suvsizlantirish tizimlari bilan muammosiz va yuqori sifatli ishlab chiqarish.<\/p>\n<\/div><\/div><div class=\"w-btn-wrapper width_full\"><a class=\"w-btn us-btn-style_6 icon_atleft\" title=\"Paketli Oqava Suvlarni Tozalash Tizimlari\" href=\"\/uz\/hizmetlerimiz\/mekanik-ekipman-imalatlari\/\"><i class=\"fas fa-info-square\"><\/i><span class=\"w-btn-label\">TAFS\u0130LOT ...<\/span><\/a><\/div><\/div><\/div><div class=\"wpb_column vc_column_container\"><div class=\"vc_column-inner\"><div class=\"w-ibanner us_custom_657b9349 animation_phorcys ratio_3x2 easing_ease\"><div class=\"w-ibanner-h\"><div class=\"w-ibanner-image\" style=\"background-image: url(https:\/\/www.anmeksan.com\/wp-content\/uploads\/2022\/05\/biyolojik-atiksu-aritma-1024x768.jpg)\"><\/div><div class=\"w-ibanner-content\"><div class=\"w-ibanner-content-h\"><h3 class=\"w-ibanner-title\">BIOLOGIK CHINQAT SUVLARNI TOZALASH ISHLATLARI<\/h3><div class=\"w-ibanner-desc\"><p>Maishiy, shahar va temir-beton biologik oqava suvlarni tozalash inshootlari.<\/p>\n<\/div><\/div><\/div><\/div><a title=\"Oqava Suvlarni Biologik Tozalash \u0130nshootlari\" href=\"\/uz\/hizmetlerimiz\/biyolojik-atiksu-aritma-tesisleri\/\" aria-label=\"BIOLOGIK CHINQAT SUVLARNI TOZALASH ISHLATLARI\"><\/a><\/div><div class=\"wpb_text_column\"><div class=\"wpb_wrapper\"><p>Maishiy va shahar oqava suvlarini biologik tozalash inshootlarini loyihalash uchun mexanik uskunalarni loyihalash va ishlab chiqarish.<\/p>\n<\/div><\/div><div class=\"w-btn-wrapper width_full\"><a class=\"w-btn us-btn-style_6 icon_atleft\" title=\"Paketli Oqava Suvlarni Tozalash Tizimlari\" href=\"\/uz\/hizmetlerimiz\/biyolojik-atiksu-aritma-tesisleri\/\"><i class=\"fas fa-info-square\"><\/i><span class=\"w-btn-label\">TAFS\u0130LOT ...<\/span><\/a><\/div><div class=\"w-separator size_small\"><\/div><div class=\"w-ibanner us_custom_657b9349 animation_phorcys ratio_3x2 easing_ease\"><div class=\"w-ibanner-h\"><div class=\"w-ibanner-image\" style=\"background-image: url(https:\/\/www.anmeksan.com\/wp-content\/uploads\/2022\/05\/mbbraritma-1024x512.jpg)\"><\/div><div class=\"w-ibanner-content\"><div class=\"w-ibanner-content-h\"><h3 class=\"w-ibanner-title\">MBBR Oqava Suvlarni Tozalash Tizimlari<\/h3><div class=\"w-ibanner-desc\"><p>MBBR (Biomedia) tozalash inshootlari bilan yuqori davolash samaradorligi.<\/p>\n<\/div><\/div><\/div><\/div><a title=\"MBBR Oqava Suvlarni Tozalash Tizimlari\" href=\"\/uz\/hizmetlerimiz\/mbbr-atiksu-aritma-sistemleri\/\" aria-label=\"MBBR Oqava Suvlarni Tozalash Tizimlari\"><\/a><\/div><div class=\"wpb_text_column\"><div class=\"wpb_wrapper\"><p>MBBR bilan biz tozalash inshootiga past bo'sh joy talablarini, yuqori tozalash samaradorligini va tezkor quvvatni oshirishni taklif qilamiz.<\/p>\n<\/div><\/div><div class=\"w-btn-wrapper width_full\"><a class=\"w-btn us-btn-style_6 icon_atleft\" title=\"Paketli Oqava Suvlarni Tozalash Tizimlari\" href=\"\/uz\/hizmetlerimiz\/mbbr-atiksu-aritma-sistemleri\/\"><i class=\"fas fa-info-square\"><\/i><span class=\"w-btn-label\">TAFS\u0130LOT ...<\/span><\/a><\/div><div class=\"w-separator size_small\"><\/div><div class=\"w-ibanner us_custom_657b9349 animation_phorcys ratio_3x2 easing_ease\"><div class=\"w-ibanner-h\"><div class=\"w-ibanner-image\" style=\"background-image: url(https:\/\/www.anmeksan.com\/wp-content\/uploads\/2022\/05\/periyodikanmeksan.jpg)\"><\/div><div class=\"w-ibanner-content\"><div class=\"w-ibanner-content-h\"><h3 class=\"w-ibanner-title\">PER\u0130YOD\u0130K KONTROL &amp; \u0130\u015eLETME H\u0130ZMETLER\u0130<\/h3><div class=\"w-ibanner-desc\"><p>Vaqti-vaqti bilan oqava suvlarni tozalash inshootlarini nazorat qilish va tozalash inshootlarini ishlatish.<\/p>\n<\/div><\/div><\/div><\/div><a title=\"DAVRIYLIK NAZORAT VA FOYDALANISH XIZMATLARI\" href=\"\/uz\/hizmetlerimiz\/periyodik-kontrol-hizmetleri\/\" aria-label=\"DAVRIYLIK NAZORAT VA FOYDALANISH XIZMATLARI\"><\/a><\/div><div class=\"wpb_text_column\"><div class=\"wpb_wrapper\"><p>Chiqindilarni tozalash inshootlarini muammosiz va mos tushirish standartlarini ta'minlash uchun sotuvdan keyingi xizmatlarimiz.<\/p>\n<\/div><\/div><div class=\"w-btn-wrapper width_full\"><a class=\"w-btn us-btn-style_6 icon_atleft\" title=\"Paketli Oqava Suvlarni Tozalash Tizimlari\" href=\"\/uz\/hizmetlerimiz\/periyodik-kontrol-hizmetleri\/\"><i class=\"fas fa-info-square\"><\/i><span class=\"w-btn-label\">TAFS\u0130LOT ...<\/span><\/a><\/div><\/div><\/div><div class=\"wpb_column vc_column_container\"><div class=\"vc_column-inner\"><div class=\"w-ibanner us_custom_657b9349 animation_phorcys ratio_3x2 easing_ease\"><div class=\"w-ibanner-h\"><div class=\"w-ibanner-image\" style=\"background-image: url(https:\/\/www.anmeksan.com\/wp-content\/uploads\/2022\/05\/kimyasalaritma-1024x768.jpg)\"><\/div><div class=\"w-ibanner-content\"><div class=\"w-ibanner-content-h\"><h3 class=\"w-ibanner-title\">KIMYOVIY CHINQAT SUVLARNI TOZLASH TIZIMLARI<\/h3><div class=\"w-ibanner-desc\"><p>So'yishxona oqava suvlarini tozalash, tovuq go'shti so'yish, sut va mevalarni qayta ishlash va sanoat jarayonlari<\/p>\n<\/div><\/div><\/div><\/div><a title=\"Sanoat Oqava Suvlarini Tozalash \u0130nshootlari\" href=\"\/uz\/hizmetlerimiz\/endustriyel-atiksu-aritma-tesisleri\/\" aria-label=\"KIMYOVIY CHINQAT SUVLARNI TOZLASH TIZIMLARI\"><\/a><\/div><div class=\"wpb_text_column\"><div class=\"wpb_wrapper\"><p>Biz so'yxonalar, sut korxonalari, to'qimachilik sanoati va boshqa sanoat sohalarida oqova suvlarni tozalash bo'yicha sizning ishonchli hamkoringiz bo'lib qolamiz.<\/p>\n<\/div><\/div><div class=\"w-btn-wrapper width_full\"><a class=\"w-btn us-btn-style_6 icon_atleft\" title=\"Paketli Oqava Suvlarni Tozalash Tizimlari\" href=\"\/uz\/hizmetlerimiz\/endustriyel-atiksu-aritma-tesisleri\/\"><i class=\"fas fa-info-square\"><\/i><span class=\"w-btn-label\">TAFS\u0130LOT ...<\/span><\/a><\/div><div class=\"w-separator size_small\"><\/div><div class=\"w-ibanner us_custom_657b9349 animation_phorcys ratio_3x2 easing_ease\"><div class=\"w-ibanner-h\"><div class=\"w-ibanner-image\" style=\"background-image: url(https:\/\/www.anmeksan.com\/wp-content\/uploads\/2022\/05\/gerikazanimsistemleri.png)\"><\/div><div class=\"w-ibanner-content\"><div class=\"w-ibanner-content-h\"><h3 class=\"w-ibanner-title\">Chiqindilarni Qayta Tiklash Tizimlari<\/h3><div class=\"w-ibanner-desc\"><p>Chiqindilarni qayta tiklash tizimlari, Qum va uglerod filtrlash tizimlari<\/p>\n<\/div><\/div><\/div><\/div><a title=\"Chiqindilarni Qayta Tiklash Tizimlari\" href=\"\/uz\/hizmetlerimiz\/atiksu-geri-kazanim-sistemleri\/\" aria-label=\"Chiqindilarni Qayta Tiklash Tizimlari\"><\/a><\/div><div class=\"wpb_text_column\"><div class=\"wpb_wrapper\"><p>Chiqindilarni qayta ishlash va ultrafiltratsiya tizimlari bilan jarayonlaringizda oqava suvdan foydalanish sifatini his eting.<\/p>\n<\/div><\/div><div class=\"w-btn-wrapper width_full\"><a class=\"w-btn us-btn-style_6 icon_atleft\" title=\"Paketli Oqava Suvlarni Tozalash Tizimlari\" href=\"\/uz\/hizmetlerimiz\/atiksu-geri-kazanim-sistemleri\/\"><i class=\"fas fa-info-square\"><\/i><span class=\"w-btn-label\">TAFS\u0130LOT ...<\/span><\/a><\/div><div class=\"w-separator size_small\"><\/div><div class=\"w-ibanner us_custom_657b9349 animation_phorcys ratio_3x2 easing_ease\"><div class=\"w-ibanner-h\"><div class=\"w-ibanner-image\" style=\"background-image: url(https:\/\/www.anmeksan.com\/wp-content\/uploads\/2022\/05\/projeonay.png)\"><\/div><div class=\"w-ibanner-content\"><div class=\"w-ibanner-content-h\"><h3 class=\"w-ibanner-title\">LOYIHA XIZMATLARI<\/h3><div class=\"w-ibanner-desc\"><p>Kanalizatsiya SBR tozalash, biologik va kimyoviy tozalash inshootlari loyihasini tasdiqlash xizmatlari.<\/p>\n<\/div><\/div><\/div><\/div><a title=\"LOYIHA XIZMATLARI\" href=\"\/uz\/hizmetlerimiz\/proje-onay-hizmetleri\/\" aria-label=\"LOYIHA XIZMATLARI\"><\/a><\/div><div class=\"wpb_text_column\"><div class=\"wpb_wrapper\"><p>Chiqindilarni tozalash inshootlari, loyihani tasdiqlash fayllarini tayyorlash va tozalash inshootlari bo'yicha maslahat xizmatlari.<\/p>\n<\/div><\/div><div class=\"w-btn-wrapper width_full\"><a class=\"w-btn us-btn-style_6 icon_atleft\" title=\"Paketli Oqava Suvlarni Tozalash Tizimlari\" href=\"\/uz\/hizmetlerimiz\/proje-onay-hizmetleri\/\"><i class=\"fas fa-info-square\"><\/i><span class=\"w-btn-label\">TAFS\u0130LOT ...<\/span><\/a><\/div><\/div><\/div><\/div><\/div><\/section>","protected":false},"excerpt":{"rendered":"PAKET ATIKSU ARITMA S\u0130STEMLER\u0130BioPOWER Paket Ar\u0131tma ile 100-1000 Ki\u015fi Kapasiteli, H\u0131zl\u0131 ve Ekonomik \u00c7\u00f6z\u00fcmler. Evsel, Biyolojik ve Kimyasal Paket At\u0131ksu Ar\u0131tma Tesisleri ile h\u0131zl\u0131 ve ekonomik \u00e7\u00f6z\u00fcmler sunuyoruz. Fabrikam\u0131zda % 100 kaliteli \u00fcretim. DETAYLAR &#8230;MBR ATIKSU ARITMA S\u0130STEMLER\u0130MBR (Membran Bioreactor) Biyolojik ve end\u00fcstriyel ileri ar\u0131tma teknolojileri. Y\u00fcksek kapasiteli MBR at\u0131ksu ar\u0131tma sistemleri ile, y\u00fcksek ar\u0131tma...","protected":false},"author":1,"featured_media":0,"parent":0,"menu_order":0,"comment_status":"closed","ping_status":"closed","template":"","meta":{"footnotes":""},"class_list":["post-8553","page","type-page","status-publish","hentry"],"acf":[],"yoast_head":"<!-- This site is optimized with the Yoast SEO Premium plugin v18.7 (Yoast SEO v27.4) - https:\/\/yoast.com\/product\/yoast-seo-premium-wordpress\/ -->\n<title>Hizmetlerimiz - Anmeksan Ar\u0131tma A.\u015e<\/title>\n<meta name=\"description\" content=\"Hizmetlerimiz ve paket ar\u0131tma tesisleri, toki paket ar\u0131tma, at\u0131ksu mekanik ekipman imalatlar\u0131, samsun at\u0131ksu firmalar\u0131, giresun paket ar\u0131tma\" \/>\n<meta name=\"robots\" content=\"index, follow, max-snippet:-1, max-image-preview:large, max-video-preview:-1\" \/>\n<link rel=\"canonical\" href=\"https:\/\/www.anmeksan.com\/uz\/hizmetlerimiz\/\" \/>\n<meta property=\"og:locale\" content=\"uz_UZ\" \/>\n<meta property=\"og:type\" content=\"article\" \/>\n<meta property=\"og:title\" content=\"Hizmetlerimiz\" \/>\n<meta property=\"og:description\" content=\"Hizmetlerimiz ve paket ar\u0131tma tesisleri, toki paket ar\u0131tma, at\u0131ksu mekanik ekipman imalatlar\u0131, samsun at\u0131ksu firmalar\u0131, giresun paket ar\u0131tma\" \/>\n<meta property=\"og:url\" content=\"https:\/\/www.anmeksan.com\/uz\/hizmetlerimiz\/\" \/>\n<meta property=\"og:site_name\" content=\"Anmeksan Ar\u0131tma A.\u015e\" \/>\n<meta property=\"article:publisher\" content=\"https:\/\/www.facebook.com\/anmeksan.aritmaas\" \/>\n<meta property=\"article:modified_time\" content=\"2022-08-01T07:35:31+00:00\" \/>\n<meta name=\"twitter:card\" content=\"summary_large_image\" \/>\n<meta name=\"twitter:site\" content=\"@anmeksan\" \/>\n<meta name=\"twitter:label1\" content=\"Est. reading time\" \/>\n\t<meta name=\"twitter:data1\" content=\"3 daqiqa\" \/>\n<!-- \/ Yoast SEO Premium plugin. -->","yoast_head_json":{"title":"Bizning Xizmatlarimiz - Anmeksan Oqava Suvlarni Tozalash","description":"Bizning xizmatlarimiz va paketli tozalash inshootlari, SBR va STP kanalizatsiya tozalash, oqava suvlarni mexanik uskunalar ishlab chiqarish, Samsun oqava suv kompaniyalari, turkiya kanalizatsiya oqava suvlarini tozalash,","robots":{"index":"index","follow":"follow","max-snippet":"max-snippet:-1","max-image-preview":"max-image-preview:large","max-video-preview":"max-video-preview:-1"},"canonical":"https:\/\/www.anmeksan.com\/uz\/hizmetlerimiz\/","og_locale":"uz_UZ","og_type":"article","og_title":"Hizmetlerimiz","og_description":"Hizmetlerimiz ve paket ar\u0131tma tesisleri, toki paket ar\u0131tma, at\u0131ksu mekanik ekipman imalatlar\u0131, samsun at\u0131ksu firmalar\u0131, giresun paket ar\u0131tma","og_url":"https:\/\/www.anmeksan.com\/uz\/hizmetlerimiz\/","og_site_name":"Anmeksan Ar\u0131tma A.\u015e","article_publisher":"https:\/\/www.facebook.com\/anmeksan.aritmaas","article_modified_time":"2022-08-01T07:35:31+00:00","twitter_card":"summary_large_image","twitter_site":"@anmeksan","twitter_misc":{"Est. reading time":"3 daqiqa"},"schema":{"@context":"https:\/\/schema.org","@graph":[{"@type":"WebPage","@id":"https:\/\/www.anmeksan.com\/hizmetlerimiz\/","url":"https:\/\/www.anmeksan.com\/hizmetlerimiz\/","name":"Bizning Xizmatlarimiz - Anmeksan Oqava Suvlarni Tozalash","isPartOf":{"@id":"https:\/\/www.anmeksan.com\/#website"},"datePublished":"2022-04-26T17:43:53+00:00","dateModified":"2022-08-01T07:35:31+00:00","description":"Bizning xizmatlarimiz va paketli tozalash inshootlari, SBR va STP kanalizatsiya tozalash, oqava suvlarni mexanik uskunalar ishlab chiqarish, Samsun oqava suv kompaniyalari, turkiya kanalizatsiya oqava suvlarini tozalash,","breadcrumb":{"@id":"https:\/\/www.anmeksan.com\/hizmetlerimiz\/#breadcrumb"},"inLanguage":"uz-UZ","potentialAction":[{"@type":"ReadAction","target":["https:\/\/www.anmeksan.com\/hizmetlerimiz\/"]}]},{"@type":"BreadcrumbList","@id":"https:\/\/www.anmeksan.com\/hizmetlerimiz\/#breadcrumb","itemListElement":[{"@type":"ListItem","position":1,"name":"Ana Sayfa","item":"https:\/\/www.anmeksan.com\/"},{"@type":"ListItem","position":2,"name":"Hizmetlerimiz"}]},{"@type":"WebSite","@id":"https:\/\/www.anmeksan.com\/#website","url":"https:\/\/www.anmeksan.com\/","name":"Anmeksan Oqava Suvlarni Tozalash","description":"Paket Ar\u0131tma Sistemleri, MBR ve MBBR Ar\u0131tma","publisher":{"@id":"https:\/\/www.anmeksan.com\/#organization"},"potentialAction":[{"@type":"SearchAction","target":{"@type":"EntryPoint","urlTemplate":"https:\/\/www.anmeksan.com\/?s={search_term_string}"},"query-input":{"@type":"PropertyValueSpecification","valueRequired":true,"valueName":"search_term_string"}}],"inLanguage":"uz-UZ"},{"@type":"Organization","@id":"https:\/\/www.anmeksan.com\/#organization","name":"Anmeksan Oqava Suvlarni Tozalash","url":"https:\/\/www.anmeksan.com\/","logo":{"@type":"ImageObject","inLanguage":"uz-UZ","@id":"https:\/\/www.anmeksan.com\/#\/schema\/logo\/image\/","url":"https:\/\/www.anmeksan.com\/wp-content\/uploads\/2022\/04\/logo.svg","contentUrl":"https:\/\/www.anmeksan.com\/wp-content\/uploads\/2022\/04\/logo.svg","width":"1024","height":"1024","caption":"Anmeksan Ar\u0131tma A.\u015e"},"image":{"@id":"https:\/\/www.anmeksan.com\/#\/schema\/logo\/image\/"},"sameAs":["https:\/\/www.facebook.com\/anmeksan.aritmaas","https:\/\/x.com\/anmeksan"]}]}},"_links":{"self":[{"href":"https:\/\/www.anmeksan.com\/uz\/wp-json\/wp\/v2\/pages\/8553","targetHints":{"allow":["GET"]}}],"collection":[{"href":"https:\/\/www.anmeksan.com\/uz\/wp-json\/wp\/v2\/pages"}],"about":[{"href":"https:\/\/www.anmeksan.com\/uz\/wp-json\/wp\/v2\/types\/page"}],"author":[{"embeddable":true,"href":"https:\/\/www.anmeksan.com\/uz\/wp-json\/wp\/v2\/users\/1"}],"replies":[{"embeddable":true,"href":"https:\/\/www.anmeksan.com\/uz\/wp-json\/wp\/v2\/comments?post=8553"}],"version-history":[{"count":0,"href":"https:\/\/www.anmeksan.com\/uz\/wp-json\/wp\/v2\/pages\/8553\/revisions"}],"wp:attachment":[{"href":"https:\/\/www.anmeksan.com\/uz\/wp-json\/wp\/v2\/media?parent=8553"}],"curies":[{"name":"wp","href":"https:\/\/api.w.org\/{rel}","templated":true}]}}