{"id":9077,"date":"2022-04-30T14:56:53","date_gmt":"2022-04-30T14:56:53","guid":{"rendered":"https:\/\/anmeksan.com\/?page_id=9077"},"modified":"2022-05-15T13:00:31","modified_gmt":"2022-05-15T13:00:31","slug":"belgeler","status":"publish","type":"page","link":"https:\/\/www.anmeksan.com\/uz\/belgeler\/","title":{"rendered":"Hujjatlar"},"content":{"rendered":"<section class=\"l-section wpb_row height_large with_img\"><div class=\"l-section-img\" style=\"background-image: url(https:\/\/www.anmeksan.com\/wp-content\/uploads\/2022\/05\/projeler-anmeksan.jpg);\" data-img-width=\"1920\" data-img-height=\"600\"><\/div><div class=\"l-section-h i-cf\"><div class=\"g-cols vc_row via_grid cols_2-1 laptops-cols_inherit tablets-cols_inherit mobiles-cols_1 valign_top type_default stacking_default\"><div class=\"wpb_column vc_column_container\"><div class=\"vc_column-inner\"><h2 class=\"w-post-elm post_title us_custom_72b883da has_text_color align_left entry-title color_link_inherit\">Hujjatlar<\/h2><div class=\"w-html us_custom_16c70a5a has_text_color\"><span><span><a href=\"https:\/\/www.anmeksan.com\/uz\/\">Uy Sahifa<\/a><\/span><\/div><\/div><\/div><div class=\"wpb_column vc_column_container\"><div class=\"vc_column-inner\"><div class=\"w-image align_none\"><div class=\"w-image-h\"><img width=\"150\" height=\"50\" src=\"https:\/\/www.anmeksan.com\/wp-content\/uploads\/2022\/04\/anmeksan-kalite-iso.png\" class=\"attachment-full size-full\" alt=\"Anmeksan Kalite\" decoding=\"async\" \/><\/div><\/div><div class=\"w-separator size_custom\" style=\"height:3px\"><\/div><div class=\"w-image align_none\"><div class=\"w-image-h\"><img width=\"871\" height=\"160\" src=\"https:\/\/www.anmeksan.com\/wp-content\/uploads\/2014\/09\/turkey-anmeksan.png\" class=\"attachment-full size-full\" alt=\"Turkey Anmeksan\" decoding=\"async\" srcset=\"https:\/\/www.anmeksan.com\/wp-content\/uploads\/2014\/09\/turkey-anmeksan.png 871w, https:\/\/www.anmeksan.com\/wp-content\/uploads\/2014\/09\/turkey-anmeksan-300x55.png 300w, https:\/\/www.anmeksan.com\/wp-content\/uploads\/2014\/09\/turkey-anmeksan-200x37.png 200w\" sizes=\"(max-width: 871px) 100vw, 871px\" \/><\/div><\/div><\/div><\/div><\/div><\/div><\/section><section class=\"l-section wpb_row height_small\"><div class=\"l-section-h i-cf\"><div class=\"g-cols vc_row via_grid cols_1-3 laptops-cols_inherit tablets-cols_inherit mobiles-cols_1 valign_top type_default stacking_default\"><div class=\"wpb_column vc_column_container\"><div class=\"vc_column-inner\"><div class=\"w-menu layout_ver style_blocks us_menu_1\" style=\"--main-gap:5px;--main-ver-indent:0.8em;--main-hor-indent:0.8em;\"><ul id=\"menu-sol-ana-menu\" class=\"menu\"><li id=\"menu-item-8332\" class=\"menu-item menu-item-type-post_type menu-item-object-page menu-item-home menu-item-8332\"><a href=\"https:\/\/www.anmeksan.com\/uz\/\"><i class=\"_mi _before dashicons dashicons-arrow-right-alt2\" aria-hidden=\"true\"><\/i><span>Uy Sahifa<\/span><\/a><\/li><li id=\"menu-item-8557\" class=\"menu-item menu-item-type-post_type menu-item-object-page menu-item-8557\"><a href=\"https:\/\/www.anmeksan.com\/uz\/xizmatlar\/\"><i class=\"_mi _before dashicons dashicons-arrow-right-alt2\" aria-hidden=\"true\"><\/i><span>Bizning Xizmatlarimiz<\/span><\/a><\/li><li id=\"menu-item-8333\" class=\"menu-item menu-item-type-post_type menu-item-object-page menu-item-8333\"><a href=\"https:\/\/www.anmeksan.com\/uz\/projeler\/\"><i class=\"_mi _before dashicons dashicons-arrow-right-alt2\" aria-hidden=\"true\"><\/i><span>Loyihalar<\/span><\/a><\/li><li id=\"menu-item-8911\" class=\"menu-item menu-item-type-taxonomy menu-item-object-category menu-item-8911\"><a href=\"https:\/\/www.anmeksan.com\/uz\/category\/haberler\/\"><i class=\"_mi _before dashicons dashicons-arrow-right-alt2\" aria-hidden=\"true\"><\/i><span>Yangiliklar<\/span><\/a><\/li><li id=\"menu-item-8912\" class=\"menu-item menu-item-type-post_type menu-item-object-page menu-item-8912\"><a href=\"https:\/\/www.anmeksan.com\/uz\/blog\/\"><i class=\"_mi _before dashicons dashicons-arrow-right-alt2\" aria-hidden=\"true\"><\/i><span>Blog<\/span><\/a><\/li><li id=\"menu-item-8338\" class=\"menu-item menu-item-type-post_type menu-item-object-page menu-item-8338\"><a href=\"https:\/\/www.anmeksan.com\/uz\/iletisim\/\"><i class=\"_mi _before dashicons dashicons-arrow-right-alt2\" aria-hidden=\"true\"><\/i><span>Aloqa<\/span><\/a><\/li><\/ul><style>.us_menu_1 .menu>li>a{background:#e8e8e8}.us_menu_1 .menu>li>a{color:#002f66}.us_menu_1 .menu>.menu-item:not(.current-menu-item)>a:hover{background:#002f66}.us_menu_1 .menu>.menu-item:not(.current-menu-item)>a:hover{color:#ffffff}.us_menu_1 .menu>.current-menu-item>a{background:#00b032}.us_menu_1 .menu>.current-menu-item>a{color:#ffffff}@media ( max-width:600px ){.us_menu_1 .menu{display:block!important}.us_menu_1 .menu>li{margin:0 0 var(--main-gap,5px)!important}}<\/style><\/div><div class=\"w-separator size_custom\" style=\"height:10px\"><\/div><h3 style=\"text-align: left;font-family:Roboto;font-weight:500;font-style:normal\" class=\"vc_custom_heading us_custom_16c70a5a\" >ANMEKSAN IN THE WORLD !<\/h3><div class=\"w-separator size_custom\" style=\"height:10px\"><\/div><\/div><\/div><div class=\"wpb_column vc_column_container\"><div class=\"vc_column-inner\"><h1 style=\"text-align: left;font-family:Roboto;font-weight:500;font-style:normal\" class=\"vc_custom_heading us_custom_16c70a5a\" >ISO \/ EYS BELGELER<\/h1><div class=\"g-cols wpb_row via_grid cols_3 laptops-cols_inherit tablets-cols_inherit mobiles-cols_1 valign_top type_default stacking_default\"><div class=\"wpb_column vc_column_container\"><div class=\"vc_column-inner\"><div class=\"w-image us_custom_ee824599 align_none\"><a href=\"https:\/\/www.anmeksan.com\/wp-content\/uploads\/2022\/05\/9001.png\" ref=\"magnificPopup\" aria-label=\"Link\" class=\"w-image-h\"><img width=\"500\" height=\"700\" src=\"https:\/\/www.anmeksan.com\/wp-content\/uploads\/2022\/05\/9001.png\" class=\"attachment-full size-full\" alt=\"9001\" decoding=\"async\" srcset=\"https:\/\/www.anmeksan.com\/wp-content\/uploads\/2022\/05\/9001.png 500w, https:\/\/www.anmeksan.com\/wp-content\/uploads\/2022\/05\/9001-214x300.png 214w, https:\/\/www.anmeksan.com\/wp-content\/uploads\/2022\/05\/9001-143x200.png 143w, https:\/\/www.anmeksan.com\/wp-content\/uploads\/2022\/05\/9001-71x100.png 71w\" sizes=\"(max-width: 500px) 100vw, 500px\" \/><\/a><\/div><\/div><\/div><div class=\"wpb_column vc_column_container\"><div class=\"vc_column-inner\"><div class=\"w-image us_custom_ee824599 align_none\"><a href=\"https:\/\/www.anmeksan.com\/wp-content\/uploads\/2022\/05\/14001.png\" ref=\"magnificPopup\" aria-label=\"Link\" class=\"w-image-h\"><img width=\"500\" height=\"700\" src=\"https:\/\/www.anmeksan.com\/wp-content\/uploads\/2022\/05\/14001.png\" class=\"attachment-full size-full\" alt=\"14001\" decoding=\"async\" srcset=\"https:\/\/www.anmeksan.com\/wp-content\/uploads\/2022\/05\/14001.png 500w, https:\/\/www.anmeksan.com\/wp-content\/uploads\/2022\/05\/14001-214x300.png 214w, https:\/\/www.anmeksan.com\/wp-content\/uploads\/2022\/05\/14001-143x200.png 143w, https:\/\/www.anmeksan.com\/wp-content\/uploads\/2022\/05\/14001-71x100.png 71w\" sizes=\"(max-width: 500px) 100vw, 500px\" \/><\/a><\/div><\/div><\/div><div class=\"wpb_column vc_column_container\"><div class=\"vc_column-inner\"><div class=\"w-image us_custom_ee824599 align_none\"><a href=\"https:\/\/www.anmeksan.com\/wp-content\/uploads\/2022\/05\/45001.png\" ref=\"magnificPopup\" aria-label=\"Link\" class=\"w-image-h\"><img width=\"500\" height=\"700\" src=\"https:\/\/www.anmeksan.com\/wp-content\/uploads\/2022\/05\/45001.png\" class=\"attachment-full size-full\" alt=\"45001\" decoding=\"async\" srcset=\"https:\/\/www.anmeksan.com\/wp-content\/uploads\/2022\/05\/45001.png 500w, https:\/\/www.anmeksan.com\/wp-content\/uploads\/2022\/05\/45001-214x300.png 214w, https:\/\/www.anmeksan.com\/wp-content\/uploads\/2022\/05\/45001-143x200.png 143w, https:\/\/www.anmeksan.com\/wp-content\/uploads\/2022\/05\/45001-71x100.png 71w\" sizes=\"(max-width: 500px) 100vw, 500px\" \/><\/a><\/div><\/div><\/div><\/div><\/div><\/div><\/div><\/div><\/section>","protected":false},"excerpt":{"rendered":"BelgelerAna SayfaAna SayfaHizmetlerimizProjelerHaberlerBlog\u0130leti\u015fimANMEKSAN IN THE WORLD !ISO \/ EYS BELGELER","protected":false},"author":1,"featured_media":0,"parent":0,"menu_order":0,"comment_status":"closed","ping_status":"closed","template":"","meta":{"inline_featured_image":false},"acf":[],"yoast_head":"<!-- This site is optimized with the Yoast SEO Premium plugin v18.7 (Yoast SEO v19.4) - https:\/\/yoast.com\/wordpress\/plugins\/seo\/ -->\n<title>Belgeler - Anmeksan Ar\u0131tma A.\u015e<\/title>\n<meta name=\"description\" content=\"Belgeler ve Ar\u0131tma tesisi imalat d\u00f6k\u00fcmanlar\u0131, paket ar\u0131tma \u015fartnameleri, 1000 ki\u015filik paket ar\u0131tma fiyat\u0131, paket ar\u0131tma fiyatlar\u0131,\" \/>\n<meta name=\"robots\" content=\"index, follow, max-snippet:-1, max-image-preview:large, max-video-preview:-1\" \/>\n<link rel=\"canonical\" href=\"https:\/\/www.anmeksan.com\/uz\/belgeler\/\" \/>\n<meta property=\"og:locale\" content=\"uz_UZ\" \/>\n<meta property=\"og:type\" content=\"article\" \/>\n<meta property=\"og:title\" content=\"Belgeler\" \/>\n<meta property=\"og:description\" content=\"Belgeler ve Ar\u0131tma tesisi imalat d\u00f6k\u00fcmanlar\u0131, paket ar\u0131tma \u015fartnameleri, 1000 ki\u015filik paket ar\u0131tma fiyat\u0131, paket ar\u0131tma fiyatlar\u0131,\" \/>\n<meta property=\"og:url\" content=\"https:\/\/www.anmeksan.com\/uz\/belgeler\/\" \/>\n<meta property=\"og:site_name\" content=\"Anmeksan Ar\u0131tma A.\u015e\" \/>\n<meta property=\"article:publisher\" content=\"https:\/\/www.facebook.com\/anmeksan.aritmaas\" \/>\n<meta property=\"article:modified_time\" content=\"2022-05-15T13:00:31+00:00\" \/>\n<meta name=\"twitter:card\" content=\"summary_large_image\" \/>\n<meta name=\"twitter:site\" content=\"@anmeksan\" \/>\n<meta name=\"twitter:label1\" content=\"Est. reading time\" \/>\n\t<meta name=\"twitter:data1\" content=\"2 daqiqa\" \/>\n<!-- \/ Yoast SEO Premium plugin. -->","yoast_head_json":{"title":"Belgeler - Anmeksan Ar\u0131tma A.\u015e","description":"Belgeler ve Ar\u0131tma tesisi imalat d\u00f6k\u00fcmanlar\u0131, paket ar\u0131tma \u015fartnameleri, 1000 ki\u015filik paket ar\u0131tma fiyat\u0131, paket ar\u0131tma fiyatlar\u0131,","robots":{"index":"index","follow":"follow","max-snippet":"max-snippet:-1","max-image-preview":"max-image-preview:large","max-video-preview":"max-video-preview:-1"},"canonical":"https:\/\/www.anmeksan.com\/uz\/belgeler\/","og_locale":"uz_UZ","og_type":"article","og_title":"Belgeler","og_description":"Belgeler ve Ar\u0131tma tesisi imalat d\u00f6k\u00fcmanlar\u0131, paket ar\u0131tma \u015fartnameleri, 1000 ki\u015filik paket ar\u0131tma fiyat\u0131, paket ar\u0131tma fiyatlar\u0131,","og_url":"https:\/\/www.anmeksan.com\/uz\/belgeler\/","og_site_name":"Anmeksan Ar\u0131tma A.\u015e","article_publisher":"https:\/\/www.facebook.com\/anmeksan.aritmaas","article_modified_time":"2022-05-15T13:00:31+00:00","twitter_card":"summary_large_image","twitter_site":"@anmeksan","twitter_misc":{"Est. reading time":"2 daqiqa"},"schema":{"@context":"https:\/\/schema.org","@graph":[{"@type":"Organization","@id":"https:\/\/www.anmeksan.com\/#organization","name":"Anmeksan Ar\u0131tma A.\u015e","url":"https:\/\/www.anmeksan.com\/","sameAs":["https:\/\/www.facebook.com\/anmeksan.aritmaas","https:\/\/twitter.com\/anmeksan"],"logo":{"@type":"ImageObject","inLanguage":"uz-UZ","@id":"https:\/\/www.anmeksan.com\/#\/schema\/logo\/image\/","url":"https:\/\/www.anmeksan.com\/wp-content\/uploads\/2022\/04\/logo.svg","contentUrl":"https:\/\/www.anmeksan.com\/wp-content\/uploads\/2022\/04\/logo.svg","width":"1024","height":"1024","caption":"Anmeksan Ar\u0131tma A.\u015e"},"image":{"@id":"https:\/\/www.anmeksan.com\/#\/schema\/logo\/image\/"}},{"@type":"WebSite","@id":"https:\/\/www.anmeksan.com\/#website","url":"https:\/\/www.anmeksan.com\/","name":"Anmeksan Ar\u0131tma A.\u015e","description":"Paket Ar\u0131tma Sistemleri, MBR ve MBBR Ar\u0131tma","publisher":{"@id":"https:\/\/www.anmeksan.com\/#organization"},"potentialAction":[{"@type":"SearchAction","target":{"@type":"EntryPoint","urlTemplate":"https:\/\/www.anmeksan.com\/?s={search_term_string}"},"query-input":"required name=search_term_string"}],"inLanguage":"uz-UZ"},{"@type":"WebPage","@id":"https:\/\/www.anmeksan.com\/belgeler\/","url":"https:\/\/www.anmeksan.com\/belgeler\/","name":"Belgeler - Anmeksan Ar\u0131tma A.\u015e","isPartOf":{"@id":"https:\/\/www.anmeksan.com\/#website"},"datePublished":"2022-04-30T14:56:53+00:00","dateModified":"2022-05-15T13:00:31+00:00","description":"Belgeler ve Ar\u0131tma tesisi imalat d\u00f6k\u00fcmanlar\u0131, paket ar\u0131tma \u015fartnameleri, 1000 ki\u015filik paket ar\u0131tma fiyat\u0131, paket ar\u0131tma fiyatlar\u0131,","breadcrumb":{"@id":"https:\/\/www.anmeksan.com\/belgeler\/#breadcrumb"},"inLanguage":"uz-UZ","potentialAction":[{"@type":"ReadAction","target":["https:\/\/www.anmeksan.com\/belgeler\/"]}]},{"@type":"BreadcrumbList","@id":"https:\/\/www.anmeksan.com\/belgeler\/#breadcrumb","itemListElement":[{"@type":"ListItem","position":1,"name":"Ana Sayfa","item":"https:\/\/www.anmeksan.com\/"},{"@type":"ListItem","position":2,"name":"Belgeler"}]}]}},"_links":{"self":[{"href":"https:\/\/www.anmeksan.com\/uz\/wp-json\/wp\/v2\/pages\/9077"}],"collection":[{"href":"https:\/\/www.anmeksan.com\/uz\/wp-json\/wp\/v2\/pages"}],"about":[{"href":"https:\/\/www.anmeksan.com\/uz\/wp-json\/wp\/v2\/types\/page"}],"author":[{"embeddable":true,"href":"https:\/\/www.anmeksan.com\/uz\/wp-json\/wp\/v2\/users\/1"}],"replies":[{"embeddable":true,"href":"https:\/\/www.anmeksan.com\/uz\/wp-json\/wp\/v2\/comments?post=9077"}],"version-history":[{"count":0,"href":"https:\/\/www.anmeksan.com\/uz\/wp-json\/wp\/v2\/pages\/9077\/revisions"}],"wp:attachment":[{"href":"https:\/\/www.anmeksan.com\/uz\/wp-json\/wp\/v2\/media?parent=9077"}],"curies":[{"name":"wp","href":"https:\/\/api.w.org\/{rel}","templated":true}]}}